{"id":9970,"date":"2021-09-23T18:43:29","date_gmt":"2021-09-23T16:43:29","guid":{"rendered":"https:\/\/bolting.eu\/?post_type=product&#038;p=9970"},"modified":"2023-09-27T15:07:03","modified_gmt":"2023-09-27T13:07:03","slug":"grosspackung-kletterchalk-2kg","status":"publish","type":"product","link":"https:\/\/bolting.eu\/en\/shop\/grosspackung-kletterchalk-2kg\/","title":{"rendered":"Gro\u00dfpackung Kletterchalk 2kg"},"content":{"rendered":"<p>Unsere Gro\u00dfpackung Kletterchalk ist von Ocun und wiegt ganze 2kg. Folglich ist diese Kilopackung Chalk etwas f\u00fcr &#8220;Gro\u00dfverbraucher&#8221;.<\/p>\n<p>\u00dcber den Sinn oder Unsinn solch gro\u00dfer Mengen k\u00f6nnte man lange diskutieren. Aber viele von uns Kletterern wollen einfach ihren ordentlichen Vorrat Kletterchalk zuhause haben.<\/p>\n<p>Zum einen entf\u00e4llt durch die Gro\u00dfpackung Kletterchalk das l\u00e4stige Nachkaufen. Und zum anderen ist garantiert, dass man immer das selbe Chalk zuhause hat. Deswegen macht eine Kilopackung Chalk durchaus Sinn.<\/p>\n<p>Sei wie es sei. Wenn du eine richtig fette Menge Kletterchalk in einer Packung suchst, dann bist du hier richtig!<\/p>\n<h3>Eigenschaften Gro\u00dfpackung Kletterchalk<\/h3>\n<ul>\n<li>Hersteller:\u00a0<a href=\"https:\/\/bolting.eu\/produkt-kategorie\/ocun\/\">Ocun<\/a><\/li>\n<li>Inhalt: Magnesium Hydroxid Carbonat<\/li>\n<li>Gewicht: 2 Kilo<\/li>\n<li>in wiederverschlie\u00dfbarem Plastikbeutel<\/li>\n<li>Konsistenz: &#8220;crushed Chalk&#8221; &#8211; Br\u00f6ckchen und feines Chalk gemischt<\/li>\n<li>reicht f\u00fcr viele, viele Monate<\/li>\n<li>ideal f\u00fcr Boulderkeller, Gruppenreisen,&#8230;<\/li>\n<li>trocken lagern<\/li>\n<\/ul>\n<h3>F\u00fcr Boulderkeller, Gymnastikgruppen,&#8230;<\/h3>\n<p>Bei dieser Menge Kletterchalk ist klar. Eine solche Gro\u00dfpackung Kletterchalk ist eher etwas f\u00fcr Gro\u00dfverbraucher. D.h. entweder geh\u00f6rt ihr zu den wenigen gl\u00fccklichen Kletterern die nur unterwegs sind. Oder ihr habt z.B. einen Boulderkeller gemeinsam mit Freunden oder betreut eine Klettergruppe.<\/p>\n<p>Dar\u00fcber hinaus bestellen bei uns auch einige Turnvereine und Gymnastikgruppen diese Kilopackung Chalk. Kein Wunder, reicht sie doch f\u00fcr einen ganzen Verein und einige Monate aus!<\/p>\n<h3>Crushed Chalk &#8211; ideale Konsistenz<\/h3>\n<p>Diese Gro\u00dfpackung Kletterchalk von Ocon enth\u00e4lt &#8220;Crushed Chalk&#8221;. D.h. grob gebrochenes Magnesium mit ca. gleichen Anteilen an feinem Pulver und br\u00f6ckeligen St\u00fcckchen.<\/p>\n<p>Somit hat man ein richtiggehendes &#8220;Universal Chalk&#8221;. Oder besser ausgedr\u00fcckt. Es ist sowohl zum Sportklettern als auch zum Bouldern gleich gut geeignet. Das Pulver verschlie\u00dft die feinen Poren. Die Br\u00f6ckchen sind gut zum &#8220;zerquetschen&#8221; und f\u00fcr Tick Marks ( mit <a href=\"https:\/\/bolting.eu\/produkt-kategorie\/boulder-ausruestung\/boulderbuersten\/\">Boulderb\u00fcrste<\/a> wieder entfernen!)<\/p>\n<h3>Gro\u00dfpackung Kletterchalk &#8211; Praxis Tipp<\/h3>\n<p>Verwendet zum Herausnehmen aus dem Plastikbeutel am besten einen Kunststoffbecher mit Henkel. So l\u00e4sst sich die Menge perfekt dosieren und ihr k\u00f6nnt das Magnesium sch\u00f6n in euer <a href=\"https:\/\/bolting.eu\/produkt-kategorie\/kletterausruestung\/chalkbag\/\">Chalkbag<\/a> f\u00fcllen.<\/p>\n<p>Alternativ k\u00f6nnt ihr auch eine kleine Sandkisten Schaufel verwenden. Aber nicht vom Spielplatz stehlen, gell \ud83d\ude09<\/p>\n<h3>Unser Gruppenreisen Tipp<\/h3>\n<p>Du betreust eine Klettergruppe? Dann solltest du dir vielleicht unseren Reisetipp durch den Kopf gehen lassen. Denn beim <a href=\"https:\/\/maltatal.rocks\/\" target=\"_blank\" rel=\"noopener\">Klettern im Maltatal<\/a> finden gro\u00dfe Gruppen ideale Voraussetzungen f\u00fcr einen tollen Urlaub.<\/p>\n<p>Unz\u00e4hlige Kletter- und Bouldergebiete warten auf euch, genauso wie der Millst\u00e4ttersee in unmittelbarer N\u00e4he. Zudem haben wir auch den <a href=\"https:\/\/bolting.eu\/shop\/maltatal-kletterfuehrer\/\">Maltatal Kletterf\u00fchrer<\/a> f\u00fcr euch im Programm.<\/p>\n","protected":false},"excerpt":{"rendered":"<ul>\n<li>Inhalt: Magnesium Hydroxid Carbonat<\/li>\n<li>Gewicht: 2 Kilo<\/li>\n<li>in wiederverschlie\u00dfbarem Plastikbeutel<\/li>\n<li>Konsistenz: &#8220;crushed Chalk&#8221; &#8211; Br\u00f6ckchen und feines Chalk gemischt<\/li>\n<li>reicht f\u00fcr viele, viele Monate<\/li>\n<li>ideal f\u00fcr Boulderkeller, Gymnastik- oder Turngruppen<\/li>\n<li>trocken lagern<\/li>\n<\/ul>\n","protected":false},"featured_media":9972,"comment_status":"open","ping_status":"closed","template":"","meta":[],"product_brand":[],"product_cat":[29,5007,12383],"product_tag":[],"class_list":{"0":"post-9970","1":"product","2":"type-product","3":"status-publish","4":"has-post-thumbnail","6":"product_cat-kletterausruestung","7":"product_cat-chalk-klettern","8":"product_cat-ocun","10":"first","11":"instock","12":"taxable","13":"shipping-taxable","14":"purchasable","15":"product-type-simple"},"yoast_head":"<!-- This site is optimized with the Yoast SEO Premium plugin v26.9 (Yoast SEO v26.9) - https:\/\/yoast.com\/product\/yoast-seo-premium-wordpress\/ -->\n<title>Gro\u00dfpackung Kletterchalk - 2 Kilopackung Chalk kaufen | bolting.eu<\/title>\n<meta name=\"description\" content=\"Hier findest Du eine Gro\u00dfpackung Kletterchalk. Unsere 2 Kilopackung Chalk versorgt dich monatelang mit Nachschub beim Klettern &amp; Bouldern!\" \/>\n<meta name=\"robots\" content=\"index, follow, max-snippet:-1, max-image-preview:large, max-video-preview:-1\" \/>\n<link rel=\"canonical\" href=\"https:\/\/bolting.eu\/en\/shop\/grosspackung-kletterchalk-2kg\/\" \/>\n<meta property=\"og:locale\" content=\"en_US\" \/>\n<meta property=\"og:type\" content=\"article\" \/>\n<meta property=\"og:title\" content=\"Gro\u00dfpackung Kletterchalk 2kg\" \/>\n<meta property=\"og:description\" content=\"Hier findest Du eine Gro\u00dfpackung Kletterchalk. Unsere 2 Kilopackung Chalk versorgt dich monatelang mit Nachschub beim Klettern &amp; Bouldern!\" \/>\n<meta property=\"og:url\" content=\"https:\/\/bolting.eu\/en\/shop\/grosspackung-kletterchalk-2kg\/\" \/>\n<meta property=\"og:site_name\" content=\"bolting.eu\" \/>\n<meta property=\"article:publisher\" content=\"https:\/\/www.facebook.com\/bolting.eu\" \/>\n<meta property=\"article:modified_time\" content=\"2023-09-27T13:07:03+00:00\" \/>\n<meta property=\"og:image\" content=\"https:\/\/bolting.eu\/wp-content\/uploads\/2021\/09\/Grosspackung-Kletterchalk.jpg\" \/>\n\t<meta property=\"og:image:width\" content=\"700\" \/>\n\t<meta property=\"og:image:height\" content=\"700\" \/>\n\t<meta property=\"og:image:type\" content=\"image\/jpeg\" \/>\n<meta name=\"twitter:card\" content=\"summary_large_image\" \/>\n<meta name=\"twitter:label1\" content=\"Price\" \/>\n\t<meta name=\"twitter:data1\" content=\"&euro;&nbsp;79,90\" \/>\n\t<meta name=\"twitter:label2\" content=\"Availability\" \/>\n\t<meta name=\"twitter:data2\" content=\"In stock\" \/>\n<script type=\"application\/ld+json\" class=\"yoast-schema-graph\">{\"@context\":\"https:\/\/schema.org\",\"@graph\":[{\"@type\":[\"WebPage\",\"ItemPage\"],\"@id\":\"https:\/\/bolting.eu\/en\/shop\/grosspackung-kletterchalk-2kg\/\",\"url\":\"https:\/\/bolting.eu\/en\/shop\/grosspackung-kletterchalk-2kg\/\",\"name\":\"Gro\u00dfpackung Kletterchalk - 2 Kilopackung Chalk kaufen | bolting.eu\",\"isPartOf\":{\"@id\":\"https:\/\/bolting.eu\/en\/#website\"},\"primaryImageOfPage\":{\"@id\":\"https:\/\/bolting.eu\/en\/shop\/grosspackung-kletterchalk-2kg\/#primaryimage\"},\"image\":{\"@id\":\"https:\/\/bolting.eu\/en\/shop\/grosspackung-kletterchalk-2kg\/#primaryimage\"},\"thumbnailUrl\":\"https:\/\/bolting.eu\/wp-content\/uploads\/2021\/09\/Grosspackung-Kletterchalk.jpg\",\"datePublished\":\"2021-09-23T16:43:29+00:00\",\"dateModified\":\"2023-09-27T13:07:03+00:00\",\"description\":\"Hier findest Du eine Gro\u00dfpackung Kletterchalk. Unsere 2 Kilopackung Chalk versorgt dich monatelang mit Nachschub beim Klettern & Bouldern!\",\"breadcrumb\":{\"@id\":\"https:\/\/bolting.eu\/en\/shop\/grosspackung-kletterchalk-2kg\/#breadcrumb\"},\"inLanguage\":\"en-US\",\"potentialAction\":[{\"@type\":\"ReadAction\",\"target\":[\"https:\/\/bolting.eu\/en\/shop\/grosspackung-kletterchalk-2kg\/\"]}]},{\"@type\":\"ImageObject\",\"inLanguage\":\"en-US\",\"@id\":\"https:\/\/bolting.eu\/en\/shop\/grosspackung-kletterchalk-2kg\/#primaryimage\",\"url\":\"https:\/\/bolting.eu\/wp-content\/uploads\/2021\/09\/Grosspackung-Kletterchalk.jpg\",\"contentUrl\":\"https:\/\/bolting.eu\/wp-content\/uploads\/2021\/09\/Grosspackung-Kletterchalk.jpg\",\"width\":700,\"height\":700,\"caption\":\"Das Bild zeigt eine 2kg Gro\u00dfpackung Kletterchalk in einem wei\u00df-roten Plastikbeutel.\"},{\"@type\":\"BreadcrumbList\",\"@id\":\"https:\/\/bolting.eu\/en\/shop\/grosspackung-kletterchalk-2kg\/#breadcrumb\",\"itemListElement\":[{\"@type\":\"ListItem\",\"position\":1,\"name\":\"Shop\",\"item\":\"https:\/\/bolting.eu\/en\/shop\/\"},{\"@type\":\"ListItem\",\"position\":2,\"name\":\"climbing equipment\",\"item\":\"https:\/\/bolting.eu\/en\/produkt-kategorie\/climbing-equipment\/\"},{\"@type\":\"ListItem\",\"position\":3,\"name\":\"Chalk Klettern\",\"item\":\"https:\/\/bolting.eu\/produkt-kategorie\/kletterausruestung\/chalk-klettern\/\"},{\"@type\":\"ListItem\",\"position\":4,\"name\":\"Gro\u00dfpackung Kletterchalk 2kg\"}]},{\"@type\":\"WebSite\",\"@id\":\"https:\/\/bolting.eu\/en\/#website\",\"url\":\"https:\/\/bolting.eu\/en\/\",\"name\":\"bolting.eu\",\"description\":\"we make climbs happen\",\"publisher\":{\"@id\":\"https:\/\/bolting.eu\/en\/#organization\"},\"potentialAction\":[{\"@type\":\"SearchAction\",\"target\":{\"@type\":\"EntryPoint\",\"urlTemplate\":\"https:\/\/bolting.eu\/en\/?s={search_term_string}\"},\"query-input\":{\"@type\":\"PropertyValueSpecification\",\"valueRequired\":true,\"valueName\":\"search_term_string\"}}],\"inLanguage\":\"en-US\"},{\"@type\":[\"Organization\",\"Place\",\"SportingGoodsStore\"],\"@id\":\"https:\/\/bolting.eu\/en\/#organization\",\"name\":\"bolting.eu\",\"url\":\"https:\/\/bolting.eu\/en\/\",\"logo\":{\"@id\":\"https:\/\/bolting.eu\/en\/shop\/grosspackung-kletterchalk-2kg\/#local-main-organization-logo\"},\"image\":{\"@id\":\"https:\/\/bolting.eu\/en\/shop\/grosspackung-kletterchalk-2kg\/#local-main-organization-logo\"},\"sameAs\":[\"https:\/\/www.facebook.com\/bolting.eu\",\"https:\/\/www.instagram.com\/bolting.eu\/\"],\"address\":{\"@id\":\"https:\/\/bolting.eu\/en\/shop\/grosspackung-kletterchalk-2kg\/#local-main-place-address\"},\"geo\":{\"@type\":\"GeoCoordinates\",\"latitude\":\"47.264176340396226\",\"longitude\":\"11.380109057672346\"},\"telephone\":[\"+43 699 19083372\"],\"openingHoursSpecification\":[{\"@type\":\"OpeningHoursSpecification\",\"dayOfWeek\":[\"Monday\",\"Wednesday\",\"Friday\"],\"opens\":\"14:00\",\"closes\":\"18:00\"},{\"@type\":\"OpeningHoursSpecification\",\"dayOfWeek\":[\"Tuesday\",\"Thursday\",\"Saturday\",\"Sunday\"],\"opens\":\"00:00\",\"closes\":\"00:00\"}],\"email\":\"office@bolting.eu\",\"vatID\":\"ATU59999728\",\"priceRange\":\"$$\",\"currenciesAccepted\":\"Euro\"},{\"@type\":\"PostalAddress\",\"@id\":\"https:\/\/bolting.eu\/en\/shop\/grosspackung-kletterchalk-2kg\/#local-main-place-address\",\"streetAddress\":\"Fischnalerstra\u00dfe 4\",\"addressLocality\":\"Innsbruck\",\"postalCode\":\"6020\",\"addressRegion\":\"Tirol\",\"addressCountry\":\"AT\"},{\"@type\":\"ImageObject\",\"inLanguage\":\"en-US\",\"@id\":\"https:\/\/bolting.eu\/en\/shop\/grosspackung-kletterchalk-2kg\/#local-main-organization-logo\",\"url\":\"https:\/\/bolting.eu\/wp-content\/uploads\/2019\/09\/bolting-logo.png\",\"contentUrl\":\"https:\/\/bolting.eu\/wp-content\/uploads\/2019\/09\/bolting-logo.png\",\"width\":400,\"height\":211,\"caption\":\"bolting.eu\"}]}<\/script>\n<meta property=\"product:price:amount\" content=\"79.90\" \/>\n<meta property=\"product:price:currency\" content=\"EUR\" \/>\n<meta property=\"og:availability\" content=\"instock\" \/>\n<meta property=\"product:availability\" content=\"instock\" \/>\n<meta property=\"product:retailer_item_id\" content=\"04613\" \/>\n<meta property=\"product:condition\" content=\"new\" \/>\n<meta name=\"geo.placename\" content=\"Innsbruck\" \/>\n<meta name=\"geo.position\" content=\"47.264176340396226;11.380109057672346\" \/>\n<meta name=\"geo.region\" content=\"Austria\" \/>\n<!-- \/ Yoast SEO Premium plugin. -->","yoast_head_json":{"title":"Gro\u00dfpackung Kletterchalk - 2 Kilopackung Chalk kaufen | bolting.eu","description":"Hier findest Du eine Gro\u00dfpackung Kletterchalk. Unsere 2 Kilopackung Chalk versorgt dich monatelang mit Nachschub beim Klettern & Bouldern!","robots":{"index":"index","follow":"follow","max-snippet":"max-snippet:-1","max-image-preview":"max-image-preview:large","max-video-preview":"max-video-preview:-1"},"canonical":"https:\/\/bolting.eu\/en\/shop\/grosspackung-kletterchalk-2kg\/","og_locale":"en_US","og_type":"article","og_title":"Gro\u00dfpackung Kletterchalk 2kg","og_description":"Hier findest Du eine Gro\u00dfpackung Kletterchalk. Unsere 2 Kilopackung Chalk versorgt dich monatelang mit Nachschub beim Klettern & Bouldern!","og_url":"https:\/\/bolting.eu\/en\/shop\/grosspackung-kletterchalk-2kg\/","og_site_name":"bolting.eu","article_publisher":"https:\/\/www.facebook.com\/bolting.eu","article_modified_time":"2023-09-27T13:07:03+00:00","og_image":[{"width":700,"height":700,"url":"https:\/\/bolting.eu\/wp-content\/uploads\/2021\/09\/Grosspackung-Kletterchalk.jpg","type":"image\/jpeg"}],"twitter_card":"summary_large_image","twitter_misc":{"Price":"&euro;&nbsp;79,90","Availability":"In stock"},"schema":{"@context":"https:\/\/schema.org","@graph":[{"@type":["WebPage","ItemPage"],"@id":"https:\/\/bolting.eu\/en\/shop\/grosspackung-kletterchalk-2kg\/","url":"https:\/\/bolting.eu\/en\/shop\/grosspackung-kletterchalk-2kg\/","name":"Gro\u00dfpackung Kletterchalk - 2 Kilopackung Chalk kaufen | bolting.eu","isPartOf":{"@id":"https:\/\/bolting.eu\/en\/#website"},"primaryImageOfPage":{"@id":"https:\/\/bolting.eu\/en\/shop\/grosspackung-kletterchalk-2kg\/#primaryimage"},"image":{"@id":"https:\/\/bolting.eu\/en\/shop\/grosspackung-kletterchalk-2kg\/#primaryimage"},"thumbnailUrl":"https:\/\/bolting.eu\/wp-content\/uploads\/2021\/09\/Grosspackung-Kletterchalk.jpg","datePublished":"2021-09-23T16:43:29+00:00","dateModified":"2023-09-27T13:07:03+00:00","description":"Hier findest Du eine Gro\u00dfpackung Kletterchalk. Unsere 2 Kilopackung Chalk versorgt dich monatelang mit Nachschub beim Klettern & Bouldern!","breadcrumb":{"@id":"https:\/\/bolting.eu\/en\/shop\/grosspackung-kletterchalk-2kg\/#breadcrumb"},"inLanguage":"en-US","potentialAction":[{"@type":"ReadAction","target":["https:\/\/bolting.eu\/en\/shop\/grosspackung-kletterchalk-2kg\/"]}]},{"@type":"ImageObject","inLanguage":"en-US","@id":"https:\/\/bolting.eu\/en\/shop\/grosspackung-kletterchalk-2kg\/#primaryimage","url":"https:\/\/bolting.eu\/wp-content\/uploads\/2021\/09\/Grosspackung-Kletterchalk.jpg","contentUrl":"https:\/\/bolting.eu\/wp-content\/uploads\/2021\/09\/Grosspackung-Kletterchalk.jpg","width":700,"height":700,"caption":"Das Bild zeigt eine 2kg Gro\u00dfpackung Kletterchalk in einem wei\u00df-roten Plastikbeutel."},{"@type":"BreadcrumbList","@id":"https:\/\/bolting.eu\/en\/shop\/grosspackung-kletterchalk-2kg\/#breadcrumb","itemListElement":[{"@type":"ListItem","position":1,"name":"Shop","item":"https:\/\/bolting.eu\/en\/shop\/"},{"@type":"ListItem","position":2,"name":"climbing equipment","item":"https:\/\/bolting.eu\/en\/produkt-kategorie\/climbing-equipment\/"},{"@type":"ListItem","position":3,"name":"Chalk Klettern","item":"https:\/\/bolting.eu\/produkt-kategorie\/kletterausruestung\/chalk-klettern\/"},{"@type":"ListItem","position":4,"name":"Gro\u00dfpackung Kletterchalk 2kg"}]},{"@type":"WebSite","@id":"https:\/\/bolting.eu\/en\/#website","url":"https:\/\/bolting.eu\/en\/","name":"bolting.eu","description":"we make climbs happen","publisher":{"@id":"https:\/\/bolting.eu\/en\/#organization"},"potentialAction":[{"@type":"SearchAction","target":{"@type":"EntryPoint","urlTemplate":"https:\/\/bolting.eu\/en\/?s={search_term_string}"},"query-input":{"@type":"PropertyValueSpecification","valueRequired":true,"valueName":"search_term_string"}}],"inLanguage":"en-US"},{"@type":["Organization","Place","SportingGoodsStore"],"@id":"https:\/\/bolting.eu\/en\/#organization","name":"bolting.eu","url":"https:\/\/bolting.eu\/en\/","logo":{"@id":"https:\/\/bolting.eu\/en\/shop\/grosspackung-kletterchalk-2kg\/#local-main-organization-logo"},"image":{"@id":"https:\/\/bolting.eu\/en\/shop\/grosspackung-kletterchalk-2kg\/#local-main-organization-logo"},"sameAs":["https:\/\/www.facebook.com\/bolting.eu","https:\/\/www.instagram.com\/bolting.eu\/"],"address":{"@id":"https:\/\/bolting.eu\/en\/shop\/grosspackung-kletterchalk-2kg\/#local-main-place-address"},"geo":{"@type":"GeoCoordinates","latitude":"47.264176340396226","longitude":"11.380109057672346"},"telephone":["+43 699 19083372"],"openingHoursSpecification":[{"@type":"OpeningHoursSpecification","dayOfWeek":["Monday","Wednesday","Friday"],"opens":"14:00","closes":"18:00"},{"@type":"OpeningHoursSpecification","dayOfWeek":["Tuesday","Thursday","Saturday","Sunday"],"opens":"00:00","closes":"00:00"}],"email":"office@bolting.eu","vatID":"ATU59999728","priceRange":"$$","currenciesAccepted":"Euro"},{"@type":"PostalAddress","@id":"https:\/\/bolting.eu\/en\/shop\/grosspackung-kletterchalk-2kg\/#local-main-place-address","streetAddress":"Fischnalerstra\u00dfe 4","addressLocality":"Innsbruck","postalCode":"6020","addressRegion":"Tirol","addressCountry":"AT"},{"@type":"ImageObject","inLanguage":"en-US","@id":"https:\/\/bolting.eu\/en\/shop\/grosspackung-kletterchalk-2kg\/#local-main-organization-logo","url":"https:\/\/bolting.eu\/wp-content\/uploads\/2019\/09\/bolting-logo.png","contentUrl":"https:\/\/bolting.eu\/wp-content\/uploads\/2019\/09\/bolting-logo.png","width":400,"height":211,"caption":"bolting.eu"}]},"product_price_amount":"79.90","product_price_currency":"EUR","og_availability":"instock","product_availability":"instock","product_retailer_item_id":"04613","product_condition":"new","geo.placename":"Innsbruck","geo.position":{"lat":"47.264176340396226","long":"11.380109057672346"},"geo.region":"Austria"},"_links":{"self":[{"href":"https:\/\/bolting.eu\/en\/wp-json\/wp\/v2\/product\/9970","targetHints":{"allow":["GET"]}}],"collection":[{"href":"https:\/\/bolting.eu\/en\/wp-json\/wp\/v2\/product"}],"about":[{"href":"https:\/\/bolting.eu\/en\/wp-json\/wp\/v2\/types\/product"}],"replies":[{"embeddable":true,"href":"https:\/\/bolting.eu\/en\/wp-json\/wp\/v2\/comments?post=9970"}],"wp:featuredmedia":[{"embeddable":true,"href":"https:\/\/bolting.eu\/en\/wp-json\/wp\/v2\/media\/9972"}],"wp:attachment":[{"href":"https:\/\/bolting.eu\/en\/wp-json\/wp\/v2\/media?parent=9970"}],"wp:term":[{"taxonomy":"product_brand","embeddable":true,"href":"https:\/\/bolting.eu\/en\/wp-json\/wp\/v2\/product_brand?post=9970"},{"taxonomy":"product_cat","embeddable":true,"href":"https:\/\/bolting.eu\/en\/wp-json\/wp\/v2\/product_cat?post=9970"},{"taxonomy":"product_tag","embeddable":true,"href":"https:\/\/bolting.eu\/en\/wp-json\/wp\/v2\/product_tag?post=9970"}],"curies":[{"name":"wp","href":"https:\/\/api.w.org\/{rel}","templated":true}]}}