{"id":9967,"date":"2021-09-23T18:02:48","date_gmt":"2021-09-23T16:02:48","guid":{"rendered":"https:\/\/bolting.eu\/?post_type=product&#038;p=9967"},"modified":"2025-05-16T19:54:54","modified_gmt":"2025-05-16T17:54:54","slug":"magnesium-dose","status":"publish","type":"product","link":"https:\/\/bolting.eu\/en\/shop\/magnesium-dose\/","title":{"rendered":"Magnesium Dose"},"content":{"rendered":"<p>Die Magnesium Dose von Ocun ist ein furchtbar praktisches Teil. Denn enth\u00e4lt zum einen 125 Gramm Crushed Chalk. Zum anderen ist er aber vor allem eine wiederbef\u00fcllbare Chalk Container. D.h. er kann jederzeit mit beliebigen Chalk zum Klettern bef\u00fcllt werden.<\/p>\n<p>Die Original F\u00fcllung besteht aus Crushed Chalk. Das ist eine Mischung aus feinem und br\u00f6ckeligem Kletterchalk. Wie bereits erw\u00e4hnt handelt es sich um eine wiederverschlie\u00dfbare Dose f\u00fcr Magnesium.<\/p>\n<p>Diese ist aus Kunststoff und sehr robust. Somit l\u00e4sst sich dieser Container f\u00fcr Chalk sehr lange verwenden bzw. h\u00e4lt super dicht.<\/p>\n<p>Kurzum. Wer sich ein geeignetes Beh\u00e4ltnis f\u00fcr sein Magnesium zulegen will, der ist hier goldrichtig!<\/p>\n<h2>Eigenschaften Magnesium Dose<\/h2>\n<ul>\n<li>Hersteller:\u00a0<a href=\"https:\/\/bolting.eu\/produkt-kategorie\/ocun\/\">Ocun<\/a><\/li>\n<li>Inhalt: 125 Gramm Crushed Chalk<\/li>\n<li>Beh\u00e4lter: wiederverschlie\u00dfbarer Chalk Container aus Kunststoff<\/li>\n<li>sehr robust<\/li>\n<li>h\u00e4lt super dicht<\/li>\n<li>kann immer wieder neu bef\u00fcllt werden<\/li>\n<li>recyclebar (PE Kunststoff)<\/li>\n<\/ul>\n<h3>Wiedebef\u00fcllbare Magnesium Dose!<\/h3>\n<p>Dieser Chalk Container ist wie bereits erw\u00e4hnt sehr robust gebaut. Und das aus gutem Grund. Denn er ist f\u00fcr das oftmalige Wiederverwenden gedacht.<\/p>\n<p>Deshalb wurden die W\u00e4nde der Chalk Dose dicker ausgef\u00fchrt als bei vielen anderen vergleichbaren Produkten. Zudem schlie\u00dft der Deckel extrem dicht ab. Somit kommt auch kein Magnesiumstaub aus der Dose heraus.<\/p>\n<h3>Magnesium super dosierbar<\/h3>\n<p>Mit diesem Chalk Container kann man sein <a href=\"https:\/\/bolting.eu\/produkt-kategorie\/kletterausruestung\/chalkbag\/\">Chalkbag<\/a> super sauber bef\u00fcllen. Denn durch den 10cm Durchmesser l\u00e4sst sich das Magnesiumpulver sehr gut dosieren.<\/p>\n<p>Alternativ kann man die Magnesium Dose nat\u00fcrlich auch f\u00fcr andere Dinge verwenden. Einfach sauber auswaschen und trocknen lassen. Der kleine Container ist prima f\u00fcr alle kleine Ausr\u00fcstungssachen.<\/p>\n<h3>Neues Chalk gleich mal ausprobieren!<\/h3>\n<p>Wer das will, kann seine neue Chalk Dose gleich mal mit auf einen Klettertrip nehmen \ud83d\ude09 Fahrt doch mal zum <a href=\"https:\/\/maltatal.rocks\/\" target=\"_blank\" rel=\"noopener\">Klettern ins Maltatal<\/a> in K\u00e4rnten. Wir haben f\u00fcr diesen klasse Spot n\u00e4mlich auch den passenden <a href=\"https:\/\/bolting.eu\/shop\/maltatal-kletterfuehrer\/\">Maltatal Kletterf\u00fchrer<\/a> im Programm!<\/p>\n","protected":false},"excerpt":{"rendered":"<ul>\n<li>Inhalt: 125 Gramm Crushed Chalk<\/li>\n<li>Beh\u00e4lter: wiederverschlie\u00dfbarer Chalk Container aus Kunststoff<\/li>\n<li>sehr robust<\/li>\n<li>h\u00e4lt super dicht<\/li>\n<li>kann immer wieder neu bef\u00fcllt werden<\/li>\n<li>recyclebar (PE Kunststoff)<\/li>\n<\/ul>\n","protected":false},"featured_media":9969,"comment_status":"open","ping_status":"closed","template":"","meta":[],"product_brand":[],"product_cat":[5007,12383,29],"product_tag":[],"class_list":{"0":"post-9967","1":"product","2":"type-product","3":"status-publish","4":"has-post-thumbnail","6":"product_cat-chalk-klettern","7":"product_cat-ocun","8":"product_cat-kletterausruestung","10":"first","11":"instock","12":"taxable","13":"shipping-taxable","14":"purchasable","15":"product-type-simple"},"yoast_head":"<!-- This site is optimized with the Yoast SEO Premium plugin v26.9 (Yoast SEO v26.9) - https:\/\/yoast.com\/product\/yoast-seo-premium-wordpress\/ -->\n<title>Magnesium Dose - wiederverschlie\u00dfbarer Chalk Container | bolting.eu<\/title>\n<meta name=\"description\" content=\"Hier findest Du die 125 Gramm Magnesium Dose von Ocun. Einen wiederverschlie\u00dfbaren Chalk Container mit Crushed Chalk zum Klettern!\" \/>\n<meta name=\"robots\" content=\"index, follow, max-snippet:-1, max-image-preview:large, max-video-preview:-1\" \/>\n<link rel=\"canonical\" href=\"https:\/\/bolting.eu\/en\/shop\/magnesium-dose\/\" \/>\n<meta property=\"og:locale\" content=\"en_US\" \/>\n<meta property=\"og:type\" content=\"article\" \/>\n<meta property=\"og:title\" content=\"Magnesium Dose\" \/>\n<meta property=\"og:description\" content=\"Hier findest Du die 125 Gramm Magnesium Dose von Ocun. Einen wiederverschlie\u00dfbaren Chalk Container mit Crushed Chalk zum Klettern!\" \/>\n<meta property=\"og:url\" content=\"https:\/\/bolting.eu\/en\/shop\/magnesium-dose\/\" \/>\n<meta property=\"og:site_name\" content=\"bolting.eu\" \/>\n<meta property=\"article:publisher\" content=\"https:\/\/www.facebook.com\/bolting.eu\" \/>\n<meta property=\"article:modified_time\" content=\"2025-05-16T17:54:54+00:00\" \/>\n<meta property=\"og:image\" content=\"https:\/\/bolting.eu\/wp-content\/uploads\/2021\/09\/Magnesium-Dose-1.jpg\" \/>\n\t<meta property=\"og:image:width\" content=\"700\" \/>\n\t<meta property=\"og:image:height\" content=\"700\" \/>\n\t<meta property=\"og:image:type\" content=\"image\/jpeg\" \/>\n<meta name=\"twitter:card\" content=\"summary_large_image\" \/>\n<meta name=\"twitter:label1\" content=\"Price\" \/>\n\t<meta name=\"twitter:data1\" content=\"&euro;&nbsp;8,90\" \/>\n\t<meta name=\"twitter:label2\" content=\"Availability\" \/>\n\t<meta name=\"twitter:data2\" content=\"In stock\" \/>\n<script type=\"application\/ld+json\" class=\"yoast-schema-graph\">{\"@context\":\"https:\/\/schema.org\",\"@graph\":[{\"@type\":[\"WebPage\",\"ItemPage\"],\"@id\":\"https:\/\/bolting.eu\/en\/shop\/magnesium-dose\/\",\"url\":\"https:\/\/bolting.eu\/en\/shop\/magnesium-dose\/\",\"name\":\"Magnesium Dose - wiederverschlie\u00dfbarer Chalk Container | bolting.eu\",\"isPartOf\":{\"@id\":\"https:\/\/bolting.eu\/en\/#website\"},\"primaryImageOfPage\":{\"@id\":\"https:\/\/bolting.eu\/en\/shop\/magnesium-dose\/#primaryimage\"},\"image\":{\"@id\":\"https:\/\/bolting.eu\/en\/shop\/magnesium-dose\/#primaryimage\"},\"thumbnailUrl\":\"https:\/\/bolting.eu\/wp-content\/uploads\/2021\/09\/Magnesium-Dose-1.jpg\",\"datePublished\":\"2021-09-23T16:02:48+00:00\",\"dateModified\":\"2025-05-16T17:54:54+00:00\",\"description\":\"Hier findest Du die 125 Gramm Magnesium Dose von Ocun. Einen wiederverschlie\u00dfbaren Chalk Container mit Crushed Chalk zum Klettern!\",\"breadcrumb\":{\"@id\":\"https:\/\/bolting.eu\/en\/shop\/magnesium-dose\/#breadcrumb\"},\"inLanguage\":\"en-US\",\"potentialAction\":[{\"@type\":\"ReadAction\",\"target\":[\"https:\/\/bolting.eu\/en\/shop\/magnesium-dose\/\"]}]},{\"@type\":\"ImageObject\",\"inLanguage\":\"en-US\",\"@id\":\"https:\/\/bolting.eu\/en\/shop\/magnesium-dose\/#primaryimage\",\"url\":\"https:\/\/bolting.eu\/wp-content\/uploads\/2021\/09\/Magnesium-Dose-1.jpg\",\"contentUrl\":\"https:\/\/bolting.eu\/wp-content\/uploads\/2021\/09\/Magnesium-Dose-1.jpg\",\"width\":700,\"height\":700,\"caption\":\"Das bild zeigt eine wei\u00df-rote Magnesium Dose von Ocun mit Beschriftung und Logo von vorne.\"},{\"@type\":\"BreadcrumbList\",\"@id\":\"https:\/\/bolting.eu\/en\/shop\/magnesium-dose\/#breadcrumb\",\"itemListElement\":[{\"@type\":\"ListItem\",\"position\":1,\"name\":\"Shop\",\"item\":\"https:\/\/bolting.eu\/en\/shop\/\"},{\"@type\":\"ListItem\",\"position\":2,\"name\":\"climbing equipment\",\"item\":\"https:\/\/bolting.eu\/en\/produkt-kategorie\/climbing-equipment\/\"},{\"@type\":\"ListItem\",\"position\":3,\"name\":\"Chalk Klettern\",\"item\":\"https:\/\/bolting.eu\/produkt-kategorie\/kletterausruestung\/chalk-klettern\/\"},{\"@type\":\"ListItem\",\"position\":4,\"name\":\"Magnesium Dose\"}]},{\"@type\":\"WebSite\",\"@id\":\"https:\/\/bolting.eu\/en\/#website\",\"url\":\"https:\/\/bolting.eu\/en\/\",\"name\":\"bolting.eu\",\"description\":\"we make climbs happen\",\"publisher\":{\"@id\":\"https:\/\/bolting.eu\/en\/#organization\"},\"potentialAction\":[{\"@type\":\"SearchAction\",\"target\":{\"@type\":\"EntryPoint\",\"urlTemplate\":\"https:\/\/bolting.eu\/en\/?s={search_term_string}\"},\"query-input\":{\"@type\":\"PropertyValueSpecification\",\"valueRequired\":true,\"valueName\":\"search_term_string\"}}],\"inLanguage\":\"en-US\"},{\"@type\":[\"Organization\",\"Place\",\"SportingGoodsStore\"],\"@id\":\"https:\/\/bolting.eu\/en\/#organization\",\"name\":\"bolting.eu\",\"url\":\"https:\/\/bolting.eu\/en\/\",\"logo\":{\"@id\":\"https:\/\/bolting.eu\/en\/shop\/magnesium-dose\/#local-main-organization-logo\"},\"image\":{\"@id\":\"https:\/\/bolting.eu\/en\/shop\/magnesium-dose\/#local-main-organization-logo\"},\"sameAs\":[\"https:\/\/www.facebook.com\/bolting.eu\",\"https:\/\/www.instagram.com\/bolting.eu\/\"],\"address\":{\"@id\":\"https:\/\/bolting.eu\/en\/shop\/magnesium-dose\/#local-main-place-address\"},\"geo\":{\"@type\":\"GeoCoordinates\",\"latitude\":\"47.264176340396226\",\"longitude\":\"11.380109057672346\"},\"telephone\":[\"+43 699 19083372\"],\"openingHoursSpecification\":[{\"@type\":\"OpeningHoursSpecification\",\"dayOfWeek\":[\"Monday\",\"Wednesday\",\"Friday\"],\"opens\":\"14:00\",\"closes\":\"18:00\"},{\"@type\":\"OpeningHoursSpecification\",\"dayOfWeek\":[\"Tuesday\",\"Thursday\",\"Saturday\",\"Sunday\"],\"opens\":\"00:00\",\"closes\":\"00:00\"}],\"email\":\"office@bolting.eu\",\"vatID\":\"ATU59999728\",\"priceRange\":\"$$\",\"currenciesAccepted\":\"Euro\"},{\"@type\":\"PostalAddress\",\"@id\":\"https:\/\/bolting.eu\/en\/shop\/magnesium-dose\/#local-main-place-address\",\"streetAddress\":\"Fischnalerstra\u00dfe 4\",\"addressLocality\":\"Innsbruck\",\"postalCode\":\"6020\",\"addressRegion\":\"Tirol\",\"addressCountry\":\"AT\"},{\"@type\":\"ImageObject\",\"inLanguage\":\"en-US\",\"@id\":\"https:\/\/bolting.eu\/en\/shop\/magnesium-dose\/#local-main-organization-logo\",\"url\":\"https:\/\/bolting.eu\/wp-content\/uploads\/2019\/09\/bolting-logo.png\",\"contentUrl\":\"https:\/\/bolting.eu\/wp-content\/uploads\/2019\/09\/bolting-logo.png\",\"width\":400,\"height\":211,\"caption\":\"bolting.eu\"}]}<\/script>\n<meta property=\"product:price:amount\" content=\"8.90\" \/>\n<meta property=\"product:price:currency\" content=\"EUR\" \/>\n<meta property=\"og:availability\" content=\"instock\" \/>\n<meta property=\"product:availability\" content=\"instock\" \/>\n<meta property=\"product:retailer_item_id\" content=\"04609\" \/>\n<meta property=\"product:condition\" content=\"new\" \/>\n<meta name=\"geo.placename\" content=\"Innsbruck\" \/>\n<meta name=\"geo.position\" content=\"47.264176340396226;11.380109057672346\" \/>\n<meta name=\"geo.region\" content=\"Austria\" \/>\n<!-- \/ Yoast SEO Premium plugin. -->","yoast_head_json":{"title":"Magnesium Dose - wiederverschlie\u00dfbarer Chalk Container | bolting.eu","description":"Hier findest Du die 125 Gramm Magnesium Dose von Ocun. Einen wiederverschlie\u00dfbaren Chalk Container mit Crushed Chalk zum Klettern!","robots":{"index":"index","follow":"follow","max-snippet":"max-snippet:-1","max-image-preview":"max-image-preview:large","max-video-preview":"max-video-preview:-1"},"canonical":"https:\/\/bolting.eu\/en\/shop\/magnesium-dose\/","og_locale":"en_US","og_type":"article","og_title":"Magnesium Dose","og_description":"Hier findest Du die 125 Gramm Magnesium Dose von Ocun. Einen wiederverschlie\u00dfbaren Chalk Container mit Crushed Chalk zum Klettern!","og_url":"https:\/\/bolting.eu\/en\/shop\/magnesium-dose\/","og_site_name":"bolting.eu","article_publisher":"https:\/\/www.facebook.com\/bolting.eu","article_modified_time":"2025-05-16T17:54:54+00:00","og_image":[{"width":700,"height":700,"url":"https:\/\/bolting.eu\/wp-content\/uploads\/2021\/09\/Magnesium-Dose-1.jpg","type":"image\/jpeg"}],"twitter_card":"summary_large_image","twitter_misc":{"Price":"&euro;&nbsp;8,90","Availability":"In stock"},"schema":{"@context":"https:\/\/schema.org","@graph":[{"@type":["WebPage","ItemPage"],"@id":"https:\/\/bolting.eu\/en\/shop\/magnesium-dose\/","url":"https:\/\/bolting.eu\/en\/shop\/magnesium-dose\/","name":"Magnesium Dose - wiederverschlie\u00dfbarer Chalk Container | bolting.eu","isPartOf":{"@id":"https:\/\/bolting.eu\/en\/#website"},"primaryImageOfPage":{"@id":"https:\/\/bolting.eu\/en\/shop\/magnesium-dose\/#primaryimage"},"image":{"@id":"https:\/\/bolting.eu\/en\/shop\/magnesium-dose\/#primaryimage"},"thumbnailUrl":"https:\/\/bolting.eu\/wp-content\/uploads\/2021\/09\/Magnesium-Dose-1.jpg","datePublished":"2021-09-23T16:02:48+00:00","dateModified":"2025-05-16T17:54:54+00:00","description":"Hier findest Du die 125 Gramm Magnesium Dose von Ocun. Einen wiederverschlie\u00dfbaren Chalk Container mit Crushed Chalk zum Klettern!","breadcrumb":{"@id":"https:\/\/bolting.eu\/en\/shop\/magnesium-dose\/#breadcrumb"},"inLanguage":"en-US","potentialAction":[{"@type":"ReadAction","target":["https:\/\/bolting.eu\/en\/shop\/magnesium-dose\/"]}]},{"@type":"ImageObject","inLanguage":"en-US","@id":"https:\/\/bolting.eu\/en\/shop\/magnesium-dose\/#primaryimage","url":"https:\/\/bolting.eu\/wp-content\/uploads\/2021\/09\/Magnesium-Dose-1.jpg","contentUrl":"https:\/\/bolting.eu\/wp-content\/uploads\/2021\/09\/Magnesium-Dose-1.jpg","width":700,"height":700,"caption":"Das bild zeigt eine wei\u00df-rote Magnesium Dose von Ocun mit Beschriftung und Logo von vorne."},{"@type":"BreadcrumbList","@id":"https:\/\/bolting.eu\/en\/shop\/magnesium-dose\/#breadcrumb","itemListElement":[{"@type":"ListItem","position":1,"name":"Shop","item":"https:\/\/bolting.eu\/en\/shop\/"},{"@type":"ListItem","position":2,"name":"climbing equipment","item":"https:\/\/bolting.eu\/en\/produkt-kategorie\/climbing-equipment\/"},{"@type":"ListItem","position":3,"name":"Chalk Klettern","item":"https:\/\/bolting.eu\/produkt-kategorie\/kletterausruestung\/chalk-klettern\/"},{"@type":"ListItem","position":4,"name":"Magnesium Dose"}]},{"@type":"WebSite","@id":"https:\/\/bolting.eu\/en\/#website","url":"https:\/\/bolting.eu\/en\/","name":"bolting.eu","description":"we make climbs happen","publisher":{"@id":"https:\/\/bolting.eu\/en\/#organization"},"potentialAction":[{"@type":"SearchAction","target":{"@type":"EntryPoint","urlTemplate":"https:\/\/bolting.eu\/en\/?s={search_term_string}"},"query-input":{"@type":"PropertyValueSpecification","valueRequired":true,"valueName":"search_term_string"}}],"inLanguage":"en-US"},{"@type":["Organization","Place","SportingGoodsStore"],"@id":"https:\/\/bolting.eu\/en\/#organization","name":"bolting.eu","url":"https:\/\/bolting.eu\/en\/","logo":{"@id":"https:\/\/bolting.eu\/en\/shop\/magnesium-dose\/#local-main-organization-logo"},"image":{"@id":"https:\/\/bolting.eu\/en\/shop\/magnesium-dose\/#local-main-organization-logo"},"sameAs":["https:\/\/www.facebook.com\/bolting.eu","https:\/\/www.instagram.com\/bolting.eu\/"],"address":{"@id":"https:\/\/bolting.eu\/en\/shop\/magnesium-dose\/#local-main-place-address"},"geo":{"@type":"GeoCoordinates","latitude":"47.264176340396226","longitude":"11.380109057672346"},"telephone":["+43 699 19083372"],"openingHoursSpecification":[{"@type":"OpeningHoursSpecification","dayOfWeek":["Monday","Wednesday","Friday"],"opens":"14:00","closes":"18:00"},{"@type":"OpeningHoursSpecification","dayOfWeek":["Tuesday","Thursday","Saturday","Sunday"],"opens":"00:00","closes":"00:00"}],"email":"office@bolting.eu","vatID":"ATU59999728","priceRange":"$$","currenciesAccepted":"Euro"},{"@type":"PostalAddress","@id":"https:\/\/bolting.eu\/en\/shop\/magnesium-dose\/#local-main-place-address","streetAddress":"Fischnalerstra\u00dfe 4","addressLocality":"Innsbruck","postalCode":"6020","addressRegion":"Tirol","addressCountry":"AT"},{"@type":"ImageObject","inLanguage":"en-US","@id":"https:\/\/bolting.eu\/en\/shop\/magnesium-dose\/#local-main-organization-logo","url":"https:\/\/bolting.eu\/wp-content\/uploads\/2019\/09\/bolting-logo.png","contentUrl":"https:\/\/bolting.eu\/wp-content\/uploads\/2019\/09\/bolting-logo.png","width":400,"height":211,"caption":"bolting.eu"}]},"product_price_amount":"8.90","product_price_currency":"EUR","og_availability":"instock","product_availability":"instock","product_retailer_item_id":"04609","product_condition":"new","geo.placename":"Innsbruck","geo.position":{"lat":"47.264176340396226","long":"11.380109057672346"},"geo.region":"Austria"},"_links":{"self":[{"href":"https:\/\/bolting.eu\/en\/wp-json\/wp\/v2\/product\/9967","targetHints":{"allow":["GET"]}}],"collection":[{"href":"https:\/\/bolting.eu\/en\/wp-json\/wp\/v2\/product"}],"about":[{"href":"https:\/\/bolting.eu\/en\/wp-json\/wp\/v2\/types\/product"}],"replies":[{"embeddable":true,"href":"https:\/\/bolting.eu\/en\/wp-json\/wp\/v2\/comments?post=9967"}],"wp:featuredmedia":[{"embeddable":true,"href":"https:\/\/bolting.eu\/en\/wp-json\/wp\/v2\/media\/9969"}],"wp:attachment":[{"href":"https:\/\/bolting.eu\/en\/wp-json\/wp\/v2\/media?parent=9967"}],"wp:term":[{"taxonomy":"product_brand","embeddable":true,"href":"https:\/\/bolting.eu\/en\/wp-json\/wp\/v2\/product_brand?post=9967"},{"taxonomy":"product_cat","embeddable":true,"href":"https:\/\/bolting.eu\/en\/wp-json\/wp\/v2\/product_cat?post=9967"},{"taxonomy":"product_tag","embeddable":true,"href":"https:\/\/bolting.eu\/en\/wp-json\/wp\/v2\/product_tag?post=9967"}],"curies":[{"name":"wp","href":"https:\/\/api.w.org\/{rel}","templated":true}]}}