{"id":9964,"date":"2021-09-23T17:31:28","date_gmt":"2021-09-23T15:31:28","guid":{"rendered":"https:\/\/bolting.eu\/?post_type=product&#038;p=9964"},"modified":"2025-10-29T22:03:16","modified_gmt":"2025-10-29T21:03:16","slug":"chalk-block","status":"publish","type":"product","link":"https:\/\/bolting.eu\/en\/shop\/chalk-block\/","title":{"rendered":"Chalk Block"},"content":{"rendered":"<p>Der Ocun Chalk Block ist ein fest verpresstes <a href=\"https:\/\/bolting.eu\/auto-draft\/\">Kletterchalk<\/a> in einem 10 x 10 x 4 cm Magnesium W\u00fcrfel.<\/p>\n<p>Dieses Chalk wird f\u00fcr vielerlei Sportarten verwendet, in erster Linie nat\u00fcrlich zum Bouldern und Klettern. Dar\u00fcber hinaus findet es aber auch in vielen Kraftsportarten und der Gymnastik Verwendung.<\/p>\n<p>Der Ocun Chalk Block ist aus einem guten Grund in unserem Sortiment. Denn er ist einer der wenigen Magnesium W\u00fcrfel, welcher wieder in einem Karton verpackt werden kann. Hierzu ist er auch noch extra in einen d\u00fcnnen Kunststoff Sack geh\u00fcllt. Saubere Sache!<\/p>\n<h2>Eigenschaften Ocun Chalk Block<\/h2>\n<ul>\n<li>Hersteller:\u00a0<a href=\"https:\/\/bolting.eu\/produkt-kategorie\/ocun\/\">Ocun<\/a><\/li>\n<li>Inhalt: Magnesium Hydroxid Carbonat<\/li>\n<li>Gewicht: 56 Gramm<\/li>\n<li>10 x 10 x 4cm Block<\/li>\n<li>in wiederverschlie\u00dfbarem Karton<\/li>\n<li>Magnesium W\u00fcrfel eingeh\u00fcllt in d\u00fcnnen Sack<\/li>\n<li>zum &#8220;Einbr\u00f6ckeln&#8221; in das Chalkbag f\u00fcr Tick Marks<\/li>\n<li>f\u00fcr das Krafttraining wie Klimmzugstange, Hanteln, usw&#8230;<\/li>\n<\/ul>\n<h3>Wieso einen Block?<\/h3>\n<p>Weshalb gibt es beim Kletterchalk den so viele unterschiedliche Varianten? Und wieso gibt es einen Chalk Block?<\/p>\n<p>Die Antwort ist relativ einfach. Denn ein Magnesium W\u00fcrfel wird aus zwei Gr\u00fcnden verwendet.<\/p>\n<p>Zum einen wird er als Ganzes genommen, um ihn in den H\u00e4nden zu verstreichen. Somit bleibt das Magnesium vor allem an den gew\u00fcnschten Stellen h\u00e4ngen. Das wird z.B. beim Krafttraining an der Klimmzug Stange gerne so gemacht.<\/p>\n<p>Und zum anderen werden von dem W\u00fcrfel bewusst kleine St\u00fccke abgebrochen. Damit lassen sich z.B. Tick Marks am Felsen machen (bitte wieder abputzen!). Oder das feine Magnesium im <a href=\"https:\/\/bolting.eu\/produkt-kategorie\/kletterausruestung\/chalkbag\/\">Chalkbag<\/a> durch Br\u00f6ckchen optimieren.<\/p>\n<h3>Praktisch Wiederverschlie\u00dfbar<\/h3>\n<p>Dieser Chalk Block ist sehr praktisch verpackt. Denn er wird in einem wiederverschlie\u00dfbaren Karton geliefert. Zus\u00e4tzlich steckt der Magnesium W\u00fcrfel in einem d\u00fcnnen Kunststoff Sack. Somit kann er staubfrei verstaut werden.<\/p>\n<p>Dies bietet einen wesentlich Vorteil gegen\u00fcber den W\u00fcrfeln, welche in Papier verpackt sind.<\/p>\n<h3>Chalk Block Praxis Tipp<\/h3>\n<p>Lagert euren Magnesium W\u00fcrfel immer trocken. Zudem hilft es , wenn ihr ihn im Kasten f\u00fcr die Kletterausr\u00fcstung ordentlich zur Seite legt. Denn einmal in die Kletterkiste gepackt, oder in den <a href=\"https:\/\/bolting.eu\/produkt-kategorie\/kletterausruestung\/kletterrucksack\/\">Kletterrucksack<\/a> gestopft, wird euch der Karton kaputt.<\/p>\n","protected":false},"excerpt":{"rendered":"<p>Fest verpresstes Chalk zum Klettern, Turnen und f\u00fcr Kraftsportarten.<\/p>\n<p>Ideal zum Erg\u00e4nzen von feinem Magnesium und f\u00fcr &#8220;tick marks&#8221;.<\/p>\n<p>Versandkostenfrei bis 2kg in <img decoding=\"async\" class=\"emoji\" role=\"img\" draggable=\"false\" src=\"https:\/\/s.w.org\/images\/core\/emoji\/14.0.0\/svg\/1f1e6-1f1f9.svg\" alt=\"\ud83c\udde6\ud83c\uddf9\" \/> ab \u20ac 100,- und <img decoding=\"async\" class=\"emoji\" role=\"img\" draggable=\"false\" src=\"https:\/\/s.w.org\/images\/core\/emoji\/14.0.0\/svg\/1f1e9-1f1ea.svg\" alt=\"\ud83c\udde9\ud83c\uddea\" \/> ab \u20ac 200,-!<\/p>\n","protected":false},"featured_media":9965,"comment_status":"open","ping_status":"closed","template":"","meta":[],"product_brand":[],"product_cat":[29,5007,12383],"product_tag":[],"class_list":{"0":"post-9964","1":"product","2":"type-product","3":"status-publish","4":"has-post-thumbnail","6":"product_cat-kletterausruestung","7":"product_cat-chalk-klettern","8":"product_cat-ocun","10":"first","11":"instock","12":"taxable","13":"shipping-taxable","14":"purchasable","15":"product-type-simple"},"yoast_head":"<!-- This site is optimized with the Yoast SEO Premium plugin v26.9 (Yoast SEO v26.9) - https:\/\/yoast.com\/product\/yoast-seo-premium-wordpress\/ -->\n<title>Chalk Block - Ocun Magnesium W\u00fcrfel online kaufen | bolting.eu<\/title>\n<meta name=\"description\" content=\"Ocun Chalk Block - 56 Gramm Magnesium W\u00fcrfel f\u00fcr Klettern &amp; Turnen \u2705 kostenloser Versand* \u2705 14 Tage R\u00fcckgaberecht \u2705 Co2 neutraler Versand\" \/>\n<meta name=\"robots\" content=\"index, follow, max-snippet:-1, max-image-preview:large, max-video-preview:-1\" \/>\n<link rel=\"canonical\" href=\"https:\/\/bolting.eu\/en\/shop\/chalk-block\/\" \/>\n<meta property=\"og:locale\" content=\"en_US\" \/>\n<meta property=\"og:type\" content=\"article\" \/>\n<meta property=\"og:title\" content=\"Chalk Block\" \/>\n<meta property=\"og:description\" content=\"Ocun Chalk Block - 56 Gramm Magnesium W\u00fcrfel f\u00fcr Klettern &amp; Turnen \u2705 kostenloser Versand* \u2705 14 Tage R\u00fcckgaberecht \u2705 Co2 neutraler Versand\" \/>\n<meta property=\"og:url\" content=\"https:\/\/bolting.eu\/en\/shop\/chalk-block\/\" \/>\n<meta property=\"og:site_name\" content=\"bolting.eu\" \/>\n<meta property=\"article:publisher\" content=\"https:\/\/www.facebook.com\/bolting.eu\" \/>\n<meta property=\"article:modified_time\" content=\"2025-10-29T21:03:16+00:00\" \/>\n<meta property=\"og:image\" content=\"https:\/\/bolting.eu\/wp-content\/uploads\/2021\/09\/Chalk-Block.jpg\" \/>\n\t<meta property=\"og:image:width\" content=\"700\" \/>\n\t<meta property=\"og:image:height\" content=\"700\" \/>\n\t<meta property=\"og:image:type\" content=\"image\/jpeg\" \/>\n<meta name=\"twitter:card\" content=\"summary_large_image\" \/>\n<meta name=\"twitter:label1\" content=\"Price\" \/>\n\t<meta name=\"twitter:data1\" content=\"&euro;&nbsp;3,90\" \/>\n\t<meta name=\"twitter:label2\" content=\"Availability\" \/>\n\t<meta name=\"twitter:data2\" content=\"In stock\" \/>\n<script type=\"application\/ld+json\" class=\"yoast-schema-graph\">{\"@context\":\"https:\/\/schema.org\",\"@graph\":[{\"@type\":[\"WebPage\",\"ItemPage\"],\"@id\":\"https:\/\/bolting.eu\/en\/shop\/chalk-block\/\",\"url\":\"https:\/\/bolting.eu\/en\/shop\/chalk-block\/\",\"name\":\"Chalk Block - Ocun Magnesium W\u00fcrfel online kaufen | bolting.eu\",\"isPartOf\":{\"@id\":\"https:\/\/bolting.eu\/en\/#website\"},\"primaryImageOfPage\":{\"@id\":\"https:\/\/bolting.eu\/en\/shop\/chalk-block\/#primaryimage\"},\"image\":{\"@id\":\"https:\/\/bolting.eu\/en\/shop\/chalk-block\/#primaryimage\"},\"thumbnailUrl\":\"https:\/\/bolting.eu\/wp-content\/uploads\/2021\/09\/Chalk-Block.jpg\",\"datePublished\":\"2021-09-23T15:31:28+00:00\",\"dateModified\":\"2025-10-29T21:03:16+00:00\",\"description\":\"Ocun Chalk Block - 56 Gramm Magnesium W\u00fcrfel f\u00fcr Klettern & Turnen \u2705 kostenloser Versand* \u2705 14 Tage R\u00fcckgaberecht \u2705 Co2 neutraler Versand\",\"breadcrumb\":{\"@id\":\"https:\/\/bolting.eu\/en\/shop\/chalk-block\/#breadcrumb\"},\"inLanguage\":\"en-US\",\"potentialAction\":[{\"@type\":\"ReadAction\",\"target\":[\"https:\/\/bolting.eu\/en\/shop\/chalk-block\/\"]}]},{\"@type\":\"ImageObject\",\"inLanguage\":\"en-US\",\"@id\":\"https:\/\/bolting.eu\/en\/shop\/chalk-block\/#primaryimage\",\"url\":\"https:\/\/bolting.eu\/wp-content\/uploads\/2021\/09\/Chalk-Block.jpg\",\"contentUrl\":\"https:\/\/bolting.eu\/wp-content\/uploads\/2021\/09\/Chalk-Block.jpg\",\"width\":700,\"height\":700,\"caption\":\"Das Bild zeigt einen wei\u00df-roten KArton mit einem Chalk Block von der Vorderseite.\"},{\"@type\":\"BreadcrumbList\",\"@id\":\"https:\/\/bolting.eu\/en\/shop\/chalk-block\/#breadcrumb\",\"itemListElement\":[{\"@type\":\"ListItem\",\"position\":1,\"name\":\"Shop\",\"item\":\"https:\/\/bolting.eu\/en\/shop\/\"},{\"@type\":\"ListItem\",\"position\":2,\"name\":\"climbing equipment\",\"item\":\"https:\/\/bolting.eu\/en\/produkt-kategorie\/climbing-equipment\/\"},{\"@type\":\"ListItem\",\"position\":3,\"name\":\"Chalk Klettern\",\"item\":\"https:\/\/bolting.eu\/produkt-kategorie\/kletterausruestung\/chalk-klettern\/\"},{\"@type\":\"ListItem\",\"position\":4,\"name\":\"Chalk Block\"}]},{\"@type\":\"WebSite\",\"@id\":\"https:\/\/bolting.eu\/en\/#website\",\"url\":\"https:\/\/bolting.eu\/en\/\",\"name\":\"bolting.eu\",\"description\":\"we make climbs happen\",\"publisher\":{\"@id\":\"https:\/\/bolting.eu\/en\/#organization\"},\"potentialAction\":[{\"@type\":\"SearchAction\",\"target\":{\"@type\":\"EntryPoint\",\"urlTemplate\":\"https:\/\/bolting.eu\/en\/?s={search_term_string}\"},\"query-input\":{\"@type\":\"PropertyValueSpecification\",\"valueRequired\":true,\"valueName\":\"search_term_string\"}}],\"inLanguage\":\"en-US\"},{\"@type\":[\"Organization\",\"Place\",\"SportingGoodsStore\"],\"@id\":\"https:\/\/bolting.eu\/en\/#organization\",\"name\":\"bolting.eu\",\"url\":\"https:\/\/bolting.eu\/en\/\",\"logo\":{\"@id\":\"https:\/\/bolting.eu\/en\/shop\/chalk-block\/#local-main-organization-logo\"},\"image\":{\"@id\":\"https:\/\/bolting.eu\/en\/shop\/chalk-block\/#local-main-organization-logo\"},\"sameAs\":[\"https:\/\/www.facebook.com\/bolting.eu\",\"https:\/\/www.instagram.com\/bolting.eu\/\"],\"address\":{\"@id\":\"https:\/\/bolting.eu\/en\/shop\/chalk-block\/#local-main-place-address\"},\"geo\":{\"@type\":\"GeoCoordinates\",\"latitude\":\"47.264176340396226\",\"longitude\":\"11.380109057672346\"},\"telephone\":[\"+43 699 19083372\"],\"openingHoursSpecification\":[{\"@type\":\"OpeningHoursSpecification\",\"dayOfWeek\":[\"Monday\",\"Wednesday\",\"Friday\"],\"opens\":\"14:00\",\"closes\":\"18:00\"},{\"@type\":\"OpeningHoursSpecification\",\"dayOfWeek\":[\"Tuesday\",\"Thursday\",\"Saturday\",\"Sunday\"],\"opens\":\"00:00\",\"closes\":\"00:00\"}],\"email\":\"office@bolting.eu\",\"vatID\":\"ATU59999728\",\"priceRange\":\"$$\",\"currenciesAccepted\":\"Euro\"},{\"@type\":\"PostalAddress\",\"@id\":\"https:\/\/bolting.eu\/en\/shop\/chalk-block\/#local-main-place-address\",\"streetAddress\":\"Fischnalerstra\u00dfe 4\",\"addressLocality\":\"Innsbruck\",\"postalCode\":\"6020\",\"addressRegion\":\"Tirol\",\"addressCountry\":\"AT\"},{\"@type\":\"ImageObject\",\"inLanguage\":\"en-US\",\"@id\":\"https:\/\/bolting.eu\/en\/shop\/chalk-block\/#local-main-organization-logo\",\"url\":\"https:\/\/bolting.eu\/wp-content\/uploads\/2019\/09\/bolting-logo.png\",\"contentUrl\":\"https:\/\/bolting.eu\/wp-content\/uploads\/2019\/09\/bolting-logo.png\",\"width\":400,\"height\":211,\"caption\":\"bolting.eu\"}]}<\/script>\n<meta property=\"product:price:amount\" content=\"3.90\" \/>\n<meta property=\"product:price:currency\" content=\"EUR\" \/>\n<meta property=\"og:availability\" content=\"instock\" \/>\n<meta property=\"product:availability\" content=\"instock\" \/>\n<meta property=\"product:retailer_item_id\" content=\"04608\" \/>\n<meta property=\"product:condition\" content=\"new\" \/>\n<meta name=\"geo.placename\" content=\"Innsbruck\" \/>\n<meta name=\"geo.position\" content=\"47.264176340396226;11.380109057672346\" \/>\n<meta name=\"geo.region\" content=\"Austria\" \/>\n<!-- \/ Yoast SEO Premium plugin. -->","yoast_head_json":{"title":"Chalk Block - Ocun Magnesium W\u00fcrfel online kaufen | bolting.eu","description":"Ocun Chalk Block - 56 Gramm Magnesium W\u00fcrfel f\u00fcr Klettern & Turnen \u2705 kostenloser Versand* \u2705 14 Tage R\u00fcckgaberecht \u2705 Co2 neutraler Versand","robots":{"index":"index","follow":"follow","max-snippet":"max-snippet:-1","max-image-preview":"max-image-preview:large","max-video-preview":"max-video-preview:-1"},"canonical":"https:\/\/bolting.eu\/en\/shop\/chalk-block\/","og_locale":"en_US","og_type":"article","og_title":"Chalk Block","og_description":"Ocun Chalk Block - 56 Gramm Magnesium W\u00fcrfel f\u00fcr Klettern & Turnen \u2705 kostenloser Versand* \u2705 14 Tage R\u00fcckgaberecht \u2705 Co2 neutraler Versand","og_url":"https:\/\/bolting.eu\/en\/shop\/chalk-block\/","og_site_name":"bolting.eu","article_publisher":"https:\/\/www.facebook.com\/bolting.eu","article_modified_time":"2025-10-29T21:03:16+00:00","og_image":[{"width":700,"height":700,"url":"https:\/\/bolting.eu\/wp-content\/uploads\/2021\/09\/Chalk-Block.jpg","type":"image\/jpeg"}],"twitter_card":"summary_large_image","twitter_misc":{"Price":"&euro;&nbsp;3,90","Availability":"In stock"},"schema":{"@context":"https:\/\/schema.org","@graph":[{"@type":["WebPage","ItemPage"],"@id":"https:\/\/bolting.eu\/en\/shop\/chalk-block\/","url":"https:\/\/bolting.eu\/en\/shop\/chalk-block\/","name":"Chalk Block - Ocun Magnesium W\u00fcrfel online kaufen | bolting.eu","isPartOf":{"@id":"https:\/\/bolting.eu\/en\/#website"},"primaryImageOfPage":{"@id":"https:\/\/bolting.eu\/en\/shop\/chalk-block\/#primaryimage"},"image":{"@id":"https:\/\/bolting.eu\/en\/shop\/chalk-block\/#primaryimage"},"thumbnailUrl":"https:\/\/bolting.eu\/wp-content\/uploads\/2021\/09\/Chalk-Block.jpg","datePublished":"2021-09-23T15:31:28+00:00","dateModified":"2025-10-29T21:03:16+00:00","description":"Ocun Chalk Block - 56 Gramm Magnesium W\u00fcrfel f\u00fcr Klettern & Turnen \u2705 kostenloser Versand* \u2705 14 Tage R\u00fcckgaberecht \u2705 Co2 neutraler Versand","breadcrumb":{"@id":"https:\/\/bolting.eu\/en\/shop\/chalk-block\/#breadcrumb"},"inLanguage":"en-US","potentialAction":[{"@type":"ReadAction","target":["https:\/\/bolting.eu\/en\/shop\/chalk-block\/"]}]},{"@type":"ImageObject","inLanguage":"en-US","@id":"https:\/\/bolting.eu\/en\/shop\/chalk-block\/#primaryimage","url":"https:\/\/bolting.eu\/wp-content\/uploads\/2021\/09\/Chalk-Block.jpg","contentUrl":"https:\/\/bolting.eu\/wp-content\/uploads\/2021\/09\/Chalk-Block.jpg","width":700,"height":700,"caption":"Das Bild zeigt einen wei\u00df-roten KArton mit einem Chalk Block von der Vorderseite."},{"@type":"BreadcrumbList","@id":"https:\/\/bolting.eu\/en\/shop\/chalk-block\/#breadcrumb","itemListElement":[{"@type":"ListItem","position":1,"name":"Shop","item":"https:\/\/bolting.eu\/en\/shop\/"},{"@type":"ListItem","position":2,"name":"climbing equipment","item":"https:\/\/bolting.eu\/en\/produkt-kategorie\/climbing-equipment\/"},{"@type":"ListItem","position":3,"name":"Chalk Klettern","item":"https:\/\/bolting.eu\/produkt-kategorie\/kletterausruestung\/chalk-klettern\/"},{"@type":"ListItem","position":4,"name":"Chalk Block"}]},{"@type":"WebSite","@id":"https:\/\/bolting.eu\/en\/#website","url":"https:\/\/bolting.eu\/en\/","name":"bolting.eu","description":"we make climbs happen","publisher":{"@id":"https:\/\/bolting.eu\/en\/#organization"},"potentialAction":[{"@type":"SearchAction","target":{"@type":"EntryPoint","urlTemplate":"https:\/\/bolting.eu\/en\/?s={search_term_string}"},"query-input":{"@type":"PropertyValueSpecification","valueRequired":true,"valueName":"search_term_string"}}],"inLanguage":"en-US"},{"@type":["Organization","Place","SportingGoodsStore"],"@id":"https:\/\/bolting.eu\/en\/#organization","name":"bolting.eu","url":"https:\/\/bolting.eu\/en\/","logo":{"@id":"https:\/\/bolting.eu\/en\/shop\/chalk-block\/#local-main-organization-logo"},"image":{"@id":"https:\/\/bolting.eu\/en\/shop\/chalk-block\/#local-main-organization-logo"},"sameAs":["https:\/\/www.facebook.com\/bolting.eu","https:\/\/www.instagram.com\/bolting.eu\/"],"address":{"@id":"https:\/\/bolting.eu\/en\/shop\/chalk-block\/#local-main-place-address"},"geo":{"@type":"GeoCoordinates","latitude":"47.264176340396226","longitude":"11.380109057672346"},"telephone":["+43 699 19083372"],"openingHoursSpecification":[{"@type":"OpeningHoursSpecification","dayOfWeek":["Monday","Wednesday","Friday"],"opens":"14:00","closes":"18:00"},{"@type":"OpeningHoursSpecification","dayOfWeek":["Tuesday","Thursday","Saturday","Sunday"],"opens":"00:00","closes":"00:00"}],"email":"office@bolting.eu","vatID":"ATU59999728","priceRange":"$$","currenciesAccepted":"Euro"},{"@type":"PostalAddress","@id":"https:\/\/bolting.eu\/en\/shop\/chalk-block\/#local-main-place-address","streetAddress":"Fischnalerstra\u00dfe 4","addressLocality":"Innsbruck","postalCode":"6020","addressRegion":"Tirol","addressCountry":"AT"},{"@type":"ImageObject","inLanguage":"en-US","@id":"https:\/\/bolting.eu\/en\/shop\/chalk-block\/#local-main-organization-logo","url":"https:\/\/bolting.eu\/wp-content\/uploads\/2019\/09\/bolting-logo.png","contentUrl":"https:\/\/bolting.eu\/wp-content\/uploads\/2019\/09\/bolting-logo.png","width":400,"height":211,"caption":"bolting.eu"}]},"product_price_amount":"3.90","product_price_currency":"EUR","og_availability":"instock","product_availability":"instock","product_retailer_item_id":"04608","product_condition":"new","geo.placename":"Innsbruck","geo.position":{"lat":"47.264176340396226","long":"11.380109057672346"},"geo.region":"Austria"},"_links":{"self":[{"href":"https:\/\/bolting.eu\/en\/wp-json\/wp\/v2\/product\/9964","targetHints":{"allow":["GET"]}}],"collection":[{"href":"https:\/\/bolting.eu\/en\/wp-json\/wp\/v2\/product"}],"about":[{"href":"https:\/\/bolting.eu\/en\/wp-json\/wp\/v2\/types\/product"}],"replies":[{"embeddable":true,"href":"https:\/\/bolting.eu\/en\/wp-json\/wp\/v2\/comments?post=9964"}],"wp:featuredmedia":[{"embeddable":true,"href":"https:\/\/bolting.eu\/en\/wp-json\/wp\/v2\/media\/9965"}],"wp:attachment":[{"href":"https:\/\/bolting.eu\/en\/wp-json\/wp\/v2\/media?parent=9964"}],"wp:term":[{"taxonomy":"product_brand","embeddable":true,"href":"https:\/\/bolting.eu\/en\/wp-json\/wp\/v2\/product_brand?post=9964"},{"taxonomy":"product_cat","embeddable":true,"href":"https:\/\/bolting.eu\/en\/wp-json\/wp\/v2\/product_cat?post=9964"},{"taxonomy":"product_tag","embeddable":true,"href":"https:\/\/bolting.eu\/en\/wp-json\/wp\/v2\/product_tag?post=9964"}],"curies":[{"name":"wp","href":"https:\/\/api.w.org\/{rel}","templated":true}]}}