{"id":9914,"date":"2021-09-13T16:15:23","date_gmt":"2021-09-13T14:15:23","guid":{"rendered":"https:\/\/bolting.eu\/?post_type=product&#038;p=9914"},"modified":"2024-09-23T16:07:50","modified_gmt":"2024-09-23T14:07:50","slug":"lacd-twin-cams","status":"publish","type":"product","link":"https:\/\/bolting.eu\/en\/shop\/lacd-twin-cams\/","title":{"rendered":"LACD Twin Cams"},"content":{"rendered":"<p>Die LACD Twin Cams sind preiswerte <a href=\"https:\/\/bolting.eu\/produkt-kategorie\/kletterausruestung\/klemmgeraete-friends\/\">Klemmger\u00e4te &#8211; Friends<\/a> <strong>mit einer Doppelachse<\/strong>. Sie sind quasi die g\u00fcnstigste Alternative zu den hochwertigen Modellen des Marktf\u00fchrer Black Diamonds. M\u00f6glich ist dies zum einen durch ein einfacheres Design. Und zum anderen durch den weniger &#8220;teuren&#8221; Herstellernamen.<\/p>\n<p>Diese Friends sind eine gute Wahl f\u00fcr Einsteiger, die eventuell nur ein paar Gr\u00f6\u00dfen in ihrem Rack haben wollen. Zudem ist dieses Klemmger\u00e4te Set eine exzellente Wahl f\u00fcr alle, die nur sporadisch alpin unterwegs sind und keine extrem hochwertige Ausr\u00fcstung ben\u00f6tigen.<\/p>\n<p>Fazit. Eine preisg\u00fcnstige Alternative zum Original. Ideal f\u00fcr sporadische Alpineins\u00e4tze und Anf\u00e4nger die auf ihr Budget schauen wollen!<\/p>\n<h2>Eigenschaften LACD Twin Cams<\/h2>\n<ul>\n<li>Hersteller: <a href=\"https:\/\/bolting.eu\/produkt-kategorie\/lacd\/\">LACD<\/a><\/li>\n<li>Bauweise: zweiachsiger Friend<\/li>\n<li>Gr\u00f6\u00dfen: 8 Gr\u00f6\u00dfen #0,5 bis #4 (nicht kompatibel zu den BD Camalots!)<\/li>\n<li>Rissbreiten: 16,2mm bis 95mm<\/li>\n<li>gute Ergonomie<\/li>\n<li>14mm Dyneema Schlinge<\/li>\n<li>Klemmsegmente und Steg aus Aluminium<\/li>\n<li>alle Gr\u00f6\u00dfen haben unterschiedliche Farbe<\/li>\n<li>doppelte <a href=\"https:\/\/bolting.eu\/produkt-kategorie\/kletterausruestung\/bandschlinge\/\">Bandschlinge<\/a> (nur 1 <a href=\"https:\/\/bolting.eu\/produkt-kategorie\/kletterausruestung\/kletterkarabiner\/schnappkarabiner\/\">Schnappkarabiner<\/a> n\u00f6tig!)<\/li>\n<li>Gewicht: 92 Gramm bis 265 Gramm<\/li>\n<li>Set mit 8 Stk. = 1,26kg<\/li>\n<li><a href=\"http:\/\/www.lacd.de\/wp-content\/uploads\/2021\/02\/EU-Konformit\u00e4tserkl\u00e4rung-Twin-Cams-16-04-2020.pdf\" target=\"_blank\" rel=\"noopener\">Konformit\u00e4tserkl\u00e4rung<\/a><\/li>\n<\/ul>\n<h3>Produkttabelle<\/h3>\n<p>Im Folgenden findet Ihr die Produkttabelle der LACD Twin Cams. Hier k\u00f6nnt ihr alle wichtigen Infos auf einen Blick sehen.<\/p>\n<table style=\"height: 275px;\" width=\"601\">\n<tbody>\n<tr>\n<td style=\"text-align: center;\" colspan=\"7\" width=\"609\"><strong><span style=\"font-size: 120%;\">Produkt\u00fcbersicht LACD Twin Cams<\/span><\/strong><\/td>\n<\/tr>\n<tr>\n<td style=\"text-align: center;\"><strong>Gr\u00f6\u00dfe<\/strong><\/td>\n<td style=\"text-align: center;\"><strong>Farbe<\/strong><\/td>\n<td style=\"text-align: center;\"><strong>Gewicht<\/strong><\/td>\n<td style=\"text-align: center;\"><strong>Bruchlast<\/strong><\/td>\n<td style=\"text-align: center;\"><strong>minimale Weite<\/strong><\/td>\n<td style=\"text-align: center;\"><strong>maximale Weite<\/strong><\/td>\n<td style=\"text-align: center;\"><strong>Artikel-Nr.<\/strong><\/td>\n<\/tr>\n<tr>\n<td style=\"text-align: center;\">\u00a0#0,5<\/td>\n<td style=\"text-align: center;\">blue<\/td>\n<td style=\"text-align: center;\">92 g<\/td>\n<td style=\"text-align: center;\">7kN<\/td>\n<td style=\"text-align: center;\">16,2 mm<\/td>\n<td style=\"text-align: center;\">25 mm<\/td>\n<td style=\"text-align: center;\">1320<\/td>\n<\/tr>\n<tr>\n<td style=\"text-align: center;\">#1<\/td>\n<td style=\"text-align: center;\">grey<\/td>\n<td style=\"text-align: center;\">94 g<\/td>\n<td style=\"text-align: center;\">7kN<\/td>\n<td style=\"text-align: center;\">17,9 mm<\/td>\n<td style=\"text-align: center;\">30,6 mm<\/td>\n<td style=\"text-align: center;\">1321<\/td>\n<\/tr>\n<tr>\n<td style=\"text-align: center;\">#1,5<\/td>\n<td style=\"text-align: center;\">purple<\/td>\n<td style=\"text-align: center;\">117 g<\/td>\n<td style=\"text-align: center;\">8kN<\/td>\n<td style=\"text-align: center;\">24,2 mm<\/td>\n<td style=\"text-align: center;\">37 mm<\/td>\n<td style=\"text-align: center;\">1322<\/td>\n<\/tr>\n<tr>\n<td style=\"text-align: center;\">#2<\/td>\n<td style=\"text-align: center;\">green<\/td>\n<td style=\"text-align: center;\">129 g<\/td>\n<td style=\"text-align: center;\">8kN<\/td>\n<td style=\"text-align: center;\">29 mm<\/td>\n<td style=\"text-align: center;\">46 mm<\/td>\n<td style=\"text-align: center;\">1323<\/td>\n<\/tr>\n<tr>\n<td style=\"text-align: center;\">#2,5<\/td>\n<td style=\"text-align: center;\">red<\/td>\n<td style=\"text-align: center;\">168 g<\/td>\n<td style=\"text-align: center;\">8kN<\/td>\n<td style=\"text-align: center;\">33,5 mm<\/td>\n<td style=\"text-align: center;\">58 mm<\/td>\n<td style=\"text-align: center;\">1324<\/td>\n<\/tr>\n<tr>\n<td style=\"text-align: center;\">#3<\/td>\n<td style=\"text-align: center;\">yellow<\/td>\n<td style=\"text-align: center;\">179 g<\/td>\n<td style=\"text-align: center;\">10kN<\/td>\n<td style=\"text-align: center;\">37,5 mm<\/td>\n<td style=\"text-align: center;\">70 mm<\/td>\n<td style=\"text-align: center;\">1325<\/td>\n<\/tr>\n<tr>\n<td style=\"text-align: center;\">#3,5<\/td>\n<td style=\"text-align: center;\">blue<\/td>\n<td style=\"text-align: center;\">232 g<\/td>\n<td style=\"text-align: center;\">10kN<\/td>\n<td style=\"text-align: center;\">50 mm<\/td>\n<td style=\"text-align: center;\">80 mm<\/td>\n<td style=\"text-align: center;\">1326<\/td>\n<\/tr>\n<tr>\n<td style=\"text-align: center;\">#4<\/td>\n<td style=\"text-align: center;\">grey<\/td>\n<td style=\"text-align: center;\">265 g<\/td>\n<td style=\"text-align: center;\">10kN<\/td>\n<td style=\"text-align: center;\">65,5 mm<\/td>\n<td style=\"text-align: center;\">9 mm5<\/td>\n<td style=\"text-align: center;\">1327<\/td>\n<\/tr>\n<\/tbody>\n<\/table>\n<h3>Eigene Gr\u00f6\u00dfen Tabelle<\/h3>\n<p>Bitte beachtet unbedingt. Die Farben der Twin Cams k\u00f6nnt ihr nicht 1:1 in die sonst \u00fcbliche Camalot Skala \u00fcbertragen. D.h. die Klemmbereiche der einzelnen Farben sind nur ungef\u00e4hr die selben. Ident sie sie aber nicht!<\/p>\n<p>Folglich k\u00f6nnt ihr die selben Farben teilweise nicht f\u00fcr die selben Rissbreiten verwenden.<\/p>\n","protected":false},"excerpt":{"rendered":"<p>Die LACD TWIN CAMS sind preiswerte, doppelachsige Friends mit verl\u00e4ngerbarer Bandschlinge. Sie sind in 8 Gr\u00f6\u00dfen erh\u00e4ltlich und eine g\u00fcnstige Alternative zu den teureren Modellen der Markenhersteller.<\/p>\n<p>Ideal f\u00fcr sporadische Eins\u00e4tze oder Kletterer die auf ihr Budget achten!<\/p>\n<p>Versandkostenfrei bis 2kg in <img decoding=\"async\" class=\"emoji\" role=\"img\" draggable=\"false\" src=\"https:\/\/s.w.org\/images\/core\/emoji\/14.0.0\/svg\/1f1e6-1f1f9.svg\" alt=\"\ud83c\udde6\ud83c\uddf9\" \/> ab \u20ac 100,- und <img decoding=\"async\" class=\"emoji\" role=\"img\" draggable=\"false\" src=\"https:\/\/s.w.org\/images\/core\/emoji\/14.0.0\/svg\/1f1e9-1f1ea.svg\" alt=\"\ud83c\udde9\ud83c\uddea\" \/> ab \u20ac 200,-!<\/p>\n","protected":false},"featured_media":9924,"comment_status":"open","ping_status":"closed","template":"","meta":[],"product_brand":[],"product_cat":[29,39,4669],"product_tag":[],"class_list":{"0":"post-9914","1":"product","2":"type-product","3":"status-publish","4":"has-post-thumbnail","6":"product_cat-kletterausruestung","7":"product_cat-klemmgeraete-friends","8":"product_cat-lacd","10":"first","11":"outofstock","12":"sale","13":"taxable","14":"shipping-taxable","15":"purchasable","16":"product-type-variable"},"yoast_head":"<!-- This site is optimized with the Yoast SEO Premium plugin v26.9 (Yoast SEO v26.9) - https:\/\/yoast.com\/product\/yoast-seo-premium-wordpress\/ -->\n<title>LACD Twin Cams - preisg\u00fcnstige doppelachsige Friends | bolting.eu<\/title>\n<meta name=\"description\" content=\"LACD TWIN CAMS g\u00fcnstig beim Kletter Hardwareprofi aus Innsbruck kaufen \u2705 kostenloser Versand* \u2705 14 Tage R\u00fcckgaberecht \u2705 Co2 neutraler Versand\" \/>\n<meta name=\"robots\" content=\"index, follow, max-snippet:-1, max-image-preview:large, max-video-preview:-1\" \/>\n<link rel=\"canonical\" href=\"https:\/\/bolting.eu\/en\/shop\/lacd-twin-cams\/\" \/>\n<meta property=\"og:locale\" content=\"en_US\" \/>\n<meta property=\"og:type\" content=\"article\" \/>\n<meta property=\"og:title\" content=\"LACD Twin Cams\" \/>\n<meta property=\"og:description\" content=\"LACD TWIN CAMS g\u00fcnstig beim Kletter Hardwareprofi aus Innsbruck kaufen \u2705 kostenloser Versand* \u2705 14 Tage R\u00fcckgaberecht \u2705 Co2 neutraler Versand\" \/>\n<meta property=\"og:url\" content=\"https:\/\/bolting.eu\/en\/shop\/lacd-twin-cams\/\" \/>\n<meta property=\"og:site_name\" content=\"bolting.eu\" \/>\n<meta property=\"article:publisher\" content=\"https:\/\/www.facebook.com\/bolting.eu\" \/>\n<meta property=\"article:modified_time\" content=\"2024-09-23T14:07:50+00:00\" \/>\n<meta property=\"og:image\" content=\"https:\/\/bolting.eu\/wp-content\/uploads\/2021\/09\/LACD-TWin-CAm-Set.jpg\" \/>\n\t<meta property=\"og:image:width\" content=\"700\" \/>\n\t<meta property=\"og:image:height\" content=\"700\" \/>\n\t<meta property=\"og:image:type\" content=\"image\/jpeg\" \/>\n<meta name=\"twitter:card\" content=\"summary_large_image\" \/>\n<meta name=\"twitter:label1\" content=\"Availability\" \/>\n\t<meta name=\"twitter:data1\" content=\"Out of stock\" \/>\n<script type=\"application\/ld+json\" class=\"yoast-schema-graph\">{\"@context\":\"https:\/\/schema.org\",\"@graph\":[{\"@type\":[\"WebPage\",\"ItemPage\"],\"@id\":\"https:\/\/bolting.eu\/en\/shop\/lacd-twin-cams\/\",\"url\":\"https:\/\/bolting.eu\/en\/shop\/lacd-twin-cams\/\",\"name\":\"LACD Twin Cams - preisg\u00fcnstige doppelachsige Friends | bolting.eu\",\"isPartOf\":{\"@id\":\"https:\/\/bolting.eu\/en\/#website\"},\"primaryImageOfPage\":{\"@id\":\"https:\/\/bolting.eu\/en\/shop\/lacd-twin-cams\/#primaryimage\"},\"image\":{\"@id\":\"https:\/\/bolting.eu\/en\/shop\/lacd-twin-cams\/#primaryimage\"},\"thumbnailUrl\":\"https:\/\/bolting.eu\/wp-content\/uploads\/2021\/09\/LACD-TWin-CAm-Set.jpg\",\"datePublished\":\"2021-09-13T14:15:23+00:00\",\"dateModified\":\"2024-09-23T14:07:50+00:00\",\"description\":\"LACD TWIN CAMS g\u00fcnstig beim Kletter Hardwareprofi aus Innsbruck kaufen \u2705 kostenloser Versand* \u2705 14 Tage R\u00fcckgaberecht \u2705 Co2 neutraler Versand\",\"breadcrumb\":{\"@id\":\"https:\/\/bolting.eu\/en\/shop\/lacd-twin-cams\/#breadcrumb\"},\"inLanguage\":\"en-US\",\"potentialAction\":[{\"@type\":\"ReadAction\",\"target\":[\"https:\/\/bolting.eu\/en\/shop\/lacd-twin-cams\/\"]}]},{\"@type\":\"ImageObject\",\"inLanguage\":\"en-US\",\"@id\":\"https:\/\/bolting.eu\/en\/shop\/lacd-twin-cams\/#primaryimage\",\"url\":\"https:\/\/bolting.eu\/wp-content\/uploads\/2021\/09\/LACD-TWin-CAm-Set.jpg\",\"contentUrl\":\"https:\/\/bolting.eu\/wp-content\/uploads\/2021\/09\/LACD-TWin-CAm-Set.jpg\",\"width\":700,\"height\":700,\"caption\":\"Das Bild zeigt ein Set LACD Twin Cams. Die acht St\u00fcck LACD Friends sind in 2 Reihen zu vier St\u00fcck zu sehen.\"},{\"@type\":\"BreadcrumbList\",\"@id\":\"https:\/\/bolting.eu\/en\/shop\/lacd-twin-cams\/#breadcrumb\",\"itemListElement\":[{\"@type\":\"ListItem\",\"position\":1,\"name\":\"Shop\",\"item\":\"https:\/\/bolting.eu\/en\/shop\/\"},{\"@type\":\"ListItem\",\"position\":2,\"name\":\"climbing equipment\",\"item\":\"https:\/\/bolting.eu\/en\/produkt-kategorie\/climbing-equipment\/\"},{\"@type\":\"ListItem\",\"position\":3,\"name\":\"Klemmger\u00e4te - Friends\",\"item\":\"https:\/\/bolting.eu\/produkt-kategorie\/kletterausruestung\/klemmgeraete-friends\/\"},{\"@type\":\"ListItem\",\"position\":4,\"name\":\"LACD Twin Cams\"}]},{\"@type\":\"WebSite\",\"@id\":\"https:\/\/bolting.eu\/en\/#website\",\"url\":\"https:\/\/bolting.eu\/en\/\",\"name\":\"bolting.eu\",\"description\":\"we make climbs happen\",\"publisher\":{\"@id\":\"https:\/\/bolting.eu\/en\/#organization\"},\"potentialAction\":[{\"@type\":\"SearchAction\",\"target\":{\"@type\":\"EntryPoint\",\"urlTemplate\":\"https:\/\/bolting.eu\/en\/?s={search_term_string}\"},\"query-input\":{\"@type\":\"PropertyValueSpecification\",\"valueRequired\":true,\"valueName\":\"search_term_string\"}}],\"inLanguage\":\"en-US\"},{\"@type\":[\"Organization\",\"Place\",\"SportingGoodsStore\"],\"@id\":\"https:\/\/bolting.eu\/en\/#organization\",\"name\":\"bolting.eu\",\"url\":\"https:\/\/bolting.eu\/en\/\",\"logo\":{\"@id\":\"https:\/\/bolting.eu\/en\/shop\/lacd-twin-cams\/#local-main-organization-logo\"},\"image\":{\"@id\":\"https:\/\/bolting.eu\/en\/shop\/lacd-twin-cams\/#local-main-organization-logo\"},\"sameAs\":[\"https:\/\/www.facebook.com\/bolting.eu\",\"https:\/\/www.instagram.com\/bolting.eu\/\"],\"address\":{\"@id\":\"https:\/\/bolting.eu\/en\/shop\/lacd-twin-cams\/#local-main-place-address\"},\"geo\":{\"@type\":\"GeoCoordinates\",\"latitude\":\"47.264176340396226\",\"longitude\":\"11.380109057672346\"},\"telephone\":[\"+43 699 19083372\"],\"openingHoursSpecification\":[{\"@type\":\"OpeningHoursSpecification\",\"dayOfWeek\":[\"Monday\",\"Wednesday\",\"Friday\"],\"opens\":\"14:00\",\"closes\":\"18:00\"},{\"@type\":\"OpeningHoursSpecification\",\"dayOfWeek\":[\"Tuesday\",\"Thursday\",\"Saturday\",\"Sunday\"],\"opens\":\"00:00\",\"closes\":\"00:00\"}],\"email\":\"office@bolting.eu\",\"vatID\":\"ATU59999728\",\"priceRange\":\"$$\",\"currenciesAccepted\":\"Euro\"},{\"@type\":\"PostalAddress\",\"@id\":\"https:\/\/bolting.eu\/en\/shop\/lacd-twin-cams\/#local-main-place-address\",\"streetAddress\":\"Fischnalerstra\u00dfe 4\",\"addressLocality\":\"Innsbruck\",\"postalCode\":\"6020\",\"addressRegion\":\"Tirol\",\"addressCountry\":\"AT\"},{\"@type\":\"ImageObject\",\"inLanguage\":\"en-US\",\"@id\":\"https:\/\/bolting.eu\/en\/shop\/lacd-twin-cams\/#local-main-organization-logo\",\"url\":\"https:\/\/bolting.eu\/wp-content\/uploads\/2019\/09\/bolting-logo.png\",\"contentUrl\":\"https:\/\/bolting.eu\/wp-content\/uploads\/2019\/09\/bolting-logo.png\",\"width\":400,\"height\":211,\"caption\":\"bolting.eu\"}]}<\/script>\n<meta property=\"og:availability\" content=\"out of stock\" \/>\n<meta property=\"product:availability\" content=\"out of stock\" \/>\n<meta property=\"product:condition\" content=\"new\" \/>\n<meta name=\"geo.placename\" content=\"Innsbruck\" \/>\n<meta name=\"geo.position\" content=\"47.264176340396226;11.380109057672346\" \/>\n<meta name=\"geo.region\" content=\"Austria\" \/>\n<!-- \/ Yoast SEO Premium plugin. -->","yoast_head_json":{"title":"LACD Twin Cams - preisg\u00fcnstige doppelachsige Friends | bolting.eu","description":"LACD TWIN CAMS g\u00fcnstig beim Kletter Hardwareprofi aus Innsbruck kaufen \u2705 kostenloser Versand* \u2705 14 Tage R\u00fcckgaberecht \u2705 Co2 neutraler Versand","robots":{"index":"index","follow":"follow","max-snippet":"max-snippet:-1","max-image-preview":"max-image-preview:large","max-video-preview":"max-video-preview:-1"},"canonical":"https:\/\/bolting.eu\/en\/shop\/lacd-twin-cams\/","og_locale":"en_US","og_type":"article","og_title":"LACD Twin Cams","og_description":"LACD TWIN CAMS g\u00fcnstig beim Kletter Hardwareprofi aus Innsbruck kaufen \u2705 kostenloser Versand* \u2705 14 Tage R\u00fcckgaberecht \u2705 Co2 neutraler Versand","og_url":"https:\/\/bolting.eu\/en\/shop\/lacd-twin-cams\/","og_site_name":"bolting.eu","article_publisher":"https:\/\/www.facebook.com\/bolting.eu","article_modified_time":"2024-09-23T14:07:50+00:00","og_image":[{"width":700,"height":700,"url":"https:\/\/bolting.eu\/wp-content\/uploads\/2021\/09\/LACD-TWin-CAm-Set.jpg","type":"image\/jpeg"}],"twitter_card":"summary_large_image","twitter_misc":{"Availability":"Out of stock"},"schema":{"@context":"https:\/\/schema.org","@graph":[{"@type":["WebPage","ItemPage"],"@id":"https:\/\/bolting.eu\/en\/shop\/lacd-twin-cams\/","url":"https:\/\/bolting.eu\/en\/shop\/lacd-twin-cams\/","name":"LACD Twin Cams - preisg\u00fcnstige doppelachsige Friends | bolting.eu","isPartOf":{"@id":"https:\/\/bolting.eu\/en\/#website"},"primaryImageOfPage":{"@id":"https:\/\/bolting.eu\/en\/shop\/lacd-twin-cams\/#primaryimage"},"image":{"@id":"https:\/\/bolting.eu\/en\/shop\/lacd-twin-cams\/#primaryimage"},"thumbnailUrl":"https:\/\/bolting.eu\/wp-content\/uploads\/2021\/09\/LACD-TWin-CAm-Set.jpg","datePublished":"2021-09-13T14:15:23+00:00","dateModified":"2024-09-23T14:07:50+00:00","description":"LACD TWIN CAMS g\u00fcnstig beim Kletter Hardwareprofi aus Innsbruck kaufen \u2705 kostenloser Versand* \u2705 14 Tage R\u00fcckgaberecht \u2705 Co2 neutraler Versand","breadcrumb":{"@id":"https:\/\/bolting.eu\/en\/shop\/lacd-twin-cams\/#breadcrumb"},"inLanguage":"en-US","potentialAction":[{"@type":"ReadAction","target":["https:\/\/bolting.eu\/en\/shop\/lacd-twin-cams\/"]}]},{"@type":"ImageObject","inLanguage":"en-US","@id":"https:\/\/bolting.eu\/en\/shop\/lacd-twin-cams\/#primaryimage","url":"https:\/\/bolting.eu\/wp-content\/uploads\/2021\/09\/LACD-TWin-CAm-Set.jpg","contentUrl":"https:\/\/bolting.eu\/wp-content\/uploads\/2021\/09\/LACD-TWin-CAm-Set.jpg","width":700,"height":700,"caption":"Das Bild zeigt ein Set LACD Twin Cams. Die acht St\u00fcck LACD Friends sind in 2 Reihen zu vier St\u00fcck zu sehen."},{"@type":"BreadcrumbList","@id":"https:\/\/bolting.eu\/en\/shop\/lacd-twin-cams\/#breadcrumb","itemListElement":[{"@type":"ListItem","position":1,"name":"Shop","item":"https:\/\/bolting.eu\/en\/shop\/"},{"@type":"ListItem","position":2,"name":"climbing equipment","item":"https:\/\/bolting.eu\/en\/produkt-kategorie\/climbing-equipment\/"},{"@type":"ListItem","position":3,"name":"Klemmger\u00e4te - Friends","item":"https:\/\/bolting.eu\/produkt-kategorie\/kletterausruestung\/klemmgeraete-friends\/"},{"@type":"ListItem","position":4,"name":"LACD Twin Cams"}]},{"@type":"WebSite","@id":"https:\/\/bolting.eu\/en\/#website","url":"https:\/\/bolting.eu\/en\/","name":"bolting.eu","description":"we make climbs happen","publisher":{"@id":"https:\/\/bolting.eu\/en\/#organization"},"potentialAction":[{"@type":"SearchAction","target":{"@type":"EntryPoint","urlTemplate":"https:\/\/bolting.eu\/en\/?s={search_term_string}"},"query-input":{"@type":"PropertyValueSpecification","valueRequired":true,"valueName":"search_term_string"}}],"inLanguage":"en-US"},{"@type":["Organization","Place","SportingGoodsStore"],"@id":"https:\/\/bolting.eu\/en\/#organization","name":"bolting.eu","url":"https:\/\/bolting.eu\/en\/","logo":{"@id":"https:\/\/bolting.eu\/en\/shop\/lacd-twin-cams\/#local-main-organization-logo"},"image":{"@id":"https:\/\/bolting.eu\/en\/shop\/lacd-twin-cams\/#local-main-organization-logo"},"sameAs":["https:\/\/www.facebook.com\/bolting.eu","https:\/\/www.instagram.com\/bolting.eu\/"],"address":{"@id":"https:\/\/bolting.eu\/en\/shop\/lacd-twin-cams\/#local-main-place-address"},"geo":{"@type":"GeoCoordinates","latitude":"47.264176340396226","longitude":"11.380109057672346"},"telephone":["+43 699 19083372"],"openingHoursSpecification":[{"@type":"OpeningHoursSpecification","dayOfWeek":["Monday","Wednesday","Friday"],"opens":"14:00","closes":"18:00"},{"@type":"OpeningHoursSpecification","dayOfWeek":["Tuesday","Thursday","Saturday","Sunday"],"opens":"00:00","closes":"00:00"}],"email":"office@bolting.eu","vatID":"ATU59999728","priceRange":"$$","currenciesAccepted":"Euro"},{"@type":"PostalAddress","@id":"https:\/\/bolting.eu\/en\/shop\/lacd-twin-cams\/#local-main-place-address","streetAddress":"Fischnalerstra\u00dfe 4","addressLocality":"Innsbruck","postalCode":"6020","addressRegion":"Tirol","addressCountry":"AT"},{"@type":"ImageObject","inLanguage":"en-US","@id":"https:\/\/bolting.eu\/en\/shop\/lacd-twin-cams\/#local-main-organization-logo","url":"https:\/\/bolting.eu\/wp-content\/uploads\/2019\/09\/bolting-logo.png","contentUrl":"https:\/\/bolting.eu\/wp-content\/uploads\/2019\/09\/bolting-logo.png","width":400,"height":211,"caption":"bolting.eu"}]},"og_availability":"out of stock","product_availability":"out of stock","product_condition":"new","geo.placename":"Innsbruck","geo.position":{"lat":"47.264176340396226","long":"11.380109057672346"},"geo.region":"Austria"},"_links":{"self":[{"href":"https:\/\/bolting.eu\/en\/wp-json\/wp\/v2\/product\/9914","targetHints":{"allow":["GET"]}}],"collection":[{"href":"https:\/\/bolting.eu\/en\/wp-json\/wp\/v2\/product"}],"about":[{"href":"https:\/\/bolting.eu\/en\/wp-json\/wp\/v2\/types\/product"}],"replies":[{"embeddable":true,"href":"https:\/\/bolting.eu\/en\/wp-json\/wp\/v2\/comments?post=9914"}],"wp:featuredmedia":[{"embeddable":true,"href":"https:\/\/bolting.eu\/en\/wp-json\/wp\/v2\/media\/9924"}],"wp:attachment":[{"href":"https:\/\/bolting.eu\/en\/wp-json\/wp\/v2\/media?parent=9914"}],"wp:term":[{"taxonomy":"product_brand","embeddable":true,"href":"https:\/\/bolting.eu\/en\/wp-json\/wp\/v2\/product_brand?post=9914"},{"taxonomy":"product_cat","embeddable":true,"href":"https:\/\/bolting.eu\/en\/wp-json\/wp\/v2\/product_cat?post=9914"},{"taxonomy":"product_tag","embeddable":true,"href":"https:\/\/bolting.eu\/en\/wp-json\/wp\/v2\/product_tag?post=9914"}],"curies":[{"name":"wp","href":"https:\/\/api.w.org\/{rel}","templated":true}]}}