{"id":9895,"date":"2021-09-13T13:57:44","date_gmt":"2021-09-13T11:57:44","guid":{"rendered":"https:\/\/bolting.eu\/?post_type=product&#038;p=9895"},"modified":"2026-04-23T21:54:03","modified_gmt":"2026-04-23T19:54:03","slug":"wild-country-friends","status":"publish","type":"product","link":"https:\/\/bolting.eu\/en\/shop\/wild-country-friends\/","title":{"rendered":"Wild Country Friends"},"content":{"rendered":"<p>Die Wild Country Friends sind die top aktuellen Modelle dieses Mega Klassikers. Denn Wild Country stellt das <a href=\"https:\/\/bolting.eu\/produkt-kategorie\/kletterausruestung\/klemmgeraete-friends\/\">Klemmger\u00e4t<\/a> &#8220;Friend&#8221; bereits seit 1977 her.<\/p>\n<p>Geblieben ist der ideale Klemmwinkel der Klemmsegmente von 13,75\u00b0. Unver\u00e4ndert ist der DER ideale Winkel um die ideale Klemmkraft zu entfalten. Neu ist so ziemlich alles andere an diesem Produkt.<\/p>\n<p>Denn die Wild Country Friends haben sich im Laufe der Zeit immer weiter entwickelt. So auch das top aktuelle Modell. Dabei sticht vor allem die moderne Doppelachse hervor. Sie sorgt f\u00fcr einen wesentlich gr\u00f6\u00dferen Bereich, in welchem die Klemmsegmente ge\u00f6ffnet bzw. geschlossen werden k\u00f6nnen.<\/p>\n<p>Dar\u00fcber hinaus unterscheidet vor allem ein Feature diesen Friend vom Hauptkonkurrenten Black Diamond Camalot. Die lange, doppelte <a href=\"https:\/\/bolting.eu\/produkt-kategorie\/kletterausruestung\/bandschlinge\/\">Bandschlinge<\/a>!<\/p>\n<p>Wer einen etwas robusteren Friend mit Doppelachse sucht, der ist hier genau richtig!<\/p>\n<h2>Eigenschaften Friends<\/h2>\n<ul>\n<li>Hersteller: <a href=\"https:\/\/bolting.eu\/produkt-kategorie\/wild-country\/\">Wild Country<\/a><\/li>\n<li>Gr\u00f6\u00dfen: #0,4 bis #3 (Siehe Tabelle)<\/li>\n<li>Gewicht: 75 Gramm &#8211; 192 Gramm<\/li>\n<li>Klemmbereich: 21mm &#8211; 112mm<\/li>\n<li>Gewicht Set: 722 Gramm<\/li>\n<li>moderner 2-achsiger Friend<\/li>\n<li>doppelte, lange Bandschlinge<\/li>\n<li>Trigger ersetzbar mit eigenem Trigger Kit<\/li>\n<li>hohlachsiger Stamm<\/li>\n<li>jede Gr\u00f6\u00dfe hat die Standard Farben f\u00fcr Friends<\/li>\n<li>einzeln oder im Set erh\u00e4ltlich<\/li>\n<li><a href=\"https:\/\/cdn1.wildcountry.com\/media\/pdf\/59\/c6\/f9\/fcaaf21b-3a41-449f-a766-280585c12fd8.pdf\" target=\"_blank\" rel=\"noopener\">Bedienungsanleitung<\/a><\/li>\n<\/ul>\n<h3>Gr\u00f6\u00dfentabelle Wild Country Friends<\/h3>\n<table style=\"border-collapse: collapse; width: 325pt;\" border=\"0\" width=\"435\" cellspacing=\"0\" cellpadding=\"0\">\n<tbody>\n<tr style=\"height: 16.0pt;\">\n<td class=\"xl63\" style=\"height: 16pt; width: 325pt; text-align: center;\" colspan=\"5\" width=\"435\" height=\"21\"><strong><span style=\"font-size: 115%;\">Wild Country Friends &#8211; Produkt\u00fcbersicht<\/span><\/strong><\/td>\n<\/tr>\n<tr style=\"height: 16.0pt;\">\n<td class=\"xl63\" style=\"height: 16pt; text-align: center;\" height=\"21\"><strong><span style=\"background-color: #c0c0c0;\">Gr\u00f6\u00dfe<\/span><\/strong><\/td>\n<td class=\"xl63\" style=\"text-align: center;\"><strong><span style=\"background-color: #c0c0c0;\">Farbe<\/span><\/strong><\/td>\n<td class=\"xl63\" style=\"text-align: center;\"><strong><span style=\"background-color: #c0c0c0;\">Bruchlast<\/span><\/strong><\/td>\n<td class=\"xl63\" style=\"text-align: center;\"><strong><span style=\"background-color: #c0c0c0;\">Klemmbereich<\/span><\/strong><\/td>\n<td class=\"xl63\" style=\"text-align: center;\"><strong><span style=\"background-color: #c0c0c0;\">Gewicht<\/span><\/strong><\/td>\n<\/tr>\n<tr style=\"height: 16.0pt;\">\n<td class=\"xl63\" style=\"height: 16pt; text-align: center;\" height=\"21\">#0,4<\/td>\n<td class=\"xl63\" style=\"text-align: center;\">grau<\/td>\n<td class=\"xl63\" style=\"text-align: center;\">10 kN<\/td>\n<td class=\"xl63\" style=\"text-align: center;\">21 &#8211; 34mm<\/td>\n<td class=\"xl63\" style=\"text-align: center;\">75 g<\/td>\n<\/tr>\n<tr style=\"height: 16.0pt;\">\n<td class=\"xl63\" style=\"height: 16pt; text-align: center;\" height=\"21\">#0,5<\/td>\n<td class=\"xl63\" style=\"text-align: center;\">lila<\/td>\n<td class=\"xl63\" style=\"text-align: center;\">10 kN<\/td>\n<td class=\"xl63\" style=\"text-align: center;\">26 &#8211; 43mm<\/td>\n<td class=\"xl63\" style=\"text-align: center;\">88 g<\/td>\n<\/tr>\n<tr style=\"height: 16.0pt;\">\n<td class=\"xl63\" style=\"height: 16pt; text-align: center;\" height=\"21\">#0,75<\/td>\n<td class=\"xl63\" style=\"text-align: center;\">gr\u00fcn<\/td>\n<td class=\"xl63\" style=\"text-align: center;\">10 kN<\/td>\n<td class=\"xl63\" style=\"text-align: center;\">32 &#8211; 54mm<\/td>\n<td class=\"xl63\" style=\"text-align: center;\">102 g<\/td>\n<\/tr>\n<tr style=\"height: 16.0pt;\">\n<td class=\"xl63\" style=\"height: 16pt; text-align: center;\" height=\"21\">#1<\/td>\n<td class=\"xl63\" style=\"text-align: center;\">rot<\/td>\n<td class=\"xl63\" style=\"text-align: center;\">10 kN<\/td>\n<td class=\"xl63\" style=\"text-align: center;\">42 &#8211; 69mm<\/td>\n<td class=\"xl63\" style=\"text-align: center;\">123 g<\/td>\n<\/tr>\n<tr style=\"height: 16.0pt;\">\n<td class=\"xl63\" style=\"height: 16pt; text-align: center;\" height=\"21\">#2<\/td>\n<td class=\"xl63\" style=\"text-align: center;\">gelb<\/td>\n<td class=\"xl63\" style=\"text-align: center;\">10 kN<\/td>\n<td class=\"xl63\" style=\"text-align: center;\">53 &#8211; 84mm<\/td>\n<td class=\"xl63\" style=\"text-align: center;\">142 g<\/td>\n<\/tr>\n<tr style=\"height: 16.0pt;\">\n<td class=\"xl63\" style=\"height: 16pt; text-align: center;\" height=\"21\">#3<\/td>\n<td class=\"xl63\" style=\"text-align: center;\">blau<\/td>\n<td class=\"xl63\" style=\"text-align: center;\">10 kN<\/td>\n<td class=\"xl63\" style=\"text-align: center;\">67 -112mm<\/td>\n<td class=\"xl63\" style=\"text-align: center;\">192 g<\/td>\n<\/tr>\n<\/tbody>\n<\/table>\n<h3>Markenzeichen &#8211; doppelte Bandschline<\/h3>\n<p>Die Friends von Wild Country haben ihr eigenes Markenzeichen. Die doppelte Bandschlinge!<\/p>\n<p>D.h. durch die Karabinerschlaufe am Ende des Schaftes, ist eine ca. 40cm lange Bandschlinge doppelt gef\u00e4delt. Diese kann sowohl doppelt (also kurz) oder ausgezogen (lange) verwendet werden. Man hat quasi eine 20cm Verl\u00e4ngerung immer dabei!<\/p>\n<p>Somit erm\u00f6glicht die ausgezogene Version die Verwendung von nur einem <a href=\"https:\/\/bolting.eu\/produkt-kategorie\/kletterausruestung\/kletterkarabiner\/\">Kletterkarabiner<\/a>. Das ist ein klarer Vorteil gegen\u00fcber den leichteren Modellen. Denn diese m\u00fcssen im Grunde fast immer mit einer separaten <a href=\"https:\/\/bolting.eu\/produkt-kategorie\/kletterausruestung\/expressschlingen\/\">Expressschlinge<\/a> verwendet werden. Ansonsten gibt es n\u00e4mlich mega Seilreibung.<\/p>\n<h3>Wild Country Friends &#8211; moderne Doppelachse<\/h3>\n<p>Seit dem Auslaufen des Patents f\u00fcr doppelachsige Friends, bauen viele Hersteller dieses nach. So auch Wild Country.<\/p>\n<p>Der Vorteil dieser Bauweise ist die Erweiterung des Klemmbereichs der Friends. D.h. besser ausgedr\u00fcckt. Die Klemmsegmente dieser Friends kann man wesentlich weiter zusammen dr\u00fccken bzw. aufmachen, als bei nur einer Achse. Der Klemmbereich l\u00e4sst sich somit fast verdoppeln.<\/p>\n<h3>Trigger Repair Kit erh\u00e4ltlich<\/h3>\n<figure id=\"attachment_9905\" aria-describedby=\"caption-attachment-9905\" style=\"width: 280px\" class=\"wp-caption alignleft\"><a href=\"https:\/\/bolting.eu\/wp-content\/uploads\/2021\/09\/Wild-Country-Friends-Trigger-Repair-Kit.jpg\"><img loading=\"lazy\" decoding=\"async\" class=\"wp-image-9905 size-thumbnail\" src=\"https:\/\/bolting.eu\/wp-content\/uploads\/2021\/09\/Wild-Country-Friends-Trigger-Repair-Kit-280x280.jpg\" alt=\"Das Bild zeigt einen Wild Country Trigger Repair Kit. Einen Plastikbeutel mit den Drahtst\u00fccken und einem schwarzem LAbel.\" width=\"280\" height=\"280\" srcset=\"https:\/\/bolting.eu\/wp-content\/uploads\/2021\/09\/Wild-Country-Friends-Trigger-Repair-Kit-280x280.jpg 280w, https:\/\/bolting.eu\/wp-content\/uploads\/2021\/09\/Wild-Country-Friends-Trigger-Repair-Kit-100x100.jpg 100w, https:\/\/bolting.eu\/wp-content\/uploads\/2021\/09\/Wild-Country-Friends-Trigger-Repair-Kit-510x510.jpg 510w, https:\/\/bolting.eu\/wp-content\/uploads\/2021\/09\/Wild-Country-Friends-Trigger-Repair-Kit-400x400.jpg 400w, https:\/\/bolting.eu\/wp-content\/uploads\/2021\/09\/Wild-Country-Friends-Trigger-Repair-Kit-300x300.jpg 300w, https:\/\/bolting.eu\/wp-content\/uploads\/2021\/09\/Wild-Country-Friends-Trigger-Repair-Kit-600x600.jpg 600w, https:\/\/bolting.eu\/wp-content\/uploads\/2021\/09\/Wild-Country-Friends-Trigger-Repair-Kit.jpg 700w\" sizes=\"auto, (max-width: 280px) 100vw, 280px\" \/><\/a><figcaption id=\"caption-attachment-9905\" class=\"wp-caption-text\">Der passende Kit f\u00fcr DIY Reparatur der Trigger!<\/figcaption><\/figure>\n<p>F\u00fcr die Klemmger\u00e4te ist ein eigener Trigger Repair Kit erh\u00e4ltlich. Somit hat man die M\u00f6glichkeit der DIY Reparatur.<\/p>\n<p>Zugegeben. Der Einbau der neuen Trigger ist zwar etwas aufwendig und braucht Geschick. Andererseits hat man die M\u00f6glichkeit das schnell und kosteng\u00fcnstig selber zu tun. Dar\u00fcber hinaus braucht es auch gar nicht viel an Werkzeug.<\/p>\n<p>Der Trigger Repair Kit ist nat\u00fcrlich bei uns online bestellbar!<\/p>\n<h3>Passende Karabiner<\/h3>\n<figure id=\"attachment_9896\" aria-describedby=\"caption-attachment-9896\" style=\"width: 280px\" class=\"wp-caption alignleft\"><a href=\"https:\/\/bolting.eu\/wp-content\/uploads\/2021\/09\/Wild-Country-Friends-Karabiner.jpg\"><img loading=\"lazy\" decoding=\"async\" class=\"wp-image-9896 size-thumbnail\" src=\"https:\/\/bolting.eu\/wp-content\/uploads\/2021\/09\/Wild-Country-Friends-Karabiner-280x280.jpg\" alt=\"Das Bild zeigt einen der Wild Country Friends in blau inklusive zwei Schnappkarabinern.\" width=\"280\" height=\"280\" srcset=\"https:\/\/bolting.eu\/wp-content\/uploads\/2021\/09\/Wild-Country-Friends-Karabiner-280x280.jpg 280w, https:\/\/bolting.eu\/wp-content\/uploads\/2021\/09\/Wild-Country-Friends-Karabiner-100x100.jpg 100w, https:\/\/bolting.eu\/wp-content\/uploads\/2021\/09\/Wild-Country-Friends-Karabiner-510x510.jpg 510w, https:\/\/bolting.eu\/wp-content\/uploads\/2021\/09\/Wild-Country-Friends-Karabiner-400x400.jpg 400w, https:\/\/bolting.eu\/wp-content\/uploads\/2021\/09\/Wild-Country-Friends-Karabiner-300x300.jpg 300w, https:\/\/bolting.eu\/wp-content\/uploads\/2021\/09\/Wild-Country-Friends-Karabiner-600x600.jpg 600w, https:\/\/bolting.eu\/wp-content\/uploads\/2021\/09\/Wild-Country-Friends-Karabiner.jpg 700w\" sizes=\"auto, (max-width: 280px) 100vw, 280px\" \/><\/a><figcaption id=\"caption-attachment-9896\" class=\"wp-caption-text\">Der Camp Nano 22 und Camp Dyon sind super Karabiner f\u00fcr diese Klemmger\u00e4te!<\/figcaption><\/figure>\n<p>Einige Hersteller beten ganze Sets an Karabinern, die ideal zu den Farben der Friends von Wild Country passen. Somit sind sie an der Materialschlaufe des Klettergurtes sofort zu erkennen.<\/p>\n<p>Wir finden diese beiden Karabiner von Camp ideal. Den <a href=\"https:\/\/bolting.eu\/shop\/camp-nano-22\/\">Camp Nano 22<\/a> und den <a href=\"https:\/\/bolting.eu\/shop\/camp-dyon\/\">Camp Dyon<\/a>.<\/p>\n<p>Denn erstens haben beide Modelle haben ein super geringes Gewicht. Und zweitens haben sie passende Schnapper f\u00fcr das Alpinklettern.<\/p>\n","protected":false},"excerpt":{"rendered":"<p>Leichter, moderner, doppelachsiges Klemmger\u00e4t in den Gr\u00f6\u00dfen #0,4 bis #3.<\/p>\n<p>Der Klemmbereich ist 21mm &#8211; 112mm. Die doppelte Bandschlinge erlaubt Verwendung mit nur einem Karabiner.<\/p>\n<p>Versandkostenfrei bis 2kg in <img decoding=\"async\" class=\"emoji\" role=\"img\" draggable=\"false\" src=\"https:\/\/s.w.org\/images\/core\/emoji\/14.0.0\/svg\/1f1e6-1f1f9.svg\" alt=\"\ud83c\udde6\ud83c\uddf9\" \/> ab \u20ac 100,- und <img decoding=\"async\" class=\"emoji\" role=\"img\" draggable=\"false\" src=\"https:\/\/s.w.org\/images\/core\/emoji\/14.0.0\/svg\/1f1e9-1f1ea.svg\" alt=\"\ud83c\udde9\ud83c\uddea\" \/> ab \u20ac 200,-!<\/p>\n","protected":false},"featured_media":9904,"comment_status":"open","ping_status":"closed","template":"","meta":[],"product_brand":[],"product_cat":[4656,29,39],"product_tag":[],"class_list":{"0":"post-9895","1":"product","2":"type-product","3":"status-publish","4":"has-post-thumbnail","6":"product_cat-wild-country","7":"product_cat-kletterausruestung","8":"product_cat-klemmgeraete-friends","10":"first","11":"instock","12":"sale","13":"taxable","14":"shipping-taxable","15":"purchasable","16":"product-type-variable"},"yoast_head":"<!-- This site is optimized with the Yoast SEO Premium plugin v26.9 (Yoast SEO v26.9) - https:\/\/yoast.com\/product\/yoast-seo-premium-wordpress\/ -->\n<title>Wild Country Friends - Klemmger\u00e4te online kaufen | bolting.eu<\/title>\n<meta name=\"description\" content=\"WILD COUNTRY FRIENDS g\u00fcnstig beim Hardwareprofi aus Innsbruck kaufen \u2705 kostenloser Versand* \u2705 14 Tage R\u00fcckgaberecht \u2705 Co2 neutraler Versand\" \/>\n<meta name=\"robots\" content=\"index, follow, max-snippet:-1, max-image-preview:large, max-video-preview:-1\" \/>\n<link rel=\"canonical\" href=\"https:\/\/bolting.eu\/en\/shop\/wild-country-friends\/\" \/>\n<meta property=\"og:locale\" content=\"en_US\" \/>\n<meta property=\"og:type\" content=\"article\" \/>\n<meta property=\"og:title\" content=\"Wild Country Friends\" \/>\n<meta property=\"og:description\" content=\"WILD COUNTRY FRIENDS g\u00fcnstig beim Hardwareprofi aus Innsbruck kaufen \u2705 kostenloser Versand* \u2705 14 Tage R\u00fcckgaberecht \u2705 Co2 neutraler Versand\" \/>\n<meta property=\"og:url\" content=\"https:\/\/bolting.eu\/en\/shop\/wild-country-friends\/\" \/>\n<meta property=\"og:site_name\" content=\"bolting.eu\" \/>\n<meta property=\"article:publisher\" content=\"https:\/\/www.facebook.com\/bolting.eu\" \/>\n<meta property=\"article:modified_time\" content=\"2026-04-23T19:54:03+00:00\" \/>\n<meta property=\"og:image\" content=\"https:\/\/bolting.eu\/wp-content\/uploads\/2021\/09\/Wild-Country-Friends-1.jpg\" \/>\n\t<meta property=\"og:image:width\" content=\"700\" \/>\n\t<meta property=\"og:image:height\" content=\"700\" \/>\n\t<meta property=\"og:image:type\" content=\"image\/jpeg\" \/>\n<meta name=\"twitter:card\" content=\"summary_large_image\" \/>\n<meta name=\"twitter:label1\" content=\"Availability\" \/>\n\t<meta name=\"twitter:data1\" content=\"In stock\" \/>\n<script type=\"application\/ld+json\" class=\"yoast-schema-graph\">{\"@context\":\"https:\/\/schema.org\",\"@graph\":[{\"@type\":[\"WebPage\",\"ItemPage\"],\"@id\":\"https:\/\/bolting.eu\/en\/shop\/wild-country-friends\/\",\"url\":\"https:\/\/bolting.eu\/en\/shop\/wild-country-friends\/\",\"name\":\"Wild Country Friends - Klemmger\u00e4te online kaufen | bolting.eu\",\"isPartOf\":{\"@id\":\"https:\/\/bolting.eu\/en\/#website\"},\"primaryImageOfPage\":{\"@id\":\"https:\/\/bolting.eu\/en\/shop\/wild-country-friends\/#primaryimage\"},\"image\":{\"@id\":\"https:\/\/bolting.eu\/en\/shop\/wild-country-friends\/#primaryimage\"},\"thumbnailUrl\":\"https:\/\/bolting.eu\/wp-content\/uploads\/2021\/09\/Wild-Country-Friends-1.jpg\",\"datePublished\":\"2021-09-13T11:57:44+00:00\",\"dateModified\":\"2026-04-23T19:54:03+00:00\",\"description\":\"WILD COUNTRY FRIENDS g\u00fcnstig beim Hardwareprofi aus Innsbruck kaufen \u2705 kostenloser Versand* \u2705 14 Tage R\u00fcckgaberecht \u2705 Co2 neutraler Versand\",\"breadcrumb\":{\"@id\":\"https:\/\/bolting.eu\/en\/shop\/wild-country-friends\/#breadcrumb\"},\"inLanguage\":\"en-US\",\"potentialAction\":[{\"@type\":\"ReadAction\",\"target\":[\"https:\/\/bolting.eu\/en\/shop\/wild-country-friends\/\"]}]},{\"@type\":\"ImageObject\",\"inLanguage\":\"en-US\",\"@id\":\"https:\/\/bolting.eu\/en\/shop\/wild-country-friends\/#primaryimage\",\"url\":\"https:\/\/bolting.eu\/wp-content\/uploads\/2021\/09\/Wild-Country-Friends-1.jpg\",\"contentUrl\":\"https:\/\/bolting.eu\/wp-content\/uploads\/2021\/09\/Wild-Country-Friends-1.jpg\",\"width\":700,\"height\":700},{\"@type\":\"BreadcrumbList\",\"@id\":\"https:\/\/bolting.eu\/en\/shop\/wild-country-friends\/#breadcrumb\",\"itemListElement\":[{\"@type\":\"ListItem\",\"position\":1,\"name\":\"Shop\",\"item\":\"https:\/\/bolting.eu\/en\/shop\/\"},{\"@type\":\"ListItem\",\"position\":2,\"name\":\"climbing equipment\",\"item\":\"https:\/\/bolting.eu\/en\/produkt-kategorie\/climbing-equipment\/\"},{\"@type\":\"ListItem\",\"position\":3,\"name\":\"Klemmger\u00e4te - Friends\",\"item\":\"https:\/\/bolting.eu\/produkt-kategorie\/kletterausruestung\/klemmgeraete-friends\/\"},{\"@type\":\"ListItem\",\"position\":4,\"name\":\"Wild Country Friends\"}]},{\"@type\":\"WebSite\",\"@id\":\"https:\/\/bolting.eu\/en\/#website\",\"url\":\"https:\/\/bolting.eu\/en\/\",\"name\":\"bolting.eu\",\"description\":\"we make climbs happen\",\"publisher\":{\"@id\":\"https:\/\/bolting.eu\/en\/#organization\"},\"potentialAction\":[{\"@type\":\"SearchAction\",\"target\":{\"@type\":\"EntryPoint\",\"urlTemplate\":\"https:\/\/bolting.eu\/en\/?s={search_term_string}\"},\"query-input\":{\"@type\":\"PropertyValueSpecification\",\"valueRequired\":true,\"valueName\":\"search_term_string\"}}],\"inLanguage\":\"en-US\"},{\"@type\":[\"Organization\",\"Place\",\"SportingGoodsStore\"],\"@id\":\"https:\/\/bolting.eu\/en\/#organization\",\"name\":\"bolting.eu\",\"url\":\"https:\/\/bolting.eu\/en\/\",\"logo\":{\"@id\":\"https:\/\/bolting.eu\/en\/shop\/wild-country-friends\/#local-main-organization-logo\"},\"image\":{\"@id\":\"https:\/\/bolting.eu\/en\/shop\/wild-country-friends\/#local-main-organization-logo\"},\"sameAs\":[\"https:\/\/www.facebook.com\/bolting.eu\",\"https:\/\/www.instagram.com\/bolting.eu\/\"],\"address\":{\"@id\":\"https:\/\/bolting.eu\/en\/shop\/wild-country-friends\/#local-main-place-address\"},\"geo\":{\"@type\":\"GeoCoordinates\",\"latitude\":\"47.264176340396226\",\"longitude\":\"11.380109057672346\"},\"telephone\":[\"+43 699 19083372\"],\"openingHoursSpecification\":[{\"@type\":\"OpeningHoursSpecification\",\"dayOfWeek\":[\"Monday\",\"Wednesday\",\"Friday\"],\"opens\":\"14:00\",\"closes\":\"18:00\"},{\"@type\":\"OpeningHoursSpecification\",\"dayOfWeek\":[\"Tuesday\",\"Thursday\",\"Saturday\",\"Sunday\"],\"opens\":\"00:00\",\"closes\":\"00:00\"}],\"email\":\"office@bolting.eu\",\"vatID\":\"ATU59999728\",\"priceRange\":\"$$\",\"currenciesAccepted\":\"Euro\"},{\"@type\":\"PostalAddress\",\"@id\":\"https:\/\/bolting.eu\/en\/shop\/wild-country-friends\/#local-main-place-address\",\"streetAddress\":\"Fischnalerstra\u00dfe 4\",\"addressLocality\":\"Innsbruck\",\"postalCode\":\"6020\",\"addressRegion\":\"Tirol\",\"addressCountry\":\"AT\"},{\"@type\":\"ImageObject\",\"inLanguage\":\"en-US\",\"@id\":\"https:\/\/bolting.eu\/en\/shop\/wild-country-friends\/#local-main-organization-logo\",\"url\":\"https:\/\/bolting.eu\/wp-content\/uploads\/2019\/09\/bolting-logo.png\",\"contentUrl\":\"https:\/\/bolting.eu\/wp-content\/uploads\/2019\/09\/bolting-logo.png\",\"width\":400,\"height\":211,\"caption\":\"bolting.eu\"}]}<\/script>\n<meta property=\"og:availability\" content=\"instock\" \/>\n<meta property=\"product:availability\" content=\"instock\" \/>\n<meta property=\"product:condition\" content=\"new\" \/>\n<meta name=\"geo.placename\" content=\"Innsbruck\" \/>\n<meta name=\"geo.position\" content=\"47.264176340396226;11.380109057672346\" \/>\n<meta name=\"geo.region\" content=\"Austria\" \/>\n<!-- \/ Yoast SEO Premium plugin. -->","yoast_head_json":{"title":"Wild Country Friends - Klemmger\u00e4te online kaufen | bolting.eu","description":"WILD COUNTRY FRIENDS g\u00fcnstig beim Hardwareprofi aus Innsbruck kaufen \u2705 kostenloser Versand* \u2705 14 Tage R\u00fcckgaberecht \u2705 Co2 neutraler Versand","robots":{"index":"index","follow":"follow","max-snippet":"max-snippet:-1","max-image-preview":"max-image-preview:large","max-video-preview":"max-video-preview:-1"},"canonical":"https:\/\/bolting.eu\/en\/shop\/wild-country-friends\/","og_locale":"en_US","og_type":"article","og_title":"Wild Country Friends","og_description":"WILD COUNTRY FRIENDS g\u00fcnstig beim Hardwareprofi aus Innsbruck kaufen \u2705 kostenloser Versand* \u2705 14 Tage R\u00fcckgaberecht \u2705 Co2 neutraler Versand","og_url":"https:\/\/bolting.eu\/en\/shop\/wild-country-friends\/","og_site_name":"bolting.eu","article_publisher":"https:\/\/www.facebook.com\/bolting.eu","article_modified_time":"2026-04-23T19:54:03+00:00","og_image":[{"width":700,"height":700,"url":"https:\/\/bolting.eu\/wp-content\/uploads\/2021\/09\/Wild-Country-Friends-1.jpg","type":"image\/jpeg"}],"twitter_card":"summary_large_image","twitter_misc":{"Availability":"In stock"},"schema":{"@context":"https:\/\/schema.org","@graph":[{"@type":["WebPage","ItemPage"],"@id":"https:\/\/bolting.eu\/en\/shop\/wild-country-friends\/","url":"https:\/\/bolting.eu\/en\/shop\/wild-country-friends\/","name":"Wild Country Friends - Klemmger\u00e4te online kaufen | bolting.eu","isPartOf":{"@id":"https:\/\/bolting.eu\/en\/#website"},"primaryImageOfPage":{"@id":"https:\/\/bolting.eu\/en\/shop\/wild-country-friends\/#primaryimage"},"image":{"@id":"https:\/\/bolting.eu\/en\/shop\/wild-country-friends\/#primaryimage"},"thumbnailUrl":"https:\/\/bolting.eu\/wp-content\/uploads\/2021\/09\/Wild-Country-Friends-1.jpg","datePublished":"2021-09-13T11:57:44+00:00","dateModified":"2026-04-23T19:54:03+00:00","description":"WILD COUNTRY FRIENDS g\u00fcnstig beim Hardwareprofi aus Innsbruck kaufen \u2705 kostenloser Versand* \u2705 14 Tage R\u00fcckgaberecht \u2705 Co2 neutraler Versand","breadcrumb":{"@id":"https:\/\/bolting.eu\/en\/shop\/wild-country-friends\/#breadcrumb"},"inLanguage":"en-US","potentialAction":[{"@type":"ReadAction","target":["https:\/\/bolting.eu\/en\/shop\/wild-country-friends\/"]}]},{"@type":"ImageObject","inLanguage":"en-US","@id":"https:\/\/bolting.eu\/en\/shop\/wild-country-friends\/#primaryimage","url":"https:\/\/bolting.eu\/wp-content\/uploads\/2021\/09\/Wild-Country-Friends-1.jpg","contentUrl":"https:\/\/bolting.eu\/wp-content\/uploads\/2021\/09\/Wild-Country-Friends-1.jpg","width":700,"height":700},{"@type":"BreadcrumbList","@id":"https:\/\/bolting.eu\/en\/shop\/wild-country-friends\/#breadcrumb","itemListElement":[{"@type":"ListItem","position":1,"name":"Shop","item":"https:\/\/bolting.eu\/en\/shop\/"},{"@type":"ListItem","position":2,"name":"climbing equipment","item":"https:\/\/bolting.eu\/en\/produkt-kategorie\/climbing-equipment\/"},{"@type":"ListItem","position":3,"name":"Klemmger\u00e4te - Friends","item":"https:\/\/bolting.eu\/produkt-kategorie\/kletterausruestung\/klemmgeraete-friends\/"},{"@type":"ListItem","position":4,"name":"Wild Country Friends"}]},{"@type":"WebSite","@id":"https:\/\/bolting.eu\/en\/#website","url":"https:\/\/bolting.eu\/en\/","name":"bolting.eu","description":"we make climbs happen","publisher":{"@id":"https:\/\/bolting.eu\/en\/#organization"},"potentialAction":[{"@type":"SearchAction","target":{"@type":"EntryPoint","urlTemplate":"https:\/\/bolting.eu\/en\/?s={search_term_string}"},"query-input":{"@type":"PropertyValueSpecification","valueRequired":true,"valueName":"search_term_string"}}],"inLanguage":"en-US"},{"@type":["Organization","Place","SportingGoodsStore"],"@id":"https:\/\/bolting.eu\/en\/#organization","name":"bolting.eu","url":"https:\/\/bolting.eu\/en\/","logo":{"@id":"https:\/\/bolting.eu\/en\/shop\/wild-country-friends\/#local-main-organization-logo"},"image":{"@id":"https:\/\/bolting.eu\/en\/shop\/wild-country-friends\/#local-main-organization-logo"},"sameAs":["https:\/\/www.facebook.com\/bolting.eu","https:\/\/www.instagram.com\/bolting.eu\/"],"address":{"@id":"https:\/\/bolting.eu\/en\/shop\/wild-country-friends\/#local-main-place-address"},"geo":{"@type":"GeoCoordinates","latitude":"47.264176340396226","longitude":"11.380109057672346"},"telephone":["+43 699 19083372"],"openingHoursSpecification":[{"@type":"OpeningHoursSpecification","dayOfWeek":["Monday","Wednesday","Friday"],"opens":"14:00","closes":"18:00"},{"@type":"OpeningHoursSpecification","dayOfWeek":["Tuesday","Thursday","Saturday","Sunday"],"opens":"00:00","closes":"00:00"}],"email":"office@bolting.eu","vatID":"ATU59999728","priceRange":"$$","currenciesAccepted":"Euro"},{"@type":"PostalAddress","@id":"https:\/\/bolting.eu\/en\/shop\/wild-country-friends\/#local-main-place-address","streetAddress":"Fischnalerstra\u00dfe 4","addressLocality":"Innsbruck","postalCode":"6020","addressRegion":"Tirol","addressCountry":"AT"},{"@type":"ImageObject","inLanguage":"en-US","@id":"https:\/\/bolting.eu\/en\/shop\/wild-country-friends\/#local-main-organization-logo","url":"https:\/\/bolting.eu\/wp-content\/uploads\/2019\/09\/bolting-logo.png","contentUrl":"https:\/\/bolting.eu\/wp-content\/uploads\/2019\/09\/bolting-logo.png","width":400,"height":211,"caption":"bolting.eu"}]},"og_availability":"instock","product_availability":"instock","product_condition":"new","geo.placename":"Innsbruck","geo.position":{"lat":"47.264176340396226","long":"11.380109057672346"},"geo.region":"Austria"},"_links":{"self":[{"href":"https:\/\/bolting.eu\/en\/wp-json\/wp\/v2\/product\/9895","targetHints":{"allow":["GET"]}}],"collection":[{"href":"https:\/\/bolting.eu\/en\/wp-json\/wp\/v2\/product"}],"about":[{"href":"https:\/\/bolting.eu\/en\/wp-json\/wp\/v2\/types\/product"}],"replies":[{"embeddable":true,"href":"https:\/\/bolting.eu\/en\/wp-json\/wp\/v2\/comments?post=9895"}],"wp:featuredmedia":[{"embeddable":true,"href":"https:\/\/bolting.eu\/en\/wp-json\/wp\/v2\/media\/9904"}],"wp:attachment":[{"href":"https:\/\/bolting.eu\/en\/wp-json\/wp\/v2\/media?parent=9895"}],"wp:term":[{"taxonomy":"product_brand","embeddable":true,"href":"https:\/\/bolting.eu\/en\/wp-json\/wp\/v2\/product_brand?post=9895"},{"taxonomy":"product_cat","embeddable":true,"href":"https:\/\/bolting.eu\/en\/wp-json\/wp\/v2\/product_cat?post=9895"},{"taxonomy":"product_tag","embeddable":true,"href":"https:\/\/bolting.eu\/en\/wp-json\/wp\/v2\/product_tag?post=9895"}],"curies":[{"name":"wp","href":"https:\/\/api.w.org\/{rel}","templated":true}]}}