{"id":9886,"date":"2021-09-13T12:16:08","date_gmt":"2021-09-13T10:16:08","guid":{"rendered":"https:\/\/bolting.eu\/?post_type=product&#038;p=9886"},"modified":"2026-01-22T16:10:48","modified_gmt":"2026-01-22T15:10:48","slug":"petzl-kliff","status":"publish","type":"product","link":"https:\/\/bolting.eu\/en\/shop\/petzl-kliff\/","title":{"rendered":"Petzl Kliff"},"content":{"rendered":"<p>Der Petzl Kliff ist ein 36 Liter <a href=\"https:\/\/bolting.eu\/produkt-kategorie\/kletterausruestung\/kletterrucksack\/\">Kletterrucksack<\/a>. Er geh\u00f6rt sicher zu den beliebtesten Rucks\u00e4cken unter den reinen Sport- und Hallenkletteren am Markt. Der Grund f\u00fcr seine Popularit\u00e4t ist leicht erkl\u00e4rt.<\/p>\n<figure id=\"attachment_9889\" aria-describedby=\"caption-attachment-9889\" style=\"width: 280px\" class=\"wp-caption alignleft\"><a href=\"https:\/\/bolting.eu\/wp-content\/uploads\/2021\/09\/Petzl-Kliff-orange-2.jpg\"><img loading=\"lazy\" decoding=\"async\" class=\"wp-image-9889 size-thumbnail\" src=\"https:\/\/bolting.eu\/wp-content\/uploads\/2021\/09\/Petzl-Kliff-orange-2-280x280.jpg\" alt=\"Das Bild zeigt den ge\u00f6ffneten Petzl Kliff in der FArbe orange mit Kletterausr\u00fcstung darin.\" width=\"280\" height=\"280\" srcset=\"https:\/\/bolting.eu\/wp-content\/uploads\/2021\/09\/Petzl-Kliff-orange-2-280x280.jpg 280w, https:\/\/bolting.eu\/wp-content\/uploads\/2021\/09\/Petzl-Kliff-orange-2-100x100.jpg 100w, https:\/\/bolting.eu\/wp-content\/uploads\/2021\/09\/Petzl-Kliff-orange-2-510x510.jpg 510w, https:\/\/bolting.eu\/wp-content\/uploads\/2021\/09\/Petzl-Kliff-orange-2-400x400.jpg 400w, https:\/\/bolting.eu\/wp-content\/uploads\/2021\/09\/Petzl-Kliff-orange-2-300x300.jpg 300w, https:\/\/bolting.eu\/wp-content\/uploads\/2021\/09\/Petzl-Kliff-orange-2-600x600.jpg 600w, https:\/\/bolting.eu\/wp-content\/uploads\/2021\/09\/Petzl-Kliff-orange-2.jpg 700w\" sizes=\"auto, (max-width: 280px) 100vw, 280px\" \/><\/a><figcaption id=\"caption-attachment-9889\" class=\"wp-caption-text\">Perfekt f\u00fcr Klettergarten und Halle. Denn alles Wichtige passt in diesen Kletterrucksack hinein!<\/figcaption><\/figure>\n<p>Denn erstens ist er ganz simpel gehalten. Keine Schn\u00f6rkel, keine gro\u00dfen Extras. Nur reine Funktion Rucksack. Dann zweitens das angenehme 36 Liter Volumen. Das ist nicht zu klein, aber auch nicht zu gro\u00df.<\/p>\n<p>D.h. der Petzl Kliff fasst genau die richtige Menge an Kletterausr\u00fcstung. 80m <a href=\"https:\/\/bolting.eu\/produkt-kategorie\/kletterausruestung\/kletterseil\/\">Kletterseil<\/a>, Schuhe, <a href=\"https:\/\/bolting.eu\/produkt-kategorie\/kletterausruestung\/expressschlingen\/\">Expressschlingen<\/a>, <a href=\"https:\/\/bolting.eu\/produkt-kategorie\/kletterausruestung\/sicherungsgeraete-klettern\/\">Sicherungsger\u00e4t<\/a>, Trinkflasche und ev. eine d\u00fcnne Daunenjacke.<\/p>\n<p>Das \u00d6ffnungssystem am R\u00fccken rundet dieses Produkt fein ab. Ebenso wie die breiten Trageriemen und die sehr gro\u00dfe Seilplane im Inneren.<\/p>\n<p>Fazit. Wer einen einfachen Kletterrucksack f\u00fcr Klettergarten und Kletterhalle sucht, der ist hier richtig!<\/p>\n<h2>Eigenschaften Petzl Kliff<\/h2>\n<ul>\n<li>Hersteller: <a href=\"https:\/\/bolting.eu\/produkt-kategorie\/petzl\/\">Petzl<\/a><\/li>\n<li>Volumen: 36 Liter<\/li>\n<li>Gewicht: 750 Gramm<\/li>\n<li>Farben: orange-rot und schwarz<\/li>\n<li>inkl. gro\u00dfer Seilplane 140 x 140cm<\/li>\n<li>gro\u00dfe \u00d6ffnung am R\u00fccken<\/li>\n<li>\u00fcbersichtlicher Zugriff wie bei einer Tasche<\/li>\n<li>RV Tasche au\u00dfen f\u00fcr Geldb\u00f6rse, Schl\u00fcssel, Handy,&#8230;<\/li>\n<li>2 Materialschlaufen innen<\/li>\n<\/ul>\n<h3>Gro\u00dfe Seilplane<\/h3>\n<figure id=\"attachment_9888\" aria-describedby=\"caption-attachment-9888\" style=\"width: 280px\" class=\"wp-caption alignleft\"><a href=\"https:\/\/bolting.eu\/wp-content\/uploads\/2021\/09\/Petzl-Kliff-orange-3.jpg\"><img loading=\"lazy\" decoding=\"async\" class=\"wp-image-9888 size-thumbnail\" src=\"https:\/\/bolting.eu\/wp-content\/uploads\/2021\/09\/Petzl-Kliff-orange-3-280x280.jpg\" alt=\"Das Bild zeigt eine schwarze Seilplane mit Schlaufen und den passenden \u00dcbersack dazu.\" width=\"280\" height=\"280\" srcset=\"https:\/\/bolting.eu\/wp-content\/uploads\/2021\/09\/Petzl-Kliff-orange-3-280x280.jpg 280w, https:\/\/bolting.eu\/wp-content\/uploads\/2021\/09\/Petzl-Kliff-orange-3-100x100.jpg 100w, https:\/\/bolting.eu\/wp-content\/uploads\/2021\/09\/Petzl-Kliff-orange-3-510x510.jpg 510w, https:\/\/bolting.eu\/wp-content\/uploads\/2021\/09\/Petzl-Kliff-orange-3-400x400.jpg 400w, https:\/\/bolting.eu\/wp-content\/uploads\/2021\/09\/Petzl-Kliff-orange-3-300x300.jpg 300w, https:\/\/bolting.eu\/wp-content\/uploads\/2021\/09\/Petzl-Kliff-orange-3-600x600.jpg 600w, https:\/\/bolting.eu\/wp-content\/uploads\/2021\/09\/Petzl-Kliff-orange-3.jpg 700w\" sizes=\"auto, (max-width: 280px) 100vw, 280px\" \/><\/a><figcaption id=\"caption-attachment-9888\" class=\"wp-caption-text\">140 x 140cm, farblich markierte Schlaufen, easy zum zusammenpacken. Alles stimmig beim Kliff!<\/figcaption><\/figure>\n<p>Der Petzl Kliff ist mit einer wirklich gro\u00dfen Seilplane ausgestattet. Denn diese hat ein Format von 140 x 140 cm. Somit liegt hier auch ein 100m Seil sauber auf der Plane.<\/p>\n<p>Beim Zusammenpacken muss dann nur die farblich markierten Schlaufen nehmen. Danach l\u00e4sst sich die Plane inkl. Seil sehr schnell zusammen legen. Die Materialschlaufen im Rucksack helfen beim \u00d6ffnen und Einpacken.<\/p>\n<h3>Petzl KLIFF &#8211; einer DER Besteller<\/h3>\n<p>Bei uns ist dieser Kletterrucksack einer DER Bestseller in seiner Kategorie. Wir f\u00fchren dass auf seine Schlichtheit bzw. das sehr gute Preis Leistungsverh\u00e4ltnis zur\u00fcck.<\/p>\n<p>Zudem besetzt dieses Rucksack eine Nische. N\u00e4mlich jene der einfachen Modelle ohne &#8220;Schn\u00f6rkel&#8221;. Ein Feed Back welches wir au\u00dferdem erhalten, ist die elegante, simple Optik.<\/p>\n<h3>\u00d6ffnung am R\u00fccken &#8211; Schmutz ad\u00e9!<\/h3>\n<figure id=\"attachment_9887\" aria-describedby=\"caption-attachment-9887\" style=\"width: 280px\" class=\"wp-caption alignleft\"><a href=\"https:\/\/bolting.eu\/wp-content\/uploads\/2021\/09\/Petzl-Kliff-orange-4.jpg\"><img loading=\"lazy\" decoding=\"async\" class=\"wp-image-9887 size-thumbnail\" src=\"https:\/\/bolting.eu\/wp-content\/uploads\/2021\/09\/Petzl-Kliff-orange-4-280x280.jpg\" alt=\"Das Bild zeigt einen orangen Seilsack mit einem Tragesystem.\" width=\"280\" height=\"280\" srcset=\"https:\/\/bolting.eu\/wp-content\/uploads\/2021\/09\/Petzl-Kliff-orange-4-280x280.jpg 280w, https:\/\/bolting.eu\/wp-content\/uploads\/2021\/09\/Petzl-Kliff-orange-4-100x100.jpg 100w, https:\/\/bolting.eu\/wp-content\/uploads\/2021\/09\/Petzl-Kliff-orange-4-510x510.jpg 510w, https:\/\/bolting.eu\/wp-content\/uploads\/2021\/09\/Petzl-Kliff-orange-4-400x400.jpg 400w, https:\/\/bolting.eu\/wp-content\/uploads\/2021\/09\/Petzl-Kliff-orange-4-300x300.jpg 300w, https:\/\/bolting.eu\/wp-content\/uploads\/2021\/09\/Petzl-Kliff-orange-4-600x600.jpg 600w, https:\/\/bolting.eu\/wp-content\/uploads\/2021\/09\/Petzl-Kliff-orange-4.jpg 700w\" sizes=\"auto, (max-width: 280px) 100vw, 280px\" \/><\/a><figcaption id=\"caption-attachment-9887\" class=\"wp-caption-text\">Durch die gro\u00dfe \u00d6ffnung auf der R\u00fcckenseite gibt es keinen Schmutz auf der Kleidung!<\/figcaption><\/figure>\n<p>Der Petzl Kliff hat seine gro\u00dfe Haupt\u00f6ffnung auf der R\u00fcckenseite. D.h. man legt diesen Kletterrucksack wie eine Tasche auf den Boden. Somit wird verhindert, dass man sich schmutzig macht.<\/p>\n<p>Das mag alles zuerst einmal nicht ganz spannend klingen. Allerdings erschlie\u00dft sich bei n\u00e4herer Betrachtung der Sinn darin bzw. was das in Folge bedeutet.<\/p>\n<p>Denn erstens kann man so den Petzl Kliff schon am Fels super abklopfen und reinigen. Denn die Auflagefl\u00e4che l\u00e4sst sich durch den Ripstop Nylon ganz easy abwischen. Zweitens wird dann halt auch der R\u00fccken des Kletterers nicht schmutzig. Und drittens bedeutet dies auch kein Staub und Schmutz wie z.B. Laub im Auto.<\/p>\n<h3>Petzl Kliff &#8211; klasse Tragesystem<\/h3>\n<p>Uns gef\u00e4llt bei diesem Rucksack besonders das Tragesystem. Denn Petzl hat hier wider einmal eines geschafft. Design mit Funktion und perfekten Materialien zu kombinieren.<\/p>\n<p>Denn es werden Flachb\u00e4nder wie bei den Gurten verwendet. Diese sind zum einen sch\u00f6n breit. und zum anderen mit einem feinen Samt \u00fcberzogen. Das macht die Tr\u00e4ger extrem angenehm zu tragen. Zudem verteilt sich das Gewicht ideal.<\/p>\n","protected":false},"excerpt":{"rendered":"<ul>\n<li>Volumen: 36 Liter<\/li>\n<li>Gewicht: 750 Gramm<\/li>\n<li>Farben: orange-rot und schwarz<\/li>\n<li>inkl. gro\u00dfer Seilplane 140 x 140cm<\/li>\n<li>gro\u00dfe \u00d6ffnung am R\u00fccken<\/li>\n<li>\u00fcbersichtlicher Zugriff wie bei einer Tasche<\/li>\n<li>RV Tasche au\u00dfen f\u00fcr Geldb\u00f6rse, Schl\u00fcssel, Handy,&#8230;<\/li>\n<li>2 Materialschlaufen innen<\/li>\n<\/ul>\n","protected":false},"featured_media":9892,"comment_status":"open","ping_status":"closed","template":"","meta":[],"product_brand":[],"product_cat":[29,4809,14093],"product_tag":[],"class_list":{"0":"post-9886","1":"product","2":"type-product","3":"status-publish","4":"has-post-thumbnail","6":"product_cat-kletterausruestung","7":"product_cat-kletterrucksack","8":"product_cat-petzl","10":"first","11":"instock","12":"taxable","13":"shipping-taxable","14":"purchasable","15":"product-type-variable"},"yoast_head":"<!-- This site is optimized with the Yoast SEO Premium plugin v26.9 (Yoast SEO v26.9) - https:\/\/yoast.com\/product\/yoast-seo-premium-wordpress\/ -->\n<title>Petzl Kliff Kletterrucksack - online kaufen | bolting.eu<\/title>\n<meta name=\"description\" content=\"Hier findest Du den PETZL KLIFF Kletterrucksack. Ein einfaches Modell mit 36 Liter Volumen f\u00fcr den Klettergarten bzw. die Kletterhalle.\" \/>\n<meta name=\"robots\" content=\"index, follow, max-snippet:-1, max-image-preview:large, max-video-preview:-1\" \/>\n<link rel=\"canonical\" href=\"https:\/\/bolting.eu\/en\/shop\/petzl-kliff\/\" \/>\n<meta property=\"og:locale\" content=\"en_US\" \/>\n<meta property=\"og:type\" content=\"article\" \/>\n<meta property=\"og:title\" content=\"Petzl Kliff\" \/>\n<meta property=\"og:description\" content=\"Hier findest Du den PETZL KLIFF Kletterrucksack. Ein einfaches Modell mit 36 Liter Volumen f\u00fcr den Klettergarten bzw. die Kletterhalle.\" \/>\n<meta property=\"og:url\" content=\"https:\/\/bolting.eu\/en\/shop\/petzl-kliff\/\" \/>\n<meta property=\"og:site_name\" content=\"bolting.eu\" \/>\n<meta property=\"article:publisher\" content=\"https:\/\/www.facebook.com\/bolting.eu\" \/>\n<meta property=\"article:modified_time\" content=\"2026-01-22T15:10:48+00:00\" \/>\n<meta property=\"og:image\" content=\"https:\/\/bolting.eu\/wp-content\/uploads\/2021\/09\/Petzl-Kliff-orange-1.jpg\" \/>\n\t<meta property=\"og:image:width\" content=\"700\" \/>\n\t<meta property=\"og:image:height\" content=\"700\" \/>\n\t<meta property=\"og:image:type\" content=\"image\/jpeg\" \/>\n<meta name=\"twitter:card\" content=\"summary_large_image\" \/>\n<meta name=\"twitter:label1\" content=\"Availability\" \/>\n\t<meta name=\"twitter:data1\" content=\"In stock\" \/>\n<script type=\"application\/ld+json\" class=\"yoast-schema-graph\">{\"@context\":\"https:\/\/schema.org\",\"@graph\":[{\"@type\":[\"WebPage\",\"ItemPage\"],\"@id\":\"https:\/\/bolting.eu\/en\/shop\/petzl-kliff\/\",\"url\":\"https:\/\/bolting.eu\/en\/shop\/petzl-kliff\/\",\"name\":\"Petzl Kliff Kletterrucksack - online kaufen | bolting.eu\",\"isPartOf\":{\"@id\":\"https:\/\/bolting.eu\/en\/#website\"},\"primaryImageOfPage\":{\"@id\":\"https:\/\/bolting.eu\/en\/shop\/petzl-kliff\/#primaryimage\"},\"image\":{\"@id\":\"https:\/\/bolting.eu\/en\/shop\/petzl-kliff\/#primaryimage\"},\"thumbnailUrl\":\"https:\/\/bolting.eu\/wp-content\/uploads\/2021\/09\/Petzl-Kliff-orange-1.jpg\",\"datePublished\":\"2021-09-13T10:16:08+00:00\",\"dateModified\":\"2026-01-22T15:10:48+00:00\",\"description\":\"Hier findest Du den PETZL KLIFF Kletterrucksack. Ein einfaches Modell mit 36 Liter Volumen f\u00fcr den Klettergarten bzw. die Kletterhalle.\",\"breadcrumb\":{\"@id\":\"https:\/\/bolting.eu\/en\/shop\/petzl-kliff\/#breadcrumb\"},\"inLanguage\":\"en-US\",\"potentialAction\":[{\"@type\":\"ReadAction\",\"target\":[\"https:\/\/bolting.eu\/en\/shop\/petzl-kliff\/\"]}]},{\"@type\":\"ImageObject\",\"inLanguage\":\"en-US\",\"@id\":\"https:\/\/bolting.eu\/en\/shop\/petzl-kliff\/#primaryimage\",\"url\":\"https:\/\/bolting.eu\/wp-content\/uploads\/2021\/09\/Petzl-Kliff-orange-1.jpg\",\"contentUrl\":\"https:\/\/bolting.eu\/wp-content\/uploads\/2021\/09\/Petzl-Kliff-orange-1.jpg\",\"width\":700,\"height\":700,\"caption\":\"Das Bild zeigt den orangen Petzl Kliff Kletterrucksack. Er steht aufrecht in Bildmitte, man sieht den gepackten Petzl Seilsack mit dem Logo auf der Vorderseite.\"},{\"@type\":\"BreadcrumbList\",\"@id\":\"https:\/\/bolting.eu\/en\/shop\/petzl-kliff\/#breadcrumb\",\"itemListElement\":[{\"@type\":\"ListItem\",\"position\":1,\"name\":\"Shop\",\"item\":\"https:\/\/bolting.eu\/en\/shop\/\"},{\"@type\":\"ListItem\",\"position\":2,\"name\":\"climbing equipment\",\"item\":\"https:\/\/bolting.eu\/en\/produkt-kategorie\/climbing-equipment\/\"},{\"@type\":\"ListItem\",\"position\":3,\"name\":\"Kletterrucksack\",\"item\":\"https:\/\/bolting.eu\/produkt-kategorie\/kletterausruestung\/kletterrucksack\/\"},{\"@type\":\"ListItem\",\"position\":4,\"name\":\"Petzl Kliff\"}]},{\"@type\":\"WebSite\",\"@id\":\"https:\/\/bolting.eu\/en\/#website\",\"url\":\"https:\/\/bolting.eu\/en\/\",\"name\":\"bolting.eu\",\"description\":\"we make climbs happen\",\"publisher\":{\"@id\":\"https:\/\/bolting.eu\/en\/#organization\"},\"potentialAction\":[{\"@type\":\"SearchAction\",\"target\":{\"@type\":\"EntryPoint\",\"urlTemplate\":\"https:\/\/bolting.eu\/en\/?s={search_term_string}\"},\"query-input\":{\"@type\":\"PropertyValueSpecification\",\"valueRequired\":true,\"valueName\":\"search_term_string\"}}],\"inLanguage\":\"en-US\"},{\"@type\":[\"Organization\",\"Place\",\"SportingGoodsStore\"],\"@id\":\"https:\/\/bolting.eu\/en\/#organization\",\"name\":\"bolting.eu\",\"url\":\"https:\/\/bolting.eu\/en\/\",\"logo\":{\"@id\":\"https:\/\/bolting.eu\/en\/shop\/petzl-kliff\/#local-main-organization-logo\"},\"image\":{\"@id\":\"https:\/\/bolting.eu\/en\/shop\/petzl-kliff\/#local-main-organization-logo\"},\"sameAs\":[\"https:\/\/www.facebook.com\/bolting.eu\",\"https:\/\/www.instagram.com\/bolting.eu\/\"],\"address\":{\"@id\":\"https:\/\/bolting.eu\/en\/shop\/petzl-kliff\/#local-main-place-address\"},\"geo\":{\"@type\":\"GeoCoordinates\",\"latitude\":\"47.264176340396226\",\"longitude\":\"11.380109057672346\"},\"telephone\":[\"+43 699 19083372\"],\"openingHoursSpecification\":[{\"@type\":\"OpeningHoursSpecification\",\"dayOfWeek\":[\"Monday\",\"Wednesday\",\"Friday\"],\"opens\":\"14:00\",\"closes\":\"18:00\"},{\"@type\":\"OpeningHoursSpecification\",\"dayOfWeek\":[\"Tuesday\",\"Thursday\",\"Saturday\",\"Sunday\"],\"opens\":\"00:00\",\"closes\":\"00:00\"}],\"email\":\"office@bolting.eu\",\"vatID\":\"ATU59999728\",\"priceRange\":\"$$\",\"currenciesAccepted\":\"Euro\"},{\"@type\":\"PostalAddress\",\"@id\":\"https:\/\/bolting.eu\/en\/shop\/petzl-kliff\/#local-main-place-address\",\"streetAddress\":\"Fischnalerstra\u00dfe 4\",\"addressLocality\":\"Innsbruck\",\"postalCode\":\"6020\",\"addressRegion\":\"Tirol\",\"addressCountry\":\"AT\"},{\"@type\":\"ImageObject\",\"inLanguage\":\"en-US\",\"@id\":\"https:\/\/bolting.eu\/en\/shop\/petzl-kliff\/#local-main-organization-logo\",\"url\":\"https:\/\/bolting.eu\/wp-content\/uploads\/2019\/09\/bolting-logo.png\",\"contentUrl\":\"https:\/\/bolting.eu\/wp-content\/uploads\/2019\/09\/bolting-logo.png\",\"width\":400,\"height\":211,\"caption\":\"bolting.eu\"}]}<\/script>\n<meta property=\"og:availability\" content=\"instock\" \/>\n<meta property=\"product:availability\" content=\"instock\" \/>\n<meta property=\"product:condition\" content=\"new\" \/>\n<meta name=\"geo.placename\" content=\"Innsbruck\" \/>\n<meta name=\"geo.position\" content=\"47.264176340396226;11.380109057672346\" \/>\n<meta name=\"geo.region\" content=\"Austria\" \/>\n<!-- \/ Yoast SEO Premium plugin. -->","yoast_head_json":{"title":"Petzl Kliff Kletterrucksack - online kaufen | bolting.eu","description":"Hier findest Du den PETZL KLIFF Kletterrucksack. Ein einfaches Modell mit 36 Liter Volumen f\u00fcr den Klettergarten bzw. die Kletterhalle.","robots":{"index":"index","follow":"follow","max-snippet":"max-snippet:-1","max-image-preview":"max-image-preview:large","max-video-preview":"max-video-preview:-1"},"canonical":"https:\/\/bolting.eu\/en\/shop\/petzl-kliff\/","og_locale":"en_US","og_type":"article","og_title":"Petzl Kliff","og_description":"Hier findest Du den PETZL KLIFF Kletterrucksack. Ein einfaches Modell mit 36 Liter Volumen f\u00fcr den Klettergarten bzw. die Kletterhalle.","og_url":"https:\/\/bolting.eu\/en\/shop\/petzl-kliff\/","og_site_name":"bolting.eu","article_publisher":"https:\/\/www.facebook.com\/bolting.eu","article_modified_time":"2026-01-22T15:10:48+00:00","og_image":[{"width":700,"height":700,"url":"https:\/\/bolting.eu\/wp-content\/uploads\/2021\/09\/Petzl-Kliff-orange-1.jpg","type":"image\/jpeg"}],"twitter_card":"summary_large_image","twitter_misc":{"Availability":"In stock"},"schema":{"@context":"https:\/\/schema.org","@graph":[{"@type":["WebPage","ItemPage"],"@id":"https:\/\/bolting.eu\/en\/shop\/petzl-kliff\/","url":"https:\/\/bolting.eu\/en\/shop\/petzl-kliff\/","name":"Petzl Kliff Kletterrucksack - online kaufen | bolting.eu","isPartOf":{"@id":"https:\/\/bolting.eu\/en\/#website"},"primaryImageOfPage":{"@id":"https:\/\/bolting.eu\/en\/shop\/petzl-kliff\/#primaryimage"},"image":{"@id":"https:\/\/bolting.eu\/en\/shop\/petzl-kliff\/#primaryimage"},"thumbnailUrl":"https:\/\/bolting.eu\/wp-content\/uploads\/2021\/09\/Petzl-Kliff-orange-1.jpg","datePublished":"2021-09-13T10:16:08+00:00","dateModified":"2026-01-22T15:10:48+00:00","description":"Hier findest Du den PETZL KLIFF Kletterrucksack. Ein einfaches Modell mit 36 Liter Volumen f\u00fcr den Klettergarten bzw. die Kletterhalle.","breadcrumb":{"@id":"https:\/\/bolting.eu\/en\/shop\/petzl-kliff\/#breadcrumb"},"inLanguage":"en-US","potentialAction":[{"@type":"ReadAction","target":["https:\/\/bolting.eu\/en\/shop\/petzl-kliff\/"]}]},{"@type":"ImageObject","inLanguage":"en-US","@id":"https:\/\/bolting.eu\/en\/shop\/petzl-kliff\/#primaryimage","url":"https:\/\/bolting.eu\/wp-content\/uploads\/2021\/09\/Petzl-Kliff-orange-1.jpg","contentUrl":"https:\/\/bolting.eu\/wp-content\/uploads\/2021\/09\/Petzl-Kliff-orange-1.jpg","width":700,"height":700,"caption":"Das Bild zeigt den orangen Petzl Kliff Kletterrucksack. Er steht aufrecht in Bildmitte, man sieht den gepackten Petzl Seilsack mit dem Logo auf der Vorderseite."},{"@type":"BreadcrumbList","@id":"https:\/\/bolting.eu\/en\/shop\/petzl-kliff\/#breadcrumb","itemListElement":[{"@type":"ListItem","position":1,"name":"Shop","item":"https:\/\/bolting.eu\/en\/shop\/"},{"@type":"ListItem","position":2,"name":"climbing equipment","item":"https:\/\/bolting.eu\/en\/produkt-kategorie\/climbing-equipment\/"},{"@type":"ListItem","position":3,"name":"Kletterrucksack","item":"https:\/\/bolting.eu\/produkt-kategorie\/kletterausruestung\/kletterrucksack\/"},{"@type":"ListItem","position":4,"name":"Petzl Kliff"}]},{"@type":"WebSite","@id":"https:\/\/bolting.eu\/en\/#website","url":"https:\/\/bolting.eu\/en\/","name":"bolting.eu","description":"we make climbs happen","publisher":{"@id":"https:\/\/bolting.eu\/en\/#organization"},"potentialAction":[{"@type":"SearchAction","target":{"@type":"EntryPoint","urlTemplate":"https:\/\/bolting.eu\/en\/?s={search_term_string}"},"query-input":{"@type":"PropertyValueSpecification","valueRequired":true,"valueName":"search_term_string"}}],"inLanguage":"en-US"},{"@type":["Organization","Place","SportingGoodsStore"],"@id":"https:\/\/bolting.eu\/en\/#organization","name":"bolting.eu","url":"https:\/\/bolting.eu\/en\/","logo":{"@id":"https:\/\/bolting.eu\/en\/shop\/petzl-kliff\/#local-main-organization-logo"},"image":{"@id":"https:\/\/bolting.eu\/en\/shop\/petzl-kliff\/#local-main-organization-logo"},"sameAs":["https:\/\/www.facebook.com\/bolting.eu","https:\/\/www.instagram.com\/bolting.eu\/"],"address":{"@id":"https:\/\/bolting.eu\/en\/shop\/petzl-kliff\/#local-main-place-address"},"geo":{"@type":"GeoCoordinates","latitude":"47.264176340396226","longitude":"11.380109057672346"},"telephone":["+43 699 19083372"],"openingHoursSpecification":[{"@type":"OpeningHoursSpecification","dayOfWeek":["Monday","Wednesday","Friday"],"opens":"14:00","closes":"18:00"},{"@type":"OpeningHoursSpecification","dayOfWeek":["Tuesday","Thursday","Saturday","Sunday"],"opens":"00:00","closes":"00:00"}],"email":"office@bolting.eu","vatID":"ATU59999728","priceRange":"$$","currenciesAccepted":"Euro"},{"@type":"PostalAddress","@id":"https:\/\/bolting.eu\/en\/shop\/petzl-kliff\/#local-main-place-address","streetAddress":"Fischnalerstra\u00dfe 4","addressLocality":"Innsbruck","postalCode":"6020","addressRegion":"Tirol","addressCountry":"AT"},{"@type":"ImageObject","inLanguage":"en-US","@id":"https:\/\/bolting.eu\/en\/shop\/petzl-kliff\/#local-main-organization-logo","url":"https:\/\/bolting.eu\/wp-content\/uploads\/2019\/09\/bolting-logo.png","contentUrl":"https:\/\/bolting.eu\/wp-content\/uploads\/2019\/09\/bolting-logo.png","width":400,"height":211,"caption":"bolting.eu"}]},"og_availability":"instock","product_availability":"instock","product_condition":"new","geo.placename":"Innsbruck","geo.position":{"lat":"47.264176340396226","long":"11.380109057672346"},"geo.region":"Austria"},"_links":{"self":[{"href":"https:\/\/bolting.eu\/en\/wp-json\/wp\/v2\/product\/9886","targetHints":{"allow":["GET"]}}],"collection":[{"href":"https:\/\/bolting.eu\/en\/wp-json\/wp\/v2\/product"}],"about":[{"href":"https:\/\/bolting.eu\/en\/wp-json\/wp\/v2\/types\/product"}],"replies":[{"embeddable":true,"href":"https:\/\/bolting.eu\/en\/wp-json\/wp\/v2\/comments?post=9886"}],"wp:featuredmedia":[{"embeddable":true,"href":"https:\/\/bolting.eu\/en\/wp-json\/wp\/v2\/media\/9892"}],"wp:attachment":[{"href":"https:\/\/bolting.eu\/en\/wp-json\/wp\/v2\/media?parent=9886"}],"wp:term":[{"taxonomy":"product_brand","embeddable":true,"href":"https:\/\/bolting.eu\/en\/wp-json\/wp\/v2\/product_brand?post=9886"},{"taxonomy":"product_cat","embeddable":true,"href":"https:\/\/bolting.eu\/en\/wp-json\/wp\/v2\/product_cat?post=9886"},{"taxonomy":"product_tag","embeddable":true,"href":"https:\/\/bolting.eu\/en\/wp-json\/wp\/v2\/product_tag?post=9886"}],"curies":[{"name":"wp","href":"https:\/\/api.w.org\/{rel}","templated":true}]}}