{"id":9759,"date":"2021-09-02T13:46:23","date_gmt":"2021-09-02T11:46:23","guid":{"rendered":"https:\/\/bolting.eu\/?post_type=product&#038;p=9759"},"modified":"2025-09-04T06:29:25","modified_gmt":"2025-09-04T04:29:25","slug":"austrialpin-micro-drahtbuegel","status":"publish","type":"product","link":"https:\/\/bolting.eu\/en\/shop\/austrialpin-micro-drahtbuegel\/","title":{"rendered":"Austrialpin Micro Drahtb\u00fcgel"},"content":{"rendered":"<p>Der Austrialpin Micro Drahtb\u00fcgel ist ein kleines und leichtes Verbindungsmittel. Wir empfehlen euch diesen Karabiner, wenn ihr euch z.B. eine <a href=\"https:\/\/bolting.eu\/verlaengerbare-expressschlinge\/\">verl\u00e4ngerbare Expressschlinge<\/a> zusammenstellen wollt.<\/p>\n<p>Denn dieses Modell ist mit 35 Gramm sehr leicht. D.h. es ist ideal als gewichtsreduzierte Ausr\u00fcstung f\u00fcr alpines Gel\u00e4nde.<\/p>\n<p>Nat\u00fcrlich kann man die Karabiner auch verwenden, um seine <a href=\"https:\/\/bolting.eu\/shop\/austrialpin-micro-express-mixed\/\">Micro Express Mixed<\/a> nach zu best\u00fccken. Z.B. wenn der eine oder andere Karabiner schon stark abgeschliffen oder eingekerbt ist.<\/p>\n<h2>Eigenschaften Austrialpin Micro Drahtb\u00fcgel<\/h2>\n<ul>\n<li>Hersteller: <a href=\"https:\/\/bolting.eu\/produkt-kategorie\/austrialpin\/\">Austrialpin<\/a><\/li>\n<li>Material: Aluminium poliert oder eloxiert<\/li>\n<li>Farbe: gr\u00fcn bzw. silber<\/li>\n<li>EN Norm 12275 bzw. UIAA 121<\/li>\n<li>Verschluss: Drahtschnapper<\/li>\n<li>Bruchlasten 22kN l\u00e4ngs \/ 8kN offen \/ 7kN Querachse<\/li>\n<li>Gr\u00f6\u00dfe 94 x 56mm<\/li>\n<li>Schnapper\u00f6ffnung: 22mm<\/li>\n<li>Gewicht: 35 Gramm<\/li>\n<li>Made in Austria<\/li>\n<li><a href=\"https:\/\/www.austrialpin.at\/fileadmin\/anleitungen\/AA_instruction-manual_carabiner-slings.pdf\">Bedienungsanleitung<\/a><\/li>\n<\/ul>\n<h3>Perfekt zum Ersetzen der Express Karabiner<\/h3>\n<figure id=\"attachment_9711\" aria-describedby=\"caption-attachment-9711\" style=\"width: 200px\" class=\"wp-caption alignleft\"><a href=\"https:\/\/bolting.eu\/wp-content\/uploads\/2021\/09\/Austrialpin-Micro-Express-Mixed-11cm.jpg\"><img loading=\"lazy\" decoding=\"async\" class=\"wp-image-9711\" src=\"https:\/\/bolting.eu\/wp-content\/uploads\/2021\/09\/Austrialpin-Micro-Express-Mixed-11cm.jpg\" alt=\"Das Bild zeigt die Austrialpin Micro Express Mixed. Sie steht aufrecht im Bild, oben der silberne Keylock Karabiner, daran h\u00e4ngt die graue Schlinge, unten der gr\u00fcne Drahtschnapper Karabiner.\" width=\"200\" height=\"200\" srcset=\"https:\/\/bolting.eu\/wp-content\/uploads\/2021\/09\/Austrialpin-Micro-Express-Mixed-11cm.jpg 700w, https:\/\/bolting.eu\/wp-content\/uploads\/2021\/09\/Austrialpin-Micro-Express-Mixed-11cm-247x247.jpg 247w, https:\/\/bolting.eu\/wp-content\/uploads\/2021\/09\/Austrialpin-Micro-Express-Mixed-11cm-100x100.jpg 100w, https:\/\/bolting.eu\/wp-content\/uploads\/2021\/09\/Austrialpin-Micro-Express-Mixed-11cm-510x510.jpg 510w, https:\/\/bolting.eu\/wp-content\/uploads\/2021\/09\/Austrialpin-Micro-Express-Mixed-11cm-400x400.jpg 400w, https:\/\/bolting.eu\/wp-content\/uploads\/2021\/09\/Austrialpin-Micro-Express-Mixed-11cm-280x280.jpg 280w, https:\/\/bolting.eu\/wp-content\/uploads\/2021\/09\/Austrialpin-Micro-Express-Mixed-11cm-300x300.jpg 300w, https:\/\/bolting.eu\/wp-content\/uploads\/2021\/09\/Austrialpin-Micro-Express-Mixed-11cm-600x600.jpg 600w\" sizes=\"auto, (max-width: 200px) 100vw, 200px\" \/><\/a><figcaption id=\"caption-attachment-9711\" class=\"wp-caption-text\">Die Micro Express Mixed l\u00e4sst sich mit unserem Angebot der einzelnen Karabiner perfekt nach best\u00fccken.<\/figcaption><\/figure>\n<p>Die Austrialpin Micro Drahtb\u00fcgel sind beliebte Artikel. Denn sie werden oft als Ersatz f\u00fcr die Karabiner auf den gleichnamigen Schlingen nachgefragt.<\/p>\n<p>Mit den zwei vorhandenen Varianten lassen sich alle um Umlauf befindlichen Micro Mixed Express nach best\u00fccken.<\/p>\n<ul>\n<li>eloxierter Drahtb\u00fcgel<\/li>\n<li>polierter Drahtb\u00fcgel<\/li>\n<\/ul>\n<p>Das ist nicht nur wirtschaftlich extrem sinnvoll, sondern auch \u00f6kologisch nachhaltig. Lieber punktuell nach best\u00fccken als immer neue Ressourcen verbrauchen durch unn\u00fctze Neuk\u00e4ufe.<\/p>\n<h3>Austrialpin Micro Drahtb\u00fcgel &#8211; Made in Austria<\/h3>\n<p>Diese Express wird in \u00d6sterreich gefertigt. Oder genauer gesagt in Fulpmes im Tiroler Stubaital. Die Produktion im Inland bedingt gleich mehrere positive Effekte.<\/p>\n<p>Erstens werden hier ordentliche soziale und \u00f6kologische Standards eingehalten. Zweitens reduzieren sich die Transportwege ganz enorm. Kein transkontinentaler Schiffsverkehr, keine Hafen Be- und Entladung sowie keine LKW Zulieferung. Und drittens setzt der Hersteller Austrialpin ehrliche Ma\u00dfnahmen, um nachhaltiges zu agieren. Wie z.B. durch eine gro\u00dfe Photovoltaikanlage am Firmen Dach.<\/p>\n<h3>Drahtb\u00fcgel Schnapper<\/h3>\n<p>Die Austrialpin Micro Drahtb\u00fcgel haben &#8211; nomen est omen &#8211; eben einen Drahtb\u00fcgel Schnapper. das hat zwei Gr\u00fcnde.<\/p>\n<p>Zum einen spart man sich nochmals ein paar Gramm an Gewicht. Genau genommen sind es 4 Gramm gegen\u00fcber dem Keylock Schnapper.<\/p>\n<p>Und zum anderen verhindert das den sogenannten &#8220;Peitschenschlag Effekt&#8221;. Das ist das m\u00f6gliche \u00d6ffnen des Schnappers bei einem Sturz durch seine Tr\u00e4gheit.<\/p>\n<h2>Austrialpin Micro Drahtb\u00fcgel in Camalot Farben<\/h2>\n<p>Wie viele andere Hersteller auch, bietet Austrialpin diesen Karabiner in Camalot Farben.<\/p>\n<p>Denn die beliebten Black Diamond Klemmger\u00e4te geben durch ihre Popularit\u00e4t quasi die Anforderung vor.<\/p>\n<p>Im Folgenden findet ihr die Auflistung, welche Farbe zu welchem Cam geh\u00f6rt:<\/p>\n<table style=\"height: 268px;\" width=\"420\">\n<tbody>\n<tr>\n<td style=\"text-align: center;\" width=\"131\"><strong>Gr\u00f6\u00dfe BD Camalot<\/strong><\/td>\n<td style=\"text-align: center;\" width=\"189\"><strong>Farbe AA Micro Drahtb\u00fcgel<\/strong><\/td>\n<\/tr>\n<tr>\n<td style=\"text-align: center;\">#0,3<\/td>\n<td style=\"text-align: center;\">blau<\/td>\n<\/tr>\n<tr>\n<td style=\"text-align: center;\">#0,4<\/td>\n<td style=\"text-align: center;\">silber<\/td>\n<\/tr>\n<tr>\n<td style=\"text-align: center;\">#0,5<\/td>\n<td style=\"text-align: center;\">violett<\/td>\n<\/tr>\n<tr>\n<td style=\"text-align: center;\">#0,75<\/td>\n<td style=\"text-align: center;\">gr\u00fcn<\/td>\n<\/tr>\n<tr>\n<td style=\"text-align: center;\">#1<\/td>\n<td style=\"text-align: center;\">rot<\/td>\n<\/tr>\n<tr>\n<td style=\"text-align: center;\">#2<\/td>\n<td style=\"text-align: center;\">gelb<\/td>\n<\/tr>\n<tr>\n<td style=\"text-align: center;\">#3<\/td>\n<td style=\"text-align: center;\">blau<\/td>\n<\/tr>\n<tr>\n<td style=\"text-align: center;\">#4<\/td>\n<td style=\"text-align: center;\">silber<\/td>\n<\/tr>\n<\/tbody>\n<\/table>\n","protected":false},"excerpt":{"rendered":"<ul>\n<li>Material: Aluminium poliert oder eloxiert<\/li>\n<li>Farbe: gr\u00fcn bzw. silber<\/li>\n<li>EN Norm 12275 bzw. UIAA 121<\/li>\n<li>Verschluss: Drahtschnapper<\/li>\n<li>Bruchlasten 22kN l\u00e4ngs \/ 8kN offen \/ 7kN Querachse<\/li>\n<li>Gr\u00f6\u00dfe 94 x 56mm<\/li>\n<li>Schnapper\u00f6ffnung: 22mm<\/li>\n<li>Gewicht: 35 Gramm<\/li>\n<li>Made in Austria<\/li>\n<\/ul>\n","protected":false},"featured_media":9775,"comment_status":"open","ping_status":"closed","template":"","meta":[],"product_brand":[],"product_cat":[29,44,3004,4649],"product_tag":[],"class_list":{"0":"post-9759","1":"product","2":"type-product","3":"status-publish","4":"has-post-thumbnail","6":"product_cat-kletterausruestung","7":"product_cat-kletterkarabiner","8":"product_cat-schnappkarabiner","9":"product_cat-austrialpin","11":"first","12":"instock","13":"taxable","14":"shipping-taxable","15":"purchasable","16":"product-type-variable"},"yoast_head":"<!-- This site is optimized with the Yoast SEO Premium plugin v26.9 (Yoast SEO v26.9) - https:\/\/yoast.com\/product\/yoast-seo-premium-wordpress\/ -->\n<title>Austrialpin Micro Drahtb\u00fcgel online kaufen | bolting.eu<\/title>\n<meta name=\"description\" content=\"Hier findest Du den AUSTRIALPIN MICRO DRAHTB\u00dcGEL in vielen Farben. Ideal f\u00fcr dein Friend\u00b4s Rack und bAu eigener Expressen!\" \/>\n<meta name=\"robots\" content=\"index, follow, max-snippet:-1, max-image-preview:large, max-video-preview:-1\" \/>\n<link rel=\"canonical\" href=\"https:\/\/bolting.eu\/en\/shop\/austrialpin-micro-drahtbuegel\/\" \/>\n<meta property=\"og:locale\" content=\"en_US\" \/>\n<meta property=\"og:type\" content=\"article\" \/>\n<meta property=\"og:title\" content=\"Austrialpin Micro Drahtb\u00fcgel\" \/>\n<meta property=\"og:description\" content=\"Hier findest Du den AUSTRIALPIN MICRO DRAHTB\u00dcGEL in vielen Farben. Ideal f\u00fcr dein Friend\u00b4s Rack und bAu eigener Expressen!\" \/>\n<meta property=\"og:url\" content=\"https:\/\/bolting.eu\/en\/shop\/austrialpin-micro-drahtbuegel\/\" \/>\n<meta property=\"og:site_name\" content=\"bolting.eu\" \/>\n<meta property=\"article:publisher\" content=\"https:\/\/www.facebook.com\/bolting.eu\" \/>\n<meta property=\"article:modified_time\" content=\"2025-09-04T04:29:25+00:00\" \/>\n<meta property=\"og:image\" content=\"https:\/\/bolting.eu\/wp-content\/uploads\/2021\/09\/Austrialpin-Micro-Drahtbu\u0308gel-rot.jpg\" \/>\n\t<meta property=\"og:image:width\" content=\"700\" \/>\n\t<meta property=\"og:image:height\" content=\"700\" \/>\n\t<meta property=\"og:image:type\" content=\"image\/jpeg\" \/>\n<meta name=\"twitter:card\" content=\"summary_large_image\" \/>\n<meta name=\"twitter:label1\" content=\"Availability\" \/>\n\t<meta name=\"twitter:data1\" content=\"In stock\" \/>\n<script type=\"application\/ld+json\" class=\"yoast-schema-graph\">{\"@context\":\"https:\/\/schema.org\",\"@graph\":[{\"@type\":[\"WebPage\",\"ItemPage\"],\"@id\":\"https:\/\/bolting.eu\/en\/shop\/austrialpin-micro-drahtbuegel\/\",\"url\":\"https:\/\/bolting.eu\/en\/shop\/austrialpin-micro-drahtbuegel\/\",\"name\":\"Austrialpin Micro Drahtb\u00fcgel online kaufen | bolting.eu\",\"isPartOf\":{\"@id\":\"https:\/\/bolting.eu\/en\/#website\"},\"primaryImageOfPage\":{\"@id\":\"https:\/\/bolting.eu\/en\/shop\/austrialpin-micro-drahtbuegel\/#primaryimage\"},\"image\":{\"@id\":\"https:\/\/bolting.eu\/en\/shop\/austrialpin-micro-drahtbuegel\/#primaryimage\"},\"thumbnailUrl\":\"https:\/\/bolting.eu\/wp-content\/uploads\/2021\/09\/Austrialpin-Micro-Drahtbu\u0308gel-rot.jpg\",\"datePublished\":\"2021-09-02T11:46:23+00:00\",\"dateModified\":\"2025-09-04T04:29:25+00:00\",\"description\":\"Hier findest Du den AUSTRIALPIN MICRO DRAHTB\u00dcGEL in vielen Farben. Ideal f\u00fcr dein Friend\u00b4s Rack und bAu eigener Expressen!\",\"breadcrumb\":{\"@id\":\"https:\/\/bolting.eu\/en\/shop\/austrialpin-micro-drahtbuegel\/#breadcrumb\"},\"inLanguage\":\"en-US\",\"potentialAction\":[{\"@type\":\"ReadAction\",\"target\":[\"https:\/\/bolting.eu\/en\/shop\/austrialpin-micro-drahtbuegel\/\"]}]},{\"@type\":\"ImageObject\",\"inLanguage\":\"en-US\",\"@id\":\"https:\/\/bolting.eu\/en\/shop\/austrialpin-micro-drahtbuegel\/#primaryimage\",\"url\":\"https:\/\/bolting.eu\/wp-content\/uploads\/2021\/09\/Austrialpin-Micro-Drahtbu\u0308gel-rot.jpg\",\"contentUrl\":\"https:\/\/bolting.eu\/wp-content\/uploads\/2021\/09\/Austrialpin-Micro-Drahtbu\u0308gel-rot.jpg\",\"width\":700,\"height\":700,\"caption\":\"DAs Bild zeigt einen roten Austrialpin Micro DRahb\u00fcgel Karabiner. Er steht aufrecht im Bild, der Schnapper ist links.\"},{\"@type\":\"BreadcrumbList\",\"@id\":\"https:\/\/bolting.eu\/en\/shop\/austrialpin-micro-drahtbuegel\/#breadcrumb\",\"itemListElement\":[{\"@type\":\"ListItem\",\"position\":1,\"name\":\"Shop\",\"item\":\"https:\/\/bolting.eu\/en\/shop\/\"},{\"@type\":\"ListItem\",\"position\":2,\"name\":\"climbing equipment\",\"item\":\"https:\/\/bolting.eu\/en\/produkt-kategorie\/climbing-equipment\/\"},{\"@type\":\"ListItem\",\"position\":3,\"name\":\"Climbing carabiner\",\"item\":\"https:\/\/bolting.eu\/en\/produkt-kategorie\/climbing-carabiner\/\"},{\"@type\":\"ListItem\",\"position\":4,\"name\":\"Austrialpin Micro Drahtb\u00fcgel\"}]},{\"@type\":\"WebSite\",\"@id\":\"https:\/\/bolting.eu\/en\/#website\",\"url\":\"https:\/\/bolting.eu\/en\/\",\"name\":\"bolting.eu\",\"description\":\"we make climbs happen\",\"publisher\":{\"@id\":\"https:\/\/bolting.eu\/en\/#organization\"},\"potentialAction\":[{\"@type\":\"SearchAction\",\"target\":{\"@type\":\"EntryPoint\",\"urlTemplate\":\"https:\/\/bolting.eu\/en\/?s={search_term_string}\"},\"query-input\":{\"@type\":\"PropertyValueSpecification\",\"valueRequired\":true,\"valueName\":\"search_term_string\"}}],\"inLanguage\":\"en-US\"},{\"@type\":[\"Organization\",\"Place\",\"SportingGoodsStore\"],\"@id\":\"https:\/\/bolting.eu\/en\/#organization\",\"name\":\"bolting.eu\",\"url\":\"https:\/\/bolting.eu\/en\/\",\"logo\":{\"@id\":\"https:\/\/bolting.eu\/en\/shop\/austrialpin-micro-drahtbuegel\/#local-main-organization-logo\"},\"image\":{\"@id\":\"https:\/\/bolting.eu\/en\/shop\/austrialpin-micro-drahtbuegel\/#local-main-organization-logo\"},\"sameAs\":[\"https:\/\/www.facebook.com\/bolting.eu\",\"https:\/\/www.instagram.com\/bolting.eu\/\"],\"address\":{\"@id\":\"https:\/\/bolting.eu\/en\/shop\/austrialpin-micro-drahtbuegel\/#local-main-place-address\"},\"geo\":{\"@type\":\"GeoCoordinates\",\"latitude\":\"47.264176340396226\",\"longitude\":\"11.380109057672346\"},\"telephone\":[\"+43 699 19083372\"],\"openingHoursSpecification\":[{\"@type\":\"OpeningHoursSpecification\",\"dayOfWeek\":[\"Monday\",\"Wednesday\",\"Friday\"],\"opens\":\"14:00\",\"closes\":\"18:00\"},{\"@type\":\"OpeningHoursSpecification\",\"dayOfWeek\":[\"Tuesday\",\"Thursday\",\"Saturday\",\"Sunday\"],\"opens\":\"00:00\",\"closes\":\"00:00\"}],\"email\":\"office@bolting.eu\",\"vatID\":\"ATU59999728\",\"priceRange\":\"$$\",\"currenciesAccepted\":\"Euro\"},{\"@type\":\"PostalAddress\",\"@id\":\"https:\/\/bolting.eu\/en\/shop\/austrialpin-micro-drahtbuegel\/#local-main-place-address\",\"streetAddress\":\"Fischnalerstra\u00dfe 4\",\"addressLocality\":\"Innsbruck\",\"postalCode\":\"6020\",\"addressRegion\":\"Tirol\",\"addressCountry\":\"AT\"},{\"@type\":\"ImageObject\",\"inLanguage\":\"en-US\",\"@id\":\"https:\/\/bolting.eu\/en\/shop\/austrialpin-micro-drahtbuegel\/#local-main-organization-logo\",\"url\":\"https:\/\/bolting.eu\/wp-content\/uploads\/2019\/09\/bolting-logo.png\",\"contentUrl\":\"https:\/\/bolting.eu\/wp-content\/uploads\/2019\/09\/bolting-logo.png\",\"width\":400,\"height\":211,\"caption\":\"bolting.eu\"}]}<\/script>\n<meta property=\"og:availability\" content=\"instock\" \/>\n<meta property=\"product:availability\" content=\"instock\" \/>\n<meta property=\"product:condition\" content=\"new\" \/>\n<meta name=\"geo.placename\" content=\"Innsbruck\" \/>\n<meta name=\"geo.position\" content=\"47.264176340396226;11.380109057672346\" \/>\n<meta name=\"geo.region\" content=\"Austria\" \/>\n<!-- \/ Yoast SEO Premium plugin. -->","yoast_head_json":{"title":"Austrialpin Micro Drahtb\u00fcgel online kaufen | bolting.eu","description":"Hier findest Du den AUSTRIALPIN MICRO DRAHTB\u00dcGEL in vielen Farben. Ideal f\u00fcr dein Friend\u00b4s Rack und bAu eigener Expressen!","robots":{"index":"index","follow":"follow","max-snippet":"max-snippet:-1","max-image-preview":"max-image-preview:large","max-video-preview":"max-video-preview:-1"},"canonical":"https:\/\/bolting.eu\/en\/shop\/austrialpin-micro-drahtbuegel\/","og_locale":"en_US","og_type":"article","og_title":"Austrialpin Micro Drahtb\u00fcgel","og_description":"Hier findest Du den AUSTRIALPIN MICRO DRAHTB\u00dcGEL in vielen Farben. Ideal f\u00fcr dein Friend\u00b4s Rack und bAu eigener Expressen!","og_url":"https:\/\/bolting.eu\/en\/shop\/austrialpin-micro-drahtbuegel\/","og_site_name":"bolting.eu","article_publisher":"https:\/\/www.facebook.com\/bolting.eu","article_modified_time":"2025-09-04T04:29:25+00:00","og_image":[{"width":700,"height":700,"url":"https:\/\/bolting.eu\/wp-content\/uploads\/2021\/09\/Austrialpin-Micro-Drahtbu\u0308gel-rot.jpg","type":"image\/jpeg"}],"twitter_card":"summary_large_image","twitter_misc":{"Availability":"In stock"},"schema":{"@context":"https:\/\/schema.org","@graph":[{"@type":["WebPage","ItemPage"],"@id":"https:\/\/bolting.eu\/en\/shop\/austrialpin-micro-drahtbuegel\/","url":"https:\/\/bolting.eu\/en\/shop\/austrialpin-micro-drahtbuegel\/","name":"Austrialpin Micro Drahtb\u00fcgel online kaufen | bolting.eu","isPartOf":{"@id":"https:\/\/bolting.eu\/en\/#website"},"primaryImageOfPage":{"@id":"https:\/\/bolting.eu\/en\/shop\/austrialpin-micro-drahtbuegel\/#primaryimage"},"image":{"@id":"https:\/\/bolting.eu\/en\/shop\/austrialpin-micro-drahtbuegel\/#primaryimage"},"thumbnailUrl":"https:\/\/bolting.eu\/wp-content\/uploads\/2021\/09\/Austrialpin-Micro-Drahtbu\u0308gel-rot.jpg","datePublished":"2021-09-02T11:46:23+00:00","dateModified":"2025-09-04T04:29:25+00:00","description":"Hier findest Du den AUSTRIALPIN MICRO DRAHTB\u00dcGEL in vielen Farben. Ideal f\u00fcr dein Friend\u00b4s Rack und bAu eigener Expressen!","breadcrumb":{"@id":"https:\/\/bolting.eu\/en\/shop\/austrialpin-micro-drahtbuegel\/#breadcrumb"},"inLanguage":"en-US","potentialAction":[{"@type":"ReadAction","target":["https:\/\/bolting.eu\/en\/shop\/austrialpin-micro-drahtbuegel\/"]}]},{"@type":"ImageObject","inLanguage":"en-US","@id":"https:\/\/bolting.eu\/en\/shop\/austrialpin-micro-drahtbuegel\/#primaryimage","url":"https:\/\/bolting.eu\/wp-content\/uploads\/2021\/09\/Austrialpin-Micro-Drahtbu\u0308gel-rot.jpg","contentUrl":"https:\/\/bolting.eu\/wp-content\/uploads\/2021\/09\/Austrialpin-Micro-Drahtbu\u0308gel-rot.jpg","width":700,"height":700,"caption":"DAs Bild zeigt einen roten Austrialpin Micro DRahb\u00fcgel Karabiner. Er steht aufrecht im Bild, der Schnapper ist links."},{"@type":"BreadcrumbList","@id":"https:\/\/bolting.eu\/en\/shop\/austrialpin-micro-drahtbuegel\/#breadcrumb","itemListElement":[{"@type":"ListItem","position":1,"name":"Shop","item":"https:\/\/bolting.eu\/en\/shop\/"},{"@type":"ListItem","position":2,"name":"climbing equipment","item":"https:\/\/bolting.eu\/en\/produkt-kategorie\/climbing-equipment\/"},{"@type":"ListItem","position":3,"name":"Climbing carabiner","item":"https:\/\/bolting.eu\/en\/produkt-kategorie\/climbing-carabiner\/"},{"@type":"ListItem","position":4,"name":"Austrialpin Micro Drahtb\u00fcgel"}]},{"@type":"WebSite","@id":"https:\/\/bolting.eu\/en\/#website","url":"https:\/\/bolting.eu\/en\/","name":"bolting.eu","description":"we make climbs happen","publisher":{"@id":"https:\/\/bolting.eu\/en\/#organization"},"potentialAction":[{"@type":"SearchAction","target":{"@type":"EntryPoint","urlTemplate":"https:\/\/bolting.eu\/en\/?s={search_term_string}"},"query-input":{"@type":"PropertyValueSpecification","valueRequired":true,"valueName":"search_term_string"}}],"inLanguage":"en-US"},{"@type":["Organization","Place","SportingGoodsStore"],"@id":"https:\/\/bolting.eu\/en\/#organization","name":"bolting.eu","url":"https:\/\/bolting.eu\/en\/","logo":{"@id":"https:\/\/bolting.eu\/en\/shop\/austrialpin-micro-drahtbuegel\/#local-main-organization-logo"},"image":{"@id":"https:\/\/bolting.eu\/en\/shop\/austrialpin-micro-drahtbuegel\/#local-main-organization-logo"},"sameAs":["https:\/\/www.facebook.com\/bolting.eu","https:\/\/www.instagram.com\/bolting.eu\/"],"address":{"@id":"https:\/\/bolting.eu\/en\/shop\/austrialpin-micro-drahtbuegel\/#local-main-place-address"},"geo":{"@type":"GeoCoordinates","latitude":"47.264176340396226","longitude":"11.380109057672346"},"telephone":["+43 699 19083372"],"openingHoursSpecification":[{"@type":"OpeningHoursSpecification","dayOfWeek":["Monday","Wednesday","Friday"],"opens":"14:00","closes":"18:00"},{"@type":"OpeningHoursSpecification","dayOfWeek":["Tuesday","Thursday","Saturday","Sunday"],"opens":"00:00","closes":"00:00"}],"email":"office@bolting.eu","vatID":"ATU59999728","priceRange":"$$","currenciesAccepted":"Euro"},{"@type":"PostalAddress","@id":"https:\/\/bolting.eu\/en\/shop\/austrialpin-micro-drahtbuegel\/#local-main-place-address","streetAddress":"Fischnalerstra\u00dfe 4","addressLocality":"Innsbruck","postalCode":"6020","addressRegion":"Tirol","addressCountry":"AT"},{"@type":"ImageObject","inLanguage":"en-US","@id":"https:\/\/bolting.eu\/en\/shop\/austrialpin-micro-drahtbuegel\/#local-main-organization-logo","url":"https:\/\/bolting.eu\/wp-content\/uploads\/2019\/09\/bolting-logo.png","contentUrl":"https:\/\/bolting.eu\/wp-content\/uploads\/2019\/09\/bolting-logo.png","width":400,"height":211,"caption":"bolting.eu"}]},"og_availability":"instock","product_availability":"instock","product_condition":"new","geo.placename":"Innsbruck","geo.position":{"lat":"47.264176340396226","long":"11.380109057672346"},"geo.region":"Austria"},"_links":{"self":[{"href":"https:\/\/bolting.eu\/en\/wp-json\/wp\/v2\/product\/9759","targetHints":{"allow":["GET"]}}],"collection":[{"href":"https:\/\/bolting.eu\/en\/wp-json\/wp\/v2\/product"}],"about":[{"href":"https:\/\/bolting.eu\/en\/wp-json\/wp\/v2\/types\/product"}],"replies":[{"embeddable":true,"href":"https:\/\/bolting.eu\/en\/wp-json\/wp\/v2\/comments?post=9759"}],"wp:featuredmedia":[{"embeddable":true,"href":"https:\/\/bolting.eu\/en\/wp-json\/wp\/v2\/media\/9775"}],"wp:attachment":[{"href":"https:\/\/bolting.eu\/en\/wp-json\/wp\/v2\/media?parent=9759"}],"wp:term":[{"taxonomy":"product_brand","embeddable":true,"href":"https:\/\/bolting.eu\/en\/wp-json\/wp\/v2\/product_brand?post=9759"},{"taxonomy":"product_cat","embeddable":true,"href":"https:\/\/bolting.eu\/en\/wp-json\/wp\/v2\/product_cat?post=9759"},{"taxonomy":"product_tag","embeddable":true,"href":"https:\/\/bolting.eu\/en\/wp-json\/wp\/v2\/product_tag?post=9759"}],"curies":[{"name":"wp","href":"https:\/\/api.w.org\/{rel}","templated":true}]}}