{"id":9749,"date":"2021-09-02T13:35:09","date_gmt":"2021-09-02T11:35:09","guid":{"rendered":"https:\/\/bolting.eu\/?post_type=product&#038;p=9749"},"modified":"2025-07-09T19:10:49","modified_gmt":"2025-07-09T17:10:49","slug":"austrialpin-micro-schnappkarabiner","status":"publish","type":"product","link":"https:\/\/bolting.eu\/en\/shop\/austrialpin-micro-schnappkarabiner\/","title":{"rendered":"Austrialpin Micro Schnappkarabiner"},"content":{"rendered":"<p>Der Austrialpin Micro Schnappkarabiner ist ein kleines, relativ leichtes Verbindungsmittel. Wir empfehlen euch diesen Karabiner, wenn ihr euch z.B. eine <a href=\"https:\/\/bolting.eu\/verlaengerbare-expressschlinge\/\">verl\u00e4ngerbare Expressschlinge<\/a> zusammenstellen wollt.<\/p>\n<p>Denn dieses Modell ist zum einen mit geraden bzw. gebogenem Schnapper erh\u00e4ltlich. Und zum anderen mit polierter bzw. eloxierter Oberfl\u00e4che. D.h. es lassen sich alle erdenklichen Kombis gestalten. Von einfach und g\u00fcnstig bis zu farbig und hochwertig.<\/p>\n<p>Nat\u00fcrlich kann man die Karabiner auch verwenden, um seine <a href=\"https:\/\/bolting.eu\/shop\/austrialpin-micro-express-mixed\/\">Micro Express Mixed<\/a> oder <a href=\"https:\/\/bolting.eu\/shop\/austrialpin-micro-express-keylock\/\">Micro Express Keylock<\/a> nach zu best\u00fccken. Z.B. wenn der eine oder andere Karabiner schon stark abgeschliffen oder eingekerbt ist.<\/p>\n<h2>Eigenschaften Austrialpin Micro Schnappkarabiner<\/h2>\n<ul>\n<li>Hersteller: <a href=\"https:\/\/bolting.eu\/produkt-kategorie\/austrialpin\/\">Austrialpin<\/a><\/li>\n<li>Material: Aluminium poliert oder eloxiert<\/li>\n<li>Schnapper Form: gerade oder gebogen<\/li>\n<li>Farbe: gr\u00fcn bzw. silber<\/li>\n<li>EN Norm 12275 bzw. UIAA 121<\/li>\n<li>Verschluss: Keylock Schnapper<\/li>\n<li>Bruchlasten 22kN l\u00e4ngs \/ 8kN offen \/ 7kN Querachse<\/li>\n<li>Gr\u00f6\u00dfe 94 x 56mm<\/li>\n<li>Schnapper\u00f6ffnung: 22mm<\/li>\n<li>Gewicht: 39 Gramm<\/li>\n<li>Made in Austria<\/li>\n<li><a href=\"https:\/\/www.austrialpin.at\/fileadmin\/anleitungen\/AA_instruction-manual_carabiner-slings.pdf\">Bedienungsanleitung<\/a><\/li>\n<\/ul>\n<h3>Perfekt zum Ersetzen der Express Karabiner<\/h3>\n<figure id=\"attachment_9703\" aria-describedby=\"caption-attachment-9703\" style=\"width: 200px\" class=\"wp-caption alignleft\"><a href=\"https:\/\/bolting.eu\/wp-content\/uploads\/2021\/09\/Austrialpin-Micro-Express-Keylock-11cm.jpg\"><img loading=\"lazy\" decoding=\"async\" class=\"wp-image-9703\" src=\"https:\/\/bolting.eu\/wp-content\/uploads\/2021\/09\/Austrialpin-Micro-Express-Keylock-11cm.jpg\" alt=\"Das Bild zeigt die Austrialpin Micro Express KEylock. Sie steht aufrecht im Bild, oben der silberne Karabiner, daran h\u00e4ngt die graue Schlinge, unten der gr\u00fcne Karabiner.\" width=\"200\" height=\"200\" srcset=\"https:\/\/bolting.eu\/wp-content\/uploads\/2021\/09\/Austrialpin-Micro-Express-Keylock-11cm.jpg 700w, https:\/\/bolting.eu\/wp-content\/uploads\/2021\/09\/Austrialpin-Micro-Express-Keylock-11cm-247x247.jpg 247w, https:\/\/bolting.eu\/wp-content\/uploads\/2021\/09\/Austrialpin-Micro-Express-Keylock-11cm-100x100.jpg 100w, https:\/\/bolting.eu\/wp-content\/uploads\/2021\/09\/Austrialpin-Micro-Express-Keylock-11cm-510x510.jpg 510w, https:\/\/bolting.eu\/wp-content\/uploads\/2021\/09\/Austrialpin-Micro-Express-Keylock-11cm-400x400.jpg 400w, https:\/\/bolting.eu\/wp-content\/uploads\/2021\/09\/Austrialpin-Micro-Express-Keylock-11cm-280x280.jpg 280w, https:\/\/bolting.eu\/wp-content\/uploads\/2021\/09\/Austrialpin-Micro-Express-Keylock-11cm-300x300.jpg 300w, https:\/\/bolting.eu\/wp-content\/uploads\/2021\/09\/Austrialpin-Micro-Express-Keylock-11cm-600x600.jpg 600w\" sizes=\"auto, (max-width: 200px) 100vw, 200px\" \/><\/a><figcaption id=\"caption-attachment-9703\" class=\"wp-caption-text\">Die Micro Expressen lassen sich mit unserem Angebot der einzelnen Karabiner perfekt nach best\u00fccken.<\/figcaption><\/figure>\n<p>Die Austrialpin Micro Schnappkarabiner sind beliebte Artikel. Denn sie werden oft als Ersatz f\u00fcr die Karabiner auf den gleichnamigen Schlingen nachgefragt.<\/p>\n<p>Mit den vier vorhandenen Varianten lassen sich alle um Umlauf befindlichen Micro Express nach best\u00fccken.<\/p>\n<ul>\n<li>poliert &#8211; gerader Schnapper<\/li>\n<li>eloxiert &#8211; gerader Schnapper<\/li>\n<li>poliert &#8211; gebogener Schnapper<\/li>\n<li>eloxiert &#8211; gebogener Schnapper<\/li>\n<\/ul>\n<p>Das ist nicht nur wirtschaftlich extrem sinnvoll, sondern auch \u00f6kologisch nachhaltig. Lieber punktuell nach best\u00fccken als immer neue Ressourcen verbrauchen durch unn\u00fctze Neuk\u00e4ufe.<\/p>\n<h3>Austrialpin Micro Schnappkarabiner &#8211; Made in Austria<\/h3>\n<p>Diese Express wird in \u00d6sterreich gefertigt. Oder genauer gesagt in Fulpmes im Tiroler Stubaital. Die Produktion im Inland bedingt gleich mehrere positive Effekte.<\/p>\n<p>Erstens werden hier ordentliche soziale und \u00f6kologische Standards eingehalten. Zweitens reduzieren sich die Transportwege ganz enorm. Kein transkontinentaler Schiffsverkehr, keine Hafen Be- und Entladung sowie keine LKW Zulieferung. Und drittens setzt der Hersteller Austrialpin ehrliche Ma\u00dfnahmen, um nachhaltiges zu agieren. Wie z.B. durch eine gro\u00dfe Photovoltaikanlage am Firmen Dach.<\/p>\n<h3>Keylock Verschluss<\/h3>\n<figure id=\"attachment_9758\" aria-describedby=\"caption-attachment-9758\" style=\"width: 200px\" class=\"wp-caption alignleft\"><a href=\"https:\/\/bolting.eu\/wp-content\/uploads\/2021\/09\/Austrialpin-Micro-Schnappkarabiner-Keylock.jpg\"><img loading=\"lazy\" decoding=\"async\" class=\"wp-image-9758\" src=\"https:\/\/bolting.eu\/wp-content\/uploads\/2021\/09\/Austrialpin-Micro-Schnappkarabiner-Keylock.jpg\" alt=\"Das Bild zeigt den Keylock Verschluss eines gr\u00fcnen Austrialpin Micro Schnappkarabiners.\" width=\"200\" height=\"200\" srcset=\"https:\/\/bolting.eu\/wp-content\/uploads\/2021\/09\/Austrialpin-Micro-Schnappkarabiner-Keylock.jpg 700w, https:\/\/bolting.eu\/wp-content\/uploads\/2021\/09\/Austrialpin-Micro-Schnappkarabiner-Keylock-100x100.jpg 100w, https:\/\/bolting.eu\/wp-content\/uploads\/2021\/09\/Austrialpin-Micro-Schnappkarabiner-Keylock-510x510.jpg 510w, https:\/\/bolting.eu\/wp-content\/uploads\/2021\/09\/Austrialpin-Micro-Schnappkarabiner-Keylock-400x400.jpg 400w, https:\/\/bolting.eu\/wp-content\/uploads\/2021\/09\/Austrialpin-Micro-Schnappkarabiner-Keylock-280x280.jpg 280w, https:\/\/bolting.eu\/wp-content\/uploads\/2021\/09\/Austrialpin-Micro-Schnappkarabiner-Keylock-300x300.jpg 300w, https:\/\/bolting.eu\/wp-content\/uploads\/2021\/09\/Austrialpin-Micro-Schnappkarabiner-Keylock-600x600.jpg 600w\" sizes=\"auto, (max-width: 200px) 100vw, 200px\" \/><\/a><figcaption id=\"caption-attachment-9758\" class=\"wp-caption-text\">Der Keylock Verschluss des Austrialpin Micro Schnappkarabiners, ein Positiv-Negativ System.<\/figcaption><\/figure>\n<p>Alle Austrialpin Micro Schnappkarabiner haben einen Keylock Verschluss. D.h. Schnapper und Karabinernase sind aus einem Positiv-Negativ geformt das perfekt ineinander gleitet.<\/p>\n<p>Oder besser formuliert. Somit l\u00e4sst sich das Klippen ganz leicht ausf\u00fchren. Und zudem k\u00f6nnen sich weder die Finger noch das Seil am Karabiner verhaken oder gar schneiden.<\/p>\n","protected":false},"excerpt":{"rendered":"<p>Kleiner, leichter Keylock Schnapper mit nur 39 Gramm. F\u00fcr\u00b4s Alpinklettern oder gewichtsbewusste Anwender.<\/p>\n<p>Zu 100% in \u00d6sterreich in Kaltschmiedetechnik gefertigt.<\/p>\n<p>Versandkostenfrei bis 2kg in <img decoding=\"async\" class=\"emoji\" role=\"img\" draggable=\"false\" src=\"https:\/\/s.w.org\/images\/core\/emoji\/14.0.0\/svg\/1f1e6-1f1f9.svg\" alt=\"\ud83c\udde6\ud83c\uddf9\" \/> ab \u20ac 100,- und <img decoding=\"async\" class=\"emoji\" role=\"img\" draggable=\"false\" src=\"https:\/\/s.w.org\/images\/core\/emoji\/14.0.0\/svg\/1f1e9-1f1ea.svg\" alt=\"\ud83c\udde9\ud83c\uddea\" \/> ab \u20ac 200,-!<\/p>\n","protected":false},"featured_media":9757,"comment_status":"open","ping_status":"closed","template":"","meta":[],"product_brand":[],"product_cat":[29,44,3004,4649],"product_tag":[],"class_list":{"0":"post-9749","1":"product","2":"type-product","3":"status-publish","4":"has-post-thumbnail","6":"product_cat-kletterausruestung","7":"product_cat-kletterkarabiner","8":"product_cat-schnappkarabiner","9":"product_cat-austrialpin","11":"first","12":"instock","13":"taxable","14":"shipping-taxable","15":"purchasable","16":"product-type-variable"},"yoast_head":"<!-- This site is optimized with the Yoast SEO Premium plugin v26.9 (Yoast SEO v26.9) - https:\/\/yoast.com\/product\/yoast-seo-premium-wordpress\/ -->\n<title>Austrialpin Micro Schnappkarabiner online kaufen | bolting.eu<\/title>\n<meta name=\"description\" content=\"AUSTRIALPIN MICRO SCHNAPPKARABINER beim Kletter Hardwareprofi aus Innsbruck kaufen \u2705 kostenloser Versand* \u2705 14 Tage R\u00fcckgaberecht \u2705 Co2 neutraler Versand\" \/>\n<meta name=\"robots\" content=\"index, follow, max-snippet:-1, max-image-preview:large, max-video-preview:-1\" \/>\n<link rel=\"canonical\" href=\"https:\/\/bolting.eu\/en\/shop\/austrialpin-micro-schnappkarabiner\/\" \/>\n<meta property=\"og:locale\" content=\"en_US\" \/>\n<meta property=\"og:type\" content=\"article\" \/>\n<meta property=\"og:title\" content=\"Austrialpin Micro Schnappkarabiner\" \/>\n<meta property=\"og:description\" content=\"AUSTRIALPIN MICRO SCHNAPPKARABINER beim Kletter Hardwareprofi aus Innsbruck kaufen \u2705 kostenloser Versand* \u2705 14 Tage R\u00fcckgaberecht \u2705 Co2 neutraler Versand\" \/>\n<meta property=\"og:url\" content=\"https:\/\/bolting.eu\/en\/shop\/austrialpin-micro-schnappkarabiner\/\" \/>\n<meta property=\"og:site_name\" content=\"bolting.eu\" \/>\n<meta property=\"article:publisher\" content=\"https:\/\/www.facebook.com\/bolting.eu\" \/>\n<meta property=\"article:modified_time\" content=\"2025-07-09T17:10:49+00:00\" \/>\n<meta property=\"og:image\" content=\"https:\/\/bolting.eu\/wp-content\/uploads\/2021\/09\/Austrialpin-Micro-Schnappkarabiner-eloxiert-gerade.jpg\" \/>\n\t<meta property=\"og:image:width\" content=\"700\" \/>\n\t<meta property=\"og:image:height\" content=\"700\" \/>\n\t<meta property=\"og:image:type\" content=\"image\/jpeg\" \/>\n<meta name=\"twitter:card\" content=\"summary_large_image\" \/>\n<meta name=\"twitter:label1\" content=\"Availability\" \/>\n\t<meta name=\"twitter:data1\" content=\"In stock\" \/>\n<script type=\"application\/ld+json\" class=\"yoast-schema-graph\">{\"@context\":\"https:\/\/schema.org\",\"@graph\":[{\"@type\":[\"WebPage\",\"ItemPage\"],\"@id\":\"https:\/\/bolting.eu\/en\/shop\/austrialpin-micro-schnappkarabiner\/\",\"url\":\"https:\/\/bolting.eu\/en\/shop\/austrialpin-micro-schnappkarabiner\/\",\"name\":\"Austrialpin Micro Schnappkarabiner online kaufen | bolting.eu\",\"isPartOf\":{\"@id\":\"https:\/\/bolting.eu\/en\/#website\"},\"primaryImageOfPage\":{\"@id\":\"https:\/\/bolting.eu\/en\/shop\/austrialpin-micro-schnappkarabiner\/#primaryimage\"},\"image\":{\"@id\":\"https:\/\/bolting.eu\/en\/shop\/austrialpin-micro-schnappkarabiner\/#primaryimage\"},\"thumbnailUrl\":\"https:\/\/bolting.eu\/wp-content\/uploads\/2021\/09\/Austrialpin-Micro-Schnappkarabiner-eloxiert-gerade.jpg\",\"datePublished\":\"2021-09-02T11:35:09+00:00\",\"dateModified\":\"2025-07-09T17:10:49+00:00\",\"description\":\"AUSTRIALPIN MICRO SCHNAPPKARABINER beim Kletter Hardwareprofi aus Innsbruck kaufen \u2705 kostenloser Versand* \u2705 14 Tage R\u00fcckgaberecht \u2705 Co2 neutraler Versand\",\"breadcrumb\":{\"@id\":\"https:\/\/bolting.eu\/en\/shop\/austrialpin-micro-schnappkarabiner\/#breadcrumb\"},\"inLanguage\":\"en-US\",\"potentialAction\":[{\"@type\":\"ReadAction\",\"target\":[\"https:\/\/bolting.eu\/en\/shop\/austrialpin-micro-schnappkarabiner\/\"]}]},{\"@type\":\"ImageObject\",\"inLanguage\":\"en-US\",\"@id\":\"https:\/\/bolting.eu\/en\/shop\/austrialpin-micro-schnappkarabiner\/#primaryimage\",\"url\":\"https:\/\/bolting.eu\/wp-content\/uploads\/2021\/09\/Austrialpin-Micro-Schnappkarabiner-eloxiert-gerade.jpg\",\"contentUrl\":\"https:\/\/bolting.eu\/wp-content\/uploads\/2021\/09\/Austrialpin-Micro-Schnappkarabiner-eloxiert-gerade.jpg\",\"width\":700,\"height\":700,\"caption\":\"Das Bild zeigt einen gr\u00fcnen Austrialpin Micro Schnappkarabiner. Er steht aufrecht im Bild, der gerade Schnapper ist links.\"},{\"@type\":\"BreadcrumbList\",\"@id\":\"https:\/\/bolting.eu\/en\/shop\/austrialpin-micro-schnappkarabiner\/#breadcrumb\",\"itemListElement\":[{\"@type\":\"ListItem\",\"position\":1,\"name\":\"Shop\",\"item\":\"https:\/\/bolting.eu\/en\/shop\/\"},{\"@type\":\"ListItem\",\"position\":2,\"name\":\"climbing equipment\",\"item\":\"https:\/\/bolting.eu\/en\/produkt-kategorie\/climbing-equipment\/\"},{\"@type\":\"ListItem\",\"position\":3,\"name\":\"Climbing carabiner\",\"item\":\"https:\/\/bolting.eu\/en\/produkt-kategorie\/climbing-carabiner\/\"},{\"@type\":\"ListItem\",\"position\":4,\"name\":\"Austrialpin Micro Schnappkarabiner\"}]},{\"@type\":\"WebSite\",\"@id\":\"https:\/\/bolting.eu\/en\/#website\",\"url\":\"https:\/\/bolting.eu\/en\/\",\"name\":\"bolting.eu\",\"description\":\"we make climbs happen\",\"publisher\":{\"@id\":\"https:\/\/bolting.eu\/en\/#organization\"},\"potentialAction\":[{\"@type\":\"SearchAction\",\"target\":{\"@type\":\"EntryPoint\",\"urlTemplate\":\"https:\/\/bolting.eu\/en\/?s={search_term_string}\"},\"query-input\":{\"@type\":\"PropertyValueSpecification\",\"valueRequired\":true,\"valueName\":\"search_term_string\"}}],\"inLanguage\":\"en-US\"},{\"@type\":[\"Organization\",\"Place\",\"SportingGoodsStore\"],\"@id\":\"https:\/\/bolting.eu\/en\/#organization\",\"name\":\"bolting.eu\",\"url\":\"https:\/\/bolting.eu\/en\/\",\"logo\":{\"@id\":\"https:\/\/bolting.eu\/en\/shop\/austrialpin-micro-schnappkarabiner\/#local-main-organization-logo\"},\"image\":{\"@id\":\"https:\/\/bolting.eu\/en\/shop\/austrialpin-micro-schnappkarabiner\/#local-main-organization-logo\"},\"sameAs\":[\"https:\/\/www.facebook.com\/bolting.eu\",\"https:\/\/www.instagram.com\/bolting.eu\/\"],\"address\":{\"@id\":\"https:\/\/bolting.eu\/en\/shop\/austrialpin-micro-schnappkarabiner\/#local-main-place-address\"},\"geo\":{\"@type\":\"GeoCoordinates\",\"latitude\":\"47.264176340396226\",\"longitude\":\"11.380109057672346\"},\"telephone\":[\"+43 699 19083372\"],\"openingHoursSpecification\":[{\"@type\":\"OpeningHoursSpecification\",\"dayOfWeek\":[\"Monday\",\"Wednesday\",\"Friday\"],\"opens\":\"14:00\",\"closes\":\"18:00\"},{\"@type\":\"OpeningHoursSpecification\",\"dayOfWeek\":[\"Tuesday\",\"Thursday\",\"Saturday\",\"Sunday\"],\"opens\":\"00:00\",\"closes\":\"00:00\"}],\"email\":\"office@bolting.eu\",\"vatID\":\"ATU59999728\",\"priceRange\":\"$$\",\"currenciesAccepted\":\"Euro\"},{\"@type\":\"PostalAddress\",\"@id\":\"https:\/\/bolting.eu\/en\/shop\/austrialpin-micro-schnappkarabiner\/#local-main-place-address\",\"streetAddress\":\"Fischnalerstra\u00dfe 4\",\"addressLocality\":\"Innsbruck\",\"postalCode\":\"6020\",\"addressRegion\":\"Tirol\",\"addressCountry\":\"AT\"},{\"@type\":\"ImageObject\",\"inLanguage\":\"en-US\",\"@id\":\"https:\/\/bolting.eu\/en\/shop\/austrialpin-micro-schnappkarabiner\/#local-main-organization-logo\",\"url\":\"https:\/\/bolting.eu\/wp-content\/uploads\/2019\/09\/bolting-logo.png\",\"contentUrl\":\"https:\/\/bolting.eu\/wp-content\/uploads\/2019\/09\/bolting-logo.png\",\"width\":400,\"height\":211,\"caption\":\"bolting.eu\"}]}<\/script>\n<meta property=\"og:availability\" content=\"instock\" \/>\n<meta property=\"product:availability\" content=\"instock\" \/>\n<meta property=\"product:condition\" content=\"new\" \/>\n<meta name=\"geo.placename\" content=\"Innsbruck\" \/>\n<meta name=\"geo.position\" content=\"47.264176340396226;11.380109057672346\" \/>\n<meta name=\"geo.region\" content=\"Austria\" \/>\n<!-- \/ Yoast SEO Premium plugin. -->","yoast_head_json":{"title":"Austrialpin Micro Schnappkarabiner online kaufen | bolting.eu","description":"AUSTRIALPIN MICRO SCHNAPPKARABINER beim Kletter Hardwareprofi aus Innsbruck kaufen \u2705 kostenloser Versand* \u2705 14 Tage R\u00fcckgaberecht \u2705 Co2 neutraler Versand","robots":{"index":"index","follow":"follow","max-snippet":"max-snippet:-1","max-image-preview":"max-image-preview:large","max-video-preview":"max-video-preview:-1"},"canonical":"https:\/\/bolting.eu\/en\/shop\/austrialpin-micro-schnappkarabiner\/","og_locale":"en_US","og_type":"article","og_title":"Austrialpin Micro Schnappkarabiner","og_description":"AUSTRIALPIN MICRO SCHNAPPKARABINER beim Kletter Hardwareprofi aus Innsbruck kaufen \u2705 kostenloser Versand* \u2705 14 Tage R\u00fcckgaberecht \u2705 Co2 neutraler Versand","og_url":"https:\/\/bolting.eu\/en\/shop\/austrialpin-micro-schnappkarabiner\/","og_site_name":"bolting.eu","article_publisher":"https:\/\/www.facebook.com\/bolting.eu","article_modified_time":"2025-07-09T17:10:49+00:00","og_image":[{"width":700,"height":700,"url":"https:\/\/bolting.eu\/wp-content\/uploads\/2021\/09\/Austrialpin-Micro-Schnappkarabiner-eloxiert-gerade.jpg","type":"image\/jpeg"}],"twitter_card":"summary_large_image","twitter_misc":{"Availability":"In stock"},"schema":{"@context":"https:\/\/schema.org","@graph":[{"@type":["WebPage","ItemPage"],"@id":"https:\/\/bolting.eu\/en\/shop\/austrialpin-micro-schnappkarabiner\/","url":"https:\/\/bolting.eu\/en\/shop\/austrialpin-micro-schnappkarabiner\/","name":"Austrialpin Micro Schnappkarabiner online kaufen | bolting.eu","isPartOf":{"@id":"https:\/\/bolting.eu\/en\/#website"},"primaryImageOfPage":{"@id":"https:\/\/bolting.eu\/en\/shop\/austrialpin-micro-schnappkarabiner\/#primaryimage"},"image":{"@id":"https:\/\/bolting.eu\/en\/shop\/austrialpin-micro-schnappkarabiner\/#primaryimage"},"thumbnailUrl":"https:\/\/bolting.eu\/wp-content\/uploads\/2021\/09\/Austrialpin-Micro-Schnappkarabiner-eloxiert-gerade.jpg","datePublished":"2021-09-02T11:35:09+00:00","dateModified":"2025-07-09T17:10:49+00:00","description":"AUSTRIALPIN MICRO SCHNAPPKARABINER beim Kletter Hardwareprofi aus Innsbruck kaufen \u2705 kostenloser Versand* \u2705 14 Tage R\u00fcckgaberecht \u2705 Co2 neutraler Versand","breadcrumb":{"@id":"https:\/\/bolting.eu\/en\/shop\/austrialpin-micro-schnappkarabiner\/#breadcrumb"},"inLanguage":"en-US","potentialAction":[{"@type":"ReadAction","target":["https:\/\/bolting.eu\/en\/shop\/austrialpin-micro-schnappkarabiner\/"]}]},{"@type":"ImageObject","inLanguage":"en-US","@id":"https:\/\/bolting.eu\/en\/shop\/austrialpin-micro-schnappkarabiner\/#primaryimage","url":"https:\/\/bolting.eu\/wp-content\/uploads\/2021\/09\/Austrialpin-Micro-Schnappkarabiner-eloxiert-gerade.jpg","contentUrl":"https:\/\/bolting.eu\/wp-content\/uploads\/2021\/09\/Austrialpin-Micro-Schnappkarabiner-eloxiert-gerade.jpg","width":700,"height":700,"caption":"Das Bild zeigt einen gr\u00fcnen Austrialpin Micro Schnappkarabiner. Er steht aufrecht im Bild, der gerade Schnapper ist links."},{"@type":"BreadcrumbList","@id":"https:\/\/bolting.eu\/en\/shop\/austrialpin-micro-schnappkarabiner\/#breadcrumb","itemListElement":[{"@type":"ListItem","position":1,"name":"Shop","item":"https:\/\/bolting.eu\/en\/shop\/"},{"@type":"ListItem","position":2,"name":"climbing equipment","item":"https:\/\/bolting.eu\/en\/produkt-kategorie\/climbing-equipment\/"},{"@type":"ListItem","position":3,"name":"Climbing carabiner","item":"https:\/\/bolting.eu\/en\/produkt-kategorie\/climbing-carabiner\/"},{"@type":"ListItem","position":4,"name":"Austrialpin Micro Schnappkarabiner"}]},{"@type":"WebSite","@id":"https:\/\/bolting.eu\/en\/#website","url":"https:\/\/bolting.eu\/en\/","name":"bolting.eu","description":"we make climbs happen","publisher":{"@id":"https:\/\/bolting.eu\/en\/#organization"},"potentialAction":[{"@type":"SearchAction","target":{"@type":"EntryPoint","urlTemplate":"https:\/\/bolting.eu\/en\/?s={search_term_string}"},"query-input":{"@type":"PropertyValueSpecification","valueRequired":true,"valueName":"search_term_string"}}],"inLanguage":"en-US"},{"@type":["Organization","Place","SportingGoodsStore"],"@id":"https:\/\/bolting.eu\/en\/#organization","name":"bolting.eu","url":"https:\/\/bolting.eu\/en\/","logo":{"@id":"https:\/\/bolting.eu\/en\/shop\/austrialpin-micro-schnappkarabiner\/#local-main-organization-logo"},"image":{"@id":"https:\/\/bolting.eu\/en\/shop\/austrialpin-micro-schnappkarabiner\/#local-main-organization-logo"},"sameAs":["https:\/\/www.facebook.com\/bolting.eu","https:\/\/www.instagram.com\/bolting.eu\/"],"address":{"@id":"https:\/\/bolting.eu\/en\/shop\/austrialpin-micro-schnappkarabiner\/#local-main-place-address"},"geo":{"@type":"GeoCoordinates","latitude":"47.264176340396226","longitude":"11.380109057672346"},"telephone":["+43 699 19083372"],"openingHoursSpecification":[{"@type":"OpeningHoursSpecification","dayOfWeek":["Monday","Wednesday","Friday"],"opens":"14:00","closes":"18:00"},{"@type":"OpeningHoursSpecification","dayOfWeek":["Tuesday","Thursday","Saturday","Sunday"],"opens":"00:00","closes":"00:00"}],"email":"office@bolting.eu","vatID":"ATU59999728","priceRange":"$$","currenciesAccepted":"Euro"},{"@type":"PostalAddress","@id":"https:\/\/bolting.eu\/en\/shop\/austrialpin-micro-schnappkarabiner\/#local-main-place-address","streetAddress":"Fischnalerstra\u00dfe 4","addressLocality":"Innsbruck","postalCode":"6020","addressRegion":"Tirol","addressCountry":"AT"},{"@type":"ImageObject","inLanguage":"en-US","@id":"https:\/\/bolting.eu\/en\/shop\/austrialpin-micro-schnappkarabiner\/#local-main-organization-logo","url":"https:\/\/bolting.eu\/wp-content\/uploads\/2019\/09\/bolting-logo.png","contentUrl":"https:\/\/bolting.eu\/wp-content\/uploads\/2019\/09\/bolting-logo.png","width":400,"height":211,"caption":"bolting.eu"}]},"og_availability":"instock","product_availability":"instock","product_condition":"new","geo.placename":"Innsbruck","geo.position":{"lat":"47.264176340396226","long":"11.380109057672346"},"geo.region":"Austria"},"_links":{"self":[{"href":"https:\/\/bolting.eu\/en\/wp-json\/wp\/v2\/product\/9749","targetHints":{"allow":["GET"]}}],"collection":[{"href":"https:\/\/bolting.eu\/en\/wp-json\/wp\/v2\/product"}],"about":[{"href":"https:\/\/bolting.eu\/en\/wp-json\/wp\/v2\/types\/product"}],"replies":[{"embeddable":true,"href":"https:\/\/bolting.eu\/en\/wp-json\/wp\/v2\/comments?post=9749"}],"wp:featuredmedia":[{"embeddable":true,"href":"https:\/\/bolting.eu\/en\/wp-json\/wp\/v2\/media\/9757"}],"wp:attachment":[{"href":"https:\/\/bolting.eu\/en\/wp-json\/wp\/v2\/media?parent=9749"}],"wp:term":[{"taxonomy":"product_brand","embeddable":true,"href":"https:\/\/bolting.eu\/en\/wp-json\/wp\/v2\/product_brand?post=9749"},{"taxonomy":"product_cat","embeddable":true,"href":"https:\/\/bolting.eu\/en\/wp-json\/wp\/v2\/product_cat?post=9749"},{"taxonomy":"product_tag","embeddable":true,"href":"https:\/\/bolting.eu\/en\/wp-json\/wp\/v2\/product_tag?post=9749"}],"curies":[{"name":"wp","href":"https:\/\/api.w.org\/{rel}","templated":true}]}}