{"id":9725,"date":"2021-09-02T10:04:45","date_gmt":"2021-09-02T08:04:45","guid":{"rendered":"https:\/\/bolting.eu\/?post_type=product&#038;p=9725"},"modified":"2026-03-19T11:31:26","modified_gmt":"2026-03-19T10:31:26","slug":"austrialpin-ovalo-schnapper","status":"publish","type":"product","link":"https:\/\/bolting.eu\/en\/shop\/austrialpin-ovalo-schnapper\/","title":{"rendered":"Austrialpin Ovalo Schnapper"},"content":{"rendered":"<p>Der Austrialpin Ovalo Schnapper ist ein spezieller Karabiner. Denn wie es der Name bereits andeutet, hat er ein ovaler Karabiner. Dieser Bautyp hat einige ganz entscheidende Vorteile.<\/p>\n<p>Erstens hat der Karabiner einen extrem <strong>kleinen Radius im Scheitel<\/strong>. D.h. er kann in Fixpunkte eingeh\u00e4ngt werden, welche sehr beengte Platzverh\u00e4ltnisse bieten. Wie z.B. ein <a href=\"https:\/\/bolting.eu\/produkt-kategorie\/einbohrartikel\/felshaken-normalhaken\/\">Felshaken<\/a> in einer engen Verschneidung.<\/p>\n<p>Zweitens <strong>richtet sich<\/strong> ein ovaler Karabiner <strong>viel schneller in Belastungsrichtung aus<\/strong>. Das ist z.B. ideal bei Trittleitern, beim aufh\u00e4ngen von Lasten, usw.<\/p>\n<p>Drittens hat der Austrialpin Ovalo Schnapper im <strong>Scheitel gleichm\u00e4\u00dfige Radien<\/strong>. Folglich ist der Karabiner<strong> ideal f\u00fcr <a href=\"https:\/\/bolting.eu\/produkt-kategorie\/kletterausruestung\/seilrollen\/\">Seilrollen<\/a><\/strong> <strong>oder <a href=\"https:\/\/bolting.eu\/produkt-kategorie\/kletterausruestung\/steigklemme\/\">Seilklemmen<\/a><\/strong> zu beiden Seiten gleich auf. Wie z.B. die <a href=\"https:\/\/bolting.eu\/shop\/climbing-technology-rollnlock-seilklemme\/\">CT Roll\u00b4n Lock<\/a>, <a href=\"https:\/\/bolting.eu\/shop\/kong-duck-mini-seilklemme\/\">Kong Duck<\/a> oder <a href=\"https:\/\/bolting.eu\/shop\/edelrid-spoc-umlenkrolle-mit-ruecklaufsperre\/\">Edelrid Spoc<\/a>.<\/p>\n<p>Und viertens haben ovale Karabiner eine <strong>gerade L\u00e4ngsseite<\/strong>. Das ist perfekt, wenn man <strong>Seile abklemmen<\/strong> m\u00f6chte. Wie z.B. im Nachstigesmodus bei Sicherungsger\u00e4ten wie dem <a href=\"https:\/\/bolting.eu\/shop\/petzl-reverso\/\">Petzl Reverso<\/a> oder diversen Sicherungsplatten wie dem <a href=\"https:\/\/bolting.eu\/shop\/kong-gi-gi-sicherungsplatte\/\">Kong Gi Gi<\/a> oder <a href=\"https:\/\/bolting.eu\/shop\/kong-full-sicherungsplatte\/\">Kong Full<\/a>.<\/p>\n<p>Kurzum. Wer viel alpin unterwegs ist bzw. regelm\u00e4\u00dfig aufwendigere Seilman\u00f6ver sowie H\u00f6henarbeiten macht, kommt um ein paar ovale Karabiner im Rack nicht aus.<\/p>\n<h2>Eigenschaften Austrialpin Ovalo Schnappkarabiner<\/h2>\n<ul>\n<li>Hersteller: <a href=\"https:\/\/bolting.eu\/produkt-kategorie\/austrialpin\/\">Austrialpin<\/a><\/li>\n<li>Material: Aluminium eloxiert<\/li>\n<li>Gewicht: 58 Gramm<\/li>\n<li><a href=\"https:\/\/bolting.eu\/bruchlast-karabiner\/\">Bruchlast Karabiner<\/a>: 24kN l\u00e4ngs \/ 10kN quer \/ 7kN offen<\/li>\n<li>Normen: EN 12275, UIAA azurblau 121<\/li>\n<li>Farben: gelb oder azurblau<\/li>\n<li>Schnapper\u00f6ffnung: 22mm<\/li>\n<li>gleichm\u00e4\u00dfiger, kleiner Radius im Scheitel<\/li>\n<li>ideal f\u00fcr Seilklemmen und Seilrollen<\/li>\n<li>perfekt f\u00fcr Fixpunkte an beengten Stellen<\/li>\n<li>ideal f\u00fcr Sicherungsplatten durch gerade L\u00e4ngsseite<\/li>\n<li><a href=\"https:\/\/www.austrialpin.at\/fileadmin\/anleitungen\/AA_instruction-manual_carabiner-slings.pdf\" target=\"_blank\" rel=\"noopener\">Gebrauchsanleitung<\/a><\/li>\n<\/ul>\n<h3>Eloxiert<\/h3>\n<p>Der Austrialpin Ovalo Schnapper ist in der eloxierte Variante erh\u00e4ltlich. Oder einfacher ausgedr\u00fcckt. Diese Variante hat eine Farbschichte erhalten. Diese hilft vereinfacht gesagt dabei, die Alu Legierung vor Korrosion zu sch\u00fctzen.<\/p>\n<p>Des weiteren helfen euch die Farben dabei, den Karabiner am Gurt gleich zu erkennen.<\/p>\n<h3>Austrialpin Ovalo Schnapper mit Keylock<\/h3>\n<p>Dieser Karabiner hat einen feinen Keylock Verschluss. D.h. Schnapper und Karabinernase bilden ein formschl\u00fcssiges Positiv-Negativ. Dabe sind alle Ecken und Kanten sch\u00f6n abgerundet. Somit kann man sich weder die Finger einklemmen noch bleibt das Seil h\u00e4ngen.<\/p>\n","protected":false},"excerpt":{"rendered":"<p>Ovaler Schnapper mit gleichm\u00e4\u00dfigem, kleinem Radius im Scheitel.<\/p>\n<p>Ideal f\u00fcr Seilklemmen und Seilrollen und Fixpunkte an beengten Stellen.<\/p>\n<p>Versandkostenfrei bis 2kg in\u00a0<img decoding=\"async\" class=\"emoji\" role=\"img\" draggable=\"false\" src=\"https:\/\/s.w.org\/images\/core\/emoji\/13.1.0\/svg\/1f1e6-1f1f9.svg\" alt=\"\ud83c\udde6\ud83c\uddf9\" \/>\u00a0ab \u20ac 100,- und\u00a0<img decoding=\"async\" class=\"emoji\" role=\"img\" draggable=\"false\" src=\"https:\/\/s.w.org\/images\/core\/emoji\/13.1.0\/svg\/1f1e9-1f1ea.svg\" alt=\"\ud83c\udde9\ud83c\uddea\" \/>\u00a0ab \u20ac 200,-!<\/p>\n","protected":false},"featured_media":13100,"comment_status":"open","ping_status":"closed","template":"","meta":[],"product_brand":[],"product_cat":[15067,14819,15030,15064],"product_tag":[],"class_list":{"0":"post-9725","1":"product","2":"type-product","3":"status-publish","4":"has-post-thumbnail","6":"product_cat-snapgate-carabiner","7":"product_cat-austrialpin-en","8":"product_cat-climbing-equipment","9":"product_cat-climbing-carabiner","11":"first","12":"instock","13":"sale","14":"taxable","15":"shipping-taxable","16":"purchasable","17":"product-type-variable"},"yoast_head":"<!-- This site is optimized with the Yoast SEO Premium plugin v26.9 (Yoast SEO v26.9) - https:\/\/yoast.com\/product\/yoast-seo-premium-wordpress\/ -->\n<title>Austrialpin Ovalo Schnapper eloxiert | bolting.eu<\/title>\n<meta name=\"description\" content=\"AUSTRIALPIN OVALO SCHNAPPER beim Kletter Hardwareprofi aus Innsbruck kaufen \u2705 kostenloser Versand* \u2705 14 Tage R\u00fcckgaberecht \u2705 Co2 neutraler Versand\" \/>\n<meta name=\"robots\" content=\"index, follow, max-snippet:-1, max-image-preview:large, max-video-preview:-1\" \/>\n<link rel=\"canonical\" href=\"https:\/\/bolting.eu\/en\/shop\/austrialpin-ovalo-schnapper\/\" \/>\n<meta property=\"og:locale\" content=\"en_US\" \/>\n<meta property=\"og:type\" content=\"article\" \/>\n<meta property=\"og:title\" content=\"Austrialpin Ovalo Schnapper\" \/>\n<meta property=\"og:description\" content=\"AUSTRIALPIN OVALO SCHNAPPER beim Kletter Hardwareprofi aus Innsbruck kaufen \u2705 kostenloser Versand* \u2705 14 Tage R\u00fcckgaberecht \u2705 Co2 neutraler Versand\" \/>\n<meta property=\"og:url\" content=\"https:\/\/bolting.eu\/en\/shop\/austrialpin-ovalo-schnapper\/\" \/>\n<meta property=\"og:site_name\" content=\"bolting.eu\" \/>\n<meta property=\"article:publisher\" content=\"https:\/\/www.facebook.com\/bolting.eu\" \/>\n<meta property=\"article:modified_time\" content=\"2026-03-19T10:31:26+00:00\" \/>\n<meta property=\"og:image\" content=\"https:\/\/bolting.eu\/wp-content\/uploads\/2021\/09\/Austrialpin-Ovalo-schnapper-eloxiert-blau-1.jpg\" \/>\n\t<meta property=\"og:image:width\" content=\"700\" \/>\n\t<meta property=\"og:image:height\" content=\"700\" \/>\n\t<meta property=\"og:image:type\" content=\"image\/jpeg\" \/>\n<meta name=\"twitter:card\" content=\"summary_large_image\" \/>\n<meta name=\"twitter:label1\" content=\"Availability\" \/>\n\t<meta name=\"twitter:data1\" content=\"In stock\" \/>\n<script type=\"application\/ld+json\" class=\"yoast-schema-graph\">{\"@context\":\"https:\/\/schema.org\",\"@graph\":[{\"@type\":[\"WebPage\",\"ItemPage\"],\"@id\":\"https:\/\/bolting.eu\/en\/shop\/austrialpin-ovalo-schnapper\/\",\"url\":\"https:\/\/bolting.eu\/en\/shop\/austrialpin-ovalo-schnapper\/\",\"name\":\"Austrialpin Ovalo Schnapper eloxiert | bolting.eu\",\"isPartOf\":{\"@id\":\"https:\/\/bolting.eu\/en\/#website\"},\"primaryImageOfPage\":{\"@id\":\"https:\/\/bolting.eu\/en\/shop\/austrialpin-ovalo-schnapper\/#primaryimage\"},\"image\":{\"@id\":\"https:\/\/bolting.eu\/en\/shop\/austrialpin-ovalo-schnapper\/#primaryimage\"},\"thumbnailUrl\":\"https:\/\/bolting.eu\/wp-content\/uploads\/2021\/09\/Austrialpin-Ovalo-schnapper-eloxiert-blau-1.jpg\",\"datePublished\":\"2021-09-02T08:04:45+00:00\",\"dateModified\":\"2026-03-19T10:31:26+00:00\",\"description\":\"AUSTRIALPIN OVALO SCHNAPPER beim Kletter Hardwareprofi aus Innsbruck kaufen \u2705 kostenloser Versand* \u2705 14 Tage R\u00fcckgaberecht \u2705 Co2 neutraler Versand\",\"breadcrumb\":{\"@id\":\"https:\/\/bolting.eu\/en\/shop\/austrialpin-ovalo-schnapper\/#breadcrumb\"},\"inLanguage\":\"en-US\",\"potentialAction\":[{\"@type\":\"ReadAction\",\"target\":[\"https:\/\/bolting.eu\/en\/shop\/austrialpin-ovalo-schnapper\/\"]}]},{\"@type\":\"ImageObject\",\"inLanguage\":\"en-US\",\"@id\":\"https:\/\/bolting.eu\/en\/shop\/austrialpin-ovalo-schnapper\/#primaryimage\",\"url\":\"https:\/\/bolting.eu\/wp-content\/uploads\/2021\/09\/Austrialpin-Ovalo-schnapper-eloxiert-blau-1.jpg\",\"contentUrl\":\"https:\/\/bolting.eu\/wp-content\/uploads\/2021\/09\/Austrialpin-Ovalo-schnapper-eloxiert-blau-1.jpg\",\"width\":700,\"height\":700,\"caption\":\"Das Bild zeigt einen azurblauen Austrialpin Ovalo Schnapper mit dem silbernen Schnapper auf der linken Seite.\"},{\"@type\":\"BreadcrumbList\",\"@id\":\"https:\/\/bolting.eu\/en\/shop\/austrialpin-ovalo-schnapper\/#breadcrumb\",\"itemListElement\":[{\"@type\":\"ListItem\",\"position\":1,\"name\":\"Shop\",\"item\":\"https:\/\/bolting.eu\/en\/shop\/\"},{\"@type\":\"ListItem\",\"position\":2,\"name\":\"climbing equipment\",\"item\":\"https:\/\/bolting.eu\/en\/produkt-kategorie\/climbing-equipment\/\"},{\"@type\":\"ListItem\",\"position\":3,\"name\":\"Climbing carabiner\",\"item\":\"https:\/\/bolting.eu\/en\/produkt-kategorie\/climbing-carabiner\/\"},{\"@type\":\"ListItem\",\"position\":4,\"name\":\"Austrialpin Ovalo Schnapper\"}]},{\"@type\":\"WebSite\",\"@id\":\"https:\/\/bolting.eu\/en\/#website\",\"url\":\"https:\/\/bolting.eu\/en\/\",\"name\":\"bolting.eu\",\"description\":\"we make climbs happen\",\"publisher\":{\"@id\":\"https:\/\/bolting.eu\/en\/#organization\"},\"potentialAction\":[{\"@type\":\"SearchAction\",\"target\":{\"@type\":\"EntryPoint\",\"urlTemplate\":\"https:\/\/bolting.eu\/en\/?s={search_term_string}\"},\"query-input\":{\"@type\":\"PropertyValueSpecification\",\"valueRequired\":true,\"valueName\":\"search_term_string\"}}],\"inLanguage\":\"en-US\"},{\"@type\":[\"Organization\",\"Place\",\"SportingGoodsStore\"],\"@id\":\"https:\/\/bolting.eu\/en\/#organization\",\"name\":\"bolting.eu\",\"url\":\"https:\/\/bolting.eu\/en\/\",\"logo\":{\"@id\":\"https:\/\/bolting.eu\/en\/shop\/austrialpin-ovalo-schnapper\/#local-main-organization-logo\"},\"image\":{\"@id\":\"https:\/\/bolting.eu\/en\/shop\/austrialpin-ovalo-schnapper\/#local-main-organization-logo\"},\"sameAs\":[\"https:\/\/www.facebook.com\/bolting.eu\",\"https:\/\/www.instagram.com\/bolting.eu\/\"],\"address\":{\"@id\":\"https:\/\/bolting.eu\/en\/shop\/austrialpin-ovalo-schnapper\/#local-main-place-address\"},\"geo\":{\"@type\":\"GeoCoordinates\",\"latitude\":\"47.264176340396226\",\"longitude\":\"11.380109057672346\"},\"telephone\":[\"+43 699 19083372\"],\"openingHoursSpecification\":[{\"@type\":\"OpeningHoursSpecification\",\"dayOfWeek\":[\"Monday\",\"Wednesday\",\"Friday\"],\"opens\":\"14:00\",\"closes\":\"18:00\"},{\"@type\":\"OpeningHoursSpecification\",\"dayOfWeek\":[\"Tuesday\",\"Thursday\",\"Saturday\",\"Sunday\"],\"opens\":\"00:00\",\"closes\":\"00:00\"}],\"email\":\"office@bolting.eu\",\"vatID\":\"ATU59999728\",\"priceRange\":\"$$\",\"currenciesAccepted\":\"Euro\"},{\"@type\":\"PostalAddress\",\"@id\":\"https:\/\/bolting.eu\/en\/shop\/austrialpin-ovalo-schnapper\/#local-main-place-address\",\"streetAddress\":\"Fischnalerstra\u00dfe 4\",\"addressLocality\":\"Innsbruck\",\"postalCode\":\"6020\",\"addressRegion\":\"Tirol\",\"addressCountry\":\"AT\"},{\"@type\":\"ImageObject\",\"inLanguage\":\"en-US\",\"@id\":\"https:\/\/bolting.eu\/en\/shop\/austrialpin-ovalo-schnapper\/#local-main-organization-logo\",\"url\":\"https:\/\/bolting.eu\/wp-content\/uploads\/2019\/09\/bolting-logo.png\",\"contentUrl\":\"https:\/\/bolting.eu\/wp-content\/uploads\/2019\/09\/bolting-logo.png\",\"width\":400,\"height\":211,\"caption\":\"bolting.eu\"}]}<\/script>\n<meta property=\"og:availability\" content=\"instock\" \/>\n<meta property=\"product:availability\" content=\"instock\" \/>\n<meta property=\"product:condition\" content=\"new\" \/>\n<meta name=\"geo.placename\" content=\"Innsbruck\" \/>\n<meta name=\"geo.position\" content=\"47.264176340396226;11.380109057672346\" \/>\n<meta name=\"geo.region\" content=\"Austria\" \/>\n<!-- \/ Yoast SEO Premium plugin. -->","yoast_head_json":{"title":"Austrialpin Ovalo Schnapper eloxiert | bolting.eu","description":"AUSTRIALPIN OVALO SCHNAPPER beim Kletter Hardwareprofi aus Innsbruck kaufen \u2705 kostenloser Versand* \u2705 14 Tage R\u00fcckgaberecht \u2705 Co2 neutraler Versand","robots":{"index":"index","follow":"follow","max-snippet":"max-snippet:-1","max-image-preview":"max-image-preview:large","max-video-preview":"max-video-preview:-1"},"canonical":"https:\/\/bolting.eu\/en\/shop\/austrialpin-ovalo-schnapper\/","og_locale":"en_US","og_type":"article","og_title":"Austrialpin Ovalo Schnapper","og_description":"AUSTRIALPIN OVALO SCHNAPPER beim Kletter Hardwareprofi aus Innsbruck kaufen \u2705 kostenloser Versand* \u2705 14 Tage R\u00fcckgaberecht \u2705 Co2 neutraler Versand","og_url":"https:\/\/bolting.eu\/en\/shop\/austrialpin-ovalo-schnapper\/","og_site_name":"bolting.eu","article_publisher":"https:\/\/www.facebook.com\/bolting.eu","article_modified_time":"2026-03-19T10:31:26+00:00","og_image":[{"width":700,"height":700,"url":"https:\/\/bolting.eu\/wp-content\/uploads\/2021\/09\/Austrialpin-Ovalo-schnapper-eloxiert-blau-1.jpg","type":"image\/jpeg"}],"twitter_card":"summary_large_image","twitter_misc":{"Availability":"In stock"},"schema":{"@context":"https:\/\/schema.org","@graph":[{"@type":["WebPage","ItemPage"],"@id":"https:\/\/bolting.eu\/en\/shop\/austrialpin-ovalo-schnapper\/","url":"https:\/\/bolting.eu\/en\/shop\/austrialpin-ovalo-schnapper\/","name":"Austrialpin Ovalo Schnapper eloxiert | bolting.eu","isPartOf":{"@id":"https:\/\/bolting.eu\/en\/#website"},"primaryImageOfPage":{"@id":"https:\/\/bolting.eu\/en\/shop\/austrialpin-ovalo-schnapper\/#primaryimage"},"image":{"@id":"https:\/\/bolting.eu\/en\/shop\/austrialpin-ovalo-schnapper\/#primaryimage"},"thumbnailUrl":"https:\/\/bolting.eu\/wp-content\/uploads\/2021\/09\/Austrialpin-Ovalo-schnapper-eloxiert-blau-1.jpg","datePublished":"2021-09-02T08:04:45+00:00","dateModified":"2026-03-19T10:31:26+00:00","description":"AUSTRIALPIN OVALO SCHNAPPER beim Kletter Hardwareprofi aus Innsbruck kaufen \u2705 kostenloser Versand* \u2705 14 Tage R\u00fcckgaberecht \u2705 Co2 neutraler Versand","breadcrumb":{"@id":"https:\/\/bolting.eu\/en\/shop\/austrialpin-ovalo-schnapper\/#breadcrumb"},"inLanguage":"en-US","potentialAction":[{"@type":"ReadAction","target":["https:\/\/bolting.eu\/en\/shop\/austrialpin-ovalo-schnapper\/"]}]},{"@type":"ImageObject","inLanguage":"en-US","@id":"https:\/\/bolting.eu\/en\/shop\/austrialpin-ovalo-schnapper\/#primaryimage","url":"https:\/\/bolting.eu\/wp-content\/uploads\/2021\/09\/Austrialpin-Ovalo-schnapper-eloxiert-blau-1.jpg","contentUrl":"https:\/\/bolting.eu\/wp-content\/uploads\/2021\/09\/Austrialpin-Ovalo-schnapper-eloxiert-blau-1.jpg","width":700,"height":700,"caption":"Das Bild zeigt einen azurblauen Austrialpin Ovalo Schnapper mit dem silbernen Schnapper auf der linken Seite."},{"@type":"BreadcrumbList","@id":"https:\/\/bolting.eu\/en\/shop\/austrialpin-ovalo-schnapper\/#breadcrumb","itemListElement":[{"@type":"ListItem","position":1,"name":"Shop","item":"https:\/\/bolting.eu\/en\/shop\/"},{"@type":"ListItem","position":2,"name":"climbing equipment","item":"https:\/\/bolting.eu\/en\/produkt-kategorie\/climbing-equipment\/"},{"@type":"ListItem","position":3,"name":"Climbing carabiner","item":"https:\/\/bolting.eu\/en\/produkt-kategorie\/climbing-carabiner\/"},{"@type":"ListItem","position":4,"name":"Austrialpin Ovalo Schnapper"}]},{"@type":"WebSite","@id":"https:\/\/bolting.eu\/en\/#website","url":"https:\/\/bolting.eu\/en\/","name":"bolting.eu","description":"we make climbs happen","publisher":{"@id":"https:\/\/bolting.eu\/en\/#organization"},"potentialAction":[{"@type":"SearchAction","target":{"@type":"EntryPoint","urlTemplate":"https:\/\/bolting.eu\/en\/?s={search_term_string}"},"query-input":{"@type":"PropertyValueSpecification","valueRequired":true,"valueName":"search_term_string"}}],"inLanguage":"en-US"},{"@type":["Organization","Place","SportingGoodsStore"],"@id":"https:\/\/bolting.eu\/en\/#organization","name":"bolting.eu","url":"https:\/\/bolting.eu\/en\/","logo":{"@id":"https:\/\/bolting.eu\/en\/shop\/austrialpin-ovalo-schnapper\/#local-main-organization-logo"},"image":{"@id":"https:\/\/bolting.eu\/en\/shop\/austrialpin-ovalo-schnapper\/#local-main-organization-logo"},"sameAs":["https:\/\/www.facebook.com\/bolting.eu","https:\/\/www.instagram.com\/bolting.eu\/"],"address":{"@id":"https:\/\/bolting.eu\/en\/shop\/austrialpin-ovalo-schnapper\/#local-main-place-address"},"geo":{"@type":"GeoCoordinates","latitude":"47.264176340396226","longitude":"11.380109057672346"},"telephone":["+43 699 19083372"],"openingHoursSpecification":[{"@type":"OpeningHoursSpecification","dayOfWeek":["Monday","Wednesday","Friday"],"opens":"14:00","closes":"18:00"},{"@type":"OpeningHoursSpecification","dayOfWeek":["Tuesday","Thursday","Saturday","Sunday"],"opens":"00:00","closes":"00:00"}],"email":"office@bolting.eu","vatID":"ATU59999728","priceRange":"$$","currenciesAccepted":"Euro"},{"@type":"PostalAddress","@id":"https:\/\/bolting.eu\/en\/shop\/austrialpin-ovalo-schnapper\/#local-main-place-address","streetAddress":"Fischnalerstra\u00dfe 4","addressLocality":"Innsbruck","postalCode":"6020","addressRegion":"Tirol","addressCountry":"AT"},{"@type":"ImageObject","inLanguage":"en-US","@id":"https:\/\/bolting.eu\/en\/shop\/austrialpin-ovalo-schnapper\/#local-main-organization-logo","url":"https:\/\/bolting.eu\/wp-content\/uploads\/2019\/09\/bolting-logo.png","contentUrl":"https:\/\/bolting.eu\/wp-content\/uploads\/2019\/09\/bolting-logo.png","width":400,"height":211,"caption":"bolting.eu"}]},"og_availability":"instock","product_availability":"instock","product_condition":"new","geo.placename":"Innsbruck","geo.position":{"lat":"47.264176340396226","long":"11.380109057672346"},"geo.region":"Austria"},"_links":{"self":[{"href":"https:\/\/bolting.eu\/en\/wp-json\/wp\/v2\/product\/9725","targetHints":{"allow":["GET"]}}],"collection":[{"href":"https:\/\/bolting.eu\/en\/wp-json\/wp\/v2\/product"}],"about":[{"href":"https:\/\/bolting.eu\/en\/wp-json\/wp\/v2\/types\/product"}],"replies":[{"embeddable":true,"href":"https:\/\/bolting.eu\/en\/wp-json\/wp\/v2\/comments?post=9725"}],"wp:featuredmedia":[{"embeddable":true,"href":"https:\/\/bolting.eu\/en\/wp-json\/wp\/v2\/media\/13100"}],"wp:attachment":[{"href":"https:\/\/bolting.eu\/en\/wp-json\/wp\/v2\/media?parent=9725"}],"wp:term":[{"taxonomy":"product_brand","embeddable":true,"href":"https:\/\/bolting.eu\/en\/wp-json\/wp\/v2\/product_brand?post=9725"},{"taxonomy":"product_cat","embeddable":true,"href":"https:\/\/bolting.eu\/en\/wp-json\/wp\/v2\/product_cat?post=9725"},{"taxonomy":"product_tag","embeddable":true,"href":"https:\/\/bolting.eu\/en\/wp-json\/wp\/v2\/product_tag?post=9725"}],"curies":[{"name":"wp","href":"https:\/\/api.w.org\/{rel}","templated":true}]}}