{"id":9713,"date":"2021-09-01T13:28:16","date_gmt":"2021-09-01T11:28:16","guid":{"rendered":"https:\/\/bolting.eu\/?post_type=product&#038;p=9713"},"modified":"2026-04-15T13:46:05","modified_gmt":"2026-04-15T11:46:05","slug":"austrialpin-rockit-mixed","status":"publish","type":"product","link":"https:\/\/bolting.eu\/en\/shop\/austrialpin-rockit-mixed\/","title":{"rendered":"Austrialpin Rockit Mixed"},"content":{"rendered":"<p>Das Austrialpin Rockit Mixed Express Set ist eine sehr beliebte, g\u00fcnstige Expressschlinge. Sie zeichnet sich vor allem durch das sehr gute Preis Leistungsverh\u00e4ltnis aus.<\/p>\n<p>Den Namen hat diese Expressschlinge durch die Best\u00fcckung mit unterschiedlichen Karabinern. D.h. hakenseitig hat sie einen <a href=\"https:\/\/bolting.eu\/produkt-kategorie\/kletterausruestung\/karabiner-kletterkarabiner\/\">Karabiner<\/a> mit Keylock-<a href=\"https:\/\/bolting.eu\/produkt-kategorie\/kletterausruestung\/karabiner-kletterkarabiner\/schnappkarabiner\/\">Schnappkarabiner<\/a>. Seilseitig einen Karabiner mit Drahtschnapper.<\/p>\n<p>Die Austrialpin Rockit Mixed hat eine 16mm breite Schlinge aus Nylon. D.h. sie ist sch\u00f6n breit und gut zum Anhalten. In Kombination mit den robusten Karabinern ist sie eine klasse Express zum Sportklettern. Die Karabinerhalterung &#8220;Tanga&#8221; rundet die Schlinge sch\u00f6n ab, indem sie den unteren Karabiner ideal fixiert.<\/p>\n<p>Wir bieten dieses Modell in zwei Varianten an. Zum einen mit 11cm langen Schlinge (28cm Gesamtl\u00e4nge). Und zum anderen mit einer 20cm langen Schlinge (37cm Gesamtl\u00e4nge).<\/p>\n<p>Fazit. Wer eine nachhaltige, \u00d6sterreichische Express zum Sportklettern mit tollem Preis-Leistungsverh\u00e4ltnis sucht, der ist hier richtig!<\/p>\n<h2>Eigenschaften Austrialpin Rockit Mixed<\/h2>\n<ul>\n<li>Hersteller:\u00a0<a href=\"https:\/\/bolting.eu\/produkt-kategorie\/austrialpin\/\">Austrialpin<\/a><\/li>\n<li>Material: Aluminium eloxiert bzw. poliert<\/li>\n<li>Karabiner: eloxierter Keylock &#8211; polierter Drahtschnapper <strong>inkl. Tanga<\/strong><\/li>\n<li>L\u00e4nge Bandschlingen: 11cm und 20cm<\/li>\n<li>Gesamtl\u00e4nge: 27cm und 36cm<\/li>\n<li>Gewicht: 105 Gramm bzw. 116Gramm<\/li>\n<li>Bruchlast Karabiner: 22kN l\u00e4ngs \/ 10kN quer \/ 10kN offen<\/li>\n<li>Bruchlast Expressschlinge: 22kN<\/li>\n<li>Normen: EN 12275, UIAA 123, EN 566<\/li>\n<li>Schnapper\u00f6ffnung: 22mm und 26mm<\/li>\n<li>leichte Alpin Expressschlinge<\/li>\n<li><a href=\"https:\/\/www.austrialpin.at\/fileadmin\/anleitungen\/AA_instruction-manual_carabiner-slings.pdf\" target=\"_blank\" rel=\"noopener\">Gebrauchsanleitung<\/a><\/li>\n<\/ul>\n<h3>Wieso unterschiedliche Karabiner?<\/h3>\n<figure id=\"attachment_9719\" aria-describedby=\"caption-attachment-9719\" style=\"width: 200px\" class=\"wp-caption alignleft\"><a href=\"https:\/\/bolting.eu\/wp-content\/uploads\/2021\/09\/Austrialpin-Rockit-Mixed-hakenseitig.jpg\"><img loading=\"lazy\" decoding=\"async\" class=\"wp-image-9719\" src=\"https:\/\/bolting.eu\/wp-content\/uploads\/2021\/09\/Austrialpin-Rockit-Mixed-hakenseitig-280x280.jpg\" alt=\"Das Bild zeigt einen blauen Austrialpin Rockit KArabiner in einer grauen Expressschlinge.\" width=\"200\" height=\"200\" srcset=\"https:\/\/bolting.eu\/wp-content\/uploads\/2021\/09\/Austrialpin-Rockit-Mixed-hakenseitig-280x280.jpg 280w, https:\/\/bolting.eu\/wp-content\/uploads\/2021\/09\/Austrialpin-Rockit-Mixed-hakenseitig-100x100.jpg 100w, https:\/\/bolting.eu\/wp-content\/uploads\/2021\/09\/Austrialpin-Rockit-Mixed-hakenseitig-510x510.jpg 510w, https:\/\/bolting.eu\/wp-content\/uploads\/2021\/09\/Austrialpin-Rockit-Mixed-hakenseitig-400x400.jpg 400w, https:\/\/bolting.eu\/wp-content\/uploads\/2021\/09\/Austrialpin-Rockit-Mixed-hakenseitig-300x300.jpg 300w, https:\/\/bolting.eu\/wp-content\/uploads\/2021\/09\/Austrialpin-Rockit-Mixed-hakenseitig-600x600.jpg 600w, https:\/\/bolting.eu\/wp-content\/uploads\/2021\/09\/Austrialpin-Rockit-Mixed-hakenseitig.jpg 700w\" sizes=\"auto, (max-width: 200px) 100vw, 200px\" \/><\/a><figcaption id=\"caption-attachment-9719\" class=\"wp-caption-text\">Der hakenseitige, eloxierte Schnapper mit Keylock.<\/figcaption><\/figure>\n<figure id=\"attachment_9718\" aria-describedby=\"caption-attachment-9718\" style=\"width: 200px\" class=\"wp-caption alignleft\"><a href=\"https:\/\/bolting.eu\/wp-content\/uploads\/2021\/09\/Austrialpin-Rockit-Mixed-seilseitig.jpg\"><img loading=\"lazy\" decoding=\"async\" class=\"wp-image-9718\" src=\"https:\/\/bolting.eu\/wp-content\/uploads\/2021\/09\/Austrialpin-Rockit-Mixed-seilseitig.jpg\" alt=\"Das Bild zeigt einen silbernen Karabiner in einer grauen Schlinge mit einer schwarzen Karabinerhalterung.\" width=\"200\" height=\"200\" srcset=\"https:\/\/bolting.eu\/wp-content\/uploads\/2021\/09\/Austrialpin-Rockit-Mixed-seilseitig.jpg 700w, https:\/\/bolting.eu\/wp-content\/uploads\/2021\/09\/Austrialpin-Rockit-Mixed-seilseitig-100x100.jpg 100w, https:\/\/bolting.eu\/wp-content\/uploads\/2021\/09\/Austrialpin-Rockit-Mixed-seilseitig-510x510.jpg 510w, https:\/\/bolting.eu\/wp-content\/uploads\/2021\/09\/Austrialpin-Rockit-Mixed-seilseitig-400x400.jpg 400w, https:\/\/bolting.eu\/wp-content\/uploads\/2021\/09\/Austrialpin-Rockit-Mixed-seilseitig-280x280.jpg 280w, https:\/\/bolting.eu\/wp-content\/uploads\/2021\/09\/Austrialpin-Rockit-Mixed-seilseitig-300x300.jpg 300w, https:\/\/bolting.eu\/wp-content\/uploads\/2021\/09\/Austrialpin-Rockit-Mixed-seilseitig-600x600.jpg 600w\" sizes=\"auto, (max-width: 200px) 100vw, 200px\" \/><\/a><figcaption id=\"caption-attachment-9718\" class=\"wp-caption-text\">Der seilseitige, polierte Drahtschnapper mit der &#8220;Tanga&#8221; Karabinerhalterung.<\/figcaption><\/figure>\n<p>Die unterschiedliche Best\u00fcckung der Austrialpin Rockit Mixed hat drei Gr\u00fcnde.<\/p>\n<p>Erstens ist das Handling des hakenseitigen Keylock-Schnappers ideal zum Klippen in <a href=\"https:\/\/bolting.eu\/produkt-kategorie\/einbohrartikel\/bohrhakenlasche\/\">Bohrhakenlaschen<\/a> bzw. <a href=\"https:\/\/bolting.eu\/produkt-kategorie\/einbohrartikel\/klebehaken-buehlerhaken\/\">Klebehaken<\/a>.<\/p>\n<p>Zweitens verhindert der seilseitige Drahtschnapper den sogenannten &#8220;Peitschenschlag Effekt&#8221;. Das ist das m\u00f6gliche \u00d6ffnen des Schnappers durch die Tr\u00e4gheit bei einem Sturz. Und drittens bieten Drahtschnapper ganz einfach die m\u00f6glichkeit, die Schnapper\u00f6ffnung weiter zu gestalten. D.h. diese Karabinerart ist etwas leichter zu klippen als die &#8220;normalen&#8221; Schnapper, weil man eben mehr Platz hat.<\/p>\n<h3>Austrialpin Rockit Mixed &#8211; nachhaltig &#8220;Made in Austria&#8221;<\/h3>\n<p>Du m\u00f6chtest einen kleinen Beitrag zu \u00f6kologischer und sozialer Nachhaltigkeit leisten? Dann bist du hier richtig. Denn dieses Express wird in \u00d6sterreich, im Stubaital in Tirol hergestellt.<\/p>\n<p>Das bedeutet zum einen ordentliche soziale und \u00f6kologische Standards. Und zum anderen extrem kurze Transportwege. Kein interkontinentaler Schiffsverkehr. Kein LKW Transport von gro\u00dfen Hafenanlagen nach \u00d6sterreich!<\/p>\n<p>Dar\u00fcber hinaus setzt Austrialpin einige Akzente um nachhaltig zu agieren. Wie z.B. eine riesige Photovoltaik Anlage am Firmendach, umweltfreundliche Verpackung usw&#8230;<\/p>\n","protected":false},"excerpt":{"rendered":"<ul>\n<li>Karabiner: eloxierter Keylock &#8211; polierter Drahtschnapper <strong>mit\u00a0Tanga<\/strong><\/li>\n<li>L\u00e4nge Bandschlingen: 11cm und 20cm<\/li>\n<li>Gesamtl\u00e4nge: 27cm und 36cm<\/li>\n<li>Gewicht: 105 Gramm bzw. 116Gramm<\/li>\n<li>Bruchlast Karabiner: 22kN l\u00e4ngs \/ 10kN quer \/ 10kN offen<\/li>\n<li>Bruchlast Expressschlinge: 22kN<\/li>\n<li>Normen: EN 12275, UIAA 123, EN 566<\/li>\n<li>Schnapper\u00f6ffnung: 22mm und 26mm<\/li>\n<li>leichte Alpin Expressschlinge<\/li>\n<\/ul>\n","protected":false},"featured_media":9721,"comment_status":"open","ping_status":"closed","template":"","meta":[],"product_brand":[],"product_cat":[4649,13923,29,220],"product_tag":[],"class_list":{"0":"post-9713","1":"product","2":"type-product","3":"status-publish","4":"has-post-thumbnail","6":"product_cat-austrialpin","7":"product_cat-austrialpin-rockit","8":"product_cat-kletterausruestung","9":"product_cat-expressschlingen","11":"first","12":"instock","13":"sale","14":"taxable","15":"shipping-taxable","16":"purchasable","17":"product-type-variable"},"yoast_head":"<!-- This site is optimized with the Yoast SEO Premium plugin v26.9 (Yoast SEO v26.9) - https:\/\/yoast.com\/product\/yoast-seo-premium-wordpress\/ -->\n<title>Austrialpin Rockit Mixed Express - g\u00fcnstig online kaufen | bolting.eu<\/title>\n<meta name=\"description\" content=\"Hier findest Du die AUSTRIALPIN ROCKIT MIXED Expressschlinge. Mit tollem Preis-Leistungsverh\u00e4ltnis in vier Varianten zum top Preis!\" \/>\n<meta name=\"robots\" content=\"index, follow, max-snippet:-1, max-image-preview:large, max-video-preview:-1\" \/>\n<link rel=\"canonical\" href=\"https:\/\/bolting.eu\/en\/shop\/austrialpin-rockit-mixed\/\" \/>\n<meta property=\"og:locale\" content=\"en_US\" \/>\n<meta property=\"og:type\" content=\"article\" \/>\n<meta property=\"og:title\" content=\"Austrialpin Rockit Mixed\" \/>\n<meta property=\"og:description\" content=\"Hier findest Du die AUSTRIALPIN ROCKIT MIXED Expressschlinge. Mit tollem Preis-Leistungsverh\u00e4ltnis in vier Varianten zum top Preis!\" \/>\n<meta property=\"og:url\" content=\"https:\/\/bolting.eu\/en\/shop\/austrialpin-rockit-mixed\/\" \/>\n<meta property=\"og:site_name\" content=\"bolting.eu\" \/>\n<meta property=\"article:publisher\" content=\"https:\/\/www.facebook.com\/bolting.eu\" \/>\n<meta property=\"article:modified_time\" content=\"2026-04-15T11:46:05+00:00\" \/>\n<meta property=\"og:image\" content=\"https:\/\/bolting.eu\/wp-content\/uploads\/2021\/09\/Austrialpin-Rockit-Mixed-11cm.jpg\" \/>\n\t<meta property=\"og:image:width\" content=\"700\" \/>\n\t<meta property=\"og:image:height\" content=\"700\" \/>\n\t<meta property=\"og:image:type\" content=\"image\/jpeg\" \/>\n<meta name=\"twitter:card\" content=\"summary_large_image\" \/>\n<meta name=\"twitter:label1\" content=\"Availability\" \/>\n\t<meta name=\"twitter:data1\" content=\"In stock\" \/>\n<script type=\"application\/ld+json\" class=\"yoast-schema-graph\">{\"@context\":\"https:\/\/schema.org\",\"@graph\":[{\"@type\":[\"WebPage\",\"ItemPage\"],\"@id\":\"https:\/\/bolting.eu\/en\/shop\/austrialpin-rockit-mixed\/\",\"url\":\"https:\/\/bolting.eu\/en\/shop\/austrialpin-rockit-mixed\/\",\"name\":\"Austrialpin Rockit Mixed Express - g\u00fcnstig online kaufen | bolting.eu\",\"isPartOf\":{\"@id\":\"https:\/\/bolting.eu\/en\/#website\"},\"primaryImageOfPage\":{\"@id\":\"https:\/\/bolting.eu\/en\/shop\/austrialpin-rockit-mixed\/#primaryimage\"},\"image\":{\"@id\":\"https:\/\/bolting.eu\/en\/shop\/austrialpin-rockit-mixed\/#primaryimage\"},\"thumbnailUrl\":\"https:\/\/bolting.eu\/wp-content\/uploads\/2021\/09\/Austrialpin-Rockit-Mixed-11cm.jpg\",\"datePublished\":\"2021-09-01T11:28:16+00:00\",\"dateModified\":\"2026-04-15T11:46:05+00:00\",\"description\":\"Hier findest Du die AUSTRIALPIN ROCKIT MIXED Expressschlinge. Mit tollem Preis-Leistungsverh\u00e4ltnis in vier Varianten zum top Preis!\",\"breadcrumb\":{\"@id\":\"https:\/\/bolting.eu\/en\/shop\/austrialpin-rockit-mixed\/#breadcrumb\"},\"inLanguage\":\"en-US\",\"potentialAction\":[{\"@type\":\"ReadAction\",\"target\":[\"https:\/\/bolting.eu\/en\/shop\/austrialpin-rockit-mixed\/\"]}]},{\"@type\":\"ImageObject\",\"inLanguage\":\"en-US\",\"@id\":\"https:\/\/bolting.eu\/en\/shop\/austrialpin-rockit-mixed\/#primaryimage\",\"url\":\"https:\/\/bolting.eu\/wp-content\/uploads\/2021\/09\/Austrialpin-Rockit-Mixed-11cm.jpg\",\"contentUrl\":\"https:\/\/bolting.eu\/wp-content\/uploads\/2021\/09\/Austrialpin-Rockit-Mixed-11cm.jpg\",\"width\":700,\"height\":700,\"caption\":\"Das Bild zeigt die Austrialpin Rockit Mixed Expressschlinge. Oben der blaue KEylock KArabiner, in der Mitte die graue Schlinge, unten der silberne Drahtb\u00fcgelkarabiner.\"},{\"@type\":\"BreadcrumbList\",\"@id\":\"https:\/\/bolting.eu\/en\/shop\/austrialpin-rockit-mixed\/#breadcrumb\",\"itemListElement\":[{\"@type\":\"ListItem\",\"position\":1,\"name\":\"Shop\",\"item\":\"https:\/\/bolting.eu\/en\/shop\/\"},{\"@type\":\"ListItem\",\"position\":2,\"name\":\"climbing equipment\",\"item\":\"https:\/\/bolting.eu\/en\/produkt-kategorie\/climbing-equipment\/\"},{\"@type\":\"ListItem\",\"position\":3,\"name\":\"Quickdraws\",\"item\":\"https:\/\/bolting.eu\/en\/produkt-kategorie\/quickdraws\/\"},{\"@type\":\"ListItem\",\"position\":4,\"name\":\"Austrialpin Rockit Mixed\"}]},{\"@type\":\"WebSite\",\"@id\":\"https:\/\/bolting.eu\/en\/#website\",\"url\":\"https:\/\/bolting.eu\/en\/\",\"name\":\"bolting.eu\",\"description\":\"we make climbs happen\",\"publisher\":{\"@id\":\"https:\/\/bolting.eu\/en\/#organization\"},\"potentialAction\":[{\"@type\":\"SearchAction\",\"target\":{\"@type\":\"EntryPoint\",\"urlTemplate\":\"https:\/\/bolting.eu\/en\/?s={search_term_string}\"},\"query-input\":{\"@type\":\"PropertyValueSpecification\",\"valueRequired\":true,\"valueName\":\"search_term_string\"}}],\"inLanguage\":\"en-US\"},{\"@type\":[\"Organization\",\"Place\",\"SportingGoodsStore\"],\"@id\":\"https:\/\/bolting.eu\/en\/#organization\",\"name\":\"bolting.eu\",\"url\":\"https:\/\/bolting.eu\/en\/\",\"logo\":{\"@id\":\"https:\/\/bolting.eu\/en\/shop\/austrialpin-rockit-mixed\/#local-main-organization-logo\"},\"image\":{\"@id\":\"https:\/\/bolting.eu\/en\/shop\/austrialpin-rockit-mixed\/#local-main-organization-logo\"},\"sameAs\":[\"https:\/\/www.facebook.com\/bolting.eu\",\"https:\/\/www.instagram.com\/bolting.eu\/\"],\"address\":{\"@id\":\"https:\/\/bolting.eu\/en\/shop\/austrialpin-rockit-mixed\/#local-main-place-address\"},\"geo\":{\"@type\":\"GeoCoordinates\",\"latitude\":\"47.264176340396226\",\"longitude\":\"11.380109057672346\"},\"telephone\":[\"+43 699 19083372\"],\"openingHoursSpecification\":[{\"@type\":\"OpeningHoursSpecification\",\"dayOfWeek\":[\"Monday\",\"Wednesday\",\"Friday\"],\"opens\":\"14:00\",\"closes\":\"18:00\"},{\"@type\":\"OpeningHoursSpecification\",\"dayOfWeek\":[\"Tuesday\",\"Thursday\",\"Saturday\",\"Sunday\"],\"opens\":\"00:00\",\"closes\":\"00:00\"}],\"email\":\"office@bolting.eu\",\"vatID\":\"ATU59999728\",\"priceRange\":\"$$\",\"currenciesAccepted\":\"Euro\"},{\"@type\":\"PostalAddress\",\"@id\":\"https:\/\/bolting.eu\/en\/shop\/austrialpin-rockit-mixed\/#local-main-place-address\",\"streetAddress\":\"Fischnalerstra\u00dfe 4\",\"addressLocality\":\"Innsbruck\",\"postalCode\":\"6020\",\"addressRegion\":\"Tirol\",\"addressCountry\":\"AT\"},{\"@type\":\"ImageObject\",\"inLanguage\":\"en-US\",\"@id\":\"https:\/\/bolting.eu\/en\/shop\/austrialpin-rockit-mixed\/#local-main-organization-logo\",\"url\":\"https:\/\/bolting.eu\/wp-content\/uploads\/2019\/09\/bolting-logo.png\",\"contentUrl\":\"https:\/\/bolting.eu\/wp-content\/uploads\/2019\/09\/bolting-logo.png\",\"width\":400,\"height\":211,\"caption\":\"bolting.eu\"}]}<\/script>\n<meta property=\"og:availability\" content=\"instock\" \/>\n<meta property=\"product:availability\" content=\"instock\" \/>\n<meta property=\"product:condition\" content=\"new\" \/>\n<meta name=\"geo.placename\" content=\"Innsbruck\" \/>\n<meta name=\"geo.position\" content=\"47.264176340396226;11.380109057672346\" \/>\n<meta name=\"geo.region\" content=\"Austria\" \/>\n<!-- \/ Yoast SEO Premium plugin. -->","yoast_head_json":{"title":"Austrialpin Rockit Mixed Express - g\u00fcnstig online kaufen | bolting.eu","description":"Hier findest Du die AUSTRIALPIN ROCKIT MIXED Expressschlinge. Mit tollem Preis-Leistungsverh\u00e4ltnis in vier Varianten zum top Preis!","robots":{"index":"index","follow":"follow","max-snippet":"max-snippet:-1","max-image-preview":"max-image-preview:large","max-video-preview":"max-video-preview:-1"},"canonical":"https:\/\/bolting.eu\/en\/shop\/austrialpin-rockit-mixed\/","og_locale":"en_US","og_type":"article","og_title":"Austrialpin Rockit Mixed","og_description":"Hier findest Du die AUSTRIALPIN ROCKIT MIXED Expressschlinge. Mit tollem Preis-Leistungsverh\u00e4ltnis in vier Varianten zum top Preis!","og_url":"https:\/\/bolting.eu\/en\/shop\/austrialpin-rockit-mixed\/","og_site_name":"bolting.eu","article_publisher":"https:\/\/www.facebook.com\/bolting.eu","article_modified_time":"2026-04-15T11:46:05+00:00","og_image":[{"width":700,"height":700,"url":"https:\/\/bolting.eu\/wp-content\/uploads\/2021\/09\/Austrialpin-Rockit-Mixed-11cm.jpg","type":"image\/jpeg"}],"twitter_card":"summary_large_image","twitter_misc":{"Availability":"In stock"},"schema":{"@context":"https:\/\/schema.org","@graph":[{"@type":["WebPage","ItemPage"],"@id":"https:\/\/bolting.eu\/en\/shop\/austrialpin-rockit-mixed\/","url":"https:\/\/bolting.eu\/en\/shop\/austrialpin-rockit-mixed\/","name":"Austrialpin Rockit Mixed Express - g\u00fcnstig online kaufen | bolting.eu","isPartOf":{"@id":"https:\/\/bolting.eu\/en\/#website"},"primaryImageOfPage":{"@id":"https:\/\/bolting.eu\/en\/shop\/austrialpin-rockit-mixed\/#primaryimage"},"image":{"@id":"https:\/\/bolting.eu\/en\/shop\/austrialpin-rockit-mixed\/#primaryimage"},"thumbnailUrl":"https:\/\/bolting.eu\/wp-content\/uploads\/2021\/09\/Austrialpin-Rockit-Mixed-11cm.jpg","datePublished":"2021-09-01T11:28:16+00:00","dateModified":"2026-04-15T11:46:05+00:00","description":"Hier findest Du die AUSTRIALPIN ROCKIT MIXED Expressschlinge. Mit tollem Preis-Leistungsverh\u00e4ltnis in vier Varianten zum top Preis!","breadcrumb":{"@id":"https:\/\/bolting.eu\/en\/shop\/austrialpin-rockit-mixed\/#breadcrumb"},"inLanguage":"en-US","potentialAction":[{"@type":"ReadAction","target":["https:\/\/bolting.eu\/en\/shop\/austrialpin-rockit-mixed\/"]}]},{"@type":"ImageObject","inLanguage":"en-US","@id":"https:\/\/bolting.eu\/en\/shop\/austrialpin-rockit-mixed\/#primaryimage","url":"https:\/\/bolting.eu\/wp-content\/uploads\/2021\/09\/Austrialpin-Rockit-Mixed-11cm.jpg","contentUrl":"https:\/\/bolting.eu\/wp-content\/uploads\/2021\/09\/Austrialpin-Rockit-Mixed-11cm.jpg","width":700,"height":700,"caption":"Das Bild zeigt die Austrialpin Rockit Mixed Expressschlinge. Oben der blaue KEylock KArabiner, in der Mitte die graue Schlinge, unten der silberne Drahtb\u00fcgelkarabiner."},{"@type":"BreadcrumbList","@id":"https:\/\/bolting.eu\/en\/shop\/austrialpin-rockit-mixed\/#breadcrumb","itemListElement":[{"@type":"ListItem","position":1,"name":"Shop","item":"https:\/\/bolting.eu\/en\/shop\/"},{"@type":"ListItem","position":2,"name":"climbing equipment","item":"https:\/\/bolting.eu\/en\/produkt-kategorie\/climbing-equipment\/"},{"@type":"ListItem","position":3,"name":"Quickdraws","item":"https:\/\/bolting.eu\/en\/produkt-kategorie\/quickdraws\/"},{"@type":"ListItem","position":4,"name":"Austrialpin Rockit Mixed"}]},{"@type":"WebSite","@id":"https:\/\/bolting.eu\/en\/#website","url":"https:\/\/bolting.eu\/en\/","name":"bolting.eu","description":"we make climbs happen","publisher":{"@id":"https:\/\/bolting.eu\/en\/#organization"},"potentialAction":[{"@type":"SearchAction","target":{"@type":"EntryPoint","urlTemplate":"https:\/\/bolting.eu\/en\/?s={search_term_string}"},"query-input":{"@type":"PropertyValueSpecification","valueRequired":true,"valueName":"search_term_string"}}],"inLanguage":"en-US"},{"@type":["Organization","Place","SportingGoodsStore"],"@id":"https:\/\/bolting.eu\/en\/#organization","name":"bolting.eu","url":"https:\/\/bolting.eu\/en\/","logo":{"@id":"https:\/\/bolting.eu\/en\/shop\/austrialpin-rockit-mixed\/#local-main-organization-logo"},"image":{"@id":"https:\/\/bolting.eu\/en\/shop\/austrialpin-rockit-mixed\/#local-main-organization-logo"},"sameAs":["https:\/\/www.facebook.com\/bolting.eu","https:\/\/www.instagram.com\/bolting.eu\/"],"address":{"@id":"https:\/\/bolting.eu\/en\/shop\/austrialpin-rockit-mixed\/#local-main-place-address"},"geo":{"@type":"GeoCoordinates","latitude":"47.264176340396226","longitude":"11.380109057672346"},"telephone":["+43 699 19083372"],"openingHoursSpecification":[{"@type":"OpeningHoursSpecification","dayOfWeek":["Monday","Wednesday","Friday"],"opens":"14:00","closes":"18:00"},{"@type":"OpeningHoursSpecification","dayOfWeek":["Tuesday","Thursday","Saturday","Sunday"],"opens":"00:00","closes":"00:00"}],"email":"office@bolting.eu","vatID":"ATU59999728","priceRange":"$$","currenciesAccepted":"Euro"},{"@type":"PostalAddress","@id":"https:\/\/bolting.eu\/en\/shop\/austrialpin-rockit-mixed\/#local-main-place-address","streetAddress":"Fischnalerstra\u00dfe 4","addressLocality":"Innsbruck","postalCode":"6020","addressRegion":"Tirol","addressCountry":"AT"},{"@type":"ImageObject","inLanguage":"en-US","@id":"https:\/\/bolting.eu\/en\/shop\/austrialpin-rockit-mixed\/#local-main-organization-logo","url":"https:\/\/bolting.eu\/wp-content\/uploads\/2019\/09\/bolting-logo.png","contentUrl":"https:\/\/bolting.eu\/wp-content\/uploads\/2019\/09\/bolting-logo.png","width":400,"height":211,"caption":"bolting.eu"}]},"og_availability":"instock","product_availability":"instock","product_condition":"new","geo.placename":"Innsbruck","geo.position":{"lat":"47.264176340396226","long":"11.380109057672346"},"geo.region":"Austria"},"_links":{"self":[{"href":"https:\/\/bolting.eu\/en\/wp-json\/wp\/v2\/product\/9713","targetHints":{"allow":["GET"]}}],"collection":[{"href":"https:\/\/bolting.eu\/en\/wp-json\/wp\/v2\/product"}],"about":[{"href":"https:\/\/bolting.eu\/en\/wp-json\/wp\/v2\/types\/product"}],"replies":[{"embeddable":true,"href":"https:\/\/bolting.eu\/en\/wp-json\/wp\/v2\/comments?post=9713"}],"wp:featuredmedia":[{"embeddable":true,"href":"https:\/\/bolting.eu\/en\/wp-json\/wp\/v2\/media\/9721"}],"wp:attachment":[{"href":"https:\/\/bolting.eu\/en\/wp-json\/wp\/v2\/media?parent=9713"}],"wp:term":[{"taxonomy":"product_brand","embeddable":true,"href":"https:\/\/bolting.eu\/en\/wp-json\/wp\/v2\/product_brand?post=9713"},{"taxonomy":"product_cat","embeddable":true,"href":"https:\/\/bolting.eu\/en\/wp-json\/wp\/v2\/product_cat?post=9713"},{"taxonomy":"product_tag","embeddable":true,"href":"https:\/\/bolting.eu\/en\/wp-json\/wp\/v2\/product_tag?post=9713"}],"curies":[{"name":"wp","href":"https:\/\/api.w.org\/{rel}","templated":true}]}}