{"id":9672,"date":"2021-08-31T12:49:31","date_gmt":"2021-08-31T10:49:31","guid":{"rendered":"https:\/\/bolting.eu\/?post_type=product&#038;p=9672"},"modified":"2025-03-14T19:23:50","modified_gmt":"2025-03-14T18:23:50","slug":"camp-dyon-express-ks-6er-pack","status":"publish","type":"product","link":"https:\/\/bolting.eu\/en\/shop\/camp-dyon-express-ks-6er-pack\/","title":{"rendered":"Camp Dyon Express KS 6er-Pack"},"content":{"rendered":"<p>Die Camp Dyon Express ist eine echte High End Schlinge. Denn diese Exe ist mit dem innovativen und super leichten <a href=\"https:\/\/bolting.eu\/shop\/camp-dyon\/\">Camp Dyon Karabiner<\/a> best\u00fcckt. Dieser hat das innovative KeyWire Schlie\u00dfsystem und die patentierte SphereLock Nasenform.<\/p>\n<p>Durch das geringe Gewicht, die hei\u00df geschmiedeten Karabiner und die breite Schlinge, ist diese Express perfekt f\u00fcr harte Routen. Zudem kann man sich durch die zwei L\u00e4ngenvarianten perfekt sein individuelles Rack zusammen stellen. D.h. kurze Schlingen f\u00fcr den Klettergarten mit wenigen langen extra dazu. Und umgekehrt f\u00fcr alpine Abenteuer wo man durch viele l\u00e4ngere Expressen die Seilreibung minimieren m\u00f6chte.<\/p>\n<p>Kurzum. Wer eine High End Express f\u00fcr schwere Routen sucht, der ist hier genau richtig!<\/p>\n<h2>Eigenschaften Camp Dyon Express<\/h2>\n<ul>\n<li>Hersteller: <a href=\"https:\/\/bolting.eu\/produkt-kategorie\/camp-cassin\/\">Camp<\/a><\/li>\n<li>L\u00e4nge 1: 11cm (Gesamtl\u00e4nge ca. 22cm)<\/li>\n<li>L\u00e4nge 2: 18 cm (Gesamtl\u00e4nge 29cm)<\/li>\n<li>Karabiner: Dyon eloxiert<\/li>\n<li>Bruchlasten: 21kN l\u00e4ngs \u2013 7 kN quer \u2013 11 kN offen<\/li>\n<li>EN Norm 12275:B bzw. EN 566<\/li>\n<li>Gewicht L\u00e4nge 1: 82 Gramm bzw. 492 Gramm (6 Stk.)<\/li>\n<li>Gewicht L\u00e4nge 2: 88 Gramm bzw. 528 Gramm (6 Stk.)<\/li>\n<li><a href=\"https:\/\/bolting.eu\/produkt-kategorie\/bandschlinge\/\">Bandschlinge<\/a>: 16mm Polyester<\/li>\n<li>seilseitige Karabinerhalterung KarStop Evo<\/li>\n<li>patentierter Schlie\u00dfmechanismus KeyWire<\/li>\n<li>patentierte Nasenform SphereLock<\/li>\n<li>nach unten sich verj\u00fcngende Schlinge = perfekt zum Anhalten<\/li>\n<li>tolle High End Expressschlinge<\/li>\n<li><a href=\"http:\/\/doc.camp.it\/Manuali\/MOSCHETTONI_MANUALE01%20r13.pdf\" target=\"_blank\" rel=\"noopener\">Gebrauchsanleitung<\/a><\/li>\n<\/ul>\n<h3>Leichteste Express mit gro\u00dfen Karabinern<\/h3>\n<p>Die Camp Dyon Express ist die leichteste Exe mit den &#8220;normalen&#8221; gro\u00dfen Karabinern dieses Herstellers. D.h. die n\u00e4chste Gewichtsklasse darunter hat man es bereits mit deutlich kleineren Karabinern zu tun. Folglich besitzen diese auch nicht die normal gro\u00dfen Schnapper\u00f6ffnungen. By the way! Diese sind jeweils stolze 26mm gro\u00df. Also jede Menge Platz um das Seil einzuh\u00e4ngen.<\/p>\n<h3>Camp Dyon Express = innovativer Verschluss und Nasenform<\/h3>\n<figure id=\"attachment_9675\" aria-describedby=\"caption-attachment-9675\" style=\"width: 280px\" class=\"wp-caption alignleft\"><a href=\"https:\/\/bolting.eu\/wp-content\/uploads\/2021\/08\/Camp-Dyon-Express-Schnapper.jpg\"><img loading=\"lazy\" decoding=\"async\" class=\"wp-image-9675 size-thumbnail\" src=\"https:\/\/bolting.eu\/wp-content\/uploads\/2021\/08\/Camp-Dyon-Express-Schnapper-280x280.jpg\" alt=\"Das Bild zeigt die patentierten Karabiner der Camp Dyon Express mit dem KeyWire bzw. der SpehreLock Nase.\" width=\"280\" height=\"280\" srcset=\"https:\/\/bolting.eu\/wp-content\/uploads\/2021\/08\/Camp-Dyon-Express-Schnapper-280x280.jpg 280w, https:\/\/bolting.eu\/wp-content\/uploads\/2021\/08\/Camp-Dyon-Express-Schnapper-100x100.jpg 100w, https:\/\/bolting.eu\/wp-content\/uploads\/2021\/08\/Camp-Dyon-Express-Schnapper-510x510.jpg 510w, https:\/\/bolting.eu\/wp-content\/uploads\/2021\/08\/Camp-Dyon-Express-Schnapper-400x400.jpg 400w, https:\/\/bolting.eu\/wp-content\/uploads\/2021\/08\/Camp-Dyon-Express-Schnapper-300x300.jpg 300w, https:\/\/bolting.eu\/wp-content\/uploads\/2021\/08\/Camp-Dyon-Express-Schnapper-600x600.jpg 600w, https:\/\/bolting.eu\/wp-content\/uploads\/2021\/08\/Camp-Dyon-Express-Schnapper.jpg 700w\" sizes=\"auto, (max-width: 280px) 100vw, 280px\" \/><\/a><figcaption id=\"caption-attachment-9675\" class=\"wp-caption-text\">Der patentierte Schnapper Verschluss der Dyon Karabiner.<\/figcaption><\/figure>\n<p>Die Karabiner dieser Expressschlinge sind besonders gebaut. Denn sie haben gleich zwei patentierte Elemente.<\/p>\n<p>Zum einen den KeyWire Verschluss. D.h. auf einem Drahtb\u00fcgel sitzt ein &#8220;normaler&#8221; Keylock Verschluss. Das verhindert gro\u00dfteils den sogenannten &#8220;Peitschenschlag Effekt&#8221;. Also das \u00d6ffnen des Schnappers bei einem Sturz durch die Tr\u00e4gheit.<\/p>\n<p>Und zum anderen die Sphere Lock Nasenform. Eine besonders kleine und vor allem runde Nase, an der man an der Camp Dyon Express weder seine Finger noch das Seil einklemmen bzw. einschneiden kann.<\/p>\n","protected":false},"excerpt":{"rendered":"<ul>\n<li>L\u00e4ngen: 11cm bzw. 18 cm<\/li>\n<li>Bruchlasten: 21kN l\u00e4ngs \u2013 7 kN quer \u2013 11 kN offen<\/li>\n<li>EN Norm 12275:B bzw. EN 566<\/li>\n<li>Gewicht: 82 bzw. 88 Gramm<\/li>\n<li>patentierter Schlie\u00dfmechanismus KeyWire<\/li>\n<li>patentierte Nasenform SphereLock<\/li>\n<li>perfekt zum Anhalten<\/li>\n<li>tolle High End Expressschlinge<\/li>\n<\/ul>\n","protected":false},"featured_media":9677,"comment_status":"open","ping_status":"closed","template":"","meta":[],"product_brand":[],"product_cat":[29,220,4653],"product_tag":[],"class_list":{"0":"post-9672","1":"product","2":"type-product","3":"status-publish","4":"has-post-thumbnail","6":"product_cat-kletterausruestung","7":"product_cat-expressschlingen","8":"product_cat-camp-cassin","10":"first","11":"instock","12":"sale","13":"taxable","14":"shipping-taxable","15":"purchasable","16":"product-type-variable"},"yoast_head":"<!-- This site is optimized with the Yoast SEO Premium plugin v26.9 (Yoast SEO v26.9) - https:\/\/yoast.com\/product\/yoast-seo-premium-wordpress\/ -->\n<title>Camp Dyon Express KS 6er-Pack - g\u00fcnstig online kaufen | bolting.eu<\/title>\n<meta name=\"description\" content=\"Hier findest Du die CAMP DYON EXPRESS KS im 6er-Pack. Eine ausgewogene High End Exe mit innovativem Verschluss und patentierter Nasenform!\" \/>\n<meta name=\"robots\" content=\"index, follow, max-snippet:-1, max-image-preview:large, max-video-preview:-1\" \/>\n<link rel=\"canonical\" href=\"https:\/\/bolting.eu\/en\/shop\/camp-dyon-express-ks-6er-pack\/\" \/>\n<meta property=\"og:locale\" content=\"en_US\" \/>\n<meta property=\"og:type\" content=\"article\" \/>\n<meta property=\"og:title\" content=\"Camp Dyon Express KS 6er-Pack\" \/>\n<meta property=\"og:description\" content=\"Hier findest Du die CAMP DYON EXPRESS KS im 6er-Pack. Eine ausgewogene High End Exe mit innovativem Verschluss und patentierter Nasenform!\" \/>\n<meta property=\"og:url\" content=\"https:\/\/bolting.eu\/en\/shop\/camp-dyon-express-ks-6er-pack\/\" \/>\n<meta property=\"og:site_name\" content=\"bolting.eu\" \/>\n<meta property=\"article:publisher\" content=\"https:\/\/www.facebook.com\/bolting.eu\" \/>\n<meta property=\"article:modified_time\" content=\"2025-03-14T18:23:50+00:00\" \/>\n<meta property=\"og:image\" content=\"https:\/\/bolting.eu\/wp-content\/uploads\/2021\/08\/Camp-Dyon-Express-11cm.jpg\" \/>\n\t<meta property=\"og:image:width\" content=\"700\" \/>\n\t<meta property=\"og:image:height\" content=\"700\" \/>\n\t<meta property=\"og:image:type\" content=\"image\/jpeg\" \/>\n<meta name=\"twitter:card\" content=\"summary_large_image\" \/>\n<meta name=\"twitter:label1\" content=\"Availability\" \/>\n\t<meta name=\"twitter:data1\" content=\"In stock\" \/>\n<script type=\"application\/ld+json\" class=\"yoast-schema-graph\">{\"@context\":\"https:\/\/schema.org\",\"@graph\":[{\"@type\":[\"WebPage\",\"ItemPage\"],\"@id\":\"https:\/\/bolting.eu\/en\/shop\/camp-dyon-express-ks-6er-pack\/\",\"url\":\"https:\/\/bolting.eu\/en\/shop\/camp-dyon-express-ks-6er-pack\/\",\"name\":\"Camp Dyon Express KS 6er-Pack - g\u00fcnstig online kaufen | bolting.eu\",\"isPartOf\":{\"@id\":\"https:\/\/bolting.eu\/en\/#website\"},\"primaryImageOfPage\":{\"@id\":\"https:\/\/bolting.eu\/en\/shop\/camp-dyon-express-ks-6er-pack\/#primaryimage\"},\"image\":{\"@id\":\"https:\/\/bolting.eu\/en\/shop\/camp-dyon-express-ks-6er-pack\/#primaryimage\"},\"thumbnailUrl\":\"https:\/\/bolting.eu\/wp-content\/uploads\/2021\/08\/Camp-Dyon-Express-11cm.jpg\",\"datePublished\":\"2021-08-31T10:49:31+00:00\",\"dateModified\":\"2025-03-14T18:23:50+00:00\",\"description\":\"Hier findest Du die CAMP DYON EXPRESS KS im 6er-Pack. Eine ausgewogene High End Exe mit innovativem Verschluss und patentierter Nasenform!\",\"breadcrumb\":{\"@id\":\"https:\/\/bolting.eu\/en\/shop\/camp-dyon-express-ks-6er-pack\/#breadcrumb\"},\"inLanguage\":\"en-US\",\"potentialAction\":[{\"@type\":\"ReadAction\",\"target\":[\"https:\/\/bolting.eu\/en\/shop\/camp-dyon-express-ks-6er-pack\/\"]}]},{\"@type\":\"ImageObject\",\"inLanguage\":\"en-US\",\"@id\":\"https:\/\/bolting.eu\/en\/shop\/camp-dyon-express-ks-6er-pack\/#primaryimage\",\"url\":\"https:\/\/bolting.eu\/wp-content\/uploads\/2021\/08\/Camp-Dyon-Express-11cm.jpg\",\"contentUrl\":\"https:\/\/bolting.eu\/wp-content\/uploads\/2021\/08\/Camp-Dyon-Express-11cm.jpg\",\"width\":700,\"height\":700,\"caption\":\"Das Bild zeigt einen 6er Pack der Camp Dyon Express. In einem Karton eingeh\u00e4ngt stehen die Exen vertikal im Bild, oben der dunkle Karabiner, dann die grau-gelbe Schlingen, unten der goldene Karabiner.\"},{\"@type\":\"BreadcrumbList\",\"@id\":\"https:\/\/bolting.eu\/en\/shop\/camp-dyon-express-ks-6er-pack\/#breadcrumb\",\"itemListElement\":[{\"@type\":\"ListItem\",\"position\":1,\"name\":\"Shop\",\"item\":\"https:\/\/bolting.eu\/en\/shop\/\"},{\"@type\":\"ListItem\",\"position\":2,\"name\":\"climbing equipment\",\"item\":\"https:\/\/bolting.eu\/en\/produkt-kategorie\/climbing-equipment\/\"},{\"@type\":\"ListItem\",\"position\":3,\"name\":\"Quickdraws\",\"item\":\"https:\/\/bolting.eu\/en\/produkt-kategorie\/quickdraws\/\"},{\"@type\":\"ListItem\",\"position\":4,\"name\":\"Camp Dyon Express KS 6er-Pack\"}]},{\"@type\":\"WebSite\",\"@id\":\"https:\/\/bolting.eu\/en\/#website\",\"url\":\"https:\/\/bolting.eu\/en\/\",\"name\":\"bolting.eu\",\"description\":\"we make climbs happen\",\"publisher\":{\"@id\":\"https:\/\/bolting.eu\/en\/#organization\"},\"potentialAction\":[{\"@type\":\"SearchAction\",\"target\":{\"@type\":\"EntryPoint\",\"urlTemplate\":\"https:\/\/bolting.eu\/en\/?s={search_term_string}\"},\"query-input\":{\"@type\":\"PropertyValueSpecification\",\"valueRequired\":true,\"valueName\":\"search_term_string\"}}],\"inLanguage\":\"en-US\"},{\"@type\":[\"Organization\",\"Place\",\"SportingGoodsStore\"],\"@id\":\"https:\/\/bolting.eu\/en\/#organization\",\"name\":\"bolting.eu\",\"url\":\"https:\/\/bolting.eu\/en\/\",\"logo\":{\"@id\":\"https:\/\/bolting.eu\/en\/shop\/camp-dyon-express-ks-6er-pack\/#local-main-organization-logo\"},\"image\":{\"@id\":\"https:\/\/bolting.eu\/en\/shop\/camp-dyon-express-ks-6er-pack\/#local-main-organization-logo\"},\"sameAs\":[\"https:\/\/www.facebook.com\/bolting.eu\",\"https:\/\/www.instagram.com\/bolting.eu\/\"],\"address\":{\"@id\":\"https:\/\/bolting.eu\/en\/shop\/camp-dyon-express-ks-6er-pack\/#local-main-place-address\"},\"geo\":{\"@type\":\"GeoCoordinates\",\"latitude\":\"47.264176340396226\",\"longitude\":\"11.380109057672346\"},\"telephone\":[\"+43 699 19083372\"],\"openingHoursSpecification\":[{\"@type\":\"OpeningHoursSpecification\",\"dayOfWeek\":[\"Monday\",\"Wednesday\",\"Friday\"],\"opens\":\"14:00\",\"closes\":\"18:00\"},{\"@type\":\"OpeningHoursSpecification\",\"dayOfWeek\":[\"Tuesday\",\"Thursday\",\"Saturday\",\"Sunday\"],\"opens\":\"00:00\",\"closes\":\"00:00\"}],\"email\":\"office@bolting.eu\",\"vatID\":\"ATU59999728\",\"priceRange\":\"$$\",\"currenciesAccepted\":\"Euro\"},{\"@type\":\"PostalAddress\",\"@id\":\"https:\/\/bolting.eu\/en\/shop\/camp-dyon-express-ks-6er-pack\/#local-main-place-address\",\"streetAddress\":\"Fischnalerstra\u00dfe 4\",\"addressLocality\":\"Innsbruck\",\"postalCode\":\"6020\",\"addressRegion\":\"Tirol\",\"addressCountry\":\"AT\"},{\"@type\":\"ImageObject\",\"inLanguage\":\"en-US\",\"@id\":\"https:\/\/bolting.eu\/en\/shop\/camp-dyon-express-ks-6er-pack\/#local-main-organization-logo\",\"url\":\"https:\/\/bolting.eu\/wp-content\/uploads\/2019\/09\/bolting-logo.png\",\"contentUrl\":\"https:\/\/bolting.eu\/wp-content\/uploads\/2019\/09\/bolting-logo.png\",\"width\":400,\"height\":211,\"caption\":\"bolting.eu\"}]}<\/script>\n<meta property=\"og:availability\" content=\"instock\" \/>\n<meta property=\"product:availability\" content=\"instock\" \/>\n<meta property=\"product:condition\" content=\"new\" \/>\n<meta name=\"geo.placename\" content=\"Innsbruck\" \/>\n<meta name=\"geo.position\" content=\"47.264176340396226;11.380109057672346\" \/>\n<meta name=\"geo.region\" content=\"Austria\" \/>\n<!-- \/ Yoast SEO Premium plugin. -->","yoast_head_json":{"title":"Camp Dyon Express KS 6er-Pack - g\u00fcnstig online kaufen | bolting.eu","description":"Hier findest Du die CAMP DYON EXPRESS KS im 6er-Pack. Eine ausgewogene High End Exe mit innovativem Verschluss und patentierter Nasenform!","robots":{"index":"index","follow":"follow","max-snippet":"max-snippet:-1","max-image-preview":"max-image-preview:large","max-video-preview":"max-video-preview:-1"},"canonical":"https:\/\/bolting.eu\/en\/shop\/camp-dyon-express-ks-6er-pack\/","og_locale":"en_US","og_type":"article","og_title":"Camp Dyon Express KS 6er-Pack","og_description":"Hier findest Du die CAMP DYON EXPRESS KS im 6er-Pack. Eine ausgewogene High End Exe mit innovativem Verschluss und patentierter Nasenform!","og_url":"https:\/\/bolting.eu\/en\/shop\/camp-dyon-express-ks-6er-pack\/","og_site_name":"bolting.eu","article_publisher":"https:\/\/www.facebook.com\/bolting.eu","article_modified_time":"2025-03-14T18:23:50+00:00","og_image":[{"width":700,"height":700,"url":"https:\/\/bolting.eu\/wp-content\/uploads\/2021\/08\/Camp-Dyon-Express-11cm.jpg","type":"image\/jpeg"}],"twitter_card":"summary_large_image","twitter_misc":{"Availability":"In stock"},"schema":{"@context":"https:\/\/schema.org","@graph":[{"@type":["WebPage","ItemPage"],"@id":"https:\/\/bolting.eu\/en\/shop\/camp-dyon-express-ks-6er-pack\/","url":"https:\/\/bolting.eu\/en\/shop\/camp-dyon-express-ks-6er-pack\/","name":"Camp Dyon Express KS 6er-Pack - g\u00fcnstig online kaufen | bolting.eu","isPartOf":{"@id":"https:\/\/bolting.eu\/en\/#website"},"primaryImageOfPage":{"@id":"https:\/\/bolting.eu\/en\/shop\/camp-dyon-express-ks-6er-pack\/#primaryimage"},"image":{"@id":"https:\/\/bolting.eu\/en\/shop\/camp-dyon-express-ks-6er-pack\/#primaryimage"},"thumbnailUrl":"https:\/\/bolting.eu\/wp-content\/uploads\/2021\/08\/Camp-Dyon-Express-11cm.jpg","datePublished":"2021-08-31T10:49:31+00:00","dateModified":"2025-03-14T18:23:50+00:00","description":"Hier findest Du die CAMP DYON EXPRESS KS im 6er-Pack. Eine ausgewogene High End Exe mit innovativem Verschluss und patentierter Nasenform!","breadcrumb":{"@id":"https:\/\/bolting.eu\/en\/shop\/camp-dyon-express-ks-6er-pack\/#breadcrumb"},"inLanguage":"en-US","potentialAction":[{"@type":"ReadAction","target":["https:\/\/bolting.eu\/en\/shop\/camp-dyon-express-ks-6er-pack\/"]}]},{"@type":"ImageObject","inLanguage":"en-US","@id":"https:\/\/bolting.eu\/en\/shop\/camp-dyon-express-ks-6er-pack\/#primaryimage","url":"https:\/\/bolting.eu\/wp-content\/uploads\/2021\/08\/Camp-Dyon-Express-11cm.jpg","contentUrl":"https:\/\/bolting.eu\/wp-content\/uploads\/2021\/08\/Camp-Dyon-Express-11cm.jpg","width":700,"height":700,"caption":"Das Bild zeigt einen 6er Pack der Camp Dyon Express. In einem Karton eingeh\u00e4ngt stehen die Exen vertikal im Bild, oben der dunkle Karabiner, dann die grau-gelbe Schlingen, unten der goldene Karabiner."},{"@type":"BreadcrumbList","@id":"https:\/\/bolting.eu\/en\/shop\/camp-dyon-express-ks-6er-pack\/#breadcrumb","itemListElement":[{"@type":"ListItem","position":1,"name":"Shop","item":"https:\/\/bolting.eu\/en\/shop\/"},{"@type":"ListItem","position":2,"name":"climbing equipment","item":"https:\/\/bolting.eu\/en\/produkt-kategorie\/climbing-equipment\/"},{"@type":"ListItem","position":3,"name":"Quickdraws","item":"https:\/\/bolting.eu\/en\/produkt-kategorie\/quickdraws\/"},{"@type":"ListItem","position":4,"name":"Camp Dyon Express KS 6er-Pack"}]},{"@type":"WebSite","@id":"https:\/\/bolting.eu\/en\/#website","url":"https:\/\/bolting.eu\/en\/","name":"bolting.eu","description":"we make climbs happen","publisher":{"@id":"https:\/\/bolting.eu\/en\/#organization"},"potentialAction":[{"@type":"SearchAction","target":{"@type":"EntryPoint","urlTemplate":"https:\/\/bolting.eu\/en\/?s={search_term_string}"},"query-input":{"@type":"PropertyValueSpecification","valueRequired":true,"valueName":"search_term_string"}}],"inLanguage":"en-US"},{"@type":["Organization","Place","SportingGoodsStore"],"@id":"https:\/\/bolting.eu\/en\/#organization","name":"bolting.eu","url":"https:\/\/bolting.eu\/en\/","logo":{"@id":"https:\/\/bolting.eu\/en\/shop\/camp-dyon-express-ks-6er-pack\/#local-main-organization-logo"},"image":{"@id":"https:\/\/bolting.eu\/en\/shop\/camp-dyon-express-ks-6er-pack\/#local-main-organization-logo"},"sameAs":["https:\/\/www.facebook.com\/bolting.eu","https:\/\/www.instagram.com\/bolting.eu\/"],"address":{"@id":"https:\/\/bolting.eu\/en\/shop\/camp-dyon-express-ks-6er-pack\/#local-main-place-address"},"geo":{"@type":"GeoCoordinates","latitude":"47.264176340396226","longitude":"11.380109057672346"},"telephone":["+43 699 19083372"],"openingHoursSpecification":[{"@type":"OpeningHoursSpecification","dayOfWeek":["Monday","Wednesday","Friday"],"opens":"14:00","closes":"18:00"},{"@type":"OpeningHoursSpecification","dayOfWeek":["Tuesday","Thursday","Saturday","Sunday"],"opens":"00:00","closes":"00:00"}],"email":"office@bolting.eu","vatID":"ATU59999728","priceRange":"$$","currenciesAccepted":"Euro"},{"@type":"PostalAddress","@id":"https:\/\/bolting.eu\/en\/shop\/camp-dyon-express-ks-6er-pack\/#local-main-place-address","streetAddress":"Fischnalerstra\u00dfe 4","addressLocality":"Innsbruck","postalCode":"6020","addressRegion":"Tirol","addressCountry":"AT"},{"@type":"ImageObject","inLanguage":"en-US","@id":"https:\/\/bolting.eu\/en\/shop\/camp-dyon-express-ks-6er-pack\/#local-main-organization-logo","url":"https:\/\/bolting.eu\/wp-content\/uploads\/2019\/09\/bolting-logo.png","contentUrl":"https:\/\/bolting.eu\/wp-content\/uploads\/2019\/09\/bolting-logo.png","width":400,"height":211,"caption":"bolting.eu"}]},"og_availability":"instock","product_availability":"instock","product_condition":"new","geo.placename":"Innsbruck","geo.position":{"lat":"47.264176340396226","long":"11.380109057672346"},"geo.region":"Austria"},"_links":{"self":[{"href":"https:\/\/bolting.eu\/en\/wp-json\/wp\/v2\/product\/9672","targetHints":{"allow":["GET"]}}],"collection":[{"href":"https:\/\/bolting.eu\/en\/wp-json\/wp\/v2\/product"}],"about":[{"href":"https:\/\/bolting.eu\/en\/wp-json\/wp\/v2\/types\/product"}],"replies":[{"embeddable":true,"href":"https:\/\/bolting.eu\/en\/wp-json\/wp\/v2\/comments?post=9672"}],"wp:featuredmedia":[{"embeddable":true,"href":"https:\/\/bolting.eu\/en\/wp-json\/wp\/v2\/media\/9677"}],"wp:attachment":[{"href":"https:\/\/bolting.eu\/en\/wp-json\/wp\/v2\/media?parent=9672"}],"wp:term":[{"taxonomy":"product_brand","embeddable":true,"href":"https:\/\/bolting.eu\/en\/wp-json\/wp\/v2\/product_brand?post=9672"},{"taxonomy":"product_cat","embeddable":true,"href":"https:\/\/bolting.eu\/en\/wp-json\/wp\/v2\/product_cat?post=9672"},{"taxonomy":"product_tag","embeddable":true,"href":"https:\/\/bolting.eu\/en\/wp-json\/wp\/v2\/product_tag?post=9672"}],"curies":[{"name":"wp","href":"https:\/\/api.w.org\/{rel}","templated":true}]}}