{"id":9664,"date":"2021-08-31T10:26:09","date_gmt":"2021-08-31T08:26:09","guid":{"rendered":"https:\/\/bolting.eu\/?post_type=product&#038;p=9664"},"modified":"2025-10-27T20:40:57","modified_gmt":"2025-10-27T19:40:57","slug":"camp-photon-express","status":"publish","type":"product","link":"https:\/\/bolting.eu\/en\/shop\/camp-photon-express\/","title":{"rendered":"Camp Photon Express 6er-Pack"},"content":{"rendered":"<p>Die Camp Photon Express ist eine perfekte Schlinge zum Sport- und Alpinklettern. Denn sie zeichnet sich durch eine klasse Mischung aus Funktion, Gewicht und Handling aus. Das gilt sowohl f\u00fcr die kurze 11cm Variante, als auch die lange 17cm Variante.<\/p>\n<p>Die hei\u00df geschmiedeten <a href=\"https:\/\/bolting.eu\/produkt-kategorie\/kletterausruestung\/karabiner-kletterkarabiner\/\">Karabiner<\/a> haben eine gute Gr\u00f6\u00dfe sowie weite \u00d6ffnungen. Zudem sorgt das H-Profil f\u00fcr einen sehr guten Grip und bestes Handling. Dar\u00fcber hinaus ist die Expressschlinge selber sehr breit. Folglich ist das Anhalten an der Exe sehr angenehm im Vergleich zu d\u00fcnnen Dyneema Schlingen. Und wie immer kommt dieses italienische Produkt in einem sehr sch\u00f6nen Design daher.<\/p>\n<p>Abschlie\u00dfend gef\u00e4llt uns die seilseitige Karabinerfixierung sehr gut. Sie ist d\u00fcnn, unauff\u00e4llig und macht einen perfekten Job. Denn sie h\u00e4lt den unteren Karabiner zum Klippen fest in Position.<\/p>\n<p>Kurzum. Wer eine solide Express f\u00fcr den Klettergarten oder alpine W\u00e4nde sucht, der ist hier richtig!<\/p>\n<h2>Eigenschaften Camp Photon Express 6er-Pack<\/h2>\n<ul>\n<li>Hersteller: <a href=\"https:\/\/bolting.eu\/produkt-kategorie\/camp-cassin\/\">Camp<\/a><\/li>\n<li>L\u00e4nge 1: 11cm (Gesamtl\u00e4nge ca. 22 cm)<\/li>\n<li>L\u00e4nge 2: 17 cm (Gesamtl\u00e4nge 28cm)<\/li>\n<li>Karabiner: Photon eloxiert<\/li>\n<li>Bruchlasten: 22kN l\u00e4ngs \u2013 7 kN quer \u2013 9 kN offen<\/li>\n<li>EN Norm 12275:B bzw. EN 566<\/li>\n<li>Gewicht L\u00e4nge 1: 86 Gramm bzw. 516 Gramm (6 Stk.)<\/li>\n<li>Gewicht L\u00e4nge 2: 91 Gramm bzw. 546 Gramm (6 Stk.)<\/li>\n<li><a href=\"https:\/\/bolting.eu\/produkt-kategorie\/bandschlinge\/\">Bandschlinge<\/a>: 16mm Polyester<\/li>\n<li>seilseitige Karabinerhalterung KarStop Evo<\/li>\n<li>tolle High End Expresschlinge<\/li>\n<li><a href=\"http:\/\/doc.camp.it\/Manuali\/MOSCHETTONI_MANUALE01%20r13.pdf\" target=\"_blank\" rel=\"noopener\">Gebrauchsanleitung<\/a><\/li>\n<\/ul>\n<h3>Hei\u00df geschmiedet!<\/h3>\n<p>Ein Blick auf die Camp Photon Express und man wei\u00df: diese Karabiner sind hei\u00df geschmiedet. D.h. sie haben ein markantes H-Profil welches typisch f\u00fcr diese Fertigungstechnik ist.<\/p>\n<p>Somit profitiert man von den vielen Vorz\u00fcgen. Erstens das geringere Gewicht. Zweitens das H-Profil, welches viel besser einzuhalten ist als die runden, kalt geschmiedeten Karabiner. Und drittens die sch\u00f6ne Optik.<\/p>\n<p>Dar\u00fcber hinaus sind die Karabiner alle eloxiert. Anthrazit hakenseitig sowie gr\u00fcn seilseitig.<\/p>\n<h3>Camp Photon Express in 2 L\u00e4ngen<\/h3>\n<p>Diese Expressschlinge gibt es in zwei Gr\u00f6\u00dfen.<\/p>\n<p>Zum einen mit 11cm Schlinge und Gesamt 22cm L\u00e4nge. Diese Variante ist nat\u00fcrlich zum Sportklettern gedacht. Und zum anderen mit 17cm Schlinge und 28cm Gesamtl\u00e4nge. Diese Variante kann sowohl zum Sportklettern als auch Alpinklettern verwendet werden. Beim Sportklettern raten wir euch, einen 6er-Pack zu kaufen. Somit k\u00f6nnt ihr in Routen mit h\u00f6herer Seilreibung, diesen Nachteil entsch\u00e4rfen.<\/p>\n<p>Nat\u00fcrlich erf\u00fcllen die langen Expressen diese Funktion auch im alpinen Gel\u00e4nde. Die langen Schlingen sorgen f\u00fcr einen wesentlich geradlinigeren Seilverlauf und somit weniger Seilreibung.<\/p>\n<h3>Karabinerhalterung KarStop Evo<\/h3>\n<p>Mittlerweile hat fast jeder Hersteller eine Karabinerhalterung seilseitig eingebaut. So auch bei der Camp Photon Express. Hier tr\u00e4gt der Gummieinsatz den Namen KarStop Evo. Die Halterung ist bereits fix integriert und erf\u00fcllt zwei Funktionen.<\/p>\n<p>Erstens sch\u00fctzt sie das Bandschlingenmaterial vor Abrieb, wenn die Karabiner unter Belastung das Band an den Fels dr\u00fccken. Und zweitens halten sie nat\u00fcrlich den Karabiner fest an der Express um leichter Klippen zu k\u00f6nnen.<\/p>\n","protected":false},"excerpt":{"rendered":"<ul>\n<li>L\u00e4ngen: 11cm bzw. 17 cm<\/li>\n<li>Bruchlasten: 22kN l\u00e4ngs \u2013 7 kN quer \u2013 9 kN offen<\/li>\n<li>EN Norm 12275:B bzw. EN 566<\/li>\n<li>Gewicht: 86 Gramm bzw. 91 Gramm<\/li>\n<li>Bandschlinge: 16mm Polyester<\/li>\n<li>seilseitige Karabinerfixierung<\/li>\n<li>tolle High End Expresschlinge<\/li>\n<\/ul>\n","protected":false},"featured_media":9670,"comment_status":"open","ping_status":"closed","template":"","meta":[],"product_brand":[],"product_cat":[29,220,4653],"product_tag":[],"class_list":{"0":"post-9664","1":"product","2":"type-product","3":"status-publish","4":"has-post-thumbnail","6":"product_cat-kletterausruestung","7":"product_cat-expressschlingen","8":"product_cat-camp-cassin","10":"first","11":"instock","12":"sale","13":"taxable","14":"shipping-taxable","15":"purchasable","16":"product-type-variable"},"yoast_head":"<!-- This site is optimized with the Yoast SEO Premium plugin v26.9 (Yoast SEO v26.9) - https:\/\/yoast.com\/product\/yoast-seo-premium-wordpress\/ -->\n<title>Camp Photon Express 6er-Pack - g\u00fcnstig online kaufen | bolting.eu<\/title>\n<meta name=\"description\" content=\"Hier findest Du die CAMP PHOTON EXPRESS im 6er-Pack. Eine High End Exe mit 11cm bzw. 17cm Schlinge und hei\u00df geschmiedeten Karabinern.\" \/>\n<meta name=\"robots\" content=\"index, follow, max-snippet:-1, max-image-preview:large, max-video-preview:-1\" \/>\n<link rel=\"canonical\" href=\"https:\/\/bolting.eu\/en\/shop\/camp-photon-express\/\" \/>\n<meta property=\"og:locale\" content=\"en_US\" \/>\n<meta property=\"og:type\" content=\"article\" \/>\n<meta property=\"og:title\" content=\"Camp Photon Express 6er-Pack\" \/>\n<meta property=\"og:description\" content=\"Hier findest Du die CAMP PHOTON EXPRESS im 6er-Pack. Eine High End Exe mit 11cm bzw. 17cm Schlinge und hei\u00df geschmiedeten Karabinern.\" \/>\n<meta property=\"og:url\" content=\"https:\/\/bolting.eu\/en\/shop\/camp-photon-express\/\" \/>\n<meta property=\"og:site_name\" content=\"bolting.eu\" \/>\n<meta property=\"article:publisher\" content=\"https:\/\/www.facebook.com\/bolting.eu\" \/>\n<meta property=\"article:modified_time\" content=\"2025-10-27T19:40:57+00:00\" \/>\n<meta property=\"og:image\" content=\"https:\/\/bolting.eu\/wp-content\/uploads\/2021\/08\/Camp-Photon-Express-11cm.jpg\" \/>\n\t<meta property=\"og:image:width\" content=\"700\" \/>\n\t<meta property=\"og:image:height\" content=\"700\" \/>\n\t<meta property=\"og:image:type\" content=\"image\/jpeg\" \/>\n<meta name=\"twitter:card\" content=\"summary_large_image\" \/>\n<meta name=\"twitter:label1\" content=\"Availability\" \/>\n\t<meta name=\"twitter:data1\" content=\"In stock\" \/>\n<script type=\"application\/ld+json\" class=\"yoast-schema-graph\">{\"@context\":\"https:\/\/schema.org\",\"@graph\":[{\"@type\":[\"WebPage\",\"ItemPage\"],\"@id\":\"https:\/\/bolting.eu\/en\/shop\/camp-photon-express\/\",\"url\":\"https:\/\/bolting.eu\/en\/shop\/camp-photon-express\/\",\"name\":\"Camp Photon Express 6er-Pack - g\u00fcnstig online kaufen | bolting.eu\",\"isPartOf\":{\"@id\":\"https:\/\/bolting.eu\/en\/#website\"},\"primaryImageOfPage\":{\"@id\":\"https:\/\/bolting.eu\/en\/shop\/camp-photon-express\/#primaryimage\"},\"image\":{\"@id\":\"https:\/\/bolting.eu\/en\/shop\/camp-photon-express\/#primaryimage\"},\"thumbnailUrl\":\"https:\/\/bolting.eu\/wp-content\/uploads\/2021\/08\/Camp-Photon-Express-11cm.jpg\",\"datePublished\":\"2021-08-31T08:26:09+00:00\",\"dateModified\":\"2025-10-27T19:40:57+00:00\",\"description\":\"Hier findest Du die CAMP PHOTON EXPRESS im 6er-Pack. Eine High End Exe mit 11cm bzw. 17cm Schlinge und hei\u00df geschmiedeten Karabinern.\",\"breadcrumb\":{\"@id\":\"https:\/\/bolting.eu\/en\/shop\/camp-photon-express\/#breadcrumb\"},\"inLanguage\":\"en-US\",\"potentialAction\":[{\"@type\":\"ReadAction\",\"target\":[\"https:\/\/bolting.eu\/en\/shop\/camp-photon-express\/\"]}]},{\"@type\":\"ImageObject\",\"inLanguage\":\"en-US\",\"@id\":\"https:\/\/bolting.eu\/en\/shop\/camp-photon-express\/#primaryimage\",\"url\":\"https:\/\/bolting.eu\/wp-content\/uploads\/2021\/08\/Camp-Photon-Express-11cm.jpg\",\"contentUrl\":\"https:\/\/bolting.eu\/wp-content\/uploads\/2021\/08\/Camp-Photon-Express-11cm.jpg\",\"width\":700,\"height\":700,\"caption\":\"Das Bild zeigt den Camp Photon Express 6er PAck mit 22cm L\u00e4nge. Er steht aufrecht im Bild, die Exen h\u00e4ngen von einem KArton nebeneinander nach unten.\"},{\"@type\":\"BreadcrumbList\",\"@id\":\"https:\/\/bolting.eu\/en\/shop\/camp-photon-express\/#breadcrumb\",\"itemListElement\":[{\"@type\":\"ListItem\",\"position\":1,\"name\":\"Shop\",\"item\":\"https:\/\/bolting.eu\/en\/shop\/\"},{\"@type\":\"ListItem\",\"position\":2,\"name\":\"climbing equipment\",\"item\":\"https:\/\/bolting.eu\/en\/produkt-kategorie\/climbing-equipment\/\"},{\"@type\":\"ListItem\",\"position\":3,\"name\":\"Quickdraws\",\"item\":\"https:\/\/bolting.eu\/en\/produkt-kategorie\/quickdraws\/\"},{\"@type\":\"ListItem\",\"position\":4,\"name\":\"Camp Photon Express 6er-Pack\"}]},{\"@type\":\"WebSite\",\"@id\":\"https:\/\/bolting.eu\/en\/#website\",\"url\":\"https:\/\/bolting.eu\/en\/\",\"name\":\"bolting.eu\",\"description\":\"we make climbs happen\",\"publisher\":{\"@id\":\"https:\/\/bolting.eu\/en\/#organization\"},\"potentialAction\":[{\"@type\":\"SearchAction\",\"target\":{\"@type\":\"EntryPoint\",\"urlTemplate\":\"https:\/\/bolting.eu\/en\/?s={search_term_string}\"},\"query-input\":{\"@type\":\"PropertyValueSpecification\",\"valueRequired\":true,\"valueName\":\"search_term_string\"}}],\"inLanguage\":\"en-US\"},{\"@type\":[\"Organization\",\"Place\",\"SportingGoodsStore\"],\"@id\":\"https:\/\/bolting.eu\/en\/#organization\",\"name\":\"bolting.eu\",\"url\":\"https:\/\/bolting.eu\/en\/\",\"logo\":{\"@id\":\"https:\/\/bolting.eu\/en\/shop\/camp-photon-express\/#local-main-organization-logo\"},\"image\":{\"@id\":\"https:\/\/bolting.eu\/en\/shop\/camp-photon-express\/#local-main-organization-logo\"},\"sameAs\":[\"https:\/\/www.facebook.com\/bolting.eu\",\"https:\/\/www.instagram.com\/bolting.eu\/\"],\"address\":{\"@id\":\"https:\/\/bolting.eu\/en\/shop\/camp-photon-express\/#local-main-place-address\"},\"geo\":{\"@type\":\"GeoCoordinates\",\"latitude\":\"47.264176340396226\",\"longitude\":\"11.380109057672346\"},\"telephone\":[\"+43 699 19083372\"],\"openingHoursSpecification\":[{\"@type\":\"OpeningHoursSpecification\",\"dayOfWeek\":[\"Monday\",\"Wednesday\",\"Friday\"],\"opens\":\"14:00\",\"closes\":\"18:00\"},{\"@type\":\"OpeningHoursSpecification\",\"dayOfWeek\":[\"Tuesday\",\"Thursday\",\"Saturday\",\"Sunday\"],\"opens\":\"00:00\",\"closes\":\"00:00\"}],\"email\":\"office@bolting.eu\",\"vatID\":\"ATU59999728\",\"priceRange\":\"$$\",\"currenciesAccepted\":\"Euro\"},{\"@type\":\"PostalAddress\",\"@id\":\"https:\/\/bolting.eu\/en\/shop\/camp-photon-express\/#local-main-place-address\",\"streetAddress\":\"Fischnalerstra\u00dfe 4\",\"addressLocality\":\"Innsbruck\",\"postalCode\":\"6020\",\"addressRegion\":\"Tirol\",\"addressCountry\":\"AT\"},{\"@type\":\"ImageObject\",\"inLanguage\":\"en-US\",\"@id\":\"https:\/\/bolting.eu\/en\/shop\/camp-photon-express\/#local-main-organization-logo\",\"url\":\"https:\/\/bolting.eu\/wp-content\/uploads\/2019\/09\/bolting-logo.png\",\"contentUrl\":\"https:\/\/bolting.eu\/wp-content\/uploads\/2019\/09\/bolting-logo.png\",\"width\":400,\"height\":211,\"caption\":\"bolting.eu\"}]}<\/script>\n<meta property=\"og:availability\" content=\"instock\" \/>\n<meta property=\"product:availability\" content=\"instock\" \/>\n<meta property=\"product:condition\" content=\"new\" \/>\n<meta name=\"geo.placename\" content=\"Innsbruck\" \/>\n<meta name=\"geo.position\" content=\"47.264176340396226;11.380109057672346\" \/>\n<meta name=\"geo.region\" content=\"Austria\" \/>\n<!-- \/ Yoast SEO Premium plugin. -->","yoast_head_json":{"title":"Camp Photon Express 6er-Pack - g\u00fcnstig online kaufen | bolting.eu","description":"Hier findest Du die CAMP PHOTON EXPRESS im 6er-Pack. Eine High End Exe mit 11cm bzw. 17cm Schlinge und hei\u00df geschmiedeten Karabinern.","robots":{"index":"index","follow":"follow","max-snippet":"max-snippet:-1","max-image-preview":"max-image-preview:large","max-video-preview":"max-video-preview:-1"},"canonical":"https:\/\/bolting.eu\/en\/shop\/camp-photon-express\/","og_locale":"en_US","og_type":"article","og_title":"Camp Photon Express 6er-Pack","og_description":"Hier findest Du die CAMP PHOTON EXPRESS im 6er-Pack. Eine High End Exe mit 11cm bzw. 17cm Schlinge und hei\u00df geschmiedeten Karabinern.","og_url":"https:\/\/bolting.eu\/en\/shop\/camp-photon-express\/","og_site_name":"bolting.eu","article_publisher":"https:\/\/www.facebook.com\/bolting.eu","article_modified_time":"2025-10-27T19:40:57+00:00","og_image":[{"width":700,"height":700,"url":"https:\/\/bolting.eu\/wp-content\/uploads\/2021\/08\/Camp-Photon-Express-11cm.jpg","type":"image\/jpeg"}],"twitter_card":"summary_large_image","twitter_misc":{"Availability":"In stock"},"schema":{"@context":"https:\/\/schema.org","@graph":[{"@type":["WebPage","ItemPage"],"@id":"https:\/\/bolting.eu\/en\/shop\/camp-photon-express\/","url":"https:\/\/bolting.eu\/en\/shop\/camp-photon-express\/","name":"Camp Photon Express 6er-Pack - g\u00fcnstig online kaufen | bolting.eu","isPartOf":{"@id":"https:\/\/bolting.eu\/en\/#website"},"primaryImageOfPage":{"@id":"https:\/\/bolting.eu\/en\/shop\/camp-photon-express\/#primaryimage"},"image":{"@id":"https:\/\/bolting.eu\/en\/shop\/camp-photon-express\/#primaryimage"},"thumbnailUrl":"https:\/\/bolting.eu\/wp-content\/uploads\/2021\/08\/Camp-Photon-Express-11cm.jpg","datePublished":"2021-08-31T08:26:09+00:00","dateModified":"2025-10-27T19:40:57+00:00","description":"Hier findest Du die CAMP PHOTON EXPRESS im 6er-Pack. Eine High End Exe mit 11cm bzw. 17cm Schlinge und hei\u00df geschmiedeten Karabinern.","breadcrumb":{"@id":"https:\/\/bolting.eu\/en\/shop\/camp-photon-express\/#breadcrumb"},"inLanguage":"en-US","potentialAction":[{"@type":"ReadAction","target":["https:\/\/bolting.eu\/en\/shop\/camp-photon-express\/"]}]},{"@type":"ImageObject","inLanguage":"en-US","@id":"https:\/\/bolting.eu\/en\/shop\/camp-photon-express\/#primaryimage","url":"https:\/\/bolting.eu\/wp-content\/uploads\/2021\/08\/Camp-Photon-Express-11cm.jpg","contentUrl":"https:\/\/bolting.eu\/wp-content\/uploads\/2021\/08\/Camp-Photon-Express-11cm.jpg","width":700,"height":700,"caption":"Das Bild zeigt den Camp Photon Express 6er PAck mit 22cm L\u00e4nge. Er steht aufrecht im Bild, die Exen h\u00e4ngen von einem KArton nebeneinander nach unten."},{"@type":"BreadcrumbList","@id":"https:\/\/bolting.eu\/en\/shop\/camp-photon-express\/#breadcrumb","itemListElement":[{"@type":"ListItem","position":1,"name":"Shop","item":"https:\/\/bolting.eu\/en\/shop\/"},{"@type":"ListItem","position":2,"name":"climbing equipment","item":"https:\/\/bolting.eu\/en\/produkt-kategorie\/climbing-equipment\/"},{"@type":"ListItem","position":3,"name":"Quickdraws","item":"https:\/\/bolting.eu\/en\/produkt-kategorie\/quickdraws\/"},{"@type":"ListItem","position":4,"name":"Camp Photon Express 6er-Pack"}]},{"@type":"WebSite","@id":"https:\/\/bolting.eu\/en\/#website","url":"https:\/\/bolting.eu\/en\/","name":"bolting.eu","description":"we make climbs happen","publisher":{"@id":"https:\/\/bolting.eu\/en\/#organization"},"potentialAction":[{"@type":"SearchAction","target":{"@type":"EntryPoint","urlTemplate":"https:\/\/bolting.eu\/en\/?s={search_term_string}"},"query-input":{"@type":"PropertyValueSpecification","valueRequired":true,"valueName":"search_term_string"}}],"inLanguage":"en-US"},{"@type":["Organization","Place","SportingGoodsStore"],"@id":"https:\/\/bolting.eu\/en\/#organization","name":"bolting.eu","url":"https:\/\/bolting.eu\/en\/","logo":{"@id":"https:\/\/bolting.eu\/en\/shop\/camp-photon-express\/#local-main-organization-logo"},"image":{"@id":"https:\/\/bolting.eu\/en\/shop\/camp-photon-express\/#local-main-organization-logo"},"sameAs":["https:\/\/www.facebook.com\/bolting.eu","https:\/\/www.instagram.com\/bolting.eu\/"],"address":{"@id":"https:\/\/bolting.eu\/en\/shop\/camp-photon-express\/#local-main-place-address"},"geo":{"@type":"GeoCoordinates","latitude":"47.264176340396226","longitude":"11.380109057672346"},"telephone":["+43 699 19083372"],"openingHoursSpecification":[{"@type":"OpeningHoursSpecification","dayOfWeek":["Monday","Wednesday","Friday"],"opens":"14:00","closes":"18:00"},{"@type":"OpeningHoursSpecification","dayOfWeek":["Tuesday","Thursday","Saturday","Sunday"],"opens":"00:00","closes":"00:00"}],"email":"office@bolting.eu","vatID":"ATU59999728","priceRange":"$$","currenciesAccepted":"Euro"},{"@type":"PostalAddress","@id":"https:\/\/bolting.eu\/en\/shop\/camp-photon-express\/#local-main-place-address","streetAddress":"Fischnalerstra\u00dfe 4","addressLocality":"Innsbruck","postalCode":"6020","addressRegion":"Tirol","addressCountry":"AT"},{"@type":"ImageObject","inLanguage":"en-US","@id":"https:\/\/bolting.eu\/en\/shop\/camp-photon-express\/#local-main-organization-logo","url":"https:\/\/bolting.eu\/wp-content\/uploads\/2019\/09\/bolting-logo.png","contentUrl":"https:\/\/bolting.eu\/wp-content\/uploads\/2019\/09\/bolting-logo.png","width":400,"height":211,"caption":"bolting.eu"}]},"og_availability":"instock","product_availability":"instock","product_condition":"new","geo.placename":"Innsbruck","geo.position":{"lat":"47.264176340396226","long":"11.380109057672346"},"geo.region":"Austria"},"_links":{"self":[{"href":"https:\/\/bolting.eu\/en\/wp-json\/wp\/v2\/product\/9664","targetHints":{"allow":["GET"]}}],"collection":[{"href":"https:\/\/bolting.eu\/en\/wp-json\/wp\/v2\/product"}],"about":[{"href":"https:\/\/bolting.eu\/en\/wp-json\/wp\/v2\/types\/product"}],"replies":[{"embeddable":true,"href":"https:\/\/bolting.eu\/en\/wp-json\/wp\/v2\/comments?post=9664"}],"wp:featuredmedia":[{"embeddable":true,"href":"https:\/\/bolting.eu\/en\/wp-json\/wp\/v2\/media\/9670"}],"wp:attachment":[{"href":"https:\/\/bolting.eu\/en\/wp-json\/wp\/v2\/media?parent=9664"}],"wp:term":[{"taxonomy":"product_brand","embeddable":true,"href":"https:\/\/bolting.eu\/en\/wp-json\/wp\/v2\/product_brand?post=9664"},{"taxonomy":"product_cat","embeddable":true,"href":"https:\/\/bolting.eu\/en\/wp-json\/wp\/v2\/product_cat?post=9664"},{"taxonomy":"product_tag","embeddable":true,"href":"https:\/\/bolting.eu\/en\/wp-json\/wp\/v2\/product_tag?post=9664"}],"curies":[{"name":"wp","href":"https:\/\/api.w.org\/{rel}","templated":true}]}}