{"id":9619,"date":"2021-08-25T11:25:41","date_gmt":"2021-08-25T09:25:41","guid":{"rendered":"https:\/\/bolting.eu\/?post_type=product&#038;p=9619"},"modified":"2025-07-07T14:06:44","modified_gmt":"2025-07-07T12:06:44","slug":"stubai-rotafix-mini-seilrolle","status":"publish","type":"product","link":"https:\/\/bolting.eu\/en\/shop\/stubai-rotafix-mini-seilrolle\/","title":{"rendered":"Stubai Rotafix Mini Seilrolle"},"content":{"rendered":"<p>Die Stubai Rotafix Mini Seilrolle ist ein treuer Begleiter in vielen Situationen. Wie z.B. bei der Spaltenbergung, dem Bau eines Flaschenzuges oder bei H\u00f6henarbeiten.<\/p>\n<p>Denn diese <a href=\"https:\/\/bolting.eu\/produkt-kategorie\/kletterausruestung\/seilrollen\/\">Seilrolle<\/a> ist mit 80 Gramm sehr leicht. Zudem hat sie fixe Seitenplatten und ist somit leicht zu bedienen. Die Rolle selbst fasst Seile bis 12mm und ist mit einem Stahl Kugellager versehen. Dies garantiert einen Hohen Effizienzgrad von 80%.<\/p>\n<p>Kurzum. Wer eine kleine und leichte Seilrolle f\u00fcr vielerlei sporadische Anwendungen sucht, der ist hier richtig!<\/p>\n<h2>Eigenschaften Stubai Rotafix Mini Seilrolle<\/h2>\n<ul>\n<li>Hersteller: <a href=\"https:\/\/bolting.eu\/produkt-kategorie\/stubai-bergsport\/\">Stubai Bergsport<\/a><\/li>\n<li>Material: Stahl<\/li>\n<li>Gewicht: 80 Gramm<\/li>\n<li>gleitgelagert<\/li>\n<li>Rolle auch aus Stahl<\/li>\n<li>Effizienzgrad 80%<\/li>\n<li>fixe Seitenplatten<\/li>\n<li>f\u00fcr Seile bis 12mm<\/li>\n<li>passende <a href=\"https:\/\/bolting.eu\/produkt-kategorie\/kletterausruestung\/kletterkarabiner\/\">Karabiner<\/a>: <a href=\"https:\/\/bolting.eu\/shop\/petzl-ok-screw-lock\/\">Petzl OK Screw Lock<\/a><\/li>\n<\/ul>\n<h3>Kleiner, leichter Helfer<\/h3>\n<p>Wie eingangs bereits erw\u00e4hnt. Die Stubai Rotafix Mini Seilrolle ist mit 80 Gram ein echtes Leichtgewicht. Zudem f\u00e4llt die Gr\u00f6\u00dfe sehr klein aus. D.h. das Packma\u00df ist ideal um sie z.B. mit auf eine Gletschertour zu nehmen.<\/p>\n<p>Des weiteren kann man f\u00fcr diverse Flaschenz\u00fcge auch gerne zwei oder drei St\u00fcck einpacken. Sie fallen sprichw\u00f6rtlich nicht derart ins Gewicht.<\/p>\n<h3>Anwendungsgebiete Stubai Rotafix Mini Seilrolle<\/h3>\n<ul>\n<li>Partner &#8211; Spaltenbergung<\/li>\n<li>Flaschenz\u00fcge<\/li>\n<li>H\u00f6henarbeiten<\/li>\n<li>Materialtransporte \u00fcber Fixseile<\/li>\n<li>kurze Seilrutschen<\/li>\n<li>usw&#8230;<\/li>\n<\/ul>\n<h3>Wartung Seilrolle<\/h3>\n<p>Diese Rolle sollte man ab und zu mit lauwarmen Wasser absp\u00fclen. Zudem kann die Rolle fest in in die Hand &#8220;schlagen&#8221; um feinen Schmutz durch die Tr\u00e4gheit heraus zu bekommen.<\/p>\n<p>Ge\u00f6lt muss die Rolle nicht werden.<\/p>\n<p>Beachtet: Wer regelm\u00e4\u00dfig sehr schwerere Lasten mit dieser kleinen Rolle transportiert, muss mit einer verminderten Lebensdauer rechnen. Denn die Gleitlager sind auf kleinere Lasten um die 120kg ausgelegt. Deshalb regelm\u00e4\u00dfig die Funktionst\u00fcchtigkeit kontrollieren.<\/p>\n<h3>Stubai Rotafix Mini Seilrolle f\u00fcr Seile bis 12mm<\/h3>\n<p>Extrem praktisch ist der hohe Durchmesser von verwendbaren Seilen. Denn dieser geht bis 12mm. D.h. man kann bei H\u00f6henarbeiten oder Seilrutschen auch sehr starke Statikseile verwenden.<\/p>\n<p>Dar\u00fcber hinaus funktioniert diese Seilrolle auch bei Drahtseilen bis zu diesem Durchmesser. Es ist dann aber mit mehr Abrieb an der Rolle zu rechnen.<\/p>\n","protected":false},"excerpt":{"rendered":"<p>Kleine Seilrolle mit Gleitlager f\u00fcr kleinere Lasten bis 120kg.<\/p>\n<p>Die Seitenteile sind starr, f\u00fcr die Einh\u00e4nge\u00f6se empfehlen wir einen ovalen Karabiner.<\/p>\n<p>Versandkostenfrei bis 2kg in\u00a0<img decoding=\"async\" class=\"emoji\" role=\"img\" draggable=\"false\" src=\"https:\/\/s.w.org\/images\/core\/emoji\/14.0.0\/svg\/1f1e6-1f1f9.svg\" alt=\"\ud83c\udde6\ud83c\uddf9\" \/>\u00a0ab \u20ac 100,- und\u00a0<img decoding=\"async\" class=\"emoji\" role=\"img\" draggable=\"false\" src=\"https:\/\/s.w.org\/images\/core\/emoji\/14.0.0\/svg\/1f1e9-1f1ea.svg\" alt=\"\ud83c\udde9\ud83c\uddea\" \/>\u00a0ab \u20ac 200,-!<\/p>\n","protected":false},"featured_media":9621,"comment_status":"open","ping_status":"closed","template":"","meta":[],"product_brand":[],"product_cat":[29,4586,4650],"product_tag":[],"class_list":{"0":"post-9619","1":"product","2":"type-product","3":"status-publish","4":"has-post-thumbnail","6":"product_cat-kletterausruestung","7":"product_cat-seilrollen","8":"product_cat-stubai-bergsport","10":"first","11":"outofstock","12":"taxable","13":"shipping-taxable","14":"purchasable","15":"product-type-simple"},"yoast_head":"<!-- This site is optimized with the Yoast SEO Premium plugin v26.9 (Yoast SEO v26.9) - https:\/\/yoast.com\/product\/yoast-seo-premium-wordpress\/ -->\n<title>Stubai Rotafix Mini Seilrolle | bolting.eu<\/title>\n<meta name=\"description\" content=\"Stubai Rotafix Mini Seilrolle beim Kletterprofi kaufen \u2705 Trusted Shop \u2705 kostenloser Versand* \u2705 14 Tage R\u00fcckgaberecht \u2705 Co2 neutrale Zustellung\" \/>\n<meta name=\"robots\" content=\"index, follow, max-snippet:-1, max-image-preview:large, max-video-preview:-1\" \/>\n<link rel=\"canonical\" href=\"https:\/\/bolting.eu\/en\/shop\/stubai-rotafix-mini-seilrolle\/\" \/>\n<meta property=\"og:locale\" content=\"en_US\" \/>\n<meta property=\"og:type\" content=\"article\" \/>\n<meta property=\"og:title\" content=\"Stubai Rotafix Mini Seilrolle\" \/>\n<meta property=\"og:description\" content=\"Stubai Rotafix Mini Seilrolle beim Kletterprofi kaufen \u2705 Trusted Shop \u2705 kostenloser Versand* \u2705 14 Tage R\u00fcckgaberecht \u2705 Co2 neutrale Zustellung\" \/>\n<meta property=\"og:url\" content=\"https:\/\/bolting.eu\/en\/shop\/stubai-rotafix-mini-seilrolle\/\" \/>\n<meta property=\"og:site_name\" content=\"bolting.eu\" \/>\n<meta property=\"article:publisher\" content=\"https:\/\/www.facebook.com\/bolting.eu\" \/>\n<meta property=\"article:modified_time\" content=\"2025-07-07T12:06:44+00:00\" \/>\n<meta property=\"og:image\" content=\"https:\/\/bolting.eu\/wp-content\/uploads\/2021\/08\/Mini-Seilrolle-Stubai-Rotafix-1.jpg\" \/>\n\t<meta property=\"og:image:width\" content=\"700\" \/>\n\t<meta property=\"og:image:height\" content=\"700\" \/>\n\t<meta property=\"og:image:type\" content=\"image\/jpeg\" \/>\n<meta name=\"twitter:card\" content=\"summary_large_image\" \/>\n<meta name=\"twitter:label1\" content=\"Price\" \/>\n\t<meta name=\"twitter:data1\" content=\"&euro;&nbsp;13,90\" \/>\n\t<meta name=\"twitter:label2\" content=\"Availability\" \/>\n\t<meta name=\"twitter:data2\" content=\"Out of stock\" \/>\n<script type=\"application\/ld+json\" class=\"yoast-schema-graph\">{\"@context\":\"https:\/\/schema.org\",\"@graph\":[{\"@type\":[\"WebPage\",\"ItemPage\"],\"@id\":\"https:\/\/bolting.eu\/en\/shop\/stubai-rotafix-mini-seilrolle\/\",\"url\":\"https:\/\/bolting.eu\/en\/shop\/stubai-rotafix-mini-seilrolle\/\",\"name\":\"Stubai Rotafix Mini Seilrolle | bolting.eu\",\"isPartOf\":{\"@id\":\"https:\/\/bolting.eu\/en\/#website\"},\"primaryImageOfPage\":{\"@id\":\"https:\/\/bolting.eu\/en\/shop\/stubai-rotafix-mini-seilrolle\/#primaryimage\"},\"image\":{\"@id\":\"https:\/\/bolting.eu\/en\/shop\/stubai-rotafix-mini-seilrolle\/#primaryimage\"},\"thumbnailUrl\":\"https:\/\/bolting.eu\/wp-content\/uploads\/2021\/08\/Mini-Seilrolle-Stubai-Rotafix-1.jpg\",\"datePublished\":\"2021-08-25T09:25:41+00:00\",\"dateModified\":\"2025-07-07T12:06:44+00:00\",\"description\":\"Stubai Rotafix Mini Seilrolle beim Kletterprofi kaufen \u2705 Trusted Shop \u2705 kostenloser Versand* \u2705 14 Tage R\u00fcckgaberecht \u2705 Co2 neutrale Zustellung\",\"breadcrumb\":{\"@id\":\"https:\/\/bolting.eu\/en\/shop\/stubai-rotafix-mini-seilrolle\/#breadcrumb\"},\"inLanguage\":\"en-US\",\"potentialAction\":[{\"@type\":\"ReadAction\",\"target\":[\"https:\/\/bolting.eu\/en\/shop\/stubai-rotafix-mini-seilrolle\/\"]}]},{\"@type\":\"ImageObject\",\"inLanguage\":\"en-US\",\"@id\":\"https:\/\/bolting.eu\/en\/shop\/stubai-rotafix-mini-seilrolle\/#primaryimage\",\"url\":\"https:\/\/bolting.eu\/wp-content\/uploads\/2021\/08\/Mini-Seilrolle-Stubai-Rotafix-1.jpg\",\"contentUrl\":\"https:\/\/bolting.eu\/wp-content\/uploads\/2021\/08\/Mini-Seilrolle-Stubai-Rotafix-1.jpg\",\"width\":700,\"height\":700,\"caption\":\"Das Bild zeigt eine rote Mini Seilrolle Stubai Rotafix mit silberner Rolle. Die Karabiner\u00f6se steht nach oben.\"},{\"@type\":\"BreadcrumbList\",\"@id\":\"https:\/\/bolting.eu\/en\/shop\/stubai-rotafix-mini-seilrolle\/#breadcrumb\",\"itemListElement\":[{\"@type\":\"ListItem\",\"position\":1,\"name\":\"Shop\",\"item\":\"https:\/\/bolting.eu\/en\/shop\/\"},{\"@type\":\"ListItem\",\"position\":2,\"name\":\"climbing equipment\",\"item\":\"https:\/\/bolting.eu\/en\/produkt-kategorie\/climbing-equipment\/\"},{\"@type\":\"ListItem\",\"position\":3,\"name\":\"Seilrollen\",\"item\":\"https:\/\/bolting.eu\/produkt-kategorie\/kletterausruestung\/seilrollen\/\"},{\"@type\":\"ListItem\",\"position\":4,\"name\":\"Stubai Rotafix Mini Seilrolle\"}]},{\"@type\":\"WebSite\",\"@id\":\"https:\/\/bolting.eu\/en\/#website\",\"url\":\"https:\/\/bolting.eu\/en\/\",\"name\":\"bolting.eu\",\"description\":\"we make climbs happen\",\"publisher\":{\"@id\":\"https:\/\/bolting.eu\/en\/#organization\"},\"potentialAction\":[{\"@type\":\"SearchAction\",\"target\":{\"@type\":\"EntryPoint\",\"urlTemplate\":\"https:\/\/bolting.eu\/en\/?s={search_term_string}\"},\"query-input\":{\"@type\":\"PropertyValueSpecification\",\"valueRequired\":true,\"valueName\":\"search_term_string\"}}],\"inLanguage\":\"en-US\"},{\"@type\":[\"Organization\",\"Place\",\"SportingGoodsStore\"],\"@id\":\"https:\/\/bolting.eu\/en\/#organization\",\"name\":\"bolting.eu\",\"url\":\"https:\/\/bolting.eu\/en\/\",\"logo\":{\"@id\":\"https:\/\/bolting.eu\/en\/shop\/stubai-rotafix-mini-seilrolle\/#local-main-organization-logo\"},\"image\":{\"@id\":\"https:\/\/bolting.eu\/en\/shop\/stubai-rotafix-mini-seilrolle\/#local-main-organization-logo\"},\"sameAs\":[\"https:\/\/www.facebook.com\/bolting.eu\",\"https:\/\/www.instagram.com\/bolting.eu\/\"],\"address\":{\"@id\":\"https:\/\/bolting.eu\/en\/shop\/stubai-rotafix-mini-seilrolle\/#local-main-place-address\"},\"geo\":{\"@type\":\"GeoCoordinates\",\"latitude\":\"47.264176340396226\",\"longitude\":\"11.380109057672346\"},\"telephone\":[\"+43 699 19083372\"],\"openingHoursSpecification\":[{\"@type\":\"OpeningHoursSpecification\",\"dayOfWeek\":[\"Monday\",\"Wednesday\",\"Friday\"],\"opens\":\"14:00\",\"closes\":\"18:00\"},{\"@type\":\"OpeningHoursSpecification\",\"dayOfWeek\":[\"Tuesday\",\"Thursday\",\"Saturday\",\"Sunday\"],\"opens\":\"00:00\",\"closes\":\"00:00\"}],\"email\":\"office@bolting.eu\",\"vatID\":\"ATU59999728\",\"priceRange\":\"$$\",\"currenciesAccepted\":\"Euro\"},{\"@type\":\"PostalAddress\",\"@id\":\"https:\/\/bolting.eu\/en\/shop\/stubai-rotafix-mini-seilrolle\/#local-main-place-address\",\"streetAddress\":\"Fischnalerstra\u00dfe 4\",\"addressLocality\":\"Innsbruck\",\"postalCode\":\"6020\",\"addressRegion\":\"Tirol\",\"addressCountry\":\"AT\"},{\"@type\":\"ImageObject\",\"inLanguage\":\"en-US\",\"@id\":\"https:\/\/bolting.eu\/en\/shop\/stubai-rotafix-mini-seilrolle\/#local-main-organization-logo\",\"url\":\"https:\/\/bolting.eu\/wp-content\/uploads\/2019\/09\/bolting-logo.png\",\"contentUrl\":\"https:\/\/bolting.eu\/wp-content\/uploads\/2019\/09\/bolting-logo.png\",\"width\":400,\"height\":211,\"caption\":\"bolting.eu\"}]}<\/script>\n<meta property=\"product:price:amount\" content=\"13.90\" \/>\n<meta property=\"product:price:currency\" content=\"EUR\" \/>\n<meta property=\"og:availability\" content=\"out of stock\" \/>\n<meta property=\"product:availability\" content=\"out of stock\" \/>\n<meta property=\"product:retailer_item_id\" content=\"892200\" \/>\n<meta property=\"product:condition\" content=\"new\" \/>\n<meta name=\"geo.placename\" content=\"Innsbruck\" \/>\n<meta name=\"geo.position\" content=\"47.264176340396226;11.380109057672346\" \/>\n<meta name=\"geo.region\" content=\"Austria\" \/>\n<!-- \/ Yoast SEO Premium plugin. -->","yoast_head_json":{"title":"Stubai Rotafix Mini Seilrolle | bolting.eu","description":"Stubai Rotafix Mini Seilrolle beim Kletterprofi kaufen \u2705 Trusted Shop \u2705 kostenloser Versand* \u2705 14 Tage R\u00fcckgaberecht \u2705 Co2 neutrale Zustellung","robots":{"index":"index","follow":"follow","max-snippet":"max-snippet:-1","max-image-preview":"max-image-preview:large","max-video-preview":"max-video-preview:-1"},"canonical":"https:\/\/bolting.eu\/en\/shop\/stubai-rotafix-mini-seilrolle\/","og_locale":"en_US","og_type":"article","og_title":"Stubai Rotafix Mini Seilrolle","og_description":"Stubai Rotafix Mini Seilrolle beim Kletterprofi kaufen \u2705 Trusted Shop \u2705 kostenloser Versand* \u2705 14 Tage R\u00fcckgaberecht \u2705 Co2 neutrale Zustellung","og_url":"https:\/\/bolting.eu\/en\/shop\/stubai-rotafix-mini-seilrolle\/","og_site_name":"bolting.eu","article_publisher":"https:\/\/www.facebook.com\/bolting.eu","article_modified_time":"2025-07-07T12:06:44+00:00","og_image":[{"width":700,"height":700,"url":"https:\/\/bolting.eu\/wp-content\/uploads\/2021\/08\/Mini-Seilrolle-Stubai-Rotafix-1.jpg","type":"image\/jpeg"}],"twitter_card":"summary_large_image","twitter_misc":{"Price":"&euro;&nbsp;13,90","Availability":"Out of stock"},"schema":{"@context":"https:\/\/schema.org","@graph":[{"@type":["WebPage","ItemPage"],"@id":"https:\/\/bolting.eu\/en\/shop\/stubai-rotafix-mini-seilrolle\/","url":"https:\/\/bolting.eu\/en\/shop\/stubai-rotafix-mini-seilrolle\/","name":"Stubai Rotafix Mini Seilrolle | bolting.eu","isPartOf":{"@id":"https:\/\/bolting.eu\/en\/#website"},"primaryImageOfPage":{"@id":"https:\/\/bolting.eu\/en\/shop\/stubai-rotafix-mini-seilrolle\/#primaryimage"},"image":{"@id":"https:\/\/bolting.eu\/en\/shop\/stubai-rotafix-mini-seilrolle\/#primaryimage"},"thumbnailUrl":"https:\/\/bolting.eu\/wp-content\/uploads\/2021\/08\/Mini-Seilrolle-Stubai-Rotafix-1.jpg","datePublished":"2021-08-25T09:25:41+00:00","dateModified":"2025-07-07T12:06:44+00:00","description":"Stubai Rotafix Mini Seilrolle beim Kletterprofi kaufen \u2705 Trusted Shop \u2705 kostenloser Versand* \u2705 14 Tage R\u00fcckgaberecht \u2705 Co2 neutrale Zustellung","breadcrumb":{"@id":"https:\/\/bolting.eu\/en\/shop\/stubai-rotafix-mini-seilrolle\/#breadcrumb"},"inLanguage":"en-US","potentialAction":[{"@type":"ReadAction","target":["https:\/\/bolting.eu\/en\/shop\/stubai-rotafix-mini-seilrolle\/"]}]},{"@type":"ImageObject","inLanguage":"en-US","@id":"https:\/\/bolting.eu\/en\/shop\/stubai-rotafix-mini-seilrolle\/#primaryimage","url":"https:\/\/bolting.eu\/wp-content\/uploads\/2021\/08\/Mini-Seilrolle-Stubai-Rotafix-1.jpg","contentUrl":"https:\/\/bolting.eu\/wp-content\/uploads\/2021\/08\/Mini-Seilrolle-Stubai-Rotafix-1.jpg","width":700,"height":700,"caption":"Das Bild zeigt eine rote Mini Seilrolle Stubai Rotafix mit silberner Rolle. Die Karabiner\u00f6se steht nach oben."},{"@type":"BreadcrumbList","@id":"https:\/\/bolting.eu\/en\/shop\/stubai-rotafix-mini-seilrolle\/#breadcrumb","itemListElement":[{"@type":"ListItem","position":1,"name":"Shop","item":"https:\/\/bolting.eu\/en\/shop\/"},{"@type":"ListItem","position":2,"name":"climbing equipment","item":"https:\/\/bolting.eu\/en\/produkt-kategorie\/climbing-equipment\/"},{"@type":"ListItem","position":3,"name":"Seilrollen","item":"https:\/\/bolting.eu\/produkt-kategorie\/kletterausruestung\/seilrollen\/"},{"@type":"ListItem","position":4,"name":"Stubai Rotafix Mini Seilrolle"}]},{"@type":"WebSite","@id":"https:\/\/bolting.eu\/en\/#website","url":"https:\/\/bolting.eu\/en\/","name":"bolting.eu","description":"we make climbs happen","publisher":{"@id":"https:\/\/bolting.eu\/en\/#organization"},"potentialAction":[{"@type":"SearchAction","target":{"@type":"EntryPoint","urlTemplate":"https:\/\/bolting.eu\/en\/?s={search_term_string}"},"query-input":{"@type":"PropertyValueSpecification","valueRequired":true,"valueName":"search_term_string"}}],"inLanguage":"en-US"},{"@type":["Organization","Place","SportingGoodsStore"],"@id":"https:\/\/bolting.eu\/en\/#organization","name":"bolting.eu","url":"https:\/\/bolting.eu\/en\/","logo":{"@id":"https:\/\/bolting.eu\/en\/shop\/stubai-rotafix-mini-seilrolle\/#local-main-organization-logo"},"image":{"@id":"https:\/\/bolting.eu\/en\/shop\/stubai-rotafix-mini-seilrolle\/#local-main-organization-logo"},"sameAs":["https:\/\/www.facebook.com\/bolting.eu","https:\/\/www.instagram.com\/bolting.eu\/"],"address":{"@id":"https:\/\/bolting.eu\/en\/shop\/stubai-rotafix-mini-seilrolle\/#local-main-place-address"},"geo":{"@type":"GeoCoordinates","latitude":"47.264176340396226","longitude":"11.380109057672346"},"telephone":["+43 699 19083372"],"openingHoursSpecification":[{"@type":"OpeningHoursSpecification","dayOfWeek":["Monday","Wednesday","Friday"],"opens":"14:00","closes":"18:00"},{"@type":"OpeningHoursSpecification","dayOfWeek":["Tuesday","Thursday","Saturday","Sunday"],"opens":"00:00","closes":"00:00"}],"email":"office@bolting.eu","vatID":"ATU59999728","priceRange":"$$","currenciesAccepted":"Euro"},{"@type":"PostalAddress","@id":"https:\/\/bolting.eu\/en\/shop\/stubai-rotafix-mini-seilrolle\/#local-main-place-address","streetAddress":"Fischnalerstra\u00dfe 4","addressLocality":"Innsbruck","postalCode":"6020","addressRegion":"Tirol","addressCountry":"AT"},{"@type":"ImageObject","inLanguage":"en-US","@id":"https:\/\/bolting.eu\/en\/shop\/stubai-rotafix-mini-seilrolle\/#local-main-organization-logo","url":"https:\/\/bolting.eu\/wp-content\/uploads\/2019\/09\/bolting-logo.png","contentUrl":"https:\/\/bolting.eu\/wp-content\/uploads\/2019\/09\/bolting-logo.png","width":400,"height":211,"caption":"bolting.eu"}]},"product_price_amount":"13.90","product_price_currency":"EUR","og_availability":"out of stock","product_availability":"out of stock","product_retailer_item_id":"892200","product_condition":"new","geo.placename":"Innsbruck","geo.position":{"lat":"47.264176340396226","long":"11.380109057672346"},"geo.region":"Austria"},"_links":{"self":[{"href":"https:\/\/bolting.eu\/en\/wp-json\/wp\/v2\/product\/9619","targetHints":{"allow":["GET"]}}],"collection":[{"href":"https:\/\/bolting.eu\/en\/wp-json\/wp\/v2\/product"}],"about":[{"href":"https:\/\/bolting.eu\/en\/wp-json\/wp\/v2\/types\/product"}],"replies":[{"embeddable":true,"href":"https:\/\/bolting.eu\/en\/wp-json\/wp\/v2\/comments?post=9619"}],"wp:featuredmedia":[{"embeddable":true,"href":"https:\/\/bolting.eu\/en\/wp-json\/wp\/v2\/media\/9621"}],"wp:attachment":[{"href":"https:\/\/bolting.eu\/en\/wp-json\/wp\/v2\/media?parent=9619"}],"wp:term":[{"taxonomy":"product_brand","embeddable":true,"href":"https:\/\/bolting.eu\/en\/wp-json\/wp\/v2\/product_brand?post=9619"},{"taxonomy":"product_cat","embeddable":true,"href":"https:\/\/bolting.eu\/en\/wp-json\/wp\/v2\/product_cat?post=9619"},{"taxonomy":"product_tag","embeddable":true,"href":"https:\/\/bolting.eu\/en\/wp-json\/wp\/v2\/product_tag?post=9619"}],"curies":[{"name":"wp","href":"https:\/\/api.w.org\/{rel}","templated":true}]}}