{"id":9594,"date":"2021-08-23T08:45:09","date_gmt":"2021-08-23T06:45:09","guid":{"rendered":"https:\/\/bolting.eu\/?post_type=product&#038;p=9594"},"modified":"2024-02-21T09:45:06","modified_gmt":"2024-02-21T08:45:06","slug":"edelrid-salathe-kletterhelm","status":"publish","type":"product","link":"https:\/\/bolting.eu\/en\/shop\/edelrid-salathe-kletterhelm\/","title":{"rendered":"Edelrid Salathe Kletterhelm"},"content":{"rendered":"<p>Der Edelrid Salathe ist ein ultraleichter Hybrid Kletterhelm. D.h. er ist eine Mischung aus Hartschalenhelm und In-Mold Bauweise. So erreicht dieser Edelrid Helm ein erstaunlich geringes Gewicht von gerade einmal 210 Gramm.<\/p>\n<p>Erreicht wird dieses Gewicht durch zwei Dinge. Erstens die verwendeten Materialien. Und zweitens durch die Reduktion der Bestandteile des Salathe auf ihre wesentlichsten Funktionen. Einerseits Steinschlagschutz durch die partielle Polycarbonat H\u00fclle (ABS) oben und stirnseitig. Und andererseits Aufprallschutz seitlich und im Nackenbereich.<\/p>\n<p>Fazit. Wer einen ultraleichten Helm f\u00fcr anspruchsvolle und lange Routen sucht ist hier richtig. Ein Helm wie dieser sollte in keiner alpinen <a href=\"https:\/\/bolting.eu\/kletterausruestung\/\">Kletterausr\u00fcstung<\/a> fehlen!<\/p>\n<h2>Eigenschaften Edelrid Salathe Kletterhelm<\/h2>\n<ul>\n<li>Hersteller: <a href=\"https:\/\/bolting.eu\/produkt-kategorie\/edelrid\/\">Edelrid<\/a><\/li>\n<li>Material: Hartschale = ABS, In-Mold Teil = EPP Schaum<\/li>\n<li>Gewicht: 210 Gramm<\/li>\n<li>Gr\u00f6\u00dfe 1 = 50-58 cm, Gr\u00f6\u00dfe 2 = 52-62 cm<\/li>\n<li>ultraleichter Helm f\u00fcr lange, anspruchsvolle Routen<\/li>\n<li>Normen: EN 12492<\/li>\n<li>minimalistisches Verstellsystem<\/li>\n<li>geringstes Packma\u00df<\/li>\n<li>Stirnlampenbefestigung<\/li>\n<li>gro\u00dfe L\u00fcftungsschlitze<\/li>\n<li>herausnehmbare, waschbare Polsterung<\/li>\n<li><a href=\"https:\/\/media.edelrid.de\/images\/attribut\/54514_GAL_Helme_ANSICHT.pdf\" target=\"_blank\" rel=\"noopener\">Gebrauchsanleitung<\/a><\/li>\n<\/ul>\n<h3>Das Beste von zwei Helmtypen!<\/h3>\n<p>Der Edelrid Salathe vereint die besten Eigenschaften von zwei Helm Typen. N\u00e4mlich erstens den Hartschalen &#8211; Helmen. Denn diese bieten extrem guten Schutz bei herabfallenden Objekten wie Steinen. Und zweitens den In-Mold Helmen. Hierbei ist vor allem der Schutz bei einem seitlichen Aufprall bzw. Kopf-\u00fcber Sturz sehr hoch. Dies macht dieses Modell zu einem vollwertigen, hochwertigen Helm!<\/p>\n<h3>Edelrid Salathe = geringstes Gewicht<\/h3>\n<p>Was vor einigen Jahren noch undenkbar war, wird mit diesem Helm Realit\u00e4t. N\u00e4mlich ein Kletterhelm mit nur 210 Gramm Gewicht.<\/p>\n<p>Dabei stellen sich zwei Fragen. Erstens. Wie geht das?<\/p>\n<p>M\u00f6glich ist das durch die neuartigen Materialien. Zum einen die neuen, sehr leichten Polycarbonate. Beim Salathe w\u00e4re das das sogenannte &#8220;ABS&#8221; Material. Und zum anderen der EPP Schaumstoff. D.h. &#8220;expandierendes Polypropylen&#8221;.<\/p>\n<p>Dar\u00fcber hinaus wurde das Verstellsystem auf ein minimalistisches Ma\u00df reduziert. Somit ergibt sich bei allen Komponenten eine Gewichtsersparnis und in Summe dieses unglaubliche geringe Gewicht.<\/p>\n<h3>EN 12492 zertifiziert<\/h3>\n<p>Der Edelrid Salathe Kletterhelm besitzt eine volle EN Zertifizierung. D.h. trotz des extrem geringen Gewichts wurden die hohen Anforderungen vollst\u00e4ndig erf\u00fcllt.<\/p>\n<p>Auch wenn dieser Helm komplett auf &#8220;Speed&#8221; ausgerichtet ist. Bei der Sicherheit muss man keine Konzessionen machen!<\/p>\n<h4><strong>Produktvideo<\/strong><\/h4>\n<p>Im Folgenden stellen wir das Produktvideo des Edelrid Salathe vor. Es hei\u00dft ja: &#8220;Ein Bild sagt mehr als 1.000 Worte&#8221;. Somit hoffen wir ihr bekommt einen super Eindruck und k\u00f6nnt eure Kaufentscheidung besser f\u00e4llen.<\/p>\n<p><iframe loading=\"lazy\" title=\"YouTube video player\" src=\"https:\/\/www.youtube.com\/embed\/52mKApGCrDE\" width=\"75%\" height=\"450\" frameborder=\"0\" allowfullscreen=\"allowfullscreen\"><span data-mce-type=\"bookmark\" style=\"display: inline-block; width: 0px; overflow: hidden; line-height: 0;\" class=\"mce_SELRES_start\">\ufeff<\/span><\/iframe><\/p>\n","protected":false},"excerpt":{"rendered":"<ul>\n<li>Material: Hartschale = ABS, In-Mold Teil = EPP Schaum<\/li>\n<li>Gewicht: 210 Gramm<\/li>\n<li>Gr\u00f6\u00dfe 1 = 50-58 cm, Gr\u00f6\u00dfe 2 = 52-62 cm<\/li>\n<li>ultraleichter Helm f\u00fcr lange, anspruchsvolle Routen<\/li>\n<li>Normen: EN 12492<\/li>\n<li>minimalistisches Verstellsystem<\/li>\n<li>geringstes Packma\u00df<\/li>\n<li>Stirnlampenbefestigung<\/li>\n<li>gro\u00dfe L\u00fcftungsschlitze<\/li>\n<\/ul>\n","protected":false},"featured_media":9597,"comment_status":"open","ping_status":"closed","template":"","meta":[],"product_brand":[],"product_cat":[6755,6757,6758,29,4655],"product_tag":[],"class_list":{"0":"post-9594","1":"product","2":"type-product","3":"status-publish","4":"has-post-thumbnail","6":"product_cat-kletterhelme","7":"product_cat-kletterhelm-damen","8":"product_cat-kletterhelm-herren","9":"product_cat-kletterausruestung","10":"product_cat-edelrid","12":"first","13":"instock","14":"sale","15":"taxable","16":"shipping-taxable","17":"purchasable","18":"product-type-variable"},"yoast_head":"<!-- This site is optimized with the Yoast SEO Premium plugin v26.9 (Yoast SEO v26.9) - https:\/\/yoast.com\/product\/yoast-seo-premium-wordpress\/ -->\n<title>Edelrid Salathe Kletterhelm - g\u00fcnstig online kaufen | bolting.eu<\/title>\n<meta name=\"description\" content=\"Hier findest Du den ultraleichten EDELRID SALATHE KLETTERHELM mit nur 210 Gramm Gewicht. Perfekt, wenn es um jedes Gramm geht!\" \/>\n<meta name=\"robots\" content=\"index, follow, max-snippet:-1, max-image-preview:large, max-video-preview:-1\" \/>\n<link rel=\"canonical\" href=\"https:\/\/bolting.eu\/en\/shop\/edelrid-salathe-kletterhelm\/\" \/>\n<meta property=\"og:locale\" content=\"en_US\" \/>\n<meta property=\"og:type\" content=\"article\" \/>\n<meta property=\"og:title\" content=\"Edelrid Salathe Kletterhelm\" \/>\n<meta property=\"og:description\" content=\"Hier findest Du den ultraleichten EDELRID SALATHE KLETTERHELM mit nur 210 Gramm Gewicht. Perfekt, wenn es um jedes Gramm geht!\" \/>\n<meta property=\"og:url\" content=\"https:\/\/bolting.eu\/en\/shop\/edelrid-salathe-kletterhelm\/\" \/>\n<meta property=\"og:site_name\" content=\"bolting.eu\" \/>\n<meta property=\"article:publisher\" content=\"https:\/\/www.facebook.com\/bolting.eu\" \/>\n<meta property=\"article:modified_time\" content=\"2024-02-21T08:45:06+00:00\" \/>\n<meta property=\"og:image\" content=\"https:\/\/bolting.eu\/wp-content\/uploads\/2021\/08\/Edelrid-Salathe-Kletterhelm-1.jpg\" \/>\n\t<meta property=\"og:image:width\" content=\"700\" \/>\n\t<meta property=\"og:image:height\" content=\"700\" \/>\n\t<meta property=\"og:image:type\" content=\"image\/jpeg\" \/>\n<meta name=\"twitter:card\" content=\"summary_large_image\" \/>\n<meta name=\"twitter:label1\" content=\"Availability\" \/>\n\t<meta name=\"twitter:data1\" content=\"In stock\" \/>\n<script type=\"application\/ld+json\" class=\"yoast-schema-graph\">{\"@context\":\"https:\/\/schema.org\",\"@graph\":[{\"@type\":[\"WebPage\",\"ItemPage\"],\"@id\":\"https:\/\/bolting.eu\/en\/shop\/edelrid-salathe-kletterhelm\/\",\"url\":\"https:\/\/bolting.eu\/en\/shop\/edelrid-salathe-kletterhelm\/\",\"name\":\"Edelrid Salathe Kletterhelm - g\u00fcnstig online kaufen | bolting.eu\",\"isPartOf\":{\"@id\":\"https:\/\/bolting.eu\/en\/#website\"},\"primaryImageOfPage\":{\"@id\":\"https:\/\/bolting.eu\/en\/shop\/edelrid-salathe-kletterhelm\/#primaryimage\"},\"image\":{\"@id\":\"https:\/\/bolting.eu\/en\/shop\/edelrid-salathe-kletterhelm\/#primaryimage\"},\"thumbnailUrl\":\"https:\/\/bolting.eu\/wp-content\/uploads\/2021\/08\/Edelrid-Salathe-Kletterhelm-1.jpg\",\"datePublished\":\"2021-08-23T06:45:09+00:00\",\"dateModified\":\"2024-02-21T08:45:06+00:00\",\"description\":\"Hier findest Du den ultraleichten EDELRID SALATHE KLETTERHELM mit nur 210 Gramm Gewicht. Perfekt, wenn es um jedes Gramm geht!\",\"breadcrumb\":{\"@id\":\"https:\/\/bolting.eu\/en\/shop\/edelrid-salathe-kletterhelm\/#breadcrumb\"},\"inLanguage\":\"en-US\",\"potentialAction\":[{\"@type\":\"ReadAction\",\"target\":[\"https:\/\/bolting.eu\/en\/shop\/edelrid-salathe-kletterhelm\/\"]}]},{\"@type\":\"ImageObject\",\"inLanguage\":\"en-US\",\"@id\":\"https:\/\/bolting.eu\/en\/shop\/edelrid-salathe-kletterhelm\/#primaryimage\",\"url\":\"https:\/\/bolting.eu\/wp-content\/uploads\/2021\/08\/Edelrid-Salathe-Kletterhelm-1.jpg\",\"contentUrl\":\"https:\/\/bolting.eu\/wp-content\/uploads\/2021\/08\/Edelrid-Salathe-Kletterhelm-1.jpg\",\"width\":700,\"height\":700,\"caption\":\"Das Bild zeigt den schwarz-gr\u00fcn-gelben Edelrid Salathe Kletterhelm. Er steht in Bildmitte eines wei\u00dfen Quadrates mit geschlossenem Kinnriemen.\"},{\"@type\":\"BreadcrumbList\",\"@id\":\"https:\/\/bolting.eu\/en\/shop\/edelrid-salathe-kletterhelm\/#breadcrumb\",\"itemListElement\":[{\"@type\":\"ListItem\",\"position\":1,\"name\":\"Shop\",\"item\":\"https:\/\/bolting.eu\/en\/shop\/\"},{\"@type\":\"ListItem\",\"position\":2,\"name\":\"climbing equipment\",\"item\":\"https:\/\/bolting.eu\/en\/produkt-kategorie\/climbing-equipment\/\"},{\"@type\":\"ListItem\",\"position\":3,\"name\":\"Kletterhelme\",\"item\":\"https:\/\/bolting.eu\/produkt-kategorie\/kletterausruestung\/kletterhelme\/\"},{\"@type\":\"ListItem\",\"position\":4,\"name\":\"Edelrid Salathe Kletterhelm\"}]},{\"@type\":\"WebSite\",\"@id\":\"https:\/\/bolting.eu\/en\/#website\",\"url\":\"https:\/\/bolting.eu\/en\/\",\"name\":\"bolting.eu\",\"description\":\"we make climbs happen\",\"publisher\":{\"@id\":\"https:\/\/bolting.eu\/en\/#organization\"},\"potentialAction\":[{\"@type\":\"SearchAction\",\"target\":{\"@type\":\"EntryPoint\",\"urlTemplate\":\"https:\/\/bolting.eu\/en\/?s={search_term_string}\"},\"query-input\":{\"@type\":\"PropertyValueSpecification\",\"valueRequired\":true,\"valueName\":\"search_term_string\"}}],\"inLanguage\":\"en-US\"},{\"@type\":[\"Organization\",\"Place\",\"SportingGoodsStore\"],\"@id\":\"https:\/\/bolting.eu\/en\/#organization\",\"name\":\"bolting.eu\",\"url\":\"https:\/\/bolting.eu\/en\/\",\"logo\":{\"@id\":\"https:\/\/bolting.eu\/en\/shop\/edelrid-salathe-kletterhelm\/#local-main-organization-logo\"},\"image\":{\"@id\":\"https:\/\/bolting.eu\/en\/shop\/edelrid-salathe-kletterhelm\/#local-main-organization-logo\"},\"sameAs\":[\"https:\/\/www.facebook.com\/bolting.eu\",\"https:\/\/www.instagram.com\/bolting.eu\/\"],\"address\":{\"@id\":\"https:\/\/bolting.eu\/en\/shop\/edelrid-salathe-kletterhelm\/#local-main-place-address\"},\"geo\":{\"@type\":\"GeoCoordinates\",\"latitude\":\"47.264176340396226\",\"longitude\":\"11.380109057672346\"},\"telephone\":[\"+43 699 19083372\"],\"openingHoursSpecification\":[{\"@type\":\"OpeningHoursSpecification\",\"dayOfWeek\":[\"Monday\",\"Wednesday\",\"Friday\"],\"opens\":\"14:00\",\"closes\":\"18:00\"},{\"@type\":\"OpeningHoursSpecification\",\"dayOfWeek\":[\"Tuesday\",\"Thursday\",\"Saturday\",\"Sunday\"],\"opens\":\"00:00\",\"closes\":\"00:00\"}],\"email\":\"office@bolting.eu\",\"vatID\":\"ATU59999728\",\"priceRange\":\"$$\",\"currenciesAccepted\":\"Euro\"},{\"@type\":\"PostalAddress\",\"@id\":\"https:\/\/bolting.eu\/en\/shop\/edelrid-salathe-kletterhelm\/#local-main-place-address\",\"streetAddress\":\"Fischnalerstra\u00dfe 4\",\"addressLocality\":\"Innsbruck\",\"postalCode\":\"6020\",\"addressRegion\":\"Tirol\",\"addressCountry\":\"AT\"},{\"@type\":\"ImageObject\",\"inLanguage\":\"en-US\",\"@id\":\"https:\/\/bolting.eu\/en\/shop\/edelrid-salathe-kletterhelm\/#local-main-organization-logo\",\"url\":\"https:\/\/bolting.eu\/wp-content\/uploads\/2019\/09\/bolting-logo.png\",\"contentUrl\":\"https:\/\/bolting.eu\/wp-content\/uploads\/2019\/09\/bolting-logo.png\",\"width\":400,\"height\":211,\"caption\":\"bolting.eu\"}]}<\/script>\n<meta property=\"og:video\" content=\"https:\/\/www.youtube.com\/embed\/52mKApGCrDE\" \/>\n<meta property=\"og:video:type\" content=\"text\/html\" \/>\n<meta property=\"og:video:duration\" content=\"100\" \/>\n<meta property=\"og:video:width\" content=\"480\" \/>\n<meta property=\"og:video:height\" content=\"270\" \/>\n<meta property=\"ya:ovs:adult\" content=\"false\" \/>\n<meta property=\"ya:ovs:upload_date\" content=\"2021-08-23T06:45:09+00:00\" \/>\n<meta property=\"ya:ovs:allow_embed\" content=\"true\" \/>\n<meta property=\"og:availability\" content=\"instock\" \/>\n<meta property=\"product:availability\" content=\"instock\" \/>\n<meta property=\"product:condition\" content=\"new\" \/>\n<meta name=\"geo.placename\" content=\"Innsbruck\" \/>\n<meta name=\"geo.position\" content=\"47.264176340396226;11.380109057672346\" \/>\n<meta name=\"geo.region\" content=\"Austria\" \/>\n<!-- \/ Yoast SEO Premium plugin. -->","yoast_head_json":{"title":"Edelrid Salathe Kletterhelm - g\u00fcnstig online kaufen | bolting.eu","description":"Hier findest Du den ultraleichten EDELRID SALATHE KLETTERHELM mit nur 210 Gramm Gewicht. Perfekt, wenn es um jedes Gramm geht!","robots":{"index":"index","follow":"follow","max-snippet":"max-snippet:-1","max-image-preview":"max-image-preview:large","max-video-preview":"max-video-preview:-1"},"canonical":"https:\/\/bolting.eu\/en\/shop\/edelrid-salathe-kletterhelm\/","og_locale":"en_US","og_type":"article","og_title":"Edelrid Salathe Kletterhelm","og_description":"Hier findest Du den ultraleichten EDELRID SALATHE KLETTERHELM mit nur 210 Gramm Gewicht. Perfekt, wenn es um jedes Gramm geht!","og_url":"https:\/\/bolting.eu\/en\/shop\/edelrid-salathe-kletterhelm\/","og_site_name":"bolting.eu","article_publisher":"https:\/\/www.facebook.com\/bolting.eu","article_modified_time":"2024-02-21T08:45:06+00:00","og_image":[{"width":700,"height":700,"url":"https:\/\/bolting.eu\/wp-content\/uploads\/2021\/08\/Edelrid-Salathe-Kletterhelm-1.jpg","type":"image\/jpeg"}],"twitter_card":"summary_large_image","twitter_misc":{"Availability":"In stock"},"schema":{"@context":"https:\/\/schema.org","@graph":[{"@type":["WebPage","ItemPage"],"@id":"https:\/\/bolting.eu\/en\/shop\/edelrid-salathe-kletterhelm\/","url":"https:\/\/bolting.eu\/en\/shop\/edelrid-salathe-kletterhelm\/","name":"Edelrid Salathe Kletterhelm - g\u00fcnstig online kaufen | bolting.eu","isPartOf":{"@id":"https:\/\/bolting.eu\/en\/#website"},"primaryImageOfPage":{"@id":"https:\/\/bolting.eu\/en\/shop\/edelrid-salathe-kletterhelm\/#primaryimage"},"image":{"@id":"https:\/\/bolting.eu\/en\/shop\/edelrid-salathe-kletterhelm\/#primaryimage"},"thumbnailUrl":"https:\/\/bolting.eu\/wp-content\/uploads\/2021\/08\/Edelrid-Salathe-Kletterhelm-1.jpg","datePublished":"2021-08-23T06:45:09+00:00","dateModified":"2024-02-21T08:45:06+00:00","description":"Hier findest Du den ultraleichten EDELRID SALATHE KLETTERHELM mit nur 210 Gramm Gewicht. Perfekt, wenn es um jedes Gramm geht!","breadcrumb":{"@id":"https:\/\/bolting.eu\/en\/shop\/edelrid-salathe-kletterhelm\/#breadcrumb"},"inLanguage":"en-US","potentialAction":[{"@type":"ReadAction","target":["https:\/\/bolting.eu\/en\/shop\/edelrid-salathe-kletterhelm\/"]}]},{"@type":"ImageObject","inLanguage":"en-US","@id":"https:\/\/bolting.eu\/en\/shop\/edelrid-salathe-kletterhelm\/#primaryimage","url":"https:\/\/bolting.eu\/wp-content\/uploads\/2021\/08\/Edelrid-Salathe-Kletterhelm-1.jpg","contentUrl":"https:\/\/bolting.eu\/wp-content\/uploads\/2021\/08\/Edelrid-Salathe-Kletterhelm-1.jpg","width":700,"height":700,"caption":"Das Bild zeigt den schwarz-gr\u00fcn-gelben Edelrid Salathe Kletterhelm. Er steht in Bildmitte eines wei\u00dfen Quadrates mit geschlossenem Kinnriemen."},{"@type":"BreadcrumbList","@id":"https:\/\/bolting.eu\/en\/shop\/edelrid-salathe-kletterhelm\/#breadcrumb","itemListElement":[{"@type":"ListItem","position":1,"name":"Shop","item":"https:\/\/bolting.eu\/en\/shop\/"},{"@type":"ListItem","position":2,"name":"climbing equipment","item":"https:\/\/bolting.eu\/en\/produkt-kategorie\/climbing-equipment\/"},{"@type":"ListItem","position":3,"name":"Kletterhelme","item":"https:\/\/bolting.eu\/produkt-kategorie\/kletterausruestung\/kletterhelme\/"},{"@type":"ListItem","position":4,"name":"Edelrid Salathe Kletterhelm"}]},{"@type":"WebSite","@id":"https:\/\/bolting.eu\/en\/#website","url":"https:\/\/bolting.eu\/en\/","name":"bolting.eu","description":"we make climbs happen","publisher":{"@id":"https:\/\/bolting.eu\/en\/#organization"},"potentialAction":[{"@type":"SearchAction","target":{"@type":"EntryPoint","urlTemplate":"https:\/\/bolting.eu\/en\/?s={search_term_string}"},"query-input":{"@type":"PropertyValueSpecification","valueRequired":true,"valueName":"search_term_string"}}],"inLanguage":"en-US"},{"@type":["Organization","Place","SportingGoodsStore"],"@id":"https:\/\/bolting.eu\/en\/#organization","name":"bolting.eu","url":"https:\/\/bolting.eu\/en\/","logo":{"@id":"https:\/\/bolting.eu\/en\/shop\/edelrid-salathe-kletterhelm\/#local-main-organization-logo"},"image":{"@id":"https:\/\/bolting.eu\/en\/shop\/edelrid-salathe-kletterhelm\/#local-main-organization-logo"},"sameAs":["https:\/\/www.facebook.com\/bolting.eu","https:\/\/www.instagram.com\/bolting.eu\/"],"address":{"@id":"https:\/\/bolting.eu\/en\/shop\/edelrid-salathe-kletterhelm\/#local-main-place-address"},"geo":{"@type":"GeoCoordinates","latitude":"47.264176340396226","longitude":"11.380109057672346"},"telephone":["+43 699 19083372"],"openingHoursSpecification":[{"@type":"OpeningHoursSpecification","dayOfWeek":["Monday","Wednesday","Friday"],"opens":"14:00","closes":"18:00"},{"@type":"OpeningHoursSpecification","dayOfWeek":["Tuesday","Thursday","Saturday","Sunday"],"opens":"00:00","closes":"00:00"}],"email":"office@bolting.eu","vatID":"ATU59999728","priceRange":"$$","currenciesAccepted":"Euro"},{"@type":"PostalAddress","@id":"https:\/\/bolting.eu\/en\/shop\/edelrid-salathe-kletterhelm\/#local-main-place-address","streetAddress":"Fischnalerstra\u00dfe 4","addressLocality":"Innsbruck","postalCode":"6020","addressRegion":"Tirol","addressCountry":"AT"},{"@type":"ImageObject","inLanguage":"en-US","@id":"https:\/\/bolting.eu\/en\/shop\/edelrid-salathe-kletterhelm\/#local-main-organization-logo","url":"https:\/\/bolting.eu\/wp-content\/uploads\/2019\/09\/bolting-logo.png","contentUrl":"https:\/\/bolting.eu\/wp-content\/uploads\/2019\/09\/bolting-logo.png","width":400,"height":211,"caption":"bolting.eu"}]},"og_video":"https:\/\/www.youtube.com\/embed\/52mKApGCrDE","og_video_type":"text\/html","og_video_duration":"100","og_video_width":"480","og_video_height":"270","ya_ovs_adult":"false","ya_ovs_upload_date":"2021-08-23T06:45:09+00:00","ya_ovs_allow_embed":"true","og_availability":"instock","product_availability":"instock","product_condition":"new","geo.placename":"Innsbruck","geo.position":{"lat":"47.264176340396226","long":"11.380109057672346"},"geo.region":"Austria"},"_links":{"self":[{"href":"https:\/\/bolting.eu\/en\/wp-json\/wp\/v2\/product\/9594","targetHints":{"allow":["GET"]}}],"collection":[{"href":"https:\/\/bolting.eu\/en\/wp-json\/wp\/v2\/product"}],"about":[{"href":"https:\/\/bolting.eu\/en\/wp-json\/wp\/v2\/types\/product"}],"replies":[{"embeddable":true,"href":"https:\/\/bolting.eu\/en\/wp-json\/wp\/v2\/comments?post=9594"}],"wp:featuredmedia":[{"embeddable":true,"href":"https:\/\/bolting.eu\/en\/wp-json\/wp\/v2\/media\/9597"}],"wp:attachment":[{"href":"https:\/\/bolting.eu\/en\/wp-json\/wp\/v2\/media?parent=9594"}],"wp:term":[{"taxonomy":"product_brand","embeddable":true,"href":"https:\/\/bolting.eu\/en\/wp-json\/wp\/v2\/product_brand?post=9594"},{"taxonomy":"product_cat","embeddable":true,"href":"https:\/\/bolting.eu\/en\/wp-json\/wp\/v2\/product_cat?post=9594"},{"taxonomy":"product_tag","embeddable":true,"href":"https:\/\/bolting.eu\/en\/wp-json\/wp\/v2\/product_tag?post=9594"}],"curies":[{"name":"wp","href":"https:\/\/api.w.org\/{rel}","templated":true}]}}