{"id":9588,"date":"2021-08-22T12:31:56","date_gmt":"2021-08-22T10:31:56","guid":{"rendered":"https:\/\/bolting.eu\/?post_type=product&#038;p=9588"},"modified":"2025-03-14T19:07:56","modified_gmt":"2025-03-14T18:07:56","slug":"edelrid-mission-set-ii","status":"publish","type":"product","link":"https:\/\/bolting.eu\/en\/shop\/edelrid-mission-set-ii\/","title":{"rendered":"Edelrid Mission Set II"},"content":{"rendered":"<p>Das Edelrid Mission Set II ist eine super leichte Expressschlinge zum Alpinklettern Sie ist in zwei Varianten erh\u00e4ltlich.<\/p>\n<p>Erstens als &#8220;<a href=\"https:\/\/bolting.eu\/verlaengerbare-expressschlinge\/\">verl\u00e4ngerbare Expressschlinge<\/a>&#8220;. D.h. auf einer 8mm Dyneema Bandschlinge mit 60cm L\u00e4nge sind zwei kleine Mission Karabiner angebracht. Diese sind Karabiner sind ebenfalls super leicht und haben einen geraden bzw. gebogenen Schnapper. Hiermit ergibt sich ein Gesamtgewicht von gerade einmal 80 Gramm.<\/p>\n<p>Somit ist das Edelrid Mission Set 60cm perfekt f\u00fcr\u00b4s alpine Klettern. Denn hier ben\u00f6tigt man regelm\u00e4\u00dfig verl\u00e4ngerbare Expressschlingen f\u00fcr die Reduktion der Seilreibung.<\/p>\n<p>Zweitens gibt es die &#8220;kurze&#8221; Version mit einer 14cm langen Schlinge. Diese Variante ist f\u00fcr Seill\u00e4ngen gedacht, welche in einen halbwegs geradlinigen Verlauf haben.<\/p>\n<p>Kurzum. Wer sich einige ganz leichte Schlingen f\u00fcr\u00b4s alpine Gel\u00e4nde zulegen will ist hier richtig!<\/p>\n<h2>Eigenschaften Edelrid Mission Set 60cm<\/h2>\n<ul>\n<li>Hersteller: Edelrid<\/li>\n<li>Material 60cm Bandschlinge: Dyneema<\/li>\n<li>Material 14cm Schlinge: Dyneema<\/li>\n<li>Karabiner: Mission gebogener und Mission gerader Schnapper<\/li>\n<li>Schnapper\u00f6ffnungen: 22mm<\/li>\n<li>Gewicht: jeweils 80 Gramm<\/li>\n<li>perfekt f\u00fcr alpine Routen<\/li>\n<li>Normen: <a href=\"https:\/\/bolting.eu\/en-12275-norm\/\">EN 12275<\/a>, EN 566<\/li>\n<li><a href=\"https:\/\/media.edelrid.de\/images\/attribut\/54530_GAL_KARABINER_ANSICHT.pdf\">Gebrauchsanleitung<\/a><\/li>\n<\/ul>\n<p>&nbsp;<\/p>\n","protected":false},"excerpt":{"rendered":"<p>Diese Expressen sind f\u00fcr das alpine Gel\u00e4nde designed. Sowohl die &#8220;kurze&#8221; als auch &#8220;lange&#8221; Variante machen aufgrund des geringen Gewichts viel Freude in langen Routen.<\/p>\n<p>Die 60cm Variante ist als &#8220;verl\u00e4ngerbare&#8221; Express gedacht. Die 14cm Schlinge als Standard Schlinge!<\/p>\n","protected":false},"featured_media":9590,"comment_status":"open","ping_status":"closed","template":"","meta":[],"product_brand":[],"product_cat":[220,4655,29],"product_tag":[],"class_list":{"0":"post-9588","1":"product","2":"type-product","3":"status-publish","4":"has-post-thumbnail","6":"product_cat-expressschlingen","7":"product_cat-edelrid","8":"product_cat-kletterausruestung","10":"first","11":"instock","12":"sale","13":"taxable","14":"shipping-taxable","15":"purchasable","16":"product-type-variable"},"yoast_head":"<!-- This site is optimized with the Yoast SEO Premium plugin v26.9 (Yoast SEO v26.9) - https:\/\/yoast.com\/product\/yoast-seo-premium-wordpress\/ -->\n<title>Edelrid Mission Set II - verl\u00e4ngerbare Expresschlinge 60cm | bolting.eu<\/title>\n<meta name=\"description\" content=\"Hier findest Du die EDELRID MISSSION SET II Expresssschlinge. Eine verl\u00e4ngerbare Express f\u00fcr alpine Routen mit 60cm Dyneema Bandschlinge!\" \/>\n<meta name=\"robots\" content=\"index, follow, max-snippet:-1, max-image-preview:large, max-video-preview:-1\" \/>\n<link rel=\"canonical\" href=\"https:\/\/bolting.eu\/en\/shop\/edelrid-mission-set-ii\/\" \/>\n<meta property=\"og:locale\" content=\"en_US\" \/>\n<meta property=\"og:type\" content=\"article\" \/>\n<meta property=\"og:title\" content=\"Edelrid Mission Set II\" \/>\n<meta property=\"og:description\" content=\"Hier findest Du die EDELRID MISSSION SET II Expresssschlinge. Eine verl\u00e4ngerbare Express f\u00fcr alpine Routen mit 60cm Dyneema Bandschlinge!\" \/>\n<meta property=\"og:url\" content=\"https:\/\/bolting.eu\/en\/shop\/edelrid-mission-set-ii\/\" \/>\n<meta property=\"og:site_name\" content=\"bolting.eu\" \/>\n<meta property=\"article:publisher\" content=\"https:\/\/www.facebook.com\/bolting.eu\" \/>\n<meta property=\"article:modified_time\" content=\"2025-03-14T18:07:56+00:00\" \/>\n<meta property=\"og:image\" content=\"https:\/\/bolting.eu\/wp-content\/uploads\/2021\/08\/Edelrid-Mission-Set-II-1.jpg\" \/>\n\t<meta property=\"og:image:width\" content=\"700\" \/>\n\t<meta property=\"og:image:height\" content=\"700\" \/>\n\t<meta property=\"og:image:type\" content=\"image\/jpeg\" \/>\n<meta name=\"twitter:card\" content=\"summary_large_image\" \/>\n<meta name=\"twitter:label1\" content=\"Availability\" \/>\n\t<meta name=\"twitter:data1\" content=\"In stock\" \/>\n<script type=\"application\/ld+json\" class=\"yoast-schema-graph\">{\"@context\":\"https:\/\/schema.org\",\"@graph\":[{\"@type\":[\"WebPage\",\"ItemPage\"],\"@id\":\"https:\/\/bolting.eu\/en\/shop\/edelrid-mission-set-ii\/\",\"url\":\"https:\/\/bolting.eu\/en\/shop\/edelrid-mission-set-ii\/\",\"name\":\"Edelrid Mission Set II - verl\u00e4ngerbare Expresschlinge 60cm | bolting.eu\",\"isPartOf\":{\"@id\":\"https:\/\/bolting.eu\/en\/#website\"},\"primaryImageOfPage\":{\"@id\":\"https:\/\/bolting.eu\/en\/shop\/edelrid-mission-set-ii\/#primaryimage\"},\"image\":{\"@id\":\"https:\/\/bolting.eu\/en\/shop\/edelrid-mission-set-ii\/#primaryimage\"},\"thumbnailUrl\":\"https:\/\/bolting.eu\/wp-content\/uploads\/2021\/08\/Edelrid-Mission-Set-II-1.jpg\",\"datePublished\":\"2021-08-22T10:31:56+00:00\",\"dateModified\":\"2025-03-14T18:07:56+00:00\",\"description\":\"Hier findest Du die EDELRID MISSSION SET II Expresssschlinge. Eine verl\u00e4ngerbare Express f\u00fcr alpine Routen mit 60cm Dyneema Bandschlinge!\",\"breadcrumb\":{\"@id\":\"https:\/\/bolting.eu\/en\/shop\/edelrid-mission-set-ii\/#breadcrumb\"},\"inLanguage\":\"en-US\",\"potentialAction\":[{\"@type\":\"ReadAction\",\"target\":[\"https:\/\/bolting.eu\/en\/shop\/edelrid-mission-set-ii\/\"]}]},{\"@type\":\"ImageObject\",\"inLanguage\":\"en-US\",\"@id\":\"https:\/\/bolting.eu\/en\/shop\/edelrid-mission-set-ii\/#primaryimage\",\"url\":\"https:\/\/bolting.eu\/wp-content\/uploads\/2021\/08\/Edelrid-Mission-Set-II-1.jpg\",\"contentUrl\":\"https:\/\/bolting.eu\/wp-content\/uploads\/2021\/08\/Edelrid-Mission-Set-II-1.jpg\",\"width\":700,\"height\":700,\"caption\":\"Das Bild zeigt eine wei\u00df-gelbe Edelrid Mission Set II Expressschlinge. Sie steht senkrecht in Bildmitte, der silberne KArabiner oben, der gelbe unten.\"},{\"@type\":\"BreadcrumbList\",\"@id\":\"https:\/\/bolting.eu\/en\/shop\/edelrid-mission-set-ii\/#breadcrumb\",\"itemListElement\":[{\"@type\":\"ListItem\",\"position\":1,\"name\":\"Shop\",\"item\":\"https:\/\/bolting.eu\/en\/shop\/\"},{\"@type\":\"ListItem\",\"position\":2,\"name\":\"climbing equipment\",\"item\":\"https:\/\/bolting.eu\/en\/produkt-kategorie\/climbing-equipment\/\"},{\"@type\":\"ListItem\",\"position\":3,\"name\":\"Quickdraws\",\"item\":\"https:\/\/bolting.eu\/en\/produkt-kategorie\/quickdraws\/\"},{\"@type\":\"ListItem\",\"position\":4,\"name\":\"Edelrid Mission Set II\"}]},{\"@type\":\"WebSite\",\"@id\":\"https:\/\/bolting.eu\/en\/#website\",\"url\":\"https:\/\/bolting.eu\/en\/\",\"name\":\"bolting.eu\",\"description\":\"we make climbs happen\",\"publisher\":{\"@id\":\"https:\/\/bolting.eu\/en\/#organization\"},\"potentialAction\":[{\"@type\":\"SearchAction\",\"target\":{\"@type\":\"EntryPoint\",\"urlTemplate\":\"https:\/\/bolting.eu\/en\/?s={search_term_string}\"},\"query-input\":{\"@type\":\"PropertyValueSpecification\",\"valueRequired\":true,\"valueName\":\"search_term_string\"}}],\"inLanguage\":\"en-US\"},{\"@type\":[\"Organization\",\"Place\",\"SportingGoodsStore\"],\"@id\":\"https:\/\/bolting.eu\/en\/#organization\",\"name\":\"bolting.eu\",\"url\":\"https:\/\/bolting.eu\/en\/\",\"logo\":{\"@id\":\"https:\/\/bolting.eu\/en\/shop\/edelrid-mission-set-ii\/#local-main-organization-logo\"},\"image\":{\"@id\":\"https:\/\/bolting.eu\/en\/shop\/edelrid-mission-set-ii\/#local-main-organization-logo\"},\"sameAs\":[\"https:\/\/www.facebook.com\/bolting.eu\",\"https:\/\/www.instagram.com\/bolting.eu\/\"],\"address\":{\"@id\":\"https:\/\/bolting.eu\/en\/shop\/edelrid-mission-set-ii\/#local-main-place-address\"},\"geo\":{\"@type\":\"GeoCoordinates\",\"latitude\":\"47.264176340396226\",\"longitude\":\"11.380109057672346\"},\"telephone\":[\"+43 699 19083372\"],\"openingHoursSpecification\":[{\"@type\":\"OpeningHoursSpecification\",\"dayOfWeek\":[\"Monday\",\"Wednesday\",\"Friday\"],\"opens\":\"14:00\",\"closes\":\"18:00\"},{\"@type\":\"OpeningHoursSpecification\",\"dayOfWeek\":[\"Tuesday\",\"Thursday\",\"Saturday\",\"Sunday\"],\"opens\":\"00:00\",\"closes\":\"00:00\"}],\"email\":\"office@bolting.eu\",\"vatID\":\"ATU59999728\",\"priceRange\":\"$$\",\"currenciesAccepted\":\"Euro\"},{\"@type\":\"PostalAddress\",\"@id\":\"https:\/\/bolting.eu\/en\/shop\/edelrid-mission-set-ii\/#local-main-place-address\",\"streetAddress\":\"Fischnalerstra\u00dfe 4\",\"addressLocality\":\"Innsbruck\",\"postalCode\":\"6020\",\"addressRegion\":\"Tirol\",\"addressCountry\":\"AT\"},{\"@type\":\"ImageObject\",\"inLanguage\":\"en-US\",\"@id\":\"https:\/\/bolting.eu\/en\/shop\/edelrid-mission-set-ii\/#local-main-organization-logo\",\"url\":\"https:\/\/bolting.eu\/wp-content\/uploads\/2019\/09\/bolting-logo.png\",\"contentUrl\":\"https:\/\/bolting.eu\/wp-content\/uploads\/2019\/09\/bolting-logo.png\",\"width\":400,\"height\":211,\"caption\":\"bolting.eu\"}]}<\/script>\n<meta property=\"og:availability\" content=\"instock\" \/>\n<meta property=\"product:availability\" content=\"instock\" \/>\n<meta property=\"product:condition\" content=\"new\" \/>\n<meta name=\"geo.placename\" content=\"Innsbruck\" \/>\n<meta name=\"geo.position\" content=\"47.264176340396226;11.380109057672346\" \/>\n<meta name=\"geo.region\" content=\"Austria\" \/>\n<!-- \/ Yoast SEO Premium plugin. -->","yoast_head_json":{"title":"Edelrid Mission Set II - verl\u00e4ngerbare Expresschlinge 60cm | bolting.eu","description":"Hier findest Du die EDELRID MISSSION SET II Expresssschlinge. Eine verl\u00e4ngerbare Express f\u00fcr alpine Routen mit 60cm Dyneema Bandschlinge!","robots":{"index":"index","follow":"follow","max-snippet":"max-snippet:-1","max-image-preview":"max-image-preview:large","max-video-preview":"max-video-preview:-1"},"canonical":"https:\/\/bolting.eu\/en\/shop\/edelrid-mission-set-ii\/","og_locale":"en_US","og_type":"article","og_title":"Edelrid Mission Set II","og_description":"Hier findest Du die EDELRID MISSSION SET II Expresssschlinge. Eine verl\u00e4ngerbare Express f\u00fcr alpine Routen mit 60cm Dyneema Bandschlinge!","og_url":"https:\/\/bolting.eu\/en\/shop\/edelrid-mission-set-ii\/","og_site_name":"bolting.eu","article_publisher":"https:\/\/www.facebook.com\/bolting.eu","article_modified_time":"2025-03-14T18:07:56+00:00","og_image":[{"width":700,"height":700,"url":"https:\/\/bolting.eu\/wp-content\/uploads\/2021\/08\/Edelrid-Mission-Set-II-1.jpg","type":"image\/jpeg"}],"twitter_card":"summary_large_image","twitter_misc":{"Availability":"In stock"},"schema":{"@context":"https:\/\/schema.org","@graph":[{"@type":["WebPage","ItemPage"],"@id":"https:\/\/bolting.eu\/en\/shop\/edelrid-mission-set-ii\/","url":"https:\/\/bolting.eu\/en\/shop\/edelrid-mission-set-ii\/","name":"Edelrid Mission Set II - verl\u00e4ngerbare Expresschlinge 60cm | bolting.eu","isPartOf":{"@id":"https:\/\/bolting.eu\/en\/#website"},"primaryImageOfPage":{"@id":"https:\/\/bolting.eu\/en\/shop\/edelrid-mission-set-ii\/#primaryimage"},"image":{"@id":"https:\/\/bolting.eu\/en\/shop\/edelrid-mission-set-ii\/#primaryimage"},"thumbnailUrl":"https:\/\/bolting.eu\/wp-content\/uploads\/2021\/08\/Edelrid-Mission-Set-II-1.jpg","datePublished":"2021-08-22T10:31:56+00:00","dateModified":"2025-03-14T18:07:56+00:00","description":"Hier findest Du die EDELRID MISSSION SET II Expresssschlinge. Eine verl\u00e4ngerbare Express f\u00fcr alpine Routen mit 60cm Dyneema Bandschlinge!","breadcrumb":{"@id":"https:\/\/bolting.eu\/en\/shop\/edelrid-mission-set-ii\/#breadcrumb"},"inLanguage":"en-US","potentialAction":[{"@type":"ReadAction","target":["https:\/\/bolting.eu\/en\/shop\/edelrid-mission-set-ii\/"]}]},{"@type":"ImageObject","inLanguage":"en-US","@id":"https:\/\/bolting.eu\/en\/shop\/edelrid-mission-set-ii\/#primaryimage","url":"https:\/\/bolting.eu\/wp-content\/uploads\/2021\/08\/Edelrid-Mission-Set-II-1.jpg","contentUrl":"https:\/\/bolting.eu\/wp-content\/uploads\/2021\/08\/Edelrid-Mission-Set-II-1.jpg","width":700,"height":700,"caption":"Das Bild zeigt eine wei\u00df-gelbe Edelrid Mission Set II Expressschlinge. Sie steht senkrecht in Bildmitte, der silberne KArabiner oben, der gelbe unten."},{"@type":"BreadcrumbList","@id":"https:\/\/bolting.eu\/en\/shop\/edelrid-mission-set-ii\/#breadcrumb","itemListElement":[{"@type":"ListItem","position":1,"name":"Shop","item":"https:\/\/bolting.eu\/en\/shop\/"},{"@type":"ListItem","position":2,"name":"climbing equipment","item":"https:\/\/bolting.eu\/en\/produkt-kategorie\/climbing-equipment\/"},{"@type":"ListItem","position":3,"name":"Quickdraws","item":"https:\/\/bolting.eu\/en\/produkt-kategorie\/quickdraws\/"},{"@type":"ListItem","position":4,"name":"Edelrid Mission Set II"}]},{"@type":"WebSite","@id":"https:\/\/bolting.eu\/en\/#website","url":"https:\/\/bolting.eu\/en\/","name":"bolting.eu","description":"we make climbs happen","publisher":{"@id":"https:\/\/bolting.eu\/en\/#organization"},"potentialAction":[{"@type":"SearchAction","target":{"@type":"EntryPoint","urlTemplate":"https:\/\/bolting.eu\/en\/?s={search_term_string}"},"query-input":{"@type":"PropertyValueSpecification","valueRequired":true,"valueName":"search_term_string"}}],"inLanguage":"en-US"},{"@type":["Organization","Place","SportingGoodsStore"],"@id":"https:\/\/bolting.eu\/en\/#organization","name":"bolting.eu","url":"https:\/\/bolting.eu\/en\/","logo":{"@id":"https:\/\/bolting.eu\/en\/shop\/edelrid-mission-set-ii\/#local-main-organization-logo"},"image":{"@id":"https:\/\/bolting.eu\/en\/shop\/edelrid-mission-set-ii\/#local-main-organization-logo"},"sameAs":["https:\/\/www.facebook.com\/bolting.eu","https:\/\/www.instagram.com\/bolting.eu\/"],"address":{"@id":"https:\/\/bolting.eu\/en\/shop\/edelrid-mission-set-ii\/#local-main-place-address"},"geo":{"@type":"GeoCoordinates","latitude":"47.264176340396226","longitude":"11.380109057672346"},"telephone":["+43 699 19083372"],"openingHoursSpecification":[{"@type":"OpeningHoursSpecification","dayOfWeek":["Monday","Wednesday","Friday"],"opens":"14:00","closes":"18:00"},{"@type":"OpeningHoursSpecification","dayOfWeek":["Tuesday","Thursday","Saturday","Sunday"],"opens":"00:00","closes":"00:00"}],"email":"office@bolting.eu","vatID":"ATU59999728","priceRange":"$$","currenciesAccepted":"Euro"},{"@type":"PostalAddress","@id":"https:\/\/bolting.eu\/en\/shop\/edelrid-mission-set-ii\/#local-main-place-address","streetAddress":"Fischnalerstra\u00dfe 4","addressLocality":"Innsbruck","postalCode":"6020","addressRegion":"Tirol","addressCountry":"AT"},{"@type":"ImageObject","inLanguage":"en-US","@id":"https:\/\/bolting.eu\/en\/shop\/edelrid-mission-set-ii\/#local-main-organization-logo","url":"https:\/\/bolting.eu\/wp-content\/uploads\/2019\/09\/bolting-logo.png","contentUrl":"https:\/\/bolting.eu\/wp-content\/uploads\/2019\/09\/bolting-logo.png","width":400,"height":211,"caption":"bolting.eu"}]},"og_availability":"instock","product_availability":"instock","product_condition":"new","geo.placename":"Innsbruck","geo.position":{"lat":"47.264176340396226","long":"11.380109057672346"},"geo.region":"Austria"},"_links":{"self":[{"href":"https:\/\/bolting.eu\/en\/wp-json\/wp\/v2\/product\/9588","targetHints":{"allow":["GET"]}}],"collection":[{"href":"https:\/\/bolting.eu\/en\/wp-json\/wp\/v2\/product"}],"about":[{"href":"https:\/\/bolting.eu\/en\/wp-json\/wp\/v2\/types\/product"}],"replies":[{"embeddable":true,"href":"https:\/\/bolting.eu\/en\/wp-json\/wp\/v2\/comments?post=9588"}],"wp:featuredmedia":[{"embeddable":true,"href":"https:\/\/bolting.eu\/en\/wp-json\/wp\/v2\/media\/9590"}],"wp:attachment":[{"href":"https:\/\/bolting.eu\/en\/wp-json\/wp\/v2\/media?parent=9588"}],"wp:term":[{"taxonomy":"product_brand","embeddable":true,"href":"https:\/\/bolting.eu\/en\/wp-json\/wp\/v2\/product_brand?post=9588"},{"taxonomy":"product_cat","embeddable":true,"href":"https:\/\/bolting.eu\/en\/wp-json\/wp\/v2\/product_cat?post=9588"},{"taxonomy":"product_tag","embeddable":true,"href":"https:\/\/bolting.eu\/en\/wp-json\/wp\/v2\/product_tag?post=9588"}],"curies":[{"name":"wp","href":"https:\/\/api.w.org\/{rel}","templated":true}]}}