{"id":9572,"date":"2021-08-22T11:02:44","date_gmt":"2021-08-22T09:02:44","guid":{"rendered":"https:\/\/bolting.eu\/?post_type=product&#038;p=9572"},"modified":"2023-10-12T19:09:09","modified_gmt":"2023-10-12T17:09:09","slug":"austrialpin-helmut-light","status":"publish","type":"product","link":"https:\/\/bolting.eu\/en\/shop\/austrialpin-helmut-light\/","title":{"rendered":"Austrialpin HELMUT Light+"},"content":{"rendered":"<p>Der Austrialpin HELMUT Light+ ist ein besonders leichter <a href=\"https:\/\/bolting.eu\/produkt-kategorie\/kletterausruestung\/kletterhelme\/\">Kletterhelm<\/a>. Denn dieses Produkt wird im In-Mold Verfahren hergestellt. D.h. in eine Polycarbonat H\u00fclle wird EPS Schaumstoff eingespritzt. Oder ganz einfach anders ausgedr\u00fcckt. In eine harte Schale wird Styropor eingef\u00fcllt.<\/p>\n<p>Somit ergeben sich klasse Eigenschaften f\u00fcr diesen Kletterhelm.<\/p>\n<p>Erstens sei nochmals das geringe Gewicht erw\u00e4hnt. Zweitens sch\u00fctzt er sehr gut gegen herabfallende Objekte wie Steine. Und noch besser sch\u00fctzt der Austrialpin HELMUT Light+ bei seitlichem Aufprall. Drittens wurde bei der Bel\u00fcftung auf gleich 12 kleine \u00d6ffnungen gesetzt. D.h. jede Menge frische Luft um im Kopf k\u00fchl zu bleiben.<\/p>\n<p>Fazit. Wer einen modernen und extrem leichten In-Mold Helm sucht, der ist hier richtig!<\/p>\n<h2>Eigenschaften Austrialpin HELMUT Light+<\/h2>\n<ul>\n<li>Hersteller: <a href=\"https:\/\/bolting.eu\/produkt-kategorie\/austrialpin\/\">Austrialpin<\/a><\/li>\n<li>In-Mold Helm: Polycarbonath\u00fclle au\u00dfen und EPS Schaumstoff innen<\/li>\n<li>Gewicht: nur 275 Gramm<\/li>\n<li>Farben: azur, grellgr\u00fcn, orange<\/li>\n<li>Normen: EN 12492<\/li>\n<li>Kopfumfang: 54 &#8211; 61cm<\/li>\n<li>praktisches Verstellrad im Nackenbereich<\/li>\n<li>Kinnriemen verstellbar<\/li>\n<li>gro\u00dfz\u00fcgige Bel\u00fcftung<\/li>\n<li>ideal f\u00fcr alle Alpinsportarten<\/li>\n<li><a href=\"https:\/\/www.austrialpin.at\/service\/datenblatt\/pdf\/hs04-om-helmut-light-kletterhelm\/?tx_webxaaproductmanager_main%5Bcolorvariations%5D%5B0%5D=699&amp;tx_webxaaproductmanager_main%5Bcolorvariations%5D%5B1%5D=701&amp;cHash=785de3758b4a8b9195a98696b1a6039e\" target=\"_blank\" rel=\"noopener\">Produkt-Datenblatt<\/a><\/li>\n<\/ul>\n<h3>Austrialpin HELMUT Light+ ist neueste Generation<\/h3>\n<p>Dieser Kletterhelm geh\u00f6rt zur neuesten Helm Generation von Austrialpin. Denn er ist das Nachfolgemodel des alten HELM.UT Modells.<\/p>\n<p>2021 ist dieser \u00fcberarbeitet und abgegraded worden. D.h. einerseits wurde der Schaumstoff an manchen Stellen etwas gro\u00dfz\u00fcgiger bemessen. Andererseits wurde die Aufh\u00e4ngung des Tragesystems verst\u00e4rkt und somit solider gemacht. Und abschlie\u00dfend wurde die Polsterung noch komfortabler gemacht.<\/p>\n<h3>In-Mold Helm<\/h3>\n<p>Der Austrialpin HELMUT Light+ wird nach dem In-Mold Verfahren hergestellt. Wir haben das ja bereits oben erw\u00e4hnt.<\/p>\n<p>Die St\u00e4rken dieses Verfahrens liegen ganz klar im Gewichts-Leistungsverh\u00e4ltnis. Denn dieser Helmtyp bietet sowohl guten Schutz bei Steinschlag als auch insbesondere bei seitlichem Aufprall.<\/p>\n<p>Somit ist er f\u00fcr die modernen Anforderungen des Alpinismus bzw. Kletterns bestens ger\u00fcstet.<\/p>\n","protected":false},"excerpt":{"rendered":"<ul>\n<li>In-Mold Helm: Polycarbonath\u00fclle au\u00dfen und EPS Schaumstoff innen<\/li>\n<li>Gewicht: nur 275 Gramm<\/li>\n<li>Farben: azur, grellgr\u00fcn, orange<\/li>\n<li>Normen: EN 12492<\/li>\n<li>Kopfumfang: 54 &#8211; 61cm<\/li>\n<li>praktisches Verstellrad im Nackenbereich<\/li>\n<li>Kinnriemen verstellbar<\/li>\n<li>gro\u00dfz\u00fcgige Bel\u00fcftung<\/li>\n<li>ideal f\u00fcr alle Alpinsportarten<\/li>\n<\/ul>\n","protected":false},"featured_media":9573,"comment_status":"open","ping_status":"closed","template":"","meta":[],"product_brand":[],"product_cat":[29,4649,6755,6758],"product_tag":[],"class_list":{"0":"post-9572","1":"product","2":"type-product","3":"status-publish","4":"has-post-thumbnail","6":"product_cat-kletterausruestung","7":"product_cat-austrialpin","8":"product_cat-kletterhelme","9":"product_cat-kletterhelm-herren","11":"first","12":"outofstock","13":"sale","14":"taxable","15":"shipping-taxable","16":"purchasable","17":"product-type-variable"},"yoast_head":"<!-- This site is optimized with the Yoast SEO Premium plugin v26.9 (Yoast SEO v26.9) - https:\/\/yoast.com\/product\/yoast-seo-premium-wordpress\/ -->\n<title>Austrialpin HELMUT Light+ Kletterhelm g\u00fcnstig online kaufen | bolting.eu<\/title>\n<meta name=\"description\" content=\"Hier findest Du den AUSTRIALPIN HELMUT LIGHT+ Kletterhelm. Einen modernen In-Mold Helm f\u00fcr alle Alpinsportarten zum top Preis!\" \/>\n<meta name=\"robots\" content=\"index, follow, max-snippet:-1, max-image-preview:large, max-video-preview:-1\" \/>\n<link rel=\"canonical\" href=\"https:\/\/bolting.eu\/en\/shop\/austrialpin-helmut-light\/\" \/>\n<meta property=\"og:locale\" content=\"en_US\" \/>\n<meta property=\"og:type\" content=\"article\" \/>\n<meta property=\"og:title\" content=\"Austrialpin HELMUT Light+\" \/>\n<meta property=\"og:description\" content=\"Hier findest Du den AUSTRIALPIN HELMUT LIGHT+ Kletterhelm. Einen modernen In-Mold Helm f\u00fcr alle Alpinsportarten zum top Preis!\" \/>\n<meta property=\"og:url\" content=\"https:\/\/bolting.eu\/en\/shop\/austrialpin-helmut-light\/\" \/>\n<meta property=\"og:site_name\" content=\"bolting.eu\" \/>\n<meta property=\"article:publisher\" content=\"https:\/\/www.facebook.com\/bolting.eu\" \/>\n<meta property=\"article:modified_time\" content=\"2023-10-12T17:09:09+00:00\" \/>\n<meta property=\"og:image\" content=\"https:\/\/bolting.eu\/wp-content\/uploads\/2021\/08\/Austrialpin-Helmut-Light-3.jpg\" \/>\n\t<meta property=\"og:image:width\" content=\"700\" \/>\n\t<meta property=\"og:image:height\" content=\"700\" \/>\n\t<meta property=\"og:image:type\" content=\"image\/jpeg\" \/>\n<meta name=\"twitter:card\" content=\"summary_large_image\" \/>\n<meta name=\"twitter:label1\" content=\"Availability\" \/>\n\t<meta name=\"twitter:data1\" content=\"Out of stock\" \/>\n<script type=\"application\/ld+json\" class=\"yoast-schema-graph\">{\"@context\":\"https:\/\/schema.org\",\"@graph\":[{\"@type\":[\"WebPage\",\"ItemPage\"],\"@id\":\"https:\/\/bolting.eu\/en\/shop\/austrialpin-helmut-light\/\",\"url\":\"https:\/\/bolting.eu\/en\/shop\/austrialpin-helmut-light\/\",\"name\":\"Austrialpin HELMUT Light+ Kletterhelm g\u00fcnstig online kaufen | bolting.eu\",\"isPartOf\":{\"@id\":\"https:\/\/bolting.eu\/en\/#website\"},\"primaryImageOfPage\":{\"@id\":\"https:\/\/bolting.eu\/en\/shop\/austrialpin-helmut-light\/#primaryimage\"},\"image\":{\"@id\":\"https:\/\/bolting.eu\/en\/shop\/austrialpin-helmut-light\/#primaryimage\"},\"thumbnailUrl\":\"https:\/\/bolting.eu\/wp-content\/uploads\/2021\/08\/Austrialpin-Helmut-Light-3.jpg\",\"datePublished\":\"2021-08-22T09:02:44+00:00\",\"dateModified\":\"2023-10-12T17:09:09+00:00\",\"description\":\"Hier findest Du den AUSTRIALPIN HELMUT LIGHT+ Kletterhelm. Einen modernen In-Mold Helm f\u00fcr alle Alpinsportarten zum top Preis!\",\"breadcrumb\":{\"@id\":\"https:\/\/bolting.eu\/en\/shop\/austrialpin-helmut-light\/#breadcrumb\"},\"inLanguage\":\"en-US\",\"potentialAction\":[{\"@type\":\"ReadAction\",\"target\":[\"https:\/\/bolting.eu\/en\/shop\/austrialpin-helmut-light\/\"]}]},{\"@type\":\"ImageObject\",\"inLanguage\":\"en-US\",\"@id\":\"https:\/\/bolting.eu\/en\/shop\/austrialpin-helmut-light\/#primaryimage\",\"url\":\"https:\/\/bolting.eu\/wp-content\/uploads\/2021\/08\/Austrialpin-Helmut-Light-3.jpg\",\"contentUrl\":\"https:\/\/bolting.eu\/wp-content\/uploads\/2021\/08\/Austrialpin-Helmut-Light-3.jpg\",\"width\":700,\"height\":700,\"caption\":\"Das Bild zeigt den Austrialpin Helmut Light+ Kletterhelm in blau. Man sieht den Helm von der Seite und erkennt alle Produktdetails.\"},{\"@type\":\"BreadcrumbList\",\"@id\":\"https:\/\/bolting.eu\/en\/shop\/austrialpin-helmut-light\/#breadcrumb\",\"itemListElement\":[{\"@type\":\"ListItem\",\"position\":1,\"name\":\"Shop\",\"item\":\"https:\/\/bolting.eu\/en\/shop\/\"},{\"@type\":\"ListItem\",\"position\":2,\"name\":\"climbing equipment\",\"item\":\"https:\/\/bolting.eu\/en\/produkt-kategorie\/climbing-equipment\/\"},{\"@type\":\"ListItem\",\"position\":3,\"name\":\"Kletterhelme\",\"item\":\"https:\/\/bolting.eu\/produkt-kategorie\/kletterausruestung\/kletterhelme\/\"},{\"@type\":\"ListItem\",\"position\":4,\"name\":\"Austrialpin HELMUT Light+\"}]},{\"@type\":\"WebSite\",\"@id\":\"https:\/\/bolting.eu\/en\/#website\",\"url\":\"https:\/\/bolting.eu\/en\/\",\"name\":\"bolting.eu\",\"description\":\"we make climbs happen\",\"publisher\":{\"@id\":\"https:\/\/bolting.eu\/en\/#organization\"},\"potentialAction\":[{\"@type\":\"SearchAction\",\"target\":{\"@type\":\"EntryPoint\",\"urlTemplate\":\"https:\/\/bolting.eu\/en\/?s={search_term_string}\"},\"query-input\":{\"@type\":\"PropertyValueSpecification\",\"valueRequired\":true,\"valueName\":\"search_term_string\"}}],\"inLanguage\":\"en-US\"},{\"@type\":[\"Organization\",\"Place\",\"SportingGoodsStore\"],\"@id\":\"https:\/\/bolting.eu\/en\/#organization\",\"name\":\"bolting.eu\",\"url\":\"https:\/\/bolting.eu\/en\/\",\"logo\":{\"@id\":\"https:\/\/bolting.eu\/en\/shop\/austrialpin-helmut-light\/#local-main-organization-logo\"},\"image\":{\"@id\":\"https:\/\/bolting.eu\/en\/shop\/austrialpin-helmut-light\/#local-main-organization-logo\"},\"sameAs\":[\"https:\/\/www.facebook.com\/bolting.eu\",\"https:\/\/www.instagram.com\/bolting.eu\/\"],\"address\":{\"@id\":\"https:\/\/bolting.eu\/en\/shop\/austrialpin-helmut-light\/#local-main-place-address\"},\"geo\":{\"@type\":\"GeoCoordinates\",\"latitude\":\"47.264176340396226\",\"longitude\":\"11.380109057672346\"},\"telephone\":[\"+43 699 19083372\"],\"openingHoursSpecification\":[{\"@type\":\"OpeningHoursSpecification\",\"dayOfWeek\":[\"Monday\",\"Wednesday\",\"Friday\"],\"opens\":\"14:00\",\"closes\":\"18:00\"},{\"@type\":\"OpeningHoursSpecification\",\"dayOfWeek\":[\"Tuesday\",\"Thursday\",\"Saturday\",\"Sunday\"],\"opens\":\"00:00\",\"closes\":\"00:00\"}],\"email\":\"office@bolting.eu\",\"vatID\":\"ATU59999728\",\"priceRange\":\"$$\",\"currenciesAccepted\":\"Euro\"},{\"@type\":\"PostalAddress\",\"@id\":\"https:\/\/bolting.eu\/en\/shop\/austrialpin-helmut-light\/#local-main-place-address\",\"streetAddress\":\"Fischnalerstra\u00dfe 4\",\"addressLocality\":\"Innsbruck\",\"postalCode\":\"6020\",\"addressRegion\":\"Tirol\",\"addressCountry\":\"AT\"},{\"@type\":\"ImageObject\",\"inLanguage\":\"en-US\",\"@id\":\"https:\/\/bolting.eu\/en\/shop\/austrialpin-helmut-light\/#local-main-organization-logo\",\"url\":\"https:\/\/bolting.eu\/wp-content\/uploads\/2019\/09\/bolting-logo.png\",\"contentUrl\":\"https:\/\/bolting.eu\/wp-content\/uploads\/2019\/09\/bolting-logo.png\",\"width\":400,\"height\":211,\"caption\":\"bolting.eu\"}]}<\/script>\n<meta property=\"og:availability\" content=\"out of stock\" \/>\n<meta property=\"product:availability\" content=\"out of stock\" \/>\n<meta property=\"product:condition\" content=\"new\" \/>\n<meta name=\"geo.placename\" content=\"Innsbruck\" \/>\n<meta name=\"geo.position\" content=\"47.264176340396226;11.380109057672346\" \/>\n<meta name=\"geo.region\" content=\"Austria\" \/>\n<!-- \/ Yoast SEO Premium plugin. -->","yoast_head_json":{"title":"Austrialpin HELMUT Light+ Kletterhelm g\u00fcnstig online kaufen | bolting.eu","description":"Hier findest Du den AUSTRIALPIN HELMUT LIGHT+ Kletterhelm. Einen modernen In-Mold Helm f\u00fcr alle Alpinsportarten zum top Preis!","robots":{"index":"index","follow":"follow","max-snippet":"max-snippet:-1","max-image-preview":"max-image-preview:large","max-video-preview":"max-video-preview:-1"},"canonical":"https:\/\/bolting.eu\/en\/shop\/austrialpin-helmut-light\/","og_locale":"en_US","og_type":"article","og_title":"Austrialpin HELMUT Light+","og_description":"Hier findest Du den AUSTRIALPIN HELMUT LIGHT+ Kletterhelm. Einen modernen In-Mold Helm f\u00fcr alle Alpinsportarten zum top Preis!","og_url":"https:\/\/bolting.eu\/en\/shop\/austrialpin-helmut-light\/","og_site_name":"bolting.eu","article_publisher":"https:\/\/www.facebook.com\/bolting.eu","article_modified_time":"2023-10-12T17:09:09+00:00","og_image":[{"width":700,"height":700,"url":"https:\/\/bolting.eu\/wp-content\/uploads\/2021\/08\/Austrialpin-Helmut-Light-3.jpg","type":"image\/jpeg"}],"twitter_card":"summary_large_image","twitter_misc":{"Availability":"Out of stock"},"schema":{"@context":"https:\/\/schema.org","@graph":[{"@type":["WebPage","ItemPage"],"@id":"https:\/\/bolting.eu\/en\/shop\/austrialpin-helmut-light\/","url":"https:\/\/bolting.eu\/en\/shop\/austrialpin-helmut-light\/","name":"Austrialpin HELMUT Light+ Kletterhelm g\u00fcnstig online kaufen | bolting.eu","isPartOf":{"@id":"https:\/\/bolting.eu\/en\/#website"},"primaryImageOfPage":{"@id":"https:\/\/bolting.eu\/en\/shop\/austrialpin-helmut-light\/#primaryimage"},"image":{"@id":"https:\/\/bolting.eu\/en\/shop\/austrialpin-helmut-light\/#primaryimage"},"thumbnailUrl":"https:\/\/bolting.eu\/wp-content\/uploads\/2021\/08\/Austrialpin-Helmut-Light-3.jpg","datePublished":"2021-08-22T09:02:44+00:00","dateModified":"2023-10-12T17:09:09+00:00","description":"Hier findest Du den AUSTRIALPIN HELMUT LIGHT+ Kletterhelm. Einen modernen In-Mold Helm f\u00fcr alle Alpinsportarten zum top Preis!","breadcrumb":{"@id":"https:\/\/bolting.eu\/en\/shop\/austrialpin-helmut-light\/#breadcrumb"},"inLanguage":"en-US","potentialAction":[{"@type":"ReadAction","target":["https:\/\/bolting.eu\/en\/shop\/austrialpin-helmut-light\/"]}]},{"@type":"ImageObject","inLanguage":"en-US","@id":"https:\/\/bolting.eu\/en\/shop\/austrialpin-helmut-light\/#primaryimage","url":"https:\/\/bolting.eu\/wp-content\/uploads\/2021\/08\/Austrialpin-Helmut-Light-3.jpg","contentUrl":"https:\/\/bolting.eu\/wp-content\/uploads\/2021\/08\/Austrialpin-Helmut-Light-3.jpg","width":700,"height":700,"caption":"Das Bild zeigt den Austrialpin Helmut Light+ Kletterhelm in blau. Man sieht den Helm von der Seite und erkennt alle Produktdetails."},{"@type":"BreadcrumbList","@id":"https:\/\/bolting.eu\/en\/shop\/austrialpin-helmut-light\/#breadcrumb","itemListElement":[{"@type":"ListItem","position":1,"name":"Shop","item":"https:\/\/bolting.eu\/en\/shop\/"},{"@type":"ListItem","position":2,"name":"climbing equipment","item":"https:\/\/bolting.eu\/en\/produkt-kategorie\/climbing-equipment\/"},{"@type":"ListItem","position":3,"name":"Kletterhelme","item":"https:\/\/bolting.eu\/produkt-kategorie\/kletterausruestung\/kletterhelme\/"},{"@type":"ListItem","position":4,"name":"Austrialpin HELMUT Light+"}]},{"@type":"WebSite","@id":"https:\/\/bolting.eu\/en\/#website","url":"https:\/\/bolting.eu\/en\/","name":"bolting.eu","description":"we make climbs happen","publisher":{"@id":"https:\/\/bolting.eu\/en\/#organization"},"potentialAction":[{"@type":"SearchAction","target":{"@type":"EntryPoint","urlTemplate":"https:\/\/bolting.eu\/en\/?s={search_term_string}"},"query-input":{"@type":"PropertyValueSpecification","valueRequired":true,"valueName":"search_term_string"}}],"inLanguage":"en-US"},{"@type":["Organization","Place","SportingGoodsStore"],"@id":"https:\/\/bolting.eu\/en\/#organization","name":"bolting.eu","url":"https:\/\/bolting.eu\/en\/","logo":{"@id":"https:\/\/bolting.eu\/en\/shop\/austrialpin-helmut-light\/#local-main-organization-logo"},"image":{"@id":"https:\/\/bolting.eu\/en\/shop\/austrialpin-helmut-light\/#local-main-organization-logo"},"sameAs":["https:\/\/www.facebook.com\/bolting.eu","https:\/\/www.instagram.com\/bolting.eu\/"],"address":{"@id":"https:\/\/bolting.eu\/en\/shop\/austrialpin-helmut-light\/#local-main-place-address"},"geo":{"@type":"GeoCoordinates","latitude":"47.264176340396226","longitude":"11.380109057672346"},"telephone":["+43 699 19083372"],"openingHoursSpecification":[{"@type":"OpeningHoursSpecification","dayOfWeek":["Monday","Wednesday","Friday"],"opens":"14:00","closes":"18:00"},{"@type":"OpeningHoursSpecification","dayOfWeek":["Tuesday","Thursday","Saturday","Sunday"],"opens":"00:00","closes":"00:00"}],"email":"office@bolting.eu","vatID":"ATU59999728","priceRange":"$$","currenciesAccepted":"Euro"},{"@type":"PostalAddress","@id":"https:\/\/bolting.eu\/en\/shop\/austrialpin-helmut-light\/#local-main-place-address","streetAddress":"Fischnalerstra\u00dfe 4","addressLocality":"Innsbruck","postalCode":"6020","addressRegion":"Tirol","addressCountry":"AT"},{"@type":"ImageObject","inLanguage":"en-US","@id":"https:\/\/bolting.eu\/en\/shop\/austrialpin-helmut-light\/#local-main-organization-logo","url":"https:\/\/bolting.eu\/wp-content\/uploads\/2019\/09\/bolting-logo.png","contentUrl":"https:\/\/bolting.eu\/wp-content\/uploads\/2019\/09\/bolting-logo.png","width":400,"height":211,"caption":"bolting.eu"}]},"og_availability":"out of stock","product_availability":"out of stock","product_condition":"new","geo.placename":"Innsbruck","geo.position":{"lat":"47.264176340396226","long":"11.380109057672346"},"geo.region":"Austria"},"_links":{"self":[{"href":"https:\/\/bolting.eu\/en\/wp-json\/wp\/v2\/product\/9572","targetHints":{"allow":["GET"]}}],"collection":[{"href":"https:\/\/bolting.eu\/en\/wp-json\/wp\/v2\/product"}],"about":[{"href":"https:\/\/bolting.eu\/en\/wp-json\/wp\/v2\/types\/product"}],"replies":[{"embeddable":true,"href":"https:\/\/bolting.eu\/en\/wp-json\/wp\/v2\/comments?post=9572"}],"wp:featuredmedia":[{"embeddable":true,"href":"https:\/\/bolting.eu\/en\/wp-json\/wp\/v2\/media\/9573"}],"wp:attachment":[{"href":"https:\/\/bolting.eu\/en\/wp-json\/wp\/v2\/media?parent=9572"}],"wp:term":[{"taxonomy":"product_brand","embeddable":true,"href":"https:\/\/bolting.eu\/en\/wp-json\/wp\/v2\/product_brand?post=9572"},{"taxonomy":"product_cat","embeddable":true,"href":"https:\/\/bolting.eu\/en\/wp-json\/wp\/v2\/product_cat?post=9572"},{"taxonomy":"product_tag","embeddable":true,"href":"https:\/\/bolting.eu\/en\/wp-json\/wp\/v2\/product_tag?post=9572"}],"curies":[{"name":"wp","href":"https:\/\/api.w.org\/{rel}","templated":true}]}}