{"id":9459,"date":"2021-07-27T11:52:30","date_gmt":"2021-07-27T09:52:30","guid":{"rendered":"https:\/\/bolting.eu\/?post_type=product&#038;p=9459"},"modified":"2025-10-17T19:10:17","modified_gmt":"2025-10-17T17:10:17","slug":"edelrid-nineteen-g-set","status":"publish","type":"product","link":"https:\/\/bolting.eu\/en\/shop\/edelrid-nineteen-g-set\/","title":{"rendered":"Edelrid Nineteen G Set"},"content":{"rendered":"<p>Das Edelrid Nineteen G Set ist eine der leichtesten <a href=\"https:\/\/bolting.eu\/produkt-kategorie\/kletterausruestung\/expressschlingen\/\">Expressschlingen<\/a> der Welt. Hierzu ist die Schlinge mit zwei ultraleichten, namensgebenden 19 Gramm Karabinern best\u00fcckt.<\/p>\n<p>Diese Express ist in zwei L\u00e4ngen erh\u00e4ltlich. Zum einen mit 10cm Dyneema Schlinge. Und zum anderen mit 18cm Dyneema Schlinge. Die Gesamtl\u00e4nge betr\u00e4gt 22cm bzw. 30cm.<\/p>\n<p>Das Edelrid Nineteen G Set ist offensichtlich f\u00fcr all jene Unternehmungen gedacht, bei der jedes einzelne Gram z\u00e4hlt. Wie z.B. lange Alpinrouten sowie onsight Versuche am Leistungslimit.<\/p>\n<p>Denn bei z.B. 16 Expressen ist der Gewichtsunterschied enorm. Gegen\u00fcber Standard Expressen betr\u00e4gt er um die 800 Gramm!<\/p>\n<p>Downside. Die <a href=\"https:\/\/bolting.eu\/produkt-kategorie\/kletterausruestung\/karabiner-kletterkarabiner\/\">Karabiner<\/a> sind sehr klein. Daher ist dieses Produkt sicher ein Spezialprodukt f\u00fcr Experten bzw. die spezifische Anforderung &#8220;Gewichtsreduktion&#8221;.<\/p>\n<p>Fazit. Wer Expressen mit geringstem Gewicht sucht ist hier mehr als richtig!<\/p>\n<h2>Eigenschaften Edelrid Nineteen G Set<\/h2>\n<ul>\n<li>Hersteller:\u00a0<a href=\"https:\/\/bolting.eu\/produkt-kategorie\/edelrid\/\">Edelrid<\/a><\/li>\n<li>Material: Aluminium eloxiert, Dyneema<\/li>\n<li>L\u00e4nge Bandschlinge: 10cm oder 18cm<\/li>\n<li>Gesamtl\u00e4nge: 22cm bzw. 30cm<\/li>\n<li>Gewicht: 46 Gramm bzw. 50 Gramm<\/li>\n<li>Bruchlast Karabiner: 20kN l\u00e4ngs \/ 7kN quer \/ 7kN offen<\/li>\n<li>Bruchlast Expressschlinge: 22kN<\/li>\n<li>Normen: EN 12275, UIAA 123, EN 566<\/li>\n<li>Schnapper\u00f6ffnung: 18mm<\/li>\n<li>perfekt bei Routen wo jedes Gramm z\u00e4hlt<\/li>\n<li>Beachtet: Karabiner sind nur 78mm x 50mm gro\u00df<\/li>\n<li><a href=\"https:\/\/media.edelrid.de\/images\/attribut\/54530_GAL_KARABINER_ANSICHT.pdf\">Gebrauchsanleitung<\/a><\/li>\n<\/ul>\n<h3>Leicht, leichter, Edelrid Nineteen G Set<\/h3>\n<p>Diese Expressen z\u00e4hlen zu den leichtesten der Welt. Denn mit 46 Gramm bzw. 50 Gramm sind sie am absoluten unteren Limit des technisch Machbaren. N\u00e4mlich Karabiner mit der EN 12275 Norm zu bauen.<\/p>\n<p>Das geringe Gewicht geht mit einer entsprechenden Gr\u00f6\u00dfe einher. Oder anders formuliert. Diese Karabiner sind sehr klein. Dessen sollte man sich bewusst sein. Sie sind einzig uns alleine auf die Funktion als ultraleichte Express reduziert!<\/p>\n<h3>Wie h\u00e4lt ein so kleiner Karabiner?<\/h3>\n<p>Manche Kunden sind beim Anblick des Edelrid Nineteen G Set mehr als verbl\u00fcfft. Und das h\u00e4lt wirklich 20kN = 2 Tonnen Belastung aus?!?<\/p>\n<p>Die Antwort ist ja, klar! Dieses Set ist voll EN zertifiziert. D.h. die Karabiner bzw. Dyneema Schlinge erf\u00fcllen s\u00e4mtliche Normwerte.<\/p>\n<p>M\u00f6glich ist das wegen dem Material einerseits. Und wegen dem Fertigungsprozess in der Hei\u00dfschmiede Technik. Diese macht vereinfacht dargestellt erstens das Alu extrem belastbar. Und zweitens bietet sie die M\u00f6glichkeit dem Karabiner ein starkes H-Profil zu verleihen. Dieses ist sowohl leicht als auch enorm belastbar zugleich.<\/p>\n<h3>Gr\u00f6\u00dfenvergleich<\/h3>\n<p>Ihr wollt die Gr\u00f6\u00dfe des Edelrid Nineteen G Set besser einsch\u00e4tzen? Hierf\u00fcr geben wir Euch im Folgenden eine optische Vergleichsm\u00f6glichkeit mit den popul\u00e4ren Slash Wire Set mit 10cm Schlinge (Gesamtl\u00e4nge 23cm).<\/p>\n<p>Damit wollen wir euch die Kaufentscheidung erleichtern.<\/p>\n<p><a href=\"https:\/\/bolting.eu\/wp-content\/uploads\/2021\/07\/Edelrid-Slash-Wire-Nineteen-G-Vergleich.jpg\"><img loading=\"lazy\" decoding=\"async\" class=\"alignnone size-full wp-image-9466\" src=\"https:\/\/bolting.eu\/wp-content\/uploads\/2021\/07\/Edelrid-Slash-Wire-Nineteen-G-Vergleich.jpg\" alt=\"Das Bild zeigt den Gr\u00f6\u00dfenvergleich des Edelrid Slash Express Sets mit dem Edelrid Nineteen G Set. Hierf\u00fcr sind drei Expressen direkt nebeneinander zu sehen. MAn erkennt den deutichen Gr\u00f6\u00dfenunterschied.\" width=\"700\" height=\"700\" srcset=\"https:\/\/bolting.eu\/wp-content\/uploads\/2021\/07\/Edelrid-Slash-Wire-Nineteen-G-Vergleich.jpg 700w, https:\/\/bolting.eu\/wp-content\/uploads\/2021\/07\/Edelrid-Slash-Wire-Nineteen-G-Vergleich-100x100.jpg 100w, https:\/\/bolting.eu\/wp-content\/uploads\/2021\/07\/Edelrid-Slash-Wire-Nineteen-G-Vergleich-510x510.jpg 510w, https:\/\/bolting.eu\/wp-content\/uploads\/2021\/07\/Edelrid-Slash-Wire-Nineteen-G-Vergleich-400x400.jpg 400w, https:\/\/bolting.eu\/wp-content\/uploads\/2021\/07\/Edelrid-Slash-Wire-Nineteen-G-Vergleich-280x280.jpg 280w, https:\/\/bolting.eu\/wp-content\/uploads\/2021\/07\/Edelrid-Slash-Wire-Nineteen-G-Vergleich-300x300.jpg 300w, https:\/\/bolting.eu\/wp-content\/uploads\/2021\/07\/Edelrid-Slash-Wire-Nineteen-G-Vergleich-600x600.jpg 600w\" sizes=\"auto, (max-width: 700px) 100vw, 700px\" \/><\/a><\/p>\n","protected":false},"excerpt":{"rendered":"<ul>\n<li>Material: Aluminium eloxiert, Dyneema<\/li>\n<li>L\u00e4nge Bandschlinge: 10cm oder 18cm<\/li>\n<li>Gesamtl\u00e4nge: 22cm bzw. 30cm<\/li>\n<li>Gewicht: 46 Gramm bzw. 50 Gramm<\/li>\n<li>Bruchlast Karabiner: 20kN l\u00e4ngs \/ 7kN quer \/ 7kN offen<\/li>\n<li>Bruchlast Expressschlinge: 22kN<\/li>\n<li>Normen: EN 12275, UIAA 123, EN 566<\/li>\n<li>Schnapper\u00f6ffnung: 18mm<\/li>\n<\/ul>\n","protected":false},"featured_media":9462,"comment_status":"open","ping_status":"closed","template":"","meta":[],"product_brand":[],"product_cat":[29,220,4655],"product_tag":[],"class_list":{"0":"post-9459","1":"product","2":"type-product","3":"status-publish","4":"has-post-thumbnail","6":"product_cat-kletterausruestung","7":"product_cat-expressschlingen","8":"product_cat-edelrid","10":"first","11":"instock","12":"sale","13":"taxable","14":"shipping-taxable","15":"purchasable","16":"product-type-variable"},"yoast_head":"<!-- This site is optimized with the Yoast SEO Premium plugin v26.9 (Yoast SEO v26.9) - https:\/\/yoast.com\/product\/yoast-seo-premium-wordpress\/ -->\n<title>Edelrid Nineteen G Set - leichteste Expressschlinge der Welt | bolting.eu<\/title>\n<meta name=\"description\" content=\"Hier findest Du die EDELRID NINETEEN G SET Expressen in 10cm und 18cm. Mit 46 Gramm bzw. 50 Gramm die leichtesten Expressen der Welt!\" \/>\n<meta name=\"robots\" content=\"index, follow, max-snippet:-1, max-image-preview:large, max-video-preview:-1\" \/>\n<link rel=\"canonical\" href=\"https:\/\/bolting.eu\/en\/shop\/edelrid-nineteen-g-set\/\" \/>\n<meta property=\"og:locale\" content=\"en_US\" \/>\n<meta property=\"og:type\" content=\"article\" \/>\n<meta property=\"og:title\" content=\"Edelrid Nineteen G Set\" \/>\n<meta property=\"og:description\" content=\"Hier findest Du die EDELRID NINETEEN G SET Expressen in 10cm und 18cm. Mit 46 Gramm bzw. 50 Gramm die leichtesten Expressen der Welt!\" \/>\n<meta property=\"og:url\" content=\"https:\/\/bolting.eu\/en\/shop\/edelrid-nineteen-g-set\/\" \/>\n<meta property=\"og:site_name\" content=\"bolting.eu\" \/>\n<meta property=\"article:publisher\" content=\"https:\/\/www.facebook.com\/bolting.eu\" \/>\n<meta property=\"article:modified_time\" content=\"2025-10-17T17:10:17+00:00\" \/>\n<meta property=\"og:image\" content=\"https:\/\/bolting.eu\/wp-content\/uploads\/2021\/07\/Edelrid-Nineteen-G-Set-4.jpg\" \/>\n\t<meta property=\"og:image:width\" content=\"700\" \/>\n\t<meta property=\"og:image:height\" content=\"700\" \/>\n\t<meta property=\"og:image:type\" content=\"image\/jpeg\" \/>\n<meta name=\"twitter:card\" content=\"summary_large_image\" \/>\n<meta name=\"twitter:label1\" content=\"Availability\" \/>\n\t<meta name=\"twitter:data1\" content=\"In stock\" \/>\n<script type=\"application\/ld+json\" class=\"yoast-schema-graph\">{\"@context\":\"https:\/\/schema.org\",\"@graph\":[{\"@type\":[\"WebPage\",\"ItemPage\"],\"@id\":\"https:\/\/bolting.eu\/en\/shop\/edelrid-nineteen-g-set\/\",\"url\":\"https:\/\/bolting.eu\/en\/shop\/edelrid-nineteen-g-set\/\",\"name\":\"Edelrid Nineteen G Set - leichteste Expressschlinge der Welt | bolting.eu\",\"isPartOf\":{\"@id\":\"https:\/\/bolting.eu\/en\/#website\"},\"primaryImageOfPage\":{\"@id\":\"https:\/\/bolting.eu\/en\/shop\/edelrid-nineteen-g-set\/#primaryimage\"},\"image\":{\"@id\":\"https:\/\/bolting.eu\/en\/shop\/edelrid-nineteen-g-set\/#primaryimage\"},\"thumbnailUrl\":\"https:\/\/bolting.eu\/wp-content\/uploads\/2021\/07\/Edelrid-Nineteen-G-Set-4.jpg\",\"datePublished\":\"2021-07-27T09:52:30+00:00\",\"dateModified\":\"2025-10-17T17:10:17+00:00\",\"description\":\"Hier findest Du die EDELRID NINETEEN G SET Expressen in 10cm und 18cm. Mit 46 Gramm bzw. 50 Gramm die leichtesten Expressen der Welt!\",\"breadcrumb\":{\"@id\":\"https:\/\/bolting.eu\/en\/shop\/edelrid-nineteen-g-set\/#breadcrumb\"},\"inLanguage\":\"en-US\",\"potentialAction\":[{\"@type\":\"ReadAction\",\"target\":[\"https:\/\/bolting.eu\/en\/shop\/edelrid-nineteen-g-set\/\"]}]},{\"@type\":\"ImageObject\",\"inLanguage\":\"en-US\",\"@id\":\"https:\/\/bolting.eu\/en\/shop\/edelrid-nineteen-g-set\/#primaryimage\",\"url\":\"https:\/\/bolting.eu\/wp-content\/uploads\/2021\/07\/Edelrid-Nineteen-G-Set-4.jpg\",\"contentUrl\":\"https:\/\/bolting.eu\/wp-content\/uploads\/2021\/07\/Edelrid-Nineteen-G-Set-4.jpg\",\"width\":700,\"height\":700,\"caption\":\"Das Bild zeigt die Edelrid Nineteen G Set Expressschlinge mit 10cm L\u00e4nge. Sie steht aufrecht im Bild, oben der graue KArabiner, unten der gelb-gr\u00fcne.\"},{\"@type\":\"BreadcrumbList\",\"@id\":\"https:\/\/bolting.eu\/en\/shop\/edelrid-nineteen-g-set\/#breadcrumb\",\"itemListElement\":[{\"@type\":\"ListItem\",\"position\":1,\"name\":\"Shop\",\"item\":\"https:\/\/bolting.eu\/en\/shop\/\"},{\"@type\":\"ListItem\",\"position\":2,\"name\":\"climbing equipment\",\"item\":\"https:\/\/bolting.eu\/en\/produkt-kategorie\/climbing-equipment\/\"},{\"@type\":\"ListItem\",\"position\":3,\"name\":\"Quickdraws\",\"item\":\"https:\/\/bolting.eu\/en\/produkt-kategorie\/quickdraws\/\"},{\"@type\":\"ListItem\",\"position\":4,\"name\":\"Edelrid Nineteen G Set\"}]},{\"@type\":\"WebSite\",\"@id\":\"https:\/\/bolting.eu\/en\/#website\",\"url\":\"https:\/\/bolting.eu\/en\/\",\"name\":\"bolting.eu\",\"description\":\"we make climbs happen\",\"publisher\":{\"@id\":\"https:\/\/bolting.eu\/en\/#organization\"},\"potentialAction\":[{\"@type\":\"SearchAction\",\"target\":{\"@type\":\"EntryPoint\",\"urlTemplate\":\"https:\/\/bolting.eu\/en\/?s={search_term_string}\"},\"query-input\":{\"@type\":\"PropertyValueSpecification\",\"valueRequired\":true,\"valueName\":\"search_term_string\"}}],\"inLanguage\":\"en-US\"},{\"@type\":[\"Organization\",\"Place\",\"SportingGoodsStore\"],\"@id\":\"https:\/\/bolting.eu\/en\/#organization\",\"name\":\"bolting.eu\",\"url\":\"https:\/\/bolting.eu\/en\/\",\"logo\":{\"@id\":\"https:\/\/bolting.eu\/en\/shop\/edelrid-nineteen-g-set\/#local-main-organization-logo\"},\"image\":{\"@id\":\"https:\/\/bolting.eu\/en\/shop\/edelrid-nineteen-g-set\/#local-main-organization-logo\"},\"sameAs\":[\"https:\/\/www.facebook.com\/bolting.eu\",\"https:\/\/www.instagram.com\/bolting.eu\/\"],\"address\":{\"@id\":\"https:\/\/bolting.eu\/en\/shop\/edelrid-nineteen-g-set\/#local-main-place-address\"},\"geo\":{\"@type\":\"GeoCoordinates\",\"latitude\":\"47.264176340396226\",\"longitude\":\"11.380109057672346\"},\"telephone\":[\"+43 699 19083372\"],\"openingHoursSpecification\":[{\"@type\":\"OpeningHoursSpecification\",\"dayOfWeek\":[\"Monday\",\"Wednesday\",\"Friday\"],\"opens\":\"14:00\",\"closes\":\"18:00\"},{\"@type\":\"OpeningHoursSpecification\",\"dayOfWeek\":[\"Tuesday\",\"Thursday\",\"Saturday\",\"Sunday\"],\"opens\":\"00:00\",\"closes\":\"00:00\"}],\"email\":\"office@bolting.eu\",\"vatID\":\"ATU59999728\",\"priceRange\":\"$$\",\"currenciesAccepted\":\"Euro\"},{\"@type\":\"PostalAddress\",\"@id\":\"https:\/\/bolting.eu\/en\/shop\/edelrid-nineteen-g-set\/#local-main-place-address\",\"streetAddress\":\"Fischnalerstra\u00dfe 4\",\"addressLocality\":\"Innsbruck\",\"postalCode\":\"6020\",\"addressRegion\":\"Tirol\",\"addressCountry\":\"AT\"},{\"@type\":\"ImageObject\",\"inLanguage\":\"en-US\",\"@id\":\"https:\/\/bolting.eu\/en\/shop\/edelrid-nineteen-g-set\/#local-main-organization-logo\",\"url\":\"https:\/\/bolting.eu\/wp-content\/uploads\/2019\/09\/bolting-logo.png\",\"contentUrl\":\"https:\/\/bolting.eu\/wp-content\/uploads\/2019\/09\/bolting-logo.png\",\"width\":400,\"height\":211,\"caption\":\"bolting.eu\"}]}<\/script>\n<meta property=\"og:availability\" content=\"instock\" \/>\n<meta property=\"product:availability\" content=\"instock\" \/>\n<meta property=\"product:condition\" content=\"new\" \/>\n<meta name=\"geo.placename\" content=\"Innsbruck\" \/>\n<meta name=\"geo.position\" content=\"47.264176340396226;11.380109057672346\" \/>\n<meta name=\"geo.region\" content=\"Austria\" \/>\n<!-- \/ Yoast SEO Premium plugin. -->","yoast_head_json":{"title":"Edelrid Nineteen G Set - leichteste Expressschlinge der Welt | bolting.eu","description":"Hier findest Du die EDELRID NINETEEN G SET Expressen in 10cm und 18cm. Mit 46 Gramm bzw. 50 Gramm die leichtesten Expressen der Welt!","robots":{"index":"index","follow":"follow","max-snippet":"max-snippet:-1","max-image-preview":"max-image-preview:large","max-video-preview":"max-video-preview:-1"},"canonical":"https:\/\/bolting.eu\/en\/shop\/edelrid-nineteen-g-set\/","og_locale":"en_US","og_type":"article","og_title":"Edelrid Nineteen G Set","og_description":"Hier findest Du die EDELRID NINETEEN G SET Expressen in 10cm und 18cm. Mit 46 Gramm bzw. 50 Gramm die leichtesten Expressen der Welt!","og_url":"https:\/\/bolting.eu\/en\/shop\/edelrid-nineteen-g-set\/","og_site_name":"bolting.eu","article_publisher":"https:\/\/www.facebook.com\/bolting.eu","article_modified_time":"2025-10-17T17:10:17+00:00","og_image":[{"width":700,"height":700,"url":"https:\/\/bolting.eu\/wp-content\/uploads\/2021\/07\/Edelrid-Nineteen-G-Set-4.jpg","type":"image\/jpeg"}],"twitter_card":"summary_large_image","twitter_misc":{"Availability":"In stock"},"schema":{"@context":"https:\/\/schema.org","@graph":[{"@type":["WebPage","ItemPage"],"@id":"https:\/\/bolting.eu\/en\/shop\/edelrid-nineteen-g-set\/","url":"https:\/\/bolting.eu\/en\/shop\/edelrid-nineteen-g-set\/","name":"Edelrid Nineteen G Set - leichteste Expressschlinge der Welt | bolting.eu","isPartOf":{"@id":"https:\/\/bolting.eu\/en\/#website"},"primaryImageOfPage":{"@id":"https:\/\/bolting.eu\/en\/shop\/edelrid-nineteen-g-set\/#primaryimage"},"image":{"@id":"https:\/\/bolting.eu\/en\/shop\/edelrid-nineteen-g-set\/#primaryimage"},"thumbnailUrl":"https:\/\/bolting.eu\/wp-content\/uploads\/2021\/07\/Edelrid-Nineteen-G-Set-4.jpg","datePublished":"2021-07-27T09:52:30+00:00","dateModified":"2025-10-17T17:10:17+00:00","description":"Hier findest Du die EDELRID NINETEEN G SET Expressen in 10cm und 18cm. Mit 46 Gramm bzw. 50 Gramm die leichtesten Expressen der Welt!","breadcrumb":{"@id":"https:\/\/bolting.eu\/en\/shop\/edelrid-nineteen-g-set\/#breadcrumb"},"inLanguage":"en-US","potentialAction":[{"@type":"ReadAction","target":["https:\/\/bolting.eu\/en\/shop\/edelrid-nineteen-g-set\/"]}]},{"@type":"ImageObject","inLanguage":"en-US","@id":"https:\/\/bolting.eu\/en\/shop\/edelrid-nineteen-g-set\/#primaryimage","url":"https:\/\/bolting.eu\/wp-content\/uploads\/2021\/07\/Edelrid-Nineteen-G-Set-4.jpg","contentUrl":"https:\/\/bolting.eu\/wp-content\/uploads\/2021\/07\/Edelrid-Nineteen-G-Set-4.jpg","width":700,"height":700,"caption":"Das Bild zeigt die Edelrid Nineteen G Set Expressschlinge mit 10cm L\u00e4nge. Sie steht aufrecht im Bild, oben der graue KArabiner, unten der gelb-gr\u00fcne."},{"@type":"BreadcrumbList","@id":"https:\/\/bolting.eu\/en\/shop\/edelrid-nineteen-g-set\/#breadcrumb","itemListElement":[{"@type":"ListItem","position":1,"name":"Shop","item":"https:\/\/bolting.eu\/en\/shop\/"},{"@type":"ListItem","position":2,"name":"climbing equipment","item":"https:\/\/bolting.eu\/en\/produkt-kategorie\/climbing-equipment\/"},{"@type":"ListItem","position":3,"name":"Quickdraws","item":"https:\/\/bolting.eu\/en\/produkt-kategorie\/quickdraws\/"},{"@type":"ListItem","position":4,"name":"Edelrid Nineteen G Set"}]},{"@type":"WebSite","@id":"https:\/\/bolting.eu\/en\/#website","url":"https:\/\/bolting.eu\/en\/","name":"bolting.eu","description":"we make climbs happen","publisher":{"@id":"https:\/\/bolting.eu\/en\/#organization"},"potentialAction":[{"@type":"SearchAction","target":{"@type":"EntryPoint","urlTemplate":"https:\/\/bolting.eu\/en\/?s={search_term_string}"},"query-input":{"@type":"PropertyValueSpecification","valueRequired":true,"valueName":"search_term_string"}}],"inLanguage":"en-US"},{"@type":["Organization","Place","SportingGoodsStore"],"@id":"https:\/\/bolting.eu\/en\/#organization","name":"bolting.eu","url":"https:\/\/bolting.eu\/en\/","logo":{"@id":"https:\/\/bolting.eu\/en\/shop\/edelrid-nineteen-g-set\/#local-main-organization-logo"},"image":{"@id":"https:\/\/bolting.eu\/en\/shop\/edelrid-nineteen-g-set\/#local-main-organization-logo"},"sameAs":["https:\/\/www.facebook.com\/bolting.eu","https:\/\/www.instagram.com\/bolting.eu\/"],"address":{"@id":"https:\/\/bolting.eu\/en\/shop\/edelrid-nineteen-g-set\/#local-main-place-address"},"geo":{"@type":"GeoCoordinates","latitude":"47.264176340396226","longitude":"11.380109057672346"},"telephone":["+43 699 19083372"],"openingHoursSpecification":[{"@type":"OpeningHoursSpecification","dayOfWeek":["Monday","Wednesday","Friday"],"opens":"14:00","closes":"18:00"},{"@type":"OpeningHoursSpecification","dayOfWeek":["Tuesday","Thursday","Saturday","Sunday"],"opens":"00:00","closes":"00:00"}],"email":"office@bolting.eu","vatID":"ATU59999728","priceRange":"$$","currenciesAccepted":"Euro"},{"@type":"PostalAddress","@id":"https:\/\/bolting.eu\/en\/shop\/edelrid-nineteen-g-set\/#local-main-place-address","streetAddress":"Fischnalerstra\u00dfe 4","addressLocality":"Innsbruck","postalCode":"6020","addressRegion":"Tirol","addressCountry":"AT"},{"@type":"ImageObject","inLanguage":"en-US","@id":"https:\/\/bolting.eu\/en\/shop\/edelrid-nineteen-g-set\/#local-main-organization-logo","url":"https:\/\/bolting.eu\/wp-content\/uploads\/2019\/09\/bolting-logo.png","contentUrl":"https:\/\/bolting.eu\/wp-content\/uploads\/2019\/09\/bolting-logo.png","width":400,"height":211,"caption":"bolting.eu"}]},"og_availability":"instock","product_availability":"instock","product_condition":"new","geo.placename":"Innsbruck","geo.position":{"lat":"47.264176340396226","long":"11.380109057672346"},"geo.region":"Austria"},"_links":{"self":[{"href":"https:\/\/bolting.eu\/en\/wp-json\/wp\/v2\/product\/9459","targetHints":{"allow":["GET"]}}],"collection":[{"href":"https:\/\/bolting.eu\/en\/wp-json\/wp\/v2\/product"}],"about":[{"href":"https:\/\/bolting.eu\/en\/wp-json\/wp\/v2\/types\/product"}],"replies":[{"embeddable":true,"href":"https:\/\/bolting.eu\/en\/wp-json\/wp\/v2\/comments?post=9459"}],"wp:featuredmedia":[{"embeddable":true,"href":"https:\/\/bolting.eu\/en\/wp-json\/wp\/v2\/media\/9462"}],"wp:attachment":[{"href":"https:\/\/bolting.eu\/en\/wp-json\/wp\/v2\/media?parent=9459"}],"wp:term":[{"taxonomy":"product_brand","embeddable":true,"href":"https:\/\/bolting.eu\/en\/wp-json\/wp\/v2\/product_brand?post=9459"},{"taxonomy":"product_cat","embeddable":true,"href":"https:\/\/bolting.eu\/en\/wp-json\/wp\/v2\/product_cat?post=9459"},{"taxonomy":"product_tag","embeddable":true,"href":"https:\/\/bolting.eu\/en\/wp-json\/wp\/v2\/product_tag?post=9459"}],"curies":[{"name":"wp","href":"https:\/\/api.w.org\/{rel}","templated":true}]}}