{"id":9456,"date":"2021-07-27T10:18:29","date_gmt":"2021-07-27T08:18:29","guid":{"rendered":"https:\/\/bolting.eu\/?post_type=product&#038;p=9456"},"modified":"2026-04-27T14:05:10","modified_gmt":"2026-04-27T12:05:10","slug":"edelrid-bulletproof-bent","status":"publish","type":"product","link":"https:\/\/bolting.eu\/en\/shop\/edelrid-bulletproof-bent\/","title":{"rendered":"Edelrid Bulletproof Bent"},"content":{"rendered":"<p>Der Edelrid Bulletproof Bent ist ein ganz spezieller Schnappkarabiner. Denn er hat einen Stahleinsatz im Scheitel. D.h. er ist ein sogenannter Hybrid Karabiner.<\/p>\n<p>Der Stahleinsatz dient dem Schutz vor Abrieb. Das macht z.B. bei <a href=\"https:\/\/bolting.eu\/produkt-kategorie\/kletterausruestung\/expressschlingen\/\">Expressschlingen<\/a> Sinn, die immer wieder in den 1. Haken eingeh\u00e4ngt werden. Denn diese bekommen die meiste Seilreibung ab.<\/p>\n<p>Der Edelrid Bulletproof Bent kann euch somit helfen, den Verschlei\u00df eurer <a href=\"https:\/\/bolting.eu\/produkt-kategorie\/kletterausruestung\/karabiner-kletterkarabiner\/schnappkarabiner\/\">Schnappkarabiner<\/a> zu minimieren. Deshalb lohnt sich der relativ hohe Anschaffungspreis allemal. Denn der Stahleinsatz verl\u00e4ngert das Leben eurer Express(en) um ein Vielfaches.<\/p>\n<p>Bei fixen Expressen verhindert dieser Karabiner zudem auch die Scharfkantenbildung.<\/p>\n<p>Fazit. Wer viel klettert sollte zumindest eine Expressschlinge mit diesem <a href=\"https:\/\/bolting.eu\/produkt-kategorie\/kletterausruestung\/karabiner-kletterkarabiner\/\">Karabiner<\/a> ausstatten. Er hilft euch den Verschlei\u00df enorm zu reduzieren. Das ist sowohl \u00f6konomisch als auch \u00f6kologisch sinnvoll!<\/p>\n<h2>Eigenschaften Edelrid Bulletproof Bent<\/h2>\n<ul>\n<li>Hersteller: <a href=\"https:\/\/bolting.eu\/produkt-kategorie\/edelrid\/\">Edelrid<\/a><\/li>\n<li>Material: Aluminium eloxiert &#8211; Edelstahl<\/li>\n<li>Farbe: gr\u00fcn-gelb<\/li>\n<li>EN Norm 12275 bzw. UIAA 121<\/li>\n<li>Verschluss: gebogener Drahtb\u00fcgel<\/li>\n<li>Bruchlasten 24kN l\u00e4ngs \/ 8kN offen \/ 10 kN Querachse<\/li>\n<li>Gr\u00f6\u00dfe 100 x 58mm<\/li>\n<li>Schnapper\u00f6ffnung: 25mm<\/li>\n<li>Gewicht: 54 Gramm<\/li>\n<li>Stahleinsatz im Scheitel verringert Abrieb<\/li>\n<li>Made in Taiwan<\/li>\n<li><a href=\"https:\/\/media.edelrid.de\/images\/attribut\/54530_GAL_KARABINER_ANSICHT.pdf\">Gebrauchsanleitung<\/a><\/li>\n<\/ul>\n<h3>Hei\u00df geschmiedet!<\/h3>\n<p>Der Edelrid Bulletproof Bent ist einhei\u00df geschmiedeter Karabiner. Ohne diese Fertigungstechnik w\u00e4re die Konstruktion mit dem Edelstahl Inlet im Scheitel gar nicht m\u00f6glich. Denn hei\u00df geschmiedete Karabiner sind vereinfacht gesagt viel besser zu formen. Somit k\u00f6nnen auch solch spezielle Eins\u00e4tze realisiert werden.<\/p>\n<p>Zudem erm\u00f6glich diese Bauart auch das H-Profil dieses Karabiners. D.h. zum einen weniger Gewicht bei gleicher Belastbarkeit. und zum anderen ein besseres Handling durch die \u00fcberstehenden R\u00e4nder.<\/p>\n<h3>Edelrid Bulletproof Bent = gebogener Schnapper<\/h3>\n<p>Dieser Karabiner ist als seilseitiger Karabiner in Expressen gedacht. Das kann man am gebogenen Schnapper erkennen.<\/p>\n<p>Denn dieser ist durch seine Biegung extrem leicht zu klippen. Die Form sorgt automatisch daf\u00fcr, dass sich die Kraft des Zeigefingers seitlich \u00fcbertr\u00e4gt und das Seil in den Karabiner rutscht. Einfach ein mega Handling!<\/p>\n<h3>Feiner Keylock Verschluss<\/h3>\n<p>Der Edelrid Bulletproof Bent ist mit einem feinen Keylock Verschluss ausgestattet. Hierbei sind sowohl die Nase als der Schnapper perfekt abgerundet und weisen somit keinerlei scharfe Formen auf.<\/p>\n<p>Das bedeutet zum einen kein H\u00e4ngenbleiben des Seiles. Und zum anderen kein Einzwicken der Finger am Karabiner.<\/p>\n","protected":false},"excerpt":{"rendered":"<ul>\n<li>Material: Aluminium eloxiert &#8211; Edelstahl<\/li>\n<li>Farbe: gr\u00fcn-gelb<\/li>\n<li>EN Norm 12275 bzw. UIAA 121<\/li>\n<li>Verschluss: gebogener Drahtb\u00fcgel<\/li>\n<li>Bruchlasten 24kN l\u00e4ngs \/ 8kN offen \/ 10 kN Querachse<\/li>\n<li>Gr\u00f6\u00dfe 100 x 58mm<\/li>\n<li>Schnapper\u00f6ffnung: 25mm<\/li>\n<li>Gewicht: 54 Gramm<\/li>\n<li>Stahleinsatz im Scheitel verringert Abrieb<\/li>\n<li>Made in Taiwan<\/li>\n<\/ul>\n","protected":false},"featured_media":9458,"comment_status":"open","ping_status":"closed","template":"","meta":[],"product_brand":[],"product_cat":[44,3004,4655,29],"product_tag":[],"class_list":{"0":"post-9456","1":"product","2":"type-product","3":"status-publish","4":"has-post-thumbnail","6":"product_cat-kletterkarabiner","7":"product_cat-schnappkarabiner","8":"product_cat-edelrid","9":"product_cat-kletterausruestung","11":"first","12":"instock","13":"taxable","14":"shipping-taxable","15":"purchasable","16":"product-type-simple"},"yoast_head":"<!-- This site is optimized with the Yoast SEO Premium plugin v26.9 (Yoast SEO v26.9) - https:\/\/yoast.com\/product\/yoast-seo-premium-wordpress\/ -->\n<title>Edelrid Bulletproof Bent mit Stahleinsatz - online kaufen | bolting.eu<\/title>\n<meta name=\"description\" content=\"Hier findest Du den EDELRID BULLETPROOF BENT. Einen Schnappkarabiner f\u00fcr Expressen mit Stahleinsatz im Scheitel, zum Schutz gegen Abrieb!\" \/>\n<meta name=\"robots\" content=\"index, follow, max-snippet:-1, max-image-preview:large, max-video-preview:-1\" \/>\n<link rel=\"canonical\" href=\"https:\/\/bolting.eu\/en\/shop\/edelrid-bulletproof-bent\/\" \/>\n<meta property=\"og:locale\" content=\"en_US\" \/>\n<meta property=\"og:type\" content=\"article\" \/>\n<meta property=\"og:title\" content=\"Edelrid Bulletproof Bent\" \/>\n<meta property=\"og:description\" content=\"Hier findest Du den EDELRID BULLETPROOF BENT. Einen Schnappkarabiner f\u00fcr Expressen mit Stahleinsatz im Scheitel, zum Schutz gegen Abrieb!\" \/>\n<meta property=\"og:url\" content=\"https:\/\/bolting.eu\/en\/shop\/edelrid-bulletproof-bent\/\" \/>\n<meta property=\"og:site_name\" content=\"bolting.eu\" \/>\n<meta property=\"article:publisher\" content=\"https:\/\/www.facebook.com\/bolting.eu\" \/>\n<meta property=\"article:modified_time\" content=\"2026-04-27T12:05:10+00:00\" \/>\n<meta property=\"og:image\" content=\"https:\/\/bolting.eu\/wp-content\/uploads\/2021\/07\/Bulletproof-Bent-1.jpeg\" \/>\n\t<meta property=\"og:image:width\" content=\"700\" \/>\n\t<meta property=\"og:image:height\" content=\"700\" \/>\n\t<meta property=\"og:image:type\" content=\"image\/jpeg\" \/>\n<meta name=\"twitter:card\" content=\"summary_large_image\" \/>\n<meta name=\"twitter:label1\" content=\"Price\" \/>\n\t<meta name=\"twitter:data1\" content=\"&euro;&nbsp;14,90\" \/>\n\t<meta name=\"twitter:label2\" content=\"Availability\" \/>\n\t<meta name=\"twitter:data2\" content=\"In stock\" \/>\n<script type=\"application\/ld+json\" class=\"yoast-schema-graph\">{\"@context\":\"https:\/\/schema.org\",\"@graph\":[{\"@type\":[\"WebPage\",\"ItemPage\"],\"@id\":\"https:\/\/bolting.eu\/en\/shop\/edelrid-bulletproof-bent\/\",\"url\":\"https:\/\/bolting.eu\/en\/shop\/edelrid-bulletproof-bent\/\",\"name\":\"Edelrid Bulletproof Bent mit Stahleinsatz - online kaufen | bolting.eu\",\"isPartOf\":{\"@id\":\"https:\/\/bolting.eu\/en\/#website\"},\"primaryImageOfPage\":{\"@id\":\"https:\/\/bolting.eu\/en\/shop\/edelrid-bulletproof-bent\/#primaryimage\"},\"image\":{\"@id\":\"https:\/\/bolting.eu\/en\/shop\/edelrid-bulletproof-bent\/#primaryimage\"},\"thumbnailUrl\":\"https:\/\/bolting.eu\/wp-content\/uploads\/2021\/07\/Bulletproof-Bent-1.jpeg\",\"datePublished\":\"2021-07-27T08:18:29+00:00\",\"dateModified\":\"2026-04-27T12:05:10+00:00\",\"description\":\"Hier findest Du den EDELRID BULLETPROOF BENT. Einen Schnappkarabiner f\u00fcr Expressen mit Stahleinsatz im Scheitel, zum Schutz gegen Abrieb!\",\"breadcrumb\":{\"@id\":\"https:\/\/bolting.eu\/en\/shop\/edelrid-bulletproof-bent\/#breadcrumb\"},\"inLanguage\":\"en-US\",\"potentialAction\":[{\"@type\":\"ReadAction\",\"target\":[\"https:\/\/bolting.eu\/en\/shop\/edelrid-bulletproof-bent\/\"]}]},{\"@type\":\"ImageObject\",\"inLanguage\":\"en-US\",\"@id\":\"https:\/\/bolting.eu\/en\/shop\/edelrid-bulletproof-bent\/#primaryimage\",\"url\":\"https:\/\/bolting.eu\/wp-content\/uploads\/2021\/07\/Bulletproof-Bent-1.jpeg\",\"contentUrl\":\"https:\/\/bolting.eu\/wp-content\/uploads\/2021\/07\/Bulletproof-Bent-1.jpeg\",\"width\":700,\"height\":700,\"caption\":\"Das Bild zeigt den gr\u00fcn-gelben Edelrid Bulletproof Bent mit silbernen Stahlinlet im Scheitel. Der Schnapper ist links.\"},{\"@type\":\"BreadcrumbList\",\"@id\":\"https:\/\/bolting.eu\/en\/shop\/edelrid-bulletproof-bent\/#breadcrumb\",\"itemListElement\":[{\"@type\":\"ListItem\",\"position\":1,\"name\":\"Shop\",\"item\":\"https:\/\/bolting.eu\/en\/shop\/\"},{\"@type\":\"ListItem\",\"position\":2,\"name\":\"climbing equipment\",\"item\":\"https:\/\/bolting.eu\/en\/produkt-kategorie\/climbing-equipment\/\"},{\"@type\":\"ListItem\",\"position\":3,\"name\":\"Climbing carabiner\",\"item\":\"https:\/\/bolting.eu\/en\/produkt-kategorie\/climbing-carabiner\/\"},{\"@type\":\"ListItem\",\"position\":4,\"name\":\"snapgate carabiner\",\"item\":\"https:\/\/bolting.eu\/en\/produkt-kategorie\/snapgate-carabiner\/\"},{\"@type\":\"ListItem\",\"position\":5,\"name\":\"Edelrid Bulletproof Bent\"}]},{\"@type\":\"WebSite\",\"@id\":\"https:\/\/bolting.eu\/en\/#website\",\"url\":\"https:\/\/bolting.eu\/en\/\",\"name\":\"bolting.eu\",\"description\":\"we make climbs happen\",\"publisher\":{\"@id\":\"https:\/\/bolting.eu\/en\/#organization\"},\"potentialAction\":[{\"@type\":\"SearchAction\",\"target\":{\"@type\":\"EntryPoint\",\"urlTemplate\":\"https:\/\/bolting.eu\/en\/?s={search_term_string}\"},\"query-input\":{\"@type\":\"PropertyValueSpecification\",\"valueRequired\":true,\"valueName\":\"search_term_string\"}}],\"inLanguage\":\"en-US\"},{\"@type\":[\"Organization\",\"Place\",\"SportingGoodsStore\"],\"@id\":\"https:\/\/bolting.eu\/en\/#organization\",\"name\":\"bolting.eu\",\"url\":\"https:\/\/bolting.eu\/en\/\",\"logo\":{\"@id\":\"https:\/\/bolting.eu\/en\/shop\/edelrid-bulletproof-bent\/#local-main-organization-logo\"},\"image\":{\"@id\":\"https:\/\/bolting.eu\/en\/shop\/edelrid-bulletproof-bent\/#local-main-organization-logo\"},\"sameAs\":[\"https:\/\/www.facebook.com\/bolting.eu\",\"https:\/\/www.instagram.com\/bolting.eu\/\"],\"address\":{\"@id\":\"https:\/\/bolting.eu\/en\/shop\/edelrid-bulletproof-bent\/#local-main-place-address\"},\"geo\":{\"@type\":\"GeoCoordinates\",\"latitude\":\"47.264176340396226\",\"longitude\":\"11.380109057672346\"},\"telephone\":[\"+43 699 19083372\"],\"openingHoursSpecification\":[{\"@type\":\"OpeningHoursSpecification\",\"dayOfWeek\":[\"Monday\",\"Wednesday\",\"Friday\"],\"opens\":\"14:00\",\"closes\":\"18:00\"},{\"@type\":\"OpeningHoursSpecification\",\"dayOfWeek\":[\"Tuesday\",\"Thursday\",\"Saturday\",\"Sunday\"],\"opens\":\"00:00\",\"closes\":\"00:00\"}],\"email\":\"office@bolting.eu\",\"vatID\":\"ATU59999728\",\"priceRange\":\"$$\",\"currenciesAccepted\":\"Euro\"},{\"@type\":\"PostalAddress\",\"@id\":\"https:\/\/bolting.eu\/en\/shop\/edelrid-bulletproof-bent\/#local-main-place-address\",\"streetAddress\":\"Fischnalerstra\u00dfe 4\",\"addressLocality\":\"Innsbruck\",\"postalCode\":\"6020\",\"addressRegion\":\"Tirol\",\"addressCountry\":\"AT\"},{\"@type\":\"ImageObject\",\"inLanguage\":\"en-US\",\"@id\":\"https:\/\/bolting.eu\/en\/shop\/edelrid-bulletproof-bent\/#local-main-organization-logo\",\"url\":\"https:\/\/bolting.eu\/wp-content\/uploads\/2019\/09\/bolting-logo.png\",\"contentUrl\":\"https:\/\/bolting.eu\/wp-content\/uploads\/2019\/09\/bolting-logo.png\",\"width\":400,\"height\":211,\"caption\":\"bolting.eu\"}]}<\/script>\n<meta property=\"product:price:amount\" content=\"14.90\" \/>\n<meta property=\"product:price:currency\" content=\"EUR\" \/>\n<meta property=\"og:availability\" content=\"instock\" \/>\n<meta property=\"product:availability\" content=\"instock\" \/>\n<meta property=\"product:retailer_item_id\" content=\"737170001380\" \/>\n<meta property=\"product:condition\" content=\"new\" \/>\n<meta name=\"geo.placename\" content=\"Innsbruck\" \/>\n<meta name=\"geo.position\" content=\"47.264176340396226;11.380109057672346\" \/>\n<meta name=\"geo.region\" content=\"Austria\" \/>\n<!-- \/ Yoast SEO Premium plugin. -->","yoast_head_json":{"title":"Edelrid Bulletproof Bent mit Stahleinsatz - online kaufen | bolting.eu","description":"Hier findest Du den EDELRID BULLETPROOF BENT. Einen Schnappkarabiner f\u00fcr Expressen mit Stahleinsatz im Scheitel, zum Schutz gegen Abrieb!","robots":{"index":"index","follow":"follow","max-snippet":"max-snippet:-1","max-image-preview":"max-image-preview:large","max-video-preview":"max-video-preview:-1"},"canonical":"https:\/\/bolting.eu\/en\/shop\/edelrid-bulletproof-bent\/","og_locale":"en_US","og_type":"article","og_title":"Edelrid Bulletproof Bent","og_description":"Hier findest Du den EDELRID BULLETPROOF BENT. Einen Schnappkarabiner f\u00fcr Expressen mit Stahleinsatz im Scheitel, zum Schutz gegen Abrieb!","og_url":"https:\/\/bolting.eu\/en\/shop\/edelrid-bulletproof-bent\/","og_site_name":"bolting.eu","article_publisher":"https:\/\/www.facebook.com\/bolting.eu","article_modified_time":"2026-04-27T12:05:10+00:00","og_image":[{"width":700,"height":700,"url":"https:\/\/bolting.eu\/wp-content\/uploads\/2021\/07\/Bulletproof-Bent-1.jpeg","type":"image\/jpeg"}],"twitter_card":"summary_large_image","twitter_misc":{"Price":"&euro;&nbsp;14,90","Availability":"In stock"},"schema":{"@context":"https:\/\/schema.org","@graph":[{"@type":["WebPage","ItemPage"],"@id":"https:\/\/bolting.eu\/en\/shop\/edelrid-bulletproof-bent\/","url":"https:\/\/bolting.eu\/en\/shop\/edelrid-bulletproof-bent\/","name":"Edelrid Bulletproof Bent mit Stahleinsatz - online kaufen | bolting.eu","isPartOf":{"@id":"https:\/\/bolting.eu\/en\/#website"},"primaryImageOfPage":{"@id":"https:\/\/bolting.eu\/en\/shop\/edelrid-bulletproof-bent\/#primaryimage"},"image":{"@id":"https:\/\/bolting.eu\/en\/shop\/edelrid-bulletproof-bent\/#primaryimage"},"thumbnailUrl":"https:\/\/bolting.eu\/wp-content\/uploads\/2021\/07\/Bulletproof-Bent-1.jpeg","datePublished":"2021-07-27T08:18:29+00:00","dateModified":"2026-04-27T12:05:10+00:00","description":"Hier findest Du den EDELRID BULLETPROOF BENT. Einen Schnappkarabiner f\u00fcr Expressen mit Stahleinsatz im Scheitel, zum Schutz gegen Abrieb!","breadcrumb":{"@id":"https:\/\/bolting.eu\/en\/shop\/edelrid-bulletproof-bent\/#breadcrumb"},"inLanguage":"en-US","potentialAction":[{"@type":"ReadAction","target":["https:\/\/bolting.eu\/en\/shop\/edelrid-bulletproof-bent\/"]}]},{"@type":"ImageObject","inLanguage":"en-US","@id":"https:\/\/bolting.eu\/en\/shop\/edelrid-bulletproof-bent\/#primaryimage","url":"https:\/\/bolting.eu\/wp-content\/uploads\/2021\/07\/Bulletproof-Bent-1.jpeg","contentUrl":"https:\/\/bolting.eu\/wp-content\/uploads\/2021\/07\/Bulletproof-Bent-1.jpeg","width":700,"height":700,"caption":"Das Bild zeigt den gr\u00fcn-gelben Edelrid Bulletproof Bent mit silbernen Stahlinlet im Scheitel. Der Schnapper ist links."},{"@type":"BreadcrumbList","@id":"https:\/\/bolting.eu\/en\/shop\/edelrid-bulletproof-bent\/#breadcrumb","itemListElement":[{"@type":"ListItem","position":1,"name":"Shop","item":"https:\/\/bolting.eu\/en\/shop\/"},{"@type":"ListItem","position":2,"name":"climbing equipment","item":"https:\/\/bolting.eu\/en\/produkt-kategorie\/climbing-equipment\/"},{"@type":"ListItem","position":3,"name":"Climbing carabiner","item":"https:\/\/bolting.eu\/en\/produkt-kategorie\/climbing-carabiner\/"},{"@type":"ListItem","position":4,"name":"snapgate carabiner","item":"https:\/\/bolting.eu\/en\/produkt-kategorie\/snapgate-carabiner\/"},{"@type":"ListItem","position":5,"name":"Edelrid Bulletproof Bent"}]},{"@type":"WebSite","@id":"https:\/\/bolting.eu\/en\/#website","url":"https:\/\/bolting.eu\/en\/","name":"bolting.eu","description":"we make climbs happen","publisher":{"@id":"https:\/\/bolting.eu\/en\/#organization"},"potentialAction":[{"@type":"SearchAction","target":{"@type":"EntryPoint","urlTemplate":"https:\/\/bolting.eu\/en\/?s={search_term_string}"},"query-input":{"@type":"PropertyValueSpecification","valueRequired":true,"valueName":"search_term_string"}}],"inLanguage":"en-US"},{"@type":["Organization","Place","SportingGoodsStore"],"@id":"https:\/\/bolting.eu\/en\/#organization","name":"bolting.eu","url":"https:\/\/bolting.eu\/en\/","logo":{"@id":"https:\/\/bolting.eu\/en\/shop\/edelrid-bulletproof-bent\/#local-main-organization-logo"},"image":{"@id":"https:\/\/bolting.eu\/en\/shop\/edelrid-bulletproof-bent\/#local-main-organization-logo"},"sameAs":["https:\/\/www.facebook.com\/bolting.eu","https:\/\/www.instagram.com\/bolting.eu\/"],"address":{"@id":"https:\/\/bolting.eu\/en\/shop\/edelrid-bulletproof-bent\/#local-main-place-address"},"geo":{"@type":"GeoCoordinates","latitude":"47.264176340396226","longitude":"11.380109057672346"},"telephone":["+43 699 19083372"],"openingHoursSpecification":[{"@type":"OpeningHoursSpecification","dayOfWeek":["Monday","Wednesday","Friday"],"opens":"14:00","closes":"18:00"},{"@type":"OpeningHoursSpecification","dayOfWeek":["Tuesday","Thursday","Saturday","Sunday"],"opens":"00:00","closes":"00:00"}],"email":"office@bolting.eu","vatID":"ATU59999728","priceRange":"$$","currenciesAccepted":"Euro"},{"@type":"PostalAddress","@id":"https:\/\/bolting.eu\/en\/shop\/edelrid-bulletproof-bent\/#local-main-place-address","streetAddress":"Fischnalerstra\u00dfe 4","addressLocality":"Innsbruck","postalCode":"6020","addressRegion":"Tirol","addressCountry":"AT"},{"@type":"ImageObject","inLanguage":"en-US","@id":"https:\/\/bolting.eu\/en\/shop\/edelrid-bulletproof-bent\/#local-main-organization-logo","url":"https:\/\/bolting.eu\/wp-content\/uploads\/2019\/09\/bolting-logo.png","contentUrl":"https:\/\/bolting.eu\/wp-content\/uploads\/2019\/09\/bolting-logo.png","width":400,"height":211,"caption":"bolting.eu"}]},"product_price_amount":"14.90","product_price_currency":"EUR","og_availability":"instock","product_availability":"instock","product_retailer_item_id":"737170001380","product_condition":"new","geo.placename":"Innsbruck","geo.position":{"lat":"47.264176340396226","long":"11.380109057672346"},"geo.region":"Austria"},"_links":{"self":[{"href":"https:\/\/bolting.eu\/en\/wp-json\/wp\/v2\/product\/9456","targetHints":{"allow":["GET"]}}],"collection":[{"href":"https:\/\/bolting.eu\/en\/wp-json\/wp\/v2\/product"}],"about":[{"href":"https:\/\/bolting.eu\/en\/wp-json\/wp\/v2\/types\/product"}],"replies":[{"embeddable":true,"href":"https:\/\/bolting.eu\/en\/wp-json\/wp\/v2\/comments?post=9456"}],"wp:featuredmedia":[{"embeddable":true,"href":"https:\/\/bolting.eu\/en\/wp-json\/wp\/v2\/media\/9458"}],"wp:attachment":[{"href":"https:\/\/bolting.eu\/en\/wp-json\/wp\/v2\/media?parent=9456"}],"wp:term":[{"taxonomy":"product_brand","embeddable":true,"href":"https:\/\/bolting.eu\/en\/wp-json\/wp\/v2\/product_brand?post=9456"},{"taxonomy":"product_cat","embeddable":true,"href":"https:\/\/bolting.eu\/en\/wp-json\/wp\/v2\/product_cat?post=9456"},{"taxonomy":"product_tag","embeddable":true,"href":"https:\/\/bolting.eu\/en\/wp-json\/wp\/v2\/product_tag?post=9456"}],"curies":[{"name":"wp","href":"https:\/\/api.w.org\/{rel}","templated":true}]}}