{"id":9424,"date":"2021-07-26T12:32:20","date_gmt":"2021-07-26T10:32:20","guid":{"rendered":"https:\/\/bolting.eu\/?post_type=product&#038;p=9424"},"modified":"2025-12-17T16:47:00","modified_gmt":"2025-12-17T15:47:00","slug":"petzl-freino-z","status":"publish","type":"product","link":"https:\/\/bolting.eu\/en\/shop\/petzl-freino-z\/","title":{"rendered":"Petzl Freino Z"},"content":{"rendered":"<p>Der Petzl Freino Z ist ein ganz spezieller <a href=\"https:\/\/bolting.eu\/produkt-kategorie\/kletterausruestung\/karabiner-kletterkarabiner\/twist-lock-karabiner\/\">Twist Lock Karabiner<\/a>. Ihr findet ihn hier als 2-Wege und 3- Wege (=Triact-Lock) Modell.<\/p>\n<p>Er dient zur Erh\u00f6hung der Reibung f\u00fcr die Abseilger\u00e4te. Das 2-Wege wird empfohlen f\u00fcr das <a href=\"https:\/\/bolting.eu\/shop\/petzl-simple\/\">Simple<\/a> und <a href=\"https:\/\/bolting.eu\/shop\/petzl-stop\/\">Stop<\/a>. Die Triact-Lock Variante f\u00fcr <a href=\"https:\/\/bolting.eu\/shop\/petzl-id-s\/\">I\u00b4D S<\/a>, I\u00b4D L, <a href=\"https:\/\/bolting.eu\/shop\/petzl-rig\/\">Rig<\/a> und I\u00b4D Evac.<\/p>\n<p>Der Karabiner besitzt seitlich einen Bremshaken. Hier wird das Bremsseil durchgef\u00fchrt und und erh\u00f6ht somit die Reibung. Das ist z.B. sinnvoll, wenn man ein Abseilger\u00e4t abbinden will oder sehr lange Abseilfahrten vor hat.<\/p>\n<p>Folglich ist dieses Modell ganz klar etwas f\u00fcr Speleologen bzw. eure <a href=\"https:\/\/bolting.eu\/produkt-kategorie\/industriekletter-ausruestung\/\">Industriekletter Ausr\u00fcstung<\/a>.<\/p>\n<p>F\u00fcr Sicherungsger\u00e4te wie z.B. GriGri verwendet man die Standard Variante!<\/p>\n<h3>Eigenschaften Petzl Freino Z<\/h3>\n<ul>\n<li>Hersteller:\u00a0<a href=\"https:\/\/bolting.eu\/produkt-kategorie\/petzl\/\">Petzl<\/a><\/li>\n<li>Material: Aluminium eloxiert<\/li>\n<li>Farbe: matt grau<\/li>\n<li>EN Norm EN 362<\/li>\n<li>Verschluss: 2-Wege oder Triact-Lock (3-Wege Twist Lock)<\/li>\n<li>Bruchlasten 23kN l\u00e4ngs \/ 8kN offen \/ 8 kN Querachse<\/li>\n<li>Gr\u00f6\u00dfe 98 x 76mm<\/li>\n<li>Schnapper\u00f6ffnung: 18mm<\/li>\n<li>Gewicht: 75 Gramm<\/li>\n<li>Made in France<\/li>\n<li>erh\u00f6ht Reibung des Seiles durch zus\u00e4tzlichen Bremshaken<\/li>\n<li><strong>2-Wege Modell<\/strong>: f\u00fcr Speleo Abseilger\u00e4te wie Simple oder Stop<\/li>\n<li><strong>3-Wege Modell:<\/strong> f\u00fcr alle ID H\u00f6henarbeiter Abseilger\u00e4te und das Rig<\/li>\n<li><a href=\"https:\/\/www.petzl.com\/sfc\/servlet.shepherd\/version\/download\/0681r00000BB8b7AAD\" target=\"_blank\" rel=\"noopener\">Gebrauchsanleitung<\/a><\/li>\n<\/ul>\n<figure id=\"attachment_18767\" aria-describedby=\"caption-attachment-18767\" style=\"width: 800px\" class=\"wp-caption alignnone\"><a href=\"https:\/\/bolting.eu\/wp-content\/uploads\/2021\/07\/Petzl-Freino-Z-Varianten.jpg\"><img loading=\"lazy\" decoding=\"async\" class=\"wp-image-18767 size-medium\" src=\"https:\/\/bolting.eu\/wp-content\/uploads\/2021\/07\/Petzl-Freino-Z-Varianten-800x400.jpg\" alt=\"Grafik mit den zwei Petzl Freino Z Modellen und Angabe von passenden Abseilger\u00e4ten dazu.\" width=\"800\" height=\"400\" srcset=\"https:\/\/bolting.eu\/wp-content\/uploads\/2021\/07\/Petzl-Freino-Z-Varianten-800x400.jpg 800w, https:\/\/bolting.eu\/wp-content\/uploads\/2021\/07\/Petzl-Freino-Z-Varianten-768x384.jpg 768w, https:\/\/bolting.eu\/wp-content\/uploads\/2021\/07\/Petzl-Freino-Z-Varianten-510x255.jpg 510w, https:\/\/bolting.eu\/wp-content\/uploads\/2021\/07\/Petzl-Freino-Z-Varianten-100x50.jpg 100w, https:\/\/bolting.eu\/wp-content\/uploads\/2021\/07\/Petzl-Freino-Z-Varianten.jpg 1200w\" sizes=\"auto, (max-width: 800px) 100vw, 800px\" \/><\/a><figcaption id=\"caption-attachment-18767\" class=\"wp-caption-text\">Beachtet: die Triact-Lock und Twist-Lock Variante sind f\u00fcr unterschiedliche Abseilger\u00e4te!<\/figcaption><\/figure>\n<h3>Wieso mehr Bremswirkung?<\/h3>\n<p>Der Freino Z von Petzl erh\u00f6ht die Reibung beim Bremsseil. Alles gut. Aber wieso will man das denn?<\/p>\n<p>Zum einen kann dies beim Abseilen sein. Z.B. bei einem halbstatischen Seil und Verwendung des Simple. Hier ist es einfach gut einen zus\u00e4tzlichen Reibungspunkt zu haben.<\/p>\n<p>Zum anderen wegen schweren Lasten. Das kann beispielsweise bei der Personenrettung der Fall sein.<\/p>\n<p>Ein weiterer Klassiker ist das Abseilen bei Big Walls mit dem Haulbag zwischen den Beinen.<\/p>\n<p>Alle diese Anwendungen haben eines gemeinsam. Man ist heilfroh, wenn man die Bremshand entlasten kann!<\/p>\n<h3>Petzl Freino Z = Twist Lock Karabiner<\/h3>\n<p>Diesen Karabiner gibt es als 2-Wege oder 3-Wege Modell. Folglich l\u00e4sst er sich nicht unabsichtlich \u00f6ffnen bzw. kann er nicht einfach &#8220;so&#8221; aufspringen.<\/p>\n<p>Denn hier hei\u00dft es: &#8220;Hochschieben &#8211; Drehen &#8211; Knicken&#8221;. Anders l\u00e4sst sich der Karabiner nicht \u00f6ffnen.<\/p>\n<p>Das 3-Wege System hei\u00dft bei Petzl \u00fcbrigens Triact-Lock. Ihr findet es laufend in unserem <a href=\"https:\/\/bolting.eu\/industrieklettershop\/\">Industrieklettershop<\/a>.<\/p>\n<h3>Drehung sch\u00fctzt vor Hinunterfallen<\/h3>\n<p><a href=\"https:\/\/bolting.eu\/wp-content\/uploads\/2021\/07\/Petzl-Freino-Z-4.jpg\"><img loading=\"lazy\" decoding=\"async\" class=\"wp-image-9425 size-thumbnail\" src=\"https:\/\/bolting.eu\/wp-content\/uploads\/2021\/07\/Petzl-Freino-Z-4-280x280.jpg\" alt=\"Das Bild zeigt den Petzl Freino Z Karabiner in einem schematisch dargestellten Sicherungsger\u00e4t fixiert.\" width=\"280\" height=\"280\" srcset=\"https:\/\/bolting.eu\/wp-content\/uploads\/2021\/07\/Petzl-Freino-Z-4-280x280.jpg 280w, https:\/\/bolting.eu\/wp-content\/uploads\/2021\/07\/Petzl-Freino-Z-4-100x100.jpg 100w, https:\/\/bolting.eu\/wp-content\/uploads\/2021\/07\/Petzl-Freino-Z-4-510x510.jpg 510w, https:\/\/bolting.eu\/wp-content\/uploads\/2021\/07\/Petzl-Freino-Z-4-400x400.jpg 400w, https:\/\/bolting.eu\/wp-content\/uploads\/2021\/07\/Petzl-Freino-Z-4-300x300.jpg 300w, https:\/\/bolting.eu\/wp-content\/uploads\/2021\/07\/Petzl-Freino-Z-4-600x600.jpg 600w, https:\/\/bolting.eu\/wp-content\/uploads\/2021\/07\/Petzl-Freino-Z-4.jpg 700w\" sizes=\"auto, (max-width: 280px) 100vw, 280px\" \/><\/a><\/p>\n<p>Wer den Petzl Freino Z im Sicherungsger\u00e4t um 90\u00b0 dreht, fixiert den Karabiner. Somit kann er nicht mehr hinunterfallen.<\/p>\n<p>D.h. man muss den Karabiner nicht ganz aush\u00e4ngen. Man kann ihn auch inkl. dem Sicherungsger\u00e4t aus dem <a href=\"https:\/\/bolting.eu\/produkt-kategorie\/industriekletter-ausruestung\/industrieklettergurt\/\">Industrieklettergurt<\/a> oder dem <a href=\"https:\/\/bolting.eu\/produkt-kategorie\/industriekletter-ausruestung\/anschlagmittel\/\">Anschlagmittel<\/a> aush\u00e4ngen.<\/p>\n","protected":false},"excerpt":{"rendered":"<p>Spezieller Twist-Lock bzw. Bremskarabiner f\u00fcr Petzl Abseilger\u00e4te. Als 2-Wege oder 3-Wege Variante erh\u00e4ltlich.<\/p>\n<p>Zum einen f\u00fcr H\u00f6henarbeiter Produkte wie ID S oder Rig. Und zum anderen f\u00fcr Speleo Abseilger\u00e4te wie Simple oder Stop.<\/p>\n<p>Versandkostenfrei bis 2kg in <img decoding=\"async\" class=\"emoji\" role=\"img\" draggable=\"false\" src=\"https:\/\/s.w.org\/images\/core\/emoji\/14.0.0\/svg\/1f1e6-1f1f9.svg\" alt=\"\ud83c\udde6\ud83c\uddf9\" \/> ab \u20ac 100,- und <img decoding=\"async\" class=\"emoji\" role=\"img\" draggable=\"false\" src=\"https:\/\/s.w.org\/images\/core\/emoji\/14.0.0\/svg\/1f1e9-1f1ea.svg\" alt=\"\ud83c\udde9\ud83c\uddea\" \/> ab \u20ac 200,-!<\/p>\n","protected":false},"featured_media":9428,"comment_status":"open","ping_status":"closed","template":"","meta":[],"product_brand":[],"product_cat":[13932,14093,14193,14513,29,14749,44],"product_tag":[],"class_list":{"0":"post-9424","1":"product","2":"type-product","3":"status-publish","4":"has-post-thumbnail","6":"product_cat-twist-lock-karabiner","7":"product_cat-petzl","8":"product_cat-sicherungskarabiner","9":"product_cat-industriekletter-ausruestung","10":"product_cat-kletterausruestung","11":"product_cat-verbindungselemente","12":"product_cat-kletterkarabiner","14":"first","15":"instock","16":"sale","17":"taxable","18":"shipping-taxable","19":"purchasable","20":"product-type-variable"},"yoast_head":"<!-- This site is optimized with the Yoast SEO Premium plugin v26.9 (Yoast SEO v26.9) - https:\/\/yoast.com\/product\/yoast-seo-premium-wordpress\/ -->\n<title>Petzl Freino Z Karabiner mit Bremshaken | bolting.eu<\/title>\n<meta name=\"description\" content=\"PETZL FREINO Z beim Kletter Hardwareprofi aus Innsbruck - Tirol kaufen \u2705 kostenloser Versand* \u2705 14 Tage R\u00fcckgaberecht \u2705 Co2 neutraler Versand\" \/>\n<meta name=\"robots\" content=\"index, follow, max-snippet:-1, max-image-preview:large, max-video-preview:-1\" \/>\n<link rel=\"canonical\" href=\"https:\/\/bolting.eu\/en\/shop\/petzl-freino-z\/\" \/>\n<meta property=\"og:locale\" content=\"en_US\" \/>\n<meta property=\"og:type\" content=\"article\" \/>\n<meta property=\"og:title\" content=\"Petzl Freino Z\" \/>\n<meta property=\"og:description\" content=\"PETZL FREINO Z beim Kletter Hardwareprofi aus Innsbruck - Tirol kaufen \u2705 kostenloser Versand* \u2705 14 Tage R\u00fcckgaberecht \u2705 Co2 neutraler Versand\" \/>\n<meta property=\"og:url\" content=\"https:\/\/bolting.eu\/en\/shop\/petzl-freino-z\/\" \/>\n<meta property=\"og:site_name\" content=\"bolting.eu\" \/>\n<meta property=\"article:publisher\" content=\"https:\/\/www.facebook.com\/bolting.eu\" \/>\n<meta property=\"article:modified_time\" content=\"2025-12-17T15:47:00+00:00\" \/>\n<meta property=\"og:image\" content=\"https:\/\/bolting.eu\/wp-content\/uploads\/2021\/07\/Petzl-Freino-Z-1.jpg\" \/>\n\t<meta property=\"og:image:width\" content=\"700\" \/>\n\t<meta property=\"og:image:height\" content=\"700\" \/>\n\t<meta property=\"og:image:type\" content=\"image\/jpeg\" \/>\n<meta name=\"twitter:card\" content=\"summary_large_image\" \/>\n<meta name=\"twitter:label1\" content=\"Availability\" \/>\n\t<meta name=\"twitter:data1\" content=\"In stock\" \/>\n<script type=\"application\/ld+json\" class=\"yoast-schema-graph\">{\"@context\":\"https:\/\/schema.org\",\"@graph\":[{\"@type\":[\"WebPage\",\"ItemPage\"],\"@id\":\"https:\/\/bolting.eu\/en\/shop\/petzl-freino-z\/\",\"url\":\"https:\/\/bolting.eu\/en\/shop\/petzl-freino-z\/\",\"name\":\"Petzl Freino Z Karabiner mit Bremshaken | bolting.eu\",\"isPartOf\":{\"@id\":\"https:\/\/bolting.eu\/en\/#website\"},\"primaryImageOfPage\":{\"@id\":\"https:\/\/bolting.eu\/en\/shop\/petzl-freino-z\/#primaryimage\"},\"image\":{\"@id\":\"https:\/\/bolting.eu\/en\/shop\/petzl-freino-z\/#primaryimage\"},\"thumbnailUrl\":\"https:\/\/bolting.eu\/wp-content\/uploads\/2021\/07\/Petzl-Freino-Z-1.jpg\",\"datePublished\":\"2021-07-26T10:32:20+00:00\",\"dateModified\":\"2025-12-17T15:47:00+00:00\",\"description\":\"PETZL FREINO Z beim Kletter Hardwareprofi aus Innsbruck - Tirol kaufen \u2705 kostenloser Versand* \u2705 14 Tage R\u00fcckgaberecht \u2705 Co2 neutraler Versand\",\"breadcrumb\":{\"@id\":\"https:\/\/bolting.eu\/en\/shop\/petzl-freino-z\/#breadcrumb\"},\"inLanguage\":\"en-US\",\"potentialAction\":[{\"@type\":\"ReadAction\",\"target\":[\"https:\/\/bolting.eu\/en\/shop\/petzl-freino-z\/\"]}]},{\"@type\":\"ImageObject\",\"inLanguage\":\"en-US\",\"@id\":\"https:\/\/bolting.eu\/en\/shop\/petzl-freino-z\/#primaryimage\",\"url\":\"https:\/\/bolting.eu\/wp-content\/uploads\/2021\/07\/Petzl-Freino-Z-1.jpg\",\"contentUrl\":\"https:\/\/bolting.eu\/wp-content\/uploads\/2021\/07\/Petzl-Freino-Z-1.jpg\",\"width\":700,\"height\":700,\"caption\":\"Anthrazitfarbener Petzl Freino Z Karabiner mit goldenem Drehverschluss.\"},{\"@type\":\"BreadcrumbList\",\"@id\":\"https:\/\/bolting.eu\/en\/shop\/petzl-freino-z\/#breadcrumb\",\"itemListElement\":[{\"@type\":\"ListItem\",\"position\":1,\"name\":\"Shop\",\"item\":\"https:\/\/bolting.eu\/en\/shop\/\"},{\"@type\":\"ListItem\",\"position\":2,\"name\":\"Industrial climbing gear\",\"item\":\"https:\/\/bolting.eu\/en\/produkt-kategorie\/industrial-climbing-gear\/\"},{\"@type\":\"ListItem\",\"position\":3,\"name\":\"Verbindungselemente\",\"item\":\"https:\/\/bolting.eu\/produkt-kategorie\/industriekletter-ausruestung\/verbindungselemente\/\"},{\"@type\":\"ListItem\",\"position\":4,\"name\":\"Petzl Freino Z\"}]},{\"@type\":\"WebSite\",\"@id\":\"https:\/\/bolting.eu\/en\/#website\",\"url\":\"https:\/\/bolting.eu\/en\/\",\"name\":\"bolting.eu\",\"description\":\"we make climbs happen\",\"publisher\":{\"@id\":\"https:\/\/bolting.eu\/en\/#organization\"},\"potentialAction\":[{\"@type\":\"SearchAction\",\"target\":{\"@type\":\"EntryPoint\",\"urlTemplate\":\"https:\/\/bolting.eu\/en\/?s={search_term_string}\"},\"query-input\":{\"@type\":\"PropertyValueSpecification\",\"valueRequired\":true,\"valueName\":\"search_term_string\"}}],\"inLanguage\":\"en-US\"},{\"@type\":[\"Organization\",\"Place\",\"SportingGoodsStore\"],\"@id\":\"https:\/\/bolting.eu\/en\/#organization\",\"name\":\"bolting.eu\",\"url\":\"https:\/\/bolting.eu\/en\/\",\"logo\":{\"@id\":\"https:\/\/bolting.eu\/en\/shop\/petzl-freino-z\/#local-main-organization-logo\"},\"image\":{\"@id\":\"https:\/\/bolting.eu\/en\/shop\/petzl-freino-z\/#local-main-organization-logo\"},\"sameAs\":[\"https:\/\/www.facebook.com\/bolting.eu\",\"https:\/\/www.instagram.com\/bolting.eu\/\"],\"address\":{\"@id\":\"https:\/\/bolting.eu\/en\/shop\/petzl-freino-z\/#local-main-place-address\"},\"geo\":{\"@type\":\"GeoCoordinates\",\"latitude\":\"47.264176340396226\",\"longitude\":\"11.380109057672346\"},\"telephone\":[\"+43 699 19083372\"],\"openingHoursSpecification\":[{\"@type\":\"OpeningHoursSpecification\",\"dayOfWeek\":[\"Monday\",\"Wednesday\",\"Friday\"],\"opens\":\"14:00\",\"closes\":\"18:00\"},{\"@type\":\"OpeningHoursSpecification\",\"dayOfWeek\":[\"Tuesday\",\"Thursday\",\"Saturday\",\"Sunday\"],\"opens\":\"00:00\",\"closes\":\"00:00\"}],\"email\":\"office@bolting.eu\",\"vatID\":\"ATU59999728\",\"priceRange\":\"$$\",\"currenciesAccepted\":\"Euro\"},{\"@type\":\"PostalAddress\",\"@id\":\"https:\/\/bolting.eu\/en\/shop\/petzl-freino-z\/#local-main-place-address\",\"streetAddress\":\"Fischnalerstra\u00dfe 4\",\"addressLocality\":\"Innsbruck\",\"postalCode\":\"6020\",\"addressRegion\":\"Tirol\",\"addressCountry\":\"AT\"},{\"@type\":\"ImageObject\",\"inLanguage\":\"en-US\",\"@id\":\"https:\/\/bolting.eu\/en\/shop\/petzl-freino-z\/#local-main-organization-logo\",\"url\":\"https:\/\/bolting.eu\/wp-content\/uploads\/2019\/09\/bolting-logo.png\",\"contentUrl\":\"https:\/\/bolting.eu\/wp-content\/uploads\/2019\/09\/bolting-logo.png\",\"width\":400,\"height\":211,\"caption\":\"bolting.eu\"}]}<\/script>\n<meta property=\"og:availability\" content=\"instock\" \/>\n<meta property=\"product:availability\" content=\"instock\" \/>\n<meta property=\"product:retailer_item_id\" content=\"M042AA00\" \/>\n<meta property=\"product:condition\" content=\"new\" \/>\n<meta name=\"geo.placename\" content=\"Innsbruck\" \/>\n<meta name=\"geo.position\" content=\"47.264176340396226;11.380109057672346\" \/>\n<meta name=\"geo.region\" content=\"Austria\" \/>\n<!-- \/ Yoast SEO Premium plugin. -->","yoast_head_json":{"title":"Petzl Freino Z Karabiner mit Bremshaken | bolting.eu","description":"PETZL FREINO Z beim Kletter Hardwareprofi aus Innsbruck - Tirol kaufen \u2705 kostenloser Versand* \u2705 14 Tage R\u00fcckgaberecht \u2705 Co2 neutraler Versand","robots":{"index":"index","follow":"follow","max-snippet":"max-snippet:-1","max-image-preview":"max-image-preview:large","max-video-preview":"max-video-preview:-1"},"canonical":"https:\/\/bolting.eu\/en\/shop\/petzl-freino-z\/","og_locale":"en_US","og_type":"article","og_title":"Petzl Freino Z","og_description":"PETZL FREINO Z beim Kletter Hardwareprofi aus Innsbruck - Tirol kaufen \u2705 kostenloser Versand* \u2705 14 Tage R\u00fcckgaberecht \u2705 Co2 neutraler Versand","og_url":"https:\/\/bolting.eu\/en\/shop\/petzl-freino-z\/","og_site_name":"bolting.eu","article_publisher":"https:\/\/www.facebook.com\/bolting.eu","article_modified_time":"2025-12-17T15:47:00+00:00","og_image":[{"width":700,"height":700,"url":"https:\/\/bolting.eu\/wp-content\/uploads\/2021\/07\/Petzl-Freino-Z-1.jpg","type":"image\/jpeg"}],"twitter_card":"summary_large_image","twitter_misc":{"Availability":"In stock"},"schema":{"@context":"https:\/\/schema.org","@graph":[{"@type":["WebPage","ItemPage"],"@id":"https:\/\/bolting.eu\/en\/shop\/petzl-freino-z\/","url":"https:\/\/bolting.eu\/en\/shop\/petzl-freino-z\/","name":"Petzl Freino Z Karabiner mit Bremshaken | bolting.eu","isPartOf":{"@id":"https:\/\/bolting.eu\/en\/#website"},"primaryImageOfPage":{"@id":"https:\/\/bolting.eu\/en\/shop\/petzl-freino-z\/#primaryimage"},"image":{"@id":"https:\/\/bolting.eu\/en\/shop\/petzl-freino-z\/#primaryimage"},"thumbnailUrl":"https:\/\/bolting.eu\/wp-content\/uploads\/2021\/07\/Petzl-Freino-Z-1.jpg","datePublished":"2021-07-26T10:32:20+00:00","dateModified":"2025-12-17T15:47:00+00:00","description":"PETZL FREINO Z beim Kletter Hardwareprofi aus Innsbruck - Tirol kaufen \u2705 kostenloser Versand* \u2705 14 Tage R\u00fcckgaberecht \u2705 Co2 neutraler Versand","breadcrumb":{"@id":"https:\/\/bolting.eu\/en\/shop\/petzl-freino-z\/#breadcrumb"},"inLanguage":"en-US","potentialAction":[{"@type":"ReadAction","target":["https:\/\/bolting.eu\/en\/shop\/petzl-freino-z\/"]}]},{"@type":"ImageObject","inLanguage":"en-US","@id":"https:\/\/bolting.eu\/en\/shop\/petzl-freino-z\/#primaryimage","url":"https:\/\/bolting.eu\/wp-content\/uploads\/2021\/07\/Petzl-Freino-Z-1.jpg","contentUrl":"https:\/\/bolting.eu\/wp-content\/uploads\/2021\/07\/Petzl-Freino-Z-1.jpg","width":700,"height":700,"caption":"Anthrazitfarbener Petzl Freino Z Karabiner mit goldenem Drehverschluss."},{"@type":"BreadcrumbList","@id":"https:\/\/bolting.eu\/en\/shop\/petzl-freino-z\/#breadcrumb","itemListElement":[{"@type":"ListItem","position":1,"name":"Shop","item":"https:\/\/bolting.eu\/en\/shop\/"},{"@type":"ListItem","position":2,"name":"Industrial climbing gear","item":"https:\/\/bolting.eu\/en\/produkt-kategorie\/industrial-climbing-gear\/"},{"@type":"ListItem","position":3,"name":"Verbindungselemente","item":"https:\/\/bolting.eu\/produkt-kategorie\/industriekletter-ausruestung\/verbindungselemente\/"},{"@type":"ListItem","position":4,"name":"Petzl Freino Z"}]},{"@type":"WebSite","@id":"https:\/\/bolting.eu\/en\/#website","url":"https:\/\/bolting.eu\/en\/","name":"bolting.eu","description":"we make climbs happen","publisher":{"@id":"https:\/\/bolting.eu\/en\/#organization"},"potentialAction":[{"@type":"SearchAction","target":{"@type":"EntryPoint","urlTemplate":"https:\/\/bolting.eu\/en\/?s={search_term_string}"},"query-input":{"@type":"PropertyValueSpecification","valueRequired":true,"valueName":"search_term_string"}}],"inLanguage":"en-US"},{"@type":["Organization","Place","SportingGoodsStore"],"@id":"https:\/\/bolting.eu\/en\/#organization","name":"bolting.eu","url":"https:\/\/bolting.eu\/en\/","logo":{"@id":"https:\/\/bolting.eu\/en\/shop\/petzl-freino-z\/#local-main-organization-logo"},"image":{"@id":"https:\/\/bolting.eu\/en\/shop\/petzl-freino-z\/#local-main-organization-logo"},"sameAs":["https:\/\/www.facebook.com\/bolting.eu","https:\/\/www.instagram.com\/bolting.eu\/"],"address":{"@id":"https:\/\/bolting.eu\/en\/shop\/petzl-freino-z\/#local-main-place-address"},"geo":{"@type":"GeoCoordinates","latitude":"47.264176340396226","longitude":"11.380109057672346"},"telephone":["+43 699 19083372"],"openingHoursSpecification":[{"@type":"OpeningHoursSpecification","dayOfWeek":["Monday","Wednesday","Friday"],"opens":"14:00","closes":"18:00"},{"@type":"OpeningHoursSpecification","dayOfWeek":["Tuesday","Thursday","Saturday","Sunday"],"opens":"00:00","closes":"00:00"}],"email":"office@bolting.eu","vatID":"ATU59999728","priceRange":"$$","currenciesAccepted":"Euro"},{"@type":"PostalAddress","@id":"https:\/\/bolting.eu\/en\/shop\/petzl-freino-z\/#local-main-place-address","streetAddress":"Fischnalerstra\u00dfe 4","addressLocality":"Innsbruck","postalCode":"6020","addressRegion":"Tirol","addressCountry":"AT"},{"@type":"ImageObject","inLanguage":"en-US","@id":"https:\/\/bolting.eu\/en\/shop\/petzl-freino-z\/#local-main-organization-logo","url":"https:\/\/bolting.eu\/wp-content\/uploads\/2019\/09\/bolting-logo.png","contentUrl":"https:\/\/bolting.eu\/wp-content\/uploads\/2019\/09\/bolting-logo.png","width":400,"height":211,"caption":"bolting.eu"}]},"og_availability":"instock","product_availability":"instock","product_retailer_item_id":"M042AA00","product_condition":"new","geo.placename":"Innsbruck","geo.position":{"lat":"47.264176340396226","long":"11.380109057672346"},"geo.region":"Austria"},"_links":{"self":[{"href":"https:\/\/bolting.eu\/en\/wp-json\/wp\/v2\/product\/9424","targetHints":{"allow":["GET"]}}],"collection":[{"href":"https:\/\/bolting.eu\/en\/wp-json\/wp\/v2\/product"}],"about":[{"href":"https:\/\/bolting.eu\/en\/wp-json\/wp\/v2\/types\/product"}],"replies":[{"embeddable":true,"href":"https:\/\/bolting.eu\/en\/wp-json\/wp\/v2\/comments?post=9424"}],"wp:featuredmedia":[{"embeddable":true,"href":"https:\/\/bolting.eu\/en\/wp-json\/wp\/v2\/media\/9428"}],"wp:attachment":[{"href":"https:\/\/bolting.eu\/en\/wp-json\/wp\/v2\/media?parent=9424"}],"wp:term":[{"taxonomy":"product_brand","embeddable":true,"href":"https:\/\/bolting.eu\/en\/wp-json\/wp\/v2\/product_brand?post=9424"},{"taxonomy":"product_cat","embeddable":true,"href":"https:\/\/bolting.eu\/en\/wp-json\/wp\/v2\/product_cat?post=9424"},{"taxonomy":"product_tag","embeddable":true,"href":"https:\/\/bolting.eu\/en\/wp-json\/wp\/v2\/product_tag?post=9424"}],"curies":[{"name":"wp","href":"https:\/\/api.w.org\/{rel}","templated":true}]}}