{"id":9408,"date":"2021-07-26T10:46:00","date_gmt":"2021-07-26T08:46:00","guid":{"rendered":"https:\/\/bolting.eu\/?post_type=product&#038;p=9408"},"modified":"2024-04-04T03:32:10","modified_gmt":"2024-04-04T01:32:10","slug":"petzl-spirit-screw-lock","status":"publish","type":"product","link":"https:\/\/bolting.eu\/en\/shop\/petzl-spirit-screw-lock\/","title":{"rendered":"Petzl Spirit Screw Lock"},"content":{"rendered":"<p>Der Petzl Spirit Screw Lock ist ein ultraleichter <a href=\"https:\/\/bolting.eu\/produkt-kategorie\/kletterausruestung\/karabiner-kletterkarabiner\/schraubkarabiner\/\">Schraubkarabiner<\/a>. Folglich ist er auch extrem klein. D.h. er ist zum einen perfekt f\u00fcr lange, alpine Routen. Denn hier z\u00e4hlt jedes Gramm. Und zum anderen ist er eine perfekte Wahl um die Funktion eines kleinen Verbindungsmittels abzudecken. Wie z.B. beim Einh\u00e4ngen einer Selbstsicherung.<\/p>\n<p>Der Petzl Spirit Screw Lock hat zudem folgende weiteren Eigenschaften. Erstens hat er einen optischen Sicherheitsindikator. Ein roter Ring ist dabei sichtbar, wenn der Schrauber nicht ganz zu ist.<\/p>\n<p>Zweitens hat das Schraubgewinde ein super Handling. Es ist sogar mit Handschuhen noch ordentlich zu bedienen. Und drittens hat dieser Petzl Schrauber eine kleine Delle im Scheitel. Das erleichtert eine stabile Position anderer Karabiner oder Sicherungsger\u00e4te. Wie z.B. das <a href=\"https:\/\/bolting.eu\/shop\/petzl-reverso\/\">Petzl Reverso<\/a>.<\/p>\n<p>Kurzum. Du willst einen ultraleichten Schrauber? Du setzt auf h\u00f6chste Qualit\u00e4t sowie volle Funktion? Dann bist du hier richtig!<\/p>\n<h2>Eigenschaften Petzl Spirit Screw Lock<\/h2>\n<ul>\n<li>Hersteller:\u00a0<a href=\"https:\/\/bolting.eu\/produkt-kategorie\/petzl\/\">Petzl<\/a><\/li>\n<li>Material: Aluminium eloxiert<\/li>\n<li>Farbe: grau<\/li>\n<li>EN Norm 12275, EN 362 bzw. UIAA 121<\/li>\n<li>Verschluss: Schraubverschluss<\/li>\n<li><a href=\"https:\/\/bolting.eu\/bruchlast-karabiner\/\">Bruchlast Karabiner<\/a> 23kN l\u00e4ngs \/ 8kN offen \/ 9kN Querachse<\/li>\n<li>Gr\u00f6\u00dfe 98 x 60mm<\/li>\n<li>Schnapper\u00f6ffnung: 18mm<\/li>\n<li>Gewicht: 45 Gramm<\/li>\n<li>Made in France<\/li>\n<li><a href=\"https:\/\/www.petzl.com\/sfc\/servlet.shepherd\/version\/download\/06868000001FM8PAAW\" target=\"_blank\" rel=\"noopener\">Gebrauchsanleitung<\/a><\/li>\n<\/ul>\n<h3>Hei\u00df schmieden macht es m\u00f6glich!<\/h3>\n<p>Wie kann man den Petzl Spirit Screw Lock so leicht und stark machen? Die Antwort hierf\u00fcr ist der Fertigungsprozess. N\u00e4mlich das Hei\u00dfschmieden!<\/p>\n<p>D.h. hier wird das Aluminium stark erhitzt um es dann leichter formen zu k\u00f6nnen. Die erlaubt vereinfacht gesagt aufwendiger Profile. Wie z.B. das H-Profil dieses Schraubers.<\/p>\n<p>Solche Profile sind zum einen extrem leicht. Zum anderen aber dennoch extrem belastbar. \u00dcberraschender Weise bringen es solche Querschnitte auch auf sehr gro\u00dfe Oberfl\u00e4chen. Somit wird das Gleiten des Seiles vereinfacht und der Abrieb minimiert.<\/p>\n<h3>Petzl Spirit Screw Lock &#8211; optischer Indikator<\/h3>\n<p><a href=\"https:\/\/bolting.eu\/wp-content\/uploads\/2021\/07\/Petzl-Spirit-Screw-Lock-4.jpg\"><img loading=\"lazy\" decoding=\"async\" class=\"alignleft wp-image-9420\" src=\"https:\/\/bolting.eu\/wp-content\/uploads\/2021\/07\/Petzl-Spirit-Screw-Lock-4.jpg\" alt=\"Das Bild zeigt den silbernen Petzl Spirit Screw Lock Karabiner in ge\u00f6ffnetem Zustand. MAn erkennt die Karabinernase, den Schnapper mit dem roten Sicherheitsindikator und den Schraubverschluss.\" width=\"200\" height=\"200\" srcset=\"https:\/\/bolting.eu\/wp-content\/uploads\/2021\/07\/Petzl-Spirit-Screw-Lock-4.jpg 700w, https:\/\/bolting.eu\/wp-content\/uploads\/2021\/07\/Petzl-Spirit-Screw-Lock-4-247x247.jpg 247w, https:\/\/bolting.eu\/wp-content\/uploads\/2021\/07\/Petzl-Spirit-Screw-Lock-4-100x100.jpg 100w, https:\/\/bolting.eu\/wp-content\/uploads\/2021\/07\/Petzl-Spirit-Screw-Lock-4-510x510.jpg 510w, https:\/\/bolting.eu\/wp-content\/uploads\/2021\/07\/Petzl-Spirit-Screw-Lock-4-400x400.jpg 400w, https:\/\/bolting.eu\/wp-content\/uploads\/2021\/07\/Petzl-Spirit-Screw-Lock-4-280x280.jpg 280w, https:\/\/bolting.eu\/wp-content\/uploads\/2021\/07\/Petzl-Spirit-Screw-Lock-4-300x300.jpg 300w, https:\/\/bolting.eu\/wp-content\/uploads\/2021\/07\/Petzl-Spirit-Screw-Lock-4-600x600.jpg 600w\" sizes=\"auto, (max-width: 200px) 100vw, 200px\" \/><\/a>Alle Petzl Schraubkarabiner haben standardm\u00e4\u00dfig den Sicherheitsindikator. D.h. einen roten Ring am Schnapper. Dieser bleibt sichtbar, wenn der Drehverschluss nicht ganz zu ist.<\/p>\n<p>Ein kleines, aber wichtiges Detail. Denn somit ist man optisch immer sofort gewarnt, wenn man auf das Zudrehen vergessen hat!<\/p>\n<h3>Fenier Keylock Verschluss<\/h3>\n<p>Schon mal mit der Karabinernase am Seil h\u00e4ngen geblieben? Schon mal beim Klippen den Finger ordentlich eingezwickt?<\/p>\n<p>Mit dem feinen Keylock Verschluss des Petzl Spirit Screw Lock ist das Geschichte. Denn dieser Verschluss ist angenehm glatt. Hier kann sich weder ein Seil verfangen noch kann man sich hier zwicken.<\/p>\n","protected":false},"excerpt":{"rendered":"<p>Kleiner leichter Schrauber der ideal als universelles Verbindungsmittel ist. Nur 45 Gramm.<\/p>\n<p>Versandkostenfrei bis 2kg in <img decoding=\"async\" class=\"emoji\" role=\"img\" draggable=\"false\" src=\"https:\/\/s.w.org\/images\/core\/emoji\/13.1.0\/svg\/1f1e6-1f1f9.svg\" alt=\"\ud83c\udde6\ud83c\uddf9\" \/> ab \u20ac 100,- und <img decoding=\"async\" class=\"emoji\" role=\"img\" draggable=\"false\" src=\"https:\/\/s.w.org\/images\/core\/emoji\/13.1.0\/svg\/1f1e9-1f1ea.svg\" alt=\"\ud83c\udde9\ud83c\uddea\" \/> ab \u20ac 200,-!<\/p>\n","protected":false},"featured_media":9423,"comment_status":"open","ping_status":"closed","template":"","meta":[],"product_brand":[],"product_cat":[29,44,3009,14093],"product_tag":[],"class_list":{"0":"post-9408","1":"product","2":"type-product","3":"status-publish","4":"has-post-thumbnail","6":"product_cat-kletterausruestung","7":"product_cat-kletterkarabiner","8":"product_cat-schraubkarabiner","9":"product_cat-petzl","11":"first","12":"outofstock","13":"taxable","14":"shipping-taxable","15":"purchasable","16":"product-type-simple"},"yoast_head":"<!-- This site is optimized with the Yoast SEO Premium plugin v26.9 (Yoast SEO v26.9) - https:\/\/yoast.com\/product\/yoast-seo-premium-wordpress\/ -->\n<title>Petzl Spirit Screw Lock - ultraleichter Schraubkarabiner | bolting.eu<\/title>\n<meta name=\"description\" content=\"PETZL SPIRIT SCREW LOCK Schraubkarabiner beim Kletterprofi kaufen \u2705 kostenloser Versand* \u2705 14 Tage R\u00fcckgaberecht \u2705 Co2 neutraler Versand\" \/>\n<meta name=\"robots\" content=\"index, follow, max-snippet:-1, max-image-preview:large, max-video-preview:-1\" \/>\n<link rel=\"canonical\" href=\"https:\/\/bolting.eu\/en\/shop\/petzl-spirit-screw-lock\/\" \/>\n<meta property=\"og:locale\" content=\"en_US\" \/>\n<meta property=\"og:type\" content=\"article\" \/>\n<meta property=\"og:title\" content=\"Petzl Spirit Screw Lock\" \/>\n<meta property=\"og:description\" content=\"PETZL SPIRIT SCREW LOCK Schraubkarabiner beim Kletterprofi kaufen \u2705 kostenloser Versand* \u2705 14 Tage R\u00fcckgaberecht \u2705 Co2 neutraler Versand\" \/>\n<meta property=\"og:url\" content=\"https:\/\/bolting.eu\/en\/shop\/petzl-spirit-screw-lock\/\" \/>\n<meta property=\"og:site_name\" content=\"bolting.eu\" \/>\n<meta property=\"article:publisher\" content=\"https:\/\/www.facebook.com\/bolting.eu\" \/>\n<meta property=\"article:modified_time\" content=\"2024-04-04T01:32:10+00:00\" \/>\n<meta property=\"og:image\" content=\"https:\/\/bolting.eu\/wp-content\/uploads\/2021\/07\/Petzl-Spirit-Screw-Lock-1.jpg\" \/>\n\t<meta property=\"og:image:width\" content=\"700\" \/>\n\t<meta property=\"og:image:height\" content=\"700\" \/>\n\t<meta property=\"og:image:type\" content=\"image\/jpeg\" \/>\n<meta name=\"twitter:card\" content=\"summary_large_image\" \/>\n<meta name=\"twitter:label1\" content=\"Price\" \/>\n\t<meta name=\"twitter:data1\" content=\"&euro;&nbsp;16,00\" \/>\n\t<meta name=\"twitter:label2\" content=\"Availability\" \/>\n\t<meta name=\"twitter:data2\" content=\"Out of stock\" \/>\n<script type=\"application\/ld+json\" class=\"yoast-schema-graph\">{\"@context\":\"https:\/\/schema.org\",\"@graph\":[{\"@type\":[\"WebPage\",\"ItemPage\"],\"@id\":\"https:\/\/bolting.eu\/en\/shop\/petzl-spirit-screw-lock\/\",\"url\":\"https:\/\/bolting.eu\/en\/shop\/petzl-spirit-screw-lock\/\",\"name\":\"Petzl Spirit Screw Lock - ultraleichter Schraubkarabiner | bolting.eu\",\"isPartOf\":{\"@id\":\"https:\/\/bolting.eu\/en\/#website\"},\"primaryImageOfPage\":{\"@id\":\"https:\/\/bolting.eu\/en\/shop\/petzl-spirit-screw-lock\/#primaryimage\"},\"image\":{\"@id\":\"https:\/\/bolting.eu\/en\/shop\/petzl-spirit-screw-lock\/#primaryimage\"},\"thumbnailUrl\":\"https:\/\/bolting.eu\/wp-content\/uploads\/2021\/07\/Petzl-Spirit-Screw-Lock-1.jpg\",\"datePublished\":\"2021-07-26T08:46:00+00:00\",\"dateModified\":\"2024-04-04T01:32:10+00:00\",\"description\":\"PETZL SPIRIT SCREW LOCK Schraubkarabiner beim Kletterprofi kaufen \u2705 kostenloser Versand* \u2705 14 Tage R\u00fcckgaberecht \u2705 Co2 neutraler Versand\",\"breadcrumb\":{\"@id\":\"https:\/\/bolting.eu\/en\/shop\/petzl-spirit-screw-lock\/#breadcrumb\"},\"inLanguage\":\"en-US\",\"potentialAction\":[{\"@type\":\"ReadAction\",\"target\":[\"https:\/\/bolting.eu\/en\/shop\/petzl-spirit-screw-lock\/\"]}]},{\"@type\":\"ImageObject\",\"inLanguage\":\"en-US\",\"@id\":\"https:\/\/bolting.eu\/en\/shop\/petzl-spirit-screw-lock\/#primaryimage\",\"url\":\"https:\/\/bolting.eu\/wp-content\/uploads\/2021\/07\/Petzl-Spirit-Screw-Lock-1.jpg\",\"contentUrl\":\"https:\/\/bolting.eu\/wp-content\/uploads\/2021\/07\/Petzl-Spirit-Screw-Lock-1.jpg\",\"width\":700,\"height\":700,\"caption\":\"Das Bild zeigt den silbernen Petzl Spirit Screw Lock KArabiner. Er steht aufrecht im Bild, die Schrauber \u00d6ffnung befindet sich links.\"},{\"@type\":\"BreadcrumbList\",\"@id\":\"https:\/\/bolting.eu\/en\/shop\/petzl-spirit-screw-lock\/#breadcrumb\",\"itemListElement\":[{\"@type\":\"ListItem\",\"position\":1,\"name\":\"Shop\",\"item\":\"https:\/\/bolting.eu\/en\/shop\/\"},{\"@type\":\"ListItem\",\"position\":2,\"name\":\"climbing equipment\",\"item\":\"https:\/\/bolting.eu\/en\/produkt-kategorie\/climbing-equipment\/\"},{\"@type\":\"ListItem\",\"position\":3,\"name\":\"Climbing carabiner\",\"item\":\"https:\/\/bolting.eu\/en\/produkt-kategorie\/climbing-carabiner\/\"},{\"@type\":\"ListItem\",\"position\":4,\"name\":\"Schraubkarabiner\",\"item\":\"https:\/\/bolting.eu\/produkt-kategorie\/kletterausruestung\/kletterkarabiner\/schraubkarabiner\/\"},{\"@type\":\"ListItem\",\"position\":5,\"name\":\"Petzl Spirit Screw Lock\"}]},{\"@type\":\"WebSite\",\"@id\":\"https:\/\/bolting.eu\/en\/#website\",\"url\":\"https:\/\/bolting.eu\/en\/\",\"name\":\"bolting.eu\",\"description\":\"we make climbs happen\",\"publisher\":{\"@id\":\"https:\/\/bolting.eu\/en\/#organization\"},\"potentialAction\":[{\"@type\":\"SearchAction\",\"target\":{\"@type\":\"EntryPoint\",\"urlTemplate\":\"https:\/\/bolting.eu\/en\/?s={search_term_string}\"},\"query-input\":{\"@type\":\"PropertyValueSpecification\",\"valueRequired\":true,\"valueName\":\"search_term_string\"}}],\"inLanguage\":\"en-US\"},{\"@type\":[\"Organization\",\"Place\",\"SportingGoodsStore\"],\"@id\":\"https:\/\/bolting.eu\/en\/#organization\",\"name\":\"bolting.eu\",\"url\":\"https:\/\/bolting.eu\/en\/\",\"logo\":{\"@id\":\"https:\/\/bolting.eu\/en\/shop\/petzl-spirit-screw-lock\/#local-main-organization-logo\"},\"image\":{\"@id\":\"https:\/\/bolting.eu\/en\/shop\/petzl-spirit-screw-lock\/#local-main-organization-logo\"},\"sameAs\":[\"https:\/\/www.facebook.com\/bolting.eu\",\"https:\/\/www.instagram.com\/bolting.eu\/\"],\"address\":{\"@id\":\"https:\/\/bolting.eu\/en\/shop\/petzl-spirit-screw-lock\/#local-main-place-address\"},\"geo\":{\"@type\":\"GeoCoordinates\",\"latitude\":\"47.264176340396226\",\"longitude\":\"11.380109057672346\"},\"telephone\":[\"+43 699 19083372\"],\"openingHoursSpecification\":[{\"@type\":\"OpeningHoursSpecification\",\"dayOfWeek\":[\"Monday\",\"Wednesday\",\"Friday\"],\"opens\":\"14:00\",\"closes\":\"18:00\"},{\"@type\":\"OpeningHoursSpecification\",\"dayOfWeek\":[\"Tuesday\",\"Thursday\",\"Saturday\",\"Sunday\"],\"opens\":\"00:00\",\"closes\":\"00:00\"}],\"email\":\"office@bolting.eu\",\"vatID\":\"ATU59999728\",\"priceRange\":\"$$\",\"currenciesAccepted\":\"Euro\"},{\"@type\":\"PostalAddress\",\"@id\":\"https:\/\/bolting.eu\/en\/shop\/petzl-spirit-screw-lock\/#local-main-place-address\",\"streetAddress\":\"Fischnalerstra\u00dfe 4\",\"addressLocality\":\"Innsbruck\",\"postalCode\":\"6020\",\"addressRegion\":\"Tirol\",\"addressCountry\":\"AT\"},{\"@type\":\"ImageObject\",\"inLanguage\":\"en-US\",\"@id\":\"https:\/\/bolting.eu\/en\/shop\/petzl-spirit-screw-lock\/#local-main-organization-logo\",\"url\":\"https:\/\/bolting.eu\/wp-content\/uploads\/2019\/09\/bolting-logo.png\",\"contentUrl\":\"https:\/\/bolting.eu\/wp-content\/uploads\/2019\/09\/bolting-logo.png\",\"width\":400,\"height\":211,\"caption\":\"bolting.eu\"}]}<\/script>\n<meta property=\"product:price:amount\" content=\"16.00\" \/>\n<meta property=\"product:price:currency\" content=\"EUR\" \/>\n<meta property=\"og:availability\" content=\"out of stock\" \/>\n<meta property=\"product:availability\" content=\"out of stock\" \/>\n<meta property=\"product:retailer_item_id\" content=\"M53ASL\" \/>\n<meta property=\"product:condition\" content=\"new\" \/>\n<meta name=\"geo.placename\" content=\"Innsbruck\" \/>\n<meta name=\"geo.position\" content=\"47.264176340396226;11.380109057672346\" \/>\n<meta name=\"geo.region\" content=\"Austria\" \/>\n<!-- \/ Yoast SEO Premium plugin. -->","yoast_head_json":{"title":"Petzl Spirit Screw Lock - ultraleichter Schraubkarabiner | bolting.eu","description":"PETZL SPIRIT SCREW LOCK Schraubkarabiner beim Kletterprofi kaufen \u2705 kostenloser Versand* \u2705 14 Tage R\u00fcckgaberecht \u2705 Co2 neutraler Versand","robots":{"index":"index","follow":"follow","max-snippet":"max-snippet:-1","max-image-preview":"max-image-preview:large","max-video-preview":"max-video-preview:-1"},"canonical":"https:\/\/bolting.eu\/en\/shop\/petzl-spirit-screw-lock\/","og_locale":"en_US","og_type":"article","og_title":"Petzl Spirit Screw Lock","og_description":"PETZL SPIRIT SCREW LOCK Schraubkarabiner beim Kletterprofi kaufen \u2705 kostenloser Versand* \u2705 14 Tage R\u00fcckgaberecht \u2705 Co2 neutraler Versand","og_url":"https:\/\/bolting.eu\/en\/shop\/petzl-spirit-screw-lock\/","og_site_name":"bolting.eu","article_publisher":"https:\/\/www.facebook.com\/bolting.eu","article_modified_time":"2024-04-04T01:32:10+00:00","og_image":[{"width":700,"height":700,"url":"https:\/\/bolting.eu\/wp-content\/uploads\/2021\/07\/Petzl-Spirit-Screw-Lock-1.jpg","type":"image\/jpeg"}],"twitter_card":"summary_large_image","twitter_misc":{"Price":"&euro;&nbsp;16,00","Availability":"Out of stock"},"schema":{"@context":"https:\/\/schema.org","@graph":[{"@type":["WebPage","ItemPage"],"@id":"https:\/\/bolting.eu\/en\/shop\/petzl-spirit-screw-lock\/","url":"https:\/\/bolting.eu\/en\/shop\/petzl-spirit-screw-lock\/","name":"Petzl Spirit Screw Lock - ultraleichter Schraubkarabiner | bolting.eu","isPartOf":{"@id":"https:\/\/bolting.eu\/en\/#website"},"primaryImageOfPage":{"@id":"https:\/\/bolting.eu\/en\/shop\/petzl-spirit-screw-lock\/#primaryimage"},"image":{"@id":"https:\/\/bolting.eu\/en\/shop\/petzl-spirit-screw-lock\/#primaryimage"},"thumbnailUrl":"https:\/\/bolting.eu\/wp-content\/uploads\/2021\/07\/Petzl-Spirit-Screw-Lock-1.jpg","datePublished":"2021-07-26T08:46:00+00:00","dateModified":"2024-04-04T01:32:10+00:00","description":"PETZL SPIRIT SCREW LOCK Schraubkarabiner beim Kletterprofi kaufen \u2705 kostenloser Versand* \u2705 14 Tage R\u00fcckgaberecht \u2705 Co2 neutraler Versand","breadcrumb":{"@id":"https:\/\/bolting.eu\/en\/shop\/petzl-spirit-screw-lock\/#breadcrumb"},"inLanguage":"en-US","potentialAction":[{"@type":"ReadAction","target":["https:\/\/bolting.eu\/en\/shop\/petzl-spirit-screw-lock\/"]}]},{"@type":"ImageObject","inLanguage":"en-US","@id":"https:\/\/bolting.eu\/en\/shop\/petzl-spirit-screw-lock\/#primaryimage","url":"https:\/\/bolting.eu\/wp-content\/uploads\/2021\/07\/Petzl-Spirit-Screw-Lock-1.jpg","contentUrl":"https:\/\/bolting.eu\/wp-content\/uploads\/2021\/07\/Petzl-Spirit-Screw-Lock-1.jpg","width":700,"height":700,"caption":"Das Bild zeigt den silbernen Petzl Spirit Screw Lock KArabiner. Er steht aufrecht im Bild, die Schrauber \u00d6ffnung befindet sich links."},{"@type":"BreadcrumbList","@id":"https:\/\/bolting.eu\/en\/shop\/petzl-spirit-screw-lock\/#breadcrumb","itemListElement":[{"@type":"ListItem","position":1,"name":"Shop","item":"https:\/\/bolting.eu\/en\/shop\/"},{"@type":"ListItem","position":2,"name":"climbing equipment","item":"https:\/\/bolting.eu\/en\/produkt-kategorie\/climbing-equipment\/"},{"@type":"ListItem","position":3,"name":"Climbing carabiner","item":"https:\/\/bolting.eu\/en\/produkt-kategorie\/climbing-carabiner\/"},{"@type":"ListItem","position":4,"name":"Schraubkarabiner","item":"https:\/\/bolting.eu\/produkt-kategorie\/kletterausruestung\/kletterkarabiner\/schraubkarabiner\/"},{"@type":"ListItem","position":5,"name":"Petzl Spirit Screw Lock"}]},{"@type":"WebSite","@id":"https:\/\/bolting.eu\/en\/#website","url":"https:\/\/bolting.eu\/en\/","name":"bolting.eu","description":"we make climbs happen","publisher":{"@id":"https:\/\/bolting.eu\/en\/#organization"},"potentialAction":[{"@type":"SearchAction","target":{"@type":"EntryPoint","urlTemplate":"https:\/\/bolting.eu\/en\/?s={search_term_string}"},"query-input":{"@type":"PropertyValueSpecification","valueRequired":true,"valueName":"search_term_string"}}],"inLanguage":"en-US"},{"@type":["Organization","Place","SportingGoodsStore"],"@id":"https:\/\/bolting.eu\/en\/#organization","name":"bolting.eu","url":"https:\/\/bolting.eu\/en\/","logo":{"@id":"https:\/\/bolting.eu\/en\/shop\/petzl-spirit-screw-lock\/#local-main-organization-logo"},"image":{"@id":"https:\/\/bolting.eu\/en\/shop\/petzl-spirit-screw-lock\/#local-main-organization-logo"},"sameAs":["https:\/\/www.facebook.com\/bolting.eu","https:\/\/www.instagram.com\/bolting.eu\/"],"address":{"@id":"https:\/\/bolting.eu\/en\/shop\/petzl-spirit-screw-lock\/#local-main-place-address"},"geo":{"@type":"GeoCoordinates","latitude":"47.264176340396226","longitude":"11.380109057672346"},"telephone":["+43 699 19083372"],"openingHoursSpecification":[{"@type":"OpeningHoursSpecification","dayOfWeek":["Monday","Wednesday","Friday"],"opens":"14:00","closes":"18:00"},{"@type":"OpeningHoursSpecification","dayOfWeek":["Tuesday","Thursday","Saturday","Sunday"],"opens":"00:00","closes":"00:00"}],"email":"office@bolting.eu","vatID":"ATU59999728","priceRange":"$$","currenciesAccepted":"Euro"},{"@type":"PostalAddress","@id":"https:\/\/bolting.eu\/en\/shop\/petzl-spirit-screw-lock\/#local-main-place-address","streetAddress":"Fischnalerstra\u00dfe 4","addressLocality":"Innsbruck","postalCode":"6020","addressRegion":"Tirol","addressCountry":"AT"},{"@type":"ImageObject","inLanguage":"en-US","@id":"https:\/\/bolting.eu\/en\/shop\/petzl-spirit-screw-lock\/#local-main-organization-logo","url":"https:\/\/bolting.eu\/wp-content\/uploads\/2019\/09\/bolting-logo.png","contentUrl":"https:\/\/bolting.eu\/wp-content\/uploads\/2019\/09\/bolting-logo.png","width":400,"height":211,"caption":"bolting.eu"}]},"product_price_amount":"16.00","product_price_currency":"EUR","og_availability":"out of stock","product_availability":"out of stock","product_retailer_item_id":"M53ASL","product_condition":"new","geo.placename":"Innsbruck","geo.position":{"lat":"47.264176340396226","long":"11.380109057672346"},"geo.region":"Austria"},"_links":{"self":[{"href":"https:\/\/bolting.eu\/en\/wp-json\/wp\/v2\/product\/9408","targetHints":{"allow":["GET"]}}],"collection":[{"href":"https:\/\/bolting.eu\/en\/wp-json\/wp\/v2\/product"}],"about":[{"href":"https:\/\/bolting.eu\/en\/wp-json\/wp\/v2\/types\/product"}],"replies":[{"embeddable":true,"href":"https:\/\/bolting.eu\/en\/wp-json\/wp\/v2\/comments?post=9408"}],"wp:featuredmedia":[{"embeddable":true,"href":"https:\/\/bolting.eu\/en\/wp-json\/wp\/v2\/media\/9423"}],"wp:attachment":[{"href":"https:\/\/bolting.eu\/en\/wp-json\/wp\/v2\/media?parent=9408"}],"wp:term":[{"taxonomy":"product_brand","embeddable":true,"href":"https:\/\/bolting.eu\/en\/wp-json\/wp\/v2\/product_brand?post=9408"},{"taxonomy":"product_cat","embeddable":true,"href":"https:\/\/bolting.eu\/en\/wp-json\/wp\/v2\/product_cat?post=9408"},{"taxonomy":"product_tag","embeddable":true,"href":"https:\/\/bolting.eu\/en\/wp-json\/wp\/v2\/product_tag?post=9408"}],"curies":[{"name":"wp","href":"https:\/\/api.w.org\/{rel}","templated":true}]}}