{"id":9350,"date":"2021-07-16T12:22:53","date_gmt":"2021-07-16T10:22:53","guid":{"rendered":"https:\/\/bolting.eu\/?post_type=product&#038;p=9350"},"modified":"2025-11-14T18:47:03","modified_gmt":"2025-11-14T17:47:03","slug":"petzl-cirro-crashpad","status":"publish","type":"product","link":"https:\/\/bolting.eu\/en\/shop\/petzl-cirro-crashpad\/","title":{"rendered":"Petzl Cirro Crashpad"},"content":{"rendered":"<p>Das Petzl Cirro Crashpad ist eine gro\u00dfe und dicke <a href=\"https:\/\/bolting.eu\/produkt-kategorie\/boulder-ausruestung\/bouldermatte\/\">Bouldermatte<\/a>. Die Dimension dieses Taco Style Pads betr\u00e4gt 148 x 118 x 12,5cm. D.h dieses Pad ist eine sogenannte &#8220;Highball&#8221; Matte.<\/p>\n<p>Was das Cirro auszeichnet, sind diese hochwertigen Features.<\/p>\n<p>Erstens besteht es aus hochwertigem Cordura Ballistic Gewebe au\u00dfen. Des weiteren aus drei hochwertigen Schaumstofflagen innen.<\/p>\n<p>Zweitens unterscheiden sich Petzl Pads durch ihr geniales Faltsystem von allen anderen Herstellern. Hierbei wird beim Tragen aus dem Petzl Cirro Crashpad ein Rucksack. Und beim Bouldern wird dieser Trage Latz einfach \u00fcber das Pad gest\u00fclpt und man hat eine durchgehende, orange Landefl\u00e4che.<\/p>\n<p>Drittens runden weitere Features das Produkt perfekt ab. Wie z.B. starke Halteriemen, das gepolsterte Tragesystem, verst\u00e4rkte Ecken sowie die Sofa Funktion.<\/p>\n<p>Fazit. Wer eine der besten Highball Matten am Markt sein Eigen nennen will, der ist hier richtig!<\/p>\n<h2>Eigenschaften Petzl Cirro Crashpad<\/h2>\n<ul>\n<li>Hersteller: Petzl<\/li>\n<li>Dimension offen: 148 x 118 x 12,5cm<\/li>\n<li>Ma\u00dfe geschlossen: 75 x 118 x 35cm<\/li>\n<li>Gewicht: 9,4kg<\/li>\n<li>drei Lagen unterschiedlich harter Schaumstoff<\/li>\n<li>Taco Style \u2013 durchgehende Landefl\u00e4che<\/li>\n<li>patentiertes, geniales Faltsystem<\/li>\n<li>extrem rei\u00dffestes Cordura Ballistic Gewebe<\/li>\n<li>verst\u00e4rkte Ecken<\/li>\n<li>viele Trageriemen<\/li>\n<li>gepolsterte Schultertr\u00e4ger<\/li>\n<li>H\u00fcft- und Brustriemen f\u00fcr stabiles Tragen<\/li>\n<li>kann als Sofa benutzt werden<\/li>\n<\/ul>\n<h3>Produktvideo<\/h3>\n<p>Im folgenden Video stellen wir euch das Petzl Cirro Crashpad n\u00e4her vor. Denn ein Bild sagt mehr als 1.000 Worte.<\/p>\n<p>Wir hoffen euch damit die Kaufentscheidung zu erleichtern. Indem man sieht wie das Pad funktioniert sowie das Faltsystem gebaut ist, kann man seine Entscheidung einfach besser treffen.<\/p>\n<p><iframe loading=\"lazy\" title=\"YouTube video player\" src=\"https:\/\/www.youtube.com\/embed\/6tkVVLlIcpk\" width=\"75%\" height=\"380\" frameborder=\"0\" allowfullscreen=\"allowfullscreen\"><span data-mce-type=\"bookmark\" style=\"display: inline-block; width: 0px; overflow: hidden; line-height: 0;\" class=\"mce_SELRES_start\">\ufeff<\/span><\/iframe><\/p>\n<h3>Pflegehinweise<\/h3>\n<p>Um die Lebensdauer eures Petzl Cirro Crashpad zu erh\u00f6hen, solltet ihr ein paar Pflegehinweise beachten.<\/p>\n<p>Erstens lohnt es sich, den Untergrund vor dem Hinlegen zu reinigen. Dabei sollten besonders spitze Steine und \u00c4ste entfernt werden. Denn diese k\u00f6nnen sich in den Mattenboden bohren.<\/p>\n<p>Habt ihr ein altes, durchgesprungenes Pad? Dann legt es wo immer es geht unter eure neue Bouldermatte. Das schont dessen Boden bzw. sorgt f\u00fcr Schonung des Schaumstoffs durch die Verteilung der Fallenergie!<\/p>\n<p>Zweitens sollte euer Pad niemals feucht eigelagert werden. Lasst es immer ordentlich trocknen, bevor es z.B. f\u00fcr ein paar Wochen im Keller oder der Garage eingelagert wird. Somit verhindert ihr Schimmel und unangenehme Ger\u00fcche.<\/p>\n<h3>Wann geh\u00f6rt das Petzl Cirro Crashpad ausgetauscht?<\/h3>\n<p>Grunds\u00e4tzlich k\u00f6nnt diese Frage nur ihr selbst beantworten. Wir empfehlen euch das Pad als \u201eErstpad\u201c dann weg zu geben, wenn es \u201edurchgesprungen\u201c ist.<\/p>\n<p>Das dauert bei diesem hochwertigen Pad hoffentlich recht lange. Es h\u00e4ngt halt immer von der Intensit\u00e4t der Nutzung ab. D.h. H\u00e4ufigkeit der Nutzung, Fallh\u00f6he, Anzahl der Kletterer \/ Versuche, usw..<\/p>\n<p>In jedem Fall solltet ihr einen Austausch in Erw\u00e4gung ziehen, wenn die Matte zu weich wird. Oder anders formuliert. Wenn sich die Fallenergie nicht ehr ideal an den Unterbau \u00fcbertr\u00e4gt. Denn dann wird es f\u00fcr Kn\u00f6chel, Knie und H\u00fcfte gef\u00e4hrlich\u2026<\/p>\n<h4><strong>Link Tipp<\/strong><\/h4>\n<p>F\u00fchrt euer neues Petzl Cirro Crashpad doch gleich mal in ein top Gebiet aus! Nichts wie auf zum <a href=\"https:\/\/maltatal.rocks\/bouldergebiete-maltatal\/\" target=\"_blank\" rel=\"noopener\">Bouldern im Maltatal<\/a>!<\/p>\n","protected":false},"excerpt":{"rendered":"<ul>\n<li>Dimension offen: 148 x 118 x 12,5cm<\/li>\n<li>Ma\u00dfe geschlossen: 75 x 118 x 35cm<\/li>\n<li>Gewicht: 9,4kg<\/li>\n<li>drei Lagen unterschiedlich harter Schaumstoff<\/li>\n<li>Taco Style \u2013 durchgehende Landefl\u00e4che<\/li>\n<li>patentiertes, geniales Faltsystem<\/li>\n<li>extrem rei\u00dffestes Cordura Ballistic Gewebe<\/li>\n<li>verst\u00e4rkte Ecken<\/li>\n<li>gepolsterte Schultertr\u00e4ger<\/li>\n<li>H\u00fcft- und Brustriemen f\u00fcr stabiles Tragen<\/li>\n<\/ul>\n","protected":false},"featured_media":9356,"comment_status":"open","ping_status":"closed","template":"","meta":[],"product_brand":[],"product_cat":[13906,14093,5284,6358],"product_tag":[],"class_list":{"0":"post-9350","1":"product","2":"type-product","3":"status-publish","4":"has-post-thumbnail","6":"product_cat-sperrgut-gross","7":"product_cat-petzl","8":"product_cat-boulder-ausruestung","9":"product_cat-bouldermatte","11":"first","12":"outofstock","13":"sale","14":"taxable","15":"shipping-taxable","16":"purchasable","17":"product-type-simple"},"yoast_head":"<!-- This site is optimized with the Yoast SEO Premium plugin v26.9 (Yoast SEO v26.9) - https:\/\/yoast.com\/product\/yoast-seo-premium-wordpress\/ -->\n<title>Petzl Cirro Crashpad 148 x 118 x 12,5 cm f\u00fcr Highballs kaufen | bolting.eu<\/title>\n<meta name=\"description\" content=\"Hier findest Du das PETZL CIRRO Crashpad. Eine gro\u00dfe und dicke 148 x 118 x 12,5cm Bouldermatte f\u00fcr Highballs mit genialem Faltsystem!\" \/>\n<meta name=\"robots\" content=\"index, follow, max-snippet:-1, max-image-preview:large, max-video-preview:-1\" \/>\n<link rel=\"canonical\" href=\"https:\/\/bolting.eu\/en\/shop\/petzl-cirro-crashpad\/\" \/>\n<meta property=\"og:locale\" content=\"en_US\" \/>\n<meta property=\"og:type\" content=\"article\" \/>\n<meta property=\"og:title\" content=\"Petzl Cirro Crashpad\" \/>\n<meta property=\"og:description\" content=\"Hier findest Du das PETZL CIRRO Crashpad. Eine gro\u00dfe und dicke 148 x 118 x 12,5cm Bouldermatte f\u00fcr Highballs mit genialem Faltsystem!\" \/>\n<meta property=\"og:url\" content=\"https:\/\/bolting.eu\/en\/shop\/petzl-cirro-crashpad\/\" \/>\n<meta property=\"og:site_name\" content=\"bolting.eu\" \/>\n<meta property=\"article:publisher\" content=\"https:\/\/www.facebook.com\/bolting.eu\" \/>\n<meta property=\"article:modified_time\" content=\"2025-11-14T17:47:03+00:00\" \/>\n<meta property=\"og:image\" content=\"https:\/\/bolting.eu\/wp-content\/uploads\/2021\/07\/Petzl-Cirro-Crashpad-2.jpg\" \/>\n\t<meta property=\"og:image:width\" content=\"700\" \/>\n\t<meta property=\"og:image:height\" content=\"700\" \/>\n\t<meta property=\"og:image:type\" content=\"image\/jpeg\" \/>\n<meta name=\"twitter:card\" content=\"summary_large_image\" \/>\n<meta name=\"twitter:label1\" content=\"Price\" \/>\n\t<meta name=\"twitter:data1\" content=\"&euro;&nbsp;360,00\" \/>\n\t<meta name=\"twitter:label2\" content=\"Availability\" \/>\n\t<meta name=\"twitter:data2\" content=\"Out of stock\" \/>\n<script type=\"application\/ld+json\" class=\"yoast-schema-graph\">{\"@context\":\"https:\/\/schema.org\",\"@graph\":[{\"@type\":[\"WebPage\",\"ItemPage\"],\"@id\":\"https:\/\/bolting.eu\/en\/shop\/petzl-cirro-crashpad\/\",\"url\":\"https:\/\/bolting.eu\/en\/shop\/petzl-cirro-crashpad\/\",\"name\":\"Petzl Cirro Crashpad 148 x 118 x 12,5 cm f\u00fcr Highballs kaufen | bolting.eu\",\"isPartOf\":{\"@id\":\"https:\/\/bolting.eu\/en\/#website\"},\"primaryImageOfPage\":{\"@id\":\"https:\/\/bolting.eu\/en\/shop\/petzl-cirro-crashpad\/#primaryimage\"},\"image\":{\"@id\":\"https:\/\/bolting.eu\/en\/shop\/petzl-cirro-crashpad\/#primaryimage\"},\"thumbnailUrl\":\"https:\/\/bolting.eu\/wp-content\/uploads\/2021\/07\/Petzl-Cirro-Crashpad-2.jpg\",\"datePublished\":\"2021-07-16T10:22:53+00:00\",\"dateModified\":\"2025-11-14T17:47:03+00:00\",\"description\":\"Hier findest Du das PETZL CIRRO Crashpad. Eine gro\u00dfe und dicke 148 x 118 x 12,5cm Bouldermatte f\u00fcr Highballs mit genialem Faltsystem!\",\"breadcrumb\":{\"@id\":\"https:\/\/bolting.eu\/en\/shop\/petzl-cirro-crashpad\/#breadcrumb\"},\"inLanguage\":\"en-US\",\"potentialAction\":[{\"@type\":\"ReadAction\",\"target\":[\"https:\/\/bolting.eu\/en\/shop\/petzl-cirro-crashpad\/\"]}]},{\"@type\":\"ImageObject\",\"inLanguage\":\"en-US\",\"@id\":\"https:\/\/bolting.eu\/en\/shop\/petzl-cirro-crashpad\/#primaryimage\",\"url\":\"https:\/\/bolting.eu\/wp-content\/uploads\/2021\/07\/Petzl-Cirro-Crashpad-2.jpg\",\"contentUrl\":\"https:\/\/bolting.eu\/wp-content\/uploads\/2021\/07\/Petzl-Cirro-Crashpad-2.jpg\",\"width\":700,\"height\":700,\"caption\":\"Das Bild zeigt das Petzl Cirro Crashpad in ge\u00f6fnetem Zustand. Man sieht die orange Oberseite mit dem wei\u00dfem Petzl Schriftzug.\"},{\"@type\":\"BreadcrumbList\",\"@id\":\"https:\/\/bolting.eu\/en\/shop\/petzl-cirro-crashpad\/#breadcrumb\",\"itemListElement\":[{\"@type\":\"ListItem\",\"position\":1,\"name\":\"Shop\",\"item\":\"https:\/\/bolting.eu\/en\/shop\/\"},{\"@type\":\"ListItem\",\"position\":2,\"name\":\"Boulder Ausr\u00fcstung\",\"item\":\"https:\/\/bolting.eu\/produkt-kategorie\/boulder-ausruestung\/\"},{\"@type\":\"ListItem\",\"position\":3,\"name\":\"Bouldermatten\",\"item\":\"https:\/\/bolting.eu\/produkt-kategorie\/boulder-ausruestung\/bouldermatte\/\"},{\"@type\":\"ListItem\",\"position\":4,\"name\":\"Petzl Cirro Crashpad\"}]},{\"@type\":\"WebSite\",\"@id\":\"https:\/\/bolting.eu\/en\/#website\",\"url\":\"https:\/\/bolting.eu\/en\/\",\"name\":\"bolting.eu\",\"description\":\"we make climbs happen\",\"publisher\":{\"@id\":\"https:\/\/bolting.eu\/en\/#organization\"},\"potentialAction\":[{\"@type\":\"SearchAction\",\"target\":{\"@type\":\"EntryPoint\",\"urlTemplate\":\"https:\/\/bolting.eu\/en\/?s={search_term_string}\"},\"query-input\":{\"@type\":\"PropertyValueSpecification\",\"valueRequired\":true,\"valueName\":\"search_term_string\"}}],\"inLanguage\":\"en-US\"},{\"@type\":[\"Organization\",\"Place\",\"SportingGoodsStore\"],\"@id\":\"https:\/\/bolting.eu\/en\/#organization\",\"name\":\"bolting.eu\",\"url\":\"https:\/\/bolting.eu\/en\/\",\"logo\":{\"@id\":\"https:\/\/bolting.eu\/en\/shop\/petzl-cirro-crashpad\/#local-main-organization-logo\"},\"image\":{\"@id\":\"https:\/\/bolting.eu\/en\/shop\/petzl-cirro-crashpad\/#local-main-organization-logo\"},\"sameAs\":[\"https:\/\/www.facebook.com\/bolting.eu\",\"https:\/\/www.instagram.com\/bolting.eu\/\"],\"address\":{\"@id\":\"https:\/\/bolting.eu\/en\/shop\/petzl-cirro-crashpad\/#local-main-place-address\"},\"geo\":{\"@type\":\"GeoCoordinates\",\"latitude\":\"47.264176340396226\",\"longitude\":\"11.380109057672346\"},\"telephone\":[\"+43 699 19083372\"],\"openingHoursSpecification\":[{\"@type\":\"OpeningHoursSpecification\",\"dayOfWeek\":[\"Monday\",\"Wednesday\",\"Friday\"],\"opens\":\"14:00\",\"closes\":\"18:00\"},{\"@type\":\"OpeningHoursSpecification\",\"dayOfWeek\":[\"Tuesday\",\"Thursday\",\"Saturday\",\"Sunday\"],\"opens\":\"00:00\",\"closes\":\"00:00\"}],\"email\":\"office@bolting.eu\",\"vatID\":\"ATU59999728\",\"priceRange\":\"$$\",\"currenciesAccepted\":\"Euro\"},{\"@type\":\"PostalAddress\",\"@id\":\"https:\/\/bolting.eu\/en\/shop\/petzl-cirro-crashpad\/#local-main-place-address\",\"streetAddress\":\"Fischnalerstra\u00dfe 4\",\"addressLocality\":\"Innsbruck\",\"postalCode\":\"6020\",\"addressRegion\":\"Tirol\",\"addressCountry\":\"AT\"},{\"@type\":\"ImageObject\",\"inLanguage\":\"en-US\",\"@id\":\"https:\/\/bolting.eu\/en\/shop\/petzl-cirro-crashpad\/#local-main-organization-logo\",\"url\":\"https:\/\/bolting.eu\/wp-content\/uploads\/2019\/09\/bolting-logo.png\",\"contentUrl\":\"https:\/\/bolting.eu\/wp-content\/uploads\/2019\/09\/bolting-logo.png\",\"width\":400,\"height\":211,\"caption\":\"bolting.eu\"}]}<\/script>\n<meta property=\"og:video\" content=\"https:\/\/www.youtube.com\/embed\/6tkVVLlIcpk\" \/>\n<meta property=\"og:video:type\" content=\"text\/html\" \/>\n<meta property=\"og:video:duration\" content=\"105\" \/>\n<meta property=\"og:video:width\" content=\"480\" \/>\n<meta property=\"og:video:height\" content=\"270\" \/>\n<meta property=\"ya:ovs:adult\" content=\"false\" \/>\n<meta property=\"ya:ovs:upload_date\" content=\"2021-07-16T10:22:53+00:00\" \/>\n<meta property=\"ya:ovs:allow_embed\" content=\"true\" \/>\n<meta property=\"product:price:amount\" content=\"360.00\" \/>\n<meta property=\"product:price:currency\" content=\"EUR\" \/>\n<meta property=\"og:availability\" content=\"out of stock\" \/>\n<meta property=\"product:availability\" content=\"out of stock\" \/>\n<meta property=\"product:retailer_item_id\" content=\"K01AO\" \/>\n<meta property=\"product:condition\" content=\"new\" \/>\n<meta name=\"geo.placename\" content=\"Innsbruck\" \/>\n<meta name=\"geo.position\" content=\"47.264176340396226;11.380109057672346\" \/>\n<meta name=\"geo.region\" content=\"Austria\" \/>\n<!-- \/ Yoast SEO Premium plugin. -->","yoast_head_json":{"title":"Petzl Cirro Crashpad 148 x 118 x 12,5 cm f\u00fcr Highballs kaufen | bolting.eu","description":"Hier findest Du das PETZL CIRRO Crashpad. Eine gro\u00dfe und dicke 148 x 118 x 12,5cm Bouldermatte f\u00fcr Highballs mit genialem Faltsystem!","robots":{"index":"index","follow":"follow","max-snippet":"max-snippet:-1","max-image-preview":"max-image-preview:large","max-video-preview":"max-video-preview:-1"},"canonical":"https:\/\/bolting.eu\/en\/shop\/petzl-cirro-crashpad\/","og_locale":"en_US","og_type":"article","og_title":"Petzl Cirro Crashpad","og_description":"Hier findest Du das PETZL CIRRO Crashpad. Eine gro\u00dfe und dicke 148 x 118 x 12,5cm Bouldermatte f\u00fcr Highballs mit genialem Faltsystem!","og_url":"https:\/\/bolting.eu\/en\/shop\/petzl-cirro-crashpad\/","og_site_name":"bolting.eu","article_publisher":"https:\/\/www.facebook.com\/bolting.eu","article_modified_time":"2025-11-14T17:47:03+00:00","og_image":[{"width":700,"height":700,"url":"https:\/\/bolting.eu\/wp-content\/uploads\/2021\/07\/Petzl-Cirro-Crashpad-2.jpg","type":"image\/jpeg"}],"twitter_card":"summary_large_image","twitter_misc":{"Price":"&euro;&nbsp;360,00","Availability":"Out of stock"},"schema":{"@context":"https:\/\/schema.org","@graph":[{"@type":["WebPage","ItemPage"],"@id":"https:\/\/bolting.eu\/en\/shop\/petzl-cirro-crashpad\/","url":"https:\/\/bolting.eu\/en\/shop\/petzl-cirro-crashpad\/","name":"Petzl Cirro Crashpad 148 x 118 x 12,5 cm f\u00fcr Highballs kaufen | bolting.eu","isPartOf":{"@id":"https:\/\/bolting.eu\/en\/#website"},"primaryImageOfPage":{"@id":"https:\/\/bolting.eu\/en\/shop\/petzl-cirro-crashpad\/#primaryimage"},"image":{"@id":"https:\/\/bolting.eu\/en\/shop\/petzl-cirro-crashpad\/#primaryimage"},"thumbnailUrl":"https:\/\/bolting.eu\/wp-content\/uploads\/2021\/07\/Petzl-Cirro-Crashpad-2.jpg","datePublished":"2021-07-16T10:22:53+00:00","dateModified":"2025-11-14T17:47:03+00:00","description":"Hier findest Du das PETZL CIRRO Crashpad. Eine gro\u00dfe und dicke 148 x 118 x 12,5cm Bouldermatte f\u00fcr Highballs mit genialem Faltsystem!","breadcrumb":{"@id":"https:\/\/bolting.eu\/en\/shop\/petzl-cirro-crashpad\/#breadcrumb"},"inLanguage":"en-US","potentialAction":[{"@type":"ReadAction","target":["https:\/\/bolting.eu\/en\/shop\/petzl-cirro-crashpad\/"]}]},{"@type":"ImageObject","inLanguage":"en-US","@id":"https:\/\/bolting.eu\/en\/shop\/petzl-cirro-crashpad\/#primaryimage","url":"https:\/\/bolting.eu\/wp-content\/uploads\/2021\/07\/Petzl-Cirro-Crashpad-2.jpg","contentUrl":"https:\/\/bolting.eu\/wp-content\/uploads\/2021\/07\/Petzl-Cirro-Crashpad-2.jpg","width":700,"height":700,"caption":"Das Bild zeigt das Petzl Cirro Crashpad in ge\u00f6fnetem Zustand. Man sieht die orange Oberseite mit dem wei\u00dfem Petzl Schriftzug."},{"@type":"BreadcrumbList","@id":"https:\/\/bolting.eu\/en\/shop\/petzl-cirro-crashpad\/#breadcrumb","itemListElement":[{"@type":"ListItem","position":1,"name":"Shop","item":"https:\/\/bolting.eu\/en\/shop\/"},{"@type":"ListItem","position":2,"name":"Boulder Ausr\u00fcstung","item":"https:\/\/bolting.eu\/produkt-kategorie\/boulder-ausruestung\/"},{"@type":"ListItem","position":3,"name":"Bouldermatten","item":"https:\/\/bolting.eu\/produkt-kategorie\/boulder-ausruestung\/bouldermatte\/"},{"@type":"ListItem","position":4,"name":"Petzl Cirro Crashpad"}]},{"@type":"WebSite","@id":"https:\/\/bolting.eu\/en\/#website","url":"https:\/\/bolting.eu\/en\/","name":"bolting.eu","description":"we make climbs happen","publisher":{"@id":"https:\/\/bolting.eu\/en\/#organization"},"potentialAction":[{"@type":"SearchAction","target":{"@type":"EntryPoint","urlTemplate":"https:\/\/bolting.eu\/en\/?s={search_term_string}"},"query-input":{"@type":"PropertyValueSpecification","valueRequired":true,"valueName":"search_term_string"}}],"inLanguage":"en-US"},{"@type":["Organization","Place","SportingGoodsStore"],"@id":"https:\/\/bolting.eu\/en\/#organization","name":"bolting.eu","url":"https:\/\/bolting.eu\/en\/","logo":{"@id":"https:\/\/bolting.eu\/en\/shop\/petzl-cirro-crashpad\/#local-main-organization-logo"},"image":{"@id":"https:\/\/bolting.eu\/en\/shop\/petzl-cirro-crashpad\/#local-main-organization-logo"},"sameAs":["https:\/\/www.facebook.com\/bolting.eu","https:\/\/www.instagram.com\/bolting.eu\/"],"address":{"@id":"https:\/\/bolting.eu\/en\/shop\/petzl-cirro-crashpad\/#local-main-place-address"},"geo":{"@type":"GeoCoordinates","latitude":"47.264176340396226","longitude":"11.380109057672346"},"telephone":["+43 699 19083372"],"openingHoursSpecification":[{"@type":"OpeningHoursSpecification","dayOfWeek":["Monday","Wednesday","Friday"],"opens":"14:00","closes":"18:00"},{"@type":"OpeningHoursSpecification","dayOfWeek":["Tuesday","Thursday","Saturday","Sunday"],"opens":"00:00","closes":"00:00"}],"email":"office@bolting.eu","vatID":"ATU59999728","priceRange":"$$","currenciesAccepted":"Euro"},{"@type":"PostalAddress","@id":"https:\/\/bolting.eu\/en\/shop\/petzl-cirro-crashpad\/#local-main-place-address","streetAddress":"Fischnalerstra\u00dfe 4","addressLocality":"Innsbruck","postalCode":"6020","addressRegion":"Tirol","addressCountry":"AT"},{"@type":"ImageObject","inLanguage":"en-US","@id":"https:\/\/bolting.eu\/en\/shop\/petzl-cirro-crashpad\/#local-main-organization-logo","url":"https:\/\/bolting.eu\/wp-content\/uploads\/2019\/09\/bolting-logo.png","contentUrl":"https:\/\/bolting.eu\/wp-content\/uploads\/2019\/09\/bolting-logo.png","width":400,"height":211,"caption":"bolting.eu"}]},"og_video":"https:\/\/www.youtube.com\/embed\/6tkVVLlIcpk","og_video_type":"text\/html","og_video_duration":"105","og_video_width":"480","og_video_height":"270","ya_ovs_adult":"false","ya_ovs_upload_date":"2021-07-16T10:22:53+00:00","ya_ovs_allow_embed":"true","product_price_amount":"360.00","product_price_currency":"EUR","og_availability":"out of stock","product_availability":"out of stock","product_retailer_item_id":"K01AO","product_condition":"new","geo.placename":"Innsbruck","geo.position":{"lat":"47.264176340396226","long":"11.380109057672346"},"geo.region":"Austria"},"_links":{"self":[{"href":"https:\/\/bolting.eu\/en\/wp-json\/wp\/v2\/product\/9350","targetHints":{"allow":["GET"]}}],"collection":[{"href":"https:\/\/bolting.eu\/en\/wp-json\/wp\/v2\/product"}],"about":[{"href":"https:\/\/bolting.eu\/en\/wp-json\/wp\/v2\/types\/product"}],"replies":[{"embeddable":true,"href":"https:\/\/bolting.eu\/en\/wp-json\/wp\/v2\/comments?post=9350"}],"wp:featuredmedia":[{"embeddable":true,"href":"https:\/\/bolting.eu\/en\/wp-json\/wp\/v2\/media\/9356"}],"wp:attachment":[{"href":"https:\/\/bolting.eu\/en\/wp-json\/wp\/v2\/media?parent=9350"}],"wp:term":[{"taxonomy":"product_brand","embeddable":true,"href":"https:\/\/bolting.eu\/en\/wp-json\/wp\/v2\/product_brand?post=9350"},{"taxonomy":"product_cat","embeddable":true,"href":"https:\/\/bolting.eu\/en\/wp-json\/wp\/v2\/product_cat?post=9350"},{"taxonomy":"product_tag","embeddable":true,"href":"https:\/\/bolting.eu\/en\/wp-json\/wp\/v2\/product_tag?post=9350"}],"curies":[{"name":"wp","href":"https:\/\/api.w.org\/{rel}","templated":true}]}}