{"id":9342,"date":"2021-07-16T11:45:17","date_gmt":"2021-07-16T09:45:17","guid":{"rendered":"https:\/\/bolting.eu\/?post_type=product&#038;p=9342"},"modified":"2026-01-30T18:00:56","modified_gmt":"2026-01-30T17:00:56","slug":"petzl-alto-bouldermatte","status":"publish","type":"product","link":"https:\/\/bolting.eu\/en\/shop\/petzl-alto-bouldermatte\/","title":{"rendered":"Petzl Alto Bouldermatte"},"content":{"rendered":"<p>Die Petzl Alto Bouldermatte ist ein medium size Pad mit 118 x 100 10cm Gr\u00f6\u00dfe. Es wurde in Taco Bauweise errichtet., d.h. es hat eine durchgehende Landefl\u00e4che. In seiner Kategorie geh\u00f6rt es sicher zu den hochwertigsten <a href=\"https:\/\/bolting.eu\/produkt-kategorie\/boulder-ausruestung\/bouldermatte\/\">Crashpads<\/a> am Markt.<\/p>\n<p>Denn Petzl hat ganz im Sinne seiner extrem hohen Produktqualit\u00e4t auch hier wieder ganze Arbeit geleistet. Oder besser formuliert. Bei dieser Matte ist von vorne bis hinten alles bestens durchdacht. Hochwertige Materialien gehen mit innovativen L\u00f6sungen und genialem Design Hand in Hand.<\/p>\n<p>Was die Petzl Alto Bouldermatte dabei vor allem auszeichnet, ist das geniale Faltsystem. Hierbei zieht sich \u00fcber die halbe Matte ein Latz mit seitlichem Rei\u00dfverschluss.<\/p>\n<p>Beim Tragen dient der Latz als H\u00fclle f\u00fcr das Pad. D.h. er macht aus dem gesamten Innenraum einen &#8220;Rucksack&#8221;. Denn er schlie\u00dft sowohl den Boden als auch die offene Seite komplett ab.<\/p>\n<p>Beim Bouldern wird der Latz einfach in die Gegenrichtung umgest\u00fclpt und verschlossen. Hierbei bedeckt er das Tragesystem und schafft somit eine durchgehende, orange Landefl\u00e4che. Einfach genial.<\/p>\n<p>Kurzum. Wer in dieser Gr\u00f6\u00dfenkategorie das Beste vom Besten haben will, der ist hier richtig!<\/p>\n<h2>Eigenschaften Petzl Alto Bouldermatte<\/h2>\n<ul>\n<li>Hersteller: Petzl<\/li>\n<li>Gr\u00f6\u00dfe: 118 x 100 x 10cm<\/li>\n<li>Gewicht: 5,7 kg<\/li>\n<li>drei Lagen unterschiedlich harter Schaumstoff<\/li>\n<li>Taco Style &#8211; durchgehende Landefl\u00e4che<\/li>\n<li>patentiertes, geniales Faltsystem<\/li>\n<li>extrem rei\u00dffestes Cordura Ballistic Gewebe<\/li>\n<li>verst\u00e4rkte Ecken<\/li>\n<li>viele Trageriemen<\/li>\n<li>gepolsterte Schultertr\u00e4ger<\/li>\n<li>H\u00fcft- und Brustriemen f\u00fcr stabiles Tragen<\/li>\n<li>kann als Sofa benutzt werden<\/li>\n<\/ul>\n<h3>Video Petzl Alto Bouldermatte<\/h3>\n<p>Das folgende Video soll euch bei eurer Kaufentscheidung helfen. Denn je mehr man \u00fcber ein Produkt wei\u00df, desto besser ist das Gef\u00fchl beim Kauf. Zudem gilt. Ein Bild sagt mehr als 1.000 Worte!<\/p>\n<p><iframe loading=\"lazy\" title=\"YouTube video player\" src=\"https:\/\/www.youtube.com\/embed\/6tkVVLlIcpk\" width=\"75%\" height=\"360\" frameborder=\"0\" allowfullscreen=\"allowfullscreen\"><span data-mce-type=\"bookmark\" style=\"display: inline-block; width: 0px; overflow: hidden; line-height: 0;\" class=\"mce_SELRES_start\">\ufeff<\/span><\/iframe><\/p>\n<h3>Pflegehinweise<\/h3>\n<p>Um die Lebensdauer eurer Petzl Alto Bouldermatte zu erh\u00f6hen, solltet ihr ein paar Pflegehinweise beachten.<\/p>\n<p>Erstens lohnt es sich, den Untergrund vor dem Hinlegen zu reinigen. Dabei sollten besonders spitze Steine und \u00c4ste entfernt werden. Denn diese k\u00f6nnen sich in den Mattenboden bohren.<\/p>\n<p>Habt ihr ein altes, durchgesprungenes Pad? Dann legt es wo immer es geht unter eure neue Bouldermatte. Das schont dessen Boden bzw. sorgt f\u00fcr Schonung des Schaumstoffs durch die Verteilung der Fallenergie!<\/p>\n<p>Zweitens sollte euer Pad niemals feucht eigelagert werden. Lasst es immer ordentlich trocknen, bevor es z.B. f\u00fcr ein paar Wochen im Keller oder der Garage eingelagert wird. Somit verhindert ihr Schimmel und unangenehme Ger\u00fcche.<\/p>\n<h3>Wann geh\u00f6rt die Petzl Alto Bouldermatte ausgetauscht?<\/h3>\n<p>Grunds\u00e4tzlich k\u00f6nnt diese Frage nur ihr selbst beantworten. Wir empfehlen euch das Pad als &#8220;Erstpad&#8221; dann weg zu geben, wenn es &#8220;durchgesprungen&#8221; ist.<\/p>\n<p>Das dauert bei diesem hochwertigen Pad hoffentlich recht lange. Es h\u00e4ngt halt immer von der Intensit\u00e4t der Nutzung ab. D.h. H\u00e4ufigkeit der Nutzung, Fallh\u00f6he, Anzahl der Kletterer \/ Versuche, usw..<\/p>\n<p>In jedem Fall solltet ihr einen Austausch in Erw\u00e4gung ziehen, wenn die Matte zu weich wird. Oder anders formuliert. Wenn sich die Fallenergie nicht ehr ideal an den Unterbau \u00fcbertr\u00e4gt. Denn dann wird es f\u00fcr Kn\u00f6chel, Knie und H\u00fcfte gef\u00e4hrlich&#8230;<\/p>\n<h4><strong>Link Tipp<\/strong><\/h4>\n<p>F\u00fchrt eure neue Petzl Alto Bouldermatte doch gleich mal in ein top Gebiet aus! Nichts wie auf zum <a href=\"https:\/\/maltatal.rocks\/bouldergebiete-maltatal\/\" target=\"_blank\" rel=\"noopener\">Bouldern im Maltatal<\/a>!<\/p>\n","protected":false},"excerpt":{"rendered":"<ul>\n<li>Gr\u00f6\u00dfe: 118 x 100 x 10cm<\/li>\n<li>Gewicht: 5,7 kg<\/li>\n<li>drei Lagen unterschiedlich harter Schaumstoff<\/li>\n<li>Taco Style &#8211; durchgehende Landefl\u00e4che<\/li>\n<li>patentiertes, geniales Faltsystem<\/li>\n<li>extrem rei\u00dffestes Cordura Ballistic Gewebe<\/li>\n<li>verst\u00e4rkte Ecken<\/li>\n<li>viele Trageriemen<\/li>\n<li>gepolsterte Schultertr\u00e4ger<\/li>\n<li>H\u00fcft- und Brustriemen f\u00fcr stabiles Tragen<\/li>\n<li>kann als Sofa benutzt werden<\/li>\n<\/ul>\n","protected":false},"featured_media":9348,"comment_status":"open","ping_status":"closed","template":"","meta":[],"product_brand":[],"product_cat":[5284,6358,14093],"product_tag":[],"class_list":{"0":"post-9342","1":"product","2":"type-product","3":"status-publish","4":"has-post-thumbnail","6":"product_cat-boulder-ausruestung","7":"product_cat-bouldermatte","8":"product_cat-petzl","10":"first","11":"outofstock","12":"sale","13":"taxable","14":"shipping-taxable","15":"purchasable","16":"product-type-simple"},"yoast_head":"<!-- This site is optimized with the Yoast SEO Premium plugin v26.9 (Yoast SEO v26.9) - https:\/\/yoast.com\/product\/yoast-seo-premium-wordpress\/ -->\n<title>Petzl Alto Bouldermatte mit genialem Faltsystem online kaufen | bolting.eu<\/title>\n<meta name=\"description\" content=\"Hier findest Du die PETZL ALTO Bouldermatte. Ein extrem hochwertiges 118 x 100 x 10cm bzw. 3-Lagen Crashpad mit genialem Faltsystem.\" \/>\n<meta name=\"robots\" content=\"index, follow, max-snippet:-1, max-image-preview:large, max-video-preview:-1\" \/>\n<link rel=\"canonical\" href=\"https:\/\/bolting.eu\/en\/shop\/petzl-alto-bouldermatte\/\" \/>\n<meta property=\"og:locale\" content=\"en_US\" \/>\n<meta property=\"og:type\" content=\"article\" \/>\n<meta property=\"og:title\" content=\"Petzl Alto Bouldermatte\" \/>\n<meta property=\"og:description\" content=\"Hier findest Du die PETZL ALTO Bouldermatte. Ein extrem hochwertiges 118 x 100 x 10cm bzw. 3-Lagen Crashpad mit genialem Faltsystem.\" \/>\n<meta property=\"og:url\" content=\"https:\/\/bolting.eu\/en\/shop\/petzl-alto-bouldermatte\/\" \/>\n<meta property=\"og:site_name\" content=\"bolting.eu\" \/>\n<meta property=\"article:publisher\" content=\"https:\/\/www.facebook.com\/bolting.eu\" \/>\n<meta property=\"article:modified_time\" content=\"2026-01-30T17:00:56+00:00\" \/>\n<meta property=\"og:image\" content=\"https:\/\/bolting.eu\/wp-content\/uploads\/2021\/07\/Petzl-Alto-Bouldermatte-2.jpg\" \/>\n\t<meta property=\"og:image:width\" content=\"700\" \/>\n\t<meta property=\"og:image:height\" content=\"700\" \/>\n\t<meta property=\"og:image:type\" content=\"image\/jpeg\" \/>\n<meta name=\"twitter:card\" content=\"summary_large_image\" \/>\n<meta name=\"twitter:label1\" content=\"Price\" \/>\n\t<meta name=\"twitter:data1\" content=\"&euro;&nbsp;280,00\" \/>\n\t<meta name=\"twitter:label2\" content=\"Availability\" \/>\n\t<meta name=\"twitter:data2\" content=\"Out of stock\" \/>\n<script type=\"application\/ld+json\" class=\"yoast-schema-graph\">{\"@context\":\"https:\/\/schema.org\",\"@graph\":[{\"@type\":[\"WebPage\",\"ItemPage\"],\"@id\":\"https:\/\/bolting.eu\/en\/shop\/petzl-alto-bouldermatte\/\",\"url\":\"https:\/\/bolting.eu\/en\/shop\/petzl-alto-bouldermatte\/\",\"name\":\"Petzl Alto Bouldermatte mit genialem Faltsystem online kaufen | bolting.eu\",\"isPartOf\":{\"@id\":\"https:\/\/bolting.eu\/en\/#website\"},\"primaryImageOfPage\":{\"@id\":\"https:\/\/bolting.eu\/en\/shop\/petzl-alto-bouldermatte\/#primaryimage\"},\"image\":{\"@id\":\"https:\/\/bolting.eu\/en\/shop\/petzl-alto-bouldermatte\/#primaryimage\"},\"thumbnailUrl\":\"https:\/\/bolting.eu\/wp-content\/uploads\/2021\/07\/Petzl-Alto-Bouldermatte-2.jpg\",\"datePublished\":\"2021-07-16T09:45:17+00:00\",\"dateModified\":\"2026-01-30T17:00:56+00:00\",\"description\":\"Hier findest Du die PETZL ALTO Bouldermatte. Ein extrem hochwertiges 118 x 100 x 10cm bzw. 3-Lagen Crashpad mit genialem Faltsystem.\",\"breadcrumb\":{\"@id\":\"https:\/\/bolting.eu\/en\/shop\/petzl-alto-bouldermatte\/#breadcrumb\"},\"inLanguage\":\"en-US\",\"potentialAction\":[{\"@type\":\"ReadAction\",\"target\":[\"https:\/\/bolting.eu\/en\/shop\/petzl-alto-bouldermatte\/\"]}]},{\"@type\":\"ImageObject\",\"inLanguage\":\"en-US\",\"@id\":\"https:\/\/bolting.eu\/en\/shop\/petzl-alto-bouldermatte\/#primaryimage\",\"url\":\"https:\/\/bolting.eu\/wp-content\/uploads\/2021\/07\/Petzl-Alto-Bouldermatte-2.jpg\",\"contentUrl\":\"https:\/\/bolting.eu\/wp-content\/uploads\/2021\/07\/Petzl-Alto-Bouldermatte-2.jpg\",\"width\":700,\"height\":700,\"caption\":\"Das Bild zeigt die Petzl Alto Bouldermatte in ge\u00f6ffnetem Zustand. Man sieht die orange Oberseite mit dem wei\u00dfem Petzl Schriftzug.\"},{\"@type\":\"BreadcrumbList\",\"@id\":\"https:\/\/bolting.eu\/en\/shop\/petzl-alto-bouldermatte\/#breadcrumb\",\"itemListElement\":[{\"@type\":\"ListItem\",\"position\":1,\"name\":\"Shop\",\"item\":\"https:\/\/bolting.eu\/en\/shop\/\"},{\"@type\":\"ListItem\",\"position\":2,\"name\":\"Boulder Ausr\u00fcstung\",\"item\":\"https:\/\/bolting.eu\/produkt-kategorie\/boulder-ausruestung\/\"},{\"@type\":\"ListItem\",\"position\":3,\"name\":\"Bouldermatten\",\"item\":\"https:\/\/bolting.eu\/produkt-kategorie\/boulder-ausruestung\/bouldermatte\/\"},{\"@type\":\"ListItem\",\"position\":4,\"name\":\"Petzl Alto Bouldermatte\"}]},{\"@type\":\"WebSite\",\"@id\":\"https:\/\/bolting.eu\/en\/#website\",\"url\":\"https:\/\/bolting.eu\/en\/\",\"name\":\"bolting.eu\",\"description\":\"we make climbs happen\",\"publisher\":{\"@id\":\"https:\/\/bolting.eu\/en\/#organization\"},\"potentialAction\":[{\"@type\":\"SearchAction\",\"target\":{\"@type\":\"EntryPoint\",\"urlTemplate\":\"https:\/\/bolting.eu\/en\/?s={search_term_string}\"},\"query-input\":{\"@type\":\"PropertyValueSpecification\",\"valueRequired\":true,\"valueName\":\"search_term_string\"}}],\"inLanguage\":\"en-US\"},{\"@type\":[\"Organization\",\"Place\",\"SportingGoodsStore\"],\"@id\":\"https:\/\/bolting.eu\/en\/#organization\",\"name\":\"bolting.eu\",\"url\":\"https:\/\/bolting.eu\/en\/\",\"logo\":{\"@id\":\"https:\/\/bolting.eu\/en\/shop\/petzl-alto-bouldermatte\/#local-main-organization-logo\"},\"image\":{\"@id\":\"https:\/\/bolting.eu\/en\/shop\/petzl-alto-bouldermatte\/#local-main-organization-logo\"},\"sameAs\":[\"https:\/\/www.facebook.com\/bolting.eu\",\"https:\/\/www.instagram.com\/bolting.eu\/\"],\"address\":{\"@id\":\"https:\/\/bolting.eu\/en\/shop\/petzl-alto-bouldermatte\/#local-main-place-address\"},\"geo\":{\"@type\":\"GeoCoordinates\",\"latitude\":\"47.264176340396226\",\"longitude\":\"11.380109057672346\"},\"telephone\":[\"+43 699 19083372\"],\"openingHoursSpecification\":[{\"@type\":\"OpeningHoursSpecification\",\"dayOfWeek\":[\"Monday\",\"Wednesday\",\"Friday\"],\"opens\":\"14:00\",\"closes\":\"18:00\"},{\"@type\":\"OpeningHoursSpecification\",\"dayOfWeek\":[\"Tuesday\",\"Thursday\",\"Saturday\",\"Sunday\"],\"opens\":\"00:00\",\"closes\":\"00:00\"}],\"email\":\"office@bolting.eu\",\"vatID\":\"ATU59999728\",\"priceRange\":\"$$\",\"currenciesAccepted\":\"Euro\"},{\"@type\":\"PostalAddress\",\"@id\":\"https:\/\/bolting.eu\/en\/shop\/petzl-alto-bouldermatte\/#local-main-place-address\",\"streetAddress\":\"Fischnalerstra\u00dfe 4\",\"addressLocality\":\"Innsbruck\",\"postalCode\":\"6020\",\"addressRegion\":\"Tirol\",\"addressCountry\":\"AT\"},{\"@type\":\"ImageObject\",\"inLanguage\":\"en-US\",\"@id\":\"https:\/\/bolting.eu\/en\/shop\/petzl-alto-bouldermatte\/#local-main-organization-logo\",\"url\":\"https:\/\/bolting.eu\/wp-content\/uploads\/2019\/09\/bolting-logo.png\",\"contentUrl\":\"https:\/\/bolting.eu\/wp-content\/uploads\/2019\/09\/bolting-logo.png\",\"width\":400,\"height\":211,\"caption\":\"bolting.eu\"}]}<\/script>\n<meta property=\"og:video\" content=\"https:\/\/www.youtube.com\/embed\/6tkVVLlIcpk\" \/>\n<meta property=\"og:video:type\" content=\"text\/html\" \/>\n<meta property=\"og:video:duration\" content=\"105\" \/>\n<meta property=\"og:video:width\" content=\"480\" \/>\n<meta property=\"og:video:height\" content=\"270\" \/>\n<meta property=\"ya:ovs:adult\" content=\"false\" \/>\n<meta property=\"ya:ovs:upload_date\" content=\"2021-07-16T09:45:17+00:00\" \/>\n<meta property=\"ya:ovs:allow_embed\" content=\"true\" \/>\n<meta property=\"product:price:amount\" content=\"280.00\" \/>\n<meta property=\"product:price:currency\" content=\"EUR\" \/>\n<meta property=\"og:availability\" content=\"out of stock\" \/>\n<meta property=\"product:availability\" content=\"out of stock\" \/>\n<meta property=\"product:retailer_item_id\" content=\"K02AO\" \/>\n<meta property=\"product:condition\" content=\"new\" \/>\n<meta name=\"geo.placename\" content=\"Innsbruck\" \/>\n<meta name=\"geo.position\" content=\"47.264176340396226;11.380109057672346\" \/>\n<meta name=\"geo.region\" content=\"Austria\" \/>\n<!-- \/ Yoast SEO Premium plugin. -->","yoast_head_json":{"title":"Petzl Alto Bouldermatte mit genialem Faltsystem online kaufen | bolting.eu","description":"Hier findest Du die PETZL ALTO Bouldermatte. Ein extrem hochwertiges 118 x 100 x 10cm bzw. 3-Lagen Crashpad mit genialem Faltsystem.","robots":{"index":"index","follow":"follow","max-snippet":"max-snippet:-1","max-image-preview":"max-image-preview:large","max-video-preview":"max-video-preview:-1"},"canonical":"https:\/\/bolting.eu\/en\/shop\/petzl-alto-bouldermatte\/","og_locale":"en_US","og_type":"article","og_title":"Petzl Alto Bouldermatte","og_description":"Hier findest Du die PETZL ALTO Bouldermatte. Ein extrem hochwertiges 118 x 100 x 10cm bzw. 3-Lagen Crashpad mit genialem Faltsystem.","og_url":"https:\/\/bolting.eu\/en\/shop\/petzl-alto-bouldermatte\/","og_site_name":"bolting.eu","article_publisher":"https:\/\/www.facebook.com\/bolting.eu","article_modified_time":"2026-01-30T17:00:56+00:00","og_image":[{"width":700,"height":700,"url":"https:\/\/bolting.eu\/wp-content\/uploads\/2021\/07\/Petzl-Alto-Bouldermatte-2.jpg","type":"image\/jpeg"}],"twitter_card":"summary_large_image","twitter_misc":{"Price":"&euro;&nbsp;280,00","Availability":"Out of stock"},"schema":{"@context":"https:\/\/schema.org","@graph":[{"@type":["WebPage","ItemPage"],"@id":"https:\/\/bolting.eu\/en\/shop\/petzl-alto-bouldermatte\/","url":"https:\/\/bolting.eu\/en\/shop\/petzl-alto-bouldermatte\/","name":"Petzl Alto Bouldermatte mit genialem Faltsystem online kaufen | bolting.eu","isPartOf":{"@id":"https:\/\/bolting.eu\/en\/#website"},"primaryImageOfPage":{"@id":"https:\/\/bolting.eu\/en\/shop\/petzl-alto-bouldermatte\/#primaryimage"},"image":{"@id":"https:\/\/bolting.eu\/en\/shop\/petzl-alto-bouldermatte\/#primaryimage"},"thumbnailUrl":"https:\/\/bolting.eu\/wp-content\/uploads\/2021\/07\/Petzl-Alto-Bouldermatte-2.jpg","datePublished":"2021-07-16T09:45:17+00:00","dateModified":"2026-01-30T17:00:56+00:00","description":"Hier findest Du die PETZL ALTO Bouldermatte. Ein extrem hochwertiges 118 x 100 x 10cm bzw. 3-Lagen Crashpad mit genialem Faltsystem.","breadcrumb":{"@id":"https:\/\/bolting.eu\/en\/shop\/petzl-alto-bouldermatte\/#breadcrumb"},"inLanguage":"en-US","potentialAction":[{"@type":"ReadAction","target":["https:\/\/bolting.eu\/en\/shop\/petzl-alto-bouldermatte\/"]}]},{"@type":"ImageObject","inLanguage":"en-US","@id":"https:\/\/bolting.eu\/en\/shop\/petzl-alto-bouldermatte\/#primaryimage","url":"https:\/\/bolting.eu\/wp-content\/uploads\/2021\/07\/Petzl-Alto-Bouldermatte-2.jpg","contentUrl":"https:\/\/bolting.eu\/wp-content\/uploads\/2021\/07\/Petzl-Alto-Bouldermatte-2.jpg","width":700,"height":700,"caption":"Das Bild zeigt die Petzl Alto Bouldermatte in ge\u00f6ffnetem Zustand. Man sieht die orange Oberseite mit dem wei\u00dfem Petzl Schriftzug."},{"@type":"BreadcrumbList","@id":"https:\/\/bolting.eu\/en\/shop\/petzl-alto-bouldermatte\/#breadcrumb","itemListElement":[{"@type":"ListItem","position":1,"name":"Shop","item":"https:\/\/bolting.eu\/en\/shop\/"},{"@type":"ListItem","position":2,"name":"Boulder Ausr\u00fcstung","item":"https:\/\/bolting.eu\/produkt-kategorie\/boulder-ausruestung\/"},{"@type":"ListItem","position":3,"name":"Bouldermatten","item":"https:\/\/bolting.eu\/produkt-kategorie\/boulder-ausruestung\/bouldermatte\/"},{"@type":"ListItem","position":4,"name":"Petzl Alto Bouldermatte"}]},{"@type":"WebSite","@id":"https:\/\/bolting.eu\/en\/#website","url":"https:\/\/bolting.eu\/en\/","name":"bolting.eu","description":"we make climbs happen","publisher":{"@id":"https:\/\/bolting.eu\/en\/#organization"},"potentialAction":[{"@type":"SearchAction","target":{"@type":"EntryPoint","urlTemplate":"https:\/\/bolting.eu\/en\/?s={search_term_string}"},"query-input":{"@type":"PropertyValueSpecification","valueRequired":true,"valueName":"search_term_string"}}],"inLanguage":"en-US"},{"@type":["Organization","Place","SportingGoodsStore"],"@id":"https:\/\/bolting.eu\/en\/#organization","name":"bolting.eu","url":"https:\/\/bolting.eu\/en\/","logo":{"@id":"https:\/\/bolting.eu\/en\/shop\/petzl-alto-bouldermatte\/#local-main-organization-logo"},"image":{"@id":"https:\/\/bolting.eu\/en\/shop\/petzl-alto-bouldermatte\/#local-main-organization-logo"},"sameAs":["https:\/\/www.facebook.com\/bolting.eu","https:\/\/www.instagram.com\/bolting.eu\/"],"address":{"@id":"https:\/\/bolting.eu\/en\/shop\/petzl-alto-bouldermatte\/#local-main-place-address"},"geo":{"@type":"GeoCoordinates","latitude":"47.264176340396226","longitude":"11.380109057672346"},"telephone":["+43 699 19083372"],"openingHoursSpecification":[{"@type":"OpeningHoursSpecification","dayOfWeek":["Monday","Wednesday","Friday"],"opens":"14:00","closes":"18:00"},{"@type":"OpeningHoursSpecification","dayOfWeek":["Tuesday","Thursday","Saturday","Sunday"],"opens":"00:00","closes":"00:00"}],"email":"office@bolting.eu","vatID":"ATU59999728","priceRange":"$$","currenciesAccepted":"Euro"},{"@type":"PostalAddress","@id":"https:\/\/bolting.eu\/en\/shop\/petzl-alto-bouldermatte\/#local-main-place-address","streetAddress":"Fischnalerstra\u00dfe 4","addressLocality":"Innsbruck","postalCode":"6020","addressRegion":"Tirol","addressCountry":"AT"},{"@type":"ImageObject","inLanguage":"en-US","@id":"https:\/\/bolting.eu\/en\/shop\/petzl-alto-bouldermatte\/#local-main-organization-logo","url":"https:\/\/bolting.eu\/wp-content\/uploads\/2019\/09\/bolting-logo.png","contentUrl":"https:\/\/bolting.eu\/wp-content\/uploads\/2019\/09\/bolting-logo.png","width":400,"height":211,"caption":"bolting.eu"}]},"og_video":"https:\/\/www.youtube.com\/embed\/6tkVVLlIcpk","og_video_type":"text\/html","og_video_duration":"105","og_video_width":"480","og_video_height":"270","ya_ovs_adult":"false","ya_ovs_upload_date":"2021-07-16T09:45:17+00:00","ya_ovs_allow_embed":"true","product_price_amount":"280.00","product_price_currency":"EUR","og_availability":"out of stock","product_availability":"out of stock","product_retailer_item_id":"K02AO","product_condition":"new","geo.placename":"Innsbruck","geo.position":{"lat":"47.264176340396226","long":"11.380109057672346"},"geo.region":"Austria"},"_links":{"self":[{"href":"https:\/\/bolting.eu\/en\/wp-json\/wp\/v2\/product\/9342","targetHints":{"allow":["GET"]}}],"collection":[{"href":"https:\/\/bolting.eu\/en\/wp-json\/wp\/v2\/product"}],"about":[{"href":"https:\/\/bolting.eu\/en\/wp-json\/wp\/v2\/types\/product"}],"replies":[{"embeddable":true,"href":"https:\/\/bolting.eu\/en\/wp-json\/wp\/v2\/comments?post=9342"}],"wp:featuredmedia":[{"embeddable":true,"href":"https:\/\/bolting.eu\/en\/wp-json\/wp\/v2\/media\/9348"}],"wp:attachment":[{"href":"https:\/\/bolting.eu\/en\/wp-json\/wp\/v2\/media?parent=9342"}],"wp:term":[{"taxonomy":"product_brand","embeddable":true,"href":"https:\/\/bolting.eu\/en\/wp-json\/wp\/v2\/product_brand?post=9342"},{"taxonomy":"product_cat","embeddable":true,"href":"https:\/\/bolting.eu\/en\/wp-json\/wp\/v2\/product_cat?post=9342"},{"taxonomy":"product_tag","embeddable":true,"href":"https:\/\/bolting.eu\/en\/wp-json\/wp\/v2\/product_tag?post=9342"}],"curies":[{"name":"wp","href":"https:\/\/api.w.org\/{rel}","templated":true}]}}