{"id":9339,"date":"2021-07-16T10:44:45","date_gmt":"2021-07-16T08:44:45","guid":{"rendered":"https:\/\/bolting.eu\/?post_type=product&#038;p=9339"},"modified":"2023-05-05T17:14:07","modified_gmt":"2023-05-05T15:14:07","slug":"petzl-nimbo-sitzstart-pad","status":"publish","type":"product","link":"https:\/\/bolting.eu\/en\/shop\/petzl-nimbo-sitzstart-pad\/","title":{"rendered":"Petzl Nimbo Sitzstart Pad"},"content":{"rendered":"<p>Das Petzl Nimbo ist eine kleine und d\u00fcnne <a href=\"https:\/\/bolting.eu\/produkt-kategorie\/boulder-ausruestung\/bouldermatte\/\">Bouldermatte<\/a> f\u00fcr Sitzstarts. Die Dimsionen sind 75 x 50 x 3cm. Folglich ist dieses Pad als Erg\u00e4nzung zu euren gro\u00dfen Pads gedacht. Denn diese Matte ist lediglich zum Wegstarten gedacht.<\/p>\n<p>Dabei ist es vor allem bei Sitztstarts sehr hilfreich. Dann manchmal sind tiefe Starts mit gro\u00dfen Pads gar nicht m\u00f6glich.\u00a0Zum einen weil sie dort einfach keinen Platz haben. Wie z.B. in kleinen Senken oder zwischen Bl\u00f6cken. Hier ist das Petzl Nimbo eine perfekte L\u00f6sung.<\/p>\n<p>Und zum anderen weil sich mit dicken Matten einfach die Startposition nicht einnehmen l\u00e4sst. In diesem Fall gehen eben nur sehr d\u00fcnne Sitpads.<\/p>\n<p>\u00dcberdies ist ein kleines Pad wie dieses extrem praktisch, wenn man eine Matte nur zum &#8220;Wegsteigen&#8221; braucht. D.h. quasi einen Fu\u00dfabstreifer.<\/p>\n<p>Fazit. Wer richtig viel bouldert, der wird fr\u00fcher oder sp\u00e4ter ein Mini Pad wie dieses brauchen. Hierf\u00fcr ist diese Matte eine perfekte Wahl.<\/p>\n<h2>Eigenschaften Petzl Nimbo<\/h2>\n<ul>\n<li>Hersteller: <a href=\"https:\/\/bolting.eu\/produkt-kategorie\/petzl\/\">Petzl<\/a><\/li>\n<li>Gr\u00f6\u00dfe: 75 x 50 x 3cm<\/li>\n<li>Gewicht: 700 Gramm<\/li>\n<li>dichter Schaumstoff f\u00fcr gute D\u00e4mpfung<\/li>\n<li>extrem rei\u00dffestes Cordura Ballistic Gewebe<\/li>\n<li>ideal f\u00fcr Sitzstarts oder seitlichen Aufprallschutz<\/li>\n<li>ideal als warme Unterlage f\u00fcr euren &#8220;Hintern&#8221;<\/li>\n<li>passt zwischen jede normale Bouldermatte<\/li>\n<\/ul>\n<h3>Pflegehinweise<\/h3>\n<p>Um die Lebensdauer eures Petzl Nimbo Sitzstart Pad zu erh\u00f6hen, solltet ihr ein paar Pflegehinweise beachten.<\/p>\n<p>Erstens lohnt es sich, den Untergrund vor dem Hinlegen zu reinigen. Dabei sollten besonders spitze Steine und \u00c4ste entfernt werden. Denn diese k\u00f6nnen sich in den Mattenboden bohren.<\/p>\n<p>Zweitens sollte euer Mini-Pad niemals feucht eigelagert werden. Lasst es immer ordentlich trocknen, bevor es z.B. f\u00fcr ein paar Wochen im Keller oder der Garage eingelagert wird. Somit verhindert ihr Schimmel und unangenehme Ger\u00fcche.<\/p>\n<h3>Wann geh\u00f6rt das Petzl Nimbo ausgetauscht?<\/h3>\n<p>Die Lebensdauer eurer Bouldermatten h\u00e4ngt von vielen Faktoren ab. Nutzungsintensit\u00e4t, Nutzungsdauer, Untergrund, Fallh\u00f6he etc. spielen da mit hinein.<\/p>\n<p>Bei Sitpads ist es erfreulicher Weise recht einfach zu sehen, wann es ausgetauscht geh\u00f6rt. Im Grunde muss es sich schon fast aufl\u00f6sen, bevor es unbrauchbar wird. Oder aber der Schaumstoff ist schon so weich, dass man nicht einmal mehr darauf sitzen will \ud83d\ude09<\/p>\n<h4><strong>Link Tipp<\/strong><\/h4>\n<p>Kauft euch den Maltatal Kletterf\u00fchrer und besucht mit eurem Pad eines der besten Bouldergebiete der Alpen: <a href=\"https:\/\/maltatal.rocks\/bouldergebiete-maltatal\/\" target=\"_blank\" rel=\"noopener\">Bouldern Maltatal<\/a><\/p>\n","protected":false},"excerpt":{"rendered":"<ul>\n<li>Gr\u00f6\u00dfe: 70 x 50 x 3cm<\/li>\n<li>Gewicht: 700 Gramm<\/li>\n<li>dichter Schaumstoff f\u00fcr gute D\u00e4mpfung<\/li>\n<li>extrem rei\u00dffestes Cordura Ballistic Gewebe<\/li>\n<li>ideal f\u00fcr Sitzstarts oder seitlichen Aufprallschutz<\/li>\n<li>ideal als warme Unterlage f\u00fcr euren &#8220;Hintern&#8221;<\/li>\n<li>passt zwischen jede normale Bouldermatte<\/li>\n<\/ul>\n","protected":false},"featured_media":9340,"comment_status":"open","ping_status":"closed","template":"","meta":[],"product_brand":[],"product_cat":[5284,6358,14093],"product_tag":[],"class_list":{"0":"post-9339","1":"product","2":"type-product","3":"status-publish","4":"has-post-thumbnail","6":"product_cat-boulder-ausruestung","7":"product_cat-bouldermatte","8":"product_cat-petzl","10":"first","11":"instock","12":"sale","13":"taxable","14":"shipping-taxable","15":"purchasable","16":"product-type-simple"},"yoast_head":"<!-- This site is optimized with the Yoast SEO Premium plugin v26.9 (Yoast SEO v26.9) - https:\/\/yoast.com\/product\/yoast-seo-premium-wordpress\/ -->\n<title>Petzl Nimbo Sitzstart Pad - 75 x 50 x 3cm online kaufen | bolting.eu<\/title>\n<meta name=\"description\" content=\"Hier findest Du das PETZL NIMBO Sitzstart Pad. Eine 75 x 50 x 3cm gro\u00dfe Bouldermatte, die als Behelfspad bzw. Fu\u00dfabstreifer gedacht ist.\" \/>\n<meta name=\"robots\" content=\"index, follow, max-snippet:-1, max-image-preview:large, max-video-preview:-1\" \/>\n<link rel=\"canonical\" href=\"https:\/\/bolting.eu\/en\/shop\/petzl-nimbo-sitzstart-pad\/\" \/>\n<meta property=\"og:locale\" content=\"en_US\" \/>\n<meta property=\"og:type\" content=\"article\" \/>\n<meta property=\"og:title\" content=\"Petzl Nimbo Sitzstart Pad\" \/>\n<meta property=\"og:description\" content=\"Hier findest Du das PETZL NIMBO Sitzstart Pad. Eine 75 x 50 x 3cm gro\u00dfe Bouldermatte, die als Behelfspad bzw. Fu\u00dfabstreifer gedacht ist.\" \/>\n<meta property=\"og:url\" content=\"https:\/\/bolting.eu\/en\/shop\/petzl-nimbo-sitzstart-pad\/\" \/>\n<meta property=\"og:site_name\" content=\"bolting.eu\" \/>\n<meta property=\"article:publisher\" content=\"https:\/\/www.facebook.com\/bolting.eu\" \/>\n<meta property=\"article:modified_time\" content=\"2023-05-05T15:14:07+00:00\" \/>\n<meta property=\"og:image\" content=\"https:\/\/bolting.eu\/wp-content\/uploads\/2021\/07\/Petzl-Nimbo-Sitzstart-PAd-1.jpg\" \/>\n\t<meta property=\"og:image:width\" content=\"700\" \/>\n\t<meta property=\"og:image:height\" content=\"700\" \/>\n\t<meta property=\"og:image:type\" content=\"image\/jpeg\" \/>\n<meta name=\"twitter:card\" content=\"summary_large_image\" \/>\n<meta name=\"twitter:label1\" content=\"Price\" \/>\n\t<meta name=\"twitter:data1\" content=\"&euro;&nbsp;65,00\" \/>\n\t<meta name=\"twitter:label2\" content=\"Availability\" \/>\n\t<meta name=\"twitter:data2\" content=\"In stock\" \/>\n<script type=\"application\/ld+json\" class=\"yoast-schema-graph\">{\"@context\":\"https:\/\/schema.org\",\"@graph\":[{\"@type\":[\"WebPage\",\"ItemPage\"],\"@id\":\"https:\/\/bolting.eu\/en\/shop\/petzl-nimbo-sitzstart-pad\/\",\"url\":\"https:\/\/bolting.eu\/en\/shop\/petzl-nimbo-sitzstart-pad\/\",\"name\":\"Petzl Nimbo Sitzstart Pad - 75 x 50 x 3cm online kaufen | bolting.eu\",\"isPartOf\":{\"@id\":\"https:\/\/bolting.eu\/en\/#website\"},\"primaryImageOfPage\":{\"@id\":\"https:\/\/bolting.eu\/en\/shop\/petzl-nimbo-sitzstart-pad\/#primaryimage\"},\"image\":{\"@id\":\"https:\/\/bolting.eu\/en\/shop\/petzl-nimbo-sitzstart-pad\/#primaryimage\"},\"thumbnailUrl\":\"https:\/\/bolting.eu\/wp-content\/uploads\/2021\/07\/Petzl-Nimbo-Sitzstart-PAd-1.jpg\",\"datePublished\":\"2021-07-16T08:44:45+00:00\",\"dateModified\":\"2023-05-05T15:14:07+00:00\",\"description\":\"Hier findest Du das PETZL NIMBO Sitzstart Pad. Eine 75 x 50 x 3cm gro\u00dfe Bouldermatte, die als Behelfspad bzw. Fu\u00dfabstreifer gedacht ist.\",\"breadcrumb\":{\"@id\":\"https:\/\/bolting.eu\/en\/shop\/petzl-nimbo-sitzstart-pad\/#breadcrumb\"},\"inLanguage\":\"en-US\",\"potentialAction\":[{\"@type\":\"ReadAction\",\"target\":[\"https:\/\/bolting.eu\/en\/shop\/petzl-nimbo-sitzstart-pad\/\"]}]},{\"@type\":\"ImageObject\",\"inLanguage\":\"en-US\",\"@id\":\"https:\/\/bolting.eu\/en\/shop\/petzl-nimbo-sitzstart-pad\/#primaryimage\",\"url\":\"https:\/\/bolting.eu\/wp-content\/uploads\/2021\/07\/Petzl-Nimbo-Sitzstart-PAd-1.jpg\",\"contentUrl\":\"https:\/\/bolting.eu\/wp-content\/uploads\/2021\/07\/Petzl-Nimbo-Sitzstart-PAd-1.jpg\",\"width\":700,\"height\":700,\"caption\":\"Das Bild zeigt das Petzl Nimbo Sitzstart Pad. Man sieht die orange Oberseite mit wei\u00dfem Petzl Schriftzug und dem Produktnamen im rechten Eck der Matte. Oberhalb die schwarze Trageschlaufe.\"},{\"@type\":\"BreadcrumbList\",\"@id\":\"https:\/\/bolting.eu\/en\/shop\/petzl-nimbo-sitzstart-pad\/#breadcrumb\",\"itemListElement\":[{\"@type\":\"ListItem\",\"position\":1,\"name\":\"Shop\",\"item\":\"https:\/\/bolting.eu\/en\/shop\/\"},{\"@type\":\"ListItem\",\"position\":2,\"name\":\"Boulder Ausr\u00fcstung\",\"item\":\"https:\/\/bolting.eu\/produkt-kategorie\/boulder-ausruestung\/\"},{\"@type\":\"ListItem\",\"position\":3,\"name\":\"Bouldermatten\",\"item\":\"https:\/\/bolting.eu\/produkt-kategorie\/boulder-ausruestung\/bouldermatte\/\"},{\"@type\":\"ListItem\",\"position\":4,\"name\":\"Petzl Nimbo Sitzstart Pad\"}]},{\"@type\":\"WebSite\",\"@id\":\"https:\/\/bolting.eu\/en\/#website\",\"url\":\"https:\/\/bolting.eu\/en\/\",\"name\":\"bolting.eu\",\"description\":\"we make climbs happen\",\"publisher\":{\"@id\":\"https:\/\/bolting.eu\/en\/#organization\"},\"potentialAction\":[{\"@type\":\"SearchAction\",\"target\":{\"@type\":\"EntryPoint\",\"urlTemplate\":\"https:\/\/bolting.eu\/en\/?s={search_term_string}\"},\"query-input\":{\"@type\":\"PropertyValueSpecification\",\"valueRequired\":true,\"valueName\":\"search_term_string\"}}],\"inLanguage\":\"en-US\"},{\"@type\":[\"Organization\",\"Place\",\"SportingGoodsStore\"],\"@id\":\"https:\/\/bolting.eu\/en\/#organization\",\"name\":\"bolting.eu\",\"url\":\"https:\/\/bolting.eu\/en\/\",\"logo\":{\"@id\":\"https:\/\/bolting.eu\/en\/shop\/petzl-nimbo-sitzstart-pad\/#local-main-organization-logo\"},\"image\":{\"@id\":\"https:\/\/bolting.eu\/en\/shop\/petzl-nimbo-sitzstart-pad\/#local-main-organization-logo\"},\"sameAs\":[\"https:\/\/www.facebook.com\/bolting.eu\",\"https:\/\/www.instagram.com\/bolting.eu\/\"],\"address\":{\"@id\":\"https:\/\/bolting.eu\/en\/shop\/petzl-nimbo-sitzstart-pad\/#local-main-place-address\"},\"geo\":{\"@type\":\"GeoCoordinates\",\"latitude\":\"47.264176340396226\",\"longitude\":\"11.380109057672346\"},\"telephone\":[\"+43 699 19083372\"],\"openingHoursSpecification\":[{\"@type\":\"OpeningHoursSpecification\",\"dayOfWeek\":[\"Monday\",\"Wednesday\",\"Friday\"],\"opens\":\"14:00\",\"closes\":\"18:00\"},{\"@type\":\"OpeningHoursSpecification\",\"dayOfWeek\":[\"Tuesday\",\"Thursday\",\"Saturday\",\"Sunday\"],\"opens\":\"00:00\",\"closes\":\"00:00\"}],\"email\":\"office@bolting.eu\",\"vatID\":\"ATU59999728\",\"priceRange\":\"$$\",\"currenciesAccepted\":\"Euro\"},{\"@type\":\"PostalAddress\",\"@id\":\"https:\/\/bolting.eu\/en\/shop\/petzl-nimbo-sitzstart-pad\/#local-main-place-address\",\"streetAddress\":\"Fischnalerstra\u00dfe 4\",\"addressLocality\":\"Innsbruck\",\"postalCode\":\"6020\",\"addressRegion\":\"Tirol\",\"addressCountry\":\"AT\"},{\"@type\":\"ImageObject\",\"inLanguage\":\"en-US\",\"@id\":\"https:\/\/bolting.eu\/en\/shop\/petzl-nimbo-sitzstart-pad\/#local-main-organization-logo\",\"url\":\"https:\/\/bolting.eu\/wp-content\/uploads\/2019\/09\/bolting-logo.png\",\"contentUrl\":\"https:\/\/bolting.eu\/wp-content\/uploads\/2019\/09\/bolting-logo.png\",\"width\":400,\"height\":211,\"caption\":\"bolting.eu\"}]}<\/script>\n<meta property=\"product:price:amount\" content=\"65.00\" \/>\n<meta property=\"product:price:currency\" content=\"EUR\" \/>\n<meta property=\"og:availability\" content=\"instock\" \/>\n<meta property=\"product:availability\" content=\"instock\" \/>\n<meta property=\"product:retailer_item_id\" content=\"K03AO\" \/>\n<meta property=\"product:condition\" content=\"new\" \/>\n<meta name=\"geo.placename\" content=\"Innsbruck\" \/>\n<meta name=\"geo.position\" content=\"47.264176340396226;11.380109057672346\" \/>\n<meta name=\"geo.region\" content=\"Austria\" \/>\n<!-- \/ Yoast SEO Premium plugin. -->","yoast_head_json":{"title":"Petzl Nimbo Sitzstart Pad - 75 x 50 x 3cm online kaufen | bolting.eu","description":"Hier findest Du das PETZL NIMBO Sitzstart Pad. Eine 75 x 50 x 3cm gro\u00dfe Bouldermatte, die als Behelfspad bzw. Fu\u00dfabstreifer gedacht ist.","robots":{"index":"index","follow":"follow","max-snippet":"max-snippet:-1","max-image-preview":"max-image-preview:large","max-video-preview":"max-video-preview:-1"},"canonical":"https:\/\/bolting.eu\/en\/shop\/petzl-nimbo-sitzstart-pad\/","og_locale":"en_US","og_type":"article","og_title":"Petzl Nimbo Sitzstart Pad","og_description":"Hier findest Du das PETZL NIMBO Sitzstart Pad. Eine 75 x 50 x 3cm gro\u00dfe Bouldermatte, die als Behelfspad bzw. Fu\u00dfabstreifer gedacht ist.","og_url":"https:\/\/bolting.eu\/en\/shop\/petzl-nimbo-sitzstart-pad\/","og_site_name":"bolting.eu","article_publisher":"https:\/\/www.facebook.com\/bolting.eu","article_modified_time":"2023-05-05T15:14:07+00:00","og_image":[{"width":700,"height":700,"url":"https:\/\/bolting.eu\/wp-content\/uploads\/2021\/07\/Petzl-Nimbo-Sitzstart-PAd-1.jpg","type":"image\/jpeg"}],"twitter_card":"summary_large_image","twitter_misc":{"Price":"&euro;&nbsp;65,00","Availability":"In stock"},"schema":{"@context":"https:\/\/schema.org","@graph":[{"@type":["WebPage","ItemPage"],"@id":"https:\/\/bolting.eu\/en\/shop\/petzl-nimbo-sitzstart-pad\/","url":"https:\/\/bolting.eu\/en\/shop\/petzl-nimbo-sitzstart-pad\/","name":"Petzl Nimbo Sitzstart Pad - 75 x 50 x 3cm online kaufen | bolting.eu","isPartOf":{"@id":"https:\/\/bolting.eu\/en\/#website"},"primaryImageOfPage":{"@id":"https:\/\/bolting.eu\/en\/shop\/petzl-nimbo-sitzstart-pad\/#primaryimage"},"image":{"@id":"https:\/\/bolting.eu\/en\/shop\/petzl-nimbo-sitzstart-pad\/#primaryimage"},"thumbnailUrl":"https:\/\/bolting.eu\/wp-content\/uploads\/2021\/07\/Petzl-Nimbo-Sitzstart-PAd-1.jpg","datePublished":"2021-07-16T08:44:45+00:00","dateModified":"2023-05-05T15:14:07+00:00","description":"Hier findest Du das PETZL NIMBO Sitzstart Pad. Eine 75 x 50 x 3cm gro\u00dfe Bouldermatte, die als Behelfspad bzw. Fu\u00dfabstreifer gedacht ist.","breadcrumb":{"@id":"https:\/\/bolting.eu\/en\/shop\/petzl-nimbo-sitzstart-pad\/#breadcrumb"},"inLanguage":"en-US","potentialAction":[{"@type":"ReadAction","target":["https:\/\/bolting.eu\/en\/shop\/petzl-nimbo-sitzstart-pad\/"]}]},{"@type":"ImageObject","inLanguage":"en-US","@id":"https:\/\/bolting.eu\/en\/shop\/petzl-nimbo-sitzstart-pad\/#primaryimage","url":"https:\/\/bolting.eu\/wp-content\/uploads\/2021\/07\/Petzl-Nimbo-Sitzstart-PAd-1.jpg","contentUrl":"https:\/\/bolting.eu\/wp-content\/uploads\/2021\/07\/Petzl-Nimbo-Sitzstart-PAd-1.jpg","width":700,"height":700,"caption":"Das Bild zeigt das Petzl Nimbo Sitzstart Pad. Man sieht die orange Oberseite mit wei\u00dfem Petzl Schriftzug und dem Produktnamen im rechten Eck der Matte. Oberhalb die schwarze Trageschlaufe."},{"@type":"BreadcrumbList","@id":"https:\/\/bolting.eu\/en\/shop\/petzl-nimbo-sitzstart-pad\/#breadcrumb","itemListElement":[{"@type":"ListItem","position":1,"name":"Shop","item":"https:\/\/bolting.eu\/en\/shop\/"},{"@type":"ListItem","position":2,"name":"Boulder Ausr\u00fcstung","item":"https:\/\/bolting.eu\/produkt-kategorie\/boulder-ausruestung\/"},{"@type":"ListItem","position":3,"name":"Bouldermatten","item":"https:\/\/bolting.eu\/produkt-kategorie\/boulder-ausruestung\/bouldermatte\/"},{"@type":"ListItem","position":4,"name":"Petzl Nimbo Sitzstart Pad"}]},{"@type":"WebSite","@id":"https:\/\/bolting.eu\/en\/#website","url":"https:\/\/bolting.eu\/en\/","name":"bolting.eu","description":"we make climbs happen","publisher":{"@id":"https:\/\/bolting.eu\/en\/#organization"},"potentialAction":[{"@type":"SearchAction","target":{"@type":"EntryPoint","urlTemplate":"https:\/\/bolting.eu\/en\/?s={search_term_string}"},"query-input":{"@type":"PropertyValueSpecification","valueRequired":true,"valueName":"search_term_string"}}],"inLanguage":"en-US"},{"@type":["Organization","Place","SportingGoodsStore"],"@id":"https:\/\/bolting.eu\/en\/#organization","name":"bolting.eu","url":"https:\/\/bolting.eu\/en\/","logo":{"@id":"https:\/\/bolting.eu\/en\/shop\/petzl-nimbo-sitzstart-pad\/#local-main-organization-logo"},"image":{"@id":"https:\/\/bolting.eu\/en\/shop\/petzl-nimbo-sitzstart-pad\/#local-main-organization-logo"},"sameAs":["https:\/\/www.facebook.com\/bolting.eu","https:\/\/www.instagram.com\/bolting.eu\/"],"address":{"@id":"https:\/\/bolting.eu\/en\/shop\/petzl-nimbo-sitzstart-pad\/#local-main-place-address"},"geo":{"@type":"GeoCoordinates","latitude":"47.264176340396226","longitude":"11.380109057672346"},"telephone":["+43 699 19083372"],"openingHoursSpecification":[{"@type":"OpeningHoursSpecification","dayOfWeek":["Monday","Wednesday","Friday"],"opens":"14:00","closes":"18:00"},{"@type":"OpeningHoursSpecification","dayOfWeek":["Tuesday","Thursday","Saturday","Sunday"],"opens":"00:00","closes":"00:00"}],"email":"office@bolting.eu","vatID":"ATU59999728","priceRange":"$$","currenciesAccepted":"Euro"},{"@type":"PostalAddress","@id":"https:\/\/bolting.eu\/en\/shop\/petzl-nimbo-sitzstart-pad\/#local-main-place-address","streetAddress":"Fischnalerstra\u00dfe 4","addressLocality":"Innsbruck","postalCode":"6020","addressRegion":"Tirol","addressCountry":"AT"},{"@type":"ImageObject","inLanguage":"en-US","@id":"https:\/\/bolting.eu\/en\/shop\/petzl-nimbo-sitzstart-pad\/#local-main-organization-logo","url":"https:\/\/bolting.eu\/wp-content\/uploads\/2019\/09\/bolting-logo.png","contentUrl":"https:\/\/bolting.eu\/wp-content\/uploads\/2019\/09\/bolting-logo.png","width":400,"height":211,"caption":"bolting.eu"}]},"product_price_amount":"65.00","product_price_currency":"EUR","og_availability":"instock","product_availability":"instock","product_retailer_item_id":"K03AO","product_condition":"new","geo.placename":"Innsbruck","geo.position":{"lat":"47.264176340396226","long":"11.380109057672346"},"geo.region":"Austria"},"_links":{"self":[{"href":"https:\/\/bolting.eu\/en\/wp-json\/wp\/v2\/product\/9339","targetHints":{"allow":["GET"]}}],"collection":[{"href":"https:\/\/bolting.eu\/en\/wp-json\/wp\/v2\/product"}],"about":[{"href":"https:\/\/bolting.eu\/en\/wp-json\/wp\/v2\/types\/product"}],"replies":[{"embeddable":true,"href":"https:\/\/bolting.eu\/en\/wp-json\/wp\/v2\/comments?post=9339"}],"wp:featuredmedia":[{"embeddable":true,"href":"https:\/\/bolting.eu\/en\/wp-json\/wp\/v2\/media\/9340"}],"wp:attachment":[{"href":"https:\/\/bolting.eu\/en\/wp-json\/wp\/v2\/media?parent=9339"}],"wp:term":[{"taxonomy":"product_brand","embeddable":true,"href":"https:\/\/bolting.eu\/en\/wp-json\/wp\/v2\/product_brand?post=9339"},{"taxonomy":"product_cat","embeddable":true,"href":"https:\/\/bolting.eu\/en\/wp-json\/wp\/v2\/product_cat?post=9339"},{"taxonomy":"product_tag","embeddable":true,"href":"https:\/\/bolting.eu\/en\/wp-json\/wp\/v2\/product_tag?post=9339"}],"curies":[{"name":"wp","href":"https:\/\/api.w.org\/{rel}","templated":true}]}}