{"id":9297,"date":"2021-07-15T12:29:16","date_gmt":"2021-07-15T10:29:16","guid":{"rendered":"https:\/\/bolting.eu\/?post_type=product&#038;p=9297"},"modified":"2026-03-27T11:11:44","modified_gmt":"2026-03-27T10:11:44","slug":"petzl-tibloc","status":"publish","type":"product","link":"https:\/\/bolting.eu\/en\/shop\/petzl-tibloc\/","title":{"rendered":"Petzl Tibloc"},"content":{"rendered":"<p>Der Petzl Tibloc ist eine ultraleichte Seilklemme f\u00fcr alpine Eins\u00e4tze. Wie z.B. die Errichtung eines behelfsm\u00e4\u00dfigen Flaschenzuges sowie als Ersatz f\u00fcr einen Prusik. Zudem ist diese Seilklemme DER Standard bei der Selbstrettung aus Gletscherspalten. Voraussetzung f\u00fcr die Funktion ist ein <a href=\"https:\/\/bolting.eu\/produkt-kategorie\/kletterausruestung\/kletterseil\/\">Kletterseil<\/a> mit 8 &#8211; 11mm Durchmesser.<\/p>\n<p>Was diese Klemme haupts\u00e4chlich auszeichnet sind zwei Dinge. Zum einen ist es das geringe Gewicht. Denn der Petzl Tibloc wiegt gerade einmal 35 Gramm. Und zum anderen die Selbstblockierung durch den Karabiner, der sich hierbei einfach die Schwerkraft zu Nutze macht.<\/p>\n<p>Abgerundet wird dieses Produkt durch folgenden weiteren Eigenschaften. Erstens die Piktogramme f\u00fcr eine richtige Bedienung. Zweitens die gezahnten Klemmnocken aus Edelstahl mit einem Reinigungsschlitz. Sie greifen sowohl bei Eis als auch bei verschmutztem Kletterseil.<\/p>\n<p>Fazit. Diese Mini <a href=\"https:\/\/bolting.eu\/produkt-kategorie\/kletterausruestung\/steigklemme\/\">Steigklemme<\/a> geh\u00f6rt in jede Kletterausr\u00fcstung. Vor allem in alpinen Bereich und bei Hochtouren sollte man sie &#8211; wie eine <a href=\"https:\/\/bolting.eu\/shop\/petzl-micro-traxion-seilrolle-mit-ruecklaufsperre\/\">Micro Traxion<\/a> oder <a href=\"https:\/\/bolting.eu\/shop\/petzl-nano-traxion\/\">Nano Traxion<\/a> &#8211; immer mit dabei haben!<\/p>\n<h2>Eigenschaften Petzl Tibloc<\/h2>\n<ul>\n<li>Hersteller: Petzl<\/li>\n<li>Material: Edelstahl<\/li>\n<li>Gewicht: 35 Gramm<\/li>\n<li>f\u00fcr Seile 8 &#8211; 11mm<\/li>\n<li>kompatibel mit allen Petzl <a href=\"https:\/\/bolting.eu\/produkt-kategorie\/kletterausruestung\/karabiner-kletterkarabiner\/\">Karabinern<\/a> au\u00dfer Spirit<\/li>\n<li>Normen: EN 567<\/li>\n<li>ultraleichte Seilklemme<\/li>\n<li>f\u00fcr Aufsteig am Seil, R\u00fccklaufsperre am Flaschenz\u00fcge<\/li>\n<li>gezahnter Klemmnocken mit Reinigungsschlitz<\/li>\n<li>Piktogramme zeigen an wie Seil eingelegt werden muss<\/li>\n<li>ideal mit <a href=\"https:\/\/bolting.eu\/shop\/petzl-smd-screw-lock\/\">Petzl SM`D Screw Lock<\/a> Karabiner<\/li>\n<li><a href=\"https:\/\/www.petzl.com\/sfc\/servlet.shepherd\/version\/download\/0685I000002hBzDQAU\" target=\"_blank\" rel=\"noopener\">Bedienungsanleitung<\/a><\/li>\n<\/ul>\n<h3>Petzl Tibloc &#8211; Aufsteig am Seil<\/h3>\n<figure id=\"attachment_9301\" aria-describedby=\"caption-attachment-9301\" style=\"width: 200px\" class=\"wp-caption alignleft\"><a href=\"https:\/\/bolting.eu\/wp-content\/uploads\/2021\/07\/Petzl-Tibloc-6.jpg\"><img loading=\"lazy\" decoding=\"async\" class=\"wp-image-9301\" src=\"https:\/\/bolting.eu\/wp-content\/uploads\/2021\/07\/Petzl-Tibloc-6-280x280.jpg\" alt=\"Das Bild zeigt eine Grafik zur Installation des Petzl Tibloc am Kletterseil.\" width=\"200\" height=\"200\" srcset=\"https:\/\/bolting.eu\/wp-content\/uploads\/2021\/07\/Petzl-Tibloc-6-280x280.jpg 280w, https:\/\/bolting.eu\/wp-content\/uploads\/2021\/07\/Petzl-Tibloc-6-247x247.jpg 247w, https:\/\/bolting.eu\/wp-content\/uploads\/2021\/07\/Petzl-Tibloc-6-100x100.jpg 100w, https:\/\/bolting.eu\/wp-content\/uploads\/2021\/07\/Petzl-Tibloc-6-510x510.jpg 510w, https:\/\/bolting.eu\/wp-content\/uploads\/2021\/07\/Petzl-Tibloc-6-400x400.jpg 400w, https:\/\/bolting.eu\/wp-content\/uploads\/2021\/07\/Petzl-Tibloc-6-300x300.jpg 300w, https:\/\/bolting.eu\/wp-content\/uploads\/2021\/07\/Petzl-Tibloc-6-600x600.jpg 600w, https:\/\/bolting.eu\/wp-content\/uploads\/2021\/07\/Petzl-Tibloc-6.jpg 700w\" sizes=\"auto, (max-width: 200px) 100vw, 200px\" \/><\/a><figcaption id=\"caption-attachment-9301\" class=\"wp-caption-text\">F\u00fcr den Aufstieg am Seil sind diese zwei Installationsmethoden zul\u00e4ssig!<\/figcaption><\/figure>\n<p>Diese Seilklemme kann perfekt einen Klemmknoten wie z.B. einen Prusik ersetzen. Vor allem bei schmutzigen oder eisigen Seilen macht das Sinn.<\/p>\n<p>Denn hier halten die gezahnten Klemmnocken wesentlich besser als eine Reepschnur.<\/p>\n<p>Beachtet beim Aufsteig zwei Dinge. Zum ersten m\u00fcsst ihr einen Karabiner verwenden, welcher einen Querschnitt hat der gro\u00df genug ist. Zweitens m\u00fcsst ihr das Seil durch den Karabiner einmal durchf\u00fchren. Denn somit erzeugt ihr eine bessere Klemmwirkung an der Seilklemme.<\/p>\n<h3>Nutzung bei Flaschenz\u00fcgen<\/h3>\n<figure id=\"attachment_9300\" aria-describedby=\"caption-attachment-9300\" style=\"width: 100px\" class=\"wp-caption alignleft\"><a href=\"https:\/\/bolting.eu\/wp-content\/uploads\/2021\/07\/Petzl-Tibloc-7.jpg\"><img loading=\"lazy\" decoding=\"async\" class=\"wp-image-9300\" src=\"https:\/\/bolting.eu\/wp-content\/uploads\/2021\/07\/Petzl-Tibloc-7-155x400.jpg\" alt=\"Das Bild zeigt eine ZEichnung eines Flaschenzuges.\" width=\"100\" height=\"259\" srcset=\"https:\/\/bolting.eu\/wp-content\/uploads\/2021\/07\/Petzl-Tibloc-7-155x400.jpg 155w, https:\/\/bolting.eu\/wp-content\/uploads\/2021\/07\/Petzl-Tibloc-7.jpg 232w\" sizes=\"auto, (max-width: 100px) 100vw, 100px\" \/><\/a><figcaption id=\"caption-attachment-9300\" class=\"wp-caption-text\">Die Verwendung des Petzl Tibloc bei Flaschenz\u00fcgen.<\/figcaption><\/figure>\n<p>Der Petzl Tibloc ist perfekt f\u00fcr Flaschenz\u00fcge.<\/p>\n<p>Hierbei kann er sowohl als R\u00fccklaufsperre als auch Ersatz f\u00fcr den verschiebbaren Prusik dienen.<\/p>\n<p>\u00dcbt hierf\u00fcr den Aufbau einfach einmal im Trockenen. Dabei lohnt es sich, auf die korrekte Einh\u00e4nge Richtung zu achten.<\/p>\n<p>Somit seid ihr im Ernstfall bestens vorbereitet. Dann wisst ihr umgehend, in welcher Position die Seilklemme eingeh\u00e4ngt geh\u00f6rt.<\/p>\n<p>Am einfachsten l\u00e4sst sich ein Flaschenzug mit der petzl Micro Traxion Seilrolle bauen. Diese Seilrolle hat eine integrierte R\u00fccklaufsperre. D.h. hier hat man sowohl einen hohen Wirkungsrad als auch gleich den R\u00fccklaufstopp!<\/p>\n<h3>Petzl Tibloc bei der <a href=\"https:\/\/bolting.eu\/produkt-kategorie\/bergsteiger-ausruestung\/spaltenbergung\/\">Spaltenbergung<\/a><\/h3>\n<figure id=\"attachment_9299\" aria-describedby=\"caption-attachment-9299\" style=\"width: 289px\" class=\"wp-caption alignleft\"><a href=\"https:\/\/bolting.eu\/wp-content\/uploads\/2021\/07\/Petzl-Tibloc-8.jpg\"><img loading=\"lazy\" decoding=\"async\" class=\"wp-image-9299 size-medium\" src=\"https:\/\/bolting.eu\/wp-content\/uploads\/2021\/07\/Petzl-Tibloc-8-289x400.jpg\" alt=\"Das Bild zeigt eine Grafik zur Spalten Selbstrettung. MAn erkennt einen gezeichneten BErgsteiger bei der Spaltenbergung.\" width=\"289\" height=\"400\" srcset=\"https:\/\/bolting.eu\/wp-content\/uploads\/2021\/07\/Petzl-Tibloc-8-289x400.jpg 289w, https:\/\/bolting.eu\/wp-content\/uploads\/2021\/07\/Petzl-Tibloc-8-510x706.jpg 510w, https:\/\/bolting.eu\/wp-content\/uploads\/2021\/07\/Petzl-Tibloc-8.jpg 578w\" sizes=\"auto, (max-width: 289px) 100vw, 289px\" \/><\/a><figcaption id=\"caption-attachment-9299\" class=\"wp-caption-text\">Bei der Spaltenbergung ist die Seilklemme extrem praktisch und dient als Ersatz f\u00fcr den Prusik.<\/figcaption><\/figure>\n<p>Bei der Selbstrettung aus einer Gletscherspalte wird diese Seilklemme als Ersatz f\u00fcr einen Prusik verwendet. D.h. sie wird zuoberst im Seil fixiert fixiert und dient hier als &#8220;Klemmknoten&#8221;. Oder anders formuliert.<\/p>\n<p>Die Seilklemme dient zum einen als Fixpunkt f\u00fcr die Selbstsicherung. Und zum anderen zum Fixieren der Trittschlinge. Bei eisigen Verh\u00e4ltnissen spielt die Seilklemme mit den gezahnten Klemmnocken hier besonders gut ihre St\u00e4rken aus.<\/p>\n<p>Zudem ist sie viel leichter mit Handschuhen zu bedienen als ein Prusik.<\/p>\n<h3>Verwendung als Zwischensicherung<\/h3>\n<p>Viele Alpinisten klettern in ihren Seilschaften &#8220;verlaufend&#8221;. D.h. beide Kletterer sind in Bewegung. &#8220;Gesichert&#8221; wird lediglich mit wenigen Zwischensicherungen, in welche ein Petzl Tibloc eingeh\u00e4ngt wird.<\/p>\n<p>Diese Vorgehensweise ist definitiv keine Standardanwendung. Denn dabei ist die Gefahr einer Seilbesch\u00e4digung durch zu gro\u00dfe Kr\u00e4fte relativ hoch. Nicht umsonst taucht diese m\u00f6gliche Anwendung nicht in der Gebrauchsanleitung auf.<\/p>\n<p>Denn die Norm Bruchlast ist zum einen bei d\u00fcnnen Seilen mit 4 kN angegeben. Und zum anderen bei dicken Seilen mit 7,6kN.<\/p>\n","protected":false},"excerpt":{"rendered":"<p>Ultraleichte Seilklemme f\u00fcr vielseitige Anwendung. Wie z.B. Flaschenzug, Aufstieg am Seil, Spaltenbergung, R\u00fcckfall Sicherung,&#8230;..<\/p>\n<p>Essentiell bei der Spaltenbergung und Rettungstechnik.<\/p>\n<p>Versandkostenfrei bis 2kg in\u00a0<img decoding=\"async\" class=\"emoji\" role=\"img\" draggable=\"false\" src=\"https:\/\/s.w.org\/images\/core\/emoji\/13.1.0\/svg\/1f1e6-1f1f9.svg\" alt=\"\ud83c\udde6\ud83c\uddf9\" \/>\u00a0ab \u20ac 100,- und\u00a0<img decoding=\"async\" class=\"emoji\" role=\"img\" draggable=\"false\" src=\"https:\/\/s.w.org\/images\/core\/emoji\/13.1.0\/svg\/1f1e9-1f1ea.svg\" alt=\"\ud83c\udde9\ud83c\uddea\" \/>\u00a0ab \u20ac 200,-!<\/p>\n","protected":false},"featured_media":9306,"comment_status":"open","ping_status":"closed","template":"","meta":[],"product_brand":[],"product_cat":[29,1210,3660,11051,13938,14056],"product_tag":[],"class_list":{"0":"post-9297","1":"product","2":"type-product","3":"status-publish","4":"has-post-thumbnail","6":"product_cat-kletterausruestung","7":"product_cat-einbohrartikel","8":"product_cat-steigklemmen-seilklemmen","9":"product_cat-spaltenbergung","10":"product_cat-bergsteiger-ausruestung","11":"product_cat-seil-auf-abstieg","13":"first","14":"instock","15":"sale","16":"taxable","17":"shipping-taxable","18":"purchasable","19":"product-type-simple"},"yoast_head":"<!-- This site is optimized with the Yoast SEO Premium plugin v26.9 (Yoast SEO v26.9) - https:\/\/yoast.com\/product\/yoast-seo-premium-wordpress\/ -->\n<title>Petzl Tibloc - ultraleichte Seilklemme online kaufen | bolting.eu<\/title>\n<meta name=\"description\" content=\"Hier findest Du den PETZL Tibloc. Eine Ultraleichte Seilklemme als R\u00fccklaufsperre, Ersatz f\u00fcr Klemmknoten und die Spalten Selbstrettung!\" \/>\n<meta name=\"robots\" content=\"index, follow, max-snippet:-1, max-image-preview:large, max-video-preview:-1\" \/>\n<link rel=\"canonical\" href=\"https:\/\/bolting.eu\/en\/shop\/petzl-tibloc\/\" \/>\n<meta property=\"og:locale\" content=\"en_US\" \/>\n<meta property=\"og:type\" content=\"article\" \/>\n<meta property=\"og:title\" content=\"Petzl Tibloc\" \/>\n<meta property=\"og:description\" content=\"Hier findest Du den PETZL Tibloc. Eine Ultraleichte Seilklemme als R\u00fccklaufsperre, Ersatz f\u00fcr Klemmknoten und die Spalten Selbstrettung!\" \/>\n<meta property=\"og:url\" content=\"https:\/\/bolting.eu\/en\/shop\/petzl-tibloc\/\" \/>\n<meta property=\"og:site_name\" content=\"bolting.eu\" \/>\n<meta property=\"article:publisher\" content=\"https:\/\/www.facebook.com\/bolting.eu\" \/>\n<meta property=\"article:modified_time\" content=\"2026-03-27T10:11:44+00:00\" \/>\n<meta property=\"og:image\" content=\"https:\/\/bolting.eu\/wp-content\/uploads\/2021\/07\/Petzl-Tibloc-1.jpg\" \/>\n\t<meta property=\"og:image:width\" content=\"700\" \/>\n\t<meta property=\"og:image:height\" content=\"700\" \/>\n\t<meta property=\"og:image:type\" content=\"image\/jpeg\" \/>\n<meta name=\"twitter:card\" content=\"summary_large_image\" \/>\n<meta name=\"twitter:label1\" content=\"Price\" \/>\n\t<meta name=\"twitter:data1\" content=\"&euro;&nbsp;38,50\" \/>\n\t<meta name=\"twitter:label2\" content=\"Availability\" \/>\n\t<meta name=\"twitter:data2\" content=\"In stock\" \/>\n<script type=\"application\/ld+json\" class=\"yoast-schema-graph\">{\"@context\":\"https:\/\/schema.org\",\"@graph\":[{\"@type\":[\"WebPage\",\"ItemPage\"],\"@id\":\"https:\/\/bolting.eu\/en\/shop\/petzl-tibloc\/\",\"url\":\"https:\/\/bolting.eu\/en\/shop\/petzl-tibloc\/\",\"name\":\"Petzl Tibloc - ultraleichte Seilklemme online kaufen | bolting.eu\",\"isPartOf\":{\"@id\":\"https:\/\/bolting.eu\/en\/#website\"},\"primaryImageOfPage\":{\"@id\":\"https:\/\/bolting.eu\/en\/shop\/petzl-tibloc\/#primaryimage\"},\"image\":{\"@id\":\"https:\/\/bolting.eu\/en\/shop\/petzl-tibloc\/#primaryimage\"},\"thumbnailUrl\":\"https:\/\/bolting.eu\/wp-content\/uploads\/2021\/07\/Petzl-Tibloc-1.jpg\",\"datePublished\":\"2021-07-15T10:29:16+00:00\",\"dateModified\":\"2026-03-27T10:11:44+00:00\",\"description\":\"Hier findest Du den PETZL Tibloc. Eine Ultraleichte Seilklemme als R\u00fccklaufsperre, Ersatz f\u00fcr Klemmknoten und die Spalten Selbstrettung!\",\"breadcrumb\":{\"@id\":\"https:\/\/bolting.eu\/en\/shop\/petzl-tibloc\/#breadcrumb\"},\"inLanguage\":\"en-US\",\"potentialAction\":[{\"@type\":\"ReadAction\",\"target\":[\"https:\/\/bolting.eu\/en\/shop\/petzl-tibloc\/\"]}]},{\"@type\":\"ImageObject\",\"inLanguage\":\"en-US\",\"@id\":\"https:\/\/bolting.eu\/en\/shop\/petzl-tibloc\/#primaryimage\",\"url\":\"https:\/\/bolting.eu\/wp-content\/uploads\/2021\/07\/Petzl-Tibloc-1.jpg\",\"contentUrl\":\"https:\/\/bolting.eu\/wp-content\/uploads\/2021\/07\/Petzl-Tibloc-1.jpg\",\"width\":700,\"height\":700,\"caption\":\"Das Bild zeigt die silbern-orange Petzl Tibloc Seilklemme. Man erkennt den silbernen Grundk\u00f6rper, die orange Fingerhalterung und das wei\u00dfe Logo.\"},{\"@type\":\"BreadcrumbList\",\"@id\":\"https:\/\/bolting.eu\/en\/shop\/petzl-tibloc\/#breadcrumb\",\"itemListElement\":[{\"@type\":\"ListItem\",\"position\":1,\"name\":\"Shop\",\"item\":\"https:\/\/bolting.eu\/en\/shop\/\"},{\"@type\":\"ListItem\",\"position\":2,\"name\":\"climbing equipment\",\"item\":\"https:\/\/bolting.eu\/en\/produkt-kategorie\/climbing-equipment\/\"},{\"@type\":\"ListItem\",\"position\":3,\"name\":\"Steigklemmen - Seilklemmen\",\"item\":\"https:\/\/bolting.eu\/produkt-kategorie\/kletterausruestung\/steigklemmen-seilklemmen\/\"},{\"@type\":\"ListItem\",\"position\":4,\"name\":\"Petzl Tibloc\"}]},{\"@type\":\"WebSite\",\"@id\":\"https:\/\/bolting.eu\/en\/#website\",\"url\":\"https:\/\/bolting.eu\/en\/\",\"name\":\"bolting.eu\",\"description\":\"we make climbs happen\",\"publisher\":{\"@id\":\"https:\/\/bolting.eu\/en\/#organization\"},\"potentialAction\":[{\"@type\":\"SearchAction\",\"target\":{\"@type\":\"EntryPoint\",\"urlTemplate\":\"https:\/\/bolting.eu\/en\/?s={search_term_string}\"},\"query-input\":{\"@type\":\"PropertyValueSpecification\",\"valueRequired\":true,\"valueName\":\"search_term_string\"}}],\"inLanguage\":\"en-US\"},{\"@type\":[\"Organization\",\"Place\",\"SportingGoodsStore\"],\"@id\":\"https:\/\/bolting.eu\/en\/#organization\",\"name\":\"bolting.eu\",\"url\":\"https:\/\/bolting.eu\/en\/\",\"logo\":{\"@id\":\"https:\/\/bolting.eu\/en\/shop\/petzl-tibloc\/#local-main-organization-logo\"},\"image\":{\"@id\":\"https:\/\/bolting.eu\/en\/shop\/petzl-tibloc\/#local-main-organization-logo\"},\"sameAs\":[\"https:\/\/www.facebook.com\/bolting.eu\",\"https:\/\/www.instagram.com\/bolting.eu\/\"],\"address\":{\"@id\":\"https:\/\/bolting.eu\/en\/shop\/petzl-tibloc\/#local-main-place-address\"},\"geo\":{\"@type\":\"GeoCoordinates\",\"latitude\":\"47.264176340396226\",\"longitude\":\"11.380109057672346\"},\"telephone\":[\"+43 699 19083372\"],\"openingHoursSpecification\":[{\"@type\":\"OpeningHoursSpecification\",\"dayOfWeek\":[\"Monday\",\"Wednesday\",\"Friday\"],\"opens\":\"14:00\",\"closes\":\"18:00\"},{\"@type\":\"OpeningHoursSpecification\",\"dayOfWeek\":[\"Tuesday\",\"Thursday\",\"Saturday\",\"Sunday\"],\"opens\":\"00:00\",\"closes\":\"00:00\"}],\"email\":\"office@bolting.eu\",\"vatID\":\"ATU59999728\",\"priceRange\":\"$$\",\"currenciesAccepted\":\"Euro\"},{\"@type\":\"PostalAddress\",\"@id\":\"https:\/\/bolting.eu\/en\/shop\/petzl-tibloc\/#local-main-place-address\",\"streetAddress\":\"Fischnalerstra\u00dfe 4\",\"addressLocality\":\"Innsbruck\",\"postalCode\":\"6020\",\"addressRegion\":\"Tirol\",\"addressCountry\":\"AT\"},{\"@type\":\"ImageObject\",\"inLanguage\":\"en-US\",\"@id\":\"https:\/\/bolting.eu\/en\/shop\/petzl-tibloc\/#local-main-organization-logo\",\"url\":\"https:\/\/bolting.eu\/wp-content\/uploads\/2019\/09\/bolting-logo.png\",\"contentUrl\":\"https:\/\/bolting.eu\/wp-content\/uploads\/2019\/09\/bolting-logo.png\",\"width\":400,\"height\":211,\"caption\":\"bolting.eu\"}]}<\/script>\n<meta property=\"product:price:amount\" content=\"38.50\" \/>\n<meta property=\"product:price:currency\" content=\"EUR\" \/>\n<meta property=\"og:availability\" content=\"instock\" \/>\n<meta property=\"product:availability\" content=\"instock\" \/>\n<meta property=\"product:retailer_item_id\" content=\"B01B\" \/>\n<meta property=\"product:condition\" content=\"new\" \/>\n<meta name=\"geo.placename\" content=\"Innsbruck\" \/>\n<meta name=\"geo.position\" content=\"47.264176340396226;11.380109057672346\" \/>\n<meta name=\"geo.region\" content=\"Austria\" \/>\n<!-- \/ Yoast SEO Premium plugin. -->","yoast_head_json":{"title":"Petzl Tibloc - ultraleichte Seilklemme online kaufen | bolting.eu","description":"Hier findest Du den PETZL Tibloc. Eine Ultraleichte Seilklemme als R\u00fccklaufsperre, Ersatz f\u00fcr Klemmknoten und die Spalten Selbstrettung!","robots":{"index":"index","follow":"follow","max-snippet":"max-snippet:-1","max-image-preview":"max-image-preview:large","max-video-preview":"max-video-preview:-1"},"canonical":"https:\/\/bolting.eu\/en\/shop\/petzl-tibloc\/","og_locale":"en_US","og_type":"article","og_title":"Petzl Tibloc","og_description":"Hier findest Du den PETZL Tibloc. Eine Ultraleichte Seilklemme als R\u00fccklaufsperre, Ersatz f\u00fcr Klemmknoten und die Spalten Selbstrettung!","og_url":"https:\/\/bolting.eu\/en\/shop\/petzl-tibloc\/","og_site_name":"bolting.eu","article_publisher":"https:\/\/www.facebook.com\/bolting.eu","article_modified_time":"2026-03-27T10:11:44+00:00","og_image":[{"width":700,"height":700,"url":"https:\/\/bolting.eu\/wp-content\/uploads\/2021\/07\/Petzl-Tibloc-1.jpg","type":"image\/jpeg"}],"twitter_card":"summary_large_image","twitter_misc":{"Price":"&euro;&nbsp;38,50","Availability":"In stock"},"schema":{"@context":"https:\/\/schema.org","@graph":[{"@type":["WebPage","ItemPage"],"@id":"https:\/\/bolting.eu\/en\/shop\/petzl-tibloc\/","url":"https:\/\/bolting.eu\/en\/shop\/petzl-tibloc\/","name":"Petzl Tibloc - ultraleichte Seilklemme online kaufen | bolting.eu","isPartOf":{"@id":"https:\/\/bolting.eu\/en\/#website"},"primaryImageOfPage":{"@id":"https:\/\/bolting.eu\/en\/shop\/petzl-tibloc\/#primaryimage"},"image":{"@id":"https:\/\/bolting.eu\/en\/shop\/petzl-tibloc\/#primaryimage"},"thumbnailUrl":"https:\/\/bolting.eu\/wp-content\/uploads\/2021\/07\/Petzl-Tibloc-1.jpg","datePublished":"2021-07-15T10:29:16+00:00","dateModified":"2026-03-27T10:11:44+00:00","description":"Hier findest Du den PETZL Tibloc. Eine Ultraleichte Seilklemme als R\u00fccklaufsperre, Ersatz f\u00fcr Klemmknoten und die Spalten Selbstrettung!","breadcrumb":{"@id":"https:\/\/bolting.eu\/en\/shop\/petzl-tibloc\/#breadcrumb"},"inLanguage":"en-US","potentialAction":[{"@type":"ReadAction","target":["https:\/\/bolting.eu\/en\/shop\/petzl-tibloc\/"]}]},{"@type":"ImageObject","inLanguage":"en-US","@id":"https:\/\/bolting.eu\/en\/shop\/petzl-tibloc\/#primaryimage","url":"https:\/\/bolting.eu\/wp-content\/uploads\/2021\/07\/Petzl-Tibloc-1.jpg","contentUrl":"https:\/\/bolting.eu\/wp-content\/uploads\/2021\/07\/Petzl-Tibloc-1.jpg","width":700,"height":700,"caption":"Das Bild zeigt die silbern-orange Petzl Tibloc Seilklemme. Man erkennt den silbernen Grundk\u00f6rper, die orange Fingerhalterung und das wei\u00dfe Logo."},{"@type":"BreadcrumbList","@id":"https:\/\/bolting.eu\/en\/shop\/petzl-tibloc\/#breadcrumb","itemListElement":[{"@type":"ListItem","position":1,"name":"Shop","item":"https:\/\/bolting.eu\/en\/shop\/"},{"@type":"ListItem","position":2,"name":"climbing equipment","item":"https:\/\/bolting.eu\/en\/produkt-kategorie\/climbing-equipment\/"},{"@type":"ListItem","position":3,"name":"Steigklemmen - Seilklemmen","item":"https:\/\/bolting.eu\/produkt-kategorie\/kletterausruestung\/steigklemmen-seilklemmen\/"},{"@type":"ListItem","position":4,"name":"Petzl Tibloc"}]},{"@type":"WebSite","@id":"https:\/\/bolting.eu\/en\/#website","url":"https:\/\/bolting.eu\/en\/","name":"bolting.eu","description":"we make climbs happen","publisher":{"@id":"https:\/\/bolting.eu\/en\/#organization"},"potentialAction":[{"@type":"SearchAction","target":{"@type":"EntryPoint","urlTemplate":"https:\/\/bolting.eu\/en\/?s={search_term_string}"},"query-input":{"@type":"PropertyValueSpecification","valueRequired":true,"valueName":"search_term_string"}}],"inLanguage":"en-US"},{"@type":["Organization","Place","SportingGoodsStore"],"@id":"https:\/\/bolting.eu\/en\/#organization","name":"bolting.eu","url":"https:\/\/bolting.eu\/en\/","logo":{"@id":"https:\/\/bolting.eu\/en\/shop\/petzl-tibloc\/#local-main-organization-logo"},"image":{"@id":"https:\/\/bolting.eu\/en\/shop\/petzl-tibloc\/#local-main-organization-logo"},"sameAs":["https:\/\/www.facebook.com\/bolting.eu","https:\/\/www.instagram.com\/bolting.eu\/"],"address":{"@id":"https:\/\/bolting.eu\/en\/shop\/petzl-tibloc\/#local-main-place-address"},"geo":{"@type":"GeoCoordinates","latitude":"47.264176340396226","longitude":"11.380109057672346"},"telephone":["+43 699 19083372"],"openingHoursSpecification":[{"@type":"OpeningHoursSpecification","dayOfWeek":["Monday","Wednesday","Friday"],"opens":"14:00","closes":"18:00"},{"@type":"OpeningHoursSpecification","dayOfWeek":["Tuesday","Thursday","Saturday","Sunday"],"opens":"00:00","closes":"00:00"}],"email":"office@bolting.eu","vatID":"ATU59999728","priceRange":"$$","currenciesAccepted":"Euro"},{"@type":"PostalAddress","@id":"https:\/\/bolting.eu\/en\/shop\/petzl-tibloc\/#local-main-place-address","streetAddress":"Fischnalerstra\u00dfe 4","addressLocality":"Innsbruck","postalCode":"6020","addressRegion":"Tirol","addressCountry":"AT"},{"@type":"ImageObject","inLanguage":"en-US","@id":"https:\/\/bolting.eu\/en\/shop\/petzl-tibloc\/#local-main-organization-logo","url":"https:\/\/bolting.eu\/wp-content\/uploads\/2019\/09\/bolting-logo.png","contentUrl":"https:\/\/bolting.eu\/wp-content\/uploads\/2019\/09\/bolting-logo.png","width":400,"height":211,"caption":"bolting.eu"}]},"product_price_amount":"38.50","product_price_currency":"EUR","og_availability":"instock","product_availability":"instock","product_retailer_item_id":"B01B","product_condition":"new","geo.placename":"Innsbruck","geo.position":{"lat":"47.264176340396226","long":"11.380109057672346"},"geo.region":"Austria"},"_links":{"self":[{"href":"https:\/\/bolting.eu\/en\/wp-json\/wp\/v2\/product\/9297","targetHints":{"allow":["GET"]}}],"collection":[{"href":"https:\/\/bolting.eu\/en\/wp-json\/wp\/v2\/product"}],"about":[{"href":"https:\/\/bolting.eu\/en\/wp-json\/wp\/v2\/types\/product"}],"replies":[{"embeddable":true,"href":"https:\/\/bolting.eu\/en\/wp-json\/wp\/v2\/comments?post=9297"}],"wp:featuredmedia":[{"embeddable":true,"href":"https:\/\/bolting.eu\/en\/wp-json\/wp\/v2\/media\/9306"}],"wp:attachment":[{"href":"https:\/\/bolting.eu\/en\/wp-json\/wp\/v2\/media?parent=9297"}],"wp:term":[{"taxonomy":"product_brand","embeddable":true,"href":"https:\/\/bolting.eu\/en\/wp-json\/wp\/v2\/product_brand?post=9297"},{"taxonomy":"product_cat","embeddable":true,"href":"https:\/\/bolting.eu\/en\/wp-json\/wp\/v2\/product_cat?post=9297"},{"taxonomy":"product_tag","embeddable":true,"href":"https:\/\/bolting.eu\/en\/wp-json\/wp\/v2\/product_tag?post=9297"}],"curies":[{"name":"wp","href":"https:\/\/api.w.org\/{rel}","templated":true}]}}