{"id":9289,"date":"2021-07-14T17:35:46","date_gmt":"2021-07-14T15:35:46","guid":{"rendered":"https:\/\/bolting.eu\/?post_type=product&#038;p=9289"},"modified":"2026-04-30T13:16:08","modified_gmt":"2026-04-30T11:16:08","slug":"petzl-asap-mitlaufendes-auffanggeraet","status":"publish","type":"product","link":"https:\/\/bolting.eu\/en\/shop\/petzl-asap-mitlaufendes-auffanggeraet\/","title":{"rendered":"Petzl ASAP mitlaufendes Auffangger\u00e4t"},"content":{"rendered":"<p>Das Petzl ASAP ist ein mitlaufendes Auffangger\u00e4t f\u00fcr H\u00f6henarbeiten. Es wird mit dem Verbindungsmittel <a href=\"https:\/\/bolting.eu\/shop\/petzl-asapsorber\/\">Asap\u00b4sorber<\/a> in die sogenannte &#8220;Back-up Line&#8221; eingeh\u00e4ngt. Hier l\u00e4uft es automatisch mit bzw. blockiert im Falle eines Risses der &#8220;Main Line&#8221;. D.h. einem Versagen des tragenden Seiles.<\/p>\n<p>Dieses Ger\u00e4t hat bei den entsprechenden Anwendern f\u00fcr neue Ma\u00dfst\u00e4be gesetzt. Denn das Petzl ASAP blockiert nur bei abrupter Beschleunigung und stoppt somit einen m\u00f6glichen Absturz.<\/p>\n<p>Sowohl die hochwertige Ausf\u00fchrung als auch die Verl\u00e4sslichkeit des Blockiermechanismus sind Markenzeichen von Petzl.<\/p>\n<h2>Eigenschaften ASAP<\/h2>\n<ul>\n<li>Hersteller: <a href=\"https:\/\/bolting.eu\/produkt-kategorie\/petzl\/\">Petzl<\/a><\/li>\n<li>Material: Alu, Edelstahl<\/li>\n<li>Gewicht: 295 Gramm<\/li>\n<li>f\u00fcr Seile von 10 &#8211; 13mm<\/li>\n<li>Normen*: EN 12841, EN 353, ANSI Z359<br \/>\n* abh\u00e4ngig von Karabinern, Asap\u00b4sorber, usw.<\/li>\n<li>ideales Zubeh\u00f6r <a href=\"https:\/\/bolting.eu\/shop\/petzl-asapsorber-axess\/\">Asap\u00b4sorber Axess<\/a> &#8211; um entfernt vom Seil arbeiten zu k\u00f6nnen<\/li>\n<li>mitlaufendes Auffangger\u00e4t &#8211; blockiert bei St\u00fcrzen oder unkontrolliertem Abseilen<\/li>\n<li>l\u00e4uft automatisch mit (im Auf und Abstieg!)<\/li>\n<li>leichtes Ein- und Aush\u00e4ngen<\/li>\n<li><a href=\"https:\/\/www.petzl.com\/sfc\/servlet.shepherd\/version\/download\/0685I000002gJPHQA2\">Gebrauchsanleitung<\/a><\/li>\n<\/ul>\n<h3>Perfekt f\u00fcr redundantes Arbeiten<\/h3>\n<p>Das ASAP ist unerl\u00e4sslich, wenn man redundant gesichert arbeiten will. Hierf\u00fcr wird es zuerst einmal in die &#8220;Back-up Line&#8221; eingeh\u00e4ngt.<\/p>\n<p>Dabei kann es direkt mit einem OK Triact-Lock Karabiner in die Auffang\u00f6se eines Auffanggurtes h\u00e4ngen. Wie z.B. dem <a href=\"https:\/\/bolting.eu\/shop\/petzl-avao-bod-auffanggurt\/\">Petzl Avao Bod<\/a>.<\/p>\n<p>Alternativ kann man aber den 20cm bzw. 40cm Asap\u00b4sorber Bandfalld\u00e4mpfer verwenden. Dieser erm\u00f6glicht ein Arbeiten fern des Seiles und wird folglich am R\u00fccken eingeh\u00e4ngt.<\/p>\n","protected":false},"excerpt":{"rendered":"<p>DAS Standard mitlaufende Auffangger\u00e4t f\u00fcr\u00b4s Industrieklettern.<\/p>\n<p>Ideal f\u00fcr viele Seildurchmesser und Anwendungen.<\/p>\n<p>Versandkostenfrei bis 2kg in <img decoding=\"async\" class=\"emoji\" role=\"img\" draggable=\"false\" src=\"https:\/\/s.w.org\/images\/core\/emoji\/14.0.0\/svg\/1f1e6-1f1f9.svg\" alt=\"\ud83c\udde6\ud83c\uddf9\" \/> ab \u20ac 100,- und <img decoding=\"async\" class=\"emoji\" role=\"img\" draggable=\"false\" src=\"https:\/\/s.w.org\/images\/core\/emoji\/14.0.0\/svg\/1f1e9-1f1ea.svg\" alt=\"\ud83c\udde9\ud83c\uddea\" \/> ab \u20ac 200,-!<\/p>\n","protected":false},"featured_media":9290,"comment_status":"open","ping_status":"closed","template":"","meta":[],"product_brand":[],"product_cat":[1210,14513,14745,14093,14056],"product_tag":[],"class_list":{"0":"post-9289","1":"product","2":"type-product","3":"status-publish","4":"has-post-thumbnail","6":"product_cat-einbohrartikel","7":"product_cat-industriekletter-ausruestung","8":"product_cat-mitlaufende-auffanggeraete","9":"product_cat-petzl","10":"product_cat-seil-auf-abstieg","12":"first","13":"instock","14":"taxable","15":"shipping-taxable","16":"purchasable","17":"product-type-simple"},"yoast_head":"<!-- This site is optimized with the Yoast SEO Premium plugin v26.9 (Yoast SEO v26.9) - https:\/\/yoast.com\/product\/yoast-seo-premium-wordpress\/ -->\n<title>Petzl ASAP mitlaufendes Auffangger\u00e4t - online kaufen | bolting.eu<\/title>\n<meta name=\"description\" content=\"Petzl ASAP mitlaufendes Auffangger\u00e4t beim Kletterprofi kaufen \u2705 Trusted Shop \u2705 kostenloser Versand* \u2705 14 Tage R\u00fcckgaberecht \u2705 Co2 neutrale Zustellung\" \/>\n<meta name=\"robots\" content=\"index, follow, max-snippet:-1, max-image-preview:large, max-video-preview:-1\" \/>\n<link rel=\"canonical\" href=\"https:\/\/bolting.eu\/en\/shop\/petzl-asap-mitlaufendes-auffanggeraet\/\" \/>\n<meta property=\"og:locale\" content=\"en_US\" \/>\n<meta property=\"og:type\" content=\"article\" \/>\n<meta property=\"og:title\" content=\"Petzl ASAP mitlaufendes Auffangger\u00e4t\" \/>\n<meta property=\"og:description\" content=\"Petzl ASAP mitlaufendes Auffangger\u00e4t beim Kletterprofi kaufen \u2705 Trusted Shop \u2705 kostenloser Versand* \u2705 14 Tage R\u00fcckgaberecht \u2705 Co2 neutrale Zustellung\" \/>\n<meta property=\"og:url\" content=\"https:\/\/bolting.eu\/en\/shop\/petzl-asap-mitlaufendes-auffanggeraet\/\" \/>\n<meta property=\"og:site_name\" content=\"bolting.eu\" \/>\n<meta property=\"article:publisher\" content=\"https:\/\/www.facebook.com\/bolting.eu\" \/>\n<meta property=\"article:modified_time\" content=\"2026-04-30T11:16:08+00:00\" \/>\n<meta property=\"og:image\" content=\"https:\/\/bolting.eu\/wp-content\/uploads\/2021\/07\/Petzl-ASAP-1.jpeg\" \/>\n\t<meta property=\"og:image:width\" content=\"700\" \/>\n\t<meta property=\"og:image:height\" content=\"700\" \/>\n\t<meta property=\"og:image:type\" content=\"image\/jpeg\" \/>\n<meta name=\"twitter:card\" content=\"summary_large_image\" \/>\n<meta name=\"twitter:label1\" content=\"Price\" \/>\n\t<meta name=\"twitter:data1\" content=\"&euro;&nbsp;180,00\" \/>\n\t<meta name=\"twitter:label2\" content=\"Availability\" \/>\n\t<meta name=\"twitter:data2\" content=\"In stock\" \/>\n<script type=\"application\/ld+json\" class=\"yoast-schema-graph\">{\"@context\":\"https:\/\/schema.org\",\"@graph\":[{\"@type\":[\"WebPage\",\"ItemPage\"],\"@id\":\"https:\/\/bolting.eu\/en\/shop\/petzl-asap-mitlaufendes-auffanggeraet\/\",\"url\":\"https:\/\/bolting.eu\/en\/shop\/petzl-asap-mitlaufendes-auffanggeraet\/\",\"name\":\"Petzl ASAP mitlaufendes Auffangger\u00e4t - online kaufen | bolting.eu\",\"isPartOf\":{\"@id\":\"https:\/\/bolting.eu\/en\/#website\"},\"primaryImageOfPage\":{\"@id\":\"https:\/\/bolting.eu\/en\/shop\/petzl-asap-mitlaufendes-auffanggeraet\/#primaryimage\"},\"image\":{\"@id\":\"https:\/\/bolting.eu\/en\/shop\/petzl-asap-mitlaufendes-auffanggeraet\/#primaryimage\"},\"thumbnailUrl\":\"https:\/\/bolting.eu\/wp-content\/uploads\/2021\/07\/Petzl-ASAP-1.jpeg\",\"datePublished\":\"2021-07-14T15:35:46+00:00\",\"dateModified\":\"2026-04-30T11:16:08+00:00\",\"description\":\"Petzl ASAP mitlaufendes Auffangger\u00e4t beim Kletterprofi kaufen \u2705 Trusted Shop \u2705 kostenloser Versand* \u2705 14 Tage R\u00fcckgaberecht \u2705 Co2 neutrale Zustellung\",\"breadcrumb\":{\"@id\":\"https:\/\/bolting.eu\/en\/shop\/petzl-asap-mitlaufendes-auffanggeraet\/#breadcrumb\"},\"inLanguage\":\"en-US\",\"potentialAction\":[{\"@type\":\"ReadAction\",\"target\":[\"https:\/\/bolting.eu\/en\/shop\/petzl-asap-mitlaufendes-auffanggeraet\/\"]}]},{\"@type\":\"ImageObject\",\"inLanguage\":\"en-US\",\"@id\":\"https:\/\/bolting.eu\/en\/shop\/petzl-asap-mitlaufendes-auffanggeraet\/#primaryimage\",\"url\":\"https:\/\/bolting.eu\/wp-content\/uploads\/2021\/07\/Petzl-ASAP-1.jpeg\",\"contentUrl\":\"https:\/\/bolting.eu\/wp-content\/uploads\/2021\/07\/Petzl-ASAP-1.jpeg\",\"width\":700,\"height\":700,\"caption\":\"Das Bild zeigt das orange Petzl Asap. Man sieht die Innenseite des mitlaufenden Auffanger\u00e4t und die silberne Blockierscheibe mit dem Fixiermechanismus.\"},{\"@type\":\"BreadcrumbList\",\"@id\":\"https:\/\/bolting.eu\/en\/shop\/petzl-asap-mitlaufendes-auffanggeraet\/#breadcrumb\",\"itemListElement\":[{\"@type\":\"ListItem\",\"position\":1,\"name\":\"Shop\",\"item\":\"https:\/\/bolting.eu\/en\/shop\/\"},{\"@type\":\"ListItem\",\"position\":2,\"name\":\"Industrial climbing gear\",\"item\":\"https:\/\/bolting.eu\/en\/produkt-kategorie\/industrial-climbing-gear\/\"},{\"@type\":\"ListItem\",\"position\":3,\"name\":\"Mitlaufende Auffangger\u00e4te\",\"item\":\"https:\/\/bolting.eu\/produkt-kategorie\/industriekletter-ausruestung\/mitlaufende-auffanggeraete\/\"},{\"@type\":\"ListItem\",\"position\":4,\"name\":\"Petzl ASAP mitlaufendes Auffangger\u00e4t\"}]},{\"@type\":\"WebSite\",\"@id\":\"https:\/\/bolting.eu\/en\/#website\",\"url\":\"https:\/\/bolting.eu\/en\/\",\"name\":\"bolting.eu\",\"description\":\"we make climbs happen\",\"publisher\":{\"@id\":\"https:\/\/bolting.eu\/en\/#organization\"},\"potentialAction\":[{\"@type\":\"SearchAction\",\"target\":{\"@type\":\"EntryPoint\",\"urlTemplate\":\"https:\/\/bolting.eu\/en\/?s={search_term_string}\"},\"query-input\":{\"@type\":\"PropertyValueSpecification\",\"valueRequired\":true,\"valueName\":\"search_term_string\"}}],\"inLanguage\":\"en-US\"},{\"@type\":[\"Organization\",\"Place\",\"SportingGoodsStore\"],\"@id\":\"https:\/\/bolting.eu\/en\/#organization\",\"name\":\"bolting.eu\",\"url\":\"https:\/\/bolting.eu\/en\/\",\"logo\":{\"@id\":\"https:\/\/bolting.eu\/en\/shop\/petzl-asap-mitlaufendes-auffanggeraet\/#local-main-organization-logo\"},\"image\":{\"@id\":\"https:\/\/bolting.eu\/en\/shop\/petzl-asap-mitlaufendes-auffanggeraet\/#local-main-organization-logo\"},\"sameAs\":[\"https:\/\/www.facebook.com\/bolting.eu\",\"https:\/\/www.instagram.com\/bolting.eu\/\"],\"address\":{\"@id\":\"https:\/\/bolting.eu\/en\/shop\/petzl-asap-mitlaufendes-auffanggeraet\/#local-main-place-address\"},\"geo\":{\"@type\":\"GeoCoordinates\",\"latitude\":\"47.264176340396226\",\"longitude\":\"11.380109057672346\"},\"telephone\":[\"+43 699 19083372\"],\"openingHoursSpecification\":[{\"@type\":\"OpeningHoursSpecification\",\"dayOfWeek\":[\"Monday\",\"Wednesday\",\"Friday\"],\"opens\":\"14:00\",\"closes\":\"18:00\"},{\"@type\":\"OpeningHoursSpecification\",\"dayOfWeek\":[\"Tuesday\",\"Thursday\",\"Saturday\",\"Sunday\"],\"opens\":\"00:00\",\"closes\":\"00:00\"}],\"email\":\"office@bolting.eu\",\"vatID\":\"ATU59999728\",\"priceRange\":\"$$\",\"currenciesAccepted\":\"Euro\"},{\"@type\":\"PostalAddress\",\"@id\":\"https:\/\/bolting.eu\/en\/shop\/petzl-asap-mitlaufendes-auffanggeraet\/#local-main-place-address\",\"streetAddress\":\"Fischnalerstra\u00dfe 4\",\"addressLocality\":\"Innsbruck\",\"postalCode\":\"6020\",\"addressRegion\":\"Tirol\",\"addressCountry\":\"AT\"},{\"@type\":\"ImageObject\",\"inLanguage\":\"en-US\",\"@id\":\"https:\/\/bolting.eu\/en\/shop\/petzl-asap-mitlaufendes-auffanggeraet\/#local-main-organization-logo\",\"url\":\"https:\/\/bolting.eu\/wp-content\/uploads\/2019\/09\/bolting-logo.png\",\"contentUrl\":\"https:\/\/bolting.eu\/wp-content\/uploads\/2019\/09\/bolting-logo.png\",\"width\":400,\"height\":211,\"caption\":\"bolting.eu\"}]}<\/script>\n<meta property=\"product:price:amount\" content=\"180.00\" \/>\n<meta property=\"product:price:currency\" content=\"EUR\" \/>\n<meta property=\"og:availability\" content=\"instock\" \/>\n<meta property=\"product:availability\" content=\"instock\" \/>\n<meta property=\"product:retailer_item_id\" content=\"B070AA00\" \/>\n<meta property=\"product:condition\" content=\"new\" \/>\n<meta name=\"geo.placename\" content=\"Innsbruck\" \/>\n<meta name=\"geo.position\" content=\"47.264176340396226;11.380109057672346\" \/>\n<meta name=\"geo.region\" content=\"Austria\" \/>\n<!-- \/ Yoast SEO Premium plugin. -->","yoast_head_json":{"title":"Petzl ASAP mitlaufendes Auffangger\u00e4t - online kaufen | bolting.eu","description":"Petzl ASAP mitlaufendes Auffangger\u00e4t beim Kletterprofi kaufen \u2705 Trusted Shop \u2705 kostenloser Versand* \u2705 14 Tage R\u00fcckgaberecht \u2705 Co2 neutrale Zustellung","robots":{"index":"index","follow":"follow","max-snippet":"max-snippet:-1","max-image-preview":"max-image-preview:large","max-video-preview":"max-video-preview:-1"},"canonical":"https:\/\/bolting.eu\/en\/shop\/petzl-asap-mitlaufendes-auffanggeraet\/","og_locale":"en_US","og_type":"article","og_title":"Petzl ASAP mitlaufendes Auffangger\u00e4t","og_description":"Petzl ASAP mitlaufendes Auffangger\u00e4t beim Kletterprofi kaufen \u2705 Trusted Shop \u2705 kostenloser Versand* \u2705 14 Tage R\u00fcckgaberecht \u2705 Co2 neutrale Zustellung","og_url":"https:\/\/bolting.eu\/en\/shop\/petzl-asap-mitlaufendes-auffanggeraet\/","og_site_name":"bolting.eu","article_publisher":"https:\/\/www.facebook.com\/bolting.eu","article_modified_time":"2026-04-30T11:16:08+00:00","og_image":[{"width":700,"height":700,"url":"https:\/\/bolting.eu\/wp-content\/uploads\/2021\/07\/Petzl-ASAP-1.jpeg","type":"image\/jpeg"}],"twitter_card":"summary_large_image","twitter_misc":{"Price":"&euro;&nbsp;180,00","Availability":"In stock"},"schema":{"@context":"https:\/\/schema.org","@graph":[{"@type":["WebPage","ItemPage"],"@id":"https:\/\/bolting.eu\/en\/shop\/petzl-asap-mitlaufendes-auffanggeraet\/","url":"https:\/\/bolting.eu\/en\/shop\/petzl-asap-mitlaufendes-auffanggeraet\/","name":"Petzl ASAP mitlaufendes Auffangger\u00e4t - online kaufen | bolting.eu","isPartOf":{"@id":"https:\/\/bolting.eu\/en\/#website"},"primaryImageOfPage":{"@id":"https:\/\/bolting.eu\/en\/shop\/petzl-asap-mitlaufendes-auffanggeraet\/#primaryimage"},"image":{"@id":"https:\/\/bolting.eu\/en\/shop\/petzl-asap-mitlaufendes-auffanggeraet\/#primaryimage"},"thumbnailUrl":"https:\/\/bolting.eu\/wp-content\/uploads\/2021\/07\/Petzl-ASAP-1.jpeg","datePublished":"2021-07-14T15:35:46+00:00","dateModified":"2026-04-30T11:16:08+00:00","description":"Petzl ASAP mitlaufendes Auffangger\u00e4t beim Kletterprofi kaufen \u2705 Trusted Shop \u2705 kostenloser Versand* \u2705 14 Tage R\u00fcckgaberecht \u2705 Co2 neutrale Zustellung","breadcrumb":{"@id":"https:\/\/bolting.eu\/en\/shop\/petzl-asap-mitlaufendes-auffanggeraet\/#breadcrumb"},"inLanguage":"en-US","potentialAction":[{"@type":"ReadAction","target":["https:\/\/bolting.eu\/en\/shop\/petzl-asap-mitlaufendes-auffanggeraet\/"]}]},{"@type":"ImageObject","inLanguage":"en-US","@id":"https:\/\/bolting.eu\/en\/shop\/petzl-asap-mitlaufendes-auffanggeraet\/#primaryimage","url":"https:\/\/bolting.eu\/wp-content\/uploads\/2021\/07\/Petzl-ASAP-1.jpeg","contentUrl":"https:\/\/bolting.eu\/wp-content\/uploads\/2021\/07\/Petzl-ASAP-1.jpeg","width":700,"height":700,"caption":"Das Bild zeigt das orange Petzl Asap. Man sieht die Innenseite des mitlaufenden Auffanger\u00e4t und die silberne Blockierscheibe mit dem Fixiermechanismus."},{"@type":"BreadcrumbList","@id":"https:\/\/bolting.eu\/en\/shop\/petzl-asap-mitlaufendes-auffanggeraet\/#breadcrumb","itemListElement":[{"@type":"ListItem","position":1,"name":"Shop","item":"https:\/\/bolting.eu\/en\/shop\/"},{"@type":"ListItem","position":2,"name":"Industrial climbing gear","item":"https:\/\/bolting.eu\/en\/produkt-kategorie\/industrial-climbing-gear\/"},{"@type":"ListItem","position":3,"name":"Mitlaufende Auffangger\u00e4te","item":"https:\/\/bolting.eu\/produkt-kategorie\/industriekletter-ausruestung\/mitlaufende-auffanggeraete\/"},{"@type":"ListItem","position":4,"name":"Petzl ASAP mitlaufendes Auffangger\u00e4t"}]},{"@type":"WebSite","@id":"https:\/\/bolting.eu\/en\/#website","url":"https:\/\/bolting.eu\/en\/","name":"bolting.eu","description":"we make climbs happen","publisher":{"@id":"https:\/\/bolting.eu\/en\/#organization"},"potentialAction":[{"@type":"SearchAction","target":{"@type":"EntryPoint","urlTemplate":"https:\/\/bolting.eu\/en\/?s={search_term_string}"},"query-input":{"@type":"PropertyValueSpecification","valueRequired":true,"valueName":"search_term_string"}}],"inLanguage":"en-US"},{"@type":["Organization","Place","SportingGoodsStore"],"@id":"https:\/\/bolting.eu\/en\/#organization","name":"bolting.eu","url":"https:\/\/bolting.eu\/en\/","logo":{"@id":"https:\/\/bolting.eu\/en\/shop\/petzl-asap-mitlaufendes-auffanggeraet\/#local-main-organization-logo"},"image":{"@id":"https:\/\/bolting.eu\/en\/shop\/petzl-asap-mitlaufendes-auffanggeraet\/#local-main-organization-logo"},"sameAs":["https:\/\/www.facebook.com\/bolting.eu","https:\/\/www.instagram.com\/bolting.eu\/"],"address":{"@id":"https:\/\/bolting.eu\/en\/shop\/petzl-asap-mitlaufendes-auffanggeraet\/#local-main-place-address"},"geo":{"@type":"GeoCoordinates","latitude":"47.264176340396226","longitude":"11.380109057672346"},"telephone":["+43 699 19083372"],"openingHoursSpecification":[{"@type":"OpeningHoursSpecification","dayOfWeek":["Monday","Wednesday","Friday"],"opens":"14:00","closes":"18:00"},{"@type":"OpeningHoursSpecification","dayOfWeek":["Tuesday","Thursday","Saturday","Sunday"],"opens":"00:00","closes":"00:00"}],"email":"office@bolting.eu","vatID":"ATU59999728","priceRange":"$$","currenciesAccepted":"Euro"},{"@type":"PostalAddress","@id":"https:\/\/bolting.eu\/en\/shop\/petzl-asap-mitlaufendes-auffanggeraet\/#local-main-place-address","streetAddress":"Fischnalerstra\u00dfe 4","addressLocality":"Innsbruck","postalCode":"6020","addressRegion":"Tirol","addressCountry":"AT"},{"@type":"ImageObject","inLanguage":"en-US","@id":"https:\/\/bolting.eu\/en\/shop\/petzl-asap-mitlaufendes-auffanggeraet\/#local-main-organization-logo","url":"https:\/\/bolting.eu\/wp-content\/uploads\/2019\/09\/bolting-logo.png","contentUrl":"https:\/\/bolting.eu\/wp-content\/uploads\/2019\/09\/bolting-logo.png","width":400,"height":211,"caption":"bolting.eu"}]},"product_price_amount":"180.00","product_price_currency":"EUR","og_availability":"instock","product_availability":"instock","product_retailer_item_id":"B070AA00","product_condition":"new","geo.placename":"Innsbruck","geo.position":{"lat":"47.264176340396226","long":"11.380109057672346"},"geo.region":"Austria"},"_links":{"self":[{"href":"https:\/\/bolting.eu\/en\/wp-json\/wp\/v2\/product\/9289","targetHints":{"allow":["GET"]}}],"collection":[{"href":"https:\/\/bolting.eu\/en\/wp-json\/wp\/v2\/product"}],"about":[{"href":"https:\/\/bolting.eu\/en\/wp-json\/wp\/v2\/types\/product"}],"replies":[{"embeddable":true,"href":"https:\/\/bolting.eu\/en\/wp-json\/wp\/v2\/comments?post=9289"}],"wp:featuredmedia":[{"embeddable":true,"href":"https:\/\/bolting.eu\/en\/wp-json\/wp\/v2\/media\/9290"}],"wp:attachment":[{"href":"https:\/\/bolting.eu\/en\/wp-json\/wp\/v2\/media?parent=9289"}],"wp:term":[{"taxonomy":"product_brand","embeddable":true,"href":"https:\/\/bolting.eu\/en\/wp-json\/wp\/v2\/product_brand?post=9289"},{"taxonomy":"product_cat","embeddable":true,"href":"https:\/\/bolting.eu\/en\/wp-json\/wp\/v2\/product_cat?post=9289"},{"taxonomy":"product_tag","embeddable":true,"href":"https:\/\/bolting.eu\/en\/wp-json\/wp\/v2\/product_tag?post=9289"}],"curies":[{"name":"wp","href":"https:\/\/api.w.org\/{rel}","templated":true}]}}