{"id":9280,"date":"2021-07-27T13:30:44","date_gmt":"2021-07-27T11:30:44","guid":{"rendered":"https:\/\/bolting.eu\/?post_type=product&#038;p=9280"},"modified":"2026-01-21T15:43:34","modified_gmt":"2026-01-21T14:43:34","slug":"petzl-ascension-handsteigklemme","status":"publish","type":"product","link":"https:\/\/bolting.eu\/en\/shop\/petzl-ascension-handsteigklemme\/","title":{"rendered":"Petzl Ascension Handsteigklemme"},"content":{"rendered":"<p>Die Petzl Ascension Handsteigklemme ist einer der Top Seller in unserem Shop. Denn dieser Petzl Jumar wird sowohl von Einbohrern, Speleologen als auch H\u00f6henarbeiter verwendet. Und wie bei anderen Produkten auch, ist Petzl hier wieder einmal der unangefochtene Marktf\u00fchrer.<\/p>\n<p>Der Grund f\u00fcr die Beliebtheit dieser Handsteigklemme ist leicht erkl\u00e4rt. \u00dcber Jahrzehnte wurde das immer gute Produkt stetig weiter verbessert. So d\u00fcrfen wir uns heute \u00fcber einen Jumar mit folgenden Features freuen.<\/p>\n<p>Erstens hat die Handsteigklemme eine un\u00fcbertroffene Ergonomie. D.h. sie liegt perfekt in der Hand und verhindert Druckstellen.<\/p>\n<p>Zweitens ist das Handling einfach rundum perfekt. Das merkt man sowohl beim kleinen Entriegelungshebel der Klemmnocken, als auch bei den Karabiner\u00f6sen.<\/p>\n<p>Drittens ist der Kunststoff am Griff extrem hochwertig. Folglich wird er auch nicht nach Jahren klebrig oder beginnt abzubr\u00f6ckeln.<\/p>\n<p>Fazit. Wer eine langlebige, hochwertige <a href=\"https:\/\/bolting.eu\/produkt-kategorie\/kletterausruestung\/steigklemme\/\">Steigklemme<\/a> sucht ist hier beim Marktf\u00fchrer richtig!<\/p>\n<h2>Eigenschaften Petzl Ascension Handsteigklemme<\/h2>\n<ul>\n<li>Hersteller: Petzl<\/li>\n<li>Material: Alu, Edelstahl, Kunststoff, Nylon<\/li>\n<li>Gewicht: 165 Gramm<\/li>\n<li>Normen: EN 567<\/li>\n<li>f\u00fcr Seile 8-13mm<\/li>\n<li>Varianten: rechte Hand (golden) und linke Hand (schwarz)<\/li>\n<li>Klemmnocken mit Reinigungsschlitz<\/li>\n<li>gro\u00dfer ergonomischer Griff f\u00fcr Handschuhe<\/li>\n<li>perfekt integrierter Entriegelungshebel<\/li>\n<li>obere \u00d6se zum Sichern des Seiles mit Karabiner<\/li>\n<li>untere \u00d6se f\u00fcr Verbindungsmittel bzw. Trittschlinge<\/li>\n<li><a href=\"https:\/\/www.petzl.com\/sfc\/servlet.shepherd\/version\/download\/0685I000002hD19QAE\">Gebrauchsanleitung<\/a> f\u00fcr Petzl Jumar<\/li>\n<\/ul>\n<h3>Gro\u00dfer ergonomischer Griff<\/h3>\n<p>Der gro\u00dfe, ergonomische Griff ist einer der Main Features der Petzl Ascension. Er ist bewusst so ausladend gehalten, damit man die Steigklemme auch mit Handschuhen bedienen kann.<\/p>\n<p>\u00dcberdies ist der Griff wunderbar ergonomisch geformt. Hier wird wieder einmal die Philosophie des Herstellers deutlich sichtbar. N\u00e4mlich Funktion mit Design wundervoll gekonnt zu verbinden.<\/p>\n<p>Folglich bekommt man in diesem Petzl Jumar auch nach l\u00e4ngeren Strecken keine Druckstellen.<\/p>\n<h3>Petzl Ascension &#8211; Praxistipp<\/h3>\n<p>F\u00fcr diese Handsteigklemme geben wir euch folgende zwei Tipps. Verwendet zur Verbindung mit dem Klettergurt z.B. die <a href=\"https:\/\/bolting.eu\/shop\/petzl-dual-connect-vario\/\">Dual Connect Vario <\/a>Leine. Und fixiert eure Trittschlinge wie die <a href=\"https:\/\/bolting.eu\/shop\/petzl-quickstep-trittschlinge\/\">Quickstep<\/a> fix mit einem kleinen 6mm <a href=\"https:\/\/bolting.eu\/produkt-kategorie\/einbohrartikel\/schraubglied-rapidglied\/\">Schraubglied<\/a>. Das hilft euch dabei effizient und schnell zu sein!<\/p>\n","protected":false},"excerpt":{"rendered":"<p>Extrem beliebte Handsteigklemme f\u00fcr Seile 8-13mm. DER Klassiker unter Speleologen und Alpinisten.<\/p>\n<p>In verschiedenen Farben f\u00fcr rechts und links erh\u00e4ltlich.<\/p>\n<p>Versandkostenfrei bis 2kg in\u00a0<img decoding=\"async\" class=\"emoji\" role=\"img\" draggable=\"false\" src=\"https:\/\/s.w.org\/images\/core\/emoji\/14.0.0\/svg\/1f1e6-1f1f9.svg\" alt=\"\ud83c\udde6\ud83c\uddf9\" \/>\u00a0ab \u20ac 100,- und\u00a0<img decoding=\"async\" class=\"emoji\" role=\"img\" draggable=\"false\" src=\"https:\/\/s.w.org\/images\/core\/emoji\/14.0.0\/svg\/1f1e9-1f1ea.svg\" alt=\"\ud83c\udde9\ud83c\uddea\" \/>\u00a0ab \u20ac 200,-!<\/p>\n","protected":false},"featured_media":9284,"comment_status":"open","ping_status":"closed","template":"","meta":[],"product_brand":[],"product_cat":[29,31,1210,3660,14056,14093],"product_tag":[],"class_list":{"0":"post-9280","1":"product","2":"type-product","3":"status-publish","4":"has-post-thumbnail","6":"product_cat-kletterausruestung","7":"product_cat-big-wall-ausruestung","8":"product_cat-einbohrartikel","9":"product_cat-steigklemmen-seilklemmen","10":"product_cat-seil-auf-abstieg","11":"product_cat-petzl","13":"first","14":"instock","15":"sale","16":"taxable","17":"shipping-taxable","18":"purchasable","19":"product-type-variable"},"yoast_head":"<!-- This site is optimized with the Yoast SEO Premium plugin v26.9 (Yoast SEO v26.9) - https:\/\/yoast.com\/product\/yoast-seo-premium-wordpress\/ -->\n<title>Petzl Ascension Handsteigklemme online kaufen | bolting.eu<\/title>\n<meta name=\"description\" content=\"PETZL ASCENSION - Petzl Jumar beim Kletterprofi kaufen \u2705 Trusted Shop \u2705 kostenloser Versand* \u2705 14 Tage R\u00fcckgaberecht \u2705 Co2 neutrale Zustellung\" \/>\n<meta name=\"robots\" content=\"index, follow, max-snippet:-1, max-image-preview:large, max-video-preview:-1\" \/>\n<link rel=\"canonical\" href=\"https:\/\/bolting.eu\/en\/shop\/petzl-ascension-handsteigklemme\/\" \/>\n<meta property=\"og:locale\" content=\"en_US\" \/>\n<meta property=\"og:type\" content=\"article\" \/>\n<meta property=\"og:title\" content=\"Petzl Ascension Handsteigklemme\" \/>\n<meta property=\"og:description\" content=\"PETZL ASCENSION - Petzl Jumar beim Kletterprofi kaufen \u2705 Trusted Shop \u2705 kostenloser Versand* \u2705 14 Tage R\u00fcckgaberecht \u2705 Co2 neutrale Zustellung\" \/>\n<meta property=\"og:url\" content=\"https:\/\/bolting.eu\/en\/shop\/petzl-ascension-handsteigklemme\/\" \/>\n<meta property=\"og:site_name\" content=\"bolting.eu\" \/>\n<meta property=\"article:publisher\" content=\"https:\/\/www.facebook.com\/bolting.eu\" \/>\n<meta property=\"article:modified_time\" content=\"2026-01-21T14:43:34+00:00\" \/>\n<meta property=\"og:image\" content=\"https:\/\/bolting.eu\/wp-content\/uploads\/2021\/07\/Petzl-Ascension-Handsteigklemme-2.jpg\" \/>\n\t<meta property=\"og:image:width\" content=\"700\" \/>\n\t<meta property=\"og:image:height\" content=\"700\" \/>\n\t<meta property=\"og:image:type\" content=\"image\/jpeg\" \/>\n<meta name=\"twitter:card\" content=\"summary_large_image\" \/>\n<meta name=\"twitter:label1\" content=\"Availability\" \/>\n\t<meta name=\"twitter:data1\" content=\"In stock\" \/>\n<script type=\"application\/ld+json\" class=\"yoast-schema-graph\">{\"@context\":\"https:\/\/schema.org\",\"@graph\":[{\"@type\":[\"WebPage\",\"ItemPage\"],\"@id\":\"https:\/\/bolting.eu\/en\/shop\/petzl-ascension-handsteigklemme\/\",\"url\":\"https:\/\/bolting.eu\/en\/shop\/petzl-ascension-handsteigklemme\/\",\"name\":\"Petzl Ascension Handsteigklemme online kaufen | bolting.eu\",\"isPartOf\":{\"@id\":\"https:\/\/bolting.eu\/en\/#website\"},\"primaryImageOfPage\":{\"@id\":\"https:\/\/bolting.eu\/en\/shop\/petzl-ascension-handsteigklemme\/#primaryimage\"},\"image\":{\"@id\":\"https:\/\/bolting.eu\/en\/shop\/petzl-ascension-handsteigklemme\/#primaryimage\"},\"thumbnailUrl\":\"https:\/\/bolting.eu\/wp-content\/uploads\/2021\/07\/Petzl-Ascension-Handsteigklemme-2.jpg\",\"datePublished\":\"2021-07-27T11:30:44+00:00\",\"dateModified\":\"2026-01-21T14:43:34+00:00\",\"description\":\"PETZL ASCENSION - Petzl Jumar beim Kletterprofi kaufen \u2705 Trusted Shop \u2705 kostenloser Versand* \u2705 14 Tage R\u00fcckgaberecht \u2705 Co2 neutrale Zustellung\",\"breadcrumb\":{\"@id\":\"https:\/\/bolting.eu\/en\/shop\/petzl-ascension-handsteigklemme\/#breadcrumb\"},\"inLanguage\":\"en-US\",\"potentialAction\":[{\"@type\":\"ReadAction\",\"target\":[\"https:\/\/bolting.eu\/en\/shop\/petzl-ascension-handsteigklemme\/\"]}]},{\"@type\":\"ImageObject\",\"inLanguage\":\"en-US\",\"@id\":\"https:\/\/bolting.eu\/en\/shop\/petzl-ascension-handsteigklemme\/#primaryimage\",\"url\":\"https:\/\/bolting.eu\/wp-content\/uploads\/2021\/07\/Petzl-Ascension-Handsteigklemme-2.jpg\",\"contentUrl\":\"https:\/\/bolting.eu\/wp-content\/uploads\/2021\/07\/Petzl-Ascension-Handsteigklemme-2.jpg\",\"width\":700,\"height\":700,\"caption\":\"Das Bild zeigt die gelbe Petzl Ascension Handsteigklemme. MAn sieht die gesamte Innenseite mit Griff, Klemmnocken, Fixierhebel und Karabiner\u00f6sen.\"},{\"@type\":\"BreadcrumbList\",\"@id\":\"https:\/\/bolting.eu\/en\/shop\/petzl-ascension-handsteigklemme\/#breadcrumb\",\"itemListElement\":[{\"@type\":\"ListItem\",\"position\":1,\"name\":\"Shop\",\"item\":\"https:\/\/bolting.eu\/en\/shop\/\"},{\"@type\":\"ListItem\",\"position\":2,\"name\":\"climbing equipment\",\"item\":\"https:\/\/bolting.eu\/en\/produkt-kategorie\/climbing-equipment\/\"},{\"@type\":\"ListItem\",\"position\":3,\"name\":\"Steigklemmen - Seilklemmen\",\"item\":\"https:\/\/bolting.eu\/produkt-kategorie\/kletterausruestung\/steigklemmen-seilklemmen\/\"},{\"@type\":\"ListItem\",\"position\":4,\"name\":\"Petzl Ascension Handsteigklemme\"}]},{\"@type\":\"WebSite\",\"@id\":\"https:\/\/bolting.eu\/en\/#website\",\"url\":\"https:\/\/bolting.eu\/en\/\",\"name\":\"bolting.eu\",\"description\":\"we make climbs happen\",\"publisher\":{\"@id\":\"https:\/\/bolting.eu\/en\/#organization\"},\"potentialAction\":[{\"@type\":\"SearchAction\",\"target\":{\"@type\":\"EntryPoint\",\"urlTemplate\":\"https:\/\/bolting.eu\/en\/?s={search_term_string}\"},\"query-input\":{\"@type\":\"PropertyValueSpecification\",\"valueRequired\":true,\"valueName\":\"search_term_string\"}}],\"inLanguage\":\"en-US\"},{\"@type\":[\"Organization\",\"Place\",\"SportingGoodsStore\"],\"@id\":\"https:\/\/bolting.eu\/en\/#organization\",\"name\":\"bolting.eu\",\"url\":\"https:\/\/bolting.eu\/en\/\",\"logo\":{\"@id\":\"https:\/\/bolting.eu\/en\/shop\/petzl-ascension-handsteigklemme\/#local-main-organization-logo\"},\"image\":{\"@id\":\"https:\/\/bolting.eu\/en\/shop\/petzl-ascension-handsteigklemme\/#local-main-organization-logo\"},\"sameAs\":[\"https:\/\/www.facebook.com\/bolting.eu\",\"https:\/\/www.instagram.com\/bolting.eu\/\"],\"address\":{\"@id\":\"https:\/\/bolting.eu\/en\/shop\/petzl-ascension-handsteigklemme\/#local-main-place-address\"},\"geo\":{\"@type\":\"GeoCoordinates\",\"latitude\":\"47.264176340396226\",\"longitude\":\"11.380109057672346\"},\"telephone\":[\"+43 699 19083372\"],\"openingHoursSpecification\":[{\"@type\":\"OpeningHoursSpecification\",\"dayOfWeek\":[\"Monday\",\"Wednesday\",\"Friday\"],\"opens\":\"14:00\",\"closes\":\"18:00\"},{\"@type\":\"OpeningHoursSpecification\",\"dayOfWeek\":[\"Tuesday\",\"Thursday\",\"Saturday\",\"Sunday\"],\"opens\":\"00:00\",\"closes\":\"00:00\"}],\"email\":\"office@bolting.eu\",\"vatID\":\"ATU59999728\",\"priceRange\":\"$$\",\"currenciesAccepted\":\"Euro\"},{\"@type\":\"PostalAddress\",\"@id\":\"https:\/\/bolting.eu\/en\/shop\/petzl-ascension-handsteigklemme\/#local-main-place-address\",\"streetAddress\":\"Fischnalerstra\u00dfe 4\",\"addressLocality\":\"Innsbruck\",\"postalCode\":\"6020\",\"addressRegion\":\"Tirol\",\"addressCountry\":\"AT\"},{\"@type\":\"ImageObject\",\"inLanguage\":\"en-US\",\"@id\":\"https:\/\/bolting.eu\/en\/shop\/petzl-ascension-handsteigklemme\/#local-main-organization-logo\",\"url\":\"https:\/\/bolting.eu\/wp-content\/uploads\/2019\/09\/bolting-logo.png\",\"contentUrl\":\"https:\/\/bolting.eu\/wp-content\/uploads\/2019\/09\/bolting-logo.png\",\"width\":400,\"height\":211,\"caption\":\"bolting.eu\"}]}<\/script>\n<meta property=\"og:availability\" content=\"instock\" \/>\n<meta property=\"product:availability\" content=\"instock\" \/>\n<meta property=\"product:condition\" content=\"new\" \/>\n<meta name=\"geo.placename\" content=\"Innsbruck\" \/>\n<meta name=\"geo.position\" content=\"47.264176340396226;11.380109057672346\" \/>\n<meta name=\"geo.region\" content=\"Austria\" \/>\n<!-- \/ Yoast SEO Premium plugin. -->","yoast_head_json":{"title":"Petzl Ascension Handsteigklemme online kaufen | bolting.eu","description":"PETZL ASCENSION - Petzl Jumar beim Kletterprofi kaufen \u2705 Trusted Shop \u2705 kostenloser Versand* \u2705 14 Tage R\u00fcckgaberecht \u2705 Co2 neutrale Zustellung","robots":{"index":"index","follow":"follow","max-snippet":"max-snippet:-1","max-image-preview":"max-image-preview:large","max-video-preview":"max-video-preview:-1"},"canonical":"https:\/\/bolting.eu\/en\/shop\/petzl-ascension-handsteigklemme\/","og_locale":"en_US","og_type":"article","og_title":"Petzl Ascension Handsteigklemme","og_description":"PETZL ASCENSION - Petzl Jumar beim Kletterprofi kaufen \u2705 Trusted Shop \u2705 kostenloser Versand* \u2705 14 Tage R\u00fcckgaberecht \u2705 Co2 neutrale Zustellung","og_url":"https:\/\/bolting.eu\/en\/shop\/petzl-ascension-handsteigklemme\/","og_site_name":"bolting.eu","article_publisher":"https:\/\/www.facebook.com\/bolting.eu","article_modified_time":"2026-01-21T14:43:34+00:00","og_image":[{"width":700,"height":700,"url":"https:\/\/bolting.eu\/wp-content\/uploads\/2021\/07\/Petzl-Ascension-Handsteigklemme-2.jpg","type":"image\/jpeg"}],"twitter_card":"summary_large_image","twitter_misc":{"Availability":"In stock"},"schema":{"@context":"https:\/\/schema.org","@graph":[{"@type":["WebPage","ItemPage"],"@id":"https:\/\/bolting.eu\/en\/shop\/petzl-ascension-handsteigklemme\/","url":"https:\/\/bolting.eu\/en\/shop\/petzl-ascension-handsteigklemme\/","name":"Petzl Ascension Handsteigklemme online kaufen | bolting.eu","isPartOf":{"@id":"https:\/\/bolting.eu\/en\/#website"},"primaryImageOfPage":{"@id":"https:\/\/bolting.eu\/en\/shop\/petzl-ascension-handsteigklemme\/#primaryimage"},"image":{"@id":"https:\/\/bolting.eu\/en\/shop\/petzl-ascension-handsteigklemme\/#primaryimage"},"thumbnailUrl":"https:\/\/bolting.eu\/wp-content\/uploads\/2021\/07\/Petzl-Ascension-Handsteigklemme-2.jpg","datePublished":"2021-07-27T11:30:44+00:00","dateModified":"2026-01-21T14:43:34+00:00","description":"PETZL ASCENSION - Petzl Jumar beim Kletterprofi kaufen \u2705 Trusted Shop \u2705 kostenloser Versand* \u2705 14 Tage R\u00fcckgaberecht \u2705 Co2 neutrale Zustellung","breadcrumb":{"@id":"https:\/\/bolting.eu\/en\/shop\/petzl-ascension-handsteigklemme\/#breadcrumb"},"inLanguage":"en-US","potentialAction":[{"@type":"ReadAction","target":["https:\/\/bolting.eu\/en\/shop\/petzl-ascension-handsteigklemme\/"]}]},{"@type":"ImageObject","inLanguage":"en-US","@id":"https:\/\/bolting.eu\/en\/shop\/petzl-ascension-handsteigklemme\/#primaryimage","url":"https:\/\/bolting.eu\/wp-content\/uploads\/2021\/07\/Petzl-Ascension-Handsteigklemme-2.jpg","contentUrl":"https:\/\/bolting.eu\/wp-content\/uploads\/2021\/07\/Petzl-Ascension-Handsteigklemme-2.jpg","width":700,"height":700,"caption":"Das Bild zeigt die gelbe Petzl Ascension Handsteigklemme. MAn sieht die gesamte Innenseite mit Griff, Klemmnocken, Fixierhebel und Karabiner\u00f6sen."},{"@type":"BreadcrumbList","@id":"https:\/\/bolting.eu\/en\/shop\/petzl-ascension-handsteigklemme\/#breadcrumb","itemListElement":[{"@type":"ListItem","position":1,"name":"Shop","item":"https:\/\/bolting.eu\/en\/shop\/"},{"@type":"ListItem","position":2,"name":"climbing equipment","item":"https:\/\/bolting.eu\/en\/produkt-kategorie\/climbing-equipment\/"},{"@type":"ListItem","position":3,"name":"Steigklemmen - Seilklemmen","item":"https:\/\/bolting.eu\/produkt-kategorie\/kletterausruestung\/steigklemmen-seilklemmen\/"},{"@type":"ListItem","position":4,"name":"Petzl Ascension Handsteigklemme"}]},{"@type":"WebSite","@id":"https:\/\/bolting.eu\/en\/#website","url":"https:\/\/bolting.eu\/en\/","name":"bolting.eu","description":"we make climbs happen","publisher":{"@id":"https:\/\/bolting.eu\/en\/#organization"},"potentialAction":[{"@type":"SearchAction","target":{"@type":"EntryPoint","urlTemplate":"https:\/\/bolting.eu\/en\/?s={search_term_string}"},"query-input":{"@type":"PropertyValueSpecification","valueRequired":true,"valueName":"search_term_string"}}],"inLanguage":"en-US"},{"@type":["Organization","Place","SportingGoodsStore"],"@id":"https:\/\/bolting.eu\/en\/#organization","name":"bolting.eu","url":"https:\/\/bolting.eu\/en\/","logo":{"@id":"https:\/\/bolting.eu\/en\/shop\/petzl-ascension-handsteigklemme\/#local-main-organization-logo"},"image":{"@id":"https:\/\/bolting.eu\/en\/shop\/petzl-ascension-handsteigklemme\/#local-main-organization-logo"},"sameAs":["https:\/\/www.facebook.com\/bolting.eu","https:\/\/www.instagram.com\/bolting.eu\/"],"address":{"@id":"https:\/\/bolting.eu\/en\/shop\/petzl-ascension-handsteigklemme\/#local-main-place-address"},"geo":{"@type":"GeoCoordinates","latitude":"47.264176340396226","longitude":"11.380109057672346"},"telephone":["+43 699 19083372"],"openingHoursSpecification":[{"@type":"OpeningHoursSpecification","dayOfWeek":["Monday","Wednesday","Friday"],"opens":"14:00","closes":"18:00"},{"@type":"OpeningHoursSpecification","dayOfWeek":["Tuesday","Thursday","Saturday","Sunday"],"opens":"00:00","closes":"00:00"}],"email":"office@bolting.eu","vatID":"ATU59999728","priceRange":"$$","currenciesAccepted":"Euro"},{"@type":"PostalAddress","@id":"https:\/\/bolting.eu\/en\/shop\/petzl-ascension-handsteigklemme\/#local-main-place-address","streetAddress":"Fischnalerstra\u00dfe 4","addressLocality":"Innsbruck","postalCode":"6020","addressRegion":"Tirol","addressCountry":"AT"},{"@type":"ImageObject","inLanguage":"en-US","@id":"https:\/\/bolting.eu\/en\/shop\/petzl-ascension-handsteigklemme\/#local-main-organization-logo","url":"https:\/\/bolting.eu\/wp-content\/uploads\/2019\/09\/bolting-logo.png","contentUrl":"https:\/\/bolting.eu\/wp-content\/uploads\/2019\/09\/bolting-logo.png","width":400,"height":211,"caption":"bolting.eu"}]},"og_availability":"instock","product_availability":"instock","product_condition":"new","geo.placename":"Innsbruck","geo.position":{"lat":"47.264176340396226","long":"11.380109057672346"},"geo.region":"Austria"},"_links":{"self":[{"href":"https:\/\/bolting.eu\/en\/wp-json\/wp\/v2\/product\/9280","targetHints":{"allow":["GET"]}}],"collection":[{"href":"https:\/\/bolting.eu\/en\/wp-json\/wp\/v2\/product"}],"about":[{"href":"https:\/\/bolting.eu\/en\/wp-json\/wp\/v2\/types\/product"}],"replies":[{"embeddable":true,"href":"https:\/\/bolting.eu\/en\/wp-json\/wp\/v2\/comments?post=9280"}],"wp:featuredmedia":[{"embeddable":true,"href":"https:\/\/bolting.eu\/en\/wp-json\/wp\/v2\/media\/9284"}],"wp:attachment":[{"href":"https:\/\/bolting.eu\/en\/wp-json\/wp\/v2\/media?parent=9280"}],"wp:term":[{"taxonomy":"product_brand","embeddable":true,"href":"https:\/\/bolting.eu\/en\/wp-json\/wp\/v2\/product_brand?post=9280"},{"taxonomy":"product_cat","embeddable":true,"href":"https:\/\/bolting.eu\/en\/wp-json\/wp\/v2\/product_cat?post=9280"},{"taxonomy":"product_tag","embeddable":true,"href":"https:\/\/bolting.eu\/en\/wp-json\/wp\/v2\/product_tag?post=9280"}],"curies":[{"name":"wp","href":"https:\/\/api.w.org\/{rel}","templated":true}]}}