{"id":9263,"date":"2021-07-14T14:06:01","date_gmt":"2021-07-14T12:06:01","guid":{"rendered":"https:\/\/bolting.eu\/?post_type=product&#038;p=9263"},"modified":"2026-04-10T09:19:35","modified_gmt":"2026-04-10T07:19:35","slug":"petzl-tikka-stirnlampe","status":"publish","type":"product","link":"https:\/\/bolting.eu\/en\/shop\/petzl-tikka-stirnlampe\/","title":{"rendered":"Petzl Tikka Stirnlampe"},"content":{"rendered":"<p>Die Petzl Tikka Stirnlampe geh\u00f6rt in jede <a href=\"https:\/\/bolting.eu\/kletterausruestung\/\">Kletterausr\u00fcstung<\/a>. Denn diese leichte Stirnlampe mit 300 Lumen Lichtst\u00e4rke ist bei Dunkelheit von gro\u00dfem Wert.<\/p>\n<p>Dabei bietet die 82 Gramm leichte Lampe alle tollen Features der Petzl Stirnlampen. Das w\u00e4ren erstens die drei Leuchtstufen. Nahbereich, Fortbewegung und Fernsicht.<\/p>\n<p>Zweitens gibt es die Option auf Rotlicht umzuschalten. Denn dies erh\u00e4lt die Dunkeladaption der Augen und verhindert von der Lampe geblendet zu werden. Regeln l\u00e4sst sich dies alles mit nur einem Schalter. Echt praktisch!<\/p>\n<p>Drittens kann die Petzl Tikka Stirnlampe mit Batterien ( 3 x AAA) oder alternativ auch mit dem Core Akku betrieben werden. Dies wird bei Petzl &#8220;Hybrid Concept&#8221; genannt.<\/p>\n<p>Letztlich wird die Lampe mit einem waschbaren Kopfband und einem phosphoreszierenden Reflektor perfekt abgerundet. Wie alle Petzl Stirnlampen ist auch dieses Modell mit allen <a href=\"https:\/\/bolting.eu\/produkt-kategorie\/kletterausruestung\/kletterhelme\/\">Kletterhelmen<\/a> kompatibel.<\/p>\n<p>Kurzum. Nicht umsonst ist diese Lampe DER beliebteste Allrounder im Petzl Sortiment. Bei geringem Gewicht erh\u00e4lt man hier verl\u00e4ssliche, anhaltende Helligkeit!<\/p>\n<h2>Eigenschaften Petzl Tikka Stirnlampe<\/h2>\n<ul>\n<li>Hersteller: Petzl<\/li>\n<li>Gewicht: nur 82 Gramm<\/li>\n<li>Lichtst\u00e4rke: 350 Lumen<\/li>\n<li>Batterien: 3 x AAA<\/li>\n<li>alternativ auch Core &#8211; Akku (separat erh\u00e4ltlich)<\/li>\n<li>Farben: blau und gr\u00fcn<\/li>\n<li>drei Leuchtstufen (Nahbereich, Fortbewegung, Fernsicht)<\/li>\n<li>Modus &#8220;rotes Licht&#8221; um andere nicht zu blenden<\/li>\n<li>Lichtkegel: breit<\/li>\n<li>wetterfest<\/li>\n<li>phosphoreszierender Reflektor um Lampe im Dunkeln schnell zu finden<\/li>\n<li>kompatibel mit allen Petzl Helmen wie z.B. <a href=\"https:\/\/bolting.eu\/shop\/petzl-meteor\/\">Petzl Meteor<\/a><\/li>\n<li><a href=\"https:\/\/www.petzl.com\/sfc\/servlet.shepherd\/version\/download\/0681r00000DT50uAAD\">Gebrauchsanleitung<\/a><\/li>\n<\/ul>\n<h3>Video Petzl Tikka Stirnlampe<\/h3>\n<p>Bilder sagen mehr als Worte. Deshalb zeigen wir euch im Folgenden ein Vorstellungsvideo dieser Lampe.<\/p>\n<p>Darin werden alle Features nochmals deutlich erkl\u00e4rt. Somit wollen wir euch die Kaufentscheidung erleichtern. Wir hoffen das gelingt und auch damit ihr die perfekte Stirnlampe f\u00fcr eure Abenteuer findet!<\/p>\n<p><iframe loading=\"lazy\" title=\"vimeo-player\" src=\"https:\/\/player.vimeo.com\/video\/337950283\" width=\"75%\" height=\"360\" frameborder=\"0\" allowfullscreen=\"allowfullscreen\"><\/iframe><\/p>\n<p>&nbsp;<\/p>\n<h3>Stirnlampe ersetzt keine Tourenplanung!<\/h3>\n<p>Bitte beachtet. Auch wenn euch die Petzl Tikka Stirnlampe durch das Dunkel geleitet. Sie kann keine Tourenplanung ersetzen.<\/p>\n<p>D.h. zum einen eine ordentliche Vorbereitung zur Wegfindung mit Kletterf\u00fchrer bzw. Landkarte. \u00dcberdies k\u00f6nnt ihr eine App f\u00fcr die Orientierung nutzen.<\/p>\n<p>Und zum anderen bedeutet es das Wetter bzw. Tageszeit im Auge behalten. Denn auch wenn ihr eure direkte Umgebung ausleuchten k\u00f6nnt. Gro\u00dfe Gel\u00e4ndeformen bleiben euch im Dunkel verborgen.<\/p>\n<p>Deshalb ist es manchmal besser Touren einfach abzubrechen, als ins Dunkel zu kommen!<\/p>\n<h3>Petzl Tikka Stirnlampe &#8211; Hybrid Concept<\/h3>\n<p>Diese Lampe bietet die M\u00f6glichkeit einen Akku anstatt Batterien zu verwenden. Das ist das sogenannte Hybrid Concept von Petzl.<\/p>\n<p>Hierzu ist separat der Core Akku erh\u00e4ltlich. Dieser wird per USB Kabel geladen und kann einfach in die Batterie Box der Lampe eingeklippst werden.<\/p>\n<p>Somit kann man umweltschonend handeln. Denn anstatt vieler Batterien im Laufe des Stirnlampen Lebens zu verbrauchen, gibt es nur mehr einen Akku.<\/p>\n<p><a href=\"https:\/\/bolting.eu\/wp-content\/uploads\/2021\/07\/Petzl-Tikka-Strinlampe-5.jpg\"><img loading=\"lazy\" decoding=\"async\" class=\"alignnone size-full wp-image-9266\" src=\"https:\/\/bolting.eu\/wp-content\/uploads\/2021\/07\/Petzl-Tikka-Strinlampe-5.jpg\" alt=\"\" width=\"700\" height=\"489\" srcset=\"https:\/\/bolting.eu\/wp-content\/uploads\/2021\/07\/Petzl-Tikka-Strinlampe-5.jpg 700w, https:\/\/bolting.eu\/wp-content\/uploads\/2021\/07\/Petzl-Tikka-Strinlampe-5-510x356.jpg 510w, https:\/\/bolting.eu\/wp-content\/uploads\/2021\/07\/Petzl-Tikka-Strinlampe-5-573x400.jpg 573w, https:\/\/bolting.eu\/wp-content\/uploads\/2021\/07\/Petzl-Tikka-Strinlampe-5-600x419.jpg 600w\" sizes=\"auto, (max-width: 700px) 100vw, 700px\" \/><\/a><\/p>\n<h3>Leistungs Spezifikationen nach ANSI-Plato FL1 Standard<\/h3>\n<p>Im Folgenden seht ihr ein Diagramm mit einer ausf\u00fchrlichen Leistungs\u00fcbersicht. Darin seht ihr, was die Petzl Tikka Stirnlampe f\u00fcr Werte in den unterschiedlichen Modi erbringt.<\/p>\n<div id=\"performances\" class=\"productBlock blockMenu\">\n<table class=\"biggerTable\" style=\"height: 256px;\" width=\"482\">\n<tbody>\n<tr>\n<td colspan=\"6\" rowspan=\"1\" align=\"center\"><strong>Leuchtleistungen nach dem ANSI\/PLATO FL 1 Standard<\/strong><\/td>\n<\/tr>\n<tr>\n<td class=\"headerCell\" colspan=\"1\" rowspan=\"1\" align=\"center\">Lichtfarbe<\/td>\n<td class=\"headerCell\" colspan=\"1\" rowspan=\"1\" align=\"center\">Leuchtstufen<\/td>\n<td class=\"headerCell\" colspan=\"1\" rowspan=\"1\" align=\"center\">Lichtmenge<\/td>\n<td class=\"headerCell\" colspan=\"1\" rowspan=\"1\" align=\"center\">Leuchtweite<\/td>\n<td class=\"headerCell\" colspan=\"1\" rowspan=\"1\" align=\"center\">Leuchtdauer<\/td>\n<td class=\"headerCell\" colspan=\"1\" rowspan=\"1\" align=\"center\">Reservemodus<\/td>\n<\/tr>\n<tr>\n<td colspan=\"1\" rowspan=\"3\" align=\"center\"><strong>wei\u00df<\/strong><\/td>\n<td colspan=\"1\" rowspan=\"1\" align=\"center\">MAX BURN TIME<\/td>\n<td colspan=\"1\" rowspan=\"1\" align=\"center\">6 lm<\/td>\n<td colspan=\"1\" rowspan=\"1\" align=\"center\">10 m<\/td>\n<td colspan=\"1\" rowspan=\"1\" align=\"center\">120 Std.<\/td>\n<td colspan=\"1\" rowspan=\"1\" align=\"center\">&#8211;<\/td>\n<\/tr>\n<tr>\n<td colspan=\"1\" rowspan=\"1\" align=\"center\">STANDARD<\/td>\n<td colspan=\"1\" rowspan=\"1\" align=\"center\">100 lm<\/td>\n<td colspan=\"1\" rowspan=\"1\" align=\"center\">40 m<\/td>\n<td colspan=\"1\" rowspan=\"1\" align=\"center\">9 Std.<\/td>\n<td colspan=\"1\" rowspan=\"1\" align=\"center\">30 Std.<\/td>\n<\/tr>\n<tr>\n<td colspan=\"1\" rowspan=\"1\" align=\"center\">MAX POWER<\/td>\n<td colspan=\"1\" rowspan=\"1\" align=\"center\">300 lm<\/td>\n<td colspan=\"1\" rowspan=\"1\" align=\"center\">65 m<\/td>\n<td colspan=\"1\" rowspan=\"1\" align=\"center\">2 Std.<\/td>\n<td colspan=\"1\" rowspan=\"1\" align=\"center\">40 Std.<\/td>\n<\/tr>\n<tr>\n<td colspan=\"1\" rowspan=\"2\" align=\"center\"><strong>rot<\/strong><\/td>\n<td colspan=\"1\" rowspan=\"1\" align=\"center\">Dauerlicht<\/td>\n<td colspan=\"1\" rowspan=\"1\" align=\"center\">2 lm<\/td>\n<td colspan=\"1\" rowspan=\"1\" align=\"center\">5 m<\/td>\n<td colspan=\"1\" rowspan=\"1\" align=\"center\">60 Std.<\/td>\n<td colspan=\"1\" rowspan=\"2\" align=\"center\">&#8211;<\/td>\n<\/tr>\n<tr>\n<td colspan=\"1\" rowspan=\"null\" align=\"center\">Blinklicht<\/td>\n<td colspan=\"3\" rowspan=\"null\" align=\"center\">sichtbar in 700 m Entfernung w\u00e4hrend 400 Std.<\/td>\n<\/tr>\n<\/tbody>\n<\/table>\n<\/div>\n","protected":false},"excerpt":{"rendered":"<ul>\n<li>Hersteller: Petzl<\/li>\n<li>Gewicht: nur 82 Gramm<\/li>\n<li>Lichtst\u00e4rke: 350 Lumen<\/li>\n<li>Batterien: 3 x AAA<\/li>\n<li>alternativ auch Core &#8211; Akku (separat erh\u00e4ltlich)<\/li>\n<li>drei Leuchtstufen (Nahbereich, Fortbewegung, Fernsicht)<\/li>\n<li>Modus &#8220;rotes Licht&#8221; um andere nicht zu blenden<\/li>\n<li>Lichtkegel: breit<\/li>\n<li>wetterfest<\/li>\n<li>phosphoreszierender Reflektor um Lampe im Dunkeln schnell zu finden<\/li>\n<\/ul>\n","protected":false},"featured_media":9269,"comment_status":"open","ping_status":"closed","template":"","meta":[],"product_brand":[],"product_cat":[6357,29,5061,14093,14483],"product_tag":[],"class_list":{"0":"post-9263","1":"product","2":"type-product","3":"status-publish","4":"has-post-thumbnail","6":"product_cat-boulder-zubehoer","7":"product_cat-kletterausruestung","8":"product_cat-kletterzubehoer","9":"product_cat-petzl","10":"product_cat-petzl-stirnlampen","12":"first","13":"instock","14":"taxable","15":"shipping-taxable","16":"purchasable","17":"product-type-variable"},"yoast_head":"<!-- This site is optimized with the Yoast SEO Premium plugin v26.9 (Yoast SEO v26.9) - https:\/\/yoast.com\/product\/yoast-seo-premium-wordpress\/ -->\n<title>Petzl Tikka Stirnlampe 300 Lumen und 4 Modi - online kaufen | bolting.eu<\/title>\n<meta name=\"description\" content=\"Hier findest Du die wetterfeste Petzl Tikka Stirnlampe mit 300 Lumen Lichtst\u00e4rke und 4 Modi f\u00fcr alle Outdoor Abenteuer.\" \/>\n<meta name=\"robots\" content=\"index, follow, max-snippet:-1, max-image-preview:large, max-video-preview:-1\" \/>\n<link rel=\"canonical\" href=\"https:\/\/bolting.eu\/en\/shop\/petzl-tikka-stirnlampe\/\" \/>\n<meta property=\"og:locale\" content=\"en_US\" \/>\n<meta property=\"og:type\" content=\"article\" \/>\n<meta property=\"og:title\" content=\"Petzl Tikka Stirnlampe\" \/>\n<meta property=\"og:description\" content=\"Hier findest Du die wetterfeste Petzl Tikka Stirnlampe mit 300 Lumen Lichtst\u00e4rke und 4 Modi f\u00fcr alle Outdoor Abenteuer.\" \/>\n<meta property=\"og:url\" content=\"https:\/\/bolting.eu\/en\/shop\/petzl-tikka-stirnlampe\/\" \/>\n<meta property=\"og:site_name\" content=\"bolting.eu\" \/>\n<meta property=\"article:publisher\" content=\"https:\/\/www.facebook.com\/bolting.eu\" \/>\n<meta property=\"article:modified_time\" content=\"2026-04-10T07:19:35+00:00\" \/>\n<meta property=\"og:image\" content=\"https:\/\/bolting.eu\/wp-content\/uploads\/2021\/07\/Petzl-Tikka-Strinlampe-2.jpg\" \/>\n\t<meta property=\"og:image:width\" content=\"700\" \/>\n\t<meta property=\"og:image:height\" content=\"700\" \/>\n\t<meta property=\"og:image:type\" content=\"image\/jpeg\" \/>\n<meta name=\"twitter:card\" content=\"summary_large_image\" \/>\n<meta name=\"twitter:label1\" content=\"Availability\" \/>\n\t<meta name=\"twitter:data1\" content=\"In stock\" \/>\n<script type=\"application\/ld+json\" class=\"yoast-schema-graph\">{\"@context\":\"https:\/\/schema.org\",\"@graph\":[{\"@type\":[\"WebPage\",\"ItemPage\"],\"@id\":\"https:\/\/bolting.eu\/en\/shop\/petzl-tikka-stirnlampe\/\",\"url\":\"https:\/\/bolting.eu\/en\/shop\/petzl-tikka-stirnlampe\/\",\"name\":\"Petzl Tikka Stirnlampe 300 Lumen und 4 Modi - online kaufen | bolting.eu\",\"isPartOf\":{\"@id\":\"https:\/\/bolting.eu\/en\/#website\"},\"primaryImageOfPage\":{\"@id\":\"https:\/\/bolting.eu\/en\/shop\/petzl-tikka-stirnlampe\/#primaryimage\"},\"image\":{\"@id\":\"https:\/\/bolting.eu\/en\/shop\/petzl-tikka-stirnlampe\/#primaryimage\"},\"thumbnailUrl\":\"https:\/\/bolting.eu\/wp-content\/uploads\/2021\/07\/Petzl-Tikka-Strinlampe-2.jpg\",\"datePublished\":\"2021-07-14T12:06:01+00:00\",\"dateModified\":\"2026-04-10T07:19:35+00:00\",\"description\":\"Hier findest Du die wetterfeste Petzl Tikka Stirnlampe mit 300 Lumen Lichtst\u00e4rke und 4 Modi f\u00fcr alle Outdoor Abenteuer.\",\"breadcrumb\":{\"@id\":\"https:\/\/bolting.eu\/en\/shop\/petzl-tikka-stirnlampe\/#breadcrumb\"},\"inLanguage\":\"en-US\",\"potentialAction\":[{\"@type\":\"ReadAction\",\"target\":[\"https:\/\/bolting.eu\/en\/shop\/petzl-tikka-stirnlampe\/\"]}]},{\"@type\":\"ImageObject\",\"inLanguage\":\"en-US\",\"@id\":\"https:\/\/bolting.eu\/en\/shop\/petzl-tikka-stirnlampe\/#primaryimage\",\"url\":\"https:\/\/bolting.eu\/wp-content\/uploads\/2021\/07\/Petzl-Tikka-Strinlampe-2.jpg\",\"contentUrl\":\"https:\/\/bolting.eu\/wp-content\/uploads\/2021\/07\/Petzl-Tikka-Strinlampe-2.jpg\",\"width\":700,\"height\":700,\"caption\":\"Das Bild zeigt die blaue Petzl Tikka Stirnlampe mit der Lampe rechts und dem Batterieteil links.\"},{\"@type\":\"BreadcrumbList\",\"@id\":\"https:\/\/bolting.eu\/en\/shop\/petzl-tikka-stirnlampe\/#breadcrumb\",\"itemListElement\":[{\"@type\":\"ListItem\",\"position\":1,\"name\":\"Shop\",\"item\":\"https:\/\/bolting.eu\/en\/shop\/\"},{\"@type\":\"ListItem\",\"position\":2,\"name\":\"climbing equipment\",\"item\":\"https:\/\/bolting.eu\/en\/produkt-kategorie\/climbing-equipment\/\"},{\"@type\":\"ListItem\",\"position\":3,\"name\":\"Petzl Stirnlampen\",\"item\":\"https:\/\/bolting.eu\/produkt-kategorie\/kletterausruestung\/petzl-stirnlampen\/\"},{\"@type\":\"ListItem\",\"position\":4,\"name\":\"Petzl Tikka Stirnlampe\"}]},{\"@type\":\"WebSite\",\"@id\":\"https:\/\/bolting.eu\/en\/#website\",\"url\":\"https:\/\/bolting.eu\/en\/\",\"name\":\"bolting.eu\",\"description\":\"we make climbs happen\",\"publisher\":{\"@id\":\"https:\/\/bolting.eu\/en\/#organization\"},\"potentialAction\":[{\"@type\":\"SearchAction\",\"target\":{\"@type\":\"EntryPoint\",\"urlTemplate\":\"https:\/\/bolting.eu\/en\/?s={search_term_string}\"},\"query-input\":{\"@type\":\"PropertyValueSpecification\",\"valueRequired\":true,\"valueName\":\"search_term_string\"}}],\"inLanguage\":\"en-US\"},{\"@type\":[\"Organization\",\"Place\",\"SportingGoodsStore\"],\"@id\":\"https:\/\/bolting.eu\/en\/#organization\",\"name\":\"bolting.eu\",\"url\":\"https:\/\/bolting.eu\/en\/\",\"logo\":{\"@id\":\"https:\/\/bolting.eu\/en\/shop\/petzl-tikka-stirnlampe\/#local-main-organization-logo\"},\"image\":{\"@id\":\"https:\/\/bolting.eu\/en\/shop\/petzl-tikka-stirnlampe\/#local-main-organization-logo\"},\"sameAs\":[\"https:\/\/www.facebook.com\/bolting.eu\",\"https:\/\/www.instagram.com\/bolting.eu\/\"],\"address\":{\"@id\":\"https:\/\/bolting.eu\/en\/shop\/petzl-tikka-stirnlampe\/#local-main-place-address\"},\"geo\":{\"@type\":\"GeoCoordinates\",\"latitude\":\"47.264176340396226\",\"longitude\":\"11.380109057672346\"},\"telephone\":[\"+43 699 19083372\"],\"openingHoursSpecification\":[{\"@type\":\"OpeningHoursSpecification\",\"dayOfWeek\":[\"Monday\",\"Wednesday\",\"Friday\"],\"opens\":\"14:00\",\"closes\":\"18:00\"},{\"@type\":\"OpeningHoursSpecification\",\"dayOfWeek\":[\"Tuesday\",\"Thursday\",\"Saturday\",\"Sunday\"],\"opens\":\"00:00\",\"closes\":\"00:00\"}],\"email\":\"office@bolting.eu\",\"vatID\":\"ATU59999728\",\"priceRange\":\"$$\",\"currenciesAccepted\":\"Euro\"},{\"@type\":\"PostalAddress\",\"@id\":\"https:\/\/bolting.eu\/en\/shop\/petzl-tikka-stirnlampe\/#local-main-place-address\",\"streetAddress\":\"Fischnalerstra\u00dfe 4\",\"addressLocality\":\"Innsbruck\",\"postalCode\":\"6020\",\"addressRegion\":\"Tirol\",\"addressCountry\":\"AT\"},{\"@type\":\"ImageObject\",\"inLanguage\":\"en-US\",\"@id\":\"https:\/\/bolting.eu\/en\/shop\/petzl-tikka-stirnlampe\/#local-main-organization-logo\",\"url\":\"https:\/\/bolting.eu\/wp-content\/uploads\/2019\/09\/bolting-logo.png\",\"contentUrl\":\"https:\/\/bolting.eu\/wp-content\/uploads\/2019\/09\/bolting-logo.png\",\"width\":400,\"height\":211,\"caption\":\"bolting.eu\"}]}<\/script>\n<meta property=\"og:video\" content=\"https:\/\/player.vimeo.com\/video\/337950283\" \/>\n<meta property=\"og:video:type\" content=\"text\/html\" \/>\n<meta property=\"og:video:duration\" content=\"58\" \/>\n<meta property=\"og:video:width\" content=\"1920\" \/>\n<meta property=\"og:video:height\" content=\"1080\" \/>\n<meta property=\"ya:ovs:adult\" content=\"false\" \/>\n<meta property=\"ya:ovs:upload_date\" content=\"2021-07-14T12:06:01+00:00\" \/>\n<meta property=\"ya:ovs:allow_embed\" content=\"true\" \/>\n<meta property=\"og:availability\" content=\"instock\" \/>\n<meta property=\"product:availability\" content=\"instock\" \/>\n<meta property=\"product:condition\" content=\"new\" \/>\n<meta name=\"geo.placename\" content=\"Innsbruck\" \/>\n<meta name=\"geo.position\" content=\"47.264176340396226;11.380109057672346\" \/>\n<meta name=\"geo.region\" content=\"Austria\" \/>\n<!-- \/ Yoast SEO Premium plugin. -->","yoast_head_json":{"title":"Petzl Tikka Stirnlampe 300 Lumen und 4 Modi - online kaufen | bolting.eu","description":"Hier findest Du die wetterfeste Petzl Tikka Stirnlampe mit 300 Lumen Lichtst\u00e4rke und 4 Modi f\u00fcr alle Outdoor Abenteuer.","robots":{"index":"index","follow":"follow","max-snippet":"max-snippet:-1","max-image-preview":"max-image-preview:large","max-video-preview":"max-video-preview:-1"},"canonical":"https:\/\/bolting.eu\/en\/shop\/petzl-tikka-stirnlampe\/","og_locale":"en_US","og_type":"article","og_title":"Petzl Tikka Stirnlampe","og_description":"Hier findest Du die wetterfeste Petzl Tikka Stirnlampe mit 300 Lumen Lichtst\u00e4rke und 4 Modi f\u00fcr alle Outdoor Abenteuer.","og_url":"https:\/\/bolting.eu\/en\/shop\/petzl-tikka-stirnlampe\/","og_site_name":"bolting.eu","article_publisher":"https:\/\/www.facebook.com\/bolting.eu","article_modified_time":"2026-04-10T07:19:35+00:00","og_image":[{"width":700,"height":700,"url":"https:\/\/bolting.eu\/wp-content\/uploads\/2021\/07\/Petzl-Tikka-Strinlampe-2.jpg","type":"image\/jpeg"}],"twitter_card":"summary_large_image","twitter_misc":{"Availability":"In stock"},"schema":{"@context":"https:\/\/schema.org","@graph":[{"@type":["WebPage","ItemPage"],"@id":"https:\/\/bolting.eu\/en\/shop\/petzl-tikka-stirnlampe\/","url":"https:\/\/bolting.eu\/en\/shop\/petzl-tikka-stirnlampe\/","name":"Petzl Tikka Stirnlampe 300 Lumen und 4 Modi - online kaufen | bolting.eu","isPartOf":{"@id":"https:\/\/bolting.eu\/en\/#website"},"primaryImageOfPage":{"@id":"https:\/\/bolting.eu\/en\/shop\/petzl-tikka-stirnlampe\/#primaryimage"},"image":{"@id":"https:\/\/bolting.eu\/en\/shop\/petzl-tikka-stirnlampe\/#primaryimage"},"thumbnailUrl":"https:\/\/bolting.eu\/wp-content\/uploads\/2021\/07\/Petzl-Tikka-Strinlampe-2.jpg","datePublished":"2021-07-14T12:06:01+00:00","dateModified":"2026-04-10T07:19:35+00:00","description":"Hier findest Du die wetterfeste Petzl Tikka Stirnlampe mit 300 Lumen Lichtst\u00e4rke und 4 Modi f\u00fcr alle Outdoor Abenteuer.","breadcrumb":{"@id":"https:\/\/bolting.eu\/en\/shop\/petzl-tikka-stirnlampe\/#breadcrumb"},"inLanguage":"en-US","potentialAction":[{"@type":"ReadAction","target":["https:\/\/bolting.eu\/en\/shop\/petzl-tikka-stirnlampe\/"]}]},{"@type":"ImageObject","inLanguage":"en-US","@id":"https:\/\/bolting.eu\/en\/shop\/petzl-tikka-stirnlampe\/#primaryimage","url":"https:\/\/bolting.eu\/wp-content\/uploads\/2021\/07\/Petzl-Tikka-Strinlampe-2.jpg","contentUrl":"https:\/\/bolting.eu\/wp-content\/uploads\/2021\/07\/Petzl-Tikka-Strinlampe-2.jpg","width":700,"height":700,"caption":"Das Bild zeigt die blaue Petzl Tikka Stirnlampe mit der Lampe rechts und dem Batterieteil links."},{"@type":"BreadcrumbList","@id":"https:\/\/bolting.eu\/en\/shop\/petzl-tikka-stirnlampe\/#breadcrumb","itemListElement":[{"@type":"ListItem","position":1,"name":"Shop","item":"https:\/\/bolting.eu\/en\/shop\/"},{"@type":"ListItem","position":2,"name":"climbing equipment","item":"https:\/\/bolting.eu\/en\/produkt-kategorie\/climbing-equipment\/"},{"@type":"ListItem","position":3,"name":"Petzl Stirnlampen","item":"https:\/\/bolting.eu\/produkt-kategorie\/kletterausruestung\/petzl-stirnlampen\/"},{"@type":"ListItem","position":4,"name":"Petzl Tikka Stirnlampe"}]},{"@type":"WebSite","@id":"https:\/\/bolting.eu\/en\/#website","url":"https:\/\/bolting.eu\/en\/","name":"bolting.eu","description":"we make climbs happen","publisher":{"@id":"https:\/\/bolting.eu\/en\/#organization"},"potentialAction":[{"@type":"SearchAction","target":{"@type":"EntryPoint","urlTemplate":"https:\/\/bolting.eu\/en\/?s={search_term_string}"},"query-input":{"@type":"PropertyValueSpecification","valueRequired":true,"valueName":"search_term_string"}}],"inLanguage":"en-US"},{"@type":["Organization","Place","SportingGoodsStore"],"@id":"https:\/\/bolting.eu\/en\/#organization","name":"bolting.eu","url":"https:\/\/bolting.eu\/en\/","logo":{"@id":"https:\/\/bolting.eu\/en\/shop\/petzl-tikka-stirnlampe\/#local-main-organization-logo"},"image":{"@id":"https:\/\/bolting.eu\/en\/shop\/petzl-tikka-stirnlampe\/#local-main-organization-logo"},"sameAs":["https:\/\/www.facebook.com\/bolting.eu","https:\/\/www.instagram.com\/bolting.eu\/"],"address":{"@id":"https:\/\/bolting.eu\/en\/shop\/petzl-tikka-stirnlampe\/#local-main-place-address"},"geo":{"@type":"GeoCoordinates","latitude":"47.264176340396226","longitude":"11.380109057672346"},"telephone":["+43 699 19083372"],"openingHoursSpecification":[{"@type":"OpeningHoursSpecification","dayOfWeek":["Monday","Wednesday","Friday"],"opens":"14:00","closes":"18:00"},{"@type":"OpeningHoursSpecification","dayOfWeek":["Tuesday","Thursday","Saturday","Sunday"],"opens":"00:00","closes":"00:00"}],"email":"office@bolting.eu","vatID":"ATU59999728","priceRange":"$$","currenciesAccepted":"Euro"},{"@type":"PostalAddress","@id":"https:\/\/bolting.eu\/en\/shop\/petzl-tikka-stirnlampe\/#local-main-place-address","streetAddress":"Fischnalerstra\u00dfe 4","addressLocality":"Innsbruck","postalCode":"6020","addressRegion":"Tirol","addressCountry":"AT"},{"@type":"ImageObject","inLanguage":"en-US","@id":"https:\/\/bolting.eu\/en\/shop\/petzl-tikka-stirnlampe\/#local-main-organization-logo","url":"https:\/\/bolting.eu\/wp-content\/uploads\/2019\/09\/bolting-logo.png","contentUrl":"https:\/\/bolting.eu\/wp-content\/uploads\/2019\/09\/bolting-logo.png","width":400,"height":211,"caption":"bolting.eu"}]},"og_video":"https:\/\/player.vimeo.com\/video\/337950283","og_video_type":"text\/html","og_video_duration":"58","og_video_width":"1920","og_video_height":"1080","ya_ovs_adult":"false","ya_ovs_upload_date":"2021-07-14T12:06:01+00:00","ya_ovs_allow_embed":"true","og_availability":"instock","product_availability":"instock","product_condition":"new","geo.placename":"Innsbruck","geo.position":{"lat":"47.264176340396226","long":"11.380109057672346"},"geo.region":"Austria"},"_links":{"self":[{"href":"https:\/\/bolting.eu\/en\/wp-json\/wp\/v2\/product\/9263","targetHints":{"allow":["GET"]}}],"collection":[{"href":"https:\/\/bolting.eu\/en\/wp-json\/wp\/v2\/product"}],"about":[{"href":"https:\/\/bolting.eu\/en\/wp-json\/wp\/v2\/types\/product"}],"replies":[{"embeddable":true,"href":"https:\/\/bolting.eu\/en\/wp-json\/wp\/v2\/comments?post=9263"}],"wp:featuredmedia":[{"embeddable":true,"href":"https:\/\/bolting.eu\/en\/wp-json\/wp\/v2\/media\/9269"}],"wp:attachment":[{"href":"https:\/\/bolting.eu\/en\/wp-json\/wp\/v2\/media?parent=9263"}],"wp:term":[{"taxonomy":"product_brand","embeddable":true,"href":"https:\/\/bolting.eu\/en\/wp-json\/wp\/v2\/product_brand?post=9263"},{"taxonomy":"product_cat","embeddable":true,"href":"https:\/\/bolting.eu\/en\/wp-json\/wp\/v2\/product_cat?post=9263"},{"taxonomy":"product_tag","embeddable":true,"href":"https:\/\/bolting.eu\/en\/wp-json\/wp\/v2\/product_tag?post=9263"}],"curies":[{"name":"wp","href":"https:\/\/api.w.org\/{rel}","templated":true}]}}