{"id":9253,"date":"2021-07-14T11:56:22","date_gmt":"2021-07-14T09:56:22","guid":{"rendered":"https:\/\/bolting.eu\/?post_type=product&#038;p=9253"},"modified":"2026-01-21T17:01:27","modified_gmt":"2026-01-21T16:01:27","slug":"petzl-avao-europaeische-ausfuehrung","status":"publish","type":"product","link":"https:\/\/bolting.eu\/en\/shop\/petzl-avao-europaeische-ausfuehrung\/","title":{"rendered":"Petzl Avao europ\u00e4ische Ausf\u00fchrung"},"content":{"rendered":"<p>Der Petzl Avao in der europ\u00e4ischen Ausf\u00fchrung ist ein hochwertiger <a href=\"https:\/\/bolting.eu\/produkt-kategorie\/industriekletter-ausruestung\/industrieklettergurt\/\">Industrieklettergurt<\/a>.<\/p>\n<p>Denn er dient in erster Linie der Arbeitsplatzpositionierung mit freien H\u00e4nden. Hierf\u00fcr wurde besonderes Augenmerk auf gro\u00dfen Komfort in jeder Arbeitssituation gelegt. D.h. dieses Modell hat zum einen eine vorgeformte Schaumstoffpolsterung. Und zum anderen eine halbstarre Bauweise f\u00fcr leichteres Einsteigen.<\/p>\n<p>Abgerundet wird dieser Gurt durch eine Reihe optimaler Features. Erstens die seitlichen Metall\u00f6sen. Zweitens die Double Back Schnallen. Drittens die Befestigungsm\u00f6glichkeit f\u00fcr <a href=\"https:\/\/bolting.eu\/shop\/petzl-interfast\/\">Interfast<\/a> bzw. <a href=\"https:\/\/bolting.eu\/shop\/petzl-toolbag-werkzeugtasche\/\">Toolbag<\/a> sowie den <a href=\"https:\/\/bolting.eu\/shop\/petzl-caritool-materialkarabiner\/\">Carritool<\/a> Karabiner.<\/p>\n<p>Fazit: Dieser Gurt ist nicht umsonst ein Bestseller in unserem <a href=\"https:\/\/bolting.eu\/industrieklettershop\/\">Industrieklettershop<\/a>!<\/p>\n<h2>Eigenschaften Petzl Avao<\/h2>\n<ul>\n<li>Hersteller: <a href=\"https:\/\/bolting.eu\/produkt-kategorie\/petzl\/\">Petzl<\/a><\/li>\n<li>Garantie: 3 Jahre<\/li>\n<li>komfortabler H\u00f6henarbeiter Gurt<\/li>\n<li>erm\u00f6glicht Arbeitsplatzpositionierung mit freien H\u00e4nden<\/li>\n<li>Materialien: Polyamid, Polyester, Alu, Stahl<\/li>\n<li>Gewicht: 1720 Gramm (Gr. 0), 1760 Gramm (Gr. 1), 1860 Gramm (Gr. 2)<\/li>\n<li>Gr\u00f6\u00dfen: 0, 1, 2;<\/li>\n<li>halbstarre H\u00fcft- und Beinschlaufen verstellbar<\/li>\n<li>schaumstoffgepolsterter Schultergurt mit freiem Aktionsradius<\/li>\n<li>sehr gute Bel\u00fcftung<\/li>\n<li>seitliche Positionierungs\u00f6sen einklappbar<\/li>\n<li>5 Materialschlaufen<\/li>\n<li>Befestigungsm\u00f6glichkeiten f\u00fcr Caritool Ger\u00e4tehalter und Toolbag<\/li>\n<li>Aufh\u00e4ngevorrichtung f\u00fcr <a href=\"https:\/\/bolting.eu\/shop\/petzl-podium-sitzbrett\/\">Petzl Podium Sitzbrett<\/a><\/li>\n<li>r\u00fcckw\u00e4rtiger Auffangring f\u00fcr <a href=\"https:\/\/bolting.eu\/shop\/petzl-asapsorber\/\">Petzl Asap\u00b4sorber<\/a> bzw. <a href=\"https:\/\/bolting.eu\/shop\/petzl-asap-mitlaufendes-auffanggeraet\/\">Petzl Asap<\/a><\/li>\n<li>alle wichtigen europ\u00e4ischenNormen: EN 361, EN 358, EN 813<\/li>\n<li>wird mit <a href=\"https:\/\/bolting.eu\/shop\/petzl-amd\/\">AMD Screw Lock<\/a> Karabiner (vormontiert) mit <a href=\"https:\/\/bolting.eu\/shop\/petzl-captiv-adjust\/\">Captive<\/a> B\u00fcgel verschlossen<\/li>\n<li>geliefert im praktischen Beutel inkl. durchsichtigem Label H\u00fclle<\/li>\n<li><a href=\"https:\/\/www.petzl.com\/sfc\/servlet.shepherd\/version\/download\/0681r00000BAtRrAAL\">Gebrauchsanleitung<\/a><\/li>\n<\/ul>\n<h3>Gr\u00f6\u00dfen\u00fcbersicht<\/h3>\n<p>Im Folgenden findet ihr eine Tabelle mit allen Gr\u00f6\u00dfen Ma\u00dfen des Avao Industrieklettergurt.<\/p>\n<table width=\"491\">\n<tbody>\n<tr>\n<td style=\"text-align: center;\" width=\"131\"><strong>Art. Nr.<\/strong><\/td>\n<td style=\"text-align: center;\" width=\"120\"><strong>C071AB00<\/strong><\/td>\n<td style=\"text-align: center;\" width=\"120\"><strong>C071AB01<\/strong><\/td>\n<td style=\"text-align: center;\" width=\"120\"><strong>C071AB02<\/strong><\/td>\n<\/tr>\n<tr>\n<td style=\"text-align: center;\"><strong>Farbe(n)<\/strong><\/td>\n<td style=\"text-align: center;\">schwarz\/gelb<\/td>\n<td style=\"text-align: center;\">schwarz\/gelb<\/td>\n<td style=\"text-align: center;\">schwarz\/gelb<\/td>\n<\/tr>\n<tr>\n<td style=\"text-align: center;\"><strong>Gr\u00f6\u00dfe<\/strong><\/td>\n<td style=\"text-align: center;\">0<\/td>\n<td style=\"text-align: center;\">1<\/td>\n<td style=\"text-align: center;\">2<\/td>\n<\/tr>\n<tr>\n<td style=\"text-align: center;\"><strong>Taillenumfang<\/strong><\/td>\n<td style=\"text-align: center;\">65-80 cm<\/td>\n<td style=\"text-align: center;\">70-93 cm<\/td>\n<td style=\"text-align: center;\">83-120 cm<\/td>\n<\/tr>\n<tr>\n<td style=\"text-align: center;\"><strong>Beinschlaufen<\/strong><\/td>\n<td style=\"text-align: center;\">44-59 cm<\/td>\n<td style=\"text-align: center;\">47-62 cm<\/td>\n<td style=\"text-align: center;\">50-65 cm<\/td>\n<\/tr>\n<tr>\n<td style=\"text-align: center;\"><strong>K\u00f6rpergr\u00f6\u00dfe<\/strong><\/td>\n<td style=\"text-align: center;\">160-180 cm<\/td>\n<td style=\"text-align: center;\">165-185 cm<\/td>\n<td style=\"text-align: center;\">175-200 cm<\/td>\n<\/tr>\n<tr>\n<td style=\"text-align: center;\"><strong>Gewicht Gurt<\/strong><\/td>\n<td style=\"text-align: center;\">1720 g<\/td>\n<td style=\"text-align: center;\">1760 g<\/td>\n<td style=\"text-align: center;\">1860 g<\/td>\n<\/tr>\n<\/tbody>\n<\/table>\n<h3>Vorstellungsvideo<\/h3>\n<p>Bilder sagen mehr als 1.000 Worte. Deshalb pr\u00e4sentieren wir euch im Folgenden den Petzl den Avao Bod in einem ausf\u00fchrlichen Video.<\/p>\n<p><iframe loading=\"lazy\" title=\"vimeo-player\" src=\"https:\/\/player.vimeo.com\/video\/1033399110?h=e9065861fe\" width=\"640\" height=\"360\" frameborder=\"0\" allowfullscreen=\"allowfullscreen\"><\/iframe><\/p>\n","protected":false},"excerpt":{"rendered":"<p>DER Industrieklettergurt Klassiker von Petzl. Wurde neu \u00fcberarbeitet und pr\u00e4sentiert sich nun noch leichter und komfortabler.<\/p>\n<p>\u00dcberzeugt zudem durch 3 Aufh\u00e4ngepunkte, seitlichen Positionierungsschnallen, Double-Back Schnallen und guter Bel\u00fcftung.<\/p>\n<p>Versandkostenfrei bis 2kg in <img decoding=\"async\" class=\"emoji\" role=\"img\" draggable=\"false\" src=\"https:\/\/s.w.org\/images\/core\/emoji\/14.0.0\/svg\/1f1e6-1f1f9.svg\" alt=\"\ud83c\udde6\ud83c\uddf9\" \/> ab \u20ac 100,- und <img decoding=\"async\" class=\"emoji\" role=\"img\" draggable=\"false\" src=\"https:\/\/s.w.org\/images\/core\/emoji\/14.0.0\/svg\/1f1e9-1f1ea.svg\" alt=\"\ud83c\udde9\ud83c\uddea\" \/> ab \u20ac 200,-!<\/p>\n","protected":false},"featured_media":33070,"comment_status":"open","ping_status":"closed","template":"","meta":[],"product_brand":[],"product_cat":[14513,14689,14093],"product_tag":[],"class_list":{"0":"post-9253","1":"product","2":"type-product","3":"status-publish","4":"has-post-thumbnail","6":"product_cat-industriekletter-ausruestung","7":"product_cat-industrieklettergurt","8":"product_cat-petzl","10":"first","11":"instock","12":"sale","13":"taxable","14":"shipping-taxable","15":"purchasable","16":"product-type-variable"},"yoast_head":"<!-- This site is optimized with the Yoast SEO Premium plugin v26.9 (Yoast SEO v26.9) - https:\/\/yoast.com\/product\/yoast-seo-premium-wordpress\/ -->\n<title>Petzl Avao europ\u00e4ische Ausf\u00fchrung Industrieklettergurt | bolting.eu<\/title>\n<meta name=\"description\" content=\"Petzl Avao europ\u00e4ische Ausf\u00fchrung beim Industriekletter Profi kaufen \u2705 Trusted Shop \u2705 kostenloser Versand* \u2705 14 Tage R\u00fcckgaberecht \u2705 Co2 neutrale Zustellung\" \/>\n<meta name=\"robots\" content=\"index, follow, max-snippet:-1, max-image-preview:large, max-video-preview:-1\" \/>\n<link rel=\"canonical\" href=\"https:\/\/bolting.eu\/en\/shop\/petzl-avao-europaeische-ausfuehrung\/\" \/>\n<meta property=\"og:locale\" content=\"en_US\" \/>\n<meta property=\"og:type\" content=\"article\" \/>\n<meta property=\"og:title\" content=\"Petzl Avao europ\u00e4ische Ausf\u00fchrung\" \/>\n<meta property=\"og:description\" content=\"Petzl Avao europ\u00e4ische Ausf\u00fchrung beim Industriekletter Profi kaufen \u2705 Trusted Shop \u2705 kostenloser Versand* \u2705 14 Tage R\u00fcckgaberecht \u2705 Co2 neutrale Zustellung\" \/>\n<meta property=\"og:url\" content=\"https:\/\/bolting.eu\/en\/shop\/petzl-avao-europaeische-ausfuehrung\/\" \/>\n<meta property=\"og:site_name\" content=\"bolting.eu\" \/>\n<meta property=\"article:publisher\" content=\"https:\/\/www.facebook.com\/bolting.eu\" \/>\n<meta property=\"article:modified_time\" content=\"2026-01-21T16:01:27+00:00\" \/>\n<meta property=\"og:image\" content=\"https:\/\/bolting.eu\/wp-content\/uploads\/2021\/07\/Petzl-Avao-europaeische-Ausfuehrung-1.jpg\" \/>\n\t<meta property=\"og:image:width\" content=\"700\" \/>\n\t<meta property=\"og:image:height\" content=\"700\" \/>\n\t<meta property=\"og:image:type\" content=\"image\/jpeg\" \/>\n<meta name=\"twitter:card\" content=\"summary_large_image\" \/>\n<meta name=\"twitter:label1\" content=\"Availability\" \/>\n\t<meta name=\"twitter:data1\" content=\"In stock\" \/>\n<script type=\"application\/ld+json\" class=\"yoast-schema-graph\">{\"@context\":\"https:\/\/schema.org\",\"@graph\":[{\"@type\":[\"WebPage\",\"ItemPage\"],\"@id\":\"https:\/\/bolting.eu\/en\/shop\/petzl-avao-europaeische-ausfuehrung\/\",\"url\":\"https:\/\/bolting.eu\/en\/shop\/petzl-avao-europaeische-ausfuehrung\/\",\"name\":\"Petzl Avao europ\u00e4ische Ausf\u00fchrung Industrieklettergurt | bolting.eu\",\"isPartOf\":{\"@id\":\"https:\/\/bolting.eu\/en\/#website\"},\"primaryImageOfPage\":{\"@id\":\"https:\/\/bolting.eu\/en\/shop\/petzl-avao-europaeische-ausfuehrung\/#primaryimage\"},\"image\":{\"@id\":\"https:\/\/bolting.eu\/en\/shop\/petzl-avao-europaeische-ausfuehrung\/#primaryimage\"},\"thumbnailUrl\":\"https:\/\/bolting.eu\/wp-content\/uploads\/2021\/07\/Petzl-Avao-europaeische-Ausfuehrung-1.jpg\",\"datePublished\":\"2021-07-14T09:56:22+00:00\",\"dateModified\":\"2026-01-21T16:01:27+00:00\",\"description\":\"Petzl Avao europ\u00e4ische Ausf\u00fchrung beim Industriekletter Profi kaufen \u2705 Trusted Shop \u2705 kostenloser Versand* \u2705 14 Tage R\u00fcckgaberecht \u2705 Co2 neutrale Zustellung\",\"breadcrumb\":{\"@id\":\"https:\/\/bolting.eu\/en\/shop\/petzl-avao-europaeische-ausfuehrung\/#breadcrumb\"},\"inLanguage\":\"en-US\",\"potentialAction\":[{\"@type\":\"ReadAction\",\"target\":[\"https:\/\/bolting.eu\/en\/shop\/petzl-avao-europaeische-ausfuehrung\/\"]}]},{\"@type\":\"ImageObject\",\"inLanguage\":\"en-US\",\"@id\":\"https:\/\/bolting.eu\/en\/shop\/petzl-avao-europaeische-ausfuehrung\/#primaryimage\",\"url\":\"https:\/\/bolting.eu\/wp-content\/uploads\/2021\/07\/Petzl-Avao-europaeische-Ausfuehrung-1.jpg\",\"contentUrl\":\"https:\/\/bolting.eu\/wp-content\/uploads\/2021\/07\/Petzl-Avao-europaeische-Ausfuehrung-1.jpg\",\"width\":700,\"height\":700,\"caption\":\"Schwarzer Petzl Avao Industrieklettergurt europ\u00e4ischer Ausf\u00fchrung vertikal aufgespannt von vorne.\"},{\"@type\":\"BreadcrumbList\",\"@id\":\"https:\/\/bolting.eu\/en\/shop\/petzl-avao-europaeische-ausfuehrung\/#breadcrumb\",\"itemListElement\":[{\"@type\":\"ListItem\",\"position\":1,\"name\":\"Shop\",\"item\":\"https:\/\/bolting.eu\/en\/shop\/\"},{\"@type\":\"ListItem\",\"position\":2,\"name\":\"Industrial climbing gear\",\"item\":\"https:\/\/bolting.eu\/en\/produkt-kategorie\/industrial-climbing-gear\/\"},{\"@type\":\"ListItem\",\"position\":3,\"name\":\"Industrieklettergurt\",\"item\":\"https:\/\/bolting.eu\/produkt-kategorie\/industriekletter-ausruestung\/industrieklettergurt\/\"},{\"@type\":\"ListItem\",\"position\":4,\"name\":\"Petzl Avao europ\u00e4ische Ausf\u00fchrung\"}]},{\"@type\":\"WebSite\",\"@id\":\"https:\/\/bolting.eu\/en\/#website\",\"url\":\"https:\/\/bolting.eu\/en\/\",\"name\":\"bolting.eu\",\"description\":\"we make climbs happen\",\"publisher\":{\"@id\":\"https:\/\/bolting.eu\/en\/#organization\"},\"potentialAction\":[{\"@type\":\"SearchAction\",\"target\":{\"@type\":\"EntryPoint\",\"urlTemplate\":\"https:\/\/bolting.eu\/en\/?s={search_term_string}\"},\"query-input\":{\"@type\":\"PropertyValueSpecification\",\"valueRequired\":true,\"valueName\":\"search_term_string\"}}],\"inLanguage\":\"en-US\"},{\"@type\":[\"Organization\",\"Place\",\"SportingGoodsStore\"],\"@id\":\"https:\/\/bolting.eu\/en\/#organization\",\"name\":\"bolting.eu\",\"url\":\"https:\/\/bolting.eu\/en\/\",\"logo\":{\"@id\":\"https:\/\/bolting.eu\/en\/shop\/petzl-avao-europaeische-ausfuehrung\/#local-main-organization-logo\"},\"image\":{\"@id\":\"https:\/\/bolting.eu\/en\/shop\/petzl-avao-europaeische-ausfuehrung\/#local-main-organization-logo\"},\"sameAs\":[\"https:\/\/www.facebook.com\/bolting.eu\",\"https:\/\/www.instagram.com\/bolting.eu\/\"],\"address\":{\"@id\":\"https:\/\/bolting.eu\/en\/shop\/petzl-avao-europaeische-ausfuehrung\/#local-main-place-address\"},\"geo\":{\"@type\":\"GeoCoordinates\",\"latitude\":\"47.264176340396226\",\"longitude\":\"11.380109057672346\"},\"telephone\":[\"+43 699 19083372\"],\"openingHoursSpecification\":[{\"@type\":\"OpeningHoursSpecification\",\"dayOfWeek\":[\"Monday\",\"Wednesday\",\"Friday\"],\"opens\":\"14:00\",\"closes\":\"18:00\"},{\"@type\":\"OpeningHoursSpecification\",\"dayOfWeek\":[\"Tuesday\",\"Thursday\",\"Saturday\",\"Sunday\"],\"opens\":\"00:00\",\"closes\":\"00:00\"}],\"email\":\"office@bolting.eu\",\"vatID\":\"ATU59999728\",\"priceRange\":\"$$\",\"currenciesAccepted\":\"Euro\"},{\"@type\":\"PostalAddress\",\"@id\":\"https:\/\/bolting.eu\/en\/shop\/petzl-avao-europaeische-ausfuehrung\/#local-main-place-address\",\"streetAddress\":\"Fischnalerstra\u00dfe 4\",\"addressLocality\":\"Innsbruck\",\"postalCode\":\"6020\",\"addressRegion\":\"Tirol\",\"addressCountry\":\"AT\"},{\"@type\":\"ImageObject\",\"inLanguage\":\"en-US\",\"@id\":\"https:\/\/bolting.eu\/en\/shop\/petzl-avao-europaeische-ausfuehrung\/#local-main-organization-logo\",\"url\":\"https:\/\/bolting.eu\/wp-content\/uploads\/2019\/09\/bolting-logo.png\",\"contentUrl\":\"https:\/\/bolting.eu\/wp-content\/uploads\/2019\/09\/bolting-logo.png\",\"width\":400,\"height\":211,\"caption\":\"bolting.eu\"}]}<\/script>\n<meta property=\"og:video\" content=\"https:\/\/player.vimeo.com\/video\/1033399110\" \/>\n<meta property=\"og:video:type\" content=\"text\/html\" \/>\n<meta property=\"og:video:duration\" content=\"173\" \/>\n<meta property=\"og:video:width\" content=\"3840\" \/>\n<meta property=\"og:video:height\" content=\"2160\" \/>\n<meta property=\"ya:ovs:adult\" content=\"false\" \/>\n<meta property=\"ya:ovs:upload_date\" content=\"2021-07-14T09:56:22+00:00\" \/>\n<meta property=\"ya:ovs:allow_embed\" content=\"true\" \/>\n<meta property=\"og:availability\" content=\"instock\" \/>\n<meta property=\"product:availability\" content=\"instock\" \/>\n<meta property=\"product:condition\" content=\"new\" \/>\n<meta name=\"geo.placename\" content=\"Innsbruck\" \/>\n<meta name=\"geo.position\" content=\"47.264176340396226;11.380109057672346\" \/>\n<meta name=\"geo.region\" content=\"Austria\" \/>\n<!-- \/ Yoast SEO Premium plugin. -->","yoast_head_json":{"title":"Petzl Avao europ\u00e4ische Ausf\u00fchrung Industrieklettergurt | bolting.eu","description":"Petzl Avao europ\u00e4ische Ausf\u00fchrung beim Industriekletter Profi kaufen \u2705 Trusted Shop \u2705 kostenloser Versand* \u2705 14 Tage R\u00fcckgaberecht \u2705 Co2 neutrale Zustellung","robots":{"index":"index","follow":"follow","max-snippet":"max-snippet:-1","max-image-preview":"max-image-preview:large","max-video-preview":"max-video-preview:-1"},"canonical":"https:\/\/bolting.eu\/en\/shop\/petzl-avao-europaeische-ausfuehrung\/","og_locale":"en_US","og_type":"article","og_title":"Petzl Avao europ\u00e4ische Ausf\u00fchrung","og_description":"Petzl Avao europ\u00e4ische Ausf\u00fchrung beim Industriekletter Profi kaufen \u2705 Trusted Shop \u2705 kostenloser Versand* \u2705 14 Tage R\u00fcckgaberecht \u2705 Co2 neutrale Zustellung","og_url":"https:\/\/bolting.eu\/en\/shop\/petzl-avao-europaeische-ausfuehrung\/","og_site_name":"bolting.eu","article_publisher":"https:\/\/www.facebook.com\/bolting.eu","article_modified_time":"2026-01-21T16:01:27+00:00","og_image":[{"width":700,"height":700,"url":"https:\/\/bolting.eu\/wp-content\/uploads\/2021\/07\/Petzl-Avao-europaeische-Ausfuehrung-1.jpg","type":"image\/jpeg"}],"twitter_card":"summary_large_image","twitter_misc":{"Availability":"In stock"},"schema":{"@context":"https:\/\/schema.org","@graph":[{"@type":["WebPage","ItemPage"],"@id":"https:\/\/bolting.eu\/en\/shop\/petzl-avao-europaeische-ausfuehrung\/","url":"https:\/\/bolting.eu\/en\/shop\/petzl-avao-europaeische-ausfuehrung\/","name":"Petzl Avao europ\u00e4ische Ausf\u00fchrung Industrieklettergurt | bolting.eu","isPartOf":{"@id":"https:\/\/bolting.eu\/en\/#website"},"primaryImageOfPage":{"@id":"https:\/\/bolting.eu\/en\/shop\/petzl-avao-europaeische-ausfuehrung\/#primaryimage"},"image":{"@id":"https:\/\/bolting.eu\/en\/shop\/petzl-avao-europaeische-ausfuehrung\/#primaryimage"},"thumbnailUrl":"https:\/\/bolting.eu\/wp-content\/uploads\/2021\/07\/Petzl-Avao-europaeische-Ausfuehrung-1.jpg","datePublished":"2021-07-14T09:56:22+00:00","dateModified":"2026-01-21T16:01:27+00:00","description":"Petzl Avao europ\u00e4ische Ausf\u00fchrung beim Industriekletter Profi kaufen \u2705 Trusted Shop \u2705 kostenloser Versand* \u2705 14 Tage R\u00fcckgaberecht \u2705 Co2 neutrale Zustellung","breadcrumb":{"@id":"https:\/\/bolting.eu\/en\/shop\/petzl-avao-europaeische-ausfuehrung\/#breadcrumb"},"inLanguage":"en-US","potentialAction":[{"@type":"ReadAction","target":["https:\/\/bolting.eu\/en\/shop\/petzl-avao-europaeische-ausfuehrung\/"]}]},{"@type":"ImageObject","inLanguage":"en-US","@id":"https:\/\/bolting.eu\/en\/shop\/petzl-avao-europaeische-ausfuehrung\/#primaryimage","url":"https:\/\/bolting.eu\/wp-content\/uploads\/2021\/07\/Petzl-Avao-europaeische-Ausfuehrung-1.jpg","contentUrl":"https:\/\/bolting.eu\/wp-content\/uploads\/2021\/07\/Petzl-Avao-europaeische-Ausfuehrung-1.jpg","width":700,"height":700,"caption":"Schwarzer Petzl Avao Industrieklettergurt europ\u00e4ischer Ausf\u00fchrung vertikal aufgespannt von vorne."},{"@type":"BreadcrumbList","@id":"https:\/\/bolting.eu\/en\/shop\/petzl-avao-europaeische-ausfuehrung\/#breadcrumb","itemListElement":[{"@type":"ListItem","position":1,"name":"Shop","item":"https:\/\/bolting.eu\/en\/shop\/"},{"@type":"ListItem","position":2,"name":"Industrial climbing gear","item":"https:\/\/bolting.eu\/en\/produkt-kategorie\/industrial-climbing-gear\/"},{"@type":"ListItem","position":3,"name":"Industrieklettergurt","item":"https:\/\/bolting.eu\/produkt-kategorie\/industriekletter-ausruestung\/industrieklettergurt\/"},{"@type":"ListItem","position":4,"name":"Petzl Avao europ\u00e4ische Ausf\u00fchrung"}]},{"@type":"WebSite","@id":"https:\/\/bolting.eu\/en\/#website","url":"https:\/\/bolting.eu\/en\/","name":"bolting.eu","description":"we make climbs happen","publisher":{"@id":"https:\/\/bolting.eu\/en\/#organization"},"potentialAction":[{"@type":"SearchAction","target":{"@type":"EntryPoint","urlTemplate":"https:\/\/bolting.eu\/en\/?s={search_term_string}"},"query-input":{"@type":"PropertyValueSpecification","valueRequired":true,"valueName":"search_term_string"}}],"inLanguage":"en-US"},{"@type":["Organization","Place","SportingGoodsStore"],"@id":"https:\/\/bolting.eu\/en\/#organization","name":"bolting.eu","url":"https:\/\/bolting.eu\/en\/","logo":{"@id":"https:\/\/bolting.eu\/en\/shop\/petzl-avao-europaeische-ausfuehrung\/#local-main-organization-logo"},"image":{"@id":"https:\/\/bolting.eu\/en\/shop\/petzl-avao-europaeische-ausfuehrung\/#local-main-organization-logo"},"sameAs":["https:\/\/www.facebook.com\/bolting.eu","https:\/\/www.instagram.com\/bolting.eu\/"],"address":{"@id":"https:\/\/bolting.eu\/en\/shop\/petzl-avao-europaeische-ausfuehrung\/#local-main-place-address"},"geo":{"@type":"GeoCoordinates","latitude":"47.264176340396226","longitude":"11.380109057672346"},"telephone":["+43 699 19083372"],"openingHoursSpecification":[{"@type":"OpeningHoursSpecification","dayOfWeek":["Monday","Wednesday","Friday"],"opens":"14:00","closes":"18:00"},{"@type":"OpeningHoursSpecification","dayOfWeek":["Tuesday","Thursday","Saturday","Sunday"],"opens":"00:00","closes":"00:00"}],"email":"office@bolting.eu","vatID":"ATU59999728","priceRange":"$$","currenciesAccepted":"Euro"},{"@type":"PostalAddress","@id":"https:\/\/bolting.eu\/en\/shop\/petzl-avao-europaeische-ausfuehrung\/#local-main-place-address","streetAddress":"Fischnalerstra\u00dfe 4","addressLocality":"Innsbruck","postalCode":"6020","addressRegion":"Tirol","addressCountry":"AT"},{"@type":"ImageObject","inLanguage":"en-US","@id":"https:\/\/bolting.eu\/en\/shop\/petzl-avao-europaeische-ausfuehrung\/#local-main-organization-logo","url":"https:\/\/bolting.eu\/wp-content\/uploads\/2019\/09\/bolting-logo.png","contentUrl":"https:\/\/bolting.eu\/wp-content\/uploads\/2019\/09\/bolting-logo.png","width":400,"height":211,"caption":"bolting.eu"}]},"og_video":"https:\/\/player.vimeo.com\/video\/1033399110","og_video_type":"text\/html","og_video_duration":"173","og_video_width":"3840","og_video_height":"2160","ya_ovs_adult":"false","ya_ovs_upload_date":"2021-07-14T09:56:22+00:00","ya_ovs_allow_embed":"true","og_availability":"instock","product_availability":"instock","product_condition":"new","geo.placename":"Innsbruck","geo.position":{"lat":"47.264176340396226","long":"11.380109057672346"},"geo.region":"Austria"},"_links":{"self":[{"href":"https:\/\/bolting.eu\/en\/wp-json\/wp\/v2\/product\/9253","targetHints":{"allow":["GET"]}}],"collection":[{"href":"https:\/\/bolting.eu\/en\/wp-json\/wp\/v2\/product"}],"about":[{"href":"https:\/\/bolting.eu\/en\/wp-json\/wp\/v2\/types\/product"}],"replies":[{"embeddable":true,"href":"https:\/\/bolting.eu\/en\/wp-json\/wp\/v2\/comments?post=9253"}],"wp:featuredmedia":[{"embeddable":true,"href":"https:\/\/bolting.eu\/en\/wp-json\/wp\/v2\/media\/33070"}],"wp:attachment":[{"href":"https:\/\/bolting.eu\/en\/wp-json\/wp\/v2\/media?parent=9253"}],"wp:term":[{"taxonomy":"product_brand","embeddable":true,"href":"https:\/\/bolting.eu\/en\/wp-json\/wp\/v2\/product_brand?post=9253"},{"taxonomy":"product_cat","embeddable":true,"href":"https:\/\/bolting.eu\/en\/wp-json\/wp\/v2\/product_cat?post=9253"},{"taxonomy":"product_tag","embeddable":true,"href":"https:\/\/bolting.eu\/en\/wp-json\/wp\/v2\/product_tag?post=9253"}],"curies":[{"name":"wp","href":"https:\/\/api.w.org\/{rel}","templated":true}]}}