{"id":9223,"date":"2021-07-13T14:49:43","date_gmt":"2021-07-13T12:49:43","guid":{"rendered":"https:\/\/bolting.eu\/?post_type=product&#038;p=9223"},"modified":"2026-04-08T19:56:15","modified_gmt":"2026-04-08T17:56:15","slug":"petzl-reverso","status":"publish","type":"product","link":"https:\/\/bolting.eu\/en\/shop\/petzl-reverso\/","title":{"rendered":"Petzl Reverso"},"content":{"rendered":"<p>Das Petzl Reverso ist ein <a href=\"https:\/\/bolting.eu\/produkt-kategorie\/kletterausruestung\/sicherungsgeraete-klettern\/\">Sicherungsger\u00e4t<\/a> f\u00fcr Einzelseile und Doppelseile \/ Halbseile. Besonders beliebt ist es bei Mehrseill\u00e4ngen. Denn das Reverso hat eine automatische Blockierfunktion wenn ein Nachsteiger gesichert wird.<\/p>\n<p>Was das Reverso zudem auszeichnet sind diese Features. Erstens ein geringes Gewicht. Denn es wiegt gerade einmal 57 Gramm. Zweitens hat das Reverso ein super Handling. Und dies sowohl bei Einzelseilen als auch bei Doppelseilen.<\/p>\n<p>Drittens hat es eben die automatische Blockierfunktion beim Sichern im Nachstieg. Und viertens ist es ein super angenehmes Abseilger\u00e4t um auch wieder sicher auf den Boden zu kommen.<\/p>\n<h2>Eigenschaften Petzl Reverso<\/h2>\n<ul>\n<li>Hersteller: Petzl<\/li>\n<li>Material: Alu<\/li>\n<li>Gewicht: 57 Gramm<\/li>\n<li>Normen: EN 15151<\/li>\n<li>Farben: Grau, Gr\u00fcn, Rot<\/li>\n<li>vielseitiges und leichtes Sicherungs- und Abseilger\u00e4t<\/li>\n<li>zu verwenden mit einem oder zwei Seilstr\u00e4ngen<\/li>\n<li>Einfachseile von 8,5 &#8211; 10,5mm<\/li>\n<li>Halbseile 7,1 &#8211; 9,2mm<\/li>\n<li>Doppelseile 6,9 &#8211; 9,2mm<\/li>\n<li>&#8220;Reverso Modus&#8221; zum Sichern von 1 oder 2 Nachsteigern<\/li>\n<li>autom. Blockierfunktion beim Sichern von Nachsteiger(n)<\/li>\n<li><a href=\"https:\/\/www.petzl.com\/sfc\/servlet.shepherd\/version\/download\/0681r00000BHDpNAAX\" target=\"_blank\" rel=\"noopener\">Gebrauchsanleitung<\/a><\/li>\n<\/ul>\n<h3>Geschichte des Petzl Reverso<\/h3>\n<p>Ohhh Mann, was waren das noch f\u00fcr Zeiten! Bis in die 1990er Jahre wurde n\u00e4mlich alpin mit <a href=\"https:\/\/bolting.eu\/produkt-kategorie\/kletterausruestung\/karabiner-kletterkarabiner\/hms-karabiner\/\">HMS Karabiner<\/a>, diversen Platten-Karabiner Kombinationen oder sogar nur mit Achter gesichert.<\/p>\n<p>Dann kann das erste Reverso auf den Markt und revolutionierte das Mehrseill\u00e4ngen Klettern. Denn dieses Sicherungsger\u00e4t war das erste, welches eine automatische Blockierfunktion beim Sichern im Nachstieg bot. WAS f\u00fcr eine Erleichterung!<\/p>\n<p>Was als relativ gro\u00dfes, silbernes Metallteil um die 110 Gramm begann, ist heute ein optimiertes Modell in der bereits 4. Generation.<\/p>\n<p>Dabei ist das Petzl Reverso stetig kleiner und auch leichter geworden. M\u00f6glich gemacht haben das neue Fertigungstechniken und CNC Maschinen. Somit d\u00fcrfen wir uns heute bei weniger Gewicht \u00fcber noch mehr Funktion und bestes Handling freuen.<\/p>\n<h3>Kern Funktion &#8211; automatische Blockierfunktion<\/h3>\n<p>Sicherlich DAS Haupt Feature des Petzl Reverso ist seine automatische Blockierfunktion beim Sichern im Nachstieg.<\/p>\n<p>Diese wird sowohl bei einem als auch bei zwei Nachsteigern aktiviert. Diese Funktion ist eine enorme Erleichterung f\u00fcr den Kletterer am Stand. Denn man muss dann das Seil nicht st\u00e4ndig blockieren. Das macht die Schwerkraft f\u00fcr einen.<\/p>\n<p><a href=\"https:\/\/bolting.eu\/wp-content\/uploads\/2021\/07\/Petzl-Reverso-Blockierfunktion.jpg\"><img loading=\"lazy\" decoding=\"async\" class=\"alignnone size-full wp-image-9230\" src=\"https:\/\/bolting.eu\/wp-content\/uploads\/2021\/07\/Petzl-Reverso-Blockierfunktion.jpg\" alt=\"DAs Bild zeigt eine Grafik zur Erkl\u00e4rung eines Tuber Sicherungsger\u00e4tes.\" width=\"1024\" height=\"707\" srcset=\"https:\/\/bolting.eu\/wp-content\/uploads\/2021\/07\/Petzl-Reverso-Blockierfunktion.jpg 1024w, https:\/\/bolting.eu\/wp-content\/uploads\/2021\/07\/Petzl-Reverso-Blockierfunktion-510x352.jpg 510w, https:\/\/bolting.eu\/wp-content\/uploads\/2021\/07\/Petzl-Reverso-Blockierfunktion-579x400.jpg 579w, https:\/\/bolting.eu\/wp-content\/uploads\/2021\/07\/Petzl-Reverso-Blockierfunktion-768x530.jpg 768w, https:\/\/bolting.eu\/wp-content\/uploads\/2021\/07\/Petzl-Reverso-Blockierfunktion-600x414.jpg 600w\" sizes=\"auto, (max-width: 1024px) 100vw, 1024px\" \/><\/a><\/p>\n<h3>Achtung beim Ablassen im Nachstiegsmodus<\/h3>\n<p>Unter bestimmten Umst\u00e4nden m\u00f6chte man die automatische Blockierfunktion des Petzl Reverso wieder l\u00f6sen. Beispielsweise wenn man den Nachsteiger von einem \u00dcberhang bis auf ein Band ablassen will.<\/p>\n<p>Hier ist extreme Vorsicht geboten. Denn mittlerweile haben sich dabei sehr schwere Unf\u00e4lle ereignet! Deshalb m\u00fcsst ihr diesen Vorgang ordentlich \u00fcben.<\/p>\n<p><a href=\"https:\/\/bolting.eu\/wp-content\/uploads\/2021\/07\/Petzl-Reverso-Lo\u0308sen-Blockierfunktion.jpg\"><img loading=\"lazy\" decoding=\"async\" class=\"alignnone size-full wp-image-9231\" src=\"https:\/\/bolting.eu\/wp-content\/uploads\/2021\/07\/Petzl-Reverso-Lo\u0308sen-Blockierfunktion.jpg\" alt=\"Das Bild zeigt eine Grafik, in welcher das L\u00f6sen der Blockierfunktion des Petzl Reverso in drei Abbildungen erkl\u00e4rt wird.\" width=\"1024\" height=\"546\" srcset=\"https:\/\/bolting.eu\/wp-content\/uploads\/2021\/07\/Petzl-Reverso-Lo\u0308sen-Blockierfunktion.jpg 1024w, https:\/\/bolting.eu\/wp-content\/uploads\/2021\/07\/Petzl-Reverso-Lo\u0308sen-Blockierfunktion-510x272.jpg 510w, https:\/\/bolting.eu\/wp-content\/uploads\/2021\/07\/Petzl-Reverso-Lo\u0308sen-Blockierfunktion-750x400.jpg 750w, https:\/\/bolting.eu\/wp-content\/uploads\/2021\/07\/Petzl-Reverso-Lo\u0308sen-Blockierfunktion-768x410.jpg 768w, https:\/\/bolting.eu\/wp-content\/uploads\/2021\/07\/Petzl-Reverso-Lo\u0308sen-Blockierfunktion-600x320.jpg 600w\" sizes=\"auto, (max-width: 1024px) 100vw, 1024px\" \/><\/a><\/p>\n<p>&nbsp;<\/p>\n","protected":false},"excerpt":{"rendered":"<p>Vielseitiges und leichtes Sicherungs- und Abseilger\u00e4t. Sicher das beliebteste Universal Modell am Markt!<\/p>\n<ul>\n<li>Einfachseile von 8,5 &#8211; 10,5mm<\/li>\n<li>Halbseile 7,1 &#8211; 9,2mm<\/li>\n<li>Doppelseile 6,9 &#8211; 9,2mm<\/li>\n<li>autom. Blockierfunktion beim Sichern von Nachsteiger(n)<\/li>\n<\/ul>\n<div class=\"product-short-description\">\n<p>Versandkostenfrei bis 2kg in <img decoding=\"async\" class=\"emoji\" role=\"img\" draggable=\"false\" src=\"https:\/\/s.w.org\/images\/core\/emoji\/13.1.0\/svg\/1f1e6-1f1f9.svg\" alt=\"\ud83c\udde6\ud83c\uddf9\" \/> ab \u20ac 100,- und <img decoding=\"async\" class=\"emoji\" role=\"img\" draggable=\"false\" src=\"https:\/\/s.w.org\/images\/core\/emoji\/13.1.0\/svg\/1f1e9-1f1ea.svg\" alt=\"\ud83c\udde9\ud83c\uddea\" \/> ab \u20ac 200,-!<\/p>\n<\/div>\n","protected":false},"featured_media":9229,"comment_status":"open","ping_status":"closed","template":"","meta":[],"product_brand":[],"product_cat":[14447,29,14093,3711],"product_tag":[],"class_list":{"0":"post-9223","1":"product","2":"type-product","3":"status-publish","4":"has-post-thumbnail","6":"product_cat-abseilgeraete","7":"product_cat-kletterausruestung","8":"product_cat-petzl","9":"product_cat-sicherungsgeraete-klettern","11":"first","12":"instock","13":"sale","14":"taxable","15":"shipping-taxable","16":"purchasable","17":"product-type-variable"},"yoast_head":"<!-- This site is optimized with the Yoast SEO Premium plugin v26.9 (Yoast SEO v26.9) - https:\/\/yoast.com\/product\/yoast-seo-premium-wordpress\/ -->\n<title>Petzl Reverso: Sicherungs- und Abseilger\u00e4t online kaufen | bolting.eu<\/title>\n<meta name=\"description\" content=\"Hier findest Du das PETZL REVERSO. Ein Sicherungs- und Abseilger\u00e4t f\u00fcr Einfach-, Doppel- und Halbseile mit Nachsteiger Blockierfunktion!\" \/>\n<meta name=\"robots\" content=\"index, follow, max-snippet:-1, max-image-preview:large, max-video-preview:-1\" \/>\n<link rel=\"canonical\" href=\"https:\/\/bolting.eu\/en\/shop\/petzl-reverso\/\" \/>\n<meta property=\"og:locale\" content=\"en_US\" \/>\n<meta property=\"og:type\" content=\"article\" \/>\n<meta property=\"og:title\" content=\"Petzl Reverso\" \/>\n<meta property=\"og:description\" content=\"Hier findest Du das PETZL REVERSO. Ein Sicherungs- und Abseilger\u00e4t f\u00fcr Einfach-, Doppel- und Halbseile mit Nachsteiger Blockierfunktion!\" \/>\n<meta property=\"og:url\" content=\"https:\/\/bolting.eu\/en\/shop\/petzl-reverso\/\" \/>\n<meta property=\"og:site_name\" content=\"bolting.eu\" \/>\n<meta property=\"article:publisher\" content=\"https:\/\/www.facebook.com\/bolting.eu\" \/>\n<meta property=\"article:modified_time\" content=\"2026-04-08T17:56:15+00:00\" \/>\n<meta property=\"og:image\" content=\"https:\/\/bolting.eu\/wp-content\/uploads\/2021\/07\/Petzl-Reverso-1.jpeg\" \/>\n\t<meta property=\"og:image:width\" content=\"700\" \/>\n\t<meta property=\"og:image:height\" content=\"700\" \/>\n\t<meta property=\"og:image:type\" content=\"image\/jpeg\" \/>\n<meta name=\"twitter:card\" content=\"summary_large_image\" \/>\n<meta name=\"twitter:label1\" content=\"Availability\" \/>\n\t<meta name=\"twitter:data1\" content=\"In stock\" \/>\n<script type=\"application\/ld+json\" class=\"yoast-schema-graph\">{\"@context\":\"https:\/\/schema.org\",\"@graph\":[{\"@type\":[\"WebPage\",\"ItemPage\"],\"@id\":\"https:\/\/bolting.eu\/en\/shop\/petzl-reverso\/\",\"url\":\"https:\/\/bolting.eu\/en\/shop\/petzl-reverso\/\",\"name\":\"Petzl Reverso: Sicherungs- und Abseilger\u00e4t online kaufen | bolting.eu\",\"isPartOf\":{\"@id\":\"https:\/\/bolting.eu\/en\/#website\"},\"primaryImageOfPage\":{\"@id\":\"https:\/\/bolting.eu\/en\/shop\/petzl-reverso\/#primaryimage\"},\"image\":{\"@id\":\"https:\/\/bolting.eu\/en\/shop\/petzl-reverso\/#primaryimage\"},\"thumbnailUrl\":\"https:\/\/bolting.eu\/wp-content\/uploads\/2021\/07\/Petzl-Reverso-1.jpeg\",\"datePublished\":\"2021-07-13T12:49:43+00:00\",\"dateModified\":\"2026-04-08T17:56:15+00:00\",\"description\":\"Hier findest Du das PETZL REVERSO. Ein Sicherungs- und Abseilger\u00e4t f\u00fcr Einfach-, Doppel- und Halbseile mit Nachsteiger Blockierfunktion!\",\"breadcrumb\":{\"@id\":\"https:\/\/bolting.eu\/en\/shop\/petzl-reverso\/#breadcrumb\"},\"inLanguage\":\"en-US\",\"potentialAction\":[{\"@type\":\"ReadAction\",\"target\":[\"https:\/\/bolting.eu\/en\/shop\/petzl-reverso\/\"]}]},{\"@type\":\"ImageObject\",\"inLanguage\":\"en-US\",\"@id\":\"https:\/\/bolting.eu\/en\/shop\/petzl-reverso\/#primaryimage\",\"url\":\"https:\/\/bolting.eu\/wp-content\/uploads\/2021\/07\/Petzl-Reverso-1.jpeg\",\"contentUrl\":\"https:\/\/bolting.eu\/wp-content\/uploads\/2021\/07\/Petzl-Reverso-1.jpeg\",\"width\":700,\"height\":700,\"caption\":\"Das Bild zeigt das Petzl Reverso Sicherungsger\u00e4t in der Farbe grau von schr\u00e4g oben. MAn erkennt die beiden Sicherungsrillen, das wei\u00dfe Logo, die eigravierten Symbole sowie die Absturzsicherung.\"},{\"@type\":\"BreadcrumbList\",\"@id\":\"https:\/\/bolting.eu\/en\/shop\/petzl-reverso\/#breadcrumb\",\"itemListElement\":[{\"@type\":\"ListItem\",\"position\":1,\"name\":\"Shop\",\"item\":\"https:\/\/bolting.eu\/en\/shop\/\"},{\"@type\":\"ListItem\",\"position\":2,\"name\":\"climbing equipment\",\"item\":\"https:\/\/bolting.eu\/en\/produkt-kategorie\/climbing-equipment\/\"},{\"@type\":\"ListItem\",\"position\":3,\"name\":\"Sicherungsger\u00e4te Klettern\",\"item\":\"https:\/\/bolting.eu\/produkt-kategorie\/kletterausruestung\/sicherungsgeraete-klettern\/\"},{\"@type\":\"ListItem\",\"position\":4,\"name\":\"Petzl Reverso\"}]},{\"@type\":\"WebSite\",\"@id\":\"https:\/\/bolting.eu\/en\/#website\",\"url\":\"https:\/\/bolting.eu\/en\/\",\"name\":\"bolting.eu\",\"description\":\"we make climbs happen\",\"publisher\":{\"@id\":\"https:\/\/bolting.eu\/en\/#organization\"},\"potentialAction\":[{\"@type\":\"SearchAction\",\"target\":{\"@type\":\"EntryPoint\",\"urlTemplate\":\"https:\/\/bolting.eu\/en\/?s={search_term_string}\"},\"query-input\":{\"@type\":\"PropertyValueSpecification\",\"valueRequired\":true,\"valueName\":\"search_term_string\"}}],\"inLanguage\":\"en-US\"},{\"@type\":[\"Organization\",\"Place\",\"SportingGoodsStore\"],\"@id\":\"https:\/\/bolting.eu\/en\/#organization\",\"name\":\"bolting.eu\",\"url\":\"https:\/\/bolting.eu\/en\/\",\"logo\":{\"@id\":\"https:\/\/bolting.eu\/en\/shop\/petzl-reverso\/#local-main-organization-logo\"},\"image\":{\"@id\":\"https:\/\/bolting.eu\/en\/shop\/petzl-reverso\/#local-main-organization-logo\"},\"sameAs\":[\"https:\/\/www.facebook.com\/bolting.eu\",\"https:\/\/www.instagram.com\/bolting.eu\/\"],\"address\":{\"@id\":\"https:\/\/bolting.eu\/en\/shop\/petzl-reverso\/#local-main-place-address\"},\"geo\":{\"@type\":\"GeoCoordinates\",\"latitude\":\"47.264176340396226\",\"longitude\":\"11.380109057672346\"},\"telephone\":[\"+43 699 19083372\"],\"openingHoursSpecification\":[{\"@type\":\"OpeningHoursSpecification\",\"dayOfWeek\":[\"Monday\",\"Wednesday\",\"Friday\"],\"opens\":\"14:00\",\"closes\":\"18:00\"},{\"@type\":\"OpeningHoursSpecification\",\"dayOfWeek\":[\"Tuesday\",\"Thursday\",\"Saturday\",\"Sunday\"],\"opens\":\"00:00\",\"closes\":\"00:00\"}],\"email\":\"office@bolting.eu\",\"vatID\":\"ATU59999728\",\"priceRange\":\"$$\",\"currenciesAccepted\":\"Euro\"},{\"@type\":\"PostalAddress\",\"@id\":\"https:\/\/bolting.eu\/en\/shop\/petzl-reverso\/#local-main-place-address\",\"streetAddress\":\"Fischnalerstra\u00dfe 4\",\"addressLocality\":\"Innsbruck\",\"postalCode\":\"6020\",\"addressRegion\":\"Tirol\",\"addressCountry\":\"AT\"},{\"@type\":\"ImageObject\",\"inLanguage\":\"en-US\",\"@id\":\"https:\/\/bolting.eu\/en\/shop\/petzl-reverso\/#local-main-organization-logo\",\"url\":\"https:\/\/bolting.eu\/wp-content\/uploads\/2019\/09\/bolting-logo.png\",\"contentUrl\":\"https:\/\/bolting.eu\/wp-content\/uploads\/2019\/09\/bolting-logo.png\",\"width\":400,\"height\":211,\"caption\":\"bolting.eu\"}]}<\/script>\n<meta property=\"og:availability\" content=\"instock\" \/>\n<meta property=\"product:availability\" content=\"instock\" \/>\n<meta property=\"product:condition\" content=\"new\" \/>\n<meta name=\"geo.placename\" content=\"Innsbruck\" \/>\n<meta name=\"geo.position\" content=\"47.264176340396226;11.380109057672346\" \/>\n<meta name=\"geo.region\" content=\"Austria\" \/>\n<!-- \/ Yoast SEO Premium plugin. -->","yoast_head_json":{"title":"Petzl Reverso: Sicherungs- und Abseilger\u00e4t online kaufen | bolting.eu","description":"Hier findest Du das PETZL REVERSO. Ein Sicherungs- und Abseilger\u00e4t f\u00fcr Einfach-, Doppel- und Halbseile mit Nachsteiger Blockierfunktion!","robots":{"index":"index","follow":"follow","max-snippet":"max-snippet:-1","max-image-preview":"max-image-preview:large","max-video-preview":"max-video-preview:-1"},"canonical":"https:\/\/bolting.eu\/en\/shop\/petzl-reverso\/","og_locale":"en_US","og_type":"article","og_title":"Petzl Reverso","og_description":"Hier findest Du das PETZL REVERSO. Ein Sicherungs- und Abseilger\u00e4t f\u00fcr Einfach-, Doppel- und Halbseile mit Nachsteiger Blockierfunktion!","og_url":"https:\/\/bolting.eu\/en\/shop\/petzl-reverso\/","og_site_name":"bolting.eu","article_publisher":"https:\/\/www.facebook.com\/bolting.eu","article_modified_time":"2026-04-08T17:56:15+00:00","og_image":[{"width":700,"height":700,"url":"https:\/\/bolting.eu\/wp-content\/uploads\/2021\/07\/Petzl-Reverso-1.jpeg","type":"image\/jpeg"}],"twitter_card":"summary_large_image","twitter_misc":{"Availability":"In stock"},"schema":{"@context":"https:\/\/schema.org","@graph":[{"@type":["WebPage","ItemPage"],"@id":"https:\/\/bolting.eu\/en\/shop\/petzl-reverso\/","url":"https:\/\/bolting.eu\/en\/shop\/petzl-reverso\/","name":"Petzl Reverso: Sicherungs- und Abseilger\u00e4t online kaufen | bolting.eu","isPartOf":{"@id":"https:\/\/bolting.eu\/en\/#website"},"primaryImageOfPage":{"@id":"https:\/\/bolting.eu\/en\/shop\/petzl-reverso\/#primaryimage"},"image":{"@id":"https:\/\/bolting.eu\/en\/shop\/petzl-reverso\/#primaryimage"},"thumbnailUrl":"https:\/\/bolting.eu\/wp-content\/uploads\/2021\/07\/Petzl-Reverso-1.jpeg","datePublished":"2021-07-13T12:49:43+00:00","dateModified":"2026-04-08T17:56:15+00:00","description":"Hier findest Du das PETZL REVERSO. Ein Sicherungs- und Abseilger\u00e4t f\u00fcr Einfach-, Doppel- und Halbseile mit Nachsteiger Blockierfunktion!","breadcrumb":{"@id":"https:\/\/bolting.eu\/en\/shop\/petzl-reverso\/#breadcrumb"},"inLanguage":"en-US","potentialAction":[{"@type":"ReadAction","target":["https:\/\/bolting.eu\/en\/shop\/petzl-reverso\/"]}]},{"@type":"ImageObject","inLanguage":"en-US","@id":"https:\/\/bolting.eu\/en\/shop\/petzl-reverso\/#primaryimage","url":"https:\/\/bolting.eu\/wp-content\/uploads\/2021\/07\/Petzl-Reverso-1.jpeg","contentUrl":"https:\/\/bolting.eu\/wp-content\/uploads\/2021\/07\/Petzl-Reverso-1.jpeg","width":700,"height":700,"caption":"Das Bild zeigt das Petzl Reverso Sicherungsger\u00e4t in der Farbe grau von schr\u00e4g oben. MAn erkennt die beiden Sicherungsrillen, das wei\u00dfe Logo, die eigravierten Symbole sowie die Absturzsicherung."},{"@type":"BreadcrumbList","@id":"https:\/\/bolting.eu\/en\/shop\/petzl-reverso\/#breadcrumb","itemListElement":[{"@type":"ListItem","position":1,"name":"Shop","item":"https:\/\/bolting.eu\/en\/shop\/"},{"@type":"ListItem","position":2,"name":"climbing equipment","item":"https:\/\/bolting.eu\/en\/produkt-kategorie\/climbing-equipment\/"},{"@type":"ListItem","position":3,"name":"Sicherungsger\u00e4te Klettern","item":"https:\/\/bolting.eu\/produkt-kategorie\/kletterausruestung\/sicherungsgeraete-klettern\/"},{"@type":"ListItem","position":4,"name":"Petzl Reverso"}]},{"@type":"WebSite","@id":"https:\/\/bolting.eu\/en\/#website","url":"https:\/\/bolting.eu\/en\/","name":"bolting.eu","description":"we make climbs happen","publisher":{"@id":"https:\/\/bolting.eu\/en\/#organization"},"potentialAction":[{"@type":"SearchAction","target":{"@type":"EntryPoint","urlTemplate":"https:\/\/bolting.eu\/en\/?s={search_term_string}"},"query-input":{"@type":"PropertyValueSpecification","valueRequired":true,"valueName":"search_term_string"}}],"inLanguage":"en-US"},{"@type":["Organization","Place","SportingGoodsStore"],"@id":"https:\/\/bolting.eu\/en\/#organization","name":"bolting.eu","url":"https:\/\/bolting.eu\/en\/","logo":{"@id":"https:\/\/bolting.eu\/en\/shop\/petzl-reverso\/#local-main-organization-logo"},"image":{"@id":"https:\/\/bolting.eu\/en\/shop\/petzl-reverso\/#local-main-organization-logo"},"sameAs":["https:\/\/www.facebook.com\/bolting.eu","https:\/\/www.instagram.com\/bolting.eu\/"],"address":{"@id":"https:\/\/bolting.eu\/en\/shop\/petzl-reverso\/#local-main-place-address"},"geo":{"@type":"GeoCoordinates","latitude":"47.264176340396226","longitude":"11.380109057672346"},"telephone":["+43 699 19083372"],"openingHoursSpecification":[{"@type":"OpeningHoursSpecification","dayOfWeek":["Monday","Wednesday","Friday"],"opens":"14:00","closes":"18:00"},{"@type":"OpeningHoursSpecification","dayOfWeek":["Tuesday","Thursday","Saturday","Sunday"],"opens":"00:00","closes":"00:00"}],"email":"office@bolting.eu","vatID":"ATU59999728","priceRange":"$$","currenciesAccepted":"Euro"},{"@type":"PostalAddress","@id":"https:\/\/bolting.eu\/en\/shop\/petzl-reverso\/#local-main-place-address","streetAddress":"Fischnalerstra\u00dfe 4","addressLocality":"Innsbruck","postalCode":"6020","addressRegion":"Tirol","addressCountry":"AT"},{"@type":"ImageObject","inLanguage":"en-US","@id":"https:\/\/bolting.eu\/en\/shop\/petzl-reverso\/#local-main-organization-logo","url":"https:\/\/bolting.eu\/wp-content\/uploads\/2019\/09\/bolting-logo.png","contentUrl":"https:\/\/bolting.eu\/wp-content\/uploads\/2019\/09\/bolting-logo.png","width":400,"height":211,"caption":"bolting.eu"}]},"og_availability":"instock","product_availability":"instock","product_condition":"new","geo.placename":"Innsbruck","geo.position":{"lat":"47.264176340396226","long":"11.380109057672346"},"geo.region":"Austria"},"_links":{"self":[{"href":"https:\/\/bolting.eu\/en\/wp-json\/wp\/v2\/product\/9223","targetHints":{"allow":["GET"]}}],"collection":[{"href":"https:\/\/bolting.eu\/en\/wp-json\/wp\/v2\/product"}],"about":[{"href":"https:\/\/bolting.eu\/en\/wp-json\/wp\/v2\/types\/product"}],"replies":[{"embeddable":true,"href":"https:\/\/bolting.eu\/en\/wp-json\/wp\/v2\/comments?post=9223"}],"wp:featuredmedia":[{"embeddable":true,"href":"https:\/\/bolting.eu\/en\/wp-json\/wp\/v2\/media\/9229"}],"wp:attachment":[{"href":"https:\/\/bolting.eu\/en\/wp-json\/wp\/v2\/media?parent=9223"}],"wp:term":[{"taxonomy":"product_brand","embeddable":true,"href":"https:\/\/bolting.eu\/en\/wp-json\/wp\/v2\/product_brand?post=9223"},{"taxonomy":"product_cat","embeddable":true,"href":"https:\/\/bolting.eu\/en\/wp-json\/wp\/v2\/product_cat?post=9223"},{"taxonomy":"product_tag","embeddable":true,"href":"https:\/\/bolting.eu\/en\/wp-json\/wp\/v2\/product_tag?post=9223"}],"curies":[{"name":"wp","href":"https:\/\/api.w.org\/{rel}","templated":true}]}}