{"id":9213,"date":"2021-07-13T13:48:16","date_gmt":"2021-07-13T11:48:16","guid":{"rendered":"https:\/\/bolting.eu\/?post_type=product&#038;p=9213"},"modified":"2025-12-17T16:06:26","modified_gmt":"2025-12-17T15:06:26","slug":"petzl-croll-bruststeigklemme","status":"publish","type":"product","link":"https:\/\/bolting.eu\/en\/shop\/petzl-croll-bruststeigklemme\/","title":{"rendered":"Petzl Croll Bruststeigklemme"},"content":{"rendered":"<p>Die Petzl Croll ist eine hochwertige Bruststeigklemme und in zwei Varianten verf\u00fcgbar. Einerseits die &#8220;kleine&#8221; Ausf\u00fchrung f\u00fcr <a href=\"https:\/\/bolting.eu\/produkt-kategorie\/kletterausruestung\/kletterseil\/\">Kletterseile<\/a> bzw. Statikseile mit 8-11mm Durchmesser. Und andererseits die &#8220;gro\u00dfe&#8221; Ausf\u00fchrung f\u00fcr Durchmesser von 8-13mm.<\/p>\n<p>Diese Petzl Bruststeigklemme ist in vielen Anwendungsbereichen DER Standard. und das aus gutem Grund. Denn der franz\u00f6sische Marktf\u00fchrer hat seit gut 30 Jahren sein Produkt perfekt optimiert.<\/p>\n<p>Erstens gibt es eben die Petzl Croll in zwei Gr\u00f6\u00dfen f\u00fcr unterschiedliche Seildurchmesser. Zweitens ist es auch die hochwertige Verarbeitung, welches Effizienz und ein perfektes Handling garantiert. Wie z.B. die untere Karabiner\u00f6se die leicht gedreht ist. Somit liegt die klemme flach auf der Brust.<\/p>\n<p>Drittens ist der Mechanismus zum \u00d6ffnen des Klemmnockens super easy zu bedienen. Sowohl das \u00d6ffnen als auch das Entriegeln geht selbst mit Handschuhen noch ganz ordentlich.<\/p>\n<h2>Eigenschaften Petzl Croll Bruststeigklemme<\/h2>\n<ul>\n<li>Hersteller: Petzl<\/li>\n<li>Bruststeigklemme zum Aufstieg am Seil<\/li>\n<li>Material: Rahmen aus Alu, Klemmnocken aus Edelstahl, Sicherheitssperre aus Polyamid<\/li>\n<li>Croll S: f\u00fcr Seile 8-11mm, Gewicht 85 Gramm<\/li>\n<li>Croll L: f\u00fcr Seile 8-13mm, Gewicht 140 Gramm<\/li>\n<li>idealerweise in Verbindung mit Ascension Handsteigklemme<\/li>\n<li>Normen: EN 567<\/li>\n<li>&#8220;gedrehte&#8221; untere Karabiner\u00f6se<\/li>\n<li>obere Karabiner\u00f6se f\u00fcr Befestigung an Schultertr\u00e4ger<\/li>\n<li>gezahnter Klemmnocken mit Reinigungsschlitz<\/li>\n<li><a href=\"https:\/\/www.petzl.com\/sfc\/servlet.shepherd\/version\/download\/0685I000002hDMWQA2\" target=\"_blank\" rel=\"noopener\">Bedienungsanleitung<\/a><\/li>\n<\/ul>\n<h3>Croll S<\/h3>\n<figure id=\"attachment_9221\" aria-describedby=\"caption-attachment-9221\" style=\"width: 280px\" class=\"wp-caption alignleft\"><a href=\"https:\/\/bolting.eu\/wp-content\/uploads\/2021\/07\/Petzl-Croll-S.jpg\"><img loading=\"lazy\" decoding=\"async\" class=\"wp-image-9221 size-thumbnail\" src=\"https:\/\/bolting.eu\/wp-content\/uploads\/2021\/07\/Petzl-Croll-S-280x280.jpg\" alt=\"\" width=\"280\" height=\"280\" srcset=\"https:\/\/bolting.eu\/wp-content\/uploads\/2021\/07\/Petzl-Croll-S-280x280.jpg 280w, https:\/\/bolting.eu\/wp-content\/uploads\/2021\/07\/Petzl-Croll-S-247x247.jpg 247w, https:\/\/bolting.eu\/wp-content\/uploads\/2021\/07\/Petzl-Croll-S-100x100.jpg 100w, https:\/\/bolting.eu\/wp-content\/uploads\/2021\/07\/Petzl-Croll-S-510x510.jpg 510w, https:\/\/bolting.eu\/wp-content\/uploads\/2021\/07\/Petzl-Croll-S-400x400.jpg 400w, https:\/\/bolting.eu\/wp-content\/uploads\/2021\/07\/Petzl-Croll-S-300x300.jpg 300w, https:\/\/bolting.eu\/wp-content\/uploads\/2021\/07\/Petzl-Croll-S-600x600.jpg 600w, https:\/\/bolting.eu\/wp-content\/uploads\/2021\/07\/Petzl-Croll-S.jpg 700w\" sizes=\"auto, (max-width: 280px) 100vw, 280px\" \/><\/a><figcaption id=\"caption-attachment-9221\" class=\"wp-caption-text\">Das &#8220;S&#8221; Modell ist kleiner und hat eine Stahl Schutzplatte auf H\u00f6her der Klemmnocken.<\/figcaption><\/figure>\n<p>Das &#8220;kleine&#8221; Modell dieser Bruststeigklemme von Petzl ist f\u00fcr die Speleologie gedacht. Denn zum einen spart sie unter Tag ordentlich Gewicht ein. Und zum anderen ist die kleine Gr\u00f6\u00dfe bei engen Stellen bzw. beim Packma\u00df enorm hilfreich.<\/p>\n<p>Weil in der Speleologie meist auch ordentlich Schmutz mit im Spiel ist, hat diese Klemme eine zus\u00e4tzliche Schutzplatte. Diese Mini Edelstahl Platte verhindert ein schnelles &#8220;Durchreiben&#8221; des seitlichen Alu-Falz auf H\u00f6he der Klemmnocken.<\/p>\n<h3>Croll L<\/h3>\n<figure id=\"attachment_9222\" aria-describedby=\"caption-attachment-9222\" style=\"width: 280px\" class=\"wp-caption alignleft\"><a href=\"https:\/\/bolting.eu\/wp-content\/uploads\/2021\/07\/Petzl-Croll-L.jpg\"><img loading=\"lazy\" decoding=\"async\" class=\"wp-image-9222 size-thumbnail\" src=\"https:\/\/bolting.eu\/wp-content\/uploads\/2021\/07\/Petzl-Croll-L-280x280.jpg\" alt=\"\" width=\"280\" height=\"280\" srcset=\"https:\/\/bolting.eu\/wp-content\/uploads\/2021\/07\/Petzl-Croll-L-280x280.jpg 280w, https:\/\/bolting.eu\/wp-content\/uploads\/2021\/07\/Petzl-Croll-L-247x247.jpg 247w, https:\/\/bolting.eu\/wp-content\/uploads\/2021\/07\/Petzl-Croll-L-100x100.jpg 100w, https:\/\/bolting.eu\/wp-content\/uploads\/2021\/07\/Petzl-Croll-L-510x510.jpg 510w, https:\/\/bolting.eu\/wp-content\/uploads\/2021\/07\/Petzl-Croll-L-400x400.jpg 400w, https:\/\/bolting.eu\/wp-content\/uploads\/2021\/07\/Petzl-Croll-L-300x300.jpg 300w, https:\/\/bolting.eu\/wp-content\/uploads\/2021\/07\/Petzl-Croll-L-600x600.jpg 600w, https:\/\/bolting.eu\/wp-content\/uploads\/2021\/07\/Petzl-Croll-L.jpg 700w\" sizes=\"auto, (max-width: 280px) 100vw, 280px\" \/><\/a><figcaption id=\"caption-attachment-9222\" class=\"wp-caption-text\">Das &#8220;L&#8221; Modell ist gr\u00f6\u00dfer und nimmt Seile mit 8-13mm Durchmesser auf. Es k\u00f6nnen auch sehr pelzige und steife Seile verwendet werden!<\/figcaption><\/figure>\n<p>Das &#8220;gro\u00dfe&#8221; Modell dieser Petzl Bruststeigklemme ist f\u00fcr H\u00f6henarbeiten gedacht. Denn diese Klemme kann Seile von 8-13mm aufnehmen. Wichtig dabei ist vor allem die Eigenschaft, auch sehr pelzige und sehr steife Seile verwenden zu k\u00f6nnen.<\/p>\n<p>Zudem l\u00e4sst sich diese gr\u00f6\u00dfere Version auch mit Arbeitshandschuhen noch gut bedienen. Dabei zeigt sich die ausgekl\u00fcgelte Ergonomie der Petzl Produkte. Denn die Sicherheitssperre ist einwandfrei bedienbar.<\/p>\n<h3>Was unterscheidet die beiden Modelle<\/h3>\n<p>Zusammgefasst sind die Unterschiede der beiden Petzl Croll Bruststeigklemmen klar. Wir stellen sie nochmals in der \u00dcbersicht anbei dar.<\/p>\n<p>Damit hoffen wir euch die Kaufentscheidung zu erleichtern.<\/p>\n<table style=\"border-collapse: collapse; width: 401px; height: 222px;\" border=\"0\" width=\"261\" cellspacing=\"0\" cellpadding=\"0\">\n<tbody>\n<tr style=\"height: 16.0pt;\">\n<td class=\"xl63\" style=\"height: 16pt; width: 195pt; text-align: center;\" colspan=\"3\" width=\"261\" height=\"21\"><strong>Vergleich der zwei Modelle<\/strong><\/td>\n<\/tr>\n<tr style=\"height: 16.0pt;\">\n<td style=\"height: 16pt; text-align: center;\" height=\"21\"><\/td>\n<td style=\"text-align: center;\"><strong>S<\/strong><\/td>\n<td style=\"text-align: center;\"><strong>L<\/strong><\/td>\n<\/tr>\n<tr style=\"height: 16.0pt;\">\n<td style=\"height: 16pt; text-align: center;\" height=\"21\"><strong>Gewicht<\/strong><\/td>\n<td style=\"text-align: center;\">145 Gramm<\/td>\n<td style=\"text-align: center;\">85 Gramm<\/td>\n<\/tr>\n<tr style=\"height: 16.0pt;\">\n<td style=\"height: 16pt; text-align: center;\" height=\"21\"><strong>f\u00fcr Seile<\/strong><\/td>\n<td style=\"text-align: center;\">8-11mm<\/td>\n<td style=\"text-align: center;\">8-13mm<\/td>\n<\/tr>\n<tr style=\"height: 16.0pt;\">\n<td style=\"height: 16pt; text-align: center;\" height=\"21\"><strong>Einsatzbereich<\/strong><\/td>\n<td style=\"text-align: center;\">Speleologie<\/td>\n<td style=\"text-align: center;\">H\u00f6henarbeiten<\/td>\n<\/tr>\n<tr style=\"height: 16.0pt;\">\n<td style=\"height: 16pt; text-align: center;\" height=\"21\"><strong>Schutzplatte<\/strong><\/td>\n<td style=\"text-align: center;\">ja<\/td>\n<td style=\"text-align: center;\">nein<\/td>\n<\/tr>\n<tr style=\"height: 16.0pt;\">\n<td style=\"height: 16pt; text-align: center;\" height=\"21\"><strong>Sicherheitsriegel<\/strong><\/td>\n<td style=\"text-align: center;\">ja<\/td>\n<td style=\"text-align: center;\">ja<\/td>\n<\/tr>\n<tr style=\"height: 16.0pt;\">\n<td style=\"height: 16pt; text-align: center;\" height=\"21\"><strong>gedrehte untere \u00d6se<\/strong><\/td>\n<td style=\"text-align: center;\">ja<\/td>\n<td style=\"text-align: center;\">ja<\/td>\n<\/tr>\n<\/tbody>\n<\/table>\n<h3>Pflege Bruststeigklemme<\/h3>\n<p>Die Petzl Croll Modelle sind extrem pflegeleicht. D.h. man muss gar nicht machen, um sie ordentlich in Schuss zu halten.<\/p>\n<p>Zum einen sollte man sie regelm\u00e4\u00dfig mit lauwarmen Wasser absp\u00fclen. Das entfernt kleine Sandk\u00f6rner und Staubreste. Ist die Klemme arg verschmutzt, so sollte man eine B\u00fcrste mit dazu nehmen.<\/p>\n<p>Verwendet bei der Reinigung keine Reinigungsmittel. Das kann die Kunststoffe sch\u00e4digen.<\/p>\n<p>Nach dem trocknen der Produkte kann man die beweglichen Teile \u00f6len. Am besten ein <a href=\"https:\/\/bolting.eu\/shop\/kong-kletterausruestung-pflegeoel\/\">Karabiner Pflege\u00f6l<\/a> oder <a href=\"https:\/\/bolting.eu\/shop\/metolius-cam-lube\/\">Cam Lube<\/a> verwenden.<\/p>\n","protected":false},"excerpt":{"rendered":"<p>Hochwertige Petzl Bruststeigklemme zum Aufstieg am Seil. Material: Rahmen aus Alu, Klemmnocken aus Edelstahl, Sicherheitssperre aus Polyamid.<\/p>\n<p>Erh\u00e4ltlich in zwei Gr\u00f6\u00dfen. S: f\u00fcr Seile 8-11mm &#8211; 85 Gram; L: f\u00fcr Seile 8-13mm &#8211; 140 Gramm<\/p>\n<p>Versandkostenfrei bis 2kg in <img decoding=\"async\" class=\"emoji\" role=\"img\" draggable=\"false\" src=\"https:\/\/s.w.org\/images\/core\/emoji\/14.0.0\/svg\/1f1e6-1f1f9.svg\" alt=\"\ud83c\udde6\ud83c\uddf9\" \/> ab \u20ac 100,- und <img decoding=\"async\" class=\"emoji\" role=\"img\" draggable=\"false\" src=\"https:\/\/s.w.org\/images\/core\/emoji\/14.0.0\/svg\/1f1e9-1f1ea.svg\" alt=\"\ud83c\udde9\ud83c\uddea\" \/> ab \u20ac 200,-!<\/p>\n","protected":false},"featured_media":9221,"comment_status":"open","ping_status":"closed","template":"","meta":[],"product_brand":[],"product_cat":[1210,3660,14056,14093],"product_tag":[],"class_list":{"0":"post-9213","1":"product","2":"type-product","3":"status-publish","4":"has-post-thumbnail","6":"product_cat-einbohrartikel","7":"product_cat-steigklemmen-seilklemmen","8":"product_cat-seil-auf-abstieg","9":"product_cat-petzl","11":"first","12":"instock","13":"taxable","14":"shipping-taxable","15":"purchasable","16":"product-type-variable"},"yoast_head":"<!-- This site is optimized with the Yoast SEO Premium plugin v26.9 (Yoast SEO v26.9) - https:\/\/yoast.com\/product\/yoast-seo-premium-wordpress\/ -->\n<title>Petzl Croll Bruststeigklemme - Gr\u00f6\u00dfe S und L | bolting.eu<\/title>\n<meta name=\"description\" content=\"Petzl Croll Bruststeigklemme &quot;Croll&quot; beim Hardwareprofi in Innsbruck kaufen. \u2705 kostenloser Versand* \u2705 14 Tage R\u00fcckgaberecht \u2705 Co2 neutraler Versand\" \/>\n<meta name=\"robots\" content=\"index, follow, max-snippet:-1, max-image-preview:large, max-video-preview:-1\" \/>\n<link rel=\"canonical\" href=\"https:\/\/bolting.eu\/en\/shop\/petzl-croll-bruststeigklemme\/\" \/>\n<meta property=\"og:locale\" content=\"en_US\" \/>\n<meta property=\"og:type\" content=\"article\" \/>\n<meta property=\"og:title\" content=\"Petzl Croll Bruststeigklemme\" \/>\n<meta property=\"og:description\" content=\"Petzl Croll Bruststeigklemme &quot;Croll&quot; beim Hardwareprofi in Innsbruck kaufen. \u2705 kostenloser Versand* \u2705 14 Tage R\u00fcckgaberecht \u2705 Co2 neutraler Versand\" \/>\n<meta property=\"og:url\" content=\"https:\/\/bolting.eu\/en\/shop\/petzl-croll-bruststeigklemme\/\" \/>\n<meta property=\"og:site_name\" content=\"bolting.eu\" \/>\n<meta property=\"article:publisher\" content=\"https:\/\/www.facebook.com\/bolting.eu\" \/>\n<meta property=\"article:modified_time\" content=\"2025-12-17T15:06:26+00:00\" \/>\n<meta property=\"og:image\" content=\"https:\/\/bolting.eu\/wp-content\/uploads\/2021\/07\/Petzl-Croll-S.jpg\" \/>\n\t<meta property=\"og:image:width\" content=\"700\" \/>\n\t<meta property=\"og:image:height\" content=\"700\" \/>\n\t<meta property=\"og:image:type\" content=\"image\/jpeg\" \/>\n<meta name=\"twitter:card\" content=\"summary_large_image\" \/>\n<meta name=\"twitter:label1\" content=\"Availability\" \/>\n\t<meta name=\"twitter:data1\" content=\"In stock\" \/>\n<script type=\"application\/ld+json\" class=\"yoast-schema-graph\">{\"@context\":\"https:\/\/schema.org\",\"@graph\":[{\"@type\":[\"WebPage\",\"ItemPage\"],\"@id\":\"https:\/\/bolting.eu\/en\/shop\/petzl-croll-bruststeigklemme\/\",\"url\":\"https:\/\/bolting.eu\/en\/shop\/petzl-croll-bruststeigklemme\/\",\"name\":\"Petzl Croll Bruststeigklemme - Gr\u00f6\u00dfe S und L | bolting.eu\",\"isPartOf\":{\"@id\":\"https:\/\/bolting.eu\/en\/#website\"},\"primaryImageOfPage\":{\"@id\":\"https:\/\/bolting.eu\/en\/shop\/petzl-croll-bruststeigklemme\/#primaryimage\"},\"image\":{\"@id\":\"https:\/\/bolting.eu\/en\/shop\/petzl-croll-bruststeigklemme\/#primaryimage\"},\"thumbnailUrl\":\"https:\/\/bolting.eu\/wp-content\/uploads\/2021\/07\/Petzl-Croll-S.jpg\",\"datePublished\":\"2021-07-13T11:48:16+00:00\",\"dateModified\":\"2025-12-17T15:06:26+00:00\",\"description\":\"Petzl Croll Bruststeigklemme \\\"Croll\\\" beim Hardwareprofi in Innsbruck kaufen. \u2705 kostenloser Versand* \u2705 14 Tage R\u00fcckgaberecht \u2705 Co2 neutraler Versand\",\"breadcrumb\":{\"@id\":\"https:\/\/bolting.eu\/en\/shop\/petzl-croll-bruststeigklemme\/#breadcrumb\"},\"inLanguage\":\"en-US\",\"potentialAction\":[{\"@type\":\"ReadAction\",\"target\":[\"https:\/\/bolting.eu\/en\/shop\/petzl-croll-bruststeigklemme\/\"]}]},{\"@type\":\"ImageObject\",\"inLanguage\":\"en-US\",\"@id\":\"https:\/\/bolting.eu\/en\/shop\/petzl-croll-bruststeigklemme\/#primaryimage\",\"url\":\"https:\/\/bolting.eu\/wp-content\/uploads\/2021\/07\/Petzl-Croll-S.jpg\",\"contentUrl\":\"https:\/\/bolting.eu\/wp-content\/uploads\/2021\/07\/Petzl-Croll-S.jpg\",\"width\":700,\"height\":700,\"caption\":\"Das Bild zeigt die orange Petzl Croll Bruststeigklemme. Man erkennt die Form, die Klemmnocken und eingravierten Symbole im Alu RAhmen sowie den schwarzen Sicherheitsriegel zum \u00d6ffnen und Schlie\u00dfen.\"},{\"@type\":\"BreadcrumbList\",\"@id\":\"https:\/\/bolting.eu\/en\/shop\/petzl-croll-bruststeigklemme\/#breadcrumb\",\"itemListElement\":[{\"@type\":\"ListItem\",\"position\":1,\"name\":\"Shop\",\"item\":\"https:\/\/bolting.eu\/en\/shop\/\"},{\"@type\":\"ListItem\",\"position\":2,\"name\":\"climbing equipment\",\"item\":\"https:\/\/bolting.eu\/en\/produkt-kategorie\/climbing-equipment\/\"},{\"@type\":\"ListItem\",\"position\":3,\"name\":\"Steigklemmen - Seilklemmen\",\"item\":\"https:\/\/bolting.eu\/produkt-kategorie\/kletterausruestung\/steigklemmen-seilklemmen\/\"},{\"@type\":\"ListItem\",\"position\":4,\"name\":\"Petzl Croll Bruststeigklemme\"}]},{\"@type\":\"WebSite\",\"@id\":\"https:\/\/bolting.eu\/en\/#website\",\"url\":\"https:\/\/bolting.eu\/en\/\",\"name\":\"bolting.eu\",\"description\":\"we make climbs happen\",\"publisher\":{\"@id\":\"https:\/\/bolting.eu\/en\/#organization\"},\"potentialAction\":[{\"@type\":\"SearchAction\",\"target\":{\"@type\":\"EntryPoint\",\"urlTemplate\":\"https:\/\/bolting.eu\/en\/?s={search_term_string}\"},\"query-input\":{\"@type\":\"PropertyValueSpecification\",\"valueRequired\":true,\"valueName\":\"search_term_string\"}}],\"inLanguage\":\"en-US\"},{\"@type\":[\"Organization\",\"Place\",\"SportingGoodsStore\"],\"@id\":\"https:\/\/bolting.eu\/en\/#organization\",\"name\":\"bolting.eu\",\"url\":\"https:\/\/bolting.eu\/en\/\",\"logo\":{\"@id\":\"https:\/\/bolting.eu\/en\/shop\/petzl-croll-bruststeigklemme\/#local-main-organization-logo\"},\"image\":{\"@id\":\"https:\/\/bolting.eu\/en\/shop\/petzl-croll-bruststeigklemme\/#local-main-organization-logo\"},\"sameAs\":[\"https:\/\/www.facebook.com\/bolting.eu\",\"https:\/\/www.instagram.com\/bolting.eu\/\"],\"address\":{\"@id\":\"https:\/\/bolting.eu\/en\/shop\/petzl-croll-bruststeigklemme\/#local-main-place-address\"},\"geo\":{\"@type\":\"GeoCoordinates\",\"latitude\":\"47.264176340396226\",\"longitude\":\"11.380109057672346\"},\"telephone\":[\"+43 699 19083372\"],\"openingHoursSpecification\":[{\"@type\":\"OpeningHoursSpecification\",\"dayOfWeek\":[\"Monday\",\"Wednesday\",\"Friday\"],\"opens\":\"14:00\",\"closes\":\"18:00\"},{\"@type\":\"OpeningHoursSpecification\",\"dayOfWeek\":[\"Tuesday\",\"Thursday\",\"Saturday\",\"Sunday\"],\"opens\":\"00:00\",\"closes\":\"00:00\"}],\"email\":\"office@bolting.eu\",\"vatID\":\"ATU59999728\",\"priceRange\":\"$$\",\"currenciesAccepted\":\"Euro\"},{\"@type\":\"PostalAddress\",\"@id\":\"https:\/\/bolting.eu\/en\/shop\/petzl-croll-bruststeigklemme\/#local-main-place-address\",\"streetAddress\":\"Fischnalerstra\u00dfe 4\",\"addressLocality\":\"Innsbruck\",\"postalCode\":\"6020\",\"addressRegion\":\"Tirol\",\"addressCountry\":\"AT\"},{\"@type\":\"ImageObject\",\"inLanguage\":\"en-US\",\"@id\":\"https:\/\/bolting.eu\/en\/shop\/petzl-croll-bruststeigklemme\/#local-main-organization-logo\",\"url\":\"https:\/\/bolting.eu\/wp-content\/uploads\/2019\/09\/bolting-logo.png\",\"contentUrl\":\"https:\/\/bolting.eu\/wp-content\/uploads\/2019\/09\/bolting-logo.png\",\"width\":400,\"height\":211,\"caption\":\"bolting.eu\"}]}<\/script>\n<meta property=\"og:availability\" content=\"instock\" \/>\n<meta property=\"product:availability\" content=\"instock\" \/>\n<meta property=\"product:condition\" content=\"new\" \/>\n<meta name=\"geo.placename\" content=\"Innsbruck\" \/>\n<meta name=\"geo.position\" content=\"47.264176340396226;11.380109057672346\" \/>\n<meta name=\"geo.region\" content=\"Austria\" \/>\n<!-- \/ Yoast SEO Premium plugin. -->","yoast_head_json":{"title":"Petzl Croll Bruststeigklemme - Gr\u00f6\u00dfe S und L | bolting.eu","description":"Petzl Croll Bruststeigklemme \"Croll\" beim Hardwareprofi in Innsbruck kaufen. \u2705 kostenloser Versand* \u2705 14 Tage R\u00fcckgaberecht \u2705 Co2 neutraler Versand","robots":{"index":"index","follow":"follow","max-snippet":"max-snippet:-1","max-image-preview":"max-image-preview:large","max-video-preview":"max-video-preview:-1"},"canonical":"https:\/\/bolting.eu\/en\/shop\/petzl-croll-bruststeigklemme\/","og_locale":"en_US","og_type":"article","og_title":"Petzl Croll Bruststeigklemme","og_description":"Petzl Croll Bruststeigklemme \"Croll\" beim Hardwareprofi in Innsbruck kaufen. \u2705 kostenloser Versand* \u2705 14 Tage R\u00fcckgaberecht \u2705 Co2 neutraler Versand","og_url":"https:\/\/bolting.eu\/en\/shop\/petzl-croll-bruststeigklemme\/","og_site_name":"bolting.eu","article_publisher":"https:\/\/www.facebook.com\/bolting.eu","article_modified_time":"2025-12-17T15:06:26+00:00","og_image":[{"width":700,"height":700,"url":"https:\/\/bolting.eu\/wp-content\/uploads\/2021\/07\/Petzl-Croll-S.jpg","type":"image\/jpeg"}],"twitter_card":"summary_large_image","twitter_misc":{"Availability":"In stock"},"schema":{"@context":"https:\/\/schema.org","@graph":[{"@type":["WebPage","ItemPage"],"@id":"https:\/\/bolting.eu\/en\/shop\/petzl-croll-bruststeigklemme\/","url":"https:\/\/bolting.eu\/en\/shop\/petzl-croll-bruststeigklemme\/","name":"Petzl Croll Bruststeigklemme - Gr\u00f6\u00dfe S und L | bolting.eu","isPartOf":{"@id":"https:\/\/bolting.eu\/en\/#website"},"primaryImageOfPage":{"@id":"https:\/\/bolting.eu\/en\/shop\/petzl-croll-bruststeigklemme\/#primaryimage"},"image":{"@id":"https:\/\/bolting.eu\/en\/shop\/petzl-croll-bruststeigklemme\/#primaryimage"},"thumbnailUrl":"https:\/\/bolting.eu\/wp-content\/uploads\/2021\/07\/Petzl-Croll-S.jpg","datePublished":"2021-07-13T11:48:16+00:00","dateModified":"2025-12-17T15:06:26+00:00","description":"Petzl Croll Bruststeigklemme \"Croll\" beim Hardwareprofi in Innsbruck kaufen. \u2705 kostenloser Versand* \u2705 14 Tage R\u00fcckgaberecht \u2705 Co2 neutraler Versand","breadcrumb":{"@id":"https:\/\/bolting.eu\/en\/shop\/petzl-croll-bruststeigklemme\/#breadcrumb"},"inLanguage":"en-US","potentialAction":[{"@type":"ReadAction","target":["https:\/\/bolting.eu\/en\/shop\/petzl-croll-bruststeigklemme\/"]}]},{"@type":"ImageObject","inLanguage":"en-US","@id":"https:\/\/bolting.eu\/en\/shop\/petzl-croll-bruststeigklemme\/#primaryimage","url":"https:\/\/bolting.eu\/wp-content\/uploads\/2021\/07\/Petzl-Croll-S.jpg","contentUrl":"https:\/\/bolting.eu\/wp-content\/uploads\/2021\/07\/Petzl-Croll-S.jpg","width":700,"height":700,"caption":"Das Bild zeigt die orange Petzl Croll Bruststeigklemme. Man erkennt die Form, die Klemmnocken und eingravierten Symbole im Alu RAhmen sowie den schwarzen Sicherheitsriegel zum \u00d6ffnen und Schlie\u00dfen."},{"@type":"BreadcrumbList","@id":"https:\/\/bolting.eu\/en\/shop\/petzl-croll-bruststeigklemme\/#breadcrumb","itemListElement":[{"@type":"ListItem","position":1,"name":"Shop","item":"https:\/\/bolting.eu\/en\/shop\/"},{"@type":"ListItem","position":2,"name":"climbing equipment","item":"https:\/\/bolting.eu\/en\/produkt-kategorie\/climbing-equipment\/"},{"@type":"ListItem","position":3,"name":"Steigklemmen - Seilklemmen","item":"https:\/\/bolting.eu\/produkt-kategorie\/kletterausruestung\/steigklemmen-seilklemmen\/"},{"@type":"ListItem","position":4,"name":"Petzl Croll Bruststeigklemme"}]},{"@type":"WebSite","@id":"https:\/\/bolting.eu\/en\/#website","url":"https:\/\/bolting.eu\/en\/","name":"bolting.eu","description":"we make climbs happen","publisher":{"@id":"https:\/\/bolting.eu\/en\/#organization"},"potentialAction":[{"@type":"SearchAction","target":{"@type":"EntryPoint","urlTemplate":"https:\/\/bolting.eu\/en\/?s={search_term_string}"},"query-input":{"@type":"PropertyValueSpecification","valueRequired":true,"valueName":"search_term_string"}}],"inLanguage":"en-US"},{"@type":["Organization","Place","SportingGoodsStore"],"@id":"https:\/\/bolting.eu\/en\/#organization","name":"bolting.eu","url":"https:\/\/bolting.eu\/en\/","logo":{"@id":"https:\/\/bolting.eu\/en\/shop\/petzl-croll-bruststeigklemme\/#local-main-organization-logo"},"image":{"@id":"https:\/\/bolting.eu\/en\/shop\/petzl-croll-bruststeigklemme\/#local-main-organization-logo"},"sameAs":["https:\/\/www.facebook.com\/bolting.eu","https:\/\/www.instagram.com\/bolting.eu\/"],"address":{"@id":"https:\/\/bolting.eu\/en\/shop\/petzl-croll-bruststeigklemme\/#local-main-place-address"},"geo":{"@type":"GeoCoordinates","latitude":"47.264176340396226","longitude":"11.380109057672346"},"telephone":["+43 699 19083372"],"openingHoursSpecification":[{"@type":"OpeningHoursSpecification","dayOfWeek":["Monday","Wednesday","Friday"],"opens":"14:00","closes":"18:00"},{"@type":"OpeningHoursSpecification","dayOfWeek":["Tuesday","Thursday","Saturday","Sunday"],"opens":"00:00","closes":"00:00"}],"email":"office@bolting.eu","vatID":"ATU59999728","priceRange":"$$","currenciesAccepted":"Euro"},{"@type":"PostalAddress","@id":"https:\/\/bolting.eu\/en\/shop\/petzl-croll-bruststeigklemme\/#local-main-place-address","streetAddress":"Fischnalerstra\u00dfe 4","addressLocality":"Innsbruck","postalCode":"6020","addressRegion":"Tirol","addressCountry":"AT"},{"@type":"ImageObject","inLanguage":"en-US","@id":"https:\/\/bolting.eu\/en\/shop\/petzl-croll-bruststeigklemme\/#local-main-organization-logo","url":"https:\/\/bolting.eu\/wp-content\/uploads\/2019\/09\/bolting-logo.png","contentUrl":"https:\/\/bolting.eu\/wp-content\/uploads\/2019\/09\/bolting-logo.png","width":400,"height":211,"caption":"bolting.eu"}]},"og_availability":"instock","product_availability":"instock","product_condition":"new","geo.placename":"Innsbruck","geo.position":{"lat":"47.264176340396226","long":"11.380109057672346"},"geo.region":"Austria"},"_links":{"self":[{"href":"https:\/\/bolting.eu\/en\/wp-json\/wp\/v2\/product\/9213","targetHints":{"allow":["GET"]}}],"collection":[{"href":"https:\/\/bolting.eu\/en\/wp-json\/wp\/v2\/product"}],"about":[{"href":"https:\/\/bolting.eu\/en\/wp-json\/wp\/v2\/types\/product"}],"replies":[{"embeddable":true,"href":"https:\/\/bolting.eu\/en\/wp-json\/wp\/v2\/comments?post=9213"}],"wp:featuredmedia":[{"embeddable":true,"href":"https:\/\/bolting.eu\/en\/wp-json\/wp\/v2\/media\/9221"}],"wp:attachment":[{"href":"https:\/\/bolting.eu\/en\/wp-json\/wp\/v2\/media?parent=9213"}],"wp:term":[{"taxonomy":"product_brand","embeddable":true,"href":"https:\/\/bolting.eu\/en\/wp-json\/wp\/v2\/product_brand?post=9213"},{"taxonomy":"product_cat","embeddable":true,"href":"https:\/\/bolting.eu\/en\/wp-json\/wp\/v2\/product_cat?post=9213"},{"taxonomy":"product_tag","embeddable":true,"href":"https:\/\/bolting.eu\/en\/wp-json\/wp\/v2\/product_tag?post=9213"}],"curies":[{"name":"wp","href":"https:\/\/api.w.org\/{rel}","templated":true}]}}