{"id":9209,"date":"2021-07-13T12:22:55","date_gmt":"2021-07-13T10:22:55","guid":{"rendered":"https:\/\/bolting.eu\/?post_type=product&#038;p=9209"},"modified":"2025-12-17T17:35:50","modified_gmt":"2025-12-17T16:35:50","slug":"petzl-oscillante-umlenkrolle","status":"publish","type":"product","link":"https:\/\/bolting.eu\/en\/shop\/petzl-oscillante-umlenkrolle\/","title":{"rendered":"Petzl Oscillante Umlenkrolle"},"content":{"rendered":"<p>Die Petzl Oscillante ist eine extrem leichte Umlenkrolle. Sie ist f\u00fcr die Mitnahme bei Hoch- bzw. Gletschertouren gedacht. Hierbei wird sie vor allem bei der Spaltenbergung sowie behelfsm\u00e4\u00dfigen Rettungssystemen und Flaschenz\u00fcgen verwendet.<\/p>\n<p>Die kleine Seilrolle hat eine 25mm Seilscheibe aus Kunststoff, welche ein Gleitlager besitzt. Dieses erreicht einen Wirkungsgrad von 71%.<\/p>\n<p>Die Umlenkrolle wird seitlich aufgeklappt um 7 &#8211; 11mm <a href=\"https:\/\/bolting.eu\/produkt-kategorie\/kletterausruestung\/kletterseil\/\">Kletterseile<\/a> einlegen zu k\u00f6nnen. Die Gebrauchslast zum einen liegt bei 4kN. Die Bruchlast zum anderen bei 15kN.<\/p>\n<h2>Eigenschaften Petzl Oscillante Umlenkrolle<\/h2>\n<ul>\n<li>Hersteller: Petzl<\/li>\n<li>Material: Seitenteile aus Alu, Rolle aus Nylon<\/li>\n<li>Gewicht: 45 Gramm<\/li>\n<li>f\u00fcr Seile 7 &#8211; 11mm<\/li>\n<li>25mm Seilscheibe auf Gleitlager<\/li>\n<li>Wirkungsgrad 71%<\/li>\n<li>Gebrauchslast an einem Strang: 2kN<\/li>\n<li>Gebrauchslast zwei Str\u00e4nge: 4kN<\/li>\n<li>Bruchlast: 15kN<\/li>\n<li><a href=\"https:\/\/www.petzl.com\/sfc\/servlet.shepherd\/version\/download\/0681r0000078ZwvAAE\">Gebrauchsanleitung<\/a><\/li>\n<\/ul>\n<h3>Kleiner, leichter Helfer<\/h3>\n<p>Die Petzl Oscillante Umlenkrolle ist ein kleiner, leichter Helfer in vielen Situationen.<\/p>\n<p>Die meisten von euch haben sicher schon mal geh\u00f6rt, das es f\u00fcr die Spaltenbergung eine kleine Seilrolle braucht. Dies ist auch einer der Haupt-Einsatzgebiete dieser Rolle.<\/p>\n<p>Folglich ist sie aber auch \u00fcberall dort n\u00fctzlich, wo schnell ein Flaschenzug her soll. Wie z.B. beim Spannen von Seilen, beim &#8220;Hochziehen&#8221; eines Nachsteigers, usw&#8230;<\/p>\n<p>Des weiteren sch\u00e4tzen H\u00f6henarbeiter das klasse Gewichts &#8211; Nutzen Verh\u00e4ltnis. Beispielsweise beim Ziehen von Lasten oder schnellen Flaschenz\u00fcgen bzw. Seil-Man\u00f6ver.<\/p>\n<h3>Petzl Oscillante &#8211; klasse Gewichts-Nutzen Verh\u00e4ltnis<\/h3>\n<p>Diese Umlenkrolle hat gerade einmal 45 Gramm. Damit bringt sie ein klasse Gewichts-Nutzen Verh\u00e4ltnis.<\/p>\n<p>Denn diese zus\u00e4tzliche Last ist kaum sp\u00fcrbar. Der Nutzen im Falle des Falles ist aber riesengro\u00df.<\/p>\n<p>Deswegen nehmen erfahrene Alpinisten diese Rolle bei Bedarf immer mit auf ihre Tour. Besonders bei der Spaltenbergung bzw. bei Flaschenz\u00fcgen hat die Rolle gegen\u00fcber normalen Karabinern enorme Vorteile.<\/p>\n<h3>Pflege Umlenkrolle<\/h3>\n<p>Die Petzl Oscillante braucht keine besondere Pflege. Sollte sie schmutzig werden, so empfiehlt sich eine Reinigung mit lauwarmen Wasser. Gr\u00f6bere Schmutzansammlungen am besten mit einer B\u00fcrste entfernen.<\/p>\n<p>Wichtig ist, dass man keine Reiniger oder \u00d6le verwendet. Diese greifen den Kunststoff der Rolle an.<\/p>\n<h3>Petzl Oscillante &#8211; no go\u00b4s!<\/h3>\n<p>Wie bei allen Seilrollen mit Kunststoff Scheiben gilt auch hier. Verwendet die Rolle nicht f\u00fcr Flying Foxes! Die entstehende Temperatur kann euch die Rolle zerschmelzen und somit kaputt machen.<\/p>\n<p>Wer unter Druck Lasten schnell \u00fcber ein Seil laufen lassen will, braucht eine Rolle mit Metall Scheibe. Bei uns findet\u00a0 ihr eine kleine Rolle wie die <a href=\"https:\/\/bolting.eu\/shop\/camp-sphinx-seilrolle\/\">Camp Sphinx<\/a> oder eine gro\u00dfe wie die <a href=\"https:\/\/bolting.eu\/shop\/kong-extra-roll-seilrolle\/\">Kong Extra Roll<\/a>.<\/p>\n<p>&nbsp;<\/p>\n","protected":false},"excerpt":{"rendered":"<ul>\n<li>Hersteller: Petzl<\/li>\n<li>Material: Seitenteile aus Alu, Rolle aus Nylon<\/li>\n<li>Gewicht: 45 Gramm<\/li>\n<li>f\u00fcr Seile 7 &#8211; 11mm<\/li>\n<li>25mm Seilscheibe auf Gleitlager<\/li>\n<li>Wirkungsgrad 71%<\/li>\n<li>Gebrauchslast an einem Strang: 2kN<\/li>\n<li>Gebrauchslast zwei Str\u00e4nge: 4kN<\/li>\n<li>Bruchlast: 15kN<\/li>\n<\/ul>\n","protected":false},"featured_media":9211,"comment_status":"open","ping_status":"closed","template":"","meta":[],"product_brand":[],"product_cat":[13938,29,4586,11051],"product_tag":[],"class_list":{"0":"post-9209","1":"product","2":"type-product","3":"status-publish","4":"has-post-thumbnail","6":"product_cat-bergsteiger-ausruestung","7":"product_cat-kletterausruestung","8":"product_cat-seilrollen","9":"product_cat-spaltenbergung","11":"first","12":"instock","13":"taxable","14":"shipping-taxable","15":"purchasable","16":"product-type-simple"},"yoast_head":"<!-- This site is optimized with the Yoast SEO Premium plugin v26.9 (Yoast SEO v26.9) - https:\/\/yoast.com\/product\/yoast-seo-premium-wordpress\/ -->\n<title>Petzl Oscillante Umlenkrolle - Spaltenbergung &amp; Flaschenz\u00fcge | bolting.eu<\/title>\n<meta name=\"description\" content=\"Hier findest Du die PETZL OSCILLANE Umlenkrolle mit 71% Wirkungsgrad. Perfekt f\u00fcr Spaltenbergung und behelfsm\u00e4\u00dfige Flaschenz\u00fcge.\" \/>\n<meta name=\"robots\" content=\"index, follow, max-snippet:-1, max-image-preview:large, max-video-preview:-1\" \/>\n<link rel=\"canonical\" href=\"https:\/\/bolting.eu\/en\/shop\/petzl-oscillante-umlenkrolle\/\" \/>\n<meta property=\"og:locale\" content=\"en_US\" \/>\n<meta property=\"og:type\" content=\"article\" \/>\n<meta property=\"og:title\" content=\"Petzl Oscillante Umlenkrolle\" \/>\n<meta property=\"og:description\" content=\"Hier findest Du die PETZL OSCILLANE Umlenkrolle mit 71% Wirkungsgrad. Perfekt f\u00fcr Spaltenbergung und behelfsm\u00e4\u00dfige Flaschenz\u00fcge.\" \/>\n<meta property=\"og:url\" content=\"https:\/\/bolting.eu\/en\/shop\/petzl-oscillante-umlenkrolle\/\" \/>\n<meta property=\"og:site_name\" content=\"bolting.eu\" \/>\n<meta property=\"article:publisher\" content=\"https:\/\/www.facebook.com\/bolting.eu\" \/>\n<meta property=\"article:modified_time\" content=\"2025-12-17T16:35:50+00:00\" \/>\n<meta property=\"og:image\" content=\"https:\/\/bolting.eu\/wp-content\/uploads\/2021\/07\/Petzl-Oscillante-Umlenkrolle-1.jpg\" \/>\n\t<meta property=\"og:image:width\" content=\"700\" \/>\n\t<meta property=\"og:image:height\" content=\"700\" \/>\n\t<meta property=\"og:image:type\" content=\"image\/jpeg\" \/>\n<meta name=\"twitter:card\" content=\"summary_large_image\" \/>\n<meta name=\"twitter:label1\" content=\"Price\" \/>\n\t<meta name=\"twitter:data1\" content=\"&euro;&nbsp;19,00\" \/>\n\t<meta name=\"twitter:label2\" content=\"Availability\" \/>\n\t<meta name=\"twitter:data2\" content=\"In stock\" \/>\n<script type=\"application\/ld+json\" class=\"yoast-schema-graph\">{\"@context\":\"https:\/\/schema.org\",\"@graph\":[{\"@type\":[\"WebPage\",\"ItemPage\"],\"@id\":\"https:\/\/bolting.eu\/en\/shop\/petzl-oscillante-umlenkrolle\/\",\"url\":\"https:\/\/bolting.eu\/en\/shop\/petzl-oscillante-umlenkrolle\/\",\"name\":\"Petzl Oscillante Umlenkrolle - Spaltenbergung & Flaschenz\u00fcge | bolting.eu\",\"isPartOf\":{\"@id\":\"https:\/\/bolting.eu\/en\/#website\"},\"primaryImageOfPage\":{\"@id\":\"https:\/\/bolting.eu\/en\/shop\/petzl-oscillante-umlenkrolle\/#primaryimage\"},\"image\":{\"@id\":\"https:\/\/bolting.eu\/en\/shop\/petzl-oscillante-umlenkrolle\/#primaryimage\"},\"thumbnailUrl\":\"https:\/\/bolting.eu\/wp-content\/uploads\/2021\/07\/Petzl-Oscillante-Umlenkrolle-1.jpg\",\"datePublished\":\"2021-07-13T10:22:55+00:00\",\"dateModified\":\"2025-12-17T16:35:50+00:00\",\"description\":\"Hier findest Du die PETZL OSCILLANE Umlenkrolle mit 71% Wirkungsgrad. Perfekt f\u00fcr Spaltenbergung und behelfsm\u00e4\u00dfige Flaschenz\u00fcge.\",\"breadcrumb\":{\"@id\":\"https:\/\/bolting.eu\/en\/shop\/petzl-oscillante-umlenkrolle\/#breadcrumb\"},\"inLanguage\":\"en-US\",\"potentialAction\":[{\"@type\":\"ReadAction\",\"target\":[\"https:\/\/bolting.eu\/en\/shop\/petzl-oscillante-umlenkrolle\/\"]}]},{\"@type\":\"ImageObject\",\"inLanguage\":\"en-US\",\"@id\":\"https:\/\/bolting.eu\/en\/shop\/petzl-oscillante-umlenkrolle\/#primaryimage\",\"url\":\"https:\/\/bolting.eu\/wp-content\/uploads\/2021\/07\/Petzl-Oscillante-Umlenkrolle-1.jpg\",\"contentUrl\":\"https:\/\/bolting.eu\/wp-content\/uploads\/2021\/07\/Petzl-Oscillante-Umlenkrolle-1.jpg\",\"width\":700,\"height\":700,\"caption\":\"Das Bild zeigt die grau-orange Petzl Oscillante Umlenkrolle. MAn erkennt die eingravierten Symbole und Daten am seitlichen Alu-Rahmen.\"},{\"@type\":\"BreadcrumbList\",\"@id\":\"https:\/\/bolting.eu\/en\/shop\/petzl-oscillante-umlenkrolle\/#breadcrumb\",\"itemListElement\":[{\"@type\":\"ListItem\",\"position\":1,\"name\":\"Shop\",\"item\":\"https:\/\/bolting.eu\/en\/shop\/\"},{\"@type\":\"ListItem\",\"position\":2,\"name\":\"climbing equipment\",\"item\":\"https:\/\/bolting.eu\/en\/produkt-kategorie\/climbing-equipment\/\"},{\"@type\":\"ListItem\",\"position\":3,\"name\":\"Seilrollen\",\"item\":\"https:\/\/bolting.eu\/produkt-kategorie\/kletterausruestung\/seilrollen\/\"},{\"@type\":\"ListItem\",\"position\":4,\"name\":\"Petzl Oscillante Umlenkrolle\"}]},{\"@type\":\"WebSite\",\"@id\":\"https:\/\/bolting.eu\/en\/#website\",\"url\":\"https:\/\/bolting.eu\/en\/\",\"name\":\"bolting.eu\",\"description\":\"we make climbs happen\",\"publisher\":{\"@id\":\"https:\/\/bolting.eu\/en\/#organization\"},\"potentialAction\":[{\"@type\":\"SearchAction\",\"target\":{\"@type\":\"EntryPoint\",\"urlTemplate\":\"https:\/\/bolting.eu\/en\/?s={search_term_string}\"},\"query-input\":{\"@type\":\"PropertyValueSpecification\",\"valueRequired\":true,\"valueName\":\"search_term_string\"}}],\"inLanguage\":\"en-US\"},{\"@type\":[\"Organization\",\"Place\",\"SportingGoodsStore\"],\"@id\":\"https:\/\/bolting.eu\/en\/#organization\",\"name\":\"bolting.eu\",\"url\":\"https:\/\/bolting.eu\/en\/\",\"logo\":{\"@id\":\"https:\/\/bolting.eu\/en\/shop\/petzl-oscillante-umlenkrolle\/#local-main-organization-logo\"},\"image\":{\"@id\":\"https:\/\/bolting.eu\/en\/shop\/petzl-oscillante-umlenkrolle\/#local-main-organization-logo\"},\"sameAs\":[\"https:\/\/www.facebook.com\/bolting.eu\",\"https:\/\/www.instagram.com\/bolting.eu\/\"],\"address\":{\"@id\":\"https:\/\/bolting.eu\/en\/shop\/petzl-oscillante-umlenkrolle\/#local-main-place-address\"},\"geo\":{\"@type\":\"GeoCoordinates\",\"latitude\":\"47.264176340396226\",\"longitude\":\"11.380109057672346\"},\"telephone\":[\"+43 699 19083372\"],\"openingHoursSpecification\":[{\"@type\":\"OpeningHoursSpecification\",\"dayOfWeek\":[\"Monday\",\"Wednesday\",\"Friday\"],\"opens\":\"14:00\",\"closes\":\"18:00\"},{\"@type\":\"OpeningHoursSpecification\",\"dayOfWeek\":[\"Tuesday\",\"Thursday\",\"Saturday\",\"Sunday\"],\"opens\":\"00:00\",\"closes\":\"00:00\"}],\"email\":\"office@bolting.eu\",\"vatID\":\"ATU59999728\",\"priceRange\":\"$$\",\"currenciesAccepted\":\"Euro\"},{\"@type\":\"PostalAddress\",\"@id\":\"https:\/\/bolting.eu\/en\/shop\/petzl-oscillante-umlenkrolle\/#local-main-place-address\",\"streetAddress\":\"Fischnalerstra\u00dfe 4\",\"addressLocality\":\"Innsbruck\",\"postalCode\":\"6020\",\"addressRegion\":\"Tirol\",\"addressCountry\":\"AT\"},{\"@type\":\"ImageObject\",\"inLanguage\":\"en-US\",\"@id\":\"https:\/\/bolting.eu\/en\/shop\/petzl-oscillante-umlenkrolle\/#local-main-organization-logo\",\"url\":\"https:\/\/bolting.eu\/wp-content\/uploads\/2019\/09\/bolting-logo.png\",\"contentUrl\":\"https:\/\/bolting.eu\/wp-content\/uploads\/2019\/09\/bolting-logo.png\",\"width\":400,\"height\":211,\"caption\":\"bolting.eu\"}]}<\/script>\n<meta property=\"product:price:amount\" content=\"19.00\" \/>\n<meta property=\"product:price:currency\" content=\"EUR\" \/>\n<meta property=\"og:availability\" content=\"instock\" \/>\n<meta property=\"product:availability\" content=\"instock\" \/>\n<meta property=\"product:retailer_item_id\" content=\"P02A\" \/>\n<meta property=\"product:condition\" content=\"new\" \/>\n<meta name=\"geo.placename\" content=\"Innsbruck\" \/>\n<meta name=\"geo.position\" content=\"47.264176340396226;11.380109057672346\" \/>\n<meta name=\"geo.region\" content=\"Austria\" \/>\n<!-- \/ Yoast SEO Premium plugin. -->","yoast_head_json":{"title":"Petzl Oscillante Umlenkrolle - Spaltenbergung & Flaschenz\u00fcge | bolting.eu","description":"Hier findest Du die PETZL OSCILLANE Umlenkrolle mit 71% Wirkungsgrad. Perfekt f\u00fcr Spaltenbergung und behelfsm\u00e4\u00dfige Flaschenz\u00fcge.","robots":{"index":"index","follow":"follow","max-snippet":"max-snippet:-1","max-image-preview":"max-image-preview:large","max-video-preview":"max-video-preview:-1"},"canonical":"https:\/\/bolting.eu\/en\/shop\/petzl-oscillante-umlenkrolle\/","og_locale":"en_US","og_type":"article","og_title":"Petzl Oscillante Umlenkrolle","og_description":"Hier findest Du die PETZL OSCILLANE Umlenkrolle mit 71% Wirkungsgrad. Perfekt f\u00fcr Spaltenbergung und behelfsm\u00e4\u00dfige Flaschenz\u00fcge.","og_url":"https:\/\/bolting.eu\/en\/shop\/petzl-oscillante-umlenkrolle\/","og_site_name":"bolting.eu","article_publisher":"https:\/\/www.facebook.com\/bolting.eu","article_modified_time":"2025-12-17T16:35:50+00:00","og_image":[{"width":700,"height":700,"url":"https:\/\/bolting.eu\/wp-content\/uploads\/2021\/07\/Petzl-Oscillante-Umlenkrolle-1.jpg","type":"image\/jpeg"}],"twitter_card":"summary_large_image","twitter_misc":{"Price":"&euro;&nbsp;19,00","Availability":"In stock"},"schema":{"@context":"https:\/\/schema.org","@graph":[{"@type":["WebPage","ItemPage"],"@id":"https:\/\/bolting.eu\/en\/shop\/petzl-oscillante-umlenkrolle\/","url":"https:\/\/bolting.eu\/en\/shop\/petzl-oscillante-umlenkrolle\/","name":"Petzl Oscillante Umlenkrolle - Spaltenbergung & Flaschenz\u00fcge | bolting.eu","isPartOf":{"@id":"https:\/\/bolting.eu\/en\/#website"},"primaryImageOfPage":{"@id":"https:\/\/bolting.eu\/en\/shop\/petzl-oscillante-umlenkrolle\/#primaryimage"},"image":{"@id":"https:\/\/bolting.eu\/en\/shop\/petzl-oscillante-umlenkrolle\/#primaryimage"},"thumbnailUrl":"https:\/\/bolting.eu\/wp-content\/uploads\/2021\/07\/Petzl-Oscillante-Umlenkrolle-1.jpg","datePublished":"2021-07-13T10:22:55+00:00","dateModified":"2025-12-17T16:35:50+00:00","description":"Hier findest Du die PETZL OSCILLANE Umlenkrolle mit 71% Wirkungsgrad. Perfekt f\u00fcr Spaltenbergung und behelfsm\u00e4\u00dfige Flaschenz\u00fcge.","breadcrumb":{"@id":"https:\/\/bolting.eu\/en\/shop\/petzl-oscillante-umlenkrolle\/#breadcrumb"},"inLanguage":"en-US","potentialAction":[{"@type":"ReadAction","target":["https:\/\/bolting.eu\/en\/shop\/petzl-oscillante-umlenkrolle\/"]}]},{"@type":"ImageObject","inLanguage":"en-US","@id":"https:\/\/bolting.eu\/en\/shop\/petzl-oscillante-umlenkrolle\/#primaryimage","url":"https:\/\/bolting.eu\/wp-content\/uploads\/2021\/07\/Petzl-Oscillante-Umlenkrolle-1.jpg","contentUrl":"https:\/\/bolting.eu\/wp-content\/uploads\/2021\/07\/Petzl-Oscillante-Umlenkrolle-1.jpg","width":700,"height":700,"caption":"Das Bild zeigt die grau-orange Petzl Oscillante Umlenkrolle. MAn erkennt die eingravierten Symbole und Daten am seitlichen Alu-Rahmen."},{"@type":"BreadcrumbList","@id":"https:\/\/bolting.eu\/en\/shop\/petzl-oscillante-umlenkrolle\/#breadcrumb","itemListElement":[{"@type":"ListItem","position":1,"name":"Shop","item":"https:\/\/bolting.eu\/en\/shop\/"},{"@type":"ListItem","position":2,"name":"climbing equipment","item":"https:\/\/bolting.eu\/en\/produkt-kategorie\/climbing-equipment\/"},{"@type":"ListItem","position":3,"name":"Seilrollen","item":"https:\/\/bolting.eu\/produkt-kategorie\/kletterausruestung\/seilrollen\/"},{"@type":"ListItem","position":4,"name":"Petzl Oscillante Umlenkrolle"}]},{"@type":"WebSite","@id":"https:\/\/bolting.eu\/en\/#website","url":"https:\/\/bolting.eu\/en\/","name":"bolting.eu","description":"we make climbs happen","publisher":{"@id":"https:\/\/bolting.eu\/en\/#organization"},"potentialAction":[{"@type":"SearchAction","target":{"@type":"EntryPoint","urlTemplate":"https:\/\/bolting.eu\/en\/?s={search_term_string}"},"query-input":{"@type":"PropertyValueSpecification","valueRequired":true,"valueName":"search_term_string"}}],"inLanguage":"en-US"},{"@type":["Organization","Place","SportingGoodsStore"],"@id":"https:\/\/bolting.eu\/en\/#organization","name":"bolting.eu","url":"https:\/\/bolting.eu\/en\/","logo":{"@id":"https:\/\/bolting.eu\/en\/shop\/petzl-oscillante-umlenkrolle\/#local-main-organization-logo"},"image":{"@id":"https:\/\/bolting.eu\/en\/shop\/petzl-oscillante-umlenkrolle\/#local-main-organization-logo"},"sameAs":["https:\/\/www.facebook.com\/bolting.eu","https:\/\/www.instagram.com\/bolting.eu\/"],"address":{"@id":"https:\/\/bolting.eu\/en\/shop\/petzl-oscillante-umlenkrolle\/#local-main-place-address"},"geo":{"@type":"GeoCoordinates","latitude":"47.264176340396226","longitude":"11.380109057672346"},"telephone":["+43 699 19083372"],"openingHoursSpecification":[{"@type":"OpeningHoursSpecification","dayOfWeek":["Monday","Wednesday","Friday"],"opens":"14:00","closes":"18:00"},{"@type":"OpeningHoursSpecification","dayOfWeek":["Tuesday","Thursday","Saturday","Sunday"],"opens":"00:00","closes":"00:00"}],"email":"office@bolting.eu","vatID":"ATU59999728","priceRange":"$$","currenciesAccepted":"Euro"},{"@type":"PostalAddress","@id":"https:\/\/bolting.eu\/en\/shop\/petzl-oscillante-umlenkrolle\/#local-main-place-address","streetAddress":"Fischnalerstra\u00dfe 4","addressLocality":"Innsbruck","postalCode":"6020","addressRegion":"Tirol","addressCountry":"AT"},{"@type":"ImageObject","inLanguage":"en-US","@id":"https:\/\/bolting.eu\/en\/shop\/petzl-oscillante-umlenkrolle\/#local-main-organization-logo","url":"https:\/\/bolting.eu\/wp-content\/uploads\/2019\/09\/bolting-logo.png","contentUrl":"https:\/\/bolting.eu\/wp-content\/uploads\/2019\/09\/bolting-logo.png","width":400,"height":211,"caption":"bolting.eu"}]},"product_price_amount":"19.00","product_price_currency":"EUR","og_availability":"instock","product_availability":"instock","product_retailer_item_id":"P02A","product_condition":"new","geo.placename":"Innsbruck","geo.position":{"lat":"47.264176340396226","long":"11.380109057672346"},"geo.region":"Austria"},"_links":{"self":[{"href":"https:\/\/bolting.eu\/en\/wp-json\/wp\/v2\/product\/9209","targetHints":{"allow":["GET"]}}],"collection":[{"href":"https:\/\/bolting.eu\/en\/wp-json\/wp\/v2\/product"}],"about":[{"href":"https:\/\/bolting.eu\/en\/wp-json\/wp\/v2\/types\/product"}],"replies":[{"embeddable":true,"href":"https:\/\/bolting.eu\/en\/wp-json\/wp\/v2\/comments?post=9209"}],"wp:featuredmedia":[{"embeddable":true,"href":"https:\/\/bolting.eu\/en\/wp-json\/wp\/v2\/media\/9211"}],"wp:attachment":[{"href":"https:\/\/bolting.eu\/en\/wp-json\/wp\/v2\/media?parent=9209"}],"wp:term":[{"taxonomy":"product_brand","embeddable":true,"href":"https:\/\/bolting.eu\/en\/wp-json\/wp\/v2\/product_brand?post=9209"},{"taxonomy":"product_cat","embeddable":true,"href":"https:\/\/bolting.eu\/en\/wp-json\/wp\/v2\/product_cat?post=9209"},{"taxonomy":"product_tag","embeddable":true,"href":"https:\/\/bolting.eu\/en\/wp-json\/wp\/v2\/product_tag?post=9209"}],"curies":[{"name":"wp","href":"https:\/\/api.w.org\/{rel}","templated":true}]}}