{"id":9203,"date":"2021-07-12T18:33:30","date_gmt":"2021-07-12T16:33:30","guid":{"rendered":"https:\/\/bolting.eu\/?post_type=product&#038;p=9203"},"modified":"2026-04-10T19:13:08","modified_gmt":"2026-04-10T17:13:08","slug":"petzl-asapsorber","status":"publish","type":"product","link":"https:\/\/bolting.eu\/en\/shop\/petzl-asapsorber\/","title":{"rendered":"Petzl Asapsorber"},"content":{"rendered":"<p>Der Petzl Asapsorber ist ein Bandfalld\u00e4mpfer f\u00fcr die mitlaufenden Auffangger\u00e4te ASAP oder ASAP LOCK. Dieser Falld\u00e4mpfer entfaltet seine Wirkung, sollte das tragende Hauptseil rei\u00dfen und die &#8220;back-up line&#8221; belastet werden. Somit wird der Fangsto\u00df wesentlich ged\u00e4mpft.<\/p>\n<p><a href=\"https:\/\/bolting.eu\/wp-content\/uploads\/2021\/07\/petzl-Asapsorber-2.jpeg\"><img loading=\"lazy\" decoding=\"async\" class=\"alignleft wp-image-9205 size-thumbnail\" src=\"https:\/\/bolting.eu\/wp-content\/uploads\/2021\/07\/petzl-Asapsorber-2-280x280.jpeg\" alt=\"Das Bild zeigt eine Grafik zum Petzl Asapsorber Bandfalld\u00e4mpfer.\" width=\"280\" height=\"280\" srcset=\"https:\/\/bolting.eu\/wp-content\/uploads\/2021\/07\/petzl-Asapsorber-2-280x280.jpeg 280w, https:\/\/bolting.eu\/wp-content\/uploads\/2021\/07\/petzl-Asapsorber-2-247x247.jpeg 247w, https:\/\/bolting.eu\/wp-content\/uploads\/2021\/07\/petzl-Asapsorber-2-100x100.jpeg 100w, https:\/\/bolting.eu\/wp-content\/uploads\/2021\/07\/petzl-Asapsorber-2-510x510.jpeg 510w, https:\/\/bolting.eu\/wp-content\/uploads\/2021\/07\/petzl-Asapsorber-2-400x400.jpeg 400w, https:\/\/bolting.eu\/wp-content\/uploads\/2021\/07\/petzl-Asapsorber-2-300x300.jpeg 300w, https:\/\/bolting.eu\/wp-content\/uploads\/2021\/07\/petzl-Asapsorber-2-600x600.jpeg 600w, https:\/\/bolting.eu\/wp-content\/uploads\/2021\/07\/petzl-Asapsorber-2.jpeg 700w\" sizes=\"auto, (max-width: 280px) 100vw, 280px\" \/><\/a>Der Falld\u00e4mpfer erm\u00f6glicht zudem das Arbeiten in ansprechender Entfernung von der &#8220;back-up line&#8221;.<\/p>\n<p>Dieses Produkt ist in zwei L\u00e4ngen verf\u00fcgbar. Zum einen in 20cm. und zum anderen in 40cm. Dadurch hat man mehr Spielraum hinsichtlich des Seilabstandes.<\/p>\n<p>Wir empfehlen es vor allem Erschlie\u00dfern die redundant arbeiten wollen. Denn was bei H\u00f6henarbeitern bereits normaler Standard ist, beginnt sich bei Arbeiten wir <a href=\"https:\/\/bolting.eu\/klettersteigbau\/\">Klettersteigbau<\/a> oder <a href=\"https:\/\/bolting.eu\/kletter-infrastruktur\/klettergarten-sanierung\/\">Klettergarten Sanierung<\/a> erst langsam durchzusetzen.<\/p>\n<h2>Eigenschaften Petzl Asapsorber<\/h2>\n<ul>\n<li>Hersteller: Petzl<\/li>\n<li>Material: Polyamid, Polyester<\/li>\n<li>Normen: EN 355 bzw. ANSI Z359<\/li>\n<li>L\u00e4ngen: 20cm bzw. 40cm<\/li>\n<li>Gewicht: 125 Gramm bzw. 145 Gramm<\/li>\n<li>Bandfalld\u00e4mpfer f\u00fcr Petzl ASA bzw. ASAP LOCK<\/li>\n<li>nimmt die Fallenergie auf<\/li>\n<li>erlaubt abseits der &#8220;back-up line&#8221; zu arbeiten<\/li>\n<li>nicht als normaler Bandfalld\u00e4mpfer verwendbar<\/li>\n<li>f\u00fcr Personen von 50-130kg<\/li>\n<\/ul>\n<h3>D\u00e4mpft Fall in &#8220;back-up line&#8221;<\/h3>\n<p>Beim redundanten Arbeiten wird als &#8220;back up line&#8221; in der Regel ein semistatisches Seil mit geringem Fangsto\u00df verwendet. D.h. ein direkter Sturz in ein solches Seil w\u00fcrde wohl schwere Verletzungen mit sich bringen.<\/p>\n<p>Deswegen braucht man den Petzl Asapsorber Bandfalld\u00e4mpfer. Denn er &#8220;federt&#8221; die\u00a0 Fallenergie ab, sollte die &#8220;main line&#8221; rei\u00dfen und man in sein mitlaufendes Auffangger\u00e4t st\u00fcrzen.<\/p>\n<h3>Petzl Asapsorber: 20cm und 40cm<\/h3>\n<p>Wir empfehlen euch den Bandfalld\u00e4mpfer je nach ben\u00f6tigtem &#8220;Freiheitsgrad&#8221; bei seinen Arbeiten zu kaufen.<\/p>\n<p>Sol die &#8220;back up line&#8221; sehr nahe bleiben, dann ist die 20cm Variante die richtige Wahl. Soll sie weiter weg sein, dann ist die 40cm Variante optimal.<\/p>\n","protected":false},"excerpt":{"rendered":"<p>Kompakter Bandfalld\u00e4mpfer mit L\u00e4ngen 20cm oder 40cm f\u00fcr Personengewicht 50 &#8211; 130kg.<\/p>\n<p>Ideal f\u00fcr Arbeiten an Absturzsicherungen wie D\u00e4chern oder Geb\u00e4udevorspr\u00fcngen.<\/p>\n<p>Versandkostenfrei bis 2kg in\u00a0<img decoding=\"async\" class=\"emoji\" role=\"img\" draggable=\"false\" src=\"https:\/\/s.w.org\/images\/core\/emoji\/14.0.0\/svg\/1f1e6-1f1f9.svg\" alt=\"\ud83c\udde6\ud83c\uddf9\" \/>\u00a0ab \u20ac 100,- und\u00a0<img decoding=\"async\" class=\"emoji\" role=\"img\" draggable=\"false\" src=\"https:\/\/s.w.org\/images\/core\/emoji\/14.0.0\/svg\/1f1e9-1f1ea.svg\" alt=\"\ud83c\udde9\ud83c\uddea\" \/>\u00a0ab \u20ac 200,-!<\/p>\n<p>&nbsp;<\/p>\n","protected":false},"featured_media":9204,"comment_status":"open","ping_status":"closed","template":"","meta":[],"product_brand":[],"product_cat":[14055,14093,14513,14741,1210,13878,14054],"product_tag":[],"class_list":{"0":"post-9203","1":"product","2":"type-product","3":"status-publish","4":"has-post-thumbnail","6":"product_cat-absturzsicherung","7":"product_cat-petzl","8":"product_cat-industriekletter-ausruestung","9":"product_cat-bandfalldaempfer","10":"product_cat-einbohrartikel","11":"product_cat-test","12":"product_cat-schutzausruestung","14":"first","15":"instock","16":"taxable","17":"shipping-taxable","18":"purchasable","19":"product-type-variable"},"yoast_head":"<!-- This site is optimized with the Yoast SEO Premium plugin v26.9 (Yoast SEO v26.9) - https:\/\/yoast.com\/product\/yoast-seo-premium-wordpress\/ -->\n<title>Petzl Asapsorber - Bandfalld\u00e4mpfer f\u00fcr Petzl ASAP | bolting.eu<\/title>\n<meta name=\"description\" content=\"PETZL ASAPSORBER beim Industriekletterprofi kaufen \u2705 Trusted Shop \u2705 kostenloser Versand* \u2705 14 Tage R\u00fcckgaberecht \u2705 Co2 neutrale Zustellung\" \/>\n<meta name=\"robots\" content=\"index, follow, max-snippet:-1, max-image-preview:large, max-video-preview:-1\" \/>\n<link rel=\"canonical\" href=\"https:\/\/bolting.eu\/en\/shop\/petzl-asapsorber\/\" \/>\n<meta property=\"og:locale\" content=\"en_US\" \/>\n<meta property=\"og:type\" content=\"article\" \/>\n<meta property=\"og:title\" content=\"Petzl Asapsorber\" \/>\n<meta property=\"og:description\" content=\"PETZL ASAPSORBER beim Industriekletterprofi kaufen \u2705 Trusted Shop \u2705 kostenloser Versand* \u2705 14 Tage R\u00fcckgaberecht \u2705 Co2 neutrale Zustellung\" \/>\n<meta property=\"og:url\" content=\"https:\/\/bolting.eu\/en\/shop\/petzl-asapsorber\/\" \/>\n<meta property=\"og:site_name\" content=\"bolting.eu\" \/>\n<meta property=\"article:publisher\" content=\"https:\/\/www.facebook.com\/bolting.eu\" \/>\n<meta property=\"article:modified_time\" content=\"2026-04-10T17:13:08+00:00\" \/>\n<meta property=\"og:image\" content=\"https:\/\/bolting.eu\/wp-content\/uploads\/2021\/07\/petzl-Asapsorber-1.jpeg\" \/>\n\t<meta property=\"og:image:width\" content=\"700\" \/>\n\t<meta property=\"og:image:height\" content=\"700\" \/>\n\t<meta property=\"og:image:type\" content=\"image\/jpeg\" \/>\n<meta name=\"twitter:card\" content=\"summary_large_image\" \/>\n<meta name=\"twitter:label1\" content=\"Availability\" \/>\n\t<meta name=\"twitter:data1\" content=\"In stock\" \/>\n<script type=\"application\/ld+json\" class=\"yoast-schema-graph\">{\"@context\":\"https:\/\/schema.org\",\"@graph\":[{\"@type\":[\"WebPage\",\"ItemPage\"],\"@id\":\"https:\/\/bolting.eu\/en\/shop\/petzl-asapsorber\/\",\"url\":\"https:\/\/bolting.eu\/en\/shop\/petzl-asapsorber\/\",\"name\":\"Petzl Asapsorber - Bandfalld\u00e4mpfer f\u00fcr Petzl ASAP | bolting.eu\",\"isPartOf\":{\"@id\":\"https:\/\/bolting.eu\/en\/#website\"},\"primaryImageOfPage\":{\"@id\":\"https:\/\/bolting.eu\/en\/shop\/petzl-asapsorber\/#primaryimage\"},\"image\":{\"@id\":\"https:\/\/bolting.eu\/en\/shop\/petzl-asapsorber\/#primaryimage\"},\"thumbnailUrl\":\"https:\/\/bolting.eu\/wp-content\/uploads\/2021\/07\/petzl-Asapsorber-1.jpeg\",\"datePublished\":\"2021-07-12T16:33:30+00:00\",\"dateModified\":\"2026-04-10T17:13:08+00:00\",\"description\":\"PETZL ASAPSORBER beim Industriekletterprofi kaufen \u2705 Trusted Shop \u2705 kostenloser Versand* \u2705 14 Tage R\u00fcckgaberecht \u2705 Co2 neutrale Zustellung\",\"breadcrumb\":{\"@id\":\"https:\/\/bolting.eu\/en\/shop\/petzl-asapsorber\/#breadcrumb\"},\"inLanguage\":\"en-US\",\"potentialAction\":[{\"@type\":\"ReadAction\",\"target\":[\"https:\/\/bolting.eu\/en\/shop\/petzl-asapsorber\/\"]}]},{\"@type\":\"ImageObject\",\"inLanguage\":\"en-US\",\"@id\":\"https:\/\/bolting.eu\/en\/shop\/petzl-asapsorber\/#primaryimage\",\"url\":\"https:\/\/bolting.eu\/wp-content\/uploads\/2021\/07\/petzl-Asapsorber-1.jpeg\",\"contentUrl\":\"https:\/\/bolting.eu\/wp-content\/uploads\/2021\/07\/petzl-Asapsorber-1.jpeg\",\"width\":700,\"height\":700,\"caption\":\"das Bild zeigt den schwarz-gelben Petzl Asapsorber Bandfalld\u00e4mpfer.\"},{\"@type\":\"BreadcrumbList\",\"@id\":\"https:\/\/bolting.eu\/en\/shop\/petzl-asapsorber\/#breadcrumb\",\"itemListElement\":[{\"@type\":\"ListItem\",\"position\":1,\"name\":\"Shop\",\"item\":\"https:\/\/bolting.eu\/en\/shop\/\"},{\"@type\":\"ListItem\",\"position\":2,\"name\":\"Industrial climbing gear\",\"item\":\"https:\/\/bolting.eu\/en\/produkt-kategorie\/industrial-climbing-gear\/\"},{\"@type\":\"ListItem\",\"position\":3,\"name\":\"Belt energy absorber\",\"item\":\"https:\/\/bolting.eu\/en\/produkt-kategorie\/belt-energy-absorber\/\"},{\"@type\":\"ListItem\",\"position\":4,\"name\":\"Petzl Asapsorber\"}]},{\"@type\":\"WebSite\",\"@id\":\"https:\/\/bolting.eu\/en\/#website\",\"url\":\"https:\/\/bolting.eu\/en\/\",\"name\":\"bolting.eu\",\"description\":\"we make climbs happen\",\"publisher\":{\"@id\":\"https:\/\/bolting.eu\/en\/#organization\"},\"potentialAction\":[{\"@type\":\"SearchAction\",\"target\":{\"@type\":\"EntryPoint\",\"urlTemplate\":\"https:\/\/bolting.eu\/en\/?s={search_term_string}\"},\"query-input\":{\"@type\":\"PropertyValueSpecification\",\"valueRequired\":true,\"valueName\":\"search_term_string\"}}],\"inLanguage\":\"en-US\"},{\"@type\":[\"Organization\",\"Place\",\"SportingGoodsStore\"],\"@id\":\"https:\/\/bolting.eu\/en\/#organization\",\"name\":\"bolting.eu\",\"url\":\"https:\/\/bolting.eu\/en\/\",\"logo\":{\"@id\":\"https:\/\/bolting.eu\/en\/shop\/petzl-asapsorber\/#local-main-organization-logo\"},\"image\":{\"@id\":\"https:\/\/bolting.eu\/en\/shop\/petzl-asapsorber\/#local-main-organization-logo\"},\"sameAs\":[\"https:\/\/www.facebook.com\/bolting.eu\",\"https:\/\/www.instagram.com\/bolting.eu\/\"],\"address\":{\"@id\":\"https:\/\/bolting.eu\/en\/shop\/petzl-asapsorber\/#local-main-place-address\"},\"geo\":{\"@type\":\"GeoCoordinates\",\"latitude\":\"47.264176340396226\",\"longitude\":\"11.380109057672346\"},\"telephone\":[\"+43 699 19083372\"],\"openingHoursSpecification\":[{\"@type\":\"OpeningHoursSpecification\",\"dayOfWeek\":[\"Monday\",\"Wednesday\",\"Friday\"],\"opens\":\"14:00\",\"closes\":\"18:00\"},{\"@type\":\"OpeningHoursSpecification\",\"dayOfWeek\":[\"Tuesday\",\"Thursday\",\"Saturday\",\"Sunday\"],\"opens\":\"00:00\",\"closes\":\"00:00\"}],\"email\":\"office@bolting.eu\",\"vatID\":\"ATU59999728\",\"priceRange\":\"$$\",\"currenciesAccepted\":\"Euro\"},{\"@type\":\"PostalAddress\",\"@id\":\"https:\/\/bolting.eu\/en\/shop\/petzl-asapsorber\/#local-main-place-address\",\"streetAddress\":\"Fischnalerstra\u00dfe 4\",\"addressLocality\":\"Innsbruck\",\"postalCode\":\"6020\",\"addressRegion\":\"Tirol\",\"addressCountry\":\"AT\"},{\"@type\":\"ImageObject\",\"inLanguage\":\"en-US\",\"@id\":\"https:\/\/bolting.eu\/en\/shop\/petzl-asapsorber\/#local-main-organization-logo\",\"url\":\"https:\/\/bolting.eu\/wp-content\/uploads\/2019\/09\/bolting-logo.png\",\"contentUrl\":\"https:\/\/bolting.eu\/wp-content\/uploads\/2019\/09\/bolting-logo.png\",\"width\":400,\"height\":211,\"caption\":\"bolting.eu\"}]}<\/script>\n<meta property=\"og:availability\" content=\"instock\" \/>\n<meta property=\"product:availability\" content=\"instock\" \/>\n<meta property=\"product:condition\" content=\"new\" \/>\n<meta name=\"geo.placename\" content=\"Innsbruck\" \/>\n<meta name=\"geo.position\" content=\"47.264176340396226;11.380109057672346\" \/>\n<meta name=\"geo.region\" content=\"Austria\" \/>\n<!-- \/ Yoast SEO Premium plugin. -->","yoast_head_json":{"title":"Petzl Asapsorber - Bandfalld\u00e4mpfer f\u00fcr Petzl ASAP | bolting.eu","description":"PETZL ASAPSORBER beim Industriekletterprofi kaufen \u2705 Trusted Shop \u2705 kostenloser Versand* \u2705 14 Tage R\u00fcckgaberecht \u2705 Co2 neutrale Zustellung","robots":{"index":"index","follow":"follow","max-snippet":"max-snippet:-1","max-image-preview":"max-image-preview:large","max-video-preview":"max-video-preview:-1"},"canonical":"https:\/\/bolting.eu\/en\/shop\/petzl-asapsorber\/","og_locale":"en_US","og_type":"article","og_title":"Petzl Asapsorber","og_description":"PETZL ASAPSORBER beim Industriekletterprofi kaufen \u2705 Trusted Shop \u2705 kostenloser Versand* \u2705 14 Tage R\u00fcckgaberecht \u2705 Co2 neutrale Zustellung","og_url":"https:\/\/bolting.eu\/en\/shop\/petzl-asapsorber\/","og_site_name":"bolting.eu","article_publisher":"https:\/\/www.facebook.com\/bolting.eu","article_modified_time":"2026-04-10T17:13:08+00:00","og_image":[{"width":700,"height":700,"url":"https:\/\/bolting.eu\/wp-content\/uploads\/2021\/07\/petzl-Asapsorber-1.jpeg","type":"image\/jpeg"}],"twitter_card":"summary_large_image","twitter_misc":{"Availability":"In stock"},"schema":{"@context":"https:\/\/schema.org","@graph":[{"@type":["WebPage","ItemPage"],"@id":"https:\/\/bolting.eu\/en\/shop\/petzl-asapsorber\/","url":"https:\/\/bolting.eu\/en\/shop\/petzl-asapsorber\/","name":"Petzl Asapsorber - Bandfalld\u00e4mpfer f\u00fcr Petzl ASAP | bolting.eu","isPartOf":{"@id":"https:\/\/bolting.eu\/en\/#website"},"primaryImageOfPage":{"@id":"https:\/\/bolting.eu\/en\/shop\/petzl-asapsorber\/#primaryimage"},"image":{"@id":"https:\/\/bolting.eu\/en\/shop\/petzl-asapsorber\/#primaryimage"},"thumbnailUrl":"https:\/\/bolting.eu\/wp-content\/uploads\/2021\/07\/petzl-Asapsorber-1.jpeg","datePublished":"2021-07-12T16:33:30+00:00","dateModified":"2026-04-10T17:13:08+00:00","description":"PETZL ASAPSORBER beim Industriekletterprofi kaufen \u2705 Trusted Shop \u2705 kostenloser Versand* \u2705 14 Tage R\u00fcckgaberecht \u2705 Co2 neutrale Zustellung","breadcrumb":{"@id":"https:\/\/bolting.eu\/en\/shop\/petzl-asapsorber\/#breadcrumb"},"inLanguage":"en-US","potentialAction":[{"@type":"ReadAction","target":["https:\/\/bolting.eu\/en\/shop\/petzl-asapsorber\/"]}]},{"@type":"ImageObject","inLanguage":"en-US","@id":"https:\/\/bolting.eu\/en\/shop\/petzl-asapsorber\/#primaryimage","url":"https:\/\/bolting.eu\/wp-content\/uploads\/2021\/07\/petzl-Asapsorber-1.jpeg","contentUrl":"https:\/\/bolting.eu\/wp-content\/uploads\/2021\/07\/petzl-Asapsorber-1.jpeg","width":700,"height":700,"caption":"das Bild zeigt den schwarz-gelben Petzl Asapsorber Bandfalld\u00e4mpfer."},{"@type":"BreadcrumbList","@id":"https:\/\/bolting.eu\/en\/shop\/petzl-asapsorber\/#breadcrumb","itemListElement":[{"@type":"ListItem","position":1,"name":"Shop","item":"https:\/\/bolting.eu\/en\/shop\/"},{"@type":"ListItem","position":2,"name":"Industrial climbing gear","item":"https:\/\/bolting.eu\/en\/produkt-kategorie\/industrial-climbing-gear\/"},{"@type":"ListItem","position":3,"name":"Belt energy absorber","item":"https:\/\/bolting.eu\/en\/produkt-kategorie\/belt-energy-absorber\/"},{"@type":"ListItem","position":4,"name":"Petzl Asapsorber"}]},{"@type":"WebSite","@id":"https:\/\/bolting.eu\/en\/#website","url":"https:\/\/bolting.eu\/en\/","name":"bolting.eu","description":"we make climbs happen","publisher":{"@id":"https:\/\/bolting.eu\/en\/#organization"},"potentialAction":[{"@type":"SearchAction","target":{"@type":"EntryPoint","urlTemplate":"https:\/\/bolting.eu\/en\/?s={search_term_string}"},"query-input":{"@type":"PropertyValueSpecification","valueRequired":true,"valueName":"search_term_string"}}],"inLanguage":"en-US"},{"@type":["Organization","Place","SportingGoodsStore"],"@id":"https:\/\/bolting.eu\/en\/#organization","name":"bolting.eu","url":"https:\/\/bolting.eu\/en\/","logo":{"@id":"https:\/\/bolting.eu\/en\/shop\/petzl-asapsorber\/#local-main-organization-logo"},"image":{"@id":"https:\/\/bolting.eu\/en\/shop\/petzl-asapsorber\/#local-main-organization-logo"},"sameAs":["https:\/\/www.facebook.com\/bolting.eu","https:\/\/www.instagram.com\/bolting.eu\/"],"address":{"@id":"https:\/\/bolting.eu\/en\/shop\/petzl-asapsorber\/#local-main-place-address"},"geo":{"@type":"GeoCoordinates","latitude":"47.264176340396226","longitude":"11.380109057672346"},"telephone":["+43 699 19083372"],"openingHoursSpecification":[{"@type":"OpeningHoursSpecification","dayOfWeek":["Monday","Wednesday","Friday"],"opens":"14:00","closes":"18:00"},{"@type":"OpeningHoursSpecification","dayOfWeek":["Tuesday","Thursday","Saturday","Sunday"],"opens":"00:00","closes":"00:00"}],"email":"office@bolting.eu","vatID":"ATU59999728","priceRange":"$$","currenciesAccepted":"Euro"},{"@type":"PostalAddress","@id":"https:\/\/bolting.eu\/en\/shop\/petzl-asapsorber\/#local-main-place-address","streetAddress":"Fischnalerstra\u00dfe 4","addressLocality":"Innsbruck","postalCode":"6020","addressRegion":"Tirol","addressCountry":"AT"},{"@type":"ImageObject","inLanguage":"en-US","@id":"https:\/\/bolting.eu\/en\/shop\/petzl-asapsorber\/#local-main-organization-logo","url":"https:\/\/bolting.eu\/wp-content\/uploads\/2019\/09\/bolting-logo.png","contentUrl":"https:\/\/bolting.eu\/wp-content\/uploads\/2019\/09\/bolting-logo.png","width":400,"height":211,"caption":"bolting.eu"}]},"og_availability":"instock","product_availability":"instock","product_condition":"new","geo.placename":"Innsbruck","geo.position":{"lat":"47.264176340396226","long":"11.380109057672346"},"geo.region":"Austria"},"_links":{"self":[{"href":"https:\/\/bolting.eu\/en\/wp-json\/wp\/v2\/product\/9203","targetHints":{"allow":["GET"]}}],"collection":[{"href":"https:\/\/bolting.eu\/en\/wp-json\/wp\/v2\/product"}],"about":[{"href":"https:\/\/bolting.eu\/en\/wp-json\/wp\/v2\/types\/product"}],"replies":[{"embeddable":true,"href":"https:\/\/bolting.eu\/en\/wp-json\/wp\/v2\/comments?post=9203"}],"wp:featuredmedia":[{"embeddable":true,"href":"https:\/\/bolting.eu\/en\/wp-json\/wp\/v2\/media\/9204"}],"wp:attachment":[{"href":"https:\/\/bolting.eu\/en\/wp-json\/wp\/v2\/media?parent=9203"}],"wp:term":[{"taxonomy":"product_brand","embeddable":true,"href":"https:\/\/bolting.eu\/en\/wp-json\/wp\/v2\/product_brand?post=9203"},{"taxonomy":"product_cat","embeddable":true,"href":"https:\/\/bolting.eu\/en\/wp-json\/wp\/v2\/product_cat?post=9203"},{"taxonomy":"product_tag","embeddable":true,"href":"https:\/\/bolting.eu\/en\/wp-json\/wp\/v2\/product_tag?post=9203"}],"curies":[{"name":"wp","href":"https:\/\/api.w.org\/{rel}","templated":true}]}}