{"id":9200,"date":"2021-07-12T18:02:10","date_gmt":"2021-07-12T16:02:10","guid":{"rendered":"https:\/\/bolting.eu\/?post_type=product&#038;p=9200"},"modified":"2026-01-14T16:48:40","modified_gmt":"2026-01-14T15:48:40","slug":"petzl-pro-traxion-umlenkrolle-mit-ruecklaufsperre","status":"publish","type":"product","link":"https:\/\/bolting.eu\/en\/shop\/petzl-pro-traxion-umlenkrolle-mit-ruecklaufsperre\/","title":{"rendered":"Petzl Pro Traxion &#8211; Umlenkrolle mit R\u00fccklaufsperre"},"content":{"rendered":"<p>Die Petzl Pro Traxion ist eine spezielle <a href=\"https:\/\/bolting.eu\/produkt-kategorie\/kletterausruestung\/seilrollen\/\">Seilrolle<\/a> \/ Umlenkrolle mit R\u00fccklaufsperre. Denn sie hat einen Wirbel \/ Swivel.<\/p>\n<p>Das bedeutet zwei Dinge. Erstens richtet sich die Rolle ideal nach der Belastungsrichtung aus. Und zweitens k\u00f6nnt ihr die Rolle NACH dem Fixieren beliebig \u00f6ffnen und schlie\u00dfen.<\/p>\n<p>Die Rolle ist mit zwei Karabiner\u00f6sen ausgestattet. Zum einen die gro\u00dfe Aufh\u00e4ngung am Swivel f\u00fcr bis zu zwei Karabiner oder einer <a href=\"https:\/\/bolting.eu\/produkt-kategorie\/kletterausruestung\/bandschlinge\/\">Bandschlinge<\/a>. Und zum anderen die Hilfs\u00f6se auf der Unterseite f\u00fcr das Einrochten von Flaschenz\u00fcgen.<\/p>\n<p>Die Umlenkrolle mit R\u00fccklaufsperre hat dank des gekapselten Kugellagers bzw. 38mm Edelstahl Rolle einen Wirkungsgrad von 95%.<\/p>\n<p>Was die Rolle auszeichnet, sind zwei Modi. Wird die R\u00fccklaufsperre deaktiviert, ist sie eine reine Seilrolle. Wird sie aktiviert, so greift die eigentliche Lastenrolle Funktion mit R\u00fccklaufsperre.<\/p>\n<p>Kurzum. Ein tolles Produkt f\u00fcr alle, die schwere Lasten heben wollen.<\/p>\n<h2>Eigenschaften Pro Traxion<\/h2>\n<ul>\n<li>Hersteller: <a href=\"https:\/\/bolting.eu\/produkt-kategorie\/petzl\/\">Petzl<\/a><\/li>\n<li>Seilrolle <strong>mit R\u00fccklaufsperre und Swivel<\/strong><\/li>\n<li>kann nach Fixieren beliebig ge\u00f6ffnet und geschlossen werden<\/li>\n<li>Material: Alu (H\u00fclle), Edelstahl (Scheibe, R\u00fccklaufsperre, Karabiner\u00f6se), Nylon (Modi-Hebel)<\/li>\n<li>Gewicht: 295 Gramm<\/li>\n<li>Normen: EN 567<\/li>\n<li>f\u00fcr Seile Durchmesser 8 &#8211; 13mm<\/li>\n<li>38mm Seilscheibe mit gekapselten Kugellager<\/li>\n<li>Wirkungsgrad 95%<\/li>\n<li>2 Modi: reine Umlenkrolle bzw. Umlenkrolle mit <strong>R<\/strong>\u00fcck<strong>l<\/strong>auf<strong>s<\/strong>perre <strong>RLS<\/strong><\/li>\n<li>Gebrauchslast Umlenkrolle: 5kN<\/li>\n<li>Bruchlast Umlenkrolle: 2 x 11,5 kN = 23kN<\/li>\n<li>Gebrauchslast Umlenkrolle + RLS: 2,5kN<\/li>\n<li>Bruchlast Umlenkrolle + RLS: 4kN<\/li>\n<li>Mehrweg Sicherheitsriegel f\u00fcr festen Verschluss<\/li>\n<li>roter Warn Indikator wenn man vergisst, Seitenteil ganz zu schlie\u00dfen<\/li>\n<li>gro\u00dfe Aufh\u00e4ngungs\u00f6se am Swivel f\u00fcr 2 Karabiner oder Bandschlinge<\/li>\n<li>kleine \u00d6se auf Unterseite zur Installation von Flaschenz\u00fcgen<\/li>\n<li>kann gut mit Handschuhen bedient werden<\/li>\n<li>empfohlener Karabiner: Petzl OK Triact-Lock<\/li>\n<li><a href=\"https:\/\/www.petzl.com\/sfc\/servlet.shepherd\/version\/download\/0686800000NMqpIAAT\" target=\"_blank\" rel=\"noopener\">Gebrauchsanleitung<\/a><\/li>\n<\/ul>\n<h3>Produktvideo<\/h3>\n<p>Im Folgenden Video stellt Petzl seine Seilrolle mit R\u00fccklaufsperre nochmals ausf\u00fchrlich vor.<\/p>\n<p><iframe loading=\"lazy\" title=\"Petzl PRO TRAXION Overview\" width=\"1020\" height=\"574\" src=\"https:\/\/www.youtube.com\/embed\/SZPsTUPbNEI?feature=oembed\" frameborder=\"0\" allow=\"accelerometer; autoplay; clipboard-write; encrypted-media; gyroscope; picture-in-picture; web-share\" referrerpolicy=\"strict-origin-when-cross-origin\" allowfullscreen><\/iframe><\/p>\n<p>&nbsp;<\/p>\n<p>&nbsp;<\/p>\n<h3>Petzl Pro Traxion bei Big Walls<\/h3>\n<p>Diese Rolle ist DER Standard bei Big Walls. Denn hier ist sie einfach perfekt um Haulbags mit der R\u00fccklaufsperre nachzuziehen. Hier spielt sie alle St\u00e4rken aus und darf in keiner <a href=\"https:\/\/bolting.eu\/big-wall-ausruestung\/\">Big Wall Ausr\u00fcstung<\/a> fehlen.<\/p>\n<p>Vor allem dass man die Rolle zuerst am Stand sicher einh\u00e4ngen kann. Mit dem kleinen seitlichen Hebel kann sie darauf hin ge\u00f6ffnet werden. Erst dann wird das Seil eingelegt.<\/p>\n<p>Weiters extrem praktisch ist die Fixierung f\u00fcr die R\u00fccklaufsperre. Diese wird seitlich mit dem Finger ge\u00f6ffnet und in die Fixierung gedr\u00fcckt. Ein ruck auf die Fixierung selbst kann sie dann wieder l\u00f6sen.<\/p>\n<h3>Umlenkrolle mit R\u00fccklaufsperre &#8211; Einsatzgebiete<\/h3>\n<p>Die Pro Traxion von Petzl wird nat\u00fcrlich auch bei vielen anderen Lasten-Systemen verwendet. Insbesonders bei H\u00f6henarbeiten und Rettungseins\u00e4tzen.<\/p>\n<p>Denn \u00fcberall wo eine automatische R\u00fccklaufsperre gebraucht wird ist sie eine enorme Erleichterung.<\/p>\n<p>Das betrifft zum einen die R\u00fccksicherung von Lasten bzw. Personen. Und zum anderen den Bau von Flaschenz\u00fcgen. In beiden F\u00e4llen spielt die R\u00fccklaufsperre eine zentrale Rolle.<\/p>\n<h3>Pflege<\/h3>\n<p>Reinigt eure Pro Traxion regelm\u00e4\u00dfig von grobem Schmutz. Dabei kann eine alte Zahnb\u00fcrste hilfreich sein. Des weiteren hilft es, die Rolle mit lauwarmen Wasser inkl. <strong>Naturseife<\/strong> abzusp\u00fclen.<\/p>\n<p>Keine normalen Reiniger verwenden, diese enthalten L\u00f6sungsmittel und besch\u00e4digen die Dichtungen der Lager.<\/p>\n<p>Die Seilrolle bzw. Kugellager m\u00fcssen bei dieser Umlenkrolle mit R\u00fccklaufsperre nicht extra geschmiert werden! <strong>KEIN<\/strong> WD40 an diesem Produkt verwenden!<\/p>\n","protected":false},"excerpt":{"rendered":"<p>Leistungsstarke Seilrolle mit Swivel und R\u00fccklaufsperre. Ideal f\u00fcr Rettungsaktionen, H\u00f6henarbeiten und Industriearbeiten.<\/p>\n<p>Kann rein als Umlenkrolle oder mit R\u00fccklaufsperre verwendet werden.<\/p>\n<p>Versandkostenfrei bis 2kg in <img decoding=\"async\" class=\"emoji\" role=\"img\" draggable=\"false\" src=\"https:\/\/s.w.org\/images\/core\/emoji\/13.1.0\/svg\/1f1e6-1f1f9.svg\" alt=\"\ud83c\udde6\ud83c\uddf9\" \/> ab \u20ac 100,- und <img decoding=\"async\" class=\"emoji\" role=\"img\" draggable=\"false\" src=\"https:\/\/s.w.org\/images\/core\/emoji\/13.1.0\/svg\/1f1e9-1f1ea.svg\" alt=\"\ud83c\udde9\ud83c\uddea\" \/> ab \u20ac 200,-!<\/p>\n","protected":false},"featured_media":19236,"comment_status":"open","ping_status":"closed","template":"","meta":[],"product_brand":[],"product_cat":[31,29,14093,4586],"product_tag":[],"class_list":{"0":"post-9200","1":"product","2":"type-product","3":"status-publish","4":"has-post-thumbnail","6":"product_cat-big-wall-ausruestung","7":"product_cat-kletterausruestung","8":"product_cat-petzl","9":"product_cat-seilrollen","11":"first","12":"instock","13":"sale","14":"taxable","15":"shipping-taxable","16":"purchasable","17":"product-type-simple"},"yoast_head":"<!-- This site is optimized with the Yoast SEO Premium plugin v26.9 (Yoast SEO v26.9) - https:\/\/yoast.com\/product\/yoast-seo-premium-wordpress\/ -->\n<title>Petzl Pro Traxion - Umlenkrolle mit R\u00fccklaufsperre | bolting.eu<\/title>\n<meta name=\"description\" content=\"PETZL PRO TRAXION Umlenkrolle mit R\u00fccklaufsperre beim Hardware Profi aus Tirol kaufen \u2705 kostenloser Versand* \u2705 14 Tage R\u00fcckgaberecht \u2705 Co2 neutraler Versand\" \/>\n<meta name=\"robots\" content=\"index, follow, max-snippet:-1, max-image-preview:large, max-video-preview:-1\" \/>\n<link rel=\"canonical\" href=\"https:\/\/bolting.eu\/en\/shop\/petzl-pro-traxion-umlenkrolle-mit-ruecklaufsperre\/\" \/>\n<meta property=\"og:locale\" content=\"en_US\" \/>\n<meta property=\"og:type\" content=\"article\" \/>\n<meta property=\"og:title\" content=\"Petzl Pro Traxion - Umlenkrolle mit R\u00fccklaufsperre\" \/>\n<meta property=\"og:description\" content=\"PETZL PRO TRAXION Umlenkrolle mit R\u00fccklaufsperre beim Hardware Profi aus Tirol kaufen \u2705 kostenloser Versand* \u2705 14 Tage R\u00fcckgaberecht \u2705 Co2 neutraler Versand\" \/>\n<meta property=\"og:url\" content=\"https:\/\/bolting.eu\/en\/shop\/petzl-pro-traxion-umlenkrolle-mit-ruecklaufsperre\/\" \/>\n<meta property=\"og:site_name\" content=\"bolting.eu\" \/>\n<meta property=\"article:publisher\" content=\"https:\/\/www.facebook.com\/bolting.eu\" \/>\n<meta property=\"article:modified_time\" content=\"2026-01-14T15:48:40+00:00\" \/>\n<meta property=\"og:image\" content=\"https:\/\/bolting.eu\/wp-content\/uploads\/2021\/07\/Petzl-Pro-Traxion-11.jpg\" \/>\n\t<meta property=\"og:image:width\" content=\"700\" \/>\n\t<meta property=\"og:image:height\" content=\"700\" \/>\n\t<meta property=\"og:image:type\" content=\"image\/jpeg\" \/>\n<meta name=\"twitter:card\" content=\"summary_large_image\" \/>\n<meta name=\"twitter:label1\" content=\"Price\" \/>\n\t<meta name=\"twitter:data1\" content=\"&euro;&nbsp;147,00\" \/>\n\t<meta name=\"twitter:label2\" content=\"Availability\" \/>\n\t<meta name=\"twitter:data2\" content=\"In stock\" \/>\n<script type=\"application\/ld+json\" class=\"yoast-schema-graph\">{\"@context\":\"https:\/\/schema.org\",\"@graph\":[{\"@type\":[\"WebPage\",\"ItemPage\"],\"@id\":\"https:\/\/bolting.eu\/en\/shop\/petzl-pro-traxion-umlenkrolle-mit-ruecklaufsperre\/\",\"url\":\"https:\/\/bolting.eu\/en\/shop\/petzl-pro-traxion-umlenkrolle-mit-ruecklaufsperre\/\",\"name\":\"Petzl Pro Traxion - Umlenkrolle mit R\u00fccklaufsperre | bolting.eu\",\"isPartOf\":{\"@id\":\"https:\/\/bolting.eu\/en\/#website\"},\"primaryImageOfPage\":{\"@id\":\"https:\/\/bolting.eu\/en\/shop\/petzl-pro-traxion-umlenkrolle-mit-ruecklaufsperre\/#primaryimage\"},\"image\":{\"@id\":\"https:\/\/bolting.eu\/en\/shop\/petzl-pro-traxion-umlenkrolle-mit-ruecklaufsperre\/#primaryimage\"},\"thumbnailUrl\":\"https:\/\/bolting.eu\/wp-content\/uploads\/2021\/07\/Petzl-Pro-Traxion-11.jpg\",\"datePublished\":\"2021-07-12T16:02:10+00:00\",\"dateModified\":\"2026-01-14T15:48:40+00:00\",\"description\":\"PETZL PRO TRAXION Umlenkrolle mit R\u00fccklaufsperre beim Hardware Profi aus Tirol kaufen \u2705 kostenloser Versand* \u2705 14 Tage R\u00fcckgaberecht \u2705 Co2 neutraler Versand\",\"breadcrumb\":{\"@id\":\"https:\/\/bolting.eu\/en\/shop\/petzl-pro-traxion-umlenkrolle-mit-ruecklaufsperre\/#breadcrumb\"},\"inLanguage\":\"en-US\",\"potentialAction\":[{\"@type\":\"ReadAction\",\"target\":[\"https:\/\/bolting.eu\/en\/shop\/petzl-pro-traxion-umlenkrolle-mit-ruecklaufsperre\/\"]}]},{\"@type\":\"ImageObject\",\"inLanguage\":\"en-US\",\"@id\":\"https:\/\/bolting.eu\/en\/shop\/petzl-pro-traxion-umlenkrolle-mit-ruecklaufsperre\/#primaryimage\",\"url\":\"https:\/\/bolting.eu\/wp-content\/uploads\/2021\/07\/Petzl-Pro-Traxion-11.jpg\",\"contentUrl\":\"https:\/\/bolting.eu\/wp-content\/uploads\/2021\/07\/Petzl-Pro-Traxion-11.jpg\",\"width\":700,\"height\":700,\"caption\":\"Golden schwarze Petzl Pro Traxion Seilrolle mit R\u00fccklaufsperre von der Seite mit Logo und Produktnamen.\"},{\"@type\":\"BreadcrumbList\",\"@id\":\"https:\/\/bolting.eu\/en\/shop\/petzl-pro-traxion-umlenkrolle-mit-ruecklaufsperre\/#breadcrumb\",\"itemListElement\":[{\"@type\":\"ListItem\",\"position\":1,\"name\":\"Shop\",\"item\":\"https:\/\/bolting.eu\/en\/shop\/\"},{\"@type\":\"ListItem\",\"position\":2,\"name\":\"climbing equipment\",\"item\":\"https:\/\/bolting.eu\/en\/produkt-kategorie\/climbing-equipment\/\"},{\"@type\":\"ListItem\",\"position\":3,\"name\":\"Seilrollen\",\"item\":\"https:\/\/bolting.eu\/produkt-kategorie\/kletterausruestung\/seilrollen\/\"},{\"@type\":\"ListItem\",\"position\":4,\"name\":\"Petzl Pro Traxion &#8211; Umlenkrolle mit R\u00fccklaufsperre\"}]},{\"@type\":\"WebSite\",\"@id\":\"https:\/\/bolting.eu\/en\/#website\",\"url\":\"https:\/\/bolting.eu\/en\/\",\"name\":\"bolting.eu\",\"description\":\"we make climbs happen\",\"publisher\":{\"@id\":\"https:\/\/bolting.eu\/en\/#organization\"},\"potentialAction\":[{\"@type\":\"SearchAction\",\"target\":{\"@type\":\"EntryPoint\",\"urlTemplate\":\"https:\/\/bolting.eu\/en\/?s={search_term_string}\"},\"query-input\":{\"@type\":\"PropertyValueSpecification\",\"valueRequired\":true,\"valueName\":\"search_term_string\"}}],\"inLanguage\":\"en-US\"},{\"@type\":[\"Organization\",\"Place\",\"SportingGoodsStore\"],\"@id\":\"https:\/\/bolting.eu\/en\/#organization\",\"name\":\"bolting.eu\",\"url\":\"https:\/\/bolting.eu\/en\/\",\"logo\":{\"@id\":\"https:\/\/bolting.eu\/en\/shop\/petzl-pro-traxion-umlenkrolle-mit-ruecklaufsperre\/#local-main-organization-logo\"},\"image\":{\"@id\":\"https:\/\/bolting.eu\/en\/shop\/petzl-pro-traxion-umlenkrolle-mit-ruecklaufsperre\/#local-main-organization-logo\"},\"sameAs\":[\"https:\/\/www.facebook.com\/bolting.eu\",\"https:\/\/www.instagram.com\/bolting.eu\/\"],\"address\":{\"@id\":\"https:\/\/bolting.eu\/en\/shop\/petzl-pro-traxion-umlenkrolle-mit-ruecklaufsperre\/#local-main-place-address\"},\"geo\":{\"@type\":\"GeoCoordinates\",\"latitude\":\"47.264176340396226\",\"longitude\":\"11.380109057672346\"},\"telephone\":[\"+43 699 19083372\"],\"openingHoursSpecification\":[{\"@type\":\"OpeningHoursSpecification\",\"dayOfWeek\":[\"Monday\",\"Wednesday\",\"Friday\"],\"opens\":\"14:00\",\"closes\":\"18:00\"},{\"@type\":\"OpeningHoursSpecification\",\"dayOfWeek\":[\"Tuesday\",\"Thursday\",\"Saturday\",\"Sunday\"],\"opens\":\"00:00\",\"closes\":\"00:00\"}],\"email\":\"office@bolting.eu\",\"vatID\":\"ATU59999728\",\"priceRange\":\"$$\",\"currenciesAccepted\":\"Euro\"},{\"@type\":\"PostalAddress\",\"@id\":\"https:\/\/bolting.eu\/en\/shop\/petzl-pro-traxion-umlenkrolle-mit-ruecklaufsperre\/#local-main-place-address\",\"streetAddress\":\"Fischnalerstra\u00dfe 4\",\"addressLocality\":\"Innsbruck\",\"postalCode\":\"6020\",\"addressRegion\":\"Tirol\",\"addressCountry\":\"AT\"},{\"@type\":\"ImageObject\",\"inLanguage\":\"en-US\",\"@id\":\"https:\/\/bolting.eu\/en\/shop\/petzl-pro-traxion-umlenkrolle-mit-ruecklaufsperre\/#local-main-organization-logo\",\"url\":\"https:\/\/bolting.eu\/wp-content\/uploads\/2019\/09\/bolting-logo.png\",\"contentUrl\":\"https:\/\/bolting.eu\/wp-content\/uploads\/2019\/09\/bolting-logo.png\",\"width\":400,\"height\":211,\"caption\":\"bolting.eu\"}]}<\/script>\n<meta property=\"og:video\" content=\"https:\/\/www.youtube.com\/embed\/SZPsTUPbNEI\" \/>\n<meta property=\"og:video:type\" content=\"text\/html\" \/>\n<meta property=\"og:video:duration\" content=\"149\" \/>\n<meta property=\"og:video:width\" content=\"480\" \/>\n<meta property=\"og:video:height\" content=\"270\" \/>\n<meta property=\"ya:ovs:adult\" content=\"false\" \/>\n<meta property=\"ya:ovs:upload_date\" content=\"2021-07-12T16:02:10+00:00\" \/>\n<meta property=\"ya:ovs:allow_embed\" content=\"true\" \/>\n<meta property=\"product:price:amount\" content=\"147.00\" \/>\n<meta property=\"product:price:currency\" content=\"EUR\" \/>\n<meta property=\"og:availability\" content=\"instock\" \/>\n<meta property=\"product:availability\" content=\"instock\" \/>\n<meta property=\"product:retailer_item_id\" content=\"P055AA00\" \/>\n<meta property=\"product:condition\" content=\"new\" \/>\n<meta name=\"geo.placename\" content=\"Innsbruck\" \/>\n<meta name=\"geo.position\" content=\"47.264176340396226;11.380109057672346\" \/>\n<meta name=\"geo.region\" content=\"Austria\" \/>\n<!-- \/ Yoast SEO Premium plugin. -->","yoast_head_json":{"title":"Petzl Pro Traxion - Umlenkrolle mit R\u00fccklaufsperre | bolting.eu","description":"PETZL PRO TRAXION Umlenkrolle mit R\u00fccklaufsperre beim Hardware Profi aus Tirol kaufen \u2705 kostenloser Versand* \u2705 14 Tage R\u00fcckgaberecht \u2705 Co2 neutraler Versand","robots":{"index":"index","follow":"follow","max-snippet":"max-snippet:-1","max-image-preview":"max-image-preview:large","max-video-preview":"max-video-preview:-1"},"canonical":"https:\/\/bolting.eu\/en\/shop\/petzl-pro-traxion-umlenkrolle-mit-ruecklaufsperre\/","og_locale":"en_US","og_type":"article","og_title":"Petzl Pro Traxion - Umlenkrolle mit R\u00fccklaufsperre","og_description":"PETZL PRO TRAXION Umlenkrolle mit R\u00fccklaufsperre beim Hardware Profi aus Tirol kaufen \u2705 kostenloser Versand* \u2705 14 Tage R\u00fcckgaberecht \u2705 Co2 neutraler Versand","og_url":"https:\/\/bolting.eu\/en\/shop\/petzl-pro-traxion-umlenkrolle-mit-ruecklaufsperre\/","og_site_name":"bolting.eu","article_publisher":"https:\/\/www.facebook.com\/bolting.eu","article_modified_time":"2026-01-14T15:48:40+00:00","og_image":[{"width":700,"height":700,"url":"https:\/\/bolting.eu\/wp-content\/uploads\/2021\/07\/Petzl-Pro-Traxion-11.jpg","type":"image\/jpeg"}],"twitter_card":"summary_large_image","twitter_misc":{"Price":"&euro;&nbsp;147,00","Availability":"In stock"},"schema":{"@context":"https:\/\/schema.org","@graph":[{"@type":["WebPage","ItemPage"],"@id":"https:\/\/bolting.eu\/en\/shop\/petzl-pro-traxion-umlenkrolle-mit-ruecklaufsperre\/","url":"https:\/\/bolting.eu\/en\/shop\/petzl-pro-traxion-umlenkrolle-mit-ruecklaufsperre\/","name":"Petzl Pro Traxion - Umlenkrolle mit R\u00fccklaufsperre | bolting.eu","isPartOf":{"@id":"https:\/\/bolting.eu\/en\/#website"},"primaryImageOfPage":{"@id":"https:\/\/bolting.eu\/en\/shop\/petzl-pro-traxion-umlenkrolle-mit-ruecklaufsperre\/#primaryimage"},"image":{"@id":"https:\/\/bolting.eu\/en\/shop\/petzl-pro-traxion-umlenkrolle-mit-ruecklaufsperre\/#primaryimage"},"thumbnailUrl":"https:\/\/bolting.eu\/wp-content\/uploads\/2021\/07\/Petzl-Pro-Traxion-11.jpg","datePublished":"2021-07-12T16:02:10+00:00","dateModified":"2026-01-14T15:48:40+00:00","description":"PETZL PRO TRAXION Umlenkrolle mit R\u00fccklaufsperre beim Hardware Profi aus Tirol kaufen \u2705 kostenloser Versand* \u2705 14 Tage R\u00fcckgaberecht \u2705 Co2 neutraler Versand","breadcrumb":{"@id":"https:\/\/bolting.eu\/en\/shop\/petzl-pro-traxion-umlenkrolle-mit-ruecklaufsperre\/#breadcrumb"},"inLanguage":"en-US","potentialAction":[{"@type":"ReadAction","target":["https:\/\/bolting.eu\/en\/shop\/petzl-pro-traxion-umlenkrolle-mit-ruecklaufsperre\/"]}]},{"@type":"ImageObject","inLanguage":"en-US","@id":"https:\/\/bolting.eu\/en\/shop\/petzl-pro-traxion-umlenkrolle-mit-ruecklaufsperre\/#primaryimage","url":"https:\/\/bolting.eu\/wp-content\/uploads\/2021\/07\/Petzl-Pro-Traxion-11.jpg","contentUrl":"https:\/\/bolting.eu\/wp-content\/uploads\/2021\/07\/Petzl-Pro-Traxion-11.jpg","width":700,"height":700,"caption":"Golden schwarze Petzl Pro Traxion Seilrolle mit R\u00fccklaufsperre von der Seite mit Logo und Produktnamen."},{"@type":"BreadcrumbList","@id":"https:\/\/bolting.eu\/en\/shop\/petzl-pro-traxion-umlenkrolle-mit-ruecklaufsperre\/#breadcrumb","itemListElement":[{"@type":"ListItem","position":1,"name":"Shop","item":"https:\/\/bolting.eu\/en\/shop\/"},{"@type":"ListItem","position":2,"name":"climbing equipment","item":"https:\/\/bolting.eu\/en\/produkt-kategorie\/climbing-equipment\/"},{"@type":"ListItem","position":3,"name":"Seilrollen","item":"https:\/\/bolting.eu\/produkt-kategorie\/kletterausruestung\/seilrollen\/"},{"@type":"ListItem","position":4,"name":"Petzl Pro Traxion &#8211; Umlenkrolle mit R\u00fccklaufsperre"}]},{"@type":"WebSite","@id":"https:\/\/bolting.eu\/en\/#website","url":"https:\/\/bolting.eu\/en\/","name":"bolting.eu","description":"we make climbs happen","publisher":{"@id":"https:\/\/bolting.eu\/en\/#organization"},"potentialAction":[{"@type":"SearchAction","target":{"@type":"EntryPoint","urlTemplate":"https:\/\/bolting.eu\/en\/?s={search_term_string}"},"query-input":{"@type":"PropertyValueSpecification","valueRequired":true,"valueName":"search_term_string"}}],"inLanguage":"en-US"},{"@type":["Organization","Place","SportingGoodsStore"],"@id":"https:\/\/bolting.eu\/en\/#organization","name":"bolting.eu","url":"https:\/\/bolting.eu\/en\/","logo":{"@id":"https:\/\/bolting.eu\/en\/shop\/petzl-pro-traxion-umlenkrolle-mit-ruecklaufsperre\/#local-main-organization-logo"},"image":{"@id":"https:\/\/bolting.eu\/en\/shop\/petzl-pro-traxion-umlenkrolle-mit-ruecklaufsperre\/#local-main-organization-logo"},"sameAs":["https:\/\/www.facebook.com\/bolting.eu","https:\/\/www.instagram.com\/bolting.eu\/"],"address":{"@id":"https:\/\/bolting.eu\/en\/shop\/petzl-pro-traxion-umlenkrolle-mit-ruecklaufsperre\/#local-main-place-address"},"geo":{"@type":"GeoCoordinates","latitude":"47.264176340396226","longitude":"11.380109057672346"},"telephone":["+43 699 19083372"],"openingHoursSpecification":[{"@type":"OpeningHoursSpecification","dayOfWeek":["Monday","Wednesday","Friday"],"opens":"14:00","closes":"18:00"},{"@type":"OpeningHoursSpecification","dayOfWeek":["Tuesday","Thursday","Saturday","Sunday"],"opens":"00:00","closes":"00:00"}],"email":"office@bolting.eu","vatID":"ATU59999728","priceRange":"$$","currenciesAccepted":"Euro"},{"@type":"PostalAddress","@id":"https:\/\/bolting.eu\/en\/shop\/petzl-pro-traxion-umlenkrolle-mit-ruecklaufsperre\/#local-main-place-address","streetAddress":"Fischnalerstra\u00dfe 4","addressLocality":"Innsbruck","postalCode":"6020","addressRegion":"Tirol","addressCountry":"AT"},{"@type":"ImageObject","inLanguage":"en-US","@id":"https:\/\/bolting.eu\/en\/shop\/petzl-pro-traxion-umlenkrolle-mit-ruecklaufsperre\/#local-main-organization-logo","url":"https:\/\/bolting.eu\/wp-content\/uploads\/2019\/09\/bolting-logo.png","contentUrl":"https:\/\/bolting.eu\/wp-content\/uploads\/2019\/09\/bolting-logo.png","width":400,"height":211,"caption":"bolting.eu"}]},"og_video":"https:\/\/www.youtube.com\/embed\/SZPsTUPbNEI","og_video_type":"text\/html","og_video_duration":"149","og_video_width":"480","og_video_height":"270","ya_ovs_adult":"false","ya_ovs_upload_date":"2021-07-12T16:02:10+00:00","ya_ovs_allow_embed":"true","product_price_amount":"147.00","product_price_currency":"EUR","og_availability":"instock","product_availability":"instock","product_retailer_item_id":"P055AA00","product_condition":"new","geo.placename":"Innsbruck","geo.position":{"lat":"47.264176340396226","long":"11.380109057672346"},"geo.region":"Austria"},"_links":{"self":[{"href":"https:\/\/bolting.eu\/en\/wp-json\/wp\/v2\/product\/9200","targetHints":{"allow":["GET"]}}],"collection":[{"href":"https:\/\/bolting.eu\/en\/wp-json\/wp\/v2\/product"}],"about":[{"href":"https:\/\/bolting.eu\/en\/wp-json\/wp\/v2\/types\/product"}],"replies":[{"embeddable":true,"href":"https:\/\/bolting.eu\/en\/wp-json\/wp\/v2\/comments?post=9200"}],"wp:featuredmedia":[{"embeddable":true,"href":"https:\/\/bolting.eu\/en\/wp-json\/wp\/v2\/media\/19236"}],"wp:attachment":[{"href":"https:\/\/bolting.eu\/en\/wp-json\/wp\/v2\/media?parent=9200"}],"wp:term":[{"taxonomy":"product_brand","embeddable":true,"href":"https:\/\/bolting.eu\/en\/wp-json\/wp\/v2\/product_brand?post=9200"},{"taxonomy":"product_cat","embeddable":true,"href":"https:\/\/bolting.eu\/en\/wp-json\/wp\/v2\/product_cat?post=9200"},{"taxonomy":"product_tag","embeddable":true,"href":"https:\/\/bolting.eu\/en\/wp-json\/wp\/v2\/product_tag?post=9200"}],"curies":[{"name":"wp","href":"https:\/\/api.w.org\/{rel}","templated":true}]}}