{"id":9187,"date":"2021-07-12T16:51:00","date_gmt":"2021-07-12T14:51:00","guid":{"rendered":"https:\/\/bolting.eu\/?post_type=product&#038;p=9187"},"modified":"2026-03-24T10:47:09","modified_gmt":"2026-03-24T09:47:09","slug":"petzl-grigri-2","status":"publish","type":"product","link":"https:\/\/bolting.eu\/en\/shop\/petzl-grigri-2\/","title":{"rendered":"Petzl Grigri 2"},"content":{"rendered":"<p>Das Petzl Grigri 2 ist eines der beliebtesten <a href=\"https:\/\/bolting.eu\/produkt-kategorie\/kletterausruestung\/sicherungsgeraete-klettern\/\">Sicherungsger\u00e4te<\/a> am Markt. Denn dieser Halbautomat hat einerseits eine super verl\u00e4ssliche Blockierunterst\u00fctzung. Und andererseits ein simples Handling, welches mit etwas \u00dcbung (&#8220;Gaswerkmethode&#8221;) sicher ausgef\u00fchrt werden kann.<\/p>\n<p>Dieses Sicherungsger\u00e4t ist f\u00fcr die Verwendung von <a href=\"https:\/\/bolting.eu\/produkt-kategorie\/kletterausruestung\/kletterseil\/\">Kletterseilen<\/a> mit 8,5 bis 11mm ausgelegt. D.h. es hat ein sehr gro\u00dfes Seilspektrum im Vergleich zu vielen anderen Ger\u00e4ten.<\/p>\n<p>Was das Petzl Grigri 2 auszeichnet, ist die Blockierfunktion durch die Klemmnocken im Inneren. Oder besser ausgedr\u00fcckt. Es funktioniert unabh\u00e4ngig von Karabiner den man damit verwendet. Dieser hat ausschlie\u00dflich die Funktion der Fixierung am Gurt.<\/p>\n<p>Solange die Bremshand das Seil umschlie\u00dft, blockiert das Ger\u00e4t extrem verl\u00e4sslich. Des weiteren bleibt die Blockierfunktion bei aufrechter Belastung bestehen.<\/p>\n<p>Fazit. Wer DEN Klassiker unter den Halbautomaten sein Eigen nennen will, der ist hier richtig!<\/p>\n<h2>Eigenschaften Petzl Grigri 2<\/h2>\n<ul>\n<li>Hersteller: Petzl<\/li>\n<li>Material: Alu (H\u00fclle), Edelstahl (Klemmnocken), Nylon (Hebel)<\/li>\n<li>Gewicht: 175 Gramm<\/li>\n<li>Normen: EN 15151<\/li>\n<li>halbautomatisches Sicherungsger\u00e4t<\/li>\n<li>blockiert bei Beachtung Bremshandprinzip<\/li>\n<li>f\u00fcr Kletterseile 8,5 &#8211; 11mm<\/li>\n<li>Farben: grau, blau, orange-rot<\/li>\n<li>Sicherungskarabiner empfohlen<\/li>\n<li><a href=\"https:\/\/www.petzl.com\/sfc\/servlet.shepherd\/version\/download\/06868000001FM6BAAW\" target=\"_blank\" rel=\"noopener\">Gebrauchsanleitung<\/a><\/li>\n<\/ul>\n<h3>Video Petzl Grigri 2<\/h3>\n<p>Im folgenden Video erkl\u00e4rt euch Marc von Einfachklettern perfekt die Eigenschaften dieses Halbautomaten.<\/p>\n<p>Uns gef\u00e4llt die \u00fcbersichtliche Gestaltung des Videos. Zudem sind die Erkl\u00e4rungen logisch aufgebaut und nicht zu schnell. Ein wirklich tolles Erkl\u00e4rungsvideo.<\/p>\n<p><iframe loading=\"lazy\" title=\"YouTube video player\" src=\"https:\/\/www.youtube.com\/embed\/ZyqCMHHRS_o\" width=\"75%\" height=\"450\" frameborder=\"0\" allowfullscreen=\"allowfullscreen\"><span data-mce-type=\"bookmark\" style=\"display: inline-block; width: 0px; overflow: hidden; line-height: 0;\" class=\"mce_SELRES_start\">\ufeff<\/span><\/iframe><\/p>\n<h3>Wieso &#8220;2&#8221;?<\/h3>\n<p>Das Petzl Grigri 2 hat seinen Namen aus folgendem Grund erhalten. Es handelt sich n\u00e4mlich um die 2. Generation dieses Sicherungsger\u00e4tes. Von 1991 bis 2011 gab es ausschlie\u00dflich eine Version. Das &#8220;alte&#8221; quasi.<\/p>\n<p>2011 wurde dann die 2. Genration eingef\u00fchrt. Folglich erhielt das neue Ger\u00e4t den Zusatz &#8220;2&#8221;.<\/p>\n<h3>Achtung &#8211; kein &#8220;Vollautomat&#8221;!<\/h3>\n<figure id=\"attachment_9197\" aria-describedby=\"caption-attachment-9197\" style=\"width: 280px\" class=\"wp-caption alignleft\"><a href=\"https:\/\/bolting.eu\/wp-content\/uploads\/2021\/07\/Petzl-Gri-Gri-2-Bremshandprinzip-1.jpg\"><img loading=\"lazy\" decoding=\"async\" class=\"wp-image-9197 size-thumbnail\" src=\"https:\/\/bolting.eu\/wp-content\/uploads\/2021\/07\/Petzl-Gri-Gri-2-Bremshandprinzip-1-280x280.jpg\" alt=\"Das Bild zeigt in einer Grafik das Bremshandprinzip bei der Verwendung des Petzl Gri Gri 2. Zu sehen ist eine HAnd die in der GAswerkmethode das Ger\u00e4t und das Bremsseil einh\u00e4t.\" width=\"280\" height=\"280\" srcset=\"https:\/\/bolting.eu\/wp-content\/uploads\/2021\/07\/Petzl-Gri-Gri-2-Bremshandprinzip-1-280x280.jpg 280w, https:\/\/bolting.eu\/wp-content\/uploads\/2021\/07\/Petzl-Gri-Gri-2-Bremshandprinzip-1-100x100.jpg 100w, https:\/\/bolting.eu\/wp-content\/uploads\/2021\/07\/Petzl-Gri-Gri-2-Bremshandprinzip-1-300x300.jpg 300w\" sizes=\"auto, (max-width: 280px) 100vw, 280px\" \/><\/a><figcaption id=\"caption-attachment-9197\" class=\"wp-caption-text\">Beachte immer das Bremshandprinzip, wie hier bei der &#8220;Gaswerkmethode&#8221;.<\/figcaption><\/figure>\n<p>Dieses Sicherungsger\u00e4t basiert auf der strikten Beachtung des Bremshandprinzips. D.h. das Bremsseil muss bei einem Sturz immer eingehalten werden, damit das Petzl Grigri 2 blockiert.<\/p>\n<p>Schon mal gesehen? Jemanden der das Ger\u00e4t lediglich mit einer Hand zusammenquetscht. Und mit der anderen Hand nur das F\u00fchrungsseil einh\u00e4lt. Genau passieren die schweren Unf\u00e4lle mit dem Ger\u00e4t!<\/p>\n<p>Deshalb unser Hinweis. \u00dcbt die sogenannte &#8220;Gaswerkmethode&#8221;. Sie ist anfangs zwar etwas gew\u00f6hnungsbed\u00fcrftig. Mit etwas \u00dcbung kann sie jedoch super beherrscht werden. Somit seid ihr viel sicherer unterwegs!<\/p>\n<h3>Was ist der Unterschied zum <a href=\"https:\/\/bolting.eu\/shop\/petzl-grigri-plus\/\">Grigri+<\/a>?<\/h3>\n<p>Das Petzl Grigri 2 ist quasi die &#8220;einfache Version&#8221; dieses Petzl Produktes. Die Version &#8220;+&#8221; hat zus\u00e4tzlich folgende drei Features.<\/p>\n<p>Erstens einen Drehschalter zum Umschalten von Top Rope auf Vorstiegsmodus. Zweitens eine Anti Panic Funktion beim Ablasshebel. Und drittens ist der Falz \u00fcber welchen das Bremsseil l\u00e4uft aus Edelstahl gefertigt. Somit ist er wesentlich abriebfester als der Alu Falz dieses &#8220;normalen&#8221; Modells.<\/p>\n<h3>bolting.eu Praxis Tipp Petzl Grigri 2<\/h3>\n<p><a href=\"https:\/\/bolting.eu\/wp-content\/uploads\/2021\/01\/Edelrid-HMS-Strike-FG-1.jpg\"><img loading=\"lazy\" decoding=\"async\" class=\"alignleft wp-image-7324 size-thumbnail\" src=\"https:\/\/bolting.eu\/wp-content\/uploads\/2021\/01\/Edelrid-HMS-Strike-FG-1-280x280.jpg\" alt=\"as Bild zeigt den silbernen Edelrid HMS Strike FG. Der HMS KArabiner steht aufrecht im Bild, links der Schnapper und unten im kleinen Scheitel der Mini Drahtb\u00fcgel als Verdrehschutz.\" width=\"280\" height=\"280\" srcset=\"https:\/\/bolting.eu\/wp-content\/uploads\/2021\/01\/Edelrid-HMS-Strike-FG-1-280x280.jpg 280w, https:\/\/bolting.eu\/wp-content\/uploads\/2021\/01\/Edelrid-HMS-Strike-FG-1-247x247.jpg 247w, https:\/\/bolting.eu\/wp-content\/uploads\/2021\/01\/Edelrid-HMS-Strike-FG-1-100x100.jpg 100w, https:\/\/bolting.eu\/wp-content\/uploads\/2021\/01\/Edelrid-HMS-Strike-FG-1-510x510.jpg 510w, https:\/\/bolting.eu\/wp-content\/uploads\/2021\/01\/Edelrid-HMS-Strike-FG-1-400x400.jpg 400w, https:\/\/bolting.eu\/wp-content\/uploads\/2021\/01\/Edelrid-HMS-Strike-FG-1-300x300.jpg 300w, https:\/\/bolting.eu\/wp-content\/uploads\/2021\/01\/Edelrid-HMS-Strike-FG-1-600x600.jpg 600w, https:\/\/bolting.eu\/wp-content\/uploads\/2021\/01\/Edelrid-HMS-Strike-FG-1.jpg 700w\" sizes=\"auto, (max-width: 280px) 100vw, 280px\" \/><\/a>Verwendet einen Sicherungskarabiner, der das Ger\u00e4t stabil am Karabiner h\u00e4lt. D.h. es sollte ein Karabiner mit einer kleiner Sicherungsfeder sein, der alles sch\u00f6n in Belastungsrichtung h\u00e4lt.<\/p>\n<p>Somit kann euch der Karabiner zum einen nicht quer in der Sicherungsschlaufe zum Liegen kommen. und andererseits ist ein Verrutschen des Petzl Grigri 2 direkt auf den Schnapper auch nicht m\u00f6glich.<\/p>\n<p>Wie z.B. den <a href=\"https:\/\/bolting.eu\/shop\/dmm-ceros-sicherungskarabiner\/\">DMM Ceros <\/a>oder den <a href=\"https:\/\/bolting.eu\/shop\/edelrid-hms-strike-fg\/\">Edelrid HMS Strike FG<\/a><\/p>\n","protected":false},"excerpt":{"rendered":"<p>Das beliebteste Sicherungsger\u00e4t der Welt!<\/p>\n<p>Halbautomatisches Sicherungsger\u00e4t f\u00fcr 8,5 &#8211; 11mm Kletterseile mit Blockierfunktion. Erh\u00e4ltlich in orange, grau und t\u00fcrkis-blau.<\/p>\n<div class=\"product-short-description\">\n<p>Versandkostenfrei bis 2kg in <img decoding=\"async\" class=\"emoji\" role=\"img\" draggable=\"false\" src=\"https:\/\/s.w.org\/images\/core\/emoji\/13.1.0\/svg\/1f1e6-1f1f9.svg\" alt=\"\ud83c\udde6\ud83c\uddf9\" \/> ab \u20ac 100,- und <img decoding=\"async\" class=\"emoji\" role=\"img\" draggable=\"false\" src=\"https:\/\/s.w.org\/images\/core\/emoji\/13.1.0\/svg\/1f1e9-1f1ea.svg\" alt=\"\ud83c\udde9\ud83c\uddea\" \/> ab \u20ac 200,-!<\/p>\n<\/div>\n","protected":false},"featured_media":9196,"comment_status":"open","ping_status":"closed","template":"","meta":[],"product_brand":[],"product_cat":[14093,14447,29,3711],"product_tag":[],"class_list":{"0":"post-9187","1":"product","2":"type-product","3":"status-publish","4":"has-post-thumbnail","6":"product_cat-petzl","7":"product_cat-abseilgeraete","8":"product_cat-kletterausruestung","9":"product_cat-sicherungsgeraete-klettern","11":"first","12":"instock","13":"sale","14":"taxable","15":"shipping-taxable","16":"purchasable","17":"product-type-variable"},"yoast_head":"<!-- This site is optimized with the Yoast SEO Premium plugin v26.9 (Yoast SEO v26.9) - https:\/\/yoast.com\/product\/yoast-seo-premium-wordpress\/ -->\n<title>Petzl Grigri 2 - halbautomatische Sicherungsger\u00e4t | bolting.eu<\/title>\n<meta name=\"description\" content=\"PETZL GRIGRI 2 beim Kletter Hardwareprofi aus Innsbruck kaufen! \u2705 kostenloser Versand* \u2705 14 Tage R\u00fcckgaberecht \u2705 Co2 neutraler Versand\" \/>\n<meta name=\"robots\" content=\"index, follow, max-snippet:-1, max-image-preview:large, max-video-preview:-1\" \/>\n<link rel=\"canonical\" href=\"https:\/\/bolting.eu\/en\/shop\/petzl-grigri-2\/\" \/>\n<meta property=\"og:locale\" content=\"en_US\" \/>\n<meta property=\"og:type\" content=\"article\" \/>\n<meta property=\"og:title\" content=\"Petzl Grigri 2\" \/>\n<meta property=\"og:description\" content=\"PETZL GRIGRI 2 beim Kletter Hardwareprofi aus Innsbruck kaufen! \u2705 kostenloser Versand* \u2705 14 Tage R\u00fcckgaberecht \u2705 Co2 neutraler Versand\" \/>\n<meta property=\"og:url\" content=\"https:\/\/bolting.eu\/en\/shop\/petzl-grigri-2\/\" \/>\n<meta property=\"og:site_name\" content=\"bolting.eu\" \/>\n<meta property=\"article:publisher\" content=\"https:\/\/www.facebook.com\/bolting.eu\" \/>\n<meta property=\"article:modified_time\" content=\"2026-03-24T09:47:09+00:00\" \/>\n<meta property=\"og:image\" content=\"https:\/\/bolting.eu\/wp-content\/uploads\/2021\/07\/Petzl-Gri-Gri-2.jpg\" \/>\n\t<meta property=\"og:image:width\" content=\"700\" \/>\n\t<meta property=\"og:image:height\" content=\"700\" \/>\n\t<meta property=\"og:image:type\" content=\"image\/jpeg\" \/>\n<meta name=\"twitter:card\" content=\"summary_large_image\" \/>\n<meta name=\"twitter:label1\" content=\"Availability\" \/>\n\t<meta name=\"twitter:data1\" content=\"In stock\" \/>\n<script type=\"application\/ld+json\" class=\"yoast-schema-graph\">{\"@context\":\"https:\/\/schema.org\",\"@graph\":[{\"@type\":[\"WebPage\",\"ItemPage\"],\"@id\":\"https:\/\/bolting.eu\/en\/shop\/petzl-grigri-2\/\",\"url\":\"https:\/\/bolting.eu\/en\/shop\/petzl-grigri-2\/\",\"name\":\"Petzl Grigri 2 - halbautomatische Sicherungsger\u00e4t | bolting.eu\",\"isPartOf\":{\"@id\":\"https:\/\/bolting.eu\/en\/#website\"},\"primaryImageOfPage\":{\"@id\":\"https:\/\/bolting.eu\/en\/shop\/petzl-grigri-2\/#primaryimage\"},\"image\":{\"@id\":\"https:\/\/bolting.eu\/en\/shop\/petzl-grigri-2\/#primaryimage\"},\"thumbnailUrl\":\"https:\/\/bolting.eu\/wp-content\/uploads\/2021\/07\/Petzl-Gri-Gri-2.jpg\",\"datePublished\":\"2021-07-12T14:51:00+00:00\",\"dateModified\":\"2026-03-24T09:47:09+00:00\",\"description\":\"PETZL GRIGRI 2 beim Kletter Hardwareprofi aus Innsbruck kaufen! \u2705 kostenloser Versand* \u2705 14 Tage R\u00fcckgaberecht \u2705 Co2 neutraler Versand\",\"breadcrumb\":{\"@id\":\"https:\/\/bolting.eu\/en\/shop\/petzl-grigri-2\/#breadcrumb\"},\"inLanguage\":\"en-US\",\"potentialAction\":[{\"@type\":\"ReadAction\",\"target\":[\"https:\/\/bolting.eu\/en\/shop\/petzl-grigri-2\/\"]}]},{\"@type\":\"ImageObject\",\"inLanguage\":\"en-US\",\"@id\":\"https:\/\/bolting.eu\/en\/shop\/petzl-grigri-2\/#primaryimage\",\"url\":\"https:\/\/bolting.eu\/wp-content\/uploads\/2021\/07\/Petzl-Gri-Gri-2.jpg\",\"contentUrl\":\"https:\/\/bolting.eu\/wp-content\/uploads\/2021\/07\/Petzl-Gri-Gri-2.jpg\",\"width\":700,\"height\":700,\"caption\":\"Das Bild zeigt ein graues Petzl Grigri 2. Man sieht die Alu minium Seite des Sicherungsger\u00e4tes und die eingraviertes Symbole.\"},{\"@type\":\"BreadcrumbList\",\"@id\":\"https:\/\/bolting.eu\/en\/shop\/petzl-grigri-2\/#breadcrumb\",\"itemListElement\":[{\"@type\":\"ListItem\",\"position\":1,\"name\":\"Shop\",\"item\":\"https:\/\/bolting.eu\/en\/shop\/\"},{\"@type\":\"ListItem\",\"position\":2,\"name\":\"climbing equipment\",\"item\":\"https:\/\/bolting.eu\/en\/produkt-kategorie\/climbing-equipment\/\"},{\"@type\":\"ListItem\",\"position\":3,\"name\":\"Sicherungsger\u00e4te Klettern\",\"item\":\"https:\/\/bolting.eu\/produkt-kategorie\/kletterausruestung\/sicherungsgeraete-klettern\/\"},{\"@type\":\"ListItem\",\"position\":4,\"name\":\"Petzl Grigri 2\"}]},{\"@type\":\"WebSite\",\"@id\":\"https:\/\/bolting.eu\/en\/#website\",\"url\":\"https:\/\/bolting.eu\/en\/\",\"name\":\"bolting.eu\",\"description\":\"we make climbs happen\",\"publisher\":{\"@id\":\"https:\/\/bolting.eu\/en\/#organization\"},\"potentialAction\":[{\"@type\":\"SearchAction\",\"target\":{\"@type\":\"EntryPoint\",\"urlTemplate\":\"https:\/\/bolting.eu\/en\/?s={search_term_string}\"},\"query-input\":{\"@type\":\"PropertyValueSpecification\",\"valueRequired\":true,\"valueName\":\"search_term_string\"}}],\"inLanguage\":\"en-US\"},{\"@type\":[\"Organization\",\"Place\",\"SportingGoodsStore\"],\"@id\":\"https:\/\/bolting.eu\/en\/#organization\",\"name\":\"bolting.eu\",\"url\":\"https:\/\/bolting.eu\/en\/\",\"logo\":{\"@id\":\"https:\/\/bolting.eu\/en\/shop\/petzl-grigri-2\/#local-main-organization-logo\"},\"image\":{\"@id\":\"https:\/\/bolting.eu\/en\/shop\/petzl-grigri-2\/#local-main-organization-logo\"},\"sameAs\":[\"https:\/\/www.facebook.com\/bolting.eu\",\"https:\/\/www.instagram.com\/bolting.eu\/\"],\"address\":{\"@id\":\"https:\/\/bolting.eu\/en\/shop\/petzl-grigri-2\/#local-main-place-address\"},\"geo\":{\"@type\":\"GeoCoordinates\",\"latitude\":\"47.264176340396226\",\"longitude\":\"11.380109057672346\"},\"telephone\":[\"+43 699 19083372\"],\"openingHoursSpecification\":[{\"@type\":\"OpeningHoursSpecification\",\"dayOfWeek\":[\"Monday\",\"Wednesday\",\"Friday\"],\"opens\":\"14:00\",\"closes\":\"18:00\"},{\"@type\":\"OpeningHoursSpecification\",\"dayOfWeek\":[\"Tuesday\",\"Thursday\",\"Saturday\",\"Sunday\"],\"opens\":\"00:00\",\"closes\":\"00:00\"}],\"email\":\"office@bolting.eu\",\"vatID\":\"ATU59999728\",\"priceRange\":\"$$\",\"currenciesAccepted\":\"Euro\"},{\"@type\":\"PostalAddress\",\"@id\":\"https:\/\/bolting.eu\/en\/shop\/petzl-grigri-2\/#local-main-place-address\",\"streetAddress\":\"Fischnalerstra\u00dfe 4\",\"addressLocality\":\"Innsbruck\",\"postalCode\":\"6020\",\"addressRegion\":\"Tirol\",\"addressCountry\":\"AT\"},{\"@type\":\"ImageObject\",\"inLanguage\":\"en-US\",\"@id\":\"https:\/\/bolting.eu\/en\/shop\/petzl-grigri-2\/#local-main-organization-logo\",\"url\":\"https:\/\/bolting.eu\/wp-content\/uploads\/2019\/09\/bolting-logo.png\",\"contentUrl\":\"https:\/\/bolting.eu\/wp-content\/uploads\/2019\/09\/bolting-logo.png\",\"width\":400,\"height\":211,\"caption\":\"bolting.eu\"}]}<\/script>\n<meta property=\"og:video\" content=\"https:\/\/www.youtube.com\/embed\/ZyqCMHHRS_o\" \/>\n<meta property=\"og:video:type\" content=\"text\/html\" \/>\n<meta property=\"og:video:duration\" content=\"206\" \/>\n<meta property=\"og:video:width\" content=\"480\" \/>\n<meta property=\"og:video:height\" content=\"270\" \/>\n<meta property=\"ya:ovs:adult\" content=\"false\" \/>\n<meta property=\"ya:ovs:upload_date\" content=\"2021-07-12T14:51:00+00:00\" \/>\n<meta property=\"ya:ovs:allow_embed\" content=\"true\" \/>\n<meta property=\"og:availability\" content=\"instock\" \/>\n<meta property=\"product:availability\" content=\"instock\" \/>\n<meta property=\"product:condition\" content=\"new\" \/>\n<meta name=\"geo.placename\" content=\"Innsbruck\" \/>\n<meta name=\"geo.position\" content=\"47.264176340396226;11.380109057672346\" \/>\n<meta name=\"geo.region\" content=\"Austria\" \/>\n<!-- \/ Yoast SEO Premium plugin. -->","yoast_head_json":{"title":"Petzl Grigri 2 - halbautomatische Sicherungsger\u00e4t | bolting.eu","description":"PETZL GRIGRI 2 beim Kletter Hardwareprofi aus Innsbruck kaufen! \u2705 kostenloser Versand* \u2705 14 Tage R\u00fcckgaberecht \u2705 Co2 neutraler Versand","robots":{"index":"index","follow":"follow","max-snippet":"max-snippet:-1","max-image-preview":"max-image-preview:large","max-video-preview":"max-video-preview:-1"},"canonical":"https:\/\/bolting.eu\/en\/shop\/petzl-grigri-2\/","og_locale":"en_US","og_type":"article","og_title":"Petzl Grigri 2","og_description":"PETZL GRIGRI 2 beim Kletter Hardwareprofi aus Innsbruck kaufen! \u2705 kostenloser Versand* \u2705 14 Tage R\u00fcckgaberecht \u2705 Co2 neutraler Versand","og_url":"https:\/\/bolting.eu\/en\/shop\/petzl-grigri-2\/","og_site_name":"bolting.eu","article_publisher":"https:\/\/www.facebook.com\/bolting.eu","article_modified_time":"2026-03-24T09:47:09+00:00","og_image":[{"width":700,"height":700,"url":"https:\/\/bolting.eu\/wp-content\/uploads\/2021\/07\/Petzl-Gri-Gri-2.jpg","type":"image\/jpeg"}],"twitter_card":"summary_large_image","twitter_misc":{"Availability":"In stock"},"schema":{"@context":"https:\/\/schema.org","@graph":[{"@type":["WebPage","ItemPage"],"@id":"https:\/\/bolting.eu\/en\/shop\/petzl-grigri-2\/","url":"https:\/\/bolting.eu\/en\/shop\/petzl-grigri-2\/","name":"Petzl Grigri 2 - halbautomatische Sicherungsger\u00e4t | bolting.eu","isPartOf":{"@id":"https:\/\/bolting.eu\/en\/#website"},"primaryImageOfPage":{"@id":"https:\/\/bolting.eu\/en\/shop\/petzl-grigri-2\/#primaryimage"},"image":{"@id":"https:\/\/bolting.eu\/en\/shop\/petzl-grigri-2\/#primaryimage"},"thumbnailUrl":"https:\/\/bolting.eu\/wp-content\/uploads\/2021\/07\/Petzl-Gri-Gri-2.jpg","datePublished":"2021-07-12T14:51:00+00:00","dateModified":"2026-03-24T09:47:09+00:00","description":"PETZL GRIGRI 2 beim Kletter Hardwareprofi aus Innsbruck kaufen! \u2705 kostenloser Versand* \u2705 14 Tage R\u00fcckgaberecht \u2705 Co2 neutraler Versand","breadcrumb":{"@id":"https:\/\/bolting.eu\/en\/shop\/petzl-grigri-2\/#breadcrumb"},"inLanguage":"en-US","potentialAction":[{"@type":"ReadAction","target":["https:\/\/bolting.eu\/en\/shop\/petzl-grigri-2\/"]}]},{"@type":"ImageObject","inLanguage":"en-US","@id":"https:\/\/bolting.eu\/en\/shop\/petzl-grigri-2\/#primaryimage","url":"https:\/\/bolting.eu\/wp-content\/uploads\/2021\/07\/Petzl-Gri-Gri-2.jpg","contentUrl":"https:\/\/bolting.eu\/wp-content\/uploads\/2021\/07\/Petzl-Gri-Gri-2.jpg","width":700,"height":700,"caption":"Das Bild zeigt ein graues Petzl Grigri 2. Man sieht die Alu minium Seite des Sicherungsger\u00e4tes und die eingraviertes Symbole."},{"@type":"BreadcrumbList","@id":"https:\/\/bolting.eu\/en\/shop\/petzl-grigri-2\/#breadcrumb","itemListElement":[{"@type":"ListItem","position":1,"name":"Shop","item":"https:\/\/bolting.eu\/en\/shop\/"},{"@type":"ListItem","position":2,"name":"climbing equipment","item":"https:\/\/bolting.eu\/en\/produkt-kategorie\/climbing-equipment\/"},{"@type":"ListItem","position":3,"name":"Sicherungsger\u00e4te Klettern","item":"https:\/\/bolting.eu\/produkt-kategorie\/kletterausruestung\/sicherungsgeraete-klettern\/"},{"@type":"ListItem","position":4,"name":"Petzl Grigri 2"}]},{"@type":"WebSite","@id":"https:\/\/bolting.eu\/en\/#website","url":"https:\/\/bolting.eu\/en\/","name":"bolting.eu","description":"we make climbs happen","publisher":{"@id":"https:\/\/bolting.eu\/en\/#organization"},"potentialAction":[{"@type":"SearchAction","target":{"@type":"EntryPoint","urlTemplate":"https:\/\/bolting.eu\/en\/?s={search_term_string}"},"query-input":{"@type":"PropertyValueSpecification","valueRequired":true,"valueName":"search_term_string"}}],"inLanguage":"en-US"},{"@type":["Organization","Place","SportingGoodsStore"],"@id":"https:\/\/bolting.eu\/en\/#organization","name":"bolting.eu","url":"https:\/\/bolting.eu\/en\/","logo":{"@id":"https:\/\/bolting.eu\/en\/shop\/petzl-grigri-2\/#local-main-organization-logo"},"image":{"@id":"https:\/\/bolting.eu\/en\/shop\/petzl-grigri-2\/#local-main-organization-logo"},"sameAs":["https:\/\/www.facebook.com\/bolting.eu","https:\/\/www.instagram.com\/bolting.eu\/"],"address":{"@id":"https:\/\/bolting.eu\/en\/shop\/petzl-grigri-2\/#local-main-place-address"},"geo":{"@type":"GeoCoordinates","latitude":"47.264176340396226","longitude":"11.380109057672346"},"telephone":["+43 699 19083372"],"openingHoursSpecification":[{"@type":"OpeningHoursSpecification","dayOfWeek":["Monday","Wednesday","Friday"],"opens":"14:00","closes":"18:00"},{"@type":"OpeningHoursSpecification","dayOfWeek":["Tuesday","Thursday","Saturday","Sunday"],"opens":"00:00","closes":"00:00"}],"email":"office@bolting.eu","vatID":"ATU59999728","priceRange":"$$","currenciesAccepted":"Euro"},{"@type":"PostalAddress","@id":"https:\/\/bolting.eu\/en\/shop\/petzl-grigri-2\/#local-main-place-address","streetAddress":"Fischnalerstra\u00dfe 4","addressLocality":"Innsbruck","postalCode":"6020","addressRegion":"Tirol","addressCountry":"AT"},{"@type":"ImageObject","inLanguage":"en-US","@id":"https:\/\/bolting.eu\/en\/shop\/petzl-grigri-2\/#local-main-organization-logo","url":"https:\/\/bolting.eu\/wp-content\/uploads\/2019\/09\/bolting-logo.png","contentUrl":"https:\/\/bolting.eu\/wp-content\/uploads\/2019\/09\/bolting-logo.png","width":400,"height":211,"caption":"bolting.eu"}]},"og_video":"https:\/\/www.youtube.com\/embed\/ZyqCMHHRS_o","og_video_type":"text\/html","og_video_duration":"206","og_video_width":"480","og_video_height":"270","ya_ovs_adult":"false","ya_ovs_upload_date":"2021-07-12T14:51:00+00:00","ya_ovs_allow_embed":"true","og_availability":"instock","product_availability":"instock","product_condition":"new","geo.placename":"Innsbruck","geo.position":{"lat":"47.264176340396226","long":"11.380109057672346"},"geo.region":"Austria"},"_links":{"self":[{"href":"https:\/\/bolting.eu\/en\/wp-json\/wp\/v2\/product\/9187","targetHints":{"allow":["GET"]}}],"collection":[{"href":"https:\/\/bolting.eu\/en\/wp-json\/wp\/v2\/product"}],"about":[{"href":"https:\/\/bolting.eu\/en\/wp-json\/wp\/v2\/types\/product"}],"replies":[{"embeddable":true,"href":"https:\/\/bolting.eu\/en\/wp-json\/wp\/v2\/comments?post=9187"}],"wp:featuredmedia":[{"embeddable":true,"href":"https:\/\/bolting.eu\/en\/wp-json\/wp\/v2\/media\/9196"}],"wp:attachment":[{"href":"https:\/\/bolting.eu\/en\/wp-json\/wp\/v2\/media?parent=9187"}],"wp:term":[{"taxonomy":"product_brand","embeddable":true,"href":"https:\/\/bolting.eu\/en\/wp-json\/wp\/v2\/product_brand?post=9187"},{"taxonomy":"product_cat","embeddable":true,"href":"https:\/\/bolting.eu\/en\/wp-json\/wp\/v2\/product_cat?post=9187"},{"taxonomy":"product_tag","embeddable":true,"href":"https:\/\/bolting.eu\/en\/wp-json\/wp\/v2\/product_tag?post=9187"}],"curies":[{"name":"wp","href":"https:\/\/api.w.org\/{rel}","templated":true}]}}