{"id":9172,"date":"2021-07-12T14:41:52","date_gmt":"2021-07-12T12:41:52","guid":{"rendered":"https:\/\/bolting.eu\/?post_type=product&#038;p=9172"},"modified":"2026-04-17T15:53:38","modified_gmt":"2026-04-17T13:53:38","slug":"petzl-spirit-express","status":"publish","type":"product","link":"https:\/\/bolting.eu\/en\/shop\/petzl-spirit-express\/","title":{"rendered":"Petzl Spirit Express"},"content":{"rendered":"<p>Die Petzl Spirit Express ist DER Mega Klassiker unter den <a href=\"https:\/\/bolting.eu\/produkt-kategorie\/kletterausruestung\/expressschlingen\/\">Expresschlingen<\/a>. Denn seit gut 30 Jahren gibt es dieses Modell bereits am Markt. Im Laufe der Zeit wurde das hervorragend ausgewogene Set immer besser gemacht. Somit d\u00fcrfen wir uns heute \u00fcber eine extrem hochwertige Express freuen.<\/p>\n<p>Diese Schlinge ist sicher ohne Zweifel DE Standard beim Sportklettern. Dies liegt an den ausgewogenen Features der Express, die wir hier kurz umrei\u00dfen.<\/p>\n<p>Erstens sind die Spirit Karabiner wohl eine der besten am Markt. hei\u00df geschmiedet, sehr leicht, reibungsarm zu \u00f6ffnender Keylock Verschluss, gerader bzw. gebogener Schnapper.<\/p>\n<p>Die Petzl Spirit Express hat zweitens auch diese legend\u00e4re Schlinge. D.h. eine extrem ergonomische Bandschlinge die sich einfach perfekt angreifen bzw. einhalten l\u00e4sst.<\/p>\n<p>Drittens gibt es die Express in drei L\u00e4ngen. Mit 12cm Schlinge (26cm Gesamtl\u00e4nge), 17cm (32cm Gesamtl\u00e4nge) und 25cm (40cm Gesamtl\u00e4nge). Folglich ist man damit sowohl f\u00fcr den Klettergarten als auch das alpine Gel\u00e4nde bzw. Routen mit viel Seilreibung bestens gewappnet.<\/p>\n<p>Abschlie\u00dfend sorgt ein <a href=\"https:\/\/bolting.eu\/shop\/petzl-string-karabinerfixierung\/\">String Verdrehschutz<\/a> f\u00fcr festen Halt des Karabiners auf der Seite des <a href=\"https:\/\/bolting.eu\/produkt-kategorie\/kletterausruestung\/kletterseil\/\">Kletterseils<\/a>.<\/p>\n<p>Fazit. Wer die vielleicht beste Sportkletterschlinge am Markt sein Eigen nennen will, der ist hier richtig.<\/p>\n<h2>Eigenschaften Petzl Spirit Express<\/h2>\n<ul>\n<li>Hersteller: <a href=\"https:\/\/bolting.eu\/produkt-kategorie\/petzl\/\">Petzl<\/a><\/li>\n<li>Material: hei\u00df geschmiedete Alu Karabiner, Schlinge Polyester<\/li>\n<li>L\u00e4ngen: 12cm &#8211; 17cm &#8211; 25cm<\/li>\n<li>Gesamtl\u00e4ngen: 26cm &#8211; 32cm &#8211; 40cm<\/li>\n<li>Gewicht: 93 Gramm, 100 Gramm, 104 Gramm<\/li>\n<li>Bruchlasten Karabiner (l\u00e4ngs &#8211; quer &#8211; offen): 23kn &#8211; 8kN &#8211; 9kN<\/li>\n<li>Schnapper\u00f6ffnung: 21mm bzw. 25mm (gebogener Schnapper)<\/li>\n<li>Normen: <a href=\"https:\/\/bolting.eu\/en-12275-norm\/\">EN 12275<\/a>, En 566<\/li>\n<li>Keylock Verschl\u00fcsse<\/li>\n<li>ergonomische Schlinge<\/li>\n<li>String Fixierung seilseitiger Karabiner<\/li>\n<li><a href=\"https:\/\/www.petzl.com\/sfc\/servlet.shepherd\/version\/download\/06868000002FggPAAS\">Gebrauchsanleitung<\/a><\/li>\n<\/ul>\n<h3>Tolles Handling<\/h3>\n<p>Was\u00a0 die Spirit Express in Summe auszeichnet, ist das tolle Handling.<\/p>\n<p>Dieses ergibt sich aus den perfekten Einzelteilen. D.h. dem geraden <a href=\"https:\/\/bolting.eu\/produkt-kategorie\/kletterausruestung\/kletterkarabiner\/schnappkarabiner\/\">Schnappkarabiner<\/a>, der Expressschlinge selbst sowie dem gebogenen Schnapper.<\/p>\n<p>Die Karabiner sind hierf\u00fcr hei\u00df geschmiedet. Oder anders formuliert. Der Produktionsprozess erlaubt einen H-Querschnitt der besonders leicht aber stark ist. Somit kann der Karabiner super ergonomisch geformt werden und liegt perfekt in der Hand.<\/p>\n<p>Die fast reibungsfreien Keylock Schnapper tragen auch zu einem tollen Handling bei. Die String-Fixierung und der etwas gr\u00f6\u00dfere Schnapper erleichtern \u00fcberdies das Seil Einh\u00e4ngen. Kletterherz, was willst du mehr!<\/p>\n<h3>Welche L\u00e4nge wof\u00fcr?<\/h3>\n<p>Wir empfehlen euch die 12cm Variante f\u00fcr den Klettergarten. Hier ist diese L\u00e4nge ideal. Denn man kann sich ggf. super daran einhalten. Z.B. wenn man projektert.<\/p>\n<p>2-4 Stk. der 17cm Variante der Spirit Express sollten dann zus\u00e4tzlich im Klettergarten mit dabei sein. Das kann enorm hilfreich bei Zick-Zack Verl\u00e4ufen sein. Ansonten ist diese L\u00e4nge sehr gut f\u00fcr das alpine Gel\u00e4nde. Auch dort verringert es die Seilreibung durch die erh\u00f6hte L\u00e4nge.<\/p>\n<p>Die 25cm Schlinge ist dann etwas ausschlie\u00dflich f\u00fcr das Alpine. Hier helfen die langen Modelle (Gesamtl\u00e4nge 40cm!) wesentlich, die Seilreibung in Schach zu halten. Wir empfehlen euch 4-8 St\u00fcck mit zunehmen. Je nachdem, ob ihr auch &#8220;<a href=\"https:\/\/bolting.eu\/verlaengerbare-expressschlinge\/\">verl\u00e4ngerbare Expressen<\/a>&#8221; im Einsatz habt.<\/p>\n<figure id=\"attachment_18339\" aria-describedby=\"caption-attachment-18339\" style=\"width: 800px\" class=\"wp-caption alignnone\"><a href=\"https:\/\/bolting.eu\/wp-content\/uploads\/2021\/07\/Spirit-Laengen-Empfehlungen.jpg\"><img loading=\"lazy\" decoding=\"async\" class=\"wp-image-18339 size-medium\" src=\"https:\/\/bolting.eu\/wp-content\/uploads\/2021\/07\/Spirit-Laengen-Empfehlungen-800x400.jpg\" alt=\"Grafik mit Empfehlungen f\u00fcr die unterschiedlichen L\u00e4ngen der Petzl Spirit Express mit Text.\" width=\"800\" height=\"400\" srcset=\"https:\/\/bolting.eu\/wp-content\/uploads\/2021\/07\/Spirit-Laengen-Empfehlungen-800x400.jpg 800w, https:\/\/bolting.eu\/wp-content\/uploads\/2021\/07\/Spirit-Laengen-Empfehlungen-768x384.jpg 768w, https:\/\/bolting.eu\/wp-content\/uploads\/2021\/07\/Spirit-Laengen-Empfehlungen-510x255.jpg 510w, https:\/\/bolting.eu\/wp-content\/uploads\/2021\/07\/Spirit-Laengen-Empfehlungen-100x50.jpg 100w, https:\/\/bolting.eu\/wp-content\/uploads\/2021\/07\/Spirit-Laengen-Empfehlungen.jpg 1200w\" sizes=\"auto, (max-width: 800px) 100vw, 800px\" \/><\/a><figcaption id=\"caption-attachment-18339\" class=\"wp-caption-text\">Unsere Empfehlungen f\u00fcr die Verwendung der unterschiedlichen Schlingen L\u00e4ngen.<\/figcaption><\/figure>\n<h3>Seit 2023 neues Karabiner Design!<\/h3>\n<p>Die passenden Karabiner zur Spirit Express von Petzl wurden 2023 neu \u00fcberarbeitet.<\/p>\n<p>Die H &#8211; Profile wurden noch st\u00e4rker gemacht. Das konnte das Handling noch eine Spur verbessern.<\/p>\n<p>Am auff\u00e4lligsten sind aber die L\u00f6cher. Diese reduzieren das Gewicht pro Karabiner nochmals um 2 Gramm. Somit wird dieses Modell nochmals einen &#8220;Tik&#8221; sportlicher.<\/p>\n<figure id=\"attachment_18336\" aria-describedby=\"caption-attachment-18336\" style=\"width: 800px\" class=\"wp-caption alignnone\"><a href=\"https:\/\/bolting.eu\/wp-content\/uploads\/2021\/07\/Petzl-Spirit-Express-new-3.jpg\"><img loading=\"lazy\" decoding=\"async\" class=\"wp-image-18336 size-medium\" src=\"https:\/\/bolting.eu\/wp-content\/uploads\/2021\/07\/Petzl-Spirit-Express-new-3-800x400.jpg\" alt=\"Gro\u00dfer Oranger und grauer Karabiner mit der Petzl Spirit Express in klein daneben.\" width=\"800\" height=\"400\" srcset=\"https:\/\/bolting.eu\/wp-content\/uploads\/2021\/07\/Petzl-Spirit-Express-new-3-800x400.jpg 800w, https:\/\/bolting.eu\/wp-content\/uploads\/2021\/07\/Petzl-Spirit-Express-new-3-768x384.jpg 768w, https:\/\/bolting.eu\/wp-content\/uploads\/2021\/07\/Petzl-Spirit-Express-new-3-510x255.jpg 510w, https:\/\/bolting.eu\/wp-content\/uploads\/2021\/07\/Petzl-Spirit-Express-new-3-100x50.jpg 100w, https:\/\/bolting.eu\/wp-content\/uploads\/2021\/07\/Petzl-Spirit-Express-new-3.jpg 1200w\" sizes=\"auto, (max-width: 800px) 100vw, 800px\" \/><\/a><figcaption id=\"caption-attachment-18336\" class=\"wp-caption-text\">Die Karabiner f\u00fcr dieses Express wurden 2023 teilweise \u00fcberarbeitet. Ein st\u00e4rkers H-Profil und die L\u00f6cher wurden hinzugef\u00fcgt.<\/figcaption><\/figure>\n<h3><\/h3>\n<h3>Tipps zum sicheren Einh\u00e4ngen<\/h3>\n<p>Im Folgenden findet ihr eine Empfehlung von Petzl zum Einh\u00e4ngen eurer Spirit Expressschlingen. Diese gelten nat\u00fcrlich auch f\u00fcr alle anderen Modelle.<\/p>\n<p>Erstens. Felshaken immer mit dem Schnapper nach &#8220;au\u00dfen&#8221; einh\u00e4ngen.<\/p>\n<p>Zweitens. L\u00e4nge der Exe immer so w\u00e4hlen, das die Karabiner nicht quer belastet werden.<\/p>\n<p>Drittens. L\u00e4nge der Exe immer so w\u00e4hlen, das der Schnapper an einer Kante nicht anst\u00f6\u00dft bzw. aufgehen kann.<\/p>\n<figure id=\"attachment_18337\" aria-describedby=\"caption-attachment-18337\" style=\"width: 800px\" class=\"wp-caption alignnone\"><a href=\"https:\/\/bolting.eu\/wp-content\/uploads\/2021\/07\/Petzl-Spirit-Express-new-4.jpg\"><img loading=\"lazy\" decoding=\"async\" class=\"wp-image-18337 size-medium\" src=\"https:\/\/bolting.eu\/wp-content\/uploads\/2021\/07\/Petzl-Spirit-Express-new-4-800x262.jpg\" alt=\"Grafik zum richtigen Einh\u00e4ngen von Expressschlingen mit drei Beispielen.\" width=\"800\" height=\"262\" srcset=\"https:\/\/bolting.eu\/wp-content\/uploads\/2021\/07\/Petzl-Spirit-Express-new-4-800x262.jpg 800w, https:\/\/bolting.eu\/wp-content\/uploads\/2021\/07\/Petzl-Spirit-Express-new-4-768x251.jpg 768w, https:\/\/bolting.eu\/wp-content\/uploads\/2021\/07\/Petzl-Spirit-Express-new-4-510x167.jpg 510w, https:\/\/bolting.eu\/wp-content\/uploads\/2021\/07\/Petzl-Spirit-Express-new-4-100x33.jpg 100w, https:\/\/bolting.eu\/wp-content\/uploads\/2021\/07\/Petzl-Spirit-Express-new-4.jpg 1024w\" sizes=\"auto, (max-width: 800px) 100vw, 800px\" \/><\/a><figcaption id=\"caption-attachment-18337\" class=\"wp-caption-text\">Beachtet diese drei wichtigsten Empfehlungen beim Einh\u00e4ngen der Exen! Grafik: petzl.com<\/figcaption><\/figure>\n<h3>Nichts in Karabinerl\u00f6cher h\u00e4ngen!<\/h3>\n<p>Die Karabiner der Express haben ja kleine L\u00f6cher. Sie sind aber nur zur Gewichtsreduktion gedacht!<\/p>\n<p>Anders als z.B. der <a href=\"https:\/\/bolting.eu\/shop\/petzl-smd-wall-schnappkarabiner\/\">SM\u00b4D Wall<\/a>, d\u00fcrfen keine <a href=\"https:\/\/bolting.eu\/produkt-kategorie\/kletterausruestung\/reepschnur\/\">Reepschn\u00fcre<\/a> fixiert werden.<\/p>\n<figure id=\"attachment_18338\" aria-describedby=\"caption-attachment-18338\" style=\"width: 800px\" class=\"wp-caption alignnone\"><a href=\"https:\/\/bolting.eu\/wp-content\/uploads\/2021\/07\/Petzl-Spirit-Express-new-5.jpg\"><img loading=\"lazy\" decoding=\"async\" class=\"wp-image-18338 size-medium\" src=\"https:\/\/bolting.eu\/wp-content\/uploads\/2021\/07\/Petzl-Spirit-Express-new-5-800x276.jpg\" alt=\"Grafik mit Gefahrenhinweis f\u00fcr Petzl Spirit Karabiner.\" width=\"800\" height=\"276\" srcset=\"https:\/\/bolting.eu\/wp-content\/uploads\/2021\/07\/Petzl-Spirit-Express-new-5-800x276.jpg 800w, https:\/\/bolting.eu\/wp-content\/uploads\/2021\/07\/Petzl-Spirit-Express-new-5-768x265.jpg 768w, https:\/\/bolting.eu\/wp-content\/uploads\/2021\/07\/Petzl-Spirit-Express-new-5-510x176.jpg 510w, https:\/\/bolting.eu\/wp-content\/uploads\/2021\/07\/Petzl-Spirit-Express-new-5-100x34.jpg 100w, https:\/\/bolting.eu\/wp-content\/uploads\/2021\/07\/Petzl-Spirit-Express-new-5.jpg 1024w\" sizes=\"auto, (max-width: 800px) 100vw, 800px\" \/><\/a><figcaption id=\"caption-attachment-18338\" class=\"wp-caption-text\">Die Karabiner dieser Exe sind nicht daf\u00fcr gedacht, Reepschn\u00fcre aufzunehmen!<\/figcaption><\/figure>\n<h3>Pflege Petzl Spirit Express<\/h3>\n<p>Eure Exen solltet ihr von Zeit zu Zeit auch pflegen. Hierf\u00fcr am besten die Ausr\u00fcstung unter lauwarmen Wasser ordentlich abwaschen. Eine Boulderb\u00fcrste oder alte Zahnb\u00fcrste kann dabei hilfreich sein.<\/p>\n<p>Des weiteren solltet ihr die Karabiner auch in die Hand &#8220;schlagen&#8221;. D.h. mit gr\u00f6\u00dferer Kraft auf den Handballen schlagen um tr\u00e4gen Schmutz wie Staun oder Sandk\u00f6rnchen aus den Gelenken zu bekommen.<\/p>\n<p>Danach erneut absp\u00fclen und dann trocknen lassen. Hierf\u00fcr solltet ihr einen schattigen Ort w\u00e4hlen.<\/p>\n<p>Abschlie\u00dfend sollte man seine Petzl Spirit Express an den Gelenken mit einem <a href=\"https:\/\/bolting.eu\/shop\/kong-kletterausruestung-pflegeoel\/\">Karabiner Pflege\u00f6l<\/a> bzw. <a href=\"https:\/\/bolting.eu\/shop\/metolius-cam-lube\/\">Cam Lube<\/a> einschmieren.<\/p>\n","protected":false},"excerpt":{"rendered":"<p>DER Mega Klassiker unter den Expressen mit 12cm, 17cm oder 25cm L\u00e4nge. Seit 2023 mit neuem Karabiner Design mit gewichtssparenden &#8220;L\u00f6chern&#8221;.<\/p>\n<p>Der Keylock Verschluss und die ergonomische Schlinge mit &#8220;String&#8221; Karabinerfixierung runden dieses Modell super ab.<\/p>\n<p>Versandkostenfrei bis 2kg in <img decoding=\"async\" class=\"emoji\" role=\"img\" draggable=\"false\" src=\"https:\/\/s.w.org\/images\/core\/emoji\/14.0.0\/svg\/1f1e6-1f1f9.svg\" alt=\"\ud83c\udde6\ud83c\uddf9\" \/> ab \u20ac 100,- und <img decoding=\"async\" class=\"emoji\" role=\"img\" draggable=\"false\" src=\"https:\/\/s.w.org\/images\/core\/emoji\/14.0.0\/svg\/1f1e9-1f1ea.svg\" alt=\"\ud83c\udde9\ud83c\uddea\" \/> ab \u20ac 200,-!<\/p>\n","protected":false},"featured_media":18335,"comment_status":"open","ping_status":"closed","template":"","meta":[],"product_brand":[],"product_cat":[14093,29,220],"product_tag":[],"class_list":{"0":"post-9172","1":"product","2":"type-product","3":"status-publish","4":"has-post-thumbnail","6":"product_cat-petzl","7":"product_cat-kletterausruestung","8":"product_cat-expressschlingen","10":"first","11":"instock","12":"taxable","13":"shipping-taxable","14":"purchasable","15":"product-type-variable"},"yoast_head":"<!-- This site is optimized with the Yoast SEO Premium plugin v26.9 (Yoast SEO v26.9) - https:\/\/yoast.com\/product\/yoast-seo-premium-wordpress\/ -->\n<title>Petzl Spirit Express - 11cm, 17cm, 25cm - g\u00fcnstig online kaufen | bolting.eu<\/title>\n<meta name=\"description\" content=\"PETZL SPIRIT EXPRESS beim Kletter Hardwareprofi kaufen \u2705 Trusted Shop \u2705 kostenloser Versand* \u2705 14 Tage R\u00fcckgaberecht \u2705 Co2 neutrale Zustellung\" \/>\n<meta name=\"robots\" content=\"index, follow, max-snippet:-1, max-image-preview:large, max-video-preview:-1\" \/>\n<link rel=\"canonical\" href=\"https:\/\/bolting.eu\/en\/shop\/petzl-spirit-express\/\" \/>\n<meta property=\"og:locale\" content=\"en_US\" \/>\n<meta property=\"og:type\" content=\"article\" \/>\n<meta property=\"og:title\" content=\"Petzl Spirit Express\" \/>\n<meta property=\"og:description\" content=\"PETZL SPIRIT EXPRESS beim Kletter Hardwareprofi kaufen \u2705 Trusted Shop \u2705 kostenloser Versand* \u2705 14 Tage R\u00fcckgaberecht \u2705 Co2 neutrale Zustellung\" \/>\n<meta property=\"og:url\" content=\"https:\/\/bolting.eu\/en\/shop\/petzl-spirit-express\/\" \/>\n<meta property=\"og:site_name\" content=\"bolting.eu\" \/>\n<meta property=\"article:publisher\" content=\"https:\/\/www.facebook.com\/bolting.eu\" \/>\n<meta property=\"article:modified_time\" content=\"2026-04-17T13:53:38+00:00\" \/>\n<meta property=\"og:image\" content=\"https:\/\/bolting.eu\/wp-content\/uploads\/2021\/07\/Petzl-Spirit-Express-new-1.jpg\" \/>\n\t<meta property=\"og:image:width\" content=\"700\" \/>\n\t<meta property=\"og:image:height\" content=\"700\" \/>\n\t<meta property=\"og:image:type\" content=\"image\/jpeg\" \/>\n<meta name=\"twitter:card\" content=\"summary_large_image\" \/>\n<meta name=\"twitter:label1\" content=\"Availability\" \/>\n\t<meta name=\"twitter:data1\" content=\"In stock\" \/>\n<script type=\"application\/ld+json\" class=\"yoast-schema-graph\">{\"@context\":\"https:\/\/schema.org\",\"@graph\":[{\"@type\":[\"WebPage\",\"ItemPage\"],\"@id\":\"https:\/\/bolting.eu\/en\/shop\/petzl-spirit-express\/\",\"url\":\"https:\/\/bolting.eu\/en\/shop\/petzl-spirit-express\/\",\"name\":\"Petzl Spirit Express - 11cm, 17cm, 25cm - g\u00fcnstig online kaufen | bolting.eu\",\"isPartOf\":{\"@id\":\"https:\/\/bolting.eu\/en\/#website\"},\"primaryImageOfPage\":{\"@id\":\"https:\/\/bolting.eu\/en\/shop\/petzl-spirit-express\/#primaryimage\"},\"image\":{\"@id\":\"https:\/\/bolting.eu\/en\/shop\/petzl-spirit-express\/#primaryimage\"},\"thumbnailUrl\":\"https:\/\/bolting.eu\/wp-content\/uploads\/2021\/07\/Petzl-Spirit-Express-new-1.jpg\",\"datePublished\":\"2021-07-12T12:41:52+00:00\",\"dateModified\":\"2026-04-17T13:53:38+00:00\",\"description\":\"PETZL SPIRIT EXPRESS beim Kletter Hardwareprofi kaufen \u2705 Trusted Shop \u2705 kostenloser Versand* \u2705 14 Tage R\u00fcckgaberecht \u2705 Co2 neutrale Zustellung\",\"breadcrumb\":{\"@id\":\"https:\/\/bolting.eu\/en\/shop\/petzl-spirit-express\/#breadcrumb\"},\"inLanguage\":\"en-US\",\"potentialAction\":[{\"@type\":\"ReadAction\",\"target\":[\"https:\/\/bolting.eu\/en\/shop\/petzl-spirit-express\/\"]}]},{\"@type\":\"ImageObject\",\"inLanguage\":\"en-US\",\"@id\":\"https:\/\/bolting.eu\/en\/shop\/petzl-spirit-express\/#primaryimage\",\"url\":\"https:\/\/bolting.eu\/wp-content\/uploads\/2021\/07\/Petzl-Spirit-Express-new-1.jpg\",\"contentUrl\":\"https:\/\/bolting.eu\/wp-content\/uploads\/2021\/07\/Petzl-Spirit-Express-new-1.jpg\",\"width\":700,\"height\":700,\"caption\":\"Drei unterschiedlich lange, orange - schwarze Petzl Spirit Expressschlingen nebeneinander.\"},{\"@type\":\"BreadcrumbList\",\"@id\":\"https:\/\/bolting.eu\/en\/shop\/petzl-spirit-express\/#breadcrumb\",\"itemListElement\":[{\"@type\":\"ListItem\",\"position\":1,\"name\":\"Shop\",\"item\":\"https:\/\/bolting.eu\/en\/shop\/\"},{\"@type\":\"ListItem\",\"position\":2,\"name\":\"climbing equipment\",\"item\":\"https:\/\/bolting.eu\/en\/produkt-kategorie\/climbing-equipment\/\"},{\"@type\":\"ListItem\",\"position\":3,\"name\":\"Quickdraws\",\"item\":\"https:\/\/bolting.eu\/en\/produkt-kategorie\/quickdraws\/\"},{\"@type\":\"ListItem\",\"position\":4,\"name\":\"Petzl Spirit Express\"}]},{\"@type\":\"WebSite\",\"@id\":\"https:\/\/bolting.eu\/en\/#website\",\"url\":\"https:\/\/bolting.eu\/en\/\",\"name\":\"bolting.eu\",\"description\":\"we make climbs happen\",\"publisher\":{\"@id\":\"https:\/\/bolting.eu\/en\/#organization\"},\"potentialAction\":[{\"@type\":\"SearchAction\",\"target\":{\"@type\":\"EntryPoint\",\"urlTemplate\":\"https:\/\/bolting.eu\/en\/?s={search_term_string}\"},\"query-input\":{\"@type\":\"PropertyValueSpecification\",\"valueRequired\":true,\"valueName\":\"search_term_string\"}}],\"inLanguage\":\"en-US\"},{\"@type\":[\"Organization\",\"Place\",\"SportingGoodsStore\"],\"@id\":\"https:\/\/bolting.eu\/en\/#organization\",\"name\":\"bolting.eu\",\"url\":\"https:\/\/bolting.eu\/en\/\",\"logo\":{\"@id\":\"https:\/\/bolting.eu\/en\/shop\/petzl-spirit-express\/#local-main-organization-logo\"},\"image\":{\"@id\":\"https:\/\/bolting.eu\/en\/shop\/petzl-spirit-express\/#local-main-organization-logo\"},\"sameAs\":[\"https:\/\/www.facebook.com\/bolting.eu\",\"https:\/\/www.instagram.com\/bolting.eu\/\"],\"address\":{\"@id\":\"https:\/\/bolting.eu\/en\/shop\/petzl-spirit-express\/#local-main-place-address\"},\"geo\":{\"@type\":\"GeoCoordinates\",\"latitude\":\"47.264176340396226\",\"longitude\":\"11.380109057672346\"},\"telephone\":[\"+43 699 19083372\"],\"openingHoursSpecification\":[{\"@type\":\"OpeningHoursSpecification\",\"dayOfWeek\":[\"Monday\",\"Wednesday\",\"Friday\"],\"opens\":\"14:00\",\"closes\":\"18:00\"},{\"@type\":\"OpeningHoursSpecification\",\"dayOfWeek\":[\"Tuesday\",\"Thursday\",\"Saturday\",\"Sunday\"],\"opens\":\"00:00\",\"closes\":\"00:00\"}],\"email\":\"office@bolting.eu\",\"vatID\":\"ATU59999728\",\"priceRange\":\"$$\",\"currenciesAccepted\":\"Euro\"},{\"@type\":\"PostalAddress\",\"@id\":\"https:\/\/bolting.eu\/en\/shop\/petzl-spirit-express\/#local-main-place-address\",\"streetAddress\":\"Fischnalerstra\u00dfe 4\",\"addressLocality\":\"Innsbruck\",\"postalCode\":\"6020\",\"addressRegion\":\"Tirol\",\"addressCountry\":\"AT\"},{\"@type\":\"ImageObject\",\"inLanguage\":\"en-US\",\"@id\":\"https:\/\/bolting.eu\/en\/shop\/petzl-spirit-express\/#local-main-organization-logo\",\"url\":\"https:\/\/bolting.eu\/wp-content\/uploads\/2019\/09\/bolting-logo.png\",\"contentUrl\":\"https:\/\/bolting.eu\/wp-content\/uploads\/2019\/09\/bolting-logo.png\",\"width\":400,\"height\":211,\"caption\":\"bolting.eu\"}]}<\/script>\n<meta property=\"og:availability\" content=\"instock\" \/>\n<meta property=\"product:availability\" content=\"instock\" \/>\n<meta property=\"product:condition\" content=\"new\" \/>\n<meta name=\"geo.placename\" content=\"Innsbruck\" \/>\n<meta name=\"geo.position\" content=\"47.264176340396226;11.380109057672346\" \/>\n<meta name=\"geo.region\" content=\"Austria\" \/>\n<!-- \/ Yoast SEO Premium plugin. -->","yoast_head_json":{"title":"Petzl Spirit Express - 11cm, 17cm, 25cm - g\u00fcnstig online kaufen | bolting.eu","description":"PETZL SPIRIT EXPRESS beim Kletter Hardwareprofi kaufen \u2705 Trusted Shop \u2705 kostenloser Versand* \u2705 14 Tage R\u00fcckgaberecht \u2705 Co2 neutrale Zustellung","robots":{"index":"index","follow":"follow","max-snippet":"max-snippet:-1","max-image-preview":"max-image-preview:large","max-video-preview":"max-video-preview:-1"},"canonical":"https:\/\/bolting.eu\/en\/shop\/petzl-spirit-express\/","og_locale":"en_US","og_type":"article","og_title":"Petzl Spirit Express","og_description":"PETZL SPIRIT EXPRESS beim Kletter Hardwareprofi kaufen \u2705 Trusted Shop \u2705 kostenloser Versand* \u2705 14 Tage R\u00fcckgaberecht \u2705 Co2 neutrale Zustellung","og_url":"https:\/\/bolting.eu\/en\/shop\/petzl-spirit-express\/","og_site_name":"bolting.eu","article_publisher":"https:\/\/www.facebook.com\/bolting.eu","article_modified_time":"2026-04-17T13:53:38+00:00","og_image":[{"width":700,"height":700,"url":"https:\/\/bolting.eu\/wp-content\/uploads\/2021\/07\/Petzl-Spirit-Express-new-1.jpg","type":"image\/jpeg"}],"twitter_card":"summary_large_image","twitter_misc":{"Availability":"In stock"},"schema":{"@context":"https:\/\/schema.org","@graph":[{"@type":["WebPage","ItemPage"],"@id":"https:\/\/bolting.eu\/en\/shop\/petzl-spirit-express\/","url":"https:\/\/bolting.eu\/en\/shop\/petzl-spirit-express\/","name":"Petzl Spirit Express - 11cm, 17cm, 25cm - g\u00fcnstig online kaufen | bolting.eu","isPartOf":{"@id":"https:\/\/bolting.eu\/en\/#website"},"primaryImageOfPage":{"@id":"https:\/\/bolting.eu\/en\/shop\/petzl-spirit-express\/#primaryimage"},"image":{"@id":"https:\/\/bolting.eu\/en\/shop\/petzl-spirit-express\/#primaryimage"},"thumbnailUrl":"https:\/\/bolting.eu\/wp-content\/uploads\/2021\/07\/Petzl-Spirit-Express-new-1.jpg","datePublished":"2021-07-12T12:41:52+00:00","dateModified":"2026-04-17T13:53:38+00:00","description":"PETZL SPIRIT EXPRESS beim Kletter Hardwareprofi kaufen \u2705 Trusted Shop \u2705 kostenloser Versand* \u2705 14 Tage R\u00fcckgaberecht \u2705 Co2 neutrale Zustellung","breadcrumb":{"@id":"https:\/\/bolting.eu\/en\/shop\/petzl-spirit-express\/#breadcrumb"},"inLanguage":"en-US","potentialAction":[{"@type":"ReadAction","target":["https:\/\/bolting.eu\/en\/shop\/petzl-spirit-express\/"]}]},{"@type":"ImageObject","inLanguage":"en-US","@id":"https:\/\/bolting.eu\/en\/shop\/petzl-spirit-express\/#primaryimage","url":"https:\/\/bolting.eu\/wp-content\/uploads\/2021\/07\/Petzl-Spirit-Express-new-1.jpg","contentUrl":"https:\/\/bolting.eu\/wp-content\/uploads\/2021\/07\/Petzl-Spirit-Express-new-1.jpg","width":700,"height":700,"caption":"Drei unterschiedlich lange, orange - schwarze Petzl Spirit Expressschlingen nebeneinander."},{"@type":"BreadcrumbList","@id":"https:\/\/bolting.eu\/en\/shop\/petzl-spirit-express\/#breadcrumb","itemListElement":[{"@type":"ListItem","position":1,"name":"Shop","item":"https:\/\/bolting.eu\/en\/shop\/"},{"@type":"ListItem","position":2,"name":"climbing equipment","item":"https:\/\/bolting.eu\/en\/produkt-kategorie\/climbing-equipment\/"},{"@type":"ListItem","position":3,"name":"Quickdraws","item":"https:\/\/bolting.eu\/en\/produkt-kategorie\/quickdraws\/"},{"@type":"ListItem","position":4,"name":"Petzl Spirit Express"}]},{"@type":"WebSite","@id":"https:\/\/bolting.eu\/en\/#website","url":"https:\/\/bolting.eu\/en\/","name":"bolting.eu","description":"we make climbs happen","publisher":{"@id":"https:\/\/bolting.eu\/en\/#organization"},"potentialAction":[{"@type":"SearchAction","target":{"@type":"EntryPoint","urlTemplate":"https:\/\/bolting.eu\/en\/?s={search_term_string}"},"query-input":{"@type":"PropertyValueSpecification","valueRequired":true,"valueName":"search_term_string"}}],"inLanguage":"en-US"},{"@type":["Organization","Place","SportingGoodsStore"],"@id":"https:\/\/bolting.eu\/en\/#organization","name":"bolting.eu","url":"https:\/\/bolting.eu\/en\/","logo":{"@id":"https:\/\/bolting.eu\/en\/shop\/petzl-spirit-express\/#local-main-organization-logo"},"image":{"@id":"https:\/\/bolting.eu\/en\/shop\/petzl-spirit-express\/#local-main-organization-logo"},"sameAs":["https:\/\/www.facebook.com\/bolting.eu","https:\/\/www.instagram.com\/bolting.eu\/"],"address":{"@id":"https:\/\/bolting.eu\/en\/shop\/petzl-spirit-express\/#local-main-place-address"},"geo":{"@type":"GeoCoordinates","latitude":"47.264176340396226","longitude":"11.380109057672346"},"telephone":["+43 699 19083372"],"openingHoursSpecification":[{"@type":"OpeningHoursSpecification","dayOfWeek":["Monday","Wednesday","Friday"],"opens":"14:00","closes":"18:00"},{"@type":"OpeningHoursSpecification","dayOfWeek":["Tuesday","Thursday","Saturday","Sunday"],"opens":"00:00","closes":"00:00"}],"email":"office@bolting.eu","vatID":"ATU59999728","priceRange":"$$","currenciesAccepted":"Euro"},{"@type":"PostalAddress","@id":"https:\/\/bolting.eu\/en\/shop\/petzl-spirit-express\/#local-main-place-address","streetAddress":"Fischnalerstra\u00dfe 4","addressLocality":"Innsbruck","postalCode":"6020","addressRegion":"Tirol","addressCountry":"AT"},{"@type":"ImageObject","inLanguage":"en-US","@id":"https:\/\/bolting.eu\/en\/shop\/petzl-spirit-express\/#local-main-organization-logo","url":"https:\/\/bolting.eu\/wp-content\/uploads\/2019\/09\/bolting-logo.png","contentUrl":"https:\/\/bolting.eu\/wp-content\/uploads\/2019\/09\/bolting-logo.png","width":400,"height":211,"caption":"bolting.eu"}]},"og_availability":"instock","product_availability":"instock","product_condition":"new","geo.placename":"Innsbruck","geo.position":{"lat":"47.264176340396226","long":"11.380109057672346"},"geo.region":"Austria"},"_links":{"self":[{"href":"https:\/\/bolting.eu\/en\/wp-json\/wp\/v2\/product\/9172","targetHints":{"allow":["GET"]}}],"collection":[{"href":"https:\/\/bolting.eu\/en\/wp-json\/wp\/v2\/product"}],"about":[{"href":"https:\/\/bolting.eu\/en\/wp-json\/wp\/v2\/types\/product"}],"replies":[{"embeddable":true,"href":"https:\/\/bolting.eu\/en\/wp-json\/wp\/v2\/comments?post=9172"}],"wp:featuredmedia":[{"embeddable":true,"href":"https:\/\/bolting.eu\/en\/wp-json\/wp\/v2\/media\/18335"}],"wp:attachment":[{"href":"https:\/\/bolting.eu\/en\/wp-json\/wp\/v2\/media?parent=9172"}],"wp:term":[{"taxonomy":"product_brand","embeddable":true,"href":"https:\/\/bolting.eu\/en\/wp-json\/wp\/v2\/product_brand?post=9172"},{"taxonomy":"product_cat","embeddable":true,"href":"https:\/\/bolting.eu\/en\/wp-json\/wp\/v2\/product_cat?post=9172"},{"taxonomy":"product_tag","embeddable":true,"href":"https:\/\/bolting.eu\/en\/wp-json\/wp\/v2\/product_tag?post=9172"}],"curies":[{"name":"wp","href":"https:\/\/api.w.org\/{rel}","templated":true}]}}