{"id":9149,"date":"2021-07-12T12:34:53","date_gmt":"2021-07-12T10:34:53","guid":{"rendered":"https:\/\/bolting.eu\/?post_type=product&#038;p=9149"},"modified":"2026-04-10T19:10:50","modified_gmt":"2026-04-10T17:10:50","slug":"petzl-meteor","status":"publish","type":"product","link":"https:\/\/bolting.eu\/en\/shop\/petzl-meteor\/","title":{"rendered":"Petzl Meteor"},"content":{"rendered":"<p>Der Petzl Meteor ist einer der beliebtesten <a href=\"https:\/\/bolting.eu\/produkt-kategorie\/kletterausruestung\/kletterhelme\/\">Kletterhelme<\/a> in unserem Shop. Denn dieser extrem hochwertige In-Mold Helm kann gleichzeitig f\u00fcr\u00b4s Klettern, Bergsteigen, Klettersteig und sogar Skitouren verwendet werden. D.h. dieser Helm ist einer der ganz wenigen am Markt mit einer Mehrfachzulassung f\u00fcr alle alpinen Disziplinen.<\/p>\n<p>Dabei l\u00e4sst der Helm keine W\u00fcnsche \u00fcbrig. Denn erstens ist er ein super leichter In-Mold Helm. Er wiegt gerade einmal 225 bzw. 240 Gramm.<\/p>\n<p>Zweitens hat er eine sehr gute Bel\u00fcftung durch viele Schlitze auf allen Seiten. Drittens hat er eine f\u00fcr sehr viele K\u00f6pfe perfekte Passform.<\/p>\n<p>Kurzum. Wer EINEN leichten Helm f\u00fcr viele Aktivit\u00e4ten sucht, der ist hier genau richtig!<\/p>\n<h2>Eigenschaften Meteor Kletterhelm<\/h2>\n<ul>\n<li>Hersteller: Petzl<\/li>\n<li>Gr\u00f6\u00dfen: S\/M 48-58cm und M\/L 53-61cm<\/li>\n<li>Gewicht: 225 Gramm (S\/M) bzw. 240 Gramm (M\/L)<\/li>\n<li>In-Mold Helm (EPS Schaum in Polycarbonat H\u00fclle)<\/li>\n<li>f\u00fcr Klettern, Bergsteigen und Skitouren<\/li>\n<li>CE zertifiziert f\u00fcr Skitouren!<\/li>\n<li>Farben: orange-rot und weiss schwarz<\/li>\n<li>sehr gute Bel\u00fcftung<\/li>\n<li><a href=\"https:\/\/www.petzl.com\/sfc\/servlet.shepherd\/version\/download\/0685I000006EisoQAC\" target=\"_blank\" rel=\"noopener\">Bedienungsanleitung<\/a><\/li>\n<\/ul>\n<h3>Video Petzl Meteor<\/h3>\n<p>Ein Bild sagt mehr als 1.000 Worte. Deshalb stellen wir euch den hochwertigen Helm hier auch gleich in einem Video vor.<\/p>\n<p><iframe loading=\"lazy\" title=\"vimeo-player\" src=\"https:\/\/player.vimeo.com\/video\/314472075\" width=\"75%\" height=\"360\" frameborder=\"0\" allowfullscreen=\"allowfullscreen\"><span data-mce-type=\"bookmark\" style=\"display: inline-block; width: 0px; overflow: hidden; line-height: 0;\" class=\"mce_SELRES_start\">\ufeff<\/span><\/iframe><\/p>\n<h3>In-Mold Helm<\/h3>\n<figure id=\"attachment_9158\" aria-describedby=\"caption-attachment-9158\" style=\"width: 300px\" class=\"wp-caption alignleft\"><a href=\"https:\/\/bolting.eu\/wp-content\/uploads\/2021\/07\/Petzl-Meteor-3-1.jpeg\"><img loading=\"lazy\" decoding=\"async\" class=\"wp-image-9158\" src=\"https:\/\/bolting.eu\/wp-content\/uploads\/2021\/07\/Petzl-Meteor-3-1-557x400.jpeg\" alt=\"Das Bild zeigt den Querschnitt eines In-Mold Kletterhelms.\" width=\"300\" height=\"215\" srcset=\"https:\/\/bolting.eu\/wp-content\/uploads\/2021\/07\/Petzl-Meteor-3-1-557x400.jpeg 557w, https:\/\/bolting.eu\/wp-content\/uploads\/2021\/07\/Petzl-Meteor-3-1-510x366.jpeg 510w, https:\/\/bolting.eu\/wp-content\/uploads\/2021\/07\/Petzl-Meteor-3-1-1115x800.jpeg 1115w, https:\/\/bolting.eu\/wp-content\/uploads\/2021\/07\/Petzl-Meteor-3-1-768x551.jpeg 768w, https:\/\/bolting.eu\/wp-content\/uploads\/2021\/07\/Petzl-Meteor-3-1-600x431.jpeg 600w, https:\/\/bolting.eu\/wp-content\/uploads\/2021\/07\/Petzl-Meteor-3-1.jpeg 1200w\" sizes=\"auto, (max-width: 300px) 100vw, 300px\" \/><\/a><figcaption id=\"caption-attachment-9158\" class=\"wp-caption-text\">Das In-Mold System des Meteor mit der harten Polycarbonat Schale und dem eingespritzten EPS Schaumstoff innen.<\/figcaption><\/figure>\n<p>Bei einem In-Mold Helm wird in eine Polycarbonat H\u00fclle ein EPS oder EPP Schaumstoff eingespritzt. D.h. EPS = <strong>e<\/strong>x<strong>p<\/strong>andierendes Poly<strong>s<\/strong>tyrol a.k.a. &#8220;Styropor. Oder EPP = <strong>e<\/strong>xpandierendes <strong>P<\/strong>oly<strong>p<\/strong>ropylen a.k.a. luftgef\u00fcllter Schaumstoff.<\/p>\n<p>Sowohl EPS als auch EPP geben diesem Helmtyp die gew\u00fcnschten Eigenschaften. N\u00e4mlich zum einen das geringe Gewicht. Und zum anderen eine sehr gute Energie Absorbtion, besonders bei seitlichem Aufprall.<\/p>\n<h3>Meteor von Petzl = extrem beliebt<\/h3>\n<p>Bedenkt man die zus\u00e4tzliche CE Zertifizierung als Skitourenhelm, \u00fcberrascht es wenig. Dieses Modell z\u00e4hlt zu den am meisten verkauften von Petzl.<\/p>\n<p>Auch bei uns wird dieses Modell nachgefragt und ist bestens erprobt. Wer einen universellen, sehr leichten Helm sucht, macht mit dem Modell eine sehr gute Wahl!<\/p>\n<h3>Wann geh\u00f6rt der Helm ausgetauscht?<\/h3>\n<p>Der Meteor von Petzl geh\u00f6rt ausgeschieden, wenn er offensichtliche Besch\u00e4digungen an der Au\u00dfenschale hat.<\/p>\n<p>Wie z.B. Risse oder\u00a0 abgebrochene Teile der Schale. Das muss nicht einmal von einem Steinschlag oder Sturz her r\u00fchren. Es kann z.B. auch durch Sitzen am Helm oder Verstauen im Rucksack mit harten Gegenst\u00e4nden passieren.<\/p>\n<p>Die maximale Gebrauchsfrist bzw. Lagerfrist f\u00fcr Petzl Helme betr\u00e4gt 10 Jahre. Nach dieser Zeit ist der Helm ebenfalls auszuscheiden, da die Werkstoffe die angegebenen Normwerte nicht mehr erreichen.<\/p>\n<h3>Pflege- und Lagerhinweise<\/h3>\n<p>Seinen Meteor Kletterhelm von Petzl sollte man regelm\u00e4\u00dfig pflegen bzw. ordentlich lagern. D.h. zum einen beginnt das bereits bei der Lagerung. Lasst euren Helm hierbei immer zuerst im Schatten trocknen. Dann lagert ihn an einem k\u00fchlen und schattigen Ort ein.<\/p>\n<p>Es empfiehlt sich zudem die Kinnriemen ab und zu mit Seife und warmen Wasser zu waschen. Dies verhindert fettige = rutschige Riemen oder Schimmel bei der Lagerung.<\/p>\n","protected":false},"excerpt":{"rendered":"<ul>\n<li>Hersteller: Petzl<\/li>\n<li>Gr\u00f6\u00dfen: S\/M 48-58cm und M\/L 53-61cm<\/li>\n<li>Gewicht: 225 Gramm (S\/M) bzw. 240 Gramm (M\/L)<\/li>\n<li>In-Mold Helm (EPS Schaum in Polycarbonat H\u00fclle)<\/li>\n<li>f\u00fcr Klettern, Bergsteigen und Skitouren<\/li>\n<li>CE zertifiziert f\u00fcr Skitouren!<\/li>\n<li>Farben: orange-rot und violett<\/li>\n<li>sehr gute Bel\u00fcftung<\/li>\n<\/ul>\n","protected":false},"featured_media":9157,"comment_status":"open","ping_status":"closed","template":"","meta":[],"product_brand":[],"product_cat":[6755,6757,6758,14093,29],"product_tag":[],"class_list":{"0":"post-9149","1":"product","2":"type-product","3":"status-publish","4":"has-post-thumbnail","6":"product_cat-kletterhelme","7":"product_cat-kletterhelm-damen","8":"product_cat-kletterhelm-herren","9":"product_cat-petzl","10":"product_cat-kletterausruestung","12":"first","13":"instock","14":"sale","15":"taxable","16":"shipping-taxable","17":"purchasable","18":"product-type-variable"},"yoast_head":"<!-- This site is optimized with the Yoast SEO Premium plugin v26.9 (Yoast SEO v26.9) - https:\/\/yoast.com\/product\/yoast-seo-premium-wordpress\/ -->\n<title>Petzl Meteor Kletterhelm inkl. CE Skitouren Zertifikat| bolting.eu<\/title>\n<meta name=\"description\" content=\"Hier findest Du den PETZL METEOR Kletterhelm. Ein super leichter In-Mold Helm mit zus\u00e4tzlichem CE Skitourenhelm Zertifikat.\" \/>\n<meta name=\"robots\" content=\"index, follow, max-snippet:-1, max-image-preview:large, max-video-preview:-1\" \/>\n<link rel=\"canonical\" href=\"https:\/\/bolting.eu\/en\/shop\/petzl-meteor\/\" \/>\n<meta property=\"og:locale\" content=\"en_US\" \/>\n<meta property=\"og:type\" content=\"article\" \/>\n<meta property=\"og:title\" content=\"Petzl Meteor\" \/>\n<meta property=\"og:description\" content=\"Hier findest Du den PETZL METEOR Kletterhelm. Ein super leichter In-Mold Helm mit zus\u00e4tzlichem CE Skitourenhelm Zertifikat.\" \/>\n<meta property=\"og:url\" content=\"https:\/\/bolting.eu\/en\/shop\/petzl-meteor\/\" \/>\n<meta property=\"og:site_name\" content=\"bolting.eu\" \/>\n<meta property=\"article:publisher\" content=\"https:\/\/www.facebook.com\/bolting.eu\" \/>\n<meta property=\"article:modified_time\" content=\"2026-04-10T17:10:50+00:00\" \/>\n<meta property=\"og:image\" content=\"https:\/\/bolting.eu\/wp-content\/uploads\/2021\/07\/Petzl-Meteor-1.jpeg\" \/>\n\t<meta property=\"og:image:width\" content=\"700\" \/>\n\t<meta property=\"og:image:height\" content=\"700\" \/>\n\t<meta property=\"og:image:type\" content=\"image\/jpeg\" \/>\n<meta name=\"twitter:card\" content=\"summary_large_image\" \/>\n<meta name=\"twitter:label1\" content=\"Availability\" \/>\n\t<meta name=\"twitter:data1\" content=\"In stock\" \/>\n<script type=\"application\/ld+json\" class=\"yoast-schema-graph\">{\"@context\":\"https:\/\/schema.org\",\"@graph\":[{\"@type\":[\"WebPage\",\"ItemPage\"],\"@id\":\"https:\/\/bolting.eu\/en\/shop\/petzl-meteor\/\",\"url\":\"https:\/\/bolting.eu\/en\/shop\/petzl-meteor\/\",\"name\":\"Petzl Meteor Kletterhelm inkl. CE Skitouren Zertifikat| bolting.eu\",\"isPartOf\":{\"@id\":\"https:\/\/bolting.eu\/en\/#website\"},\"primaryImageOfPage\":{\"@id\":\"https:\/\/bolting.eu\/en\/shop\/petzl-meteor\/#primaryimage\"},\"image\":{\"@id\":\"https:\/\/bolting.eu\/en\/shop\/petzl-meteor\/#primaryimage\"},\"thumbnailUrl\":\"https:\/\/bolting.eu\/wp-content\/uploads\/2021\/07\/Petzl-Meteor-1.jpeg\",\"datePublished\":\"2021-07-12T10:34:53+00:00\",\"dateModified\":\"2026-04-10T17:10:50+00:00\",\"description\":\"Hier findest Du den PETZL METEOR Kletterhelm. Ein super leichter In-Mold Helm mit zus\u00e4tzlichem CE Skitourenhelm Zertifikat.\",\"breadcrumb\":{\"@id\":\"https:\/\/bolting.eu\/en\/shop\/petzl-meteor\/#breadcrumb\"},\"inLanguage\":\"en-US\",\"potentialAction\":[{\"@type\":\"ReadAction\",\"target\":[\"https:\/\/bolting.eu\/en\/shop\/petzl-meteor\/\"]}]},{\"@type\":\"ImageObject\",\"inLanguage\":\"en-US\",\"@id\":\"https:\/\/bolting.eu\/en\/shop\/petzl-meteor\/#primaryimage\",\"url\":\"https:\/\/bolting.eu\/wp-content\/uploads\/2021\/07\/Petzl-Meteor-1.jpeg\",\"contentUrl\":\"https:\/\/bolting.eu\/wp-content\/uploads\/2021\/07\/Petzl-Meteor-1.jpeg\",\"width\":700,\"height\":700,\"caption\":\"Das Bild zeigt einen orangen Petzl Meteor Kletterhelm von der Seite. Man erkennt alle Produktdetails wie Bel\u00fcftung, Kinnriemen und Verstellr\u00e4der.\"},{\"@type\":\"BreadcrumbList\",\"@id\":\"https:\/\/bolting.eu\/en\/shop\/petzl-meteor\/#breadcrumb\",\"itemListElement\":[{\"@type\":\"ListItem\",\"position\":1,\"name\":\"Shop\",\"item\":\"https:\/\/bolting.eu\/en\/shop\/\"},{\"@type\":\"ListItem\",\"position\":2,\"name\":\"climbing equipment\",\"item\":\"https:\/\/bolting.eu\/en\/produkt-kategorie\/climbing-equipment\/\"},{\"@type\":\"ListItem\",\"position\":3,\"name\":\"Kletterhelme\",\"item\":\"https:\/\/bolting.eu\/produkt-kategorie\/kletterausruestung\/kletterhelme\/\"},{\"@type\":\"ListItem\",\"position\":4,\"name\":\"Petzl Meteor\"}]},{\"@type\":\"WebSite\",\"@id\":\"https:\/\/bolting.eu\/en\/#website\",\"url\":\"https:\/\/bolting.eu\/en\/\",\"name\":\"bolting.eu\",\"description\":\"we make climbs happen\",\"publisher\":{\"@id\":\"https:\/\/bolting.eu\/en\/#organization\"},\"potentialAction\":[{\"@type\":\"SearchAction\",\"target\":{\"@type\":\"EntryPoint\",\"urlTemplate\":\"https:\/\/bolting.eu\/en\/?s={search_term_string}\"},\"query-input\":{\"@type\":\"PropertyValueSpecification\",\"valueRequired\":true,\"valueName\":\"search_term_string\"}}],\"inLanguage\":\"en-US\"},{\"@type\":[\"Organization\",\"Place\",\"SportingGoodsStore\"],\"@id\":\"https:\/\/bolting.eu\/en\/#organization\",\"name\":\"bolting.eu\",\"url\":\"https:\/\/bolting.eu\/en\/\",\"logo\":{\"@id\":\"https:\/\/bolting.eu\/en\/shop\/petzl-meteor\/#local-main-organization-logo\"},\"image\":{\"@id\":\"https:\/\/bolting.eu\/en\/shop\/petzl-meteor\/#local-main-organization-logo\"},\"sameAs\":[\"https:\/\/www.facebook.com\/bolting.eu\",\"https:\/\/www.instagram.com\/bolting.eu\/\"],\"address\":{\"@id\":\"https:\/\/bolting.eu\/en\/shop\/petzl-meteor\/#local-main-place-address\"},\"geo\":{\"@type\":\"GeoCoordinates\",\"latitude\":\"47.264176340396226\",\"longitude\":\"11.380109057672346\"},\"telephone\":[\"+43 699 19083372\"],\"openingHoursSpecification\":[{\"@type\":\"OpeningHoursSpecification\",\"dayOfWeek\":[\"Monday\",\"Wednesday\",\"Friday\"],\"opens\":\"14:00\",\"closes\":\"18:00\"},{\"@type\":\"OpeningHoursSpecification\",\"dayOfWeek\":[\"Tuesday\",\"Thursday\",\"Saturday\",\"Sunday\"],\"opens\":\"00:00\",\"closes\":\"00:00\"}],\"email\":\"office@bolting.eu\",\"vatID\":\"ATU59999728\",\"priceRange\":\"$$\",\"currenciesAccepted\":\"Euro\"},{\"@type\":\"PostalAddress\",\"@id\":\"https:\/\/bolting.eu\/en\/shop\/petzl-meteor\/#local-main-place-address\",\"streetAddress\":\"Fischnalerstra\u00dfe 4\",\"addressLocality\":\"Innsbruck\",\"postalCode\":\"6020\",\"addressRegion\":\"Tirol\",\"addressCountry\":\"AT\"},{\"@type\":\"ImageObject\",\"inLanguage\":\"en-US\",\"@id\":\"https:\/\/bolting.eu\/en\/shop\/petzl-meteor\/#local-main-organization-logo\",\"url\":\"https:\/\/bolting.eu\/wp-content\/uploads\/2019\/09\/bolting-logo.png\",\"contentUrl\":\"https:\/\/bolting.eu\/wp-content\/uploads\/2019\/09\/bolting-logo.png\",\"width\":400,\"height\":211,\"caption\":\"bolting.eu\"}]}<\/script>\n<meta property=\"og:video\" content=\"https:\/\/player.vimeo.com\/video\/314472075\" \/>\n<meta property=\"og:video:type\" content=\"text\/html\" \/>\n<meta property=\"og:video:duration\" content=\"60\" \/>\n<meta property=\"og:video:width\" content=\"1920\" \/>\n<meta property=\"og:video:height\" content=\"1080\" \/>\n<meta property=\"ya:ovs:adult\" content=\"false\" \/>\n<meta property=\"ya:ovs:upload_date\" content=\"2021-07-12T10:34:53+00:00\" \/>\n<meta property=\"ya:ovs:allow_embed\" content=\"true\" \/>\n<meta property=\"og:availability\" content=\"instock\" \/>\n<meta property=\"product:availability\" content=\"instock\" \/>\n<meta property=\"product:condition\" content=\"new\" \/>\n<meta name=\"geo.placename\" content=\"Innsbruck\" \/>\n<meta name=\"geo.position\" content=\"47.264176340396226;11.380109057672346\" \/>\n<meta name=\"geo.region\" content=\"Austria\" \/>\n<!-- \/ Yoast SEO Premium plugin. -->","yoast_head_json":{"title":"Petzl Meteor Kletterhelm inkl. CE Skitouren Zertifikat| bolting.eu","description":"Hier findest Du den PETZL METEOR Kletterhelm. Ein super leichter In-Mold Helm mit zus\u00e4tzlichem CE Skitourenhelm Zertifikat.","robots":{"index":"index","follow":"follow","max-snippet":"max-snippet:-1","max-image-preview":"max-image-preview:large","max-video-preview":"max-video-preview:-1"},"canonical":"https:\/\/bolting.eu\/en\/shop\/petzl-meteor\/","og_locale":"en_US","og_type":"article","og_title":"Petzl Meteor","og_description":"Hier findest Du den PETZL METEOR Kletterhelm. Ein super leichter In-Mold Helm mit zus\u00e4tzlichem CE Skitourenhelm Zertifikat.","og_url":"https:\/\/bolting.eu\/en\/shop\/petzl-meteor\/","og_site_name":"bolting.eu","article_publisher":"https:\/\/www.facebook.com\/bolting.eu","article_modified_time":"2026-04-10T17:10:50+00:00","og_image":[{"width":700,"height":700,"url":"https:\/\/bolting.eu\/wp-content\/uploads\/2021\/07\/Petzl-Meteor-1.jpeg","type":"image\/jpeg"}],"twitter_card":"summary_large_image","twitter_misc":{"Availability":"In stock"},"schema":{"@context":"https:\/\/schema.org","@graph":[{"@type":["WebPage","ItemPage"],"@id":"https:\/\/bolting.eu\/en\/shop\/petzl-meteor\/","url":"https:\/\/bolting.eu\/en\/shop\/petzl-meteor\/","name":"Petzl Meteor Kletterhelm inkl. CE Skitouren Zertifikat| bolting.eu","isPartOf":{"@id":"https:\/\/bolting.eu\/en\/#website"},"primaryImageOfPage":{"@id":"https:\/\/bolting.eu\/en\/shop\/petzl-meteor\/#primaryimage"},"image":{"@id":"https:\/\/bolting.eu\/en\/shop\/petzl-meteor\/#primaryimage"},"thumbnailUrl":"https:\/\/bolting.eu\/wp-content\/uploads\/2021\/07\/Petzl-Meteor-1.jpeg","datePublished":"2021-07-12T10:34:53+00:00","dateModified":"2026-04-10T17:10:50+00:00","description":"Hier findest Du den PETZL METEOR Kletterhelm. Ein super leichter In-Mold Helm mit zus\u00e4tzlichem CE Skitourenhelm Zertifikat.","breadcrumb":{"@id":"https:\/\/bolting.eu\/en\/shop\/petzl-meteor\/#breadcrumb"},"inLanguage":"en-US","potentialAction":[{"@type":"ReadAction","target":["https:\/\/bolting.eu\/en\/shop\/petzl-meteor\/"]}]},{"@type":"ImageObject","inLanguage":"en-US","@id":"https:\/\/bolting.eu\/en\/shop\/petzl-meteor\/#primaryimage","url":"https:\/\/bolting.eu\/wp-content\/uploads\/2021\/07\/Petzl-Meteor-1.jpeg","contentUrl":"https:\/\/bolting.eu\/wp-content\/uploads\/2021\/07\/Petzl-Meteor-1.jpeg","width":700,"height":700,"caption":"Das Bild zeigt einen orangen Petzl Meteor Kletterhelm von der Seite. Man erkennt alle Produktdetails wie Bel\u00fcftung, Kinnriemen und Verstellr\u00e4der."},{"@type":"BreadcrumbList","@id":"https:\/\/bolting.eu\/en\/shop\/petzl-meteor\/#breadcrumb","itemListElement":[{"@type":"ListItem","position":1,"name":"Shop","item":"https:\/\/bolting.eu\/en\/shop\/"},{"@type":"ListItem","position":2,"name":"climbing equipment","item":"https:\/\/bolting.eu\/en\/produkt-kategorie\/climbing-equipment\/"},{"@type":"ListItem","position":3,"name":"Kletterhelme","item":"https:\/\/bolting.eu\/produkt-kategorie\/kletterausruestung\/kletterhelme\/"},{"@type":"ListItem","position":4,"name":"Petzl Meteor"}]},{"@type":"WebSite","@id":"https:\/\/bolting.eu\/en\/#website","url":"https:\/\/bolting.eu\/en\/","name":"bolting.eu","description":"we make climbs happen","publisher":{"@id":"https:\/\/bolting.eu\/en\/#organization"},"potentialAction":[{"@type":"SearchAction","target":{"@type":"EntryPoint","urlTemplate":"https:\/\/bolting.eu\/en\/?s={search_term_string}"},"query-input":{"@type":"PropertyValueSpecification","valueRequired":true,"valueName":"search_term_string"}}],"inLanguage":"en-US"},{"@type":["Organization","Place","SportingGoodsStore"],"@id":"https:\/\/bolting.eu\/en\/#organization","name":"bolting.eu","url":"https:\/\/bolting.eu\/en\/","logo":{"@id":"https:\/\/bolting.eu\/en\/shop\/petzl-meteor\/#local-main-organization-logo"},"image":{"@id":"https:\/\/bolting.eu\/en\/shop\/petzl-meteor\/#local-main-organization-logo"},"sameAs":["https:\/\/www.facebook.com\/bolting.eu","https:\/\/www.instagram.com\/bolting.eu\/"],"address":{"@id":"https:\/\/bolting.eu\/en\/shop\/petzl-meteor\/#local-main-place-address"},"geo":{"@type":"GeoCoordinates","latitude":"47.264176340396226","longitude":"11.380109057672346"},"telephone":["+43 699 19083372"],"openingHoursSpecification":[{"@type":"OpeningHoursSpecification","dayOfWeek":["Monday","Wednesday","Friday"],"opens":"14:00","closes":"18:00"},{"@type":"OpeningHoursSpecification","dayOfWeek":["Tuesday","Thursday","Saturday","Sunday"],"opens":"00:00","closes":"00:00"}],"email":"office@bolting.eu","vatID":"ATU59999728","priceRange":"$$","currenciesAccepted":"Euro"},{"@type":"PostalAddress","@id":"https:\/\/bolting.eu\/en\/shop\/petzl-meteor\/#local-main-place-address","streetAddress":"Fischnalerstra\u00dfe 4","addressLocality":"Innsbruck","postalCode":"6020","addressRegion":"Tirol","addressCountry":"AT"},{"@type":"ImageObject","inLanguage":"en-US","@id":"https:\/\/bolting.eu\/en\/shop\/petzl-meteor\/#local-main-organization-logo","url":"https:\/\/bolting.eu\/wp-content\/uploads\/2019\/09\/bolting-logo.png","contentUrl":"https:\/\/bolting.eu\/wp-content\/uploads\/2019\/09\/bolting-logo.png","width":400,"height":211,"caption":"bolting.eu"}]},"og_video":"https:\/\/player.vimeo.com\/video\/314472075","og_video_type":"text\/html","og_video_duration":"60","og_video_width":"1920","og_video_height":"1080","ya_ovs_adult":"false","ya_ovs_upload_date":"2021-07-12T10:34:53+00:00","ya_ovs_allow_embed":"true","og_availability":"instock","product_availability":"instock","product_condition":"new","geo.placename":"Innsbruck","geo.position":{"lat":"47.264176340396226","long":"11.380109057672346"},"geo.region":"Austria"},"_links":{"self":[{"href":"https:\/\/bolting.eu\/en\/wp-json\/wp\/v2\/product\/9149","targetHints":{"allow":["GET"]}}],"collection":[{"href":"https:\/\/bolting.eu\/en\/wp-json\/wp\/v2\/product"}],"about":[{"href":"https:\/\/bolting.eu\/en\/wp-json\/wp\/v2\/types\/product"}],"replies":[{"embeddable":true,"href":"https:\/\/bolting.eu\/en\/wp-json\/wp\/v2\/comments?post=9149"}],"wp:featuredmedia":[{"embeddable":true,"href":"https:\/\/bolting.eu\/en\/wp-json\/wp\/v2\/media\/9157"}],"wp:attachment":[{"href":"https:\/\/bolting.eu\/en\/wp-json\/wp\/v2\/media?parent=9149"}],"wp:term":[{"taxonomy":"product_brand","embeddable":true,"href":"https:\/\/bolting.eu\/en\/wp-json\/wp\/v2\/product_brand?post=9149"},{"taxonomy":"product_cat","embeddable":true,"href":"https:\/\/bolting.eu\/en\/wp-json\/wp\/v2\/product_cat?post=9149"},{"taxonomy":"product_tag","embeddable":true,"href":"https:\/\/bolting.eu\/en\/wp-json\/wp\/v2\/product_tag?post=9149"}],"curies":[{"name":"wp","href":"https:\/\/api.w.org\/{rel}","templated":true}]}}