{"id":9119,"date":"2021-07-09T16:05:25","date_gmt":"2021-07-09T14:05:25","guid":{"rendered":"https:\/\/bolting.eu\/?post_type=product&#038;p=9119"},"modified":"2026-03-03T12:33:41","modified_gmt":"2026-03-03T11:33:41","slug":"petzl-corax","status":"publish","type":"product","link":"https:\/\/bolting.eu\/en\/shop\/petzl-corax\/","title":{"rendered":"Petzl Corax"},"content":{"rendered":"<p>Der Petzl Corax ist der beliebteste Klettergurte f\u00fcr Anf\u00e4nger in unserem Shop. Und das aus gutem Grund. Denn dieser Klettergurt hat alles, was man sich von einem Allroundmodell erwartet.<\/p>\n<p>Zum einen ist er mit 4 Schnallen voll verstellbar. Und zum anderen sind seine Features sehr ausgewogen und auf Allround Anwendung ausgerichtet.<\/p>\n<p>Folglich kann dieses Modell f\u00fcr allerlei Aktivit\u00e4ten verwendet werden. Wie z.B. Klettern, Klettersteigen und Bergsteigen.<\/p>\n<p>Fazit. Wer einen richtig guten Allrounder mit hoher Qualit\u00e4t sucht, der ist hier richtig.<\/p>\n<h2>Eigenschaften Corax Klettergurt<\/h2>\n<ul>\n<li>Hersteller: Petzl<\/li>\n<li>Material: Polyester bzw. geschlossenzelliger Schaumstoff<\/li>\n<li>Gr\u00f6\u00dfe 1: Beinschlaufen 48,5 &#8211; 59cm, H\u00fcftgurt 65-96cm<\/li>\n<li>Gewicht: 470 Gramm<\/li>\n<li>Gr\u00f6\u00dfe 2: Beinschlaufen 54 &#8211; 67cm, H\u00fcftgurt 76-107cm<\/li>\n<li>Gewicht: 520 Gramm<\/li>\n<li>Norm: EN 12277<\/li>\n<li>4 Materialschlaufen f\u00fcr <a href=\"https:\/\/bolting.eu\/produkt-kategorie\/kletterausruestung\/karabiner-kletterkarabiner\/\">Karabiner<\/a> und <a href=\"https:\/\/bolting.eu\/produkt-kategorie\/kletterausruestung\/expressschlingen\/\">Expressschlingen<\/a><\/li>\n<li>r\u00fcckseitige Schlaufe f\u00fcr Chalkbag<\/li>\n<li>komfortable Frame Technology Konstruktion<\/li>\n<li>Aufnahme f\u00fcr Materialkarabiner <a href=\"https:\/\/bolting.eu\/shop\/petzl-caritool-materialkarabiner\/\">Petzl Caritool<\/a><\/li>\n<li><a href=\"https:\/\/www.petzl.com\/sfc\/servlet.shepherd\/version\/download\/06868000001FM4PAAW\" target=\"_blank\" rel=\"noopener\">Gebrauchsanleitung<\/a><\/li>\n<\/ul>\n<h3>Video<\/h3>\n<p>Bilder sagen mehr als 1000 Worte. Deswegen wollen wir euch den Klettergurt im folgenden Video nochmals in bewegten Bildern vorstellen.<\/p>\n<p><iframe loading=\"lazy\" title=\"vimeo-player\" src=\"https:\/\/player.vimeo.com\/video\/810083864?h=d85e3eca4e\" width=\"640\" height=\"360\" frameborder=\"0\" allowfullscreen=\"allowfullscreen\"><\/iframe><\/p>\n<h3>Erh\u00e4ltlich in zwei Uni Gr\u00f6\u00dfen<\/h3>\n<p>Das Klasse am Corax von Petzl ist, dass es ihn in zwei Uni Gr\u00f6\u00dfen gibt. Diese beiden Dimensionen decken den Bereich von der Gr\u00f6\u00dfe S bis zu XXL ab.<\/p>\n<p>In der Mitte \u00fcberlappen sich die Modelle bei der Gr\u00f6\u00dfe L.<\/p>\n<p>Wer also relativ klein bzw. gro\u00df ist, f\u00fcr den ist die Wahl leicht. Wer sich genau um die Gr\u00f6\u00dfe L befindet, dem raten wir immer die gr\u00f6\u00dfere Dimension zu w\u00e4hlen.<\/p>\n<h3>Petzl Corax &#8211; FRAME Technology Konstruktion<\/h3>\n<p>Diese Technologie basiert auf einem netz\u00e4hnlichen Gewebe sowie dem geschlossenzelligen Schaumstoff. Gemeinsam verteilen sie die Last auf eine gro\u00dfe Fl\u00e4che. Somit kommt es zu keinen Druckstellen.<\/p>\n<p>Denn die wichtigsten Auflagepunkte sind dabei besonders gut gepolstert.<\/p>\n<p>Neben der ausgewogenen Ausstattung begr\u00fcndet der hohe Tragekomfort die Beliebtheit dieses Modells.<\/p>\n<h3>Double Back Schnallen<\/h3>\n<p><a href=\"https:\/\/bolting.eu\/wp-content\/uploads\/2021\/07\/Petzl-Corax-3.jpeg\"><img loading=\"lazy\" decoding=\"async\" class=\"alignleft wp-image-9121 size-thumbnail\" src=\"https:\/\/bolting.eu\/wp-content\/uploads\/2021\/07\/Petzl-Corax-3-280x280.jpeg\" alt=\"Das Bild zeigt die Schnallen eines grauen Klettergurtes.\" width=\"280\" height=\"280\" srcset=\"https:\/\/bolting.eu\/wp-content\/uploads\/2021\/07\/Petzl-Corax-3-280x280.jpeg 280w, https:\/\/bolting.eu\/wp-content\/uploads\/2021\/07\/Petzl-Corax-3-247x247.jpeg 247w, https:\/\/bolting.eu\/wp-content\/uploads\/2021\/07\/Petzl-Corax-3-100x100.jpeg 100w, https:\/\/bolting.eu\/wp-content\/uploads\/2021\/07\/Petzl-Corax-3-510x510.jpeg 510w, https:\/\/bolting.eu\/wp-content\/uploads\/2021\/07\/Petzl-Corax-3-400x400.jpeg 400w, https:\/\/bolting.eu\/wp-content\/uploads\/2021\/07\/Petzl-Corax-3-300x300.jpeg 300w, https:\/\/bolting.eu\/wp-content\/uploads\/2021\/07\/Petzl-Corax-3-600x600.jpeg 600w, https:\/\/bolting.eu\/wp-content\/uploads\/2021\/07\/Petzl-Corax-3.jpeg 700w\" sizes=\"auto, (max-width: 280px) 100vw, 280px\" \/><\/a>Der Corax hat am H\u00fcftgurt zwei Double Back Schnallen. Das sind speziell konstruierte Schnallen, welche ein rasches Verstellen erm\u00f6glichen.<\/p>\n<p>Ein kleiner Druck auf die Schnalle um sie schr\u00e4g zu stellen reicht aus. Schon kann man das Gurtband in beide Richtungen verschieben.<\/p>\n<p>Ein Nebeneffekt dieses Schnallensystems ist die mittige Positionierung. D.h. der H\u00fcftgurt bzw. die Materialschlaufen sind immer perfekt positioniert.<\/p>\n<h3>Wann muss der Gurt ausgetauscht werden?<\/h3>\n<p>Diesen Klettergurt sollte man je nach Dauer, Intensit\u00e4t und H\u00e4ufigkeit der Verwendung irgendwann mal austauschen.<\/p>\n<p>Kaum verwendete Klettergurte haben eine Gebrauchsfrist von ca. 10 Jahren. Regelm\u00e4\u00dfig verwendete Gurte sollte man sp\u00e4testens nach 5 Jahren austauschen.<\/p>\n<p>In jedem Fall ist der Corax Gurt umgehend auszuscheiden, wenn er sichtbare Sch\u00e4den an den tragenden B\u00e4ndern oder Beinschlaufen hat.<\/p>\n","protected":false},"excerpt":{"rendered":"<p>Sehr komfortabler Allround Klettergurt der voll verstellbar ist. Ideal f\u00fcr Anf\u00e4nger, gem\u00e4\u00dfigte Klettersteige und den Verleih.<\/p>\n<p>Erh\u00e4ltlich in 3 Farben bzw. 2 Gr\u00f6\u00dfen.<\/p>\n<p>Versandkostenfrei bis 2kg in <img decoding=\"async\" class=\"emoji\" role=\"img\" draggable=\"false\" src=\"https:\/\/s.w.org\/images\/core\/emoji\/14.0.0\/svg\/1f1e6-1f1f9.svg\" alt=\"\ud83c\udde6\ud83c\uddf9\" \/> ab \u20ac 100,- und <img decoding=\"async\" class=\"emoji\" role=\"img\" draggable=\"false\" src=\"https:\/\/s.w.org\/images\/core\/emoji\/14.0.0\/svg\/1f1e9-1f1ea.svg\" alt=\"\ud83c\udde9\ud83c\uddea\" \/> ab \u20ac 200,-!<\/p>\n","protected":false},"featured_media":9123,"comment_status":"open","ping_status":"closed","template":"","meta":[],"product_brand":[],"product_cat":[29,14060,6359],"product_tag":[],"class_list":{"0":"post-9119","1":"product","2":"type-product","3":"status-publish","4":"has-post-thumbnail","6":"product_cat-kletterausruestung","7":"product_cat-klettergurt-xxl","8":"product_cat-klettergurte","10":"first","11":"instock","12":"taxable","13":"shipping-taxable","14":"purchasable","15":"product-type-variable"},"yoast_head":"<!-- This site is optimized with the Yoast SEO Premium plugin v26.9 (Yoast SEO v26.9) - https:\/\/yoast.com\/product\/yoast-seo-premium-wordpress\/ -->\n<title>Petzl Corax - Allround Klettergurt online kaufen | bolting.eu<\/title>\n<meta name=\"description\" content=\"Petzl Corax Allround Klettergurt beim Kletterprofi aus Innsbruck kaufen \u2705 kostenloser Versand* \u2705 14 Tage R\u00fcckgaberecht \u2705 Co2 neutraler Versand\" \/>\n<meta name=\"robots\" content=\"index, follow, max-snippet:-1, max-image-preview:large, max-video-preview:-1\" \/>\n<link rel=\"canonical\" href=\"https:\/\/bolting.eu\/en\/shop\/petzl-corax\/\" \/>\n<meta property=\"og:locale\" content=\"en_US\" \/>\n<meta property=\"og:type\" content=\"article\" \/>\n<meta property=\"og:title\" content=\"Petzl Corax\" \/>\n<meta property=\"og:description\" content=\"Petzl Corax Allround Klettergurt beim Kletterprofi aus Innsbruck kaufen \u2705 kostenloser Versand* \u2705 14 Tage R\u00fcckgaberecht \u2705 Co2 neutraler Versand\" \/>\n<meta property=\"og:url\" content=\"https:\/\/bolting.eu\/en\/shop\/petzl-corax\/\" \/>\n<meta property=\"og:site_name\" content=\"bolting.eu\" \/>\n<meta property=\"article:publisher\" content=\"https:\/\/www.facebook.com\/bolting.eu\" \/>\n<meta property=\"article:modified_time\" content=\"2026-03-03T11:33:41+00:00\" \/>\n<meta property=\"og:image\" content=\"https:\/\/bolting.eu\/wp-content\/uploads\/2021\/07\/Petzl-Corax-1.jpeg\" \/>\n\t<meta property=\"og:image:width\" content=\"700\" \/>\n\t<meta property=\"og:image:height\" content=\"700\" \/>\n\t<meta property=\"og:image:type\" content=\"image\/jpeg\" \/>\n<meta name=\"twitter:card\" content=\"summary_large_image\" \/>\n<meta name=\"twitter:label1\" content=\"Availability\" \/>\n\t<meta name=\"twitter:data1\" content=\"In stock\" \/>\n<script type=\"application\/ld+json\" class=\"yoast-schema-graph\">{\"@context\":\"https:\/\/schema.org\",\"@graph\":[{\"@type\":[\"WebPage\",\"ItemPage\"],\"@id\":\"https:\/\/bolting.eu\/en\/shop\/petzl-corax\/\",\"url\":\"https:\/\/bolting.eu\/en\/shop\/petzl-corax\/\",\"name\":\"Petzl Corax - Allround Klettergurt online kaufen | bolting.eu\",\"isPartOf\":{\"@id\":\"https:\/\/bolting.eu\/en\/#website\"},\"primaryImageOfPage\":{\"@id\":\"https:\/\/bolting.eu\/en\/shop\/petzl-corax\/#primaryimage\"},\"image\":{\"@id\":\"https:\/\/bolting.eu\/en\/shop\/petzl-corax\/#primaryimage\"},\"thumbnailUrl\":\"https:\/\/bolting.eu\/wp-content\/uploads\/2021\/07\/Petzl-Corax-1.jpeg\",\"datePublished\":\"2021-07-09T14:05:25+00:00\",\"dateModified\":\"2026-03-03T11:33:41+00:00\",\"description\":\"Petzl Corax Allround Klettergurt beim Kletterprofi aus Innsbruck kaufen \u2705 kostenloser Versand* \u2705 14 Tage R\u00fcckgaberecht \u2705 Co2 neutraler Versand\",\"breadcrumb\":{\"@id\":\"https:\/\/bolting.eu\/en\/shop\/petzl-corax\/#breadcrumb\"},\"inLanguage\":\"en-US\",\"potentialAction\":[{\"@type\":\"ReadAction\",\"target\":[\"https:\/\/bolting.eu\/en\/shop\/petzl-corax\/\"]}]},{\"@type\":\"ImageObject\",\"inLanguage\":\"en-US\",\"@id\":\"https:\/\/bolting.eu\/en\/shop\/petzl-corax\/#primaryimage\",\"url\":\"https:\/\/bolting.eu\/wp-content\/uploads\/2021\/07\/Petzl-Corax-1.jpeg\",\"contentUrl\":\"https:\/\/bolting.eu\/wp-content\/uploads\/2021\/07\/Petzl-Corax-1.jpeg\",\"width\":700,\"height\":700,\"caption\":\"Das Bild zeigt den grauen Petzl Corax Klettergurt von vorne auf wei\u00dfem Hintergrund.\"},{\"@type\":\"BreadcrumbList\",\"@id\":\"https:\/\/bolting.eu\/en\/shop\/petzl-corax\/#breadcrumb\",\"itemListElement\":[{\"@type\":\"ListItem\",\"position\":1,\"name\":\"Shop\",\"item\":\"https:\/\/bolting.eu\/en\/shop\/\"},{\"@type\":\"ListItem\",\"position\":2,\"name\":\"climbing equipment\",\"item\":\"https:\/\/bolting.eu\/en\/produkt-kategorie\/climbing-equipment\/\"},{\"@type\":\"ListItem\",\"position\":3,\"name\":\"Klettergurte\",\"item\":\"https:\/\/bolting.eu\/produkt-kategorie\/kletterausruestung\/klettergurte\/\"},{\"@type\":\"ListItem\",\"position\":4,\"name\":\"Petzl Corax\"}]},{\"@type\":\"WebSite\",\"@id\":\"https:\/\/bolting.eu\/en\/#website\",\"url\":\"https:\/\/bolting.eu\/en\/\",\"name\":\"bolting.eu\",\"description\":\"we make climbs happen\",\"publisher\":{\"@id\":\"https:\/\/bolting.eu\/en\/#organization\"},\"potentialAction\":[{\"@type\":\"SearchAction\",\"target\":{\"@type\":\"EntryPoint\",\"urlTemplate\":\"https:\/\/bolting.eu\/en\/?s={search_term_string}\"},\"query-input\":{\"@type\":\"PropertyValueSpecification\",\"valueRequired\":true,\"valueName\":\"search_term_string\"}}],\"inLanguage\":\"en-US\"},{\"@type\":[\"Organization\",\"Place\",\"SportingGoodsStore\"],\"@id\":\"https:\/\/bolting.eu\/en\/#organization\",\"name\":\"bolting.eu\",\"url\":\"https:\/\/bolting.eu\/en\/\",\"logo\":{\"@id\":\"https:\/\/bolting.eu\/en\/shop\/petzl-corax\/#local-main-organization-logo\"},\"image\":{\"@id\":\"https:\/\/bolting.eu\/en\/shop\/petzl-corax\/#local-main-organization-logo\"},\"sameAs\":[\"https:\/\/www.facebook.com\/bolting.eu\",\"https:\/\/www.instagram.com\/bolting.eu\/\"],\"address\":{\"@id\":\"https:\/\/bolting.eu\/en\/shop\/petzl-corax\/#local-main-place-address\"},\"geo\":{\"@type\":\"GeoCoordinates\",\"latitude\":\"47.264176340396226\",\"longitude\":\"11.380109057672346\"},\"telephone\":[\"+43 699 19083372\"],\"openingHoursSpecification\":[{\"@type\":\"OpeningHoursSpecification\",\"dayOfWeek\":[\"Monday\",\"Wednesday\",\"Friday\"],\"opens\":\"14:00\",\"closes\":\"18:00\"},{\"@type\":\"OpeningHoursSpecification\",\"dayOfWeek\":[\"Tuesday\",\"Thursday\",\"Saturday\",\"Sunday\"],\"opens\":\"00:00\",\"closes\":\"00:00\"}],\"email\":\"office@bolting.eu\",\"vatID\":\"ATU59999728\",\"priceRange\":\"$$\",\"currenciesAccepted\":\"Euro\"},{\"@type\":\"PostalAddress\",\"@id\":\"https:\/\/bolting.eu\/en\/shop\/petzl-corax\/#local-main-place-address\",\"streetAddress\":\"Fischnalerstra\u00dfe 4\",\"addressLocality\":\"Innsbruck\",\"postalCode\":\"6020\",\"addressRegion\":\"Tirol\",\"addressCountry\":\"AT\"},{\"@type\":\"ImageObject\",\"inLanguage\":\"en-US\",\"@id\":\"https:\/\/bolting.eu\/en\/shop\/petzl-corax\/#local-main-organization-logo\",\"url\":\"https:\/\/bolting.eu\/wp-content\/uploads\/2019\/09\/bolting-logo.png\",\"contentUrl\":\"https:\/\/bolting.eu\/wp-content\/uploads\/2019\/09\/bolting-logo.png\",\"width\":400,\"height\":211,\"caption\":\"bolting.eu\"}]}<\/script>\n<meta property=\"og:video\" content=\"https:\/\/player.vimeo.com\/video\/810083864\" \/>\n<meta property=\"og:video:type\" content=\"text\/html\" \/>\n<meta property=\"og:video:duration\" content=\"69\" \/>\n<meta property=\"og:video:width\" content=\"3840\" \/>\n<meta property=\"og:video:height\" content=\"2160\" \/>\n<meta property=\"ya:ovs:adult\" content=\"false\" \/>\n<meta property=\"ya:ovs:upload_date\" content=\"2021-07-09T14:05:25+00:00\" \/>\n<meta property=\"ya:ovs:allow_embed\" content=\"true\" \/>\n<meta property=\"og:availability\" content=\"instock\" \/>\n<meta property=\"product:availability\" content=\"instock\" \/>\n<meta property=\"product:condition\" content=\"new\" \/>\n<meta name=\"geo.placename\" content=\"Innsbruck\" \/>\n<meta name=\"geo.position\" content=\"47.264176340396226;11.380109057672346\" \/>\n<meta name=\"geo.region\" content=\"Austria\" \/>\n<!-- \/ Yoast SEO Premium plugin. -->","yoast_head_json":{"title":"Petzl Corax - Allround Klettergurt online kaufen | bolting.eu","description":"Petzl Corax Allround Klettergurt beim Kletterprofi aus Innsbruck kaufen \u2705 kostenloser Versand* \u2705 14 Tage R\u00fcckgaberecht \u2705 Co2 neutraler Versand","robots":{"index":"index","follow":"follow","max-snippet":"max-snippet:-1","max-image-preview":"max-image-preview:large","max-video-preview":"max-video-preview:-1"},"canonical":"https:\/\/bolting.eu\/en\/shop\/petzl-corax\/","og_locale":"en_US","og_type":"article","og_title":"Petzl Corax","og_description":"Petzl Corax Allround Klettergurt beim Kletterprofi aus Innsbruck kaufen \u2705 kostenloser Versand* \u2705 14 Tage R\u00fcckgaberecht \u2705 Co2 neutraler Versand","og_url":"https:\/\/bolting.eu\/en\/shop\/petzl-corax\/","og_site_name":"bolting.eu","article_publisher":"https:\/\/www.facebook.com\/bolting.eu","article_modified_time":"2026-03-03T11:33:41+00:00","og_image":[{"width":700,"height":700,"url":"https:\/\/bolting.eu\/wp-content\/uploads\/2021\/07\/Petzl-Corax-1.jpeg","type":"image\/jpeg"}],"twitter_card":"summary_large_image","twitter_misc":{"Availability":"In stock"},"schema":{"@context":"https:\/\/schema.org","@graph":[{"@type":["WebPage","ItemPage"],"@id":"https:\/\/bolting.eu\/en\/shop\/petzl-corax\/","url":"https:\/\/bolting.eu\/en\/shop\/petzl-corax\/","name":"Petzl Corax - Allround Klettergurt online kaufen | bolting.eu","isPartOf":{"@id":"https:\/\/bolting.eu\/en\/#website"},"primaryImageOfPage":{"@id":"https:\/\/bolting.eu\/en\/shop\/petzl-corax\/#primaryimage"},"image":{"@id":"https:\/\/bolting.eu\/en\/shop\/petzl-corax\/#primaryimage"},"thumbnailUrl":"https:\/\/bolting.eu\/wp-content\/uploads\/2021\/07\/Petzl-Corax-1.jpeg","datePublished":"2021-07-09T14:05:25+00:00","dateModified":"2026-03-03T11:33:41+00:00","description":"Petzl Corax Allround Klettergurt beim Kletterprofi aus Innsbruck kaufen \u2705 kostenloser Versand* \u2705 14 Tage R\u00fcckgaberecht \u2705 Co2 neutraler Versand","breadcrumb":{"@id":"https:\/\/bolting.eu\/en\/shop\/petzl-corax\/#breadcrumb"},"inLanguage":"en-US","potentialAction":[{"@type":"ReadAction","target":["https:\/\/bolting.eu\/en\/shop\/petzl-corax\/"]}]},{"@type":"ImageObject","inLanguage":"en-US","@id":"https:\/\/bolting.eu\/en\/shop\/petzl-corax\/#primaryimage","url":"https:\/\/bolting.eu\/wp-content\/uploads\/2021\/07\/Petzl-Corax-1.jpeg","contentUrl":"https:\/\/bolting.eu\/wp-content\/uploads\/2021\/07\/Petzl-Corax-1.jpeg","width":700,"height":700,"caption":"Das Bild zeigt den grauen Petzl Corax Klettergurt von vorne auf wei\u00dfem Hintergrund."},{"@type":"BreadcrumbList","@id":"https:\/\/bolting.eu\/en\/shop\/petzl-corax\/#breadcrumb","itemListElement":[{"@type":"ListItem","position":1,"name":"Shop","item":"https:\/\/bolting.eu\/en\/shop\/"},{"@type":"ListItem","position":2,"name":"climbing equipment","item":"https:\/\/bolting.eu\/en\/produkt-kategorie\/climbing-equipment\/"},{"@type":"ListItem","position":3,"name":"Klettergurte","item":"https:\/\/bolting.eu\/produkt-kategorie\/kletterausruestung\/klettergurte\/"},{"@type":"ListItem","position":4,"name":"Petzl Corax"}]},{"@type":"WebSite","@id":"https:\/\/bolting.eu\/en\/#website","url":"https:\/\/bolting.eu\/en\/","name":"bolting.eu","description":"we make climbs happen","publisher":{"@id":"https:\/\/bolting.eu\/en\/#organization"},"potentialAction":[{"@type":"SearchAction","target":{"@type":"EntryPoint","urlTemplate":"https:\/\/bolting.eu\/en\/?s={search_term_string}"},"query-input":{"@type":"PropertyValueSpecification","valueRequired":true,"valueName":"search_term_string"}}],"inLanguage":"en-US"},{"@type":["Organization","Place","SportingGoodsStore"],"@id":"https:\/\/bolting.eu\/en\/#organization","name":"bolting.eu","url":"https:\/\/bolting.eu\/en\/","logo":{"@id":"https:\/\/bolting.eu\/en\/shop\/petzl-corax\/#local-main-organization-logo"},"image":{"@id":"https:\/\/bolting.eu\/en\/shop\/petzl-corax\/#local-main-organization-logo"},"sameAs":["https:\/\/www.facebook.com\/bolting.eu","https:\/\/www.instagram.com\/bolting.eu\/"],"address":{"@id":"https:\/\/bolting.eu\/en\/shop\/petzl-corax\/#local-main-place-address"},"geo":{"@type":"GeoCoordinates","latitude":"47.264176340396226","longitude":"11.380109057672346"},"telephone":["+43 699 19083372"],"openingHoursSpecification":[{"@type":"OpeningHoursSpecification","dayOfWeek":["Monday","Wednesday","Friday"],"opens":"14:00","closes":"18:00"},{"@type":"OpeningHoursSpecification","dayOfWeek":["Tuesday","Thursday","Saturday","Sunday"],"opens":"00:00","closes":"00:00"}],"email":"office@bolting.eu","vatID":"ATU59999728","priceRange":"$$","currenciesAccepted":"Euro"},{"@type":"PostalAddress","@id":"https:\/\/bolting.eu\/en\/shop\/petzl-corax\/#local-main-place-address","streetAddress":"Fischnalerstra\u00dfe 4","addressLocality":"Innsbruck","postalCode":"6020","addressRegion":"Tirol","addressCountry":"AT"},{"@type":"ImageObject","inLanguage":"en-US","@id":"https:\/\/bolting.eu\/en\/shop\/petzl-corax\/#local-main-organization-logo","url":"https:\/\/bolting.eu\/wp-content\/uploads\/2019\/09\/bolting-logo.png","contentUrl":"https:\/\/bolting.eu\/wp-content\/uploads\/2019\/09\/bolting-logo.png","width":400,"height":211,"caption":"bolting.eu"}]},"og_video":"https:\/\/player.vimeo.com\/video\/810083864","og_video_type":"text\/html","og_video_duration":"69","og_video_width":"3840","og_video_height":"2160","ya_ovs_adult":"false","ya_ovs_upload_date":"2021-07-09T14:05:25+00:00","ya_ovs_allow_embed":"true","og_availability":"instock","product_availability":"instock","product_condition":"new","geo.placename":"Innsbruck","geo.position":{"lat":"47.264176340396226","long":"11.380109057672346"},"geo.region":"Austria"},"_links":{"self":[{"href":"https:\/\/bolting.eu\/en\/wp-json\/wp\/v2\/product\/9119","targetHints":{"allow":["GET"]}}],"collection":[{"href":"https:\/\/bolting.eu\/en\/wp-json\/wp\/v2\/product"}],"about":[{"href":"https:\/\/bolting.eu\/en\/wp-json\/wp\/v2\/types\/product"}],"replies":[{"embeddable":true,"href":"https:\/\/bolting.eu\/en\/wp-json\/wp\/v2\/comments?post=9119"}],"wp:featuredmedia":[{"embeddable":true,"href":"https:\/\/bolting.eu\/en\/wp-json\/wp\/v2\/media\/9123"}],"wp:attachment":[{"href":"https:\/\/bolting.eu\/en\/wp-json\/wp\/v2\/media?parent=9119"}],"wp:term":[{"taxonomy":"product_brand","embeddable":true,"href":"https:\/\/bolting.eu\/en\/wp-json\/wp\/v2\/product_brand?post=9119"},{"taxonomy":"product_cat","embeddable":true,"href":"https:\/\/bolting.eu\/en\/wp-json\/wp\/v2\/product_cat?post=9119"},{"taxonomy":"product_tag","embeddable":true,"href":"https:\/\/bolting.eu\/en\/wp-json\/wp\/v2\/product_tag?post=9119"}],"curies":[{"name":"wp","href":"https:\/\/api.w.org\/{rel}","templated":true}]}}