{"id":9114,"date":"2021-07-09T14:53:31","date_gmt":"2021-07-09T12:53:31","guid":{"rendered":"https:\/\/bolting.eu\/?post_type=product&#038;p=9114"},"modified":"2026-01-09T11:18:11","modified_gmt":"2026-01-09T10:18:11","slug":"edelrid-flask-werkzeugtasche","status":"publish","type":"product","link":"https:\/\/bolting.eu\/en\/shop\/edelrid-flask-werkzeugtasche\/","title":{"rendered":"Edelrid Flask Werkzeugtasche"},"content":{"rendered":"<p>Die Edelrid Flask ist eine super praktische <a href=\"https:\/\/bolting.eu\/produkt-kategorie\/einbohrartikel\/materialtaschen-werkzeugtaschen\/\">Werkzeugtasche<\/a>. Denn dieser Tool Bag mit 2 Liter Fassungsverm\u00f6gen hat einige coole Features.<\/p>\n<p>Da w\u00e4re erstens das Verschluss-System des Bags. Dieser hat n\u00e4mlich sowohl einen Druckknopf als auch einen Klettverschluss. Somit l\u00e4sst sich die Tasche komplett sicher verriegeln. Auch wenn z.B. schwere Lasten wie <a href=\"https:\/\/bolting.eu\/produkt-kategorie\/einbohrartikel\/klebehaken-buehlerhaken\/\">Klebehaken<\/a> darin sind. Die \u00d6ffnung geht nicht auf!<\/p>\n<p>Zweitens ist die Aufh\u00e4ngung super solide. Man kann den Bag zum einen baumelnd an einer Schlaufe an den Gurt h\u00e4ngen. Oder eng und fest mit den zwei seitlichen engen \u00d6sen.<\/p>\n<p>Drittens ist das Material extrem robust und halt spitzen Werkzeugen lange stand.<\/p>\n<p>Fazit. Ein super praktischer Bag f\u00fcr H\u00f6henarbeiter und Erschlie\u00dfer!<\/p>\n<h2>Eigenschaften Edelrid Flask Werkzeugtasche<\/h2>\n<ul>\n<li>Hersteller: Edelrid<\/li>\n<li>Material: beschichtetes Nylon Gewebe, Polyamid<\/li>\n<li>Volumen: 2 Liter<\/li>\n<li>\u00d6ffnung mit Klettverschluss und Druckknopf<\/li>\n<li>Aufh\u00e4ngeschlaufe oben und seitlich<\/li>\n<li>2 kleine Au\u00dfentaschen<\/li>\n<li>1 gro\u00dfe Fronttasche au\u00dfen<\/li>\n<li>starker Trageriemen<\/li>\n<\/ul>\n<h3>Was passt alles in den Bag?<\/h3>\n<p>Die <a href=\"https:\/\/www.edelrid.de\/\">Edelrid<\/a> Flask Werkzeugtasche fasst mit den 2 Litern Volumen ordentlich Material. Beispiele f\u00fcr was und wie viel, geben wir euch in der folgenden Auflistung:<\/p>\n<ul>\n<li>ca. 15 Klebehaken und 2 Packungen Glasm\u00f6rtelpatronen<\/li>\n<li>ca. 20 <a href=\"https:\/\/bolting.eu\/produkt-kategorie\/einbohrartikel\/bohrhaken\/\">Bohrhaken<\/a> und <a href=\"https:\/\/bolting.eu\/produkt-kategorie\/einbohrartikel\/bohrhakenlasche\/\">Bohrhakenlaschen<\/a><\/li>\n<li>4-5 <a href=\"https:\/\/bolting.eu\/produkt-kategorie\/einbohrartikel\/umlenker-kettenstand\/\">Kettenst\u00e4nde<\/a><\/li>\n<li>ein Set an Werkzeugen inkl. Zangen, Schraubenzieher und Schraubenschl\u00fcssel<\/li>\n<li>usw.<\/li>\n<\/ul>\n<h3>Edelrid Flask Werkzeugtasche &#8211; einfach sicher!<\/h3>\n<p>Dieser Tool Bag ist sehr sicher. zum einen was die Aufh\u00e4ngung(en) betrifft. Und zum anderen was den Verschluss der Tasche betrifft.<\/p>\n<p>Denn diese Tasche kann man gleich auf zwei Arten am Gurt fixieren. Zum einen eher lose baumelnd mit der gro\u00dfen Aufh\u00e4ngeschlaufe an der Oberseite. und zum anderen mit den zwei eng anliegenden seitlichen Schlaufen. In beiden F\u00e4llen die starken, bestens vern\u00e4hten Schlaufen f\u00fcr starken Halt.<\/p>\n<p>Der Verschluss der Edelrid Flask Werkzeugtasche selbst ist auch doppelt gesichert. Erstens mit einem starken Klettverschluss der die \u00d6ffnung prim\u00e4r schlie\u00dft. Und zweitens durch einen Druckknopf, der das nochmals redundant absichert.<\/p>\n","protected":false},"excerpt":{"rendered":"<ul>\n<li>Hersteller: Edelrid<\/li>\n<li>Material: beschichtetes Nylon Gewebe, Polyamid<\/li>\n<li>Volumen: 2 Liter<\/li>\n<li>\u00d6ffnung mit Klettverschluss und Druckknopf<\/li>\n<li>Aufh\u00e4ngeschlaufe oben und seitlich<\/li>\n<li>2 kleine Au\u00dfentaschen<\/li>\n<li>1 gro\u00dfe Fronttasche au\u00dfen<\/li>\n<li>starker Trageriemen<\/li>\n<\/ul>\n","protected":false},"featured_media":9115,"comment_status":"open","ping_status":"closed","template":"","meta":[],"product_brand":[],"product_cat":[4655,9226,1210],"product_tag":[],"class_list":{"0":"post-9114","1":"product","2":"type-product","3":"status-publish","4":"has-post-thumbnail","6":"product_cat-edelrid","7":"product_cat-materialtaschen-werkzeugtaschen","8":"product_cat-einbohrartikel","10":"first","11":"instock","12":"taxable","13":"shipping-taxable","14":"purchasable","15":"product-type-simple"},"yoast_head":"<!-- This site is optimized with the Yoast SEO Premium plugin v26.9 (Yoast SEO v26.9) - https:\/\/yoast.com\/product\/yoast-seo-premium-wordpress\/ -->\n<title>Edelrid Flask Werkzeugtasche - online kaufen | bolting.eu<\/title>\n<meta name=\"description\" content=\"Hier findest Du die EDELRID FLASK Werkzeugtasche. Ein robuster Tool BAg mit 2 Liter Volumen f\u00fcr H\u00f6henarbeiten, Handwerk und Hobby.\" \/>\n<meta name=\"robots\" content=\"index, follow, max-snippet:-1, max-image-preview:large, max-video-preview:-1\" \/>\n<link rel=\"canonical\" href=\"https:\/\/bolting.eu\/en\/shop\/edelrid-flask-werkzeugtasche\/\" \/>\n<meta property=\"og:locale\" content=\"en_US\" \/>\n<meta property=\"og:type\" content=\"article\" \/>\n<meta property=\"og:title\" content=\"Edelrid Flask Werkzeugtasche\" \/>\n<meta property=\"og:description\" content=\"Hier findest Du die EDELRID FLASK Werkzeugtasche. Ein robuster Tool BAg mit 2 Liter Volumen f\u00fcr H\u00f6henarbeiten, Handwerk und Hobby.\" \/>\n<meta property=\"og:url\" content=\"https:\/\/bolting.eu\/en\/shop\/edelrid-flask-werkzeugtasche\/\" \/>\n<meta property=\"og:site_name\" content=\"bolting.eu\" \/>\n<meta property=\"article:publisher\" content=\"https:\/\/www.facebook.com\/bolting.eu\" \/>\n<meta property=\"article:modified_time\" content=\"2026-01-09T10:18:11+00:00\" \/>\n<meta property=\"og:image\" content=\"https:\/\/bolting.eu\/wp-content\/uploads\/2021\/07\/Edelrid-Flask-Werkzeugtasche-1.jpeg\" \/>\n\t<meta property=\"og:image:width\" content=\"700\" \/>\n\t<meta property=\"og:image:height\" content=\"700\" \/>\n\t<meta property=\"og:image:type\" content=\"image\/jpeg\" \/>\n<meta name=\"twitter:card\" content=\"summary_large_image\" \/>\n<meta name=\"twitter:label1\" content=\"Price\" \/>\n\t<meta name=\"twitter:data1\" content=\"&euro;&nbsp;24,90\" \/>\n\t<meta name=\"twitter:label2\" content=\"Availability\" \/>\n\t<meta name=\"twitter:data2\" content=\"In stock\" \/>\n<script type=\"application\/ld+json\" class=\"yoast-schema-graph\">{\"@context\":\"https:\/\/schema.org\",\"@graph\":[{\"@type\":[\"WebPage\",\"ItemPage\"],\"@id\":\"https:\/\/bolting.eu\/en\/shop\/edelrid-flask-werkzeugtasche\/\",\"url\":\"https:\/\/bolting.eu\/en\/shop\/edelrid-flask-werkzeugtasche\/\",\"name\":\"Edelrid Flask Werkzeugtasche - online kaufen | bolting.eu\",\"isPartOf\":{\"@id\":\"https:\/\/bolting.eu\/en\/#website\"},\"primaryImageOfPage\":{\"@id\":\"https:\/\/bolting.eu\/en\/shop\/edelrid-flask-werkzeugtasche\/#primaryimage\"},\"image\":{\"@id\":\"https:\/\/bolting.eu\/en\/shop\/edelrid-flask-werkzeugtasche\/#primaryimage\"},\"thumbnailUrl\":\"https:\/\/bolting.eu\/wp-content\/uploads\/2021\/07\/Edelrid-Flask-Werkzeugtasche-1.jpeg\",\"datePublished\":\"2021-07-09T12:53:31+00:00\",\"dateModified\":\"2026-01-09T10:18:11+00:00\",\"description\":\"Hier findest Du die EDELRID FLASK Werkzeugtasche. Ein robuster Tool BAg mit 2 Liter Volumen f\u00fcr H\u00f6henarbeiten, Handwerk und Hobby.\",\"breadcrumb\":{\"@id\":\"https:\/\/bolting.eu\/en\/shop\/edelrid-flask-werkzeugtasche\/#breadcrumb\"},\"inLanguage\":\"en-US\",\"potentialAction\":[{\"@type\":\"ReadAction\",\"target\":[\"https:\/\/bolting.eu\/en\/shop\/edelrid-flask-werkzeugtasche\/\"]}]},{\"@type\":\"ImageObject\",\"inLanguage\":\"en-US\",\"@id\":\"https:\/\/bolting.eu\/en\/shop\/edelrid-flask-werkzeugtasche\/#primaryimage\",\"url\":\"https:\/\/bolting.eu\/wp-content\/uploads\/2021\/07\/Edelrid-Flask-Werkzeugtasche-1.jpeg\",\"contentUrl\":\"https:\/\/bolting.eu\/wp-content\/uploads\/2021\/07\/Edelrid-Flask-Werkzeugtasche-1.jpeg\",\"width\":700,\"height\":700,\"caption\":\"Das Bild zeigt die schwarz-gr\u00fcne Edelrid Flask Werkzeugtasche mit wei\u00dfem Edelrid Schriftzug.\"},{\"@type\":\"BreadcrumbList\",\"@id\":\"https:\/\/bolting.eu\/en\/shop\/edelrid-flask-werkzeugtasche\/#breadcrumb\",\"itemListElement\":[{\"@type\":\"ListItem\",\"position\":1,\"name\":\"Shop\",\"item\":\"https:\/\/bolting.eu\/en\/shop\/\"},{\"@type\":\"ListItem\",\"position\":2,\"name\":\"bolting products\",\"item\":\"https:\/\/bolting.eu\/en\/produkt-kategorie\/bolting-products\/\"},{\"@type\":\"ListItem\",\"position\":3,\"name\":\"Material bags - Tool bags\",\"item\":\"https:\/\/bolting.eu\/en\/produkt-kategorie\/material-bags-tool-bags\/\"},{\"@type\":\"ListItem\",\"position\":4,\"name\":\"Edelrid Flask Werkzeugtasche\"}]},{\"@type\":\"WebSite\",\"@id\":\"https:\/\/bolting.eu\/en\/#website\",\"url\":\"https:\/\/bolting.eu\/en\/\",\"name\":\"bolting.eu\",\"description\":\"we make climbs happen\",\"publisher\":{\"@id\":\"https:\/\/bolting.eu\/en\/#organization\"},\"potentialAction\":[{\"@type\":\"SearchAction\",\"target\":{\"@type\":\"EntryPoint\",\"urlTemplate\":\"https:\/\/bolting.eu\/en\/?s={search_term_string}\"},\"query-input\":{\"@type\":\"PropertyValueSpecification\",\"valueRequired\":true,\"valueName\":\"search_term_string\"}}],\"inLanguage\":\"en-US\"},{\"@type\":[\"Organization\",\"Place\",\"SportingGoodsStore\"],\"@id\":\"https:\/\/bolting.eu\/en\/#organization\",\"name\":\"bolting.eu\",\"url\":\"https:\/\/bolting.eu\/en\/\",\"logo\":{\"@id\":\"https:\/\/bolting.eu\/en\/shop\/edelrid-flask-werkzeugtasche\/#local-main-organization-logo\"},\"image\":{\"@id\":\"https:\/\/bolting.eu\/en\/shop\/edelrid-flask-werkzeugtasche\/#local-main-organization-logo\"},\"sameAs\":[\"https:\/\/www.facebook.com\/bolting.eu\",\"https:\/\/www.instagram.com\/bolting.eu\/\"],\"address\":{\"@id\":\"https:\/\/bolting.eu\/en\/shop\/edelrid-flask-werkzeugtasche\/#local-main-place-address\"},\"geo\":{\"@type\":\"GeoCoordinates\",\"latitude\":\"47.264176340396226\",\"longitude\":\"11.380109057672346\"},\"telephone\":[\"+43 699 19083372\"],\"openingHoursSpecification\":[{\"@type\":\"OpeningHoursSpecification\",\"dayOfWeek\":[\"Monday\",\"Wednesday\",\"Friday\"],\"opens\":\"14:00\",\"closes\":\"18:00\"},{\"@type\":\"OpeningHoursSpecification\",\"dayOfWeek\":[\"Tuesday\",\"Thursday\",\"Saturday\",\"Sunday\"],\"opens\":\"00:00\",\"closes\":\"00:00\"}],\"email\":\"office@bolting.eu\",\"vatID\":\"ATU59999728\",\"priceRange\":\"$$\",\"currenciesAccepted\":\"Euro\"},{\"@type\":\"PostalAddress\",\"@id\":\"https:\/\/bolting.eu\/en\/shop\/edelrid-flask-werkzeugtasche\/#local-main-place-address\",\"streetAddress\":\"Fischnalerstra\u00dfe 4\",\"addressLocality\":\"Innsbruck\",\"postalCode\":\"6020\",\"addressRegion\":\"Tirol\",\"addressCountry\":\"AT\"},{\"@type\":\"ImageObject\",\"inLanguage\":\"en-US\",\"@id\":\"https:\/\/bolting.eu\/en\/shop\/edelrid-flask-werkzeugtasche\/#local-main-organization-logo\",\"url\":\"https:\/\/bolting.eu\/wp-content\/uploads\/2019\/09\/bolting-logo.png\",\"contentUrl\":\"https:\/\/bolting.eu\/wp-content\/uploads\/2019\/09\/bolting-logo.png\",\"width\":400,\"height\":211,\"caption\":\"bolting.eu\"}]}<\/script>\n<meta property=\"product:price:amount\" content=\"24.90\" \/>\n<meta property=\"product:price:currency\" content=\"EUR\" \/>\n<meta property=\"og:availability\" content=\"instock\" \/>\n<meta property=\"product:availability\" content=\"instock\" \/>\n<meta property=\"product:retailer_item_id\" content=\"883130001380\" \/>\n<meta property=\"product:condition\" content=\"new\" \/>\n<meta name=\"geo.placename\" content=\"Innsbruck\" \/>\n<meta name=\"geo.position\" content=\"47.264176340396226;11.380109057672346\" \/>\n<meta name=\"geo.region\" content=\"Austria\" \/>\n<!-- \/ Yoast SEO Premium plugin. -->","yoast_head_json":{"title":"Edelrid Flask Werkzeugtasche - online kaufen | bolting.eu","description":"Hier findest Du die EDELRID FLASK Werkzeugtasche. Ein robuster Tool BAg mit 2 Liter Volumen f\u00fcr H\u00f6henarbeiten, Handwerk und Hobby.","robots":{"index":"index","follow":"follow","max-snippet":"max-snippet:-1","max-image-preview":"max-image-preview:large","max-video-preview":"max-video-preview:-1"},"canonical":"https:\/\/bolting.eu\/en\/shop\/edelrid-flask-werkzeugtasche\/","og_locale":"en_US","og_type":"article","og_title":"Edelrid Flask Werkzeugtasche","og_description":"Hier findest Du die EDELRID FLASK Werkzeugtasche. Ein robuster Tool BAg mit 2 Liter Volumen f\u00fcr H\u00f6henarbeiten, Handwerk und Hobby.","og_url":"https:\/\/bolting.eu\/en\/shop\/edelrid-flask-werkzeugtasche\/","og_site_name":"bolting.eu","article_publisher":"https:\/\/www.facebook.com\/bolting.eu","article_modified_time":"2026-01-09T10:18:11+00:00","og_image":[{"width":700,"height":700,"url":"https:\/\/bolting.eu\/wp-content\/uploads\/2021\/07\/Edelrid-Flask-Werkzeugtasche-1.jpeg","type":"image\/jpeg"}],"twitter_card":"summary_large_image","twitter_misc":{"Price":"&euro;&nbsp;24,90","Availability":"In stock"},"schema":{"@context":"https:\/\/schema.org","@graph":[{"@type":["WebPage","ItemPage"],"@id":"https:\/\/bolting.eu\/en\/shop\/edelrid-flask-werkzeugtasche\/","url":"https:\/\/bolting.eu\/en\/shop\/edelrid-flask-werkzeugtasche\/","name":"Edelrid Flask Werkzeugtasche - online kaufen | bolting.eu","isPartOf":{"@id":"https:\/\/bolting.eu\/en\/#website"},"primaryImageOfPage":{"@id":"https:\/\/bolting.eu\/en\/shop\/edelrid-flask-werkzeugtasche\/#primaryimage"},"image":{"@id":"https:\/\/bolting.eu\/en\/shop\/edelrid-flask-werkzeugtasche\/#primaryimage"},"thumbnailUrl":"https:\/\/bolting.eu\/wp-content\/uploads\/2021\/07\/Edelrid-Flask-Werkzeugtasche-1.jpeg","datePublished":"2021-07-09T12:53:31+00:00","dateModified":"2026-01-09T10:18:11+00:00","description":"Hier findest Du die EDELRID FLASK Werkzeugtasche. Ein robuster Tool BAg mit 2 Liter Volumen f\u00fcr H\u00f6henarbeiten, Handwerk und Hobby.","breadcrumb":{"@id":"https:\/\/bolting.eu\/en\/shop\/edelrid-flask-werkzeugtasche\/#breadcrumb"},"inLanguage":"en-US","potentialAction":[{"@type":"ReadAction","target":["https:\/\/bolting.eu\/en\/shop\/edelrid-flask-werkzeugtasche\/"]}]},{"@type":"ImageObject","inLanguage":"en-US","@id":"https:\/\/bolting.eu\/en\/shop\/edelrid-flask-werkzeugtasche\/#primaryimage","url":"https:\/\/bolting.eu\/wp-content\/uploads\/2021\/07\/Edelrid-Flask-Werkzeugtasche-1.jpeg","contentUrl":"https:\/\/bolting.eu\/wp-content\/uploads\/2021\/07\/Edelrid-Flask-Werkzeugtasche-1.jpeg","width":700,"height":700,"caption":"Das Bild zeigt die schwarz-gr\u00fcne Edelrid Flask Werkzeugtasche mit wei\u00dfem Edelrid Schriftzug."},{"@type":"BreadcrumbList","@id":"https:\/\/bolting.eu\/en\/shop\/edelrid-flask-werkzeugtasche\/#breadcrumb","itemListElement":[{"@type":"ListItem","position":1,"name":"Shop","item":"https:\/\/bolting.eu\/en\/shop\/"},{"@type":"ListItem","position":2,"name":"bolting products","item":"https:\/\/bolting.eu\/en\/produkt-kategorie\/bolting-products\/"},{"@type":"ListItem","position":3,"name":"Material bags - Tool bags","item":"https:\/\/bolting.eu\/en\/produkt-kategorie\/material-bags-tool-bags\/"},{"@type":"ListItem","position":4,"name":"Edelrid Flask Werkzeugtasche"}]},{"@type":"WebSite","@id":"https:\/\/bolting.eu\/en\/#website","url":"https:\/\/bolting.eu\/en\/","name":"bolting.eu","description":"we make climbs happen","publisher":{"@id":"https:\/\/bolting.eu\/en\/#organization"},"potentialAction":[{"@type":"SearchAction","target":{"@type":"EntryPoint","urlTemplate":"https:\/\/bolting.eu\/en\/?s={search_term_string}"},"query-input":{"@type":"PropertyValueSpecification","valueRequired":true,"valueName":"search_term_string"}}],"inLanguage":"en-US"},{"@type":["Organization","Place","SportingGoodsStore"],"@id":"https:\/\/bolting.eu\/en\/#organization","name":"bolting.eu","url":"https:\/\/bolting.eu\/en\/","logo":{"@id":"https:\/\/bolting.eu\/en\/shop\/edelrid-flask-werkzeugtasche\/#local-main-organization-logo"},"image":{"@id":"https:\/\/bolting.eu\/en\/shop\/edelrid-flask-werkzeugtasche\/#local-main-organization-logo"},"sameAs":["https:\/\/www.facebook.com\/bolting.eu","https:\/\/www.instagram.com\/bolting.eu\/"],"address":{"@id":"https:\/\/bolting.eu\/en\/shop\/edelrid-flask-werkzeugtasche\/#local-main-place-address"},"geo":{"@type":"GeoCoordinates","latitude":"47.264176340396226","longitude":"11.380109057672346"},"telephone":["+43 699 19083372"],"openingHoursSpecification":[{"@type":"OpeningHoursSpecification","dayOfWeek":["Monday","Wednesday","Friday"],"opens":"14:00","closes":"18:00"},{"@type":"OpeningHoursSpecification","dayOfWeek":["Tuesday","Thursday","Saturday","Sunday"],"opens":"00:00","closes":"00:00"}],"email":"office@bolting.eu","vatID":"ATU59999728","priceRange":"$$","currenciesAccepted":"Euro"},{"@type":"PostalAddress","@id":"https:\/\/bolting.eu\/en\/shop\/edelrid-flask-werkzeugtasche\/#local-main-place-address","streetAddress":"Fischnalerstra\u00dfe 4","addressLocality":"Innsbruck","postalCode":"6020","addressRegion":"Tirol","addressCountry":"AT"},{"@type":"ImageObject","inLanguage":"en-US","@id":"https:\/\/bolting.eu\/en\/shop\/edelrid-flask-werkzeugtasche\/#local-main-organization-logo","url":"https:\/\/bolting.eu\/wp-content\/uploads\/2019\/09\/bolting-logo.png","contentUrl":"https:\/\/bolting.eu\/wp-content\/uploads\/2019\/09\/bolting-logo.png","width":400,"height":211,"caption":"bolting.eu"}]},"product_price_amount":"24.90","product_price_currency":"EUR","og_availability":"instock","product_availability":"instock","product_retailer_item_id":"883130001380","product_condition":"new","geo.placename":"Innsbruck","geo.position":{"lat":"47.264176340396226","long":"11.380109057672346"},"geo.region":"Austria"},"_links":{"self":[{"href":"https:\/\/bolting.eu\/en\/wp-json\/wp\/v2\/product\/9114","targetHints":{"allow":["GET"]}}],"collection":[{"href":"https:\/\/bolting.eu\/en\/wp-json\/wp\/v2\/product"}],"about":[{"href":"https:\/\/bolting.eu\/en\/wp-json\/wp\/v2\/types\/product"}],"replies":[{"embeddable":true,"href":"https:\/\/bolting.eu\/en\/wp-json\/wp\/v2\/comments?post=9114"}],"wp:featuredmedia":[{"embeddable":true,"href":"https:\/\/bolting.eu\/en\/wp-json\/wp\/v2\/media\/9115"}],"wp:attachment":[{"href":"https:\/\/bolting.eu\/en\/wp-json\/wp\/v2\/media?parent=9114"}],"wp:term":[{"taxonomy":"product_brand","embeddable":true,"href":"https:\/\/bolting.eu\/en\/wp-json\/wp\/v2\/product_brand?post=9114"},{"taxonomy":"product_cat","embeddable":true,"href":"https:\/\/bolting.eu\/en\/wp-json\/wp\/v2\/product_cat?post=9114"},{"taxonomy":"product_tag","embeddable":true,"href":"https:\/\/bolting.eu\/en\/wp-json\/wp\/v2\/product_tag?post=9114"}],"curies":[{"name":"wp","href":"https:\/\/api.w.org\/{rel}","templated":true}]}}