{"id":9106,"date":"2021-07-09T13:53:17","date_gmt":"2021-07-09T11:53:17","guid":{"rendered":"https:\/\/bolting.eu\/?post_type=product&#038;p=9106"},"modified":"2026-03-27T11:22:10","modified_gmt":"2026-03-27T10:22:10","slug":"petzl-spatha","status":"publish","type":"product","link":"https:\/\/bolting.eu\/en\/shop\/petzl-spatha\/","title":{"rendered":"Petzl Spatha"},"content":{"rendered":"<p>Das Petzl Spatha ist ein spezielles Messer f\u00fcr Kletterer und H\u00f6henarbeiter. Hierf\u00fcr hat das Messer ein paar spezifische Features.<\/p>\n<p>Erstens ist die Klinge aus Edelstahl und h\u00f6llisch scharf. Zudem hat es eine gezahnte bzw. glatte Klinge. Folglich ist es perfekt um <a href=\"https:\/\/bolting.eu\/produkt-kategorie\/kletterausruestung\/bandschlinge\/\">Bandschlingen<\/a>, <a href=\"https:\/\/bolting.eu\/produkt-kategorie\/kletterausruestung\/reepschnur\/\">Reepschn\u00fcre<\/a> und <a href=\"https:\/\/bolting.eu\/produkt-kategorie\/kletterausruestung\/kletterseil\/\">Kletterseile<\/a> abzuschneiden.<\/p>\n<p>Zweitens hat es eine \u00d6se f\u00fcr einen Karabiner. Hiermit kann man das Messer bequem am Gurt anh\u00e4ngen. Drittens ist rund um die \u00d6se ein geriffeltes R\u00e4dchen. Somit l\u00e4sst sich das Petzl Spatha auch gut mit Handschuhen bedienen.<\/p>\n<p>Viertens l\u00e4sst sich das Messer gut \u00f6ffnen und schlie\u00dfen. Denn es hat zum einen eine Einkerbung in der Klinge. Und zum anderen eine Arretierung damit es nicht wieder einklappt.<\/p>\n<p>Kurzum. Ein perfektes Messer f\u00fcr alle vertikalen Aktivit\u00e4ten. Solange man es nicht verleiht, braucht man sein Leben lang wohl kein 2. Messer mehr kaufen.<\/p>\n<h2>Eigenschaften Petzl Spatha<\/h2>\n<ul>\n<li>Hersteller: Petzl<\/li>\n<li>Material: Edelstahl (Klinge) und Polyamid (Griff)<\/li>\n<li>Gewicht: 43 Gramm<\/li>\n<li>spezielles Messer f\u00fcr B\u00e4nder, Reepschn\u00fcre und Seile<\/li>\n<li>gerillte bzw. glatte Klinge<\/li>\n<li>\u00d6se f\u00fcr Befestigung an Karabiner<\/li>\n<li>geriffeltes R\u00e4dchen zum \u00d6ffnen mit Handschuhen<\/li>\n<li>Einkerbung zum \u00d6ffnen mit blo\u00dfen H\u00e4nden<\/li>\n<li>Arretierung zum Fixieren der Klinge<\/li>\n<\/ul>\n<h3>Speziell f\u00fcr vertikale Aktivit\u00e4ten<\/h3>\n<p>Das Petzl Spatha ist ganz auf die Bed\u00fcrfnisse von vertikalen Aktivit\u00e4ten zugeschnitten. D.h. vor allem das Abschneiden von Reepschn\u00fcren, Bandschlingen und Kletterseilen.<\/p>\n<p>Folglich ist es ein Produkt welches von ganz klaren Zielgruppen verwendet wird. Zum einen sind das alle Kletterer und Alpinisten. Schon mal ein feststeckendes Seilende weitab der Abseilstrecke im alpinen Gel\u00e4nde gehabt? Gut. Dann wisst ihr wovon wir reden!<\/p>\n<p>Und zum anderen H\u00f6henarbeiter. Auch sie haben immer wieder die Notwendigkeit, rasch etwas abzuschneiden.<\/p>\n<h3>Petz Spatha &#8211; Praxis Tipp<\/h3>\n<p>Wenn ihr dieses <a href=\"https:\/\/www.petzl.com\/\" target=\"_blank\" rel=\"noopener\">Petzl<\/a> Messer ganz oft mit habt, m\u00fcsst ihr es von Zeit zu Zeit etwas reinigen. Denn in den engen Zwischenr\u00e4umen kann sich ordentlich Schmutz sammeln. Dann &#8220;geht&#8221; das Messer nicht mehr so leicht auf bzw. kann die Arretierung leicht klemmen.<\/p>\n","protected":false},"excerpt":{"rendered":"<p>Kleines Bergsportmesser zum Abschneiden einer Reepschnur,\u00a0 dem Abtrennen eines Kletterseils wenn es verklemmt ist, usw&#8230;<\/p>\n<p>Mit \u00d6se zum Anh\u00e4ngen am Klettergurt mit einem Karabiner.<\/p>\n<div class=\"product-short-description\">\n<p>Versandkostenfrei bis 2kg in <img decoding=\"async\" class=\"emoji\" role=\"img\" draggable=\"false\" src=\"https:\/\/s.w.org\/images\/core\/emoji\/13.1.0\/svg\/1f1e6-1f1f9.svg\" alt=\"\ud83c\udde6\ud83c\uddf9\" \/> ab \u20ac 100,- und <img decoding=\"async\" class=\"emoji\" role=\"img\" draggable=\"false\" src=\"https:\/\/s.w.org\/images\/core\/emoji\/13.1.0\/svg\/1f1e9-1f1ea.svg\" alt=\"\ud83c\udde9\ud83c\uddea\" \/> ab \u20ac 200,-!<\/p>\n<\/div>\n","protected":false},"featured_media":9108,"comment_status":"open","ping_status":"closed","template":"","meta":[],"product_brand":[],"product_cat":[5061,14093,29,35,1210],"product_tag":[],"class_list":{"0":"post-9106","1":"product","2":"type-product","3":"status-publish","4":"has-post-thumbnail","6":"product_cat-kletterzubehoer","7":"product_cat-petzl","8":"product_cat-kletterausruestung","9":"product_cat-einbohr-zubehoer","10":"product_cat-einbohrartikel","12":"first","13":"instock","14":"taxable","15":"shipping-taxable","16":"purchasable","17":"product-type-simple"},"yoast_head":"<!-- This site is optimized with the Yoast SEO Premium plugin v26.9 (Yoast SEO v26.9) - https:\/\/yoast.com\/product\/yoast-seo-premium-wordpress\/ -->\n<title>Petzl Spatha - Spezialmesser f\u00fcr Reepschn\u00fcre und Seile | bolting.eu<\/title>\n<meta name=\"description\" content=\"Hier findest Du das PETZL SPATHA. Ein Spezialmesser mit Edelstahklinge f\u00fcr das Abschneiden von Bandschlingen, Reepschn\u00fcren und Seilen.\" \/>\n<meta name=\"robots\" content=\"index, follow, max-snippet:-1, max-image-preview:large, max-video-preview:-1\" \/>\n<link rel=\"canonical\" href=\"https:\/\/bolting.eu\/en\/shop\/petzl-spatha\/\" \/>\n<meta property=\"og:locale\" content=\"en_US\" \/>\n<meta property=\"og:type\" content=\"article\" \/>\n<meta property=\"og:title\" content=\"Petzl Spatha\" \/>\n<meta property=\"og:description\" content=\"Hier findest Du das PETZL SPATHA. Ein Spezialmesser mit Edelstahklinge f\u00fcr das Abschneiden von Bandschlingen, Reepschn\u00fcren und Seilen.\" \/>\n<meta property=\"og:url\" content=\"https:\/\/bolting.eu\/en\/shop\/petzl-spatha\/\" \/>\n<meta property=\"og:site_name\" content=\"bolting.eu\" \/>\n<meta property=\"article:publisher\" content=\"https:\/\/www.facebook.com\/bolting.eu\" \/>\n<meta property=\"article:modified_time\" content=\"2026-03-27T10:22:10+00:00\" \/>\n<meta property=\"og:image\" content=\"https:\/\/bolting.eu\/wp-content\/uploads\/2021\/07\/Petzl-Spatha-6.jpeg\" \/>\n\t<meta property=\"og:image:width\" content=\"700\" \/>\n\t<meta property=\"og:image:height\" content=\"700\" \/>\n\t<meta property=\"og:image:type\" content=\"image\/jpeg\" \/>\n<meta name=\"twitter:card\" content=\"summary_large_image\" \/>\n<meta name=\"twitter:label1\" content=\"Price\" \/>\n\t<meta name=\"twitter:data1\" content=\"&euro;&nbsp;40,00\" \/>\n\t<meta name=\"twitter:label2\" content=\"Availability\" \/>\n\t<meta name=\"twitter:data2\" content=\"In stock\" \/>\n<script type=\"application\/ld+json\" class=\"yoast-schema-graph\">{\"@context\":\"https:\/\/schema.org\",\"@graph\":[{\"@type\":[\"WebPage\",\"ItemPage\"],\"@id\":\"https:\/\/bolting.eu\/en\/shop\/petzl-spatha\/\",\"url\":\"https:\/\/bolting.eu\/en\/shop\/petzl-spatha\/\",\"name\":\"Petzl Spatha - Spezialmesser f\u00fcr Reepschn\u00fcre und Seile | bolting.eu\",\"isPartOf\":{\"@id\":\"https:\/\/bolting.eu\/en\/#website\"},\"primaryImageOfPage\":{\"@id\":\"https:\/\/bolting.eu\/en\/shop\/petzl-spatha\/#primaryimage\"},\"image\":{\"@id\":\"https:\/\/bolting.eu\/en\/shop\/petzl-spatha\/#primaryimage\"},\"thumbnailUrl\":\"https:\/\/bolting.eu\/wp-content\/uploads\/2021\/07\/Petzl-Spatha-6.jpeg\",\"datePublished\":\"2021-07-09T11:53:17+00:00\",\"dateModified\":\"2026-03-27T10:22:10+00:00\",\"description\":\"Hier findest Du das PETZL SPATHA. Ein Spezialmesser mit Edelstahklinge f\u00fcr das Abschneiden von Bandschlingen, Reepschn\u00fcren und Seilen.\",\"breadcrumb\":{\"@id\":\"https:\/\/bolting.eu\/en\/shop\/petzl-spatha\/#breadcrumb\"},\"inLanguage\":\"en-US\",\"potentialAction\":[{\"@type\":\"ReadAction\",\"target\":[\"https:\/\/bolting.eu\/en\/shop\/petzl-spatha\/\"]}]},{\"@type\":\"ImageObject\",\"inLanguage\":\"en-US\",\"@id\":\"https:\/\/bolting.eu\/en\/shop\/petzl-spatha\/#primaryimage\",\"url\":\"https:\/\/bolting.eu\/wp-content\/uploads\/2021\/07\/Petzl-Spatha-6.jpeg\",\"contentUrl\":\"https:\/\/bolting.eu\/wp-content\/uploads\/2021\/07\/Petzl-Spatha-6.jpeg\",\"width\":700,\"height\":700,\"caption\":\"Das Bild zeigt ein gelbes Petzl Spatha MEsser auf einem wei\u00dfem Quadrat. Zu sehen ist die ausgeklapptesilberne Klinge und der gelbe Griff.\"},{\"@type\":\"BreadcrumbList\",\"@id\":\"https:\/\/bolting.eu\/en\/shop\/petzl-spatha\/#breadcrumb\",\"itemListElement\":[{\"@type\":\"ListItem\",\"position\":1,\"name\":\"Shop\",\"item\":\"https:\/\/bolting.eu\/en\/shop\/\"},{\"@type\":\"ListItem\",\"position\":2,\"name\":\"climbing equipment\",\"item\":\"https:\/\/bolting.eu\/en\/produkt-kategorie\/climbing-equipment\/\"},{\"@type\":\"ListItem\",\"position\":3,\"name\":\"Climbing accessories\",\"item\":\"https:\/\/bolting.eu\/en\/produkt-kategorie\/climbing-accessories\/\"},{\"@type\":\"ListItem\",\"position\":4,\"name\":\"Petzl Spatha\"}]},{\"@type\":\"WebSite\",\"@id\":\"https:\/\/bolting.eu\/en\/#website\",\"url\":\"https:\/\/bolting.eu\/en\/\",\"name\":\"bolting.eu\",\"description\":\"we make climbs happen\",\"publisher\":{\"@id\":\"https:\/\/bolting.eu\/en\/#organization\"},\"potentialAction\":[{\"@type\":\"SearchAction\",\"target\":{\"@type\":\"EntryPoint\",\"urlTemplate\":\"https:\/\/bolting.eu\/en\/?s={search_term_string}\"},\"query-input\":{\"@type\":\"PropertyValueSpecification\",\"valueRequired\":true,\"valueName\":\"search_term_string\"}}],\"inLanguage\":\"en-US\"},{\"@type\":[\"Organization\",\"Place\",\"SportingGoodsStore\"],\"@id\":\"https:\/\/bolting.eu\/en\/#organization\",\"name\":\"bolting.eu\",\"url\":\"https:\/\/bolting.eu\/en\/\",\"logo\":{\"@id\":\"https:\/\/bolting.eu\/en\/shop\/petzl-spatha\/#local-main-organization-logo\"},\"image\":{\"@id\":\"https:\/\/bolting.eu\/en\/shop\/petzl-spatha\/#local-main-organization-logo\"},\"sameAs\":[\"https:\/\/www.facebook.com\/bolting.eu\",\"https:\/\/www.instagram.com\/bolting.eu\/\"],\"address\":{\"@id\":\"https:\/\/bolting.eu\/en\/shop\/petzl-spatha\/#local-main-place-address\"},\"geo\":{\"@type\":\"GeoCoordinates\",\"latitude\":\"47.264176340396226\",\"longitude\":\"11.380109057672346\"},\"telephone\":[\"+43 699 19083372\"],\"openingHoursSpecification\":[{\"@type\":\"OpeningHoursSpecification\",\"dayOfWeek\":[\"Monday\",\"Wednesday\",\"Friday\"],\"opens\":\"14:00\",\"closes\":\"18:00\"},{\"@type\":\"OpeningHoursSpecification\",\"dayOfWeek\":[\"Tuesday\",\"Thursday\",\"Saturday\",\"Sunday\"],\"opens\":\"00:00\",\"closes\":\"00:00\"}],\"email\":\"office@bolting.eu\",\"vatID\":\"ATU59999728\",\"priceRange\":\"$$\",\"currenciesAccepted\":\"Euro\"},{\"@type\":\"PostalAddress\",\"@id\":\"https:\/\/bolting.eu\/en\/shop\/petzl-spatha\/#local-main-place-address\",\"streetAddress\":\"Fischnalerstra\u00dfe 4\",\"addressLocality\":\"Innsbruck\",\"postalCode\":\"6020\",\"addressRegion\":\"Tirol\",\"addressCountry\":\"AT\"},{\"@type\":\"ImageObject\",\"inLanguage\":\"en-US\",\"@id\":\"https:\/\/bolting.eu\/en\/shop\/petzl-spatha\/#local-main-organization-logo\",\"url\":\"https:\/\/bolting.eu\/wp-content\/uploads\/2019\/09\/bolting-logo.png\",\"contentUrl\":\"https:\/\/bolting.eu\/wp-content\/uploads\/2019\/09\/bolting-logo.png\",\"width\":400,\"height\":211,\"caption\":\"bolting.eu\"}]}<\/script>\n<meta property=\"product:price:amount\" content=\"40.00\" \/>\n<meta property=\"product:price:currency\" content=\"EUR\" \/>\n<meta property=\"og:availability\" content=\"instock\" \/>\n<meta property=\"product:availability\" content=\"instock\" \/>\n<meta property=\"product:retailer_item_id\" content=\"S92AN\" \/>\n<meta property=\"product:condition\" content=\"new\" \/>\n<meta name=\"geo.placename\" content=\"Innsbruck\" \/>\n<meta name=\"geo.position\" content=\"47.264176340396226;11.380109057672346\" \/>\n<meta name=\"geo.region\" content=\"Austria\" \/>\n<!-- \/ Yoast SEO Premium plugin. -->","yoast_head_json":{"title":"Petzl Spatha - Spezialmesser f\u00fcr Reepschn\u00fcre und Seile | bolting.eu","description":"Hier findest Du das PETZL SPATHA. Ein Spezialmesser mit Edelstahklinge f\u00fcr das Abschneiden von Bandschlingen, Reepschn\u00fcren und Seilen.","robots":{"index":"index","follow":"follow","max-snippet":"max-snippet:-1","max-image-preview":"max-image-preview:large","max-video-preview":"max-video-preview:-1"},"canonical":"https:\/\/bolting.eu\/en\/shop\/petzl-spatha\/","og_locale":"en_US","og_type":"article","og_title":"Petzl Spatha","og_description":"Hier findest Du das PETZL SPATHA. Ein Spezialmesser mit Edelstahklinge f\u00fcr das Abschneiden von Bandschlingen, Reepschn\u00fcren und Seilen.","og_url":"https:\/\/bolting.eu\/en\/shop\/petzl-spatha\/","og_site_name":"bolting.eu","article_publisher":"https:\/\/www.facebook.com\/bolting.eu","article_modified_time":"2026-03-27T10:22:10+00:00","og_image":[{"width":700,"height":700,"url":"https:\/\/bolting.eu\/wp-content\/uploads\/2021\/07\/Petzl-Spatha-6.jpeg","type":"image\/jpeg"}],"twitter_card":"summary_large_image","twitter_misc":{"Price":"&euro;&nbsp;40,00","Availability":"In stock"},"schema":{"@context":"https:\/\/schema.org","@graph":[{"@type":["WebPage","ItemPage"],"@id":"https:\/\/bolting.eu\/en\/shop\/petzl-spatha\/","url":"https:\/\/bolting.eu\/en\/shop\/petzl-spatha\/","name":"Petzl Spatha - Spezialmesser f\u00fcr Reepschn\u00fcre und Seile | bolting.eu","isPartOf":{"@id":"https:\/\/bolting.eu\/en\/#website"},"primaryImageOfPage":{"@id":"https:\/\/bolting.eu\/en\/shop\/petzl-spatha\/#primaryimage"},"image":{"@id":"https:\/\/bolting.eu\/en\/shop\/petzl-spatha\/#primaryimage"},"thumbnailUrl":"https:\/\/bolting.eu\/wp-content\/uploads\/2021\/07\/Petzl-Spatha-6.jpeg","datePublished":"2021-07-09T11:53:17+00:00","dateModified":"2026-03-27T10:22:10+00:00","description":"Hier findest Du das PETZL SPATHA. Ein Spezialmesser mit Edelstahklinge f\u00fcr das Abschneiden von Bandschlingen, Reepschn\u00fcren und Seilen.","breadcrumb":{"@id":"https:\/\/bolting.eu\/en\/shop\/petzl-spatha\/#breadcrumb"},"inLanguage":"en-US","potentialAction":[{"@type":"ReadAction","target":["https:\/\/bolting.eu\/en\/shop\/petzl-spatha\/"]}]},{"@type":"ImageObject","inLanguage":"en-US","@id":"https:\/\/bolting.eu\/en\/shop\/petzl-spatha\/#primaryimage","url":"https:\/\/bolting.eu\/wp-content\/uploads\/2021\/07\/Petzl-Spatha-6.jpeg","contentUrl":"https:\/\/bolting.eu\/wp-content\/uploads\/2021\/07\/Petzl-Spatha-6.jpeg","width":700,"height":700,"caption":"Das Bild zeigt ein gelbes Petzl Spatha MEsser auf einem wei\u00dfem Quadrat. Zu sehen ist die ausgeklapptesilberne Klinge und der gelbe Griff."},{"@type":"BreadcrumbList","@id":"https:\/\/bolting.eu\/en\/shop\/petzl-spatha\/#breadcrumb","itemListElement":[{"@type":"ListItem","position":1,"name":"Shop","item":"https:\/\/bolting.eu\/en\/shop\/"},{"@type":"ListItem","position":2,"name":"climbing equipment","item":"https:\/\/bolting.eu\/en\/produkt-kategorie\/climbing-equipment\/"},{"@type":"ListItem","position":3,"name":"Climbing accessories","item":"https:\/\/bolting.eu\/en\/produkt-kategorie\/climbing-accessories\/"},{"@type":"ListItem","position":4,"name":"Petzl Spatha"}]},{"@type":"WebSite","@id":"https:\/\/bolting.eu\/en\/#website","url":"https:\/\/bolting.eu\/en\/","name":"bolting.eu","description":"we make climbs happen","publisher":{"@id":"https:\/\/bolting.eu\/en\/#organization"},"potentialAction":[{"@type":"SearchAction","target":{"@type":"EntryPoint","urlTemplate":"https:\/\/bolting.eu\/en\/?s={search_term_string}"},"query-input":{"@type":"PropertyValueSpecification","valueRequired":true,"valueName":"search_term_string"}}],"inLanguage":"en-US"},{"@type":["Organization","Place","SportingGoodsStore"],"@id":"https:\/\/bolting.eu\/en\/#organization","name":"bolting.eu","url":"https:\/\/bolting.eu\/en\/","logo":{"@id":"https:\/\/bolting.eu\/en\/shop\/petzl-spatha\/#local-main-organization-logo"},"image":{"@id":"https:\/\/bolting.eu\/en\/shop\/petzl-spatha\/#local-main-organization-logo"},"sameAs":["https:\/\/www.facebook.com\/bolting.eu","https:\/\/www.instagram.com\/bolting.eu\/"],"address":{"@id":"https:\/\/bolting.eu\/en\/shop\/petzl-spatha\/#local-main-place-address"},"geo":{"@type":"GeoCoordinates","latitude":"47.264176340396226","longitude":"11.380109057672346"},"telephone":["+43 699 19083372"],"openingHoursSpecification":[{"@type":"OpeningHoursSpecification","dayOfWeek":["Monday","Wednesday","Friday"],"opens":"14:00","closes":"18:00"},{"@type":"OpeningHoursSpecification","dayOfWeek":["Tuesday","Thursday","Saturday","Sunday"],"opens":"00:00","closes":"00:00"}],"email":"office@bolting.eu","vatID":"ATU59999728","priceRange":"$$","currenciesAccepted":"Euro"},{"@type":"PostalAddress","@id":"https:\/\/bolting.eu\/en\/shop\/petzl-spatha\/#local-main-place-address","streetAddress":"Fischnalerstra\u00dfe 4","addressLocality":"Innsbruck","postalCode":"6020","addressRegion":"Tirol","addressCountry":"AT"},{"@type":"ImageObject","inLanguage":"en-US","@id":"https:\/\/bolting.eu\/en\/shop\/petzl-spatha\/#local-main-organization-logo","url":"https:\/\/bolting.eu\/wp-content\/uploads\/2019\/09\/bolting-logo.png","contentUrl":"https:\/\/bolting.eu\/wp-content\/uploads\/2019\/09\/bolting-logo.png","width":400,"height":211,"caption":"bolting.eu"}]},"product_price_amount":"40.00","product_price_currency":"EUR","og_availability":"instock","product_availability":"instock","product_retailer_item_id":"S92AN","product_condition":"new","geo.placename":"Innsbruck","geo.position":{"lat":"47.264176340396226","long":"11.380109057672346"},"geo.region":"Austria"},"_links":{"self":[{"href":"https:\/\/bolting.eu\/en\/wp-json\/wp\/v2\/product\/9106","targetHints":{"allow":["GET"]}}],"collection":[{"href":"https:\/\/bolting.eu\/en\/wp-json\/wp\/v2\/product"}],"about":[{"href":"https:\/\/bolting.eu\/en\/wp-json\/wp\/v2\/types\/product"}],"replies":[{"embeddable":true,"href":"https:\/\/bolting.eu\/en\/wp-json\/wp\/v2\/comments?post=9106"}],"wp:featuredmedia":[{"embeddable":true,"href":"https:\/\/bolting.eu\/en\/wp-json\/wp\/v2\/media\/9108"}],"wp:attachment":[{"href":"https:\/\/bolting.eu\/en\/wp-json\/wp\/v2\/media?parent=9106"}],"wp:term":[{"taxonomy":"product_brand","embeddable":true,"href":"https:\/\/bolting.eu\/en\/wp-json\/wp\/v2\/product_brand?post=9106"},{"taxonomy":"product_cat","embeddable":true,"href":"https:\/\/bolting.eu\/en\/wp-json\/wp\/v2\/product_cat?post=9106"},{"taxonomy":"product_tag","embeddable":true,"href":"https:\/\/bolting.eu\/en\/wp-json\/wp\/v2\/product_tag?post=9106"}],"curies":[{"name":"wp","href":"https:\/\/api.w.org\/{rel}","templated":true}]}}