{"id":9074,"date":"2021-07-08T12:21:36","date_gmt":"2021-07-08T10:21:36","guid":{"rendered":"https:\/\/bolting.eu\/?post_type=product&#038;p=9074"},"modified":"2024-06-04T21:35:25","modified_gmt":"2024-06-04T19:35:25","slug":"glue-in-anchor-big","status":"publish","type":"product","link":"https:\/\/bolting.eu\/en\/shop\/glue-in-anchor-big\/","title":{"rendered":"Glue in Anchor Big"},"content":{"rendered":"<p>Unser Glue In Anchor Big ist ein 14mm <a href=\"https:\/\/bolting.eu\/produkt-kategorie\/einbohrartikel\/klebehaken-buehlerhaken\/\">Klebehaken<\/a>. Er besteht aus 10mm Stahldraht in AISI 304L Stahlqualit\u00e4t. Durch die Pressung am Schaft ergibt sich der 14mm Durchmesser.<\/p>\n<p>Bei diesem Produkt handelt es sich um einen Haken OHNE lasttragende Schwei\u00dfnaht. D.h. er z\u00e4hlt zu den sichersten und st\u00e4rksten Verbundhaken am Markt. Denn der doppelt gebogene Stahl sorgt einerseits f\u00fcr extra gro\u00dfe Bruchlasten. Und da es keine tragende Schwei\u00dfnaht gibt, kann es auch zu keiner Beeintr\u00e4chtigung durch Korrosion kommen.<\/p>\n<p>Was den Glue In Anchor Big aber auszeichnet, ist seine gro\u00dfe Karabiner\u00f6se. Denn diese f\u00e4llt besonders gro\u00df aus. Das ist auch Absicht so. Denn dieser Klebehaken ist als Abseilpunkt oder Fixpunkt an einem Standplatz gedacht. Folglich fasst seine \u00d6se mehr als die \u00fcblichen zwei Karabiner. N\u00e4mlich locker drei Karabiner oder zwei Karabiner und ein <a href=\"https:\/\/bolting.eu\/produkt-kategorie\/kletterausruestung\/kletterseil\/\">Kletterseil<\/a> bzw. ein Rapidglied.<\/p>\n<p>Kurzum. Wer einen richtig starken Klebehaken f\u00fcr Standpl\u00e4tze, Arbeitsstationen oder Flying Fox Verankerungen sucht, der ist hier richtig!<\/p>\n<h2>Eigenschaften Glue In Anchor Big<\/h2>\n<ul>\n<li>Hersteller: <a href=\"https:\/\/bolting.eu\/produkt-kategorie\/climbing-technology\/\">Climbing Technology<\/a><\/li>\n<li>Material: AISI 304L Stahl<\/li>\n<li>Schaft Durchmesser: 14mm<\/li>\n<li>Schaftl\u00e4nge: 100mm<\/li>\n<li>Gewicht: 192 Gramm<\/li>\n<li>Bruchlasten: 50kN radial und axial<\/li>\n<li>ben\u00f6tigtes Bohrloch: 16mm<\/li>\n<li>Installation nur mit <a href=\"https:\/\/bolting.eu\/produkt-kategorie\/einbohrartikel\/injektionsmoertel\/\">Injektionsm\u00f6rtel<\/a> empfohlen<\/li>\n<li>Normen: EN 795 (PSA), <a href=\"https:\/\/bolting.eu\/en-959-uiaa-123-bohrhaken-norm\/\">EN 959<\/a><\/li>\n<li><a href=\"https:\/\/www.climbingtechnology.com\/wp-content\/uploads\/2015\/06\/instruction-manual-glue-in-anchors.pdf\" target=\"_blank\" rel=\"noopener\">Gebrauchsanleitung<\/a><\/li>\n<\/ul>\n<h3>Starker Klebehaken mit viel Platz<\/h3>\n<p>Der Glue In Anchor Big ist f\u00fcr spezielle Anwendungen gedacht.<\/p>\n<p>Zum einen ist er ein perfekter &#8220;unterer&#8221; Haken auf Standpl\u00e4tzen. Denn seine gro\u00dfe Haken\u00f6se bietet Platz f\u00fcr drei bis vier Verbindungsmittel. Wie z.B. ein <a href=\"https:\/\/bolting.eu\/produkt-kategorie\/einbohrartikel\/schraubglied-rapidglied\/\">Schraubglied<\/a> f\u00fcr eine Kette sowie zwei Karabiner. \u00dcberdies passt sogar noch ein Seil dazu.<\/p>\n<p>Und zum anderen als &#8220;heavy duty&#8221; Fixpunkt. Das w\u00e4re beispielsweise eine Verankerung f\u00fcr Bergrettungs\u00fcbungen. Oder aber auch ein Fixpunkt f\u00fcr eine Seilbr\u00fccke oder eine Flying Fox.<\/p>\n<p>In beiden F\u00e4llen ist der Haken mit langer Einbindetiefe und gro\u00dfen Bruchlasten perfekt!<\/p>\n<h3>Glue In Anchor Big &#8211; Installation<\/h3>\n<p>Entscheidend f\u00fcr die letztliche Haltekraft des Hakens ist aber zwei Dinge. Erstens ein kompakter und fester Felsuntergrund. Und zweitens die richtige Installation.<\/p>\n<p>Lies dir daher unseren Beitrag &#8220;Klebehaken setzen&#8221; durch. Dort erf\u00e4hrst du alles Wichtige \u00fcber diesen komplexen Vorgang.<\/p>\n<p>\u00dcbrigens! Wir raten klar von der Installation mit einer Glasm\u00f6rtelpatrone ab. Gro\u00dfe Klebehaken lassen sich meist ganz schlecht mit diesem System anbringen. Verwendet lieber Injektionsm\u00f6rtel.<\/p>\n","protected":false},"excerpt":{"rendered":"<p>Sehr hochwertiger Klebehaken ohne lasttragende Schwei\u00dfnaht. Aus AISI 316l Edelstahl, En 959 und 14 x 100mm Schaft.<\/p>\n<p>Mit extra gro\u00dfer \u00d6se. Ideal f\u00fcr die Aufnahme von vielen \/ gro\u00dfen Karabinern.<\/p>\n<p>Versandkostenfrei bis 2kg in <img decoding=\"async\" class=\"emoji\" role=\"img\" draggable=\"false\" src=\"https:\/\/s.w.org\/images\/core\/emoji\/14.0.0\/svg\/1f1e6-1f1f9.svg\" alt=\"\ud83c\udde6\ud83c\uddf9\" \/> ab \u20ac 100,- und <img decoding=\"async\" class=\"emoji\" role=\"img\" draggable=\"false\" src=\"https:\/\/s.w.org\/images\/core\/emoji\/14.0.0\/svg\/1f1e9-1f1ea.svg\" alt=\"\ud83c\udde9\ud83c\uddea\" \/> ab \u20ac 200,- \u2705 Trusted Shop zertifiziert<\/p>\n<p>&nbsp;<\/p>\n","protected":false},"featured_media":9076,"comment_status":"open","ping_status":"closed","template":"","meta":[],"product_brand":[],"product_cat":[4662,45,1210],"product_tag":[],"class_list":{"0":"post-9074","1":"product","2":"type-product","3":"status-publish","4":"has-post-thumbnail","6":"product_cat-climbing-technology","7":"product_cat-klebehaken-buehlerhaken","8":"product_cat-einbohrartikel","10":"first","11":"instock","12":"sale","13":"taxable","14":"shipping-taxable","15":"purchasable","16":"product-type-simple"},"yoast_head":"<!-- This site is optimized with the Yoast SEO Premium plugin v26.9 (Yoast SEO v26.9) - https:\/\/yoast.com\/product\/yoast-seo-premium-wordpress\/ -->\n<title>Glue in Anchor Big AISI 316L mit extra gro\u00dfer \u00d6se | bolting.eu<\/title>\n<meta name=\"description\" content=\"GLUE IN ANCHOR BIG mit extra gro\u00dfer \u00d6se beim Einbohrprofi kaufen \u2705 Trusted Shop \u2705 kostenloser Versand* \u2705 14 Tage R\u00fcckgaberecht \u2705 Co2 neutraler Versand\" \/>\n<meta name=\"robots\" content=\"index, follow, max-snippet:-1, max-image-preview:large, max-video-preview:-1\" \/>\n<link rel=\"canonical\" href=\"https:\/\/bolting.eu\/en\/shop\/glue-in-anchor-big\/\" \/>\n<meta property=\"og:locale\" content=\"en_US\" \/>\n<meta property=\"og:type\" content=\"article\" \/>\n<meta property=\"og:title\" content=\"Glue in Anchor Big\" \/>\n<meta property=\"og:description\" content=\"GLUE IN ANCHOR BIG mit extra gro\u00dfer \u00d6se beim Einbohrprofi kaufen \u2705 Trusted Shop \u2705 kostenloser Versand* \u2705 14 Tage R\u00fcckgaberecht \u2705 Co2 neutraler Versand\" \/>\n<meta property=\"og:url\" content=\"https:\/\/bolting.eu\/en\/shop\/glue-in-anchor-big\/\" \/>\n<meta property=\"og:site_name\" content=\"bolting.eu\" \/>\n<meta property=\"article:publisher\" content=\"https:\/\/www.facebook.com\/bolting.eu\" \/>\n<meta property=\"article:modified_time\" content=\"2024-06-04T19:35:25+00:00\" \/>\n<meta property=\"og:image\" content=\"https:\/\/bolting.eu\/wp-content\/uploads\/2021\/07\/Glue-In-Anchor-Big.jpg\" \/>\n\t<meta property=\"og:image:width\" content=\"700\" \/>\n\t<meta property=\"og:image:height\" content=\"700\" \/>\n\t<meta property=\"og:image:type\" content=\"image\/jpeg\" \/>\n<meta name=\"twitter:card\" content=\"summary_large_image\" \/>\n<meta name=\"twitter:label1\" content=\"Price\" \/>\n\t<meta name=\"twitter:data1\" content=\"&euro;&nbsp;14,90\" \/>\n\t<meta name=\"twitter:label2\" content=\"Availability\" \/>\n\t<meta name=\"twitter:data2\" content=\"In stock\" \/>\n<script type=\"application\/ld+json\" class=\"yoast-schema-graph\">{\"@context\":\"https:\/\/schema.org\",\"@graph\":[{\"@type\":[\"WebPage\",\"ItemPage\"],\"@id\":\"https:\/\/bolting.eu\/en\/shop\/glue-in-anchor-big\/\",\"url\":\"https:\/\/bolting.eu\/en\/shop\/glue-in-anchor-big\/\",\"name\":\"Glue in Anchor Big AISI 316L mit extra gro\u00dfer \u00d6se | bolting.eu\",\"isPartOf\":{\"@id\":\"https:\/\/bolting.eu\/en\/#website\"},\"primaryImageOfPage\":{\"@id\":\"https:\/\/bolting.eu\/en\/shop\/glue-in-anchor-big\/#primaryimage\"},\"image\":{\"@id\":\"https:\/\/bolting.eu\/en\/shop\/glue-in-anchor-big\/#primaryimage\"},\"thumbnailUrl\":\"https:\/\/bolting.eu\/wp-content\/uploads\/2021\/07\/Glue-In-Anchor-Big.jpg\",\"datePublished\":\"2021-07-08T10:21:36+00:00\",\"dateModified\":\"2024-06-04T19:35:25+00:00\",\"description\":\"GLUE IN ANCHOR BIG mit extra gro\u00dfer \u00d6se beim Einbohrprofi kaufen \u2705 Trusted Shop \u2705 kostenloser Versand* \u2705 14 Tage R\u00fcckgaberecht \u2705 Co2 neutraler Versand\",\"breadcrumb\":{\"@id\":\"https:\/\/bolting.eu\/en\/shop\/glue-in-anchor-big\/#breadcrumb\"},\"inLanguage\":\"en-US\",\"potentialAction\":[{\"@type\":\"ReadAction\",\"target\":[\"https:\/\/bolting.eu\/en\/shop\/glue-in-anchor-big\/\"]}]},{\"@type\":\"ImageObject\",\"inLanguage\":\"en-US\",\"@id\":\"https:\/\/bolting.eu\/en\/shop\/glue-in-anchor-big\/#primaryimage\",\"url\":\"https:\/\/bolting.eu\/wp-content\/uploads\/2021\/07\/Glue-In-Anchor-Big.jpg\",\"contentUrl\":\"https:\/\/bolting.eu\/wp-content\/uploads\/2021\/07\/Glue-In-Anchor-Big.jpg\",\"width\":700,\"height\":700,\"caption\":\"Das Bild zeigt den silbernen Glue In Anchor Big von Climbing Technology. Der Klebehaken ist auf einem wei\u00dfem Quadrat zu sehen mit der Karabiner\u00f6se links.\"},{\"@type\":\"BreadcrumbList\",\"@id\":\"https:\/\/bolting.eu\/en\/shop\/glue-in-anchor-big\/#breadcrumb\",\"itemListElement\":[{\"@type\":\"ListItem\",\"position\":1,\"name\":\"Shop\",\"item\":\"https:\/\/bolting.eu\/en\/shop\/\"},{\"@type\":\"ListItem\",\"position\":2,\"name\":\"bolting products\",\"item\":\"https:\/\/bolting.eu\/en\/produkt-kategorie\/bolting-products\/\"},{\"@type\":\"ListItem\",\"position\":3,\"name\":\"glue in bolts\",\"item\":\"https:\/\/bolting.eu\/en\/produkt-kategorie\/glue-in-bolts\/\"},{\"@type\":\"ListItem\",\"position\":4,\"name\":\"Glue in Anchor Big\"}]},{\"@type\":\"WebSite\",\"@id\":\"https:\/\/bolting.eu\/en\/#website\",\"url\":\"https:\/\/bolting.eu\/en\/\",\"name\":\"bolting.eu\",\"description\":\"we make climbs happen\",\"publisher\":{\"@id\":\"https:\/\/bolting.eu\/en\/#organization\"},\"potentialAction\":[{\"@type\":\"SearchAction\",\"target\":{\"@type\":\"EntryPoint\",\"urlTemplate\":\"https:\/\/bolting.eu\/en\/?s={search_term_string}\"},\"query-input\":{\"@type\":\"PropertyValueSpecification\",\"valueRequired\":true,\"valueName\":\"search_term_string\"}}],\"inLanguage\":\"en-US\"},{\"@type\":[\"Organization\",\"Place\",\"SportingGoodsStore\"],\"@id\":\"https:\/\/bolting.eu\/en\/#organization\",\"name\":\"bolting.eu\",\"url\":\"https:\/\/bolting.eu\/en\/\",\"logo\":{\"@id\":\"https:\/\/bolting.eu\/en\/shop\/glue-in-anchor-big\/#local-main-organization-logo\"},\"image\":{\"@id\":\"https:\/\/bolting.eu\/en\/shop\/glue-in-anchor-big\/#local-main-organization-logo\"},\"sameAs\":[\"https:\/\/www.facebook.com\/bolting.eu\",\"https:\/\/www.instagram.com\/bolting.eu\/\"],\"address\":{\"@id\":\"https:\/\/bolting.eu\/en\/shop\/glue-in-anchor-big\/#local-main-place-address\"},\"geo\":{\"@type\":\"GeoCoordinates\",\"latitude\":\"47.264176340396226\",\"longitude\":\"11.380109057672346\"},\"telephone\":[\"+43 699 19083372\"],\"openingHoursSpecification\":[{\"@type\":\"OpeningHoursSpecification\",\"dayOfWeek\":[\"Monday\",\"Wednesday\",\"Friday\"],\"opens\":\"14:00\",\"closes\":\"18:00\"},{\"@type\":\"OpeningHoursSpecification\",\"dayOfWeek\":[\"Tuesday\",\"Thursday\",\"Saturday\",\"Sunday\"],\"opens\":\"00:00\",\"closes\":\"00:00\"}],\"email\":\"office@bolting.eu\",\"vatID\":\"ATU59999728\",\"priceRange\":\"$$\",\"currenciesAccepted\":\"Euro\"},{\"@type\":\"PostalAddress\",\"@id\":\"https:\/\/bolting.eu\/en\/shop\/glue-in-anchor-big\/#local-main-place-address\",\"streetAddress\":\"Fischnalerstra\u00dfe 4\",\"addressLocality\":\"Innsbruck\",\"postalCode\":\"6020\",\"addressRegion\":\"Tirol\",\"addressCountry\":\"AT\"},{\"@type\":\"ImageObject\",\"inLanguage\":\"en-US\",\"@id\":\"https:\/\/bolting.eu\/en\/shop\/glue-in-anchor-big\/#local-main-organization-logo\",\"url\":\"https:\/\/bolting.eu\/wp-content\/uploads\/2019\/09\/bolting-logo.png\",\"contentUrl\":\"https:\/\/bolting.eu\/wp-content\/uploads\/2019\/09\/bolting-logo.png\",\"width\":400,\"height\":211,\"caption\":\"bolting.eu\"}]}<\/script>\n<meta property=\"product:price:amount\" content=\"14.90\" \/>\n<meta property=\"product:price:currency\" content=\"EUR\" \/>\n<meta property=\"og:availability\" content=\"instock\" \/>\n<meta property=\"product:availability\" content=\"instock\" \/>\n<meta property=\"product:retailer_item_id\" content=\"4A154\" \/>\n<meta property=\"product:condition\" content=\"new\" \/>\n<meta name=\"geo.placename\" content=\"Innsbruck\" \/>\n<meta name=\"geo.position\" content=\"47.264176340396226;11.380109057672346\" \/>\n<meta name=\"geo.region\" content=\"Austria\" \/>\n<!-- \/ Yoast SEO Premium plugin. -->","yoast_head_json":{"title":"Glue in Anchor Big AISI 316L mit extra gro\u00dfer \u00d6se | bolting.eu","description":"GLUE IN ANCHOR BIG mit extra gro\u00dfer \u00d6se beim Einbohrprofi kaufen \u2705 Trusted Shop \u2705 kostenloser Versand* \u2705 14 Tage R\u00fcckgaberecht \u2705 Co2 neutraler Versand","robots":{"index":"index","follow":"follow","max-snippet":"max-snippet:-1","max-image-preview":"max-image-preview:large","max-video-preview":"max-video-preview:-1"},"canonical":"https:\/\/bolting.eu\/en\/shop\/glue-in-anchor-big\/","og_locale":"en_US","og_type":"article","og_title":"Glue in Anchor Big","og_description":"GLUE IN ANCHOR BIG mit extra gro\u00dfer \u00d6se beim Einbohrprofi kaufen \u2705 Trusted Shop \u2705 kostenloser Versand* \u2705 14 Tage R\u00fcckgaberecht \u2705 Co2 neutraler Versand","og_url":"https:\/\/bolting.eu\/en\/shop\/glue-in-anchor-big\/","og_site_name":"bolting.eu","article_publisher":"https:\/\/www.facebook.com\/bolting.eu","article_modified_time":"2024-06-04T19:35:25+00:00","og_image":[{"width":700,"height":700,"url":"https:\/\/bolting.eu\/wp-content\/uploads\/2021\/07\/Glue-In-Anchor-Big.jpg","type":"image\/jpeg"}],"twitter_card":"summary_large_image","twitter_misc":{"Price":"&euro;&nbsp;14,90","Availability":"In stock"},"schema":{"@context":"https:\/\/schema.org","@graph":[{"@type":["WebPage","ItemPage"],"@id":"https:\/\/bolting.eu\/en\/shop\/glue-in-anchor-big\/","url":"https:\/\/bolting.eu\/en\/shop\/glue-in-anchor-big\/","name":"Glue in Anchor Big AISI 316L mit extra gro\u00dfer \u00d6se | bolting.eu","isPartOf":{"@id":"https:\/\/bolting.eu\/en\/#website"},"primaryImageOfPage":{"@id":"https:\/\/bolting.eu\/en\/shop\/glue-in-anchor-big\/#primaryimage"},"image":{"@id":"https:\/\/bolting.eu\/en\/shop\/glue-in-anchor-big\/#primaryimage"},"thumbnailUrl":"https:\/\/bolting.eu\/wp-content\/uploads\/2021\/07\/Glue-In-Anchor-Big.jpg","datePublished":"2021-07-08T10:21:36+00:00","dateModified":"2024-06-04T19:35:25+00:00","description":"GLUE IN ANCHOR BIG mit extra gro\u00dfer \u00d6se beim Einbohrprofi kaufen \u2705 Trusted Shop \u2705 kostenloser Versand* \u2705 14 Tage R\u00fcckgaberecht \u2705 Co2 neutraler Versand","breadcrumb":{"@id":"https:\/\/bolting.eu\/en\/shop\/glue-in-anchor-big\/#breadcrumb"},"inLanguage":"en-US","potentialAction":[{"@type":"ReadAction","target":["https:\/\/bolting.eu\/en\/shop\/glue-in-anchor-big\/"]}]},{"@type":"ImageObject","inLanguage":"en-US","@id":"https:\/\/bolting.eu\/en\/shop\/glue-in-anchor-big\/#primaryimage","url":"https:\/\/bolting.eu\/wp-content\/uploads\/2021\/07\/Glue-In-Anchor-Big.jpg","contentUrl":"https:\/\/bolting.eu\/wp-content\/uploads\/2021\/07\/Glue-In-Anchor-Big.jpg","width":700,"height":700,"caption":"Das Bild zeigt den silbernen Glue In Anchor Big von Climbing Technology. Der Klebehaken ist auf einem wei\u00dfem Quadrat zu sehen mit der Karabiner\u00f6se links."},{"@type":"BreadcrumbList","@id":"https:\/\/bolting.eu\/en\/shop\/glue-in-anchor-big\/#breadcrumb","itemListElement":[{"@type":"ListItem","position":1,"name":"Shop","item":"https:\/\/bolting.eu\/en\/shop\/"},{"@type":"ListItem","position":2,"name":"bolting products","item":"https:\/\/bolting.eu\/en\/produkt-kategorie\/bolting-products\/"},{"@type":"ListItem","position":3,"name":"glue in bolts","item":"https:\/\/bolting.eu\/en\/produkt-kategorie\/glue-in-bolts\/"},{"@type":"ListItem","position":4,"name":"Glue in Anchor Big"}]},{"@type":"WebSite","@id":"https:\/\/bolting.eu\/en\/#website","url":"https:\/\/bolting.eu\/en\/","name":"bolting.eu","description":"we make climbs happen","publisher":{"@id":"https:\/\/bolting.eu\/en\/#organization"},"potentialAction":[{"@type":"SearchAction","target":{"@type":"EntryPoint","urlTemplate":"https:\/\/bolting.eu\/en\/?s={search_term_string}"},"query-input":{"@type":"PropertyValueSpecification","valueRequired":true,"valueName":"search_term_string"}}],"inLanguage":"en-US"},{"@type":["Organization","Place","SportingGoodsStore"],"@id":"https:\/\/bolting.eu\/en\/#organization","name":"bolting.eu","url":"https:\/\/bolting.eu\/en\/","logo":{"@id":"https:\/\/bolting.eu\/en\/shop\/glue-in-anchor-big\/#local-main-organization-logo"},"image":{"@id":"https:\/\/bolting.eu\/en\/shop\/glue-in-anchor-big\/#local-main-organization-logo"},"sameAs":["https:\/\/www.facebook.com\/bolting.eu","https:\/\/www.instagram.com\/bolting.eu\/"],"address":{"@id":"https:\/\/bolting.eu\/en\/shop\/glue-in-anchor-big\/#local-main-place-address"},"geo":{"@type":"GeoCoordinates","latitude":"47.264176340396226","longitude":"11.380109057672346"},"telephone":["+43 699 19083372"],"openingHoursSpecification":[{"@type":"OpeningHoursSpecification","dayOfWeek":["Monday","Wednesday","Friday"],"opens":"14:00","closes":"18:00"},{"@type":"OpeningHoursSpecification","dayOfWeek":["Tuesday","Thursday","Saturday","Sunday"],"opens":"00:00","closes":"00:00"}],"email":"office@bolting.eu","vatID":"ATU59999728","priceRange":"$$","currenciesAccepted":"Euro"},{"@type":"PostalAddress","@id":"https:\/\/bolting.eu\/en\/shop\/glue-in-anchor-big\/#local-main-place-address","streetAddress":"Fischnalerstra\u00dfe 4","addressLocality":"Innsbruck","postalCode":"6020","addressRegion":"Tirol","addressCountry":"AT"},{"@type":"ImageObject","inLanguage":"en-US","@id":"https:\/\/bolting.eu\/en\/shop\/glue-in-anchor-big\/#local-main-organization-logo","url":"https:\/\/bolting.eu\/wp-content\/uploads\/2019\/09\/bolting-logo.png","contentUrl":"https:\/\/bolting.eu\/wp-content\/uploads\/2019\/09\/bolting-logo.png","width":400,"height":211,"caption":"bolting.eu"}]},"product_price_amount":"14.90","product_price_currency":"EUR","og_availability":"instock","product_availability":"instock","product_retailer_item_id":"4A154","product_condition":"new","geo.placename":"Innsbruck","geo.position":{"lat":"47.264176340396226","long":"11.380109057672346"},"geo.region":"Austria"},"_links":{"self":[{"href":"https:\/\/bolting.eu\/en\/wp-json\/wp\/v2\/product\/9074","targetHints":{"allow":["GET"]}}],"collection":[{"href":"https:\/\/bolting.eu\/en\/wp-json\/wp\/v2\/product"}],"about":[{"href":"https:\/\/bolting.eu\/en\/wp-json\/wp\/v2\/types\/product"}],"replies":[{"embeddable":true,"href":"https:\/\/bolting.eu\/en\/wp-json\/wp\/v2\/comments?post=9074"}],"wp:featuredmedia":[{"embeddable":true,"href":"https:\/\/bolting.eu\/en\/wp-json\/wp\/v2\/media\/9076"}],"wp:attachment":[{"href":"https:\/\/bolting.eu\/en\/wp-json\/wp\/v2\/media?parent=9074"}],"wp:term":[{"taxonomy":"product_brand","embeddable":true,"href":"https:\/\/bolting.eu\/en\/wp-json\/wp\/v2\/product_brand?post=9074"},{"taxonomy":"product_cat","embeddable":true,"href":"https:\/\/bolting.eu\/en\/wp-json\/wp\/v2\/product_cat?post=9074"},{"taxonomy":"product_tag","embeddable":true,"href":"https:\/\/bolting.eu\/en\/wp-json\/wp\/v2\/product_tag?post=9074"}],"curies":[{"name":"wp","href":"https:\/\/api.w.org\/{rel}","templated":true}]}}