{"id":8966,"date":"2021-07-05T16:26:22","date_gmt":"2021-07-05T14:26:22","guid":{"rendered":"https:\/\/bolting.eu\/?post_type=product&#038;p=8966"},"modified":"2026-04-15T17:49:53","modified_gmt":"2026-04-15T15:49:53","slug":"petzl-bolt-stainless","status":"publish","type":"product","link":"https:\/\/bolting.eu\/en\/shop\/petzl-bolt-stainless\/","title":{"rendered":"Petzl Bolt Stainless"},"content":{"rendered":"<p>Der Petzl Bolt Stainless ist ein hochwertiger <a href=\"https:\/\/bolting.eu\/produkt-kategorie\/einbohrartikel\/bohrhaken\/\">Bohrhaken<\/a>. Er ist f\u00fcr den Einsatz im Alpinismus bzw. bei H\u00f6henarbeiten gedacht. Dieser Petzl Bolt besteht aus AISI 316L Edelstahl und ist in zwei Durchmessern bzw. Dimensionen erh\u00e4ltlich.<\/p>\n<p>Zum einen mit 10mm Durchmesser bzw. 70mm L\u00e4nge. Und zum anderen mit 12mm Durchmesser und 85mm L\u00e4nge. Folglich sind die Bohrhaken zur Verwendung mit den passenden Edelstahl Bohrhakenlaschen aller Marken gedacht.<\/p>\n<p>Was die Petzl Coeur Bolt Stainless auszeichnet ist ihre Qualit\u00e4t. Der franz\u00f6sische Nobelhersteller l\u00e4sst auch hier nichts anbrennen. D.h. diese Bohrhaken ziehen auf allen Untergr\u00fcnden gleich gut. Egal ob Kalk, Granit oder Schiefer. In allen festen Gesteinen kann man sich auf diese Bolts verlassen.<\/p>\n<p>Kurzum. Wer hochwertige Bohrhaken f\u00fcr seine Projekte sucht, findet mit diesen Produkten eine top Wahl!<\/p>\n<h2>Eigenschaften Petzl Bolt Stainless<\/h2>\n<ul>\n<li>Hersteller: Petzl<\/li>\n<li>Material: AISI 316L Stahl<\/li>\n<li>Durchmesser: 10mm bzw. 12mm<\/li>\n<li>L\u00e4ngen: 70mm bzw. 85mm<\/li>\n<li>Gewicht: 45 Gramm bzw. 80 Gramm<\/li>\n<li>f\u00fcr feste Gesteine wie Kalk, Granit, Schiefer,&#8230;<\/li>\n<li>ideal f\u00fcr Petzl Coeur Stainless Laschen<\/li>\n<\/ul>\n<h3>Hochwertiger AISI 316L Stahl<\/h3>\n<p>Die Petzl Bolt Stainless bestehen aus hochwertigem AISI 316L Edelstahl. D.h. sie sind besonders korrosionsbest\u00e4ndig. Im Weiteren bedeutet es aber auch, da\u00df man mit ihnen ebenso Edelstahl Bohrhakenlaschen verwenden muss.<\/p>\n<p>Verzinkte Laschen sind nicht geeignet und f\u00fchren zu galvanischer Korrosion. Das ist dir kein Begriff? Dann lies dir unseren Beitrag \u00fcber &#8220;<a href=\"https:\/\/bolting.eu\/galvanische-korrosion-bei-bohrhaken\/\">galvanische Korrosion bei Bohrhaken<\/a>&#8221; durch.<\/p>\n<h3>Petzl Bolt Stainless &#8211; ideal f\u00fcr Coeur Laschen<\/h3>\n<p>Zu diesen Bolts passen die Petzl Laschen perfekt dazu. Deswegen haben wir in unserem Shop nat\u00fcrlich sowohl die 10mm als auch 12mm Variante.<\/p>\n<p>Diese Kombis sind ideal abgestimmt und garantieren eine hochwertige Ausstattung eurer Fixpunkte.<\/p>\n<p>Nat\u00fcrlich passen auch alle anderen Laschen aus AISI 316L Edelstahl zu den Bohrhaken. Es liegt ganz in Eurer Entscheidungsfreiheit wie ihr die n\u00f6tige Kombi gestaltet.<\/p>\n<h3>Petzl Bolt Stainless &#8211; Installation<\/h3>\n<p>Im Folgenden findet ihr eine Grafik zu Installation der Bohrhaken. Wenn du n\u00e4here Infos willst, dann lies dir unseren vollen Beitrag durch: <a href=\"https:\/\/bolting.eu\/bohrhaken-setzen\/\">Bohrhaken setzen<\/a> bzw. <a href=\"https:\/\/bolting.eu\/kletterroute-mit-bohrhaken-einrichten\/\">Kletterroute mit Bohrhaken einrichten<\/a><\/p>\n<p><a href=\"https:\/\/bolting.eu\/wp-content\/uploads\/2021\/07\/petzl-Coeur-bolt-stainless-installationsanleitung.jpg\"><img loading=\"lazy\" decoding=\"async\" class=\"alignnone size-full wp-image-8971\" src=\"https:\/\/bolting.eu\/wp-content\/uploads\/2021\/07\/petzl-Coeur-bolt-stainless-installationsanleitung.jpg\" alt=\"Das Bild zeigt eine Grafik zur Installation der Petzl Bolt Stainless. Zu sehen sind viele handgezeichnete Schritte und Symbole.\" width=\"1024\" height=\"1047\" srcset=\"https:\/\/bolting.eu\/wp-content\/uploads\/2021\/07\/petzl-Coeur-bolt-stainless-installationsanleitung.jpg 1024w, https:\/\/bolting.eu\/wp-content\/uploads\/2021\/07\/petzl-Coeur-bolt-stainless-installationsanleitung-510x521.jpg 510w, https:\/\/bolting.eu\/wp-content\/uploads\/2021\/07\/petzl-Coeur-bolt-stainless-installationsanleitung-391x400.jpg 391w, https:\/\/bolting.eu\/wp-content\/uploads\/2021\/07\/petzl-Coeur-bolt-stainless-installationsanleitung-782x800.jpg 782w, https:\/\/bolting.eu\/wp-content\/uploads\/2021\/07\/petzl-Coeur-bolt-stainless-installationsanleitung-768x785.jpg 768w, https:\/\/bolting.eu\/wp-content\/uploads\/2021\/07\/petzl-Coeur-bolt-stainless-installationsanleitung-600x613.jpg 600w\" sizes=\"auto, (max-width: 1024px) 100vw, 1024px\" \/><\/a><\/p>\n<h3>Praxis Tipp bolting.eu<\/h3>\n<p>Lagert eure <a href=\"https:\/\/www.petzl.com\/\" target=\"_blank\" rel=\"noopener\">Petzl<\/a> Bolt Stainless immer sauber und ordentlich. D.h. einerseits niemals feucht. Zuviel Feuchtigkeit kann der feinen Chrom Oxidschichte Schaden zuf\u00fcgen. Ebenso solltet ihr die Bolts immer sortenrein und in einem markierten Beh\u00e4lter aufbewahren. Somit ist eine Durchmischung mit verzinkten Bauteilen ausgeschlossen.<\/p>\n","protected":false},"excerpt":{"rendered":"<ul>\n<li>Hersteller: Petzl<\/li>\n<li>Material: AISI 316L Stahl<\/li>\n<li>Durchmesser: 10mm bzw. 12mm<\/li>\n<li>L\u00e4ngen: 70mm bzw. 85mm<\/li>\n<li>Gewicht: 45 Gramm bzw. 80 Gramm<\/li>\n<li>f\u00fcr feste Gesteine wie Kalk, Granit, Schiefer,&#8230;<\/li>\n<li>ideal f\u00fcr Petzl Coeur Stainless Laschen<\/li>\n<\/ul>\n","protected":false},"featured_media":8969,"comment_status":"open","ping_status":"closed","template":"","meta":[],"product_brand":[],"product_cat":[14750,32,1210,14513,14093],"product_tag":[],"class_list":{"0":"post-8966","1":"product","2":"type-product","3":"status-publish","4":"has-post-thumbnail","6":"product_cat-anschlagmittel","7":"product_cat-bohrhaken","8":"product_cat-einbohrartikel","9":"product_cat-industriekletter-ausruestung","10":"product_cat-petzl","12":"first","13":"instock","14":"sale","15":"taxable","16":"shipping-taxable","17":"purchasable","18":"product-type-variable"},"yoast_head":"<!-- This site is optimized with the Yoast SEO Premium plugin v26.9 (Yoast SEO v26.9) - https:\/\/yoast.com\/product\/yoast-seo-premium-wordpress\/ -->\n<title>Petzl Bolt Stainless - AISI 316L - g\u00fcnstig online kaufen | bolting.eu<\/title>\n<meta name=\"description\" content=\"Hier gibt\u00b4s die PETZL BOLT STAINLESS in AISI 316L Stahl. 10mm bzw. 12mm Bohrhaken f\u00fcr alle g\u00e4ngigen Marken und Petzl Coeur Laschen!\" \/>\n<meta name=\"robots\" content=\"index, follow, max-snippet:-1, max-image-preview:large, max-video-preview:-1\" \/>\n<link rel=\"canonical\" href=\"https:\/\/bolting.eu\/en\/shop\/petzl-bolt-stainless\/\" \/>\n<meta property=\"og:locale\" content=\"en_US\" \/>\n<meta property=\"og:type\" content=\"article\" \/>\n<meta property=\"og:title\" content=\"Petzl Bolt Stainless\" \/>\n<meta property=\"og:description\" content=\"Hier gibt\u00b4s die PETZL BOLT STAINLESS in AISI 316L Stahl. 10mm bzw. 12mm Bohrhaken f\u00fcr alle g\u00e4ngigen Marken und Petzl Coeur Laschen!\" \/>\n<meta property=\"og:url\" content=\"https:\/\/bolting.eu\/en\/shop\/petzl-bolt-stainless\/\" \/>\n<meta property=\"og:site_name\" content=\"bolting.eu\" \/>\n<meta property=\"article:publisher\" content=\"https:\/\/www.facebook.com\/bolting.eu\" \/>\n<meta property=\"article:modified_time\" content=\"2026-04-15T15:49:53+00:00\" \/>\n<meta property=\"og:image\" content=\"https:\/\/bolting.eu\/wp-content\/uploads\/2021\/07\/petzl-Coeur-bolt-stainless.jpg\" \/>\n\t<meta property=\"og:image:width\" content=\"700\" \/>\n\t<meta property=\"og:image:height\" content=\"700\" \/>\n\t<meta property=\"og:image:type\" content=\"image\/jpeg\" \/>\n<meta name=\"twitter:card\" content=\"summary_large_image\" \/>\n<meta name=\"twitter:label1\" content=\"Availability\" \/>\n\t<meta name=\"twitter:data1\" content=\"In stock\" \/>\n<script type=\"application\/ld+json\" class=\"yoast-schema-graph\">{\"@context\":\"https:\/\/schema.org\",\"@graph\":[{\"@type\":[\"WebPage\",\"ItemPage\"],\"@id\":\"https:\/\/bolting.eu\/en\/shop\/petzl-bolt-stainless\/\",\"url\":\"https:\/\/bolting.eu\/en\/shop\/petzl-bolt-stainless\/\",\"name\":\"Petzl Bolt Stainless - AISI 316L - g\u00fcnstig online kaufen | bolting.eu\",\"isPartOf\":{\"@id\":\"https:\/\/bolting.eu\/en\/#website\"},\"primaryImageOfPage\":{\"@id\":\"https:\/\/bolting.eu\/en\/shop\/petzl-bolt-stainless\/#primaryimage\"},\"image\":{\"@id\":\"https:\/\/bolting.eu\/en\/shop\/petzl-bolt-stainless\/#primaryimage\"},\"thumbnailUrl\":\"https:\/\/bolting.eu\/wp-content\/uploads\/2021\/07\/petzl-Coeur-bolt-stainless.jpg\",\"datePublished\":\"2021-07-05T14:26:22+00:00\",\"dateModified\":\"2026-04-15T15:49:53+00:00\",\"description\":\"Hier gibt\u00b4s die PETZL BOLT STAINLESS in AISI 316L Stahl. 10mm bzw. 12mm Bohrhaken f\u00fcr alle g\u00e4ngigen Marken und Petzl Coeur Laschen!\",\"breadcrumb\":{\"@id\":\"https:\/\/bolting.eu\/en\/shop\/petzl-bolt-stainless\/#breadcrumb\"},\"inLanguage\":\"en-US\",\"potentialAction\":[{\"@type\":\"ReadAction\",\"target\":[\"https:\/\/bolting.eu\/en\/shop\/petzl-bolt-stainless\/\"]}]},{\"@type\":\"ImageObject\",\"inLanguage\":\"en-US\",\"@id\":\"https:\/\/bolting.eu\/en\/shop\/petzl-bolt-stainless\/#primaryimage\",\"url\":\"https:\/\/bolting.eu\/wp-content\/uploads\/2021\/07\/petzl-Coeur-bolt-stainless.jpg\",\"contentUrl\":\"https:\/\/bolting.eu\/wp-content\/uploads\/2021\/07\/petzl-Coeur-bolt-stainless.jpg\",\"width\":700,\"height\":700,\"caption\":\"Das Bild zeigt den dunkelgrauen Petzl Bolt Stainless in einem wei\u00dfem Quadrat.\"},{\"@type\":\"BreadcrumbList\",\"@id\":\"https:\/\/bolting.eu\/en\/shop\/petzl-bolt-stainless\/#breadcrumb\",\"itemListElement\":[{\"@type\":\"ListItem\",\"position\":1,\"name\":\"Shop\",\"item\":\"https:\/\/bolting.eu\/en\/shop\/\"},{\"@type\":\"ListItem\",\"position\":2,\"name\":\"bolting products\",\"item\":\"https:\/\/bolting.eu\/en\/produkt-kategorie\/bolting-products\/\"},{\"@type\":\"ListItem\",\"position\":3,\"name\":\"expansion bolt\",\"item\":\"https:\/\/bolting.eu\/en\/produkt-kategorie\/expansion-bolt\/\"},{\"@type\":\"ListItem\",\"position\":4,\"name\":\"Petzl Bolt Stainless\"}]},{\"@type\":\"WebSite\",\"@id\":\"https:\/\/bolting.eu\/en\/#website\",\"url\":\"https:\/\/bolting.eu\/en\/\",\"name\":\"bolting.eu\",\"description\":\"we make climbs happen\",\"publisher\":{\"@id\":\"https:\/\/bolting.eu\/en\/#organization\"},\"potentialAction\":[{\"@type\":\"SearchAction\",\"target\":{\"@type\":\"EntryPoint\",\"urlTemplate\":\"https:\/\/bolting.eu\/en\/?s={search_term_string}\"},\"query-input\":{\"@type\":\"PropertyValueSpecification\",\"valueRequired\":true,\"valueName\":\"search_term_string\"}}],\"inLanguage\":\"en-US\"},{\"@type\":[\"Organization\",\"Place\",\"SportingGoodsStore\"],\"@id\":\"https:\/\/bolting.eu\/en\/#organization\",\"name\":\"bolting.eu\",\"url\":\"https:\/\/bolting.eu\/en\/\",\"logo\":{\"@id\":\"https:\/\/bolting.eu\/en\/shop\/petzl-bolt-stainless\/#local-main-organization-logo\"},\"image\":{\"@id\":\"https:\/\/bolting.eu\/en\/shop\/petzl-bolt-stainless\/#local-main-organization-logo\"},\"sameAs\":[\"https:\/\/www.facebook.com\/bolting.eu\",\"https:\/\/www.instagram.com\/bolting.eu\/\"],\"address\":{\"@id\":\"https:\/\/bolting.eu\/en\/shop\/petzl-bolt-stainless\/#local-main-place-address\"},\"geo\":{\"@type\":\"GeoCoordinates\",\"latitude\":\"47.264176340396226\",\"longitude\":\"11.380109057672346\"},\"telephone\":[\"+43 699 19083372\"],\"openingHoursSpecification\":[{\"@type\":\"OpeningHoursSpecification\",\"dayOfWeek\":[\"Monday\",\"Wednesday\",\"Friday\"],\"opens\":\"14:00\",\"closes\":\"18:00\"},{\"@type\":\"OpeningHoursSpecification\",\"dayOfWeek\":[\"Tuesday\",\"Thursday\",\"Saturday\",\"Sunday\"],\"opens\":\"00:00\",\"closes\":\"00:00\"}],\"email\":\"office@bolting.eu\",\"vatID\":\"ATU59999728\",\"priceRange\":\"$$\",\"currenciesAccepted\":\"Euro\"},{\"@type\":\"PostalAddress\",\"@id\":\"https:\/\/bolting.eu\/en\/shop\/petzl-bolt-stainless\/#local-main-place-address\",\"streetAddress\":\"Fischnalerstra\u00dfe 4\",\"addressLocality\":\"Innsbruck\",\"postalCode\":\"6020\",\"addressRegion\":\"Tirol\",\"addressCountry\":\"AT\"},{\"@type\":\"ImageObject\",\"inLanguage\":\"en-US\",\"@id\":\"https:\/\/bolting.eu\/en\/shop\/petzl-bolt-stainless\/#local-main-organization-logo\",\"url\":\"https:\/\/bolting.eu\/wp-content\/uploads\/2019\/09\/bolting-logo.png\",\"contentUrl\":\"https:\/\/bolting.eu\/wp-content\/uploads\/2019\/09\/bolting-logo.png\",\"width\":400,\"height\":211,\"caption\":\"bolting.eu\"}]}<\/script>\n<meta property=\"og:availability\" content=\"instock\" \/>\n<meta property=\"product:availability\" content=\"instock\" \/>\n<meta property=\"product:condition\" content=\"new\" \/>\n<meta name=\"geo.placename\" content=\"Innsbruck\" \/>\n<meta name=\"geo.position\" content=\"47.264176340396226;11.380109057672346\" \/>\n<meta name=\"geo.region\" content=\"Austria\" \/>\n<!-- \/ Yoast SEO Premium plugin. -->","yoast_head_json":{"title":"Petzl Bolt Stainless - AISI 316L - g\u00fcnstig online kaufen | bolting.eu","description":"Hier gibt\u00b4s die PETZL BOLT STAINLESS in AISI 316L Stahl. 10mm bzw. 12mm Bohrhaken f\u00fcr alle g\u00e4ngigen Marken und Petzl Coeur Laschen!","robots":{"index":"index","follow":"follow","max-snippet":"max-snippet:-1","max-image-preview":"max-image-preview:large","max-video-preview":"max-video-preview:-1"},"canonical":"https:\/\/bolting.eu\/en\/shop\/petzl-bolt-stainless\/","og_locale":"en_US","og_type":"article","og_title":"Petzl Bolt Stainless","og_description":"Hier gibt\u00b4s die PETZL BOLT STAINLESS in AISI 316L Stahl. 10mm bzw. 12mm Bohrhaken f\u00fcr alle g\u00e4ngigen Marken und Petzl Coeur Laschen!","og_url":"https:\/\/bolting.eu\/en\/shop\/petzl-bolt-stainless\/","og_site_name":"bolting.eu","article_publisher":"https:\/\/www.facebook.com\/bolting.eu","article_modified_time":"2026-04-15T15:49:53+00:00","og_image":[{"width":700,"height":700,"url":"https:\/\/bolting.eu\/wp-content\/uploads\/2021\/07\/petzl-Coeur-bolt-stainless.jpg","type":"image\/jpeg"}],"twitter_card":"summary_large_image","twitter_misc":{"Availability":"In stock"},"schema":{"@context":"https:\/\/schema.org","@graph":[{"@type":["WebPage","ItemPage"],"@id":"https:\/\/bolting.eu\/en\/shop\/petzl-bolt-stainless\/","url":"https:\/\/bolting.eu\/en\/shop\/petzl-bolt-stainless\/","name":"Petzl Bolt Stainless - AISI 316L - g\u00fcnstig online kaufen | bolting.eu","isPartOf":{"@id":"https:\/\/bolting.eu\/en\/#website"},"primaryImageOfPage":{"@id":"https:\/\/bolting.eu\/en\/shop\/petzl-bolt-stainless\/#primaryimage"},"image":{"@id":"https:\/\/bolting.eu\/en\/shop\/petzl-bolt-stainless\/#primaryimage"},"thumbnailUrl":"https:\/\/bolting.eu\/wp-content\/uploads\/2021\/07\/petzl-Coeur-bolt-stainless.jpg","datePublished":"2021-07-05T14:26:22+00:00","dateModified":"2026-04-15T15:49:53+00:00","description":"Hier gibt\u00b4s die PETZL BOLT STAINLESS in AISI 316L Stahl. 10mm bzw. 12mm Bohrhaken f\u00fcr alle g\u00e4ngigen Marken und Petzl Coeur Laschen!","breadcrumb":{"@id":"https:\/\/bolting.eu\/en\/shop\/petzl-bolt-stainless\/#breadcrumb"},"inLanguage":"en-US","potentialAction":[{"@type":"ReadAction","target":["https:\/\/bolting.eu\/en\/shop\/petzl-bolt-stainless\/"]}]},{"@type":"ImageObject","inLanguage":"en-US","@id":"https:\/\/bolting.eu\/en\/shop\/petzl-bolt-stainless\/#primaryimage","url":"https:\/\/bolting.eu\/wp-content\/uploads\/2021\/07\/petzl-Coeur-bolt-stainless.jpg","contentUrl":"https:\/\/bolting.eu\/wp-content\/uploads\/2021\/07\/petzl-Coeur-bolt-stainless.jpg","width":700,"height":700,"caption":"Das Bild zeigt den dunkelgrauen Petzl Bolt Stainless in einem wei\u00dfem Quadrat."},{"@type":"BreadcrumbList","@id":"https:\/\/bolting.eu\/en\/shop\/petzl-bolt-stainless\/#breadcrumb","itemListElement":[{"@type":"ListItem","position":1,"name":"Shop","item":"https:\/\/bolting.eu\/en\/shop\/"},{"@type":"ListItem","position":2,"name":"bolting products","item":"https:\/\/bolting.eu\/en\/produkt-kategorie\/bolting-products\/"},{"@type":"ListItem","position":3,"name":"expansion bolt","item":"https:\/\/bolting.eu\/en\/produkt-kategorie\/expansion-bolt\/"},{"@type":"ListItem","position":4,"name":"Petzl Bolt Stainless"}]},{"@type":"WebSite","@id":"https:\/\/bolting.eu\/en\/#website","url":"https:\/\/bolting.eu\/en\/","name":"bolting.eu","description":"we make climbs happen","publisher":{"@id":"https:\/\/bolting.eu\/en\/#organization"},"potentialAction":[{"@type":"SearchAction","target":{"@type":"EntryPoint","urlTemplate":"https:\/\/bolting.eu\/en\/?s={search_term_string}"},"query-input":{"@type":"PropertyValueSpecification","valueRequired":true,"valueName":"search_term_string"}}],"inLanguage":"en-US"},{"@type":["Organization","Place","SportingGoodsStore"],"@id":"https:\/\/bolting.eu\/en\/#organization","name":"bolting.eu","url":"https:\/\/bolting.eu\/en\/","logo":{"@id":"https:\/\/bolting.eu\/en\/shop\/petzl-bolt-stainless\/#local-main-organization-logo"},"image":{"@id":"https:\/\/bolting.eu\/en\/shop\/petzl-bolt-stainless\/#local-main-organization-logo"},"sameAs":["https:\/\/www.facebook.com\/bolting.eu","https:\/\/www.instagram.com\/bolting.eu\/"],"address":{"@id":"https:\/\/bolting.eu\/en\/shop\/petzl-bolt-stainless\/#local-main-place-address"},"geo":{"@type":"GeoCoordinates","latitude":"47.264176340396226","longitude":"11.380109057672346"},"telephone":["+43 699 19083372"],"openingHoursSpecification":[{"@type":"OpeningHoursSpecification","dayOfWeek":["Monday","Wednesday","Friday"],"opens":"14:00","closes":"18:00"},{"@type":"OpeningHoursSpecification","dayOfWeek":["Tuesday","Thursday","Saturday","Sunday"],"opens":"00:00","closes":"00:00"}],"email":"office@bolting.eu","vatID":"ATU59999728","priceRange":"$$","currenciesAccepted":"Euro"},{"@type":"PostalAddress","@id":"https:\/\/bolting.eu\/en\/shop\/petzl-bolt-stainless\/#local-main-place-address","streetAddress":"Fischnalerstra\u00dfe 4","addressLocality":"Innsbruck","postalCode":"6020","addressRegion":"Tirol","addressCountry":"AT"},{"@type":"ImageObject","inLanguage":"en-US","@id":"https:\/\/bolting.eu\/en\/shop\/petzl-bolt-stainless\/#local-main-organization-logo","url":"https:\/\/bolting.eu\/wp-content\/uploads\/2019\/09\/bolting-logo.png","contentUrl":"https:\/\/bolting.eu\/wp-content\/uploads\/2019\/09\/bolting-logo.png","width":400,"height":211,"caption":"bolting.eu"}]},"og_availability":"instock","product_availability":"instock","product_condition":"new","geo.placename":"Innsbruck","geo.position":{"lat":"47.264176340396226","long":"11.380109057672346"},"geo.region":"Austria"},"_links":{"self":[{"href":"https:\/\/bolting.eu\/en\/wp-json\/wp\/v2\/product\/8966","targetHints":{"allow":["GET"]}}],"collection":[{"href":"https:\/\/bolting.eu\/en\/wp-json\/wp\/v2\/product"}],"about":[{"href":"https:\/\/bolting.eu\/en\/wp-json\/wp\/v2\/types\/product"}],"replies":[{"embeddable":true,"href":"https:\/\/bolting.eu\/en\/wp-json\/wp\/v2\/comments?post=8966"}],"wp:featuredmedia":[{"embeddable":true,"href":"https:\/\/bolting.eu\/en\/wp-json\/wp\/v2\/media\/8969"}],"wp:attachment":[{"href":"https:\/\/bolting.eu\/en\/wp-json\/wp\/v2\/media?parent=8966"}],"wp:term":[{"taxonomy":"product_brand","embeddable":true,"href":"https:\/\/bolting.eu\/en\/wp-json\/wp\/v2\/product_brand?post=8966"},{"taxonomy":"product_cat","embeddable":true,"href":"https:\/\/bolting.eu\/en\/wp-json\/wp\/v2\/product_cat?post=8966"},{"taxonomy":"product_tag","embeddable":true,"href":"https:\/\/bolting.eu\/en\/wp-json\/wp\/v2\/product_tag?post=8966"}],"curies":[{"name":"wp","href":"https:\/\/api.w.org\/{rel}","templated":true}]}}