{"id":8956,"date":"2021-07-05T12:39:14","date_gmt":"2021-07-05T10:39:14","guid":{"rendered":"https:\/\/bolting.eu\/?post_type=product&#038;p=8956"},"modified":"2025-01-10T18:24:42","modified_gmt":"2025-01-10T17:24:42","slug":"petzl-ampoule-batinox","status":"publish","type":"product","link":"https:\/\/bolting.eu\/en\/shop\/petzl-ampoule-batinox\/","title":{"rendered":"Petzl Ampoule Batinox"},"content":{"rendered":"<p>Die Petzl Ampoule Batinox sind ein 10er-Pack Glasm\u00f6rtelpatronen. Sie sind zur Installation des <a href=\"https:\/\/bolting.eu\/shop\/petzl-batinox\/\">gleichnamigen Klebehaken<\/a>\u00a0gedacht. Beachtet bitte.<\/p>\n<p>Diese M\u00f6rtelpatronen sind perfekt mit der L\u00e4nge bzw. Schaft Durchmessers des <a href=\"https:\/\/bolting.eu\/produkt-kategorie\/einbohrartikel\/klebehaken-buehlerhaken\/\">Klebehakens<\/a> abgestimmt.<\/p>\n<p>Wir empfehlen deshalb auch strikt diese Patronen zu verwenden und keine anderen.<\/p>\n<h2>Eigenschaften Ampoule Batinox<\/h2>\n<ul>\n<li>Hersteller: Fa. Spit f\u00fcr <a href=\"https:\/\/bolting.eu\/produkt-kategorie\/petzl\/\">Petzl<\/a><\/li>\n<li>10er Packung Glasm\u00f6rtelpatronen<\/li>\n<li>perfekt abgestimmt auf den <a href=\"https:\/\/bolting.eu\/shop\/petzl-batinox\/\">Petzl Batinox<\/a><\/li>\n<li>12 x 95mm<\/li>\n<li>ben\u00f6tigter Bohrloch Durchmesser: 16mm<\/li>\n<li>Gewicht: 20 Gramm (pro Patrone)<\/li>\n<li>Achtung: \u00e4tzend &#8211; Schutzbrille tragen<\/li>\n<li>Reinigung Bohrloch streng empfohlen<\/li>\n<\/ul>\n<h3>Setzanleitung<\/h3>\n<p>Im Folgenden findet ihr die Setzanleitung f\u00fcr die Ampoule Batinox.<\/p>\n<p><strong>Bitte beachtet.<\/strong> Wer einen Klebehaken mit Glasm\u00f6rtelpatronen setzt braucht viel Erfahrung. Vor allem das Setzen bei hei\u00dfen Temperaturen kann &#8211; wegen extrem kurzer Aush\u00e4rtezeit &#8211; problematisch sein.<\/p>\n<p>Wir empfehlen euch, wenn irgendwie m\u00f6glich, lieber <a href=\"https:\/\/bolting.eu\/produkt-kategorie\/einbohrartikel\/injektionsmoertel\/\">Injektionsm\u00f6rtel<\/a> zu verwenden.<\/p>\n<p>Alle Infos in unseren Beitr\u00e4gen &#8220;<a href=\"https:\/\/bolting.eu\/klebehaken-setzen\/\">Klebehaken setzen<\/a>&#8221; bzw. &#8220;<a href=\"https:\/\/bolting.eu\/kletterroute-mit-klebehaken-einrichten\/\">Kletterroute mit Klebehaken einrichten<\/a>&#8220;.<\/p>\n<p><a href=\"https:\/\/bolting.eu\/wp-content\/uploads\/2021\/07\/Installationsanleitung-Petzl-Batinox.jpg\"><img loading=\"lazy\" decoding=\"async\" class=\"alignnone size-full wp-image-8953\" src=\"https:\/\/bolting.eu\/wp-content\/uploads\/2021\/07\/Installationsanleitung-Petzl-Batinox.jpg\" alt=\"Das Bild zeigt eine Grafik zur Installation des Petzl Batinox Verbundanker mit einer Glasm\u00f6rtelpatrone.\" width=\"1024\" height=\"463\" srcset=\"https:\/\/bolting.eu\/wp-content\/uploads\/2021\/07\/Installationsanleitung-Petzl-Batinox.jpg 1024w, https:\/\/bolting.eu\/wp-content\/uploads\/2021\/07\/Installationsanleitung-Petzl-Batinox-510x231.jpg 510w, https:\/\/bolting.eu\/wp-content\/uploads\/2021\/07\/Installationsanleitung-Petzl-Batinox-800x362.jpg 800w, https:\/\/bolting.eu\/wp-content\/uploads\/2021\/07\/Installationsanleitung-Petzl-Batinox-768x347.jpg 768w, https:\/\/bolting.eu\/wp-content\/uploads\/2021\/07\/Installationsanleitung-Petzl-Batinox-600x271.jpg 600w\" sizes=\"auto, (max-width: 1024px) 100vw, 1024px\" \/><\/a><\/p>\n<p>Die Setzanleitung k\u00f6nnt ihr euch auch zur G\u00e4nze hier herunterladen: <a href=\"https:\/\/bolting.eu\/wp-content\/uploads\/2021\/07\/Technikblatt-Petzl-Collinox.pdf\" target=\"_blank\" rel=\"noopener\">Download Setzanleitung<\/a><\/p>\n<h3>Petzl Ampoule Batinox &#8211; richtig aufbewahren<\/h3>\n<p>F\u00fcr die richtige Lagerung der Glasm\u00f6rtelpatrone geben wir euch zwei Tipps. Erstens solltet ihr sie immer bei Zimmertemperatur lagern. Denn starker Frost schadet dem Kleber und er kann kaputt werden.<\/p>\n<p>Zweitens solltet ihr die Patronen direkt vor der Verwendung k\u00fchlen! Wie z.B. mit einem Cool-Pack oder einem K\u00e4lte Gel-Pad. Einfach die Schachtel umwickeln und die Patronen k\u00fchl halten.<\/p>\n<p>Somit habt ihr beim Einschlagen der Klebehaken dann viel mehr Zeit!<\/p>\n<h3>Aush\u00e4rtezeiten<\/h3>\n<p>Die Batinox Glasm\u00f6rtelpatronen haben je nach Temperatur (Eigentemperatur, Felsen, Klebehaken) ganz unterschiedliche Aush\u00e4rtezeiten.<\/p>\n<p>Bei hei\u00dfem Fels k\u00f6nnt ihr die installierten Verbundanker bereits nach 10 Minuten belasten. Hat es Frost, so dauert es ca. 5 Stunden bevor sie halten.<\/p>\n<p>D.h. ihr m\u00fcsst ggf. eure geplante Aktivit\u00e4t auf die Temperaturen abstimmen. Oder anders ausgedr\u00fcckt. Manchmal kann die Klebehaken nicht gleich belasten. Kalkuliert das mit ein!<\/p>\n<h3>Praxis Tipp &#8211; Petzl Ampoule Batinox<\/h3>\n<p>Ihr verarbeitet Klebehaken mit Glasm\u00f6rtelpatronen? Dann legt euch einen gr\u00f6\u00dferen <a href=\"https:\/\/bolting.eu\/produkt-kategorie\/einbohrartikel\/felshammer\/\">Felshammer<\/a> zu!<\/p>\n<p>Denn zum Einschlagen der Haken braucht man ordentlich &#8220;Punch&#8221;. Folglich ist ein etwas schwerer Hammer viel besser als ein kleiner! \u00a0Ideal ist ein Big Wall Hammer um die 700 Gramm wie der <a href=\"https:\/\/bolting.eu\/shop\/yosemite-hammer-black-diamond-felshammer\/\">BD Yosemite Hammer<\/a> oder <a href=\"https:\/\/bolting.eu\/shop\/edelrid-hudson\/\">Edelrid Hudson<\/a>.<\/p>\n<p>Immer noch gut sind mittelgro\u00dfe H\u00e4mmer um die 600-650 Gramm.<\/p>\n<p>Gar nicht gut geeignet sind die leichten H\u00e4mmer um die 550-600 Gramm.<\/p>\n","protected":false},"excerpt":{"rendered":"<p>12 x 95mm Glasm\u00f6rtelpatrone f\u00fcr den Petzl Batinox Klebehaken. Geliefert im 10er Pack. <strong>Bei uns permanent zum Sonderpreis!<\/strong><\/p>\n<p>Verarbeitung nur f\u00fcr Profis die genau wissen wie es geht. Wir empfehlen &#8220;Neulingen&#8221; die Installation vorab zu \u00fcben.<\/p>\n<p>Versandkostenfrei bis 2kg in <img decoding=\"async\" class=\"emoji\" role=\"img\" draggable=\"false\" src=\"https:\/\/s.w.org\/images\/core\/emoji\/14.0.0\/svg\/1f1e6-1f1f9.svg\" alt=\"\ud83c\udde6\ud83c\uddf9\" \/> ab \u20ac 100,- und <img decoding=\"async\" class=\"emoji\" role=\"img\" draggable=\"false\" src=\"https:\/\/s.w.org\/images\/core\/emoji\/14.0.0\/svg\/1f1e9-1f1ea.svg\" alt=\"\ud83c\udde9\ud83c\uddea\" \/> ab \u20ac 200,-!<\/p>\n","protected":false},"featured_media":8957,"comment_status":"open","ping_status":"closed","template":"","meta":[],"product_brand":[],"product_cat":[14750,1210,14513,59,14093],"product_tag":[],"class_list":{"0":"post-8956","1":"product","2":"type-product","3":"status-publish","4":"has-post-thumbnail","6":"product_cat-anschlagmittel","7":"product_cat-einbohrartikel","8":"product_cat-industriekletter-ausruestung","9":"product_cat-injektionsmoertel","10":"product_cat-petzl","12":"first","13":"instock","14":"sale","15":"taxable","16":"shipping-taxable","17":"purchasable","18":"product-type-simple"},"yoast_head":"<!-- This site is optimized with the Yoast SEO Premium plugin v26.9 (Yoast SEO v26.9) - https:\/\/yoast.com\/product\/yoast-seo-premium-wordpress\/ -->\n<title>Petzl Ampoule Batinox - 10er Pack Glasm\u00f6rtelpatrone | bolting.eu<\/title>\n<meta name=\"description\" content=\"PETZL AMPOULE BATINOX Glasm\u00f6rtelpatronen beim Einbohrprofi aus Innsbruck kaufen \u2705 kostenloser Versand* \u2705 14 Tage R\u00fcckgaberecht \u2705 Co2 neutraler Versand\" \/>\n<meta name=\"robots\" content=\"index, follow, max-snippet:-1, max-image-preview:large, max-video-preview:-1\" \/>\n<link rel=\"canonical\" href=\"https:\/\/bolting.eu\/en\/shop\/petzl-ampoule-batinox\/\" \/>\n<meta property=\"og:locale\" content=\"en_US\" \/>\n<meta property=\"og:type\" content=\"article\" \/>\n<meta property=\"og:title\" content=\"Petzl Ampoule Batinox\" \/>\n<meta property=\"og:description\" content=\"PETZL AMPOULE BATINOX Glasm\u00f6rtelpatronen beim Einbohrprofi aus Innsbruck kaufen \u2705 kostenloser Versand* \u2705 14 Tage R\u00fcckgaberecht \u2705 Co2 neutraler Versand\" \/>\n<meta property=\"og:url\" content=\"https:\/\/bolting.eu\/en\/shop\/petzl-ampoule-batinox\/\" \/>\n<meta property=\"og:site_name\" content=\"bolting.eu\" \/>\n<meta property=\"article:publisher\" content=\"https:\/\/www.facebook.com\/bolting.eu\" \/>\n<meta property=\"article:modified_time\" content=\"2025-01-10T17:24:42+00:00\" \/>\n<meta property=\"og:image\" content=\"https:\/\/bolting.eu\/wp-content\/uploads\/2021\/07\/Petzl-Ampoule-Batinox-1.jpg\" \/>\n\t<meta property=\"og:image:width\" content=\"700\" \/>\n\t<meta property=\"og:image:height\" content=\"700\" \/>\n\t<meta property=\"og:image:type\" content=\"image\/jpeg\" \/>\n<meta name=\"twitter:card\" content=\"summary_large_image\" \/>\n<meta name=\"twitter:label1\" content=\"Price\" \/>\n\t<meta name=\"twitter:data1\" content=\"&euro;&nbsp;35,00\" \/>\n\t<meta name=\"twitter:label2\" content=\"Availability\" \/>\n\t<meta name=\"twitter:data2\" content=\"In stock\" \/>\n<script type=\"application\/ld+json\" class=\"yoast-schema-graph\">{\"@context\":\"https:\/\/schema.org\",\"@graph\":[{\"@type\":[\"WebPage\",\"ItemPage\"],\"@id\":\"https:\/\/bolting.eu\/en\/shop\/petzl-ampoule-batinox\/\",\"url\":\"https:\/\/bolting.eu\/en\/shop\/petzl-ampoule-batinox\/\",\"name\":\"Petzl Ampoule Batinox - 10er Pack Glasm\u00f6rtelpatrone | bolting.eu\",\"isPartOf\":{\"@id\":\"https:\/\/bolting.eu\/en\/#website\"},\"primaryImageOfPage\":{\"@id\":\"https:\/\/bolting.eu\/en\/shop\/petzl-ampoule-batinox\/#primaryimage\"},\"image\":{\"@id\":\"https:\/\/bolting.eu\/en\/shop\/petzl-ampoule-batinox\/#primaryimage\"},\"thumbnailUrl\":\"https:\/\/bolting.eu\/wp-content\/uploads\/2021\/07\/Petzl-Ampoule-Batinox-1.jpg\",\"datePublished\":\"2021-07-05T10:39:14+00:00\",\"dateModified\":\"2025-01-10T17:24:42+00:00\",\"description\":\"PETZL AMPOULE BATINOX Glasm\u00f6rtelpatronen beim Einbohrprofi aus Innsbruck kaufen \u2705 kostenloser Versand* \u2705 14 Tage R\u00fcckgaberecht \u2705 Co2 neutraler Versand\",\"breadcrumb\":{\"@id\":\"https:\/\/bolting.eu\/en\/shop\/petzl-ampoule-batinox\/#breadcrumb\"},\"inLanguage\":\"en-US\",\"potentialAction\":[{\"@type\":\"ReadAction\",\"target\":[\"https:\/\/bolting.eu\/en\/shop\/petzl-ampoule-batinox\/\"]}]},{\"@type\":\"ImageObject\",\"inLanguage\":\"en-US\",\"@id\":\"https:\/\/bolting.eu\/en\/shop\/petzl-ampoule-batinox\/#primaryimage\",\"url\":\"https:\/\/bolting.eu\/wp-content\/uploads\/2021\/07\/Petzl-Ampoule-Batinox-1.jpg\",\"contentUrl\":\"https:\/\/bolting.eu\/wp-content\/uploads\/2021\/07\/Petzl-Ampoule-Batinox-1.jpg\",\"width\":700,\"height\":700},{\"@type\":\"BreadcrumbList\",\"@id\":\"https:\/\/bolting.eu\/en\/shop\/petzl-ampoule-batinox\/#breadcrumb\",\"itemListElement\":[{\"@type\":\"ListItem\",\"position\":1,\"name\":\"Shop\",\"item\":\"https:\/\/bolting.eu\/en\/shop\/\"},{\"@type\":\"ListItem\",\"position\":2,\"name\":\"bolting products\",\"item\":\"https:\/\/bolting.eu\/en\/produkt-kategorie\/bolting-products\/\"},{\"@type\":\"ListItem\",\"position\":3,\"name\":\"injection mortar\",\"item\":\"https:\/\/bolting.eu\/en\/produkt-kategorie\/injection-mortar\/\"},{\"@type\":\"ListItem\",\"position\":4,\"name\":\"Petzl Ampoule Batinox\"}]},{\"@type\":\"WebSite\",\"@id\":\"https:\/\/bolting.eu\/en\/#website\",\"url\":\"https:\/\/bolting.eu\/en\/\",\"name\":\"bolting.eu\",\"description\":\"we make climbs happen\",\"publisher\":{\"@id\":\"https:\/\/bolting.eu\/en\/#organization\"},\"potentialAction\":[{\"@type\":\"SearchAction\",\"target\":{\"@type\":\"EntryPoint\",\"urlTemplate\":\"https:\/\/bolting.eu\/en\/?s={search_term_string}\"},\"query-input\":{\"@type\":\"PropertyValueSpecification\",\"valueRequired\":true,\"valueName\":\"search_term_string\"}}],\"inLanguage\":\"en-US\"},{\"@type\":[\"Organization\",\"Place\",\"SportingGoodsStore\"],\"@id\":\"https:\/\/bolting.eu\/en\/#organization\",\"name\":\"bolting.eu\",\"url\":\"https:\/\/bolting.eu\/en\/\",\"logo\":{\"@id\":\"https:\/\/bolting.eu\/en\/shop\/petzl-ampoule-batinox\/#local-main-organization-logo\"},\"image\":{\"@id\":\"https:\/\/bolting.eu\/en\/shop\/petzl-ampoule-batinox\/#local-main-organization-logo\"},\"sameAs\":[\"https:\/\/www.facebook.com\/bolting.eu\",\"https:\/\/www.instagram.com\/bolting.eu\/\"],\"address\":{\"@id\":\"https:\/\/bolting.eu\/en\/shop\/petzl-ampoule-batinox\/#local-main-place-address\"},\"geo\":{\"@type\":\"GeoCoordinates\",\"latitude\":\"47.264176340396226\",\"longitude\":\"11.380109057672346\"},\"telephone\":[\"+43 699 19083372\"],\"openingHoursSpecification\":[{\"@type\":\"OpeningHoursSpecification\",\"dayOfWeek\":[\"Monday\",\"Wednesday\",\"Friday\"],\"opens\":\"14:00\",\"closes\":\"18:00\"},{\"@type\":\"OpeningHoursSpecification\",\"dayOfWeek\":[\"Tuesday\",\"Thursday\",\"Saturday\",\"Sunday\"],\"opens\":\"00:00\",\"closes\":\"00:00\"}],\"email\":\"office@bolting.eu\",\"vatID\":\"ATU59999728\",\"priceRange\":\"$$\",\"currenciesAccepted\":\"Euro\"},{\"@type\":\"PostalAddress\",\"@id\":\"https:\/\/bolting.eu\/en\/shop\/petzl-ampoule-batinox\/#local-main-place-address\",\"streetAddress\":\"Fischnalerstra\u00dfe 4\",\"addressLocality\":\"Innsbruck\",\"postalCode\":\"6020\",\"addressRegion\":\"Tirol\",\"addressCountry\":\"AT\"},{\"@type\":\"ImageObject\",\"inLanguage\":\"en-US\",\"@id\":\"https:\/\/bolting.eu\/en\/shop\/petzl-ampoule-batinox\/#local-main-organization-logo\",\"url\":\"https:\/\/bolting.eu\/wp-content\/uploads\/2019\/09\/bolting-logo.png\",\"contentUrl\":\"https:\/\/bolting.eu\/wp-content\/uploads\/2019\/09\/bolting-logo.png\",\"width\":400,\"height\":211,\"caption\":\"bolting.eu\"}]}<\/script>\n<meta property=\"product:price:amount\" content=\"35.00\" \/>\n<meta property=\"product:price:currency\" content=\"EUR\" \/>\n<meta property=\"og:availability\" content=\"instock\" \/>\n<meta property=\"product:availability\" content=\"instock\" \/>\n<meta property=\"product:retailer_item_id\" content=\"G103AA00\" \/>\n<meta property=\"product:condition\" content=\"new\" \/>\n<meta name=\"geo.placename\" content=\"Innsbruck\" \/>\n<meta name=\"geo.position\" content=\"47.264176340396226;11.380109057672346\" \/>\n<meta name=\"geo.region\" content=\"Austria\" \/>\n<!-- \/ Yoast SEO Premium plugin. -->","yoast_head_json":{"title":"Petzl Ampoule Batinox - 10er Pack Glasm\u00f6rtelpatrone | bolting.eu","description":"PETZL AMPOULE BATINOX Glasm\u00f6rtelpatronen beim Einbohrprofi aus Innsbruck kaufen \u2705 kostenloser Versand* \u2705 14 Tage R\u00fcckgaberecht \u2705 Co2 neutraler Versand","robots":{"index":"index","follow":"follow","max-snippet":"max-snippet:-1","max-image-preview":"max-image-preview:large","max-video-preview":"max-video-preview:-1"},"canonical":"https:\/\/bolting.eu\/en\/shop\/petzl-ampoule-batinox\/","og_locale":"en_US","og_type":"article","og_title":"Petzl Ampoule Batinox","og_description":"PETZL AMPOULE BATINOX Glasm\u00f6rtelpatronen beim Einbohrprofi aus Innsbruck kaufen \u2705 kostenloser Versand* \u2705 14 Tage R\u00fcckgaberecht \u2705 Co2 neutraler Versand","og_url":"https:\/\/bolting.eu\/en\/shop\/petzl-ampoule-batinox\/","og_site_name":"bolting.eu","article_publisher":"https:\/\/www.facebook.com\/bolting.eu","article_modified_time":"2025-01-10T17:24:42+00:00","og_image":[{"width":700,"height":700,"url":"https:\/\/bolting.eu\/wp-content\/uploads\/2021\/07\/Petzl-Ampoule-Batinox-1.jpg","type":"image\/jpeg"}],"twitter_card":"summary_large_image","twitter_misc":{"Price":"&euro;&nbsp;35,00","Availability":"In stock"},"schema":{"@context":"https:\/\/schema.org","@graph":[{"@type":["WebPage","ItemPage"],"@id":"https:\/\/bolting.eu\/en\/shop\/petzl-ampoule-batinox\/","url":"https:\/\/bolting.eu\/en\/shop\/petzl-ampoule-batinox\/","name":"Petzl Ampoule Batinox - 10er Pack Glasm\u00f6rtelpatrone | bolting.eu","isPartOf":{"@id":"https:\/\/bolting.eu\/en\/#website"},"primaryImageOfPage":{"@id":"https:\/\/bolting.eu\/en\/shop\/petzl-ampoule-batinox\/#primaryimage"},"image":{"@id":"https:\/\/bolting.eu\/en\/shop\/petzl-ampoule-batinox\/#primaryimage"},"thumbnailUrl":"https:\/\/bolting.eu\/wp-content\/uploads\/2021\/07\/Petzl-Ampoule-Batinox-1.jpg","datePublished":"2021-07-05T10:39:14+00:00","dateModified":"2025-01-10T17:24:42+00:00","description":"PETZL AMPOULE BATINOX Glasm\u00f6rtelpatronen beim Einbohrprofi aus Innsbruck kaufen \u2705 kostenloser Versand* \u2705 14 Tage R\u00fcckgaberecht \u2705 Co2 neutraler Versand","breadcrumb":{"@id":"https:\/\/bolting.eu\/en\/shop\/petzl-ampoule-batinox\/#breadcrumb"},"inLanguage":"en-US","potentialAction":[{"@type":"ReadAction","target":["https:\/\/bolting.eu\/en\/shop\/petzl-ampoule-batinox\/"]}]},{"@type":"ImageObject","inLanguage":"en-US","@id":"https:\/\/bolting.eu\/en\/shop\/petzl-ampoule-batinox\/#primaryimage","url":"https:\/\/bolting.eu\/wp-content\/uploads\/2021\/07\/Petzl-Ampoule-Batinox-1.jpg","contentUrl":"https:\/\/bolting.eu\/wp-content\/uploads\/2021\/07\/Petzl-Ampoule-Batinox-1.jpg","width":700,"height":700},{"@type":"BreadcrumbList","@id":"https:\/\/bolting.eu\/en\/shop\/petzl-ampoule-batinox\/#breadcrumb","itemListElement":[{"@type":"ListItem","position":1,"name":"Shop","item":"https:\/\/bolting.eu\/en\/shop\/"},{"@type":"ListItem","position":2,"name":"bolting products","item":"https:\/\/bolting.eu\/en\/produkt-kategorie\/bolting-products\/"},{"@type":"ListItem","position":3,"name":"injection mortar","item":"https:\/\/bolting.eu\/en\/produkt-kategorie\/injection-mortar\/"},{"@type":"ListItem","position":4,"name":"Petzl Ampoule Batinox"}]},{"@type":"WebSite","@id":"https:\/\/bolting.eu\/en\/#website","url":"https:\/\/bolting.eu\/en\/","name":"bolting.eu","description":"we make climbs happen","publisher":{"@id":"https:\/\/bolting.eu\/en\/#organization"},"potentialAction":[{"@type":"SearchAction","target":{"@type":"EntryPoint","urlTemplate":"https:\/\/bolting.eu\/en\/?s={search_term_string}"},"query-input":{"@type":"PropertyValueSpecification","valueRequired":true,"valueName":"search_term_string"}}],"inLanguage":"en-US"},{"@type":["Organization","Place","SportingGoodsStore"],"@id":"https:\/\/bolting.eu\/en\/#organization","name":"bolting.eu","url":"https:\/\/bolting.eu\/en\/","logo":{"@id":"https:\/\/bolting.eu\/en\/shop\/petzl-ampoule-batinox\/#local-main-organization-logo"},"image":{"@id":"https:\/\/bolting.eu\/en\/shop\/petzl-ampoule-batinox\/#local-main-organization-logo"},"sameAs":["https:\/\/www.facebook.com\/bolting.eu","https:\/\/www.instagram.com\/bolting.eu\/"],"address":{"@id":"https:\/\/bolting.eu\/en\/shop\/petzl-ampoule-batinox\/#local-main-place-address"},"geo":{"@type":"GeoCoordinates","latitude":"47.264176340396226","longitude":"11.380109057672346"},"telephone":["+43 699 19083372"],"openingHoursSpecification":[{"@type":"OpeningHoursSpecification","dayOfWeek":["Monday","Wednesday","Friday"],"opens":"14:00","closes":"18:00"},{"@type":"OpeningHoursSpecification","dayOfWeek":["Tuesday","Thursday","Saturday","Sunday"],"opens":"00:00","closes":"00:00"}],"email":"office@bolting.eu","vatID":"ATU59999728","priceRange":"$$","currenciesAccepted":"Euro"},{"@type":"PostalAddress","@id":"https:\/\/bolting.eu\/en\/shop\/petzl-ampoule-batinox\/#local-main-place-address","streetAddress":"Fischnalerstra\u00dfe 4","addressLocality":"Innsbruck","postalCode":"6020","addressRegion":"Tirol","addressCountry":"AT"},{"@type":"ImageObject","inLanguage":"en-US","@id":"https:\/\/bolting.eu\/en\/shop\/petzl-ampoule-batinox\/#local-main-organization-logo","url":"https:\/\/bolting.eu\/wp-content\/uploads\/2019\/09\/bolting-logo.png","contentUrl":"https:\/\/bolting.eu\/wp-content\/uploads\/2019\/09\/bolting-logo.png","width":400,"height":211,"caption":"bolting.eu"}]},"product_price_amount":"35.00","product_price_currency":"EUR","og_availability":"instock","product_availability":"instock","product_retailer_item_id":"G103AA00","product_condition":"new","geo.placename":"Innsbruck","geo.position":{"lat":"47.264176340396226","long":"11.380109057672346"},"geo.region":"Austria"},"_links":{"self":[{"href":"https:\/\/bolting.eu\/en\/wp-json\/wp\/v2\/product\/8956","targetHints":{"allow":["GET"]}}],"collection":[{"href":"https:\/\/bolting.eu\/en\/wp-json\/wp\/v2\/product"}],"about":[{"href":"https:\/\/bolting.eu\/en\/wp-json\/wp\/v2\/types\/product"}],"replies":[{"embeddable":true,"href":"https:\/\/bolting.eu\/en\/wp-json\/wp\/v2\/comments?post=8956"}],"wp:featuredmedia":[{"embeddable":true,"href":"https:\/\/bolting.eu\/en\/wp-json\/wp\/v2\/media\/8957"}],"wp:attachment":[{"href":"https:\/\/bolting.eu\/en\/wp-json\/wp\/v2\/media?parent=8956"}],"wp:term":[{"taxonomy":"product_brand","embeddable":true,"href":"https:\/\/bolting.eu\/en\/wp-json\/wp\/v2\/product_brand?post=8956"},{"taxonomy":"product_cat","embeddable":true,"href":"https:\/\/bolting.eu\/en\/wp-json\/wp\/v2\/product_cat?post=8956"},{"taxonomy":"product_tag","embeddable":true,"href":"https:\/\/bolting.eu\/en\/wp-json\/wp\/v2\/product_tag?post=8956"}],"curies":[{"name":"wp","href":"https:\/\/api.w.org\/{rel}","templated":true}]}}