{"id":8951,"date":"2021-07-05T12:34:51","date_gmt":"2021-07-05T10:34:51","guid":{"rendered":"https:\/\/bolting.eu\/?post_type=product&#038;p=8951"},"modified":"2025-08-20T10:00:04","modified_gmt":"2025-08-20T08:00:04","slug":"petzl-batinox","status":"publish","type":"product","link":"https:\/\/bolting.eu\/en\/shop\/petzl-batinox\/","title":{"rendered":"Petzl Batinox"},"content":{"rendered":"<p>Der Petzl Batinox ist ein extrem starker <a href=\"https:\/\/bolting.eu\/produkt-kategorie\/einbohrartikel\/klebehaken-buehlerhaken\/\">Klebehaken<\/a>. Denn er besteht zum einen aus gleich 14mm starken Edelstahl. Und zum anderen hat er eine Einbindetiefe von 100mm. Festen Felsuntergrund vorausgesetzt also der ideale Verbundanker f\u00fcr gro\u00dfe Lasten.<\/p>\n<p>Dieser Klebehaken hat aber zudem auch noch weitere wichtige Features. Erstens hat er nat\u00fcrlich die <a href=\"https:\/\/bolting.eu\/en-959-uiaa-123-bohrhaken-norm\/\">EN 959 Norm<\/a>. D.h. er kann \u00fcberall verwendet werden, wo normgerechtes Arbeiten wichtig ist.<\/p>\n<p>Zweitens ist seine Karabiner\u00f6se sehr gro\u00df und D-f\u00f6rmig. Somit passen hier zwei Karabiner und ein Seil hinein bzw. auch gr\u00f6\u00dfere Verbindungsmittel. Wie z.B. sehr gro\u00dfe <a href=\"https:\/\/bolting.eu\/produkt-kategorie\/kletterausruestung\/kletterkarabiner\/stahlkarabiner\/\">Stahlkarabiner<\/a>.<\/p>\n<p>Drittens besteht dieser Verbundanker aus AISI 316L Edelstahl. Folglich ist er sehr korrosionsbest\u00e4ndig und hat im Alpenraum eine Lebensdauer von 50+ Jahren.<\/p>\n<p>Fazit. Dieser Klebehaken ist etwas f\u00fcr schwere Lasten. Flying Foxes, kleine Seilbr\u00fccken und hoch frequente Abseilstellen wie z.b. beim Canyoning oder in H\u00f6hlen lassen sich perfekt damit absichern.<\/p>\n<h2>Eigenschaften Batinox Klebehaken<\/h2>\n<ul>\n<li>Hersteller: <a href=\"https:\/\/bolting.eu\/produkt-kategorie\/petzl\/\">Petzl<\/a><\/li>\n<li><strong>erh\u00e4ltlich einzeln oder im 10er Pack mit gratis Glasm\u00f6rtelpatronen<\/strong><\/li>\n<li>Material: AISI 316L Edelstahl<\/li>\n<li>L\u00e4nge: 14,5cm bzw. 10cm Schaftl\u00e4nge<\/li>\n<li>Durchmesser: 14mm<\/li>\n<li>Gewicht: 250 Gramm<\/li>\n<li>D-f\u00f6rmige Karabiner\u00f6se<\/li>\n<li>EN 959 Norm<\/li>\n<li>ben\u00f6tigter Bohrloch Durchmesser 16mm<\/li>\n<li>strikt empfohlene Glasm\u00f6rtelpatrone: <strong><a href=\"https:\/\/bolting.eu\/shop\/petzl-ampoule-batinox\/\">Ampoule Batinox<\/a> &#8211; bei uns permanent zum Sonderpreis!<\/strong><\/li>\n<li>empfohlener Injektionsm\u00f6rtel: <a href=\"https:\/\/bolting.eu\/shop\/injektionsmoertel-fischer-fis-ab-360-s\/\">Fischer FIS AB 360S<\/a> oder <a href=\"https:\/\/bolting.eu\/shop\/injetionsmoertel-fischer-fis-ab-300-t\/\">FIS AB 300T<\/a><\/li>\n<\/ul>\n<h3>Einsatzbereich 14mm Verbundanker<\/h3>\n<p>Der Petzl Batinox Verbundanker hat eine Materialst\u00e4rke von 14mm. D.h. er ist ein extrem stark dimensionierter Klebehaken. Folglich ist er f\u00fcr sehr gro\u00dfe Lasten bzw. hochfrequente Abseilstellen gedacht.<\/p>\n<p>Somit ergeben sich die folgenden Anwendungsbereiche:<\/p>\n<ul>\n<li>hochfrequente Abseilstellen (kein Erm\u00fcdungsbruch!)<\/li>\n<li>Abseilstellen \/ St\u00e4nde f\u00fcr das Canyoning<\/li>\n<li>Flying Fox Verankerungen<\/li>\n<li>Befestigung von Lasten wie z.B. Seilbr\u00fccken, Seile von Gipfelkreuzen,&#8230;<\/li>\n<li>H\u00f6henarbeiten<\/li>\n<li>Highlines bzw. Slacklines<\/li>\n<\/ul>\n<h3>Installation Petz Batinox &#8211; Injektionsm\u00f6rtel<\/h3>\n<p>Dieser Verbundanker l\u00e4sst sich sowohl mit Glasm\u00f6rtelpatronen als auch mit <a href=\"https:\/\/bolting.eu\/produkt-kategorie\/einbohrartikel\/injektionsmoertel\/\">Injektionsm\u00f6rtel<\/a> installieren.<\/p>\n<p>Allerdings raten wir nur erfahrenen Erschlie\u00dfern die Verarbeitung mit den M\u00f6rtelpatronen. Denn deren Verwendung braucht viel Erfahrung und einen extrem raschen und sicheren Arbeitsvorgang.<\/p>\n<p>Lest euch am besten dazu unsere Beitr\u00e4ge &#8220;<a href=\"https:\/\/bolting.eu\/klebehaken-setzen\/\">Klebehaken setzen<\/a>&#8221; bzw. &#8220;<a href=\"https:\/\/bolting.eu\/kletterroute-mit-klebehaken-einrichten\/\">Kletterroute mit Klebehaken einrichten<\/a>&#8221; durch.<\/p>\n<p>Wenn m\u00f6glich, verwendet immer Injektionsm\u00f6rtel.<\/p>\n<p><a href=\"https:\/\/bolting.eu\/wp-content\/uploads\/2021\/07\/Installationsanleitung-Petzl-Batinox.jpg\"><img loading=\"lazy\" decoding=\"async\" class=\"alignnone size-full wp-image-8953\" src=\"https:\/\/bolting.eu\/wp-content\/uploads\/2021\/07\/Installationsanleitung-Petzl-Batinox.jpg\" alt=\"\" width=\"1024\" height=\"463\" srcset=\"https:\/\/bolting.eu\/wp-content\/uploads\/2021\/07\/Installationsanleitung-Petzl-Batinox.jpg 1024w, https:\/\/bolting.eu\/wp-content\/uploads\/2021\/07\/Installationsanleitung-Petzl-Batinox-510x231.jpg 510w, https:\/\/bolting.eu\/wp-content\/uploads\/2021\/07\/Installationsanleitung-Petzl-Batinox-800x362.jpg 800w, https:\/\/bolting.eu\/wp-content\/uploads\/2021\/07\/Installationsanleitung-Petzl-Batinox-768x347.jpg 768w, https:\/\/bolting.eu\/wp-content\/uploads\/2021\/07\/Installationsanleitung-Petzl-Batinox-600x271.jpg 600w\" sizes=\"auto, (max-width: 1024px) 100vw, 1024px\" \/><\/a><\/p>\n<p>&nbsp;<\/p>\n<p>&nbsp;<\/p>\n<h3>Installation mit Glasm\u00f6rtelpatronen<\/h3>\n<p>Der Batinox Klebehaken kann auch mit Glasm\u00f6rtelpatronen gesetzt werden.<\/p>\n<p>Allerdings raten wir nur erfahrenen und ge\u00fcbten Erschlie\u00dfern dazu. Denn das ist recht tricky, besonders bei hohen Temperaturen.<\/p>\n<p>Denn hier kann der Kleber so rasch aush\u00e4rten, dass man den Klebehaken nicht mehr zur G\u00e4nze einschlagen kann.<\/p>\n<p><strong>Deswegen solltet ihr das vorab unbedingt \u00fcben.<\/strong> Zudem empfehlen wir euch einen schweren Felshammer wie den BD Yosemite oder <a href=\"https:\/\/bolting.eu\/shop\/edelrid-hudson\/\">Edelrid Hudson<\/a>.<\/p>\n<p>Weiters solltet ihr die Patronen k\u00fchlen. Ja genau. K-\u00dc-H-L-E-N! Mit einem K\u00fchl Gel-Pad oder einem Cool-Pack im Rucksack bis ganz kurz vor der Verarbeitung. So vermeidet ihr ein umgehendes Aush\u00e4rten!<\/p>\n<p><a href=\"https:\/\/bolting.eu\/wp-content\/uploads\/2021\/07\/Setzanleitung-Petzl-Batinox-Verbundanker.jpg\"><img loading=\"lazy\" decoding=\"async\" class=\"alignnone size-full wp-image-8952\" src=\"https:\/\/bolting.eu\/wp-content\/uploads\/2021\/07\/Setzanleitung-Petzl-Batinox-Verbundanker.jpg\" alt=\"\" width=\"1024\" height=\"626\" srcset=\"https:\/\/bolting.eu\/wp-content\/uploads\/2021\/07\/Setzanleitung-Petzl-Batinox-Verbundanker.jpg 1024w, https:\/\/bolting.eu\/wp-content\/uploads\/2021\/07\/Setzanleitung-Petzl-Batinox-Verbundanker-510x312.jpg 510w, https:\/\/bolting.eu\/wp-content\/uploads\/2021\/07\/Setzanleitung-Petzl-Batinox-Verbundanker-654x400.jpg 654w, https:\/\/bolting.eu\/wp-content\/uploads\/2021\/07\/Setzanleitung-Petzl-Batinox-Verbundanker-768x470.jpg 768w, https:\/\/bolting.eu\/wp-content\/uploads\/2021\/07\/Setzanleitung-Petzl-Batinox-Verbundanker-600x367.jpg 600w\" sizes=\"auto, (max-width: 1024px) 100vw, 1024px\" \/><\/a><\/p>\n","protected":false},"excerpt":{"rendered":"<p>Petzl Klebehaken aus AISI 316L Edelstahl mit 14,5cm L\u00e4nge (Schaft 10cm) und 14mm St\u00e4rke.\u00a0Ideal f\u00fcr schwerste Lasten.<\/p>\n<p>Erh\u00e4ltlich einzeln oder im <strong>10er Pack mit gratis Glasm\u00f6rtelpatronen<\/strong><\/p>\n<p>Versandkostenfrei bis 2kg in <img decoding=\"async\" class=\"emoji\" role=\"img\" draggable=\"false\" src=\"https:\/\/s.w.org\/images\/core\/emoji\/14.0.0\/svg\/1f1e6-1f1f9.svg\" alt=\"\ud83c\udde6\ud83c\uddf9\" \/> ab \u20ac 100,- und <img decoding=\"async\" class=\"emoji\" role=\"img\" draggable=\"false\" src=\"https:\/\/s.w.org\/images\/core\/emoji\/14.0.0\/svg\/1f1e9-1f1ea.svg\" alt=\"\ud83c\udde9\ud83c\uddea\" \/> ab \u20ac 200,-!<\/p>\n","protected":false},"featured_media":20583,"comment_status":"open","ping_status":"closed","template":"","meta":[],"product_brand":[],"product_cat":[14750,1210,14513,45,14093],"product_tag":[],"class_list":{"0":"post-8951","1":"product","2":"type-product","3":"status-publish","4":"has-post-thumbnail","6":"product_cat-anschlagmittel","7":"product_cat-einbohrartikel","8":"product_cat-industriekletter-ausruestung","9":"product_cat-klebehaken-buehlerhaken","10":"product_cat-petzl","12":"first","13":"instock","14":"sale","15":"taxable","16":"shipping-taxable","17":"purchasable","18":"product-type-variable"},"yoast_head":"<!-- This site is optimized with the Yoast SEO Premium plugin v26.9 (Yoast SEO v26.9) - https:\/\/yoast.com\/product\/yoast-seo-premium-wordpress\/ -->\n<title>Petzl Batinox Verbundanker - 14 x 100mm AISI 316L | bolting.eu<\/title>\n<meta name=\"description\" content=\"PETZL BATINOX Klebehaken beim Einbohrprofi kaufen \u2705 Trusted Shop \u2705 kostenloser Versand* \u2705 14 Tage R\u00fcckgaberecht \u2705 Co2 neutraler Versand\" \/>\n<meta name=\"robots\" content=\"index, follow, max-snippet:-1, max-image-preview:large, max-video-preview:-1\" \/>\n<link rel=\"canonical\" href=\"https:\/\/bolting.eu\/en\/shop\/petzl-batinox\/\" \/>\n<meta property=\"og:locale\" content=\"en_US\" \/>\n<meta property=\"og:type\" content=\"article\" \/>\n<meta property=\"og:title\" content=\"Petzl Batinox\" \/>\n<meta property=\"og:description\" content=\"PETZL BATINOX Klebehaken beim Einbohrprofi kaufen \u2705 Trusted Shop \u2705 kostenloser Versand* \u2705 14 Tage R\u00fcckgaberecht \u2705 Co2 neutraler Versand\" \/>\n<meta property=\"og:url\" content=\"https:\/\/bolting.eu\/en\/shop\/petzl-batinox\/\" \/>\n<meta property=\"og:site_name\" content=\"bolting.eu\" \/>\n<meta property=\"article:publisher\" content=\"https:\/\/www.facebook.com\/bolting.eu\" \/>\n<meta property=\"article:modified_time\" content=\"2025-08-20T08:00:04+00:00\" \/>\n<meta property=\"og:image\" content=\"https:\/\/bolting.eu\/wp-content\/uploads\/2021\/07\/Petzl-Batinox-Klebehaken.jpg\" \/>\n\t<meta property=\"og:image:width\" content=\"700\" \/>\n\t<meta property=\"og:image:height\" content=\"700\" \/>\n\t<meta property=\"og:image:type\" content=\"image\/jpeg\" \/>\n<meta name=\"twitter:card\" content=\"summary_large_image\" \/>\n<meta name=\"twitter:label1\" content=\"Availability\" \/>\n\t<meta name=\"twitter:data1\" content=\"In stock\" \/>\n<script type=\"application\/ld+json\" class=\"yoast-schema-graph\">{\"@context\":\"https:\/\/schema.org\",\"@graph\":[{\"@type\":[\"WebPage\",\"ItemPage\"],\"@id\":\"https:\/\/bolting.eu\/en\/shop\/petzl-batinox\/\",\"url\":\"https:\/\/bolting.eu\/en\/shop\/petzl-batinox\/\",\"name\":\"Petzl Batinox Verbundanker - 14 x 100mm AISI 316L | bolting.eu\",\"isPartOf\":{\"@id\":\"https:\/\/bolting.eu\/en\/#website\"},\"primaryImageOfPage\":{\"@id\":\"https:\/\/bolting.eu\/en\/shop\/petzl-batinox\/#primaryimage\"},\"image\":{\"@id\":\"https:\/\/bolting.eu\/en\/shop\/petzl-batinox\/#primaryimage\"},\"thumbnailUrl\":\"https:\/\/bolting.eu\/wp-content\/uploads\/2021\/07\/Petzl-Batinox-Klebehaken.jpg\",\"datePublished\":\"2021-07-05T10:34:51+00:00\",\"dateModified\":\"2025-08-20T08:00:04+00:00\",\"description\":\"PETZL BATINOX Klebehaken beim Einbohrprofi kaufen \u2705 Trusted Shop \u2705 kostenloser Versand* \u2705 14 Tage R\u00fcckgaberecht \u2705 Co2 neutraler Versand\",\"breadcrumb\":{\"@id\":\"https:\/\/bolting.eu\/en\/shop\/petzl-batinox\/#breadcrumb\"},\"inLanguage\":\"en-US\",\"potentialAction\":[{\"@type\":\"ReadAction\",\"target\":[\"https:\/\/bolting.eu\/en\/shop\/petzl-batinox\/\"]}]},{\"@type\":\"ImageObject\",\"inLanguage\":\"en-US\",\"@id\":\"https:\/\/bolting.eu\/en\/shop\/petzl-batinox\/#primaryimage\",\"url\":\"https:\/\/bolting.eu\/wp-content\/uploads\/2021\/07\/Petzl-Batinox-Klebehaken.jpg\",\"contentUrl\":\"https:\/\/bolting.eu\/wp-content\/uploads\/2021\/07\/Petzl-Batinox-Klebehaken.jpg\",\"width\":700,\"height\":700,\"caption\":\"Silberner Petzl Batinox Klebehaken waagrecht im Bild mit \u00d6se links und buntem bolting.eu Logo rechts oben.\"},{\"@type\":\"BreadcrumbList\",\"@id\":\"https:\/\/bolting.eu\/en\/shop\/petzl-batinox\/#breadcrumb\",\"itemListElement\":[{\"@type\":\"ListItem\",\"position\":1,\"name\":\"Shop\",\"item\":\"https:\/\/bolting.eu\/en\/shop\/\"},{\"@type\":\"ListItem\",\"position\":2,\"name\":\"bolting products\",\"item\":\"https:\/\/bolting.eu\/en\/produkt-kategorie\/bolting-products\/\"},{\"@type\":\"ListItem\",\"position\":3,\"name\":\"glue in bolts\",\"item\":\"https:\/\/bolting.eu\/en\/produkt-kategorie\/glue-in-bolts\/\"},{\"@type\":\"ListItem\",\"position\":4,\"name\":\"Petzl Batinox\"}]},{\"@type\":\"WebSite\",\"@id\":\"https:\/\/bolting.eu\/en\/#website\",\"url\":\"https:\/\/bolting.eu\/en\/\",\"name\":\"bolting.eu\",\"description\":\"we make climbs happen\",\"publisher\":{\"@id\":\"https:\/\/bolting.eu\/en\/#organization\"},\"potentialAction\":[{\"@type\":\"SearchAction\",\"target\":{\"@type\":\"EntryPoint\",\"urlTemplate\":\"https:\/\/bolting.eu\/en\/?s={search_term_string}\"},\"query-input\":{\"@type\":\"PropertyValueSpecification\",\"valueRequired\":true,\"valueName\":\"search_term_string\"}}],\"inLanguage\":\"en-US\"},{\"@type\":[\"Organization\",\"Place\",\"SportingGoodsStore\"],\"@id\":\"https:\/\/bolting.eu\/en\/#organization\",\"name\":\"bolting.eu\",\"url\":\"https:\/\/bolting.eu\/en\/\",\"logo\":{\"@id\":\"https:\/\/bolting.eu\/en\/shop\/petzl-batinox\/#local-main-organization-logo\"},\"image\":{\"@id\":\"https:\/\/bolting.eu\/en\/shop\/petzl-batinox\/#local-main-organization-logo\"},\"sameAs\":[\"https:\/\/www.facebook.com\/bolting.eu\",\"https:\/\/www.instagram.com\/bolting.eu\/\"],\"address\":{\"@id\":\"https:\/\/bolting.eu\/en\/shop\/petzl-batinox\/#local-main-place-address\"},\"geo\":{\"@type\":\"GeoCoordinates\",\"latitude\":\"47.264176340396226\",\"longitude\":\"11.380109057672346\"},\"telephone\":[\"+43 699 19083372\"],\"openingHoursSpecification\":[{\"@type\":\"OpeningHoursSpecification\",\"dayOfWeek\":[\"Monday\",\"Wednesday\",\"Friday\"],\"opens\":\"14:00\",\"closes\":\"18:00\"},{\"@type\":\"OpeningHoursSpecification\",\"dayOfWeek\":[\"Tuesday\",\"Thursday\",\"Saturday\",\"Sunday\"],\"opens\":\"00:00\",\"closes\":\"00:00\"}],\"email\":\"office@bolting.eu\",\"vatID\":\"ATU59999728\",\"priceRange\":\"$$\",\"currenciesAccepted\":\"Euro\"},{\"@type\":\"PostalAddress\",\"@id\":\"https:\/\/bolting.eu\/en\/shop\/petzl-batinox\/#local-main-place-address\",\"streetAddress\":\"Fischnalerstra\u00dfe 4\",\"addressLocality\":\"Innsbruck\",\"postalCode\":\"6020\",\"addressRegion\":\"Tirol\",\"addressCountry\":\"AT\"},{\"@type\":\"ImageObject\",\"inLanguage\":\"en-US\",\"@id\":\"https:\/\/bolting.eu\/en\/shop\/petzl-batinox\/#local-main-organization-logo\",\"url\":\"https:\/\/bolting.eu\/wp-content\/uploads\/2019\/09\/bolting-logo.png\",\"contentUrl\":\"https:\/\/bolting.eu\/wp-content\/uploads\/2019\/09\/bolting-logo.png\",\"width\":400,\"height\":211,\"caption\":\"bolting.eu\"}]}<\/script>\n<meta property=\"og:availability\" content=\"instock\" \/>\n<meta property=\"product:availability\" content=\"instock\" \/>\n<meta property=\"product:retailer_item_id\" content=\"G102AA00\" \/>\n<meta property=\"product:condition\" content=\"new\" \/>\n<meta name=\"geo.placename\" content=\"Innsbruck\" \/>\n<meta name=\"geo.position\" content=\"47.264176340396226;11.380109057672346\" \/>\n<meta name=\"geo.region\" content=\"Austria\" \/>\n<!-- \/ Yoast SEO Premium plugin. -->","yoast_head_json":{"title":"Petzl Batinox Verbundanker - 14 x 100mm AISI 316L | bolting.eu","description":"PETZL BATINOX Klebehaken beim Einbohrprofi kaufen \u2705 Trusted Shop \u2705 kostenloser Versand* \u2705 14 Tage R\u00fcckgaberecht \u2705 Co2 neutraler Versand","robots":{"index":"index","follow":"follow","max-snippet":"max-snippet:-1","max-image-preview":"max-image-preview:large","max-video-preview":"max-video-preview:-1"},"canonical":"https:\/\/bolting.eu\/en\/shop\/petzl-batinox\/","og_locale":"en_US","og_type":"article","og_title":"Petzl Batinox","og_description":"PETZL BATINOX Klebehaken beim Einbohrprofi kaufen \u2705 Trusted Shop \u2705 kostenloser Versand* \u2705 14 Tage R\u00fcckgaberecht \u2705 Co2 neutraler Versand","og_url":"https:\/\/bolting.eu\/en\/shop\/petzl-batinox\/","og_site_name":"bolting.eu","article_publisher":"https:\/\/www.facebook.com\/bolting.eu","article_modified_time":"2025-08-20T08:00:04+00:00","og_image":[{"width":700,"height":700,"url":"https:\/\/bolting.eu\/wp-content\/uploads\/2021\/07\/Petzl-Batinox-Klebehaken.jpg","type":"image\/jpeg"}],"twitter_card":"summary_large_image","twitter_misc":{"Availability":"In stock"},"schema":{"@context":"https:\/\/schema.org","@graph":[{"@type":["WebPage","ItemPage"],"@id":"https:\/\/bolting.eu\/en\/shop\/petzl-batinox\/","url":"https:\/\/bolting.eu\/en\/shop\/petzl-batinox\/","name":"Petzl Batinox Verbundanker - 14 x 100mm AISI 316L | bolting.eu","isPartOf":{"@id":"https:\/\/bolting.eu\/en\/#website"},"primaryImageOfPage":{"@id":"https:\/\/bolting.eu\/en\/shop\/petzl-batinox\/#primaryimage"},"image":{"@id":"https:\/\/bolting.eu\/en\/shop\/petzl-batinox\/#primaryimage"},"thumbnailUrl":"https:\/\/bolting.eu\/wp-content\/uploads\/2021\/07\/Petzl-Batinox-Klebehaken.jpg","datePublished":"2021-07-05T10:34:51+00:00","dateModified":"2025-08-20T08:00:04+00:00","description":"PETZL BATINOX Klebehaken beim Einbohrprofi kaufen \u2705 Trusted Shop \u2705 kostenloser Versand* \u2705 14 Tage R\u00fcckgaberecht \u2705 Co2 neutraler Versand","breadcrumb":{"@id":"https:\/\/bolting.eu\/en\/shop\/petzl-batinox\/#breadcrumb"},"inLanguage":"en-US","potentialAction":[{"@type":"ReadAction","target":["https:\/\/bolting.eu\/en\/shop\/petzl-batinox\/"]}]},{"@type":"ImageObject","inLanguage":"en-US","@id":"https:\/\/bolting.eu\/en\/shop\/petzl-batinox\/#primaryimage","url":"https:\/\/bolting.eu\/wp-content\/uploads\/2021\/07\/Petzl-Batinox-Klebehaken.jpg","contentUrl":"https:\/\/bolting.eu\/wp-content\/uploads\/2021\/07\/Petzl-Batinox-Klebehaken.jpg","width":700,"height":700,"caption":"Silberner Petzl Batinox Klebehaken waagrecht im Bild mit \u00d6se links und buntem bolting.eu Logo rechts oben."},{"@type":"BreadcrumbList","@id":"https:\/\/bolting.eu\/en\/shop\/petzl-batinox\/#breadcrumb","itemListElement":[{"@type":"ListItem","position":1,"name":"Shop","item":"https:\/\/bolting.eu\/en\/shop\/"},{"@type":"ListItem","position":2,"name":"bolting products","item":"https:\/\/bolting.eu\/en\/produkt-kategorie\/bolting-products\/"},{"@type":"ListItem","position":3,"name":"glue in bolts","item":"https:\/\/bolting.eu\/en\/produkt-kategorie\/glue-in-bolts\/"},{"@type":"ListItem","position":4,"name":"Petzl Batinox"}]},{"@type":"WebSite","@id":"https:\/\/bolting.eu\/en\/#website","url":"https:\/\/bolting.eu\/en\/","name":"bolting.eu","description":"we make climbs happen","publisher":{"@id":"https:\/\/bolting.eu\/en\/#organization"},"potentialAction":[{"@type":"SearchAction","target":{"@type":"EntryPoint","urlTemplate":"https:\/\/bolting.eu\/en\/?s={search_term_string}"},"query-input":{"@type":"PropertyValueSpecification","valueRequired":true,"valueName":"search_term_string"}}],"inLanguage":"en-US"},{"@type":["Organization","Place","SportingGoodsStore"],"@id":"https:\/\/bolting.eu\/en\/#organization","name":"bolting.eu","url":"https:\/\/bolting.eu\/en\/","logo":{"@id":"https:\/\/bolting.eu\/en\/shop\/petzl-batinox\/#local-main-organization-logo"},"image":{"@id":"https:\/\/bolting.eu\/en\/shop\/petzl-batinox\/#local-main-organization-logo"},"sameAs":["https:\/\/www.facebook.com\/bolting.eu","https:\/\/www.instagram.com\/bolting.eu\/"],"address":{"@id":"https:\/\/bolting.eu\/en\/shop\/petzl-batinox\/#local-main-place-address"},"geo":{"@type":"GeoCoordinates","latitude":"47.264176340396226","longitude":"11.380109057672346"},"telephone":["+43 699 19083372"],"openingHoursSpecification":[{"@type":"OpeningHoursSpecification","dayOfWeek":["Monday","Wednesday","Friday"],"opens":"14:00","closes":"18:00"},{"@type":"OpeningHoursSpecification","dayOfWeek":["Tuesday","Thursday","Saturday","Sunday"],"opens":"00:00","closes":"00:00"}],"email":"office@bolting.eu","vatID":"ATU59999728","priceRange":"$$","currenciesAccepted":"Euro"},{"@type":"PostalAddress","@id":"https:\/\/bolting.eu\/en\/shop\/petzl-batinox\/#local-main-place-address","streetAddress":"Fischnalerstra\u00dfe 4","addressLocality":"Innsbruck","postalCode":"6020","addressRegion":"Tirol","addressCountry":"AT"},{"@type":"ImageObject","inLanguage":"en-US","@id":"https:\/\/bolting.eu\/en\/shop\/petzl-batinox\/#local-main-organization-logo","url":"https:\/\/bolting.eu\/wp-content\/uploads\/2019\/09\/bolting-logo.png","contentUrl":"https:\/\/bolting.eu\/wp-content\/uploads\/2019\/09\/bolting-logo.png","width":400,"height":211,"caption":"bolting.eu"}]},"og_availability":"instock","product_availability":"instock","product_retailer_item_id":"G102AA00","product_condition":"new","geo.placename":"Innsbruck","geo.position":{"lat":"47.264176340396226","long":"11.380109057672346"},"geo.region":"Austria"},"_links":{"self":[{"href":"https:\/\/bolting.eu\/en\/wp-json\/wp\/v2\/product\/8951","targetHints":{"allow":["GET"]}}],"collection":[{"href":"https:\/\/bolting.eu\/en\/wp-json\/wp\/v2\/product"}],"about":[{"href":"https:\/\/bolting.eu\/en\/wp-json\/wp\/v2\/types\/product"}],"replies":[{"embeddable":true,"href":"https:\/\/bolting.eu\/en\/wp-json\/wp\/v2\/comments?post=8951"}],"wp:featuredmedia":[{"embeddable":true,"href":"https:\/\/bolting.eu\/en\/wp-json\/wp\/v2\/media\/20583"}],"wp:attachment":[{"href":"https:\/\/bolting.eu\/en\/wp-json\/wp\/v2\/media?parent=8951"}],"wp:term":[{"taxonomy":"product_brand","embeddable":true,"href":"https:\/\/bolting.eu\/en\/wp-json\/wp\/v2\/product_brand?post=8951"},{"taxonomy":"product_cat","embeddable":true,"href":"https:\/\/bolting.eu\/en\/wp-json\/wp\/v2\/product_cat?post=8951"},{"taxonomy":"product_tag","embeddable":true,"href":"https:\/\/bolting.eu\/en\/wp-json\/wp\/v2\/product_tag?post=8951"}],"curies":[{"name":"wp","href":"https:\/\/api.w.org\/{rel}","templated":true}]}}