{"id":8930,"date":"2021-07-05T09:01:13","date_gmt":"2021-07-05T07:01:13","guid":{"rendered":"https:\/\/bolting.eu\/?post_type=product&#038;p=8930"},"modified":"2026-01-20T14:40:06","modified_gmt":"2026-01-20T13:40:06","slug":"petzl-collinox-verbundanker","status":"publish","type":"product","link":"https:\/\/bolting.eu\/en\/shop\/petzl-collinox-verbundanker\/","title":{"rendered":"Petzl Collinox Verbundanker"},"content":{"rendered":"<p>Der Petzl Collinox Verbundanker ist DER Klassiker unter den <a href=\"https:\/\/bolting.eu\/produkt-kategorie\/einbohrartikel\/klebehaken-buehlerhaken\/\">Klebehaken<\/a>.<\/p>\n<p>Denn dieses Produkt gibt es nun schon \u00fcber 30 Jahre. Der Grund daf\u00fcr ist ganz einfach. Der franz\u00f6sische Hardware Spezialist Petzl hat hier einfach alles richtig gemacht.<\/p>\n<p>Denn erstens besteht der Verbundanker aus hochwertigem AISI 316L Edelstahl mit <a href=\"https:\/\/bolting.eu\/en-959-uiaa-123-bohrhaken-norm\/\">EN 959 Norm<\/a>. D.h. dieses Produkt ist extrem korrosionsbest\u00e4ndig.<\/p>\n<p>Zweitens hat er eine kleine Gr\u00f6\u00dfe bzw. ein geringes Gewicht. Mit 11cm Gesamtl\u00e4nge und 95 Gramm nimmt man ihn gerne auch ins alpine Gel\u00e4nde mit.<\/p>\n<p>Drittens ist dieser Klebehaken einer der wenigen mit D-f\u00f6rmiger Karabiner\u00f6se. Eine Eigenschaft die bei vielerlei Anwendungen von Vorteil ist. Wie z.B. bei der Speleologie, bei Bergrettungseins\u00e4tzen sowie bei axialen Belastungen wie Flying Foxes.<\/p>\n<h2>Eigenschaften Collinox Verbundanker<\/h2>\n<ul>\n<li>Hersteller: <a href=\"https:\/\/bolting.eu\/produkt-kategorie\/petzl\/\">Petzl<\/a><\/li>\n<li>Material: AISI 316L Edelstahl<\/li>\n<li>L\u00e4nge: 11cm bzw. 7cm Schaftl\u00e4nge<\/li>\n<li>Durchmesser: 10mm<\/li>\n<li>Gewicht: 95 Gramm<\/li>\n<li>D-f\u00f6rmige Karabiner\u00f6se<\/li>\n<li>EN 959 Norm<\/li>\n<li>ben\u00f6tigter Bohrloch Durchmesser 12mm<\/li>\n<li>strikt empfohlene Glasm\u00f6rtelprtrone: <a href=\"https:\/\/bolting.eu\/shop\/petzl-ampoule-collinox\/\">Ampoule<\/a><\/li>\n<li>erh\u00e4ltlich <strong>einzeln<\/strong> oder im <strong>10er Pack mit gratis Glasm\u00f6rtelpatrone<\/strong><\/li>\n<li><a href=\"https:\/\/bolting.eu\/shop\/klebehaken-sds-plus-setzwerkzeug\/\">SDS Setzwerkzeug<\/a> w\u00e4rmstens empfohlen<\/li>\n<\/ul>\n<h3>Installation<\/h3>\n<p>Den Collinox Verbundanker k\u00f6nnt ihr sowohl mit <a href=\"https:\/\/bolting.eu\/produkt-kategorie\/einbohrartikel\/injektionsmoertel\/\">Injektionsm\u00f6rtel<\/a> als auch mit Glasm\u00f6rtelpatronen verarbeiten.<\/p>\n<p>Im Folgenden stellen wir Euch die beiden Installationsvorg\u00e4nge vor.<\/p>\n<p>Beachtet dabei bitte unbedingt. Wie bei allen Klebehaken ist die ordentliche Bohrlochreinigung die Grundvoraussetzung f\u00fcr einen sicheren Halt!<\/p>\n<h4><strong>Installation mit Injektionsm\u00f6rtel<\/strong><\/h4>\n<p>Wie im Bild anbei erfolgt nach dem Bohren bzw. Reinigen das Einspritzen des M\u00f6rtels. Achtet dabei genau auf das korrekte Einf\u00fcllen. D.h. zum einen mit dem Statikmischer ganz zur\u00fcck ins Loch fahren. Und zum anderen dann ein gleichm\u00e4\u00dfiges Auspressen und Anf\u00fcllen des Bohrlochs.<\/p>\n<p><strong>Die Installation mit <a href=\"https:\/\/bolting.eu\/produkt-kategorie\/einbohrartikel\/injektionsmoertel\/\">Injektionsm\u00f6rtel<\/a> ist jener mit Glasm\u00f6rtelpatronen immer vorzuziehen.<\/strong><\/p>\n<p>Mehr zu diesem Thema in unserem Beitrag &#8220;<a href=\"https:\/\/bolting.eu\/klebehaken-setzen\/\">Klebehaken Setzen<\/a>&#8221; bzw. &#8220;<a href=\"https:\/\/bolting.eu\/kletterroute-mit-klebehaken-einrichten\/\">Kletterroute mit Klebehaken einrichten<\/a>&#8220;.<\/p>\n<p><a href=\"https:\/\/bolting.eu\/wp-content\/uploads\/2021\/07\/Petzl-Collinox-Verbundanker-Installationsanleitung-1.jpg\"><img loading=\"lazy\" decoding=\"async\" class=\"alignnone size-full wp-image-8934\" src=\"https:\/\/bolting.eu\/wp-content\/uploads\/2021\/07\/Petzl-Collinox-Verbundanker-Installationsanleitung-1.jpg\" alt=\"Das Bild zeigt eine Grafik f\u00fcr die Installation eines Verbundankers mit Injektionsm\u00f6rtel.\" width=\"1024\" height=\"423\" srcset=\"https:\/\/bolting.eu\/wp-content\/uploads\/2021\/07\/Petzl-Collinox-Verbundanker-Installationsanleitung-1.jpg 1024w, https:\/\/bolting.eu\/wp-content\/uploads\/2021\/07\/Petzl-Collinox-Verbundanker-Installationsanleitung-1-510x211.jpg 510w, https:\/\/bolting.eu\/wp-content\/uploads\/2021\/07\/Petzl-Collinox-Verbundanker-Installationsanleitung-1-800x330.jpg 800w, https:\/\/bolting.eu\/wp-content\/uploads\/2021\/07\/Petzl-Collinox-Verbundanker-Installationsanleitung-1-768x317.jpg 768w, https:\/\/bolting.eu\/wp-content\/uploads\/2021\/07\/Petzl-Collinox-Verbundanker-Installationsanleitung-1-600x248.jpg 600w\" sizes=\"auto, (max-width: 1024px) 100vw, 1024px\" \/><\/a><\/p>\n<h4><strong>Installation mit Glasm\u00f6rtelpatrone<\/strong><\/h4>\n<p>Den Collinox Verbundanker von Petzl kann man wie erw\u00e4hnt auch mit einer Glasm\u00f6rtelpatrone installieren. Das macht vor allem bei einzelnen Fixpunkten Sinn.<\/p>\n<p>Hier ist die Mitnahme von wenigen Ampullen sicher effizienter. Allerdings erfordert das Setzen von Klebehaken mit Glasm\u00f6rtelpatronen viel Erfahrung. Unser Tipp: Deshalb immer vorab einmal \u00fcben!<\/p>\n<p>Zudem kann die Verwendung eines <strong>SDS Setzwerkzeuges<\/strong> die Sache stark vereinfachen. Einfach den Aufsatz auf die Bohrmaschine stecken, Klebehaken einr\u00fctteln und fertig!<\/p>\n<p><a href=\"https:\/\/bolting.eu\/wp-content\/uploads\/2021\/07\/Petzl-Collinox-Verbundanker-Installationsanleitung-Glasmoertelpatrone.jpg\"><img loading=\"lazy\" decoding=\"async\" class=\"alignnone size-full wp-image-8935\" src=\"https:\/\/bolting.eu\/wp-content\/uploads\/2021\/07\/Petzl-Collinox-Verbundanker-Installationsanleitung-Glasmoertelpatrone.jpg\" alt=\"Das Bild zeigt eine Grafik f\u00fcr die Installation des Petzl Collinox Verbundankers in mehreren Schritten.\" width=\"1024\" height=\"629\" srcset=\"https:\/\/bolting.eu\/wp-content\/uploads\/2021\/07\/Petzl-Collinox-Verbundanker-Installationsanleitung-Glasmoertelpatrone.jpg 1024w, https:\/\/bolting.eu\/wp-content\/uploads\/2021\/07\/Petzl-Collinox-Verbundanker-Installationsanleitung-Glasmoertelpatrone-510x313.jpg 510w, https:\/\/bolting.eu\/wp-content\/uploads\/2021\/07\/Petzl-Collinox-Verbundanker-Installationsanleitung-Glasmoertelpatrone-651x400.jpg 651w, https:\/\/bolting.eu\/wp-content\/uploads\/2021\/07\/Petzl-Collinox-Verbundanker-Installationsanleitung-Glasmoertelpatrone-768x472.jpg 768w, https:\/\/bolting.eu\/wp-content\/uploads\/2021\/07\/Petzl-Collinox-Verbundanker-Installationsanleitung-Glasmoertelpatrone-600x369.jpg 600w\" sizes=\"auto, (max-width: 1024px) 100vw, 1024px\" \/><\/a><\/p>\n<p>Achtet dabei vor allen auf das z\u00fcgige Einschlagen. Denn wenn es hei\u00df ist, kann euch der Kleber innerhalb weniger Minuten so aush\u00e4rten, dass ein Einschlagen unm\u00f6glich ist!<\/p>\n<h3>Petzl Collinox Verbundanker<\/h3>\n<p>Dieser Klebehaken hat eine Karabiner\u00f6se in D-Form. Folglich l\u00e4sst sich dieser Haken besonders gut in axialer Richtung belasten. D.h. hier kann sich ein Karabiner bzw. Rapidglied besonders gut in alle Richtungen Bewegen.<\/p>\n<p>Folglich ist dieses Produkt perfekt f\u00fcr Anwendungen wie z.B. Bergrettung, Flying Fox oder das Abspannen von Bauteilen.<\/p>\n","protected":false},"excerpt":{"rendered":"<p>10mm Petzl Klebehaken aus AISI 316L Edelstahl. Ideal f\u00fcr Sanierung alpiner Routen.<\/p>\n<p><strong>Erh\u00e4ltlich einzeln oder im 10er Packmit gratis Glasm\u00f6rtelprotronen!<\/strong><\/p>\n<p>Versandkostenfrei bis 2kg in <img decoding=\"async\" class=\"emoji\" role=\"img\" draggable=\"false\" src=\"https:\/\/s.w.org\/images\/core\/emoji\/14.0.0\/svg\/1f1e6-1f1f9.svg\" alt=\"\ud83c\udde6\ud83c\uddf9\" \/> ab \u20ac 100,- und <img decoding=\"async\" class=\"emoji\" role=\"img\" draggable=\"false\" src=\"https:\/\/s.w.org\/images\/core\/emoji\/14.0.0\/svg\/1f1e9-1f1ea.svg\" alt=\"\ud83c\udde9\ud83c\uddea\" \/> ab \u20ac 200,-!<\/p>\n","protected":false},"featured_media":8932,"comment_status":"open","ping_status":"closed","template":"","meta":[],"product_brand":[],"product_cat":[14513,45,14750,1210,14093],"product_tag":[],"class_list":{"0":"post-8930","1":"product","2":"type-product","3":"status-publish","4":"has-post-thumbnail","6":"product_cat-industriekletter-ausruestung","7":"product_cat-klebehaken-buehlerhaken","8":"product_cat-anschlagmittel","9":"product_cat-einbohrartikel","10":"product_cat-petzl","12":"first","13":"instock","14":"sale","15":"taxable","16":"shipping-taxable","17":"purchasable","18":"product-type-variable"},"yoast_head":"<!-- This site is optimized with the Yoast SEO Premium plugin v26.9 (Yoast SEO v26.9) - https:\/\/yoast.com\/product\/yoast-seo-premium-wordpress\/ -->\n<title>Petzl Collinox Verbundanker - 10x70mm AISI 316L | bolting.eu<\/title>\n<meta name=\"description\" content=\"PETZL COLLINOX Verbundanker - 10 x 70mm Klebehaken aus AISI 316L Edelstahl \u2705 kostenloser Versand* \u2705 14 Tage R\u00fcckgaberecht \u2705 Co2 neutraler Versand\" \/>\n<meta name=\"robots\" content=\"index, follow, max-snippet:-1, max-image-preview:large, max-video-preview:-1\" \/>\n<link rel=\"canonical\" href=\"https:\/\/bolting.eu\/en\/shop\/petzl-collinox-verbundanker\/\" \/>\n<meta property=\"og:locale\" content=\"en_US\" \/>\n<meta property=\"og:type\" content=\"article\" \/>\n<meta property=\"og:title\" content=\"Petzl Collinox Verbundanker\" \/>\n<meta property=\"og:description\" content=\"PETZL COLLINOX Verbundanker - 10 x 70mm Klebehaken aus AISI 316L Edelstahl \u2705 kostenloser Versand* \u2705 14 Tage R\u00fcckgaberecht \u2705 Co2 neutraler Versand\" \/>\n<meta property=\"og:url\" content=\"https:\/\/bolting.eu\/en\/shop\/petzl-collinox-verbundanker\/\" \/>\n<meta property=\"og:site_name\" content=\"bolting.eu\" \/>\n<meta property=\"article:publisher\" content=\"https:\/\/www.facebook.com\/bolting.eu\" \/>\n<meta property=\"article:modified_time\" content=\"2026-01-20T13:40:06+00:00\" \/>\n<meta property=\"og:image\" content=\"https:\/\/bolting.eu\/wp-content\/uploads\/2021\/07\/Petzl-Collinox-Verbundanker-1.jpg\" \/>\n\t<meta property=\"og:image:width\" content=\"700\" \/>\n\t<meta property=\"og:image:height\" content=\"700\" \/>\n\t<meta property=\"og:image:type\" content=\"image\/jpeg\" \/>\n<meta name=\"twitter:card\" content=\"summary_large_image\" \/>\n<meta name=\"twitter:label1\" content=\"Availability\" \/>\n\t<meta name=\"twitter:data1\" content=\"In stock\" \/>\n<script type=\"application\/ld+json\" class=\"yoast-schema-graph\">{\"@context\":\"https:\/\/schema.org\",\"@graph\":[{\"@type\":[\"WebPage\",\"ItemPage\"],\"@id\":\"https:\/\/bolting.eu\/en\/shop\/petzl-collinox-verbundanker\/\",\"url\":\"https:\/\/bolting.eu\/en\/shop\/petzl-collinox-verbundanker\/\",\"name\":\"Petzl Collinox Verbundanker - 10x70mm AISI 316L | bolting.eu\",\"isPartOf\":{\"@id\":\"https:\/\/bolting.eu\/en\/#website\"},\"primaryImageOfPage\":{\"@id\":\"https:\/\/bolting.eu\/en\/shop\/petzl-collinox-verbundanker\/#primaryimage\"},\"image\":{\"@id\":\"https:\/\/bolting.eu\/en\/shop\/petzl-collinox-verbundanker\/#primaryimage\"},\"thumbnailUrl\":\"https:\/\/bolting.eu\/wp-content\/uploads\/2021\/07\/Petzl-Collinox-Verbundanker-1.jpg\",\"datePublished\":\"2021-07-05T07:01:13+00:00\",\"dateModified\":\"2026-01-20T13:40:06+00:00\",\"description\":\"PETZL COLLINOX Verbundanker - 10 x 70mm Klebehaken aus AISI 316L Edelstahl \u2705 kostenloser Versand* \u2705 14 Tage R\u00fcckgaberecht \u2705 Co2 neutraler Versand\",\"breadcrumb\":{\"@id\":\"https:\/\/bolting.eu\/en\/shop\/petzl-collinox-verbundanker\/#breadcrumb\"},\"inLanguage\":\"en-US\",\"potentialAction\":[{\"@type\":\"ReadAction\",\"target\":[\"https:\/\/bolting.eu\/en\/shop\/petzl-collinox-verbundanker\/\"]}]},{\"@type\":\"ImageObject\",\"inLanguage\":\"en-US\",\"@id\":\"https:\/\/bolting.eu\/en\/shop\/petzl-collinox-verbundanker\/#primaryimage\",\"url\":\"https:\/\/bolting.eu\/wp-content\/uploads\/2021\/07\/Petzl-Collinox-Verbundanker-1.jpg\",\"contentUrl\":\"https:\/\/bolting.eu\/wp-content\/uploads\/2021\/07\/Petzl-Collinox-Verbundanker-1.jpg\",\"width\":700,\"height\":700,\"caption\":\"Das Bild zeigt den Petzl Collinox Verbundanker. Der graue Klebehaken liegt horizontal auf einem wei\u00dfem Quadrat, die Karabiner\u00f6se ist links.\"},{\"@type\":\"BreadcrumbList\",\"@id\":\"https:\/\/bolting.eu\/en\/shop\/petzl-collinox-verbundanker\/#breadcrumb\",\"itemListElement\":[{\"@type\":\"ListItem\",\"position\":1,\"name\":\"Shop\",\"item\":\"https:\/\/bolting.eu\/en\/shop\/\"},{\"@type\":\"ListItem\",\"position\":2,\"name\":\"bolting products\",\"item\":\"https:\/\/bolting.eu\/en\/produkt-kategorie\/bolting-products\/\"},{\"@type\":\"ListItem\",\"position\":3,\"name\":\"glue in bolts\",\"item\":\"https:\/\/bolting.eu\/en\/produkt-kategorie\/glue-in-bolts\/\"},{\"@type\":\"ListItem\",\"position\":4,\"name\":\"Petzl Collinox Verbundanker\"}]},{\"@type\":\"WebSite\",\"@id\":\"https:\/\/bolting.eu\/en\/#website\",\"url\":\"https:\/\/bolting.eu\/en\/\",\"name\":\"bolting.eu\",\"description\":\"we make climbs happen\",\"publisher\":{\"@id\":\"https:\/\/bolting.eu\/en\/#organization\"},\"potentialAction\":[{\"@type\":\"SearchAction\",\"target\":{\"@type\":\"EntryPoint\",\"urlTemplate\":\"https:\/\/bolting.eu\/en\/?s={search_term_string}\"},\"query-input\":{\"@type\":\"PropertyValueSpecification\",\"valueRequired\":true,\"valueName\":\"search_term_string\"}}],\"inLanguage\":\"en-US\"},{\"@type\":[\"Organization\",\"Place\",\"SportingGoodsStore\"],\"@id\":\"https:\/\/bolting.eu\/en\/#organization\",\"name\":\"bolting.eu\",\"url\":\"https:\/\/bolting.eu\/en\/\",\"logo\":{\"@id\":\"https:\/\/bolting.eu\/en\/shop\/petzl-collinox-verbundanker\/#local-main-organization-logo\"},\"image\":{\"@id\":\"https:\/\/bolting.eu\/en\/shop\/petzl-collinox-verbundanker\/#local-main-organization-logo\"},\"sameAs\":[\"https:\/\/www.facebook.com\/bolting.eu\",\"https:\/\/www.instagram.com\/bolting.eu\/\"],\"address\":{\"@id\":\"https:\/\/bolting.eu\/en\/shop\/petzl-collinox-verbundanker\/#local-main-place-address\"},\"geo\":{\"@type\":\"GeoCoordinates\",\"latitude\":\"47.264176340396226\",\"longitude\":\"11.380109057672346\"},\"telephone\":[\"+43 699 19083372\"],\"openingHoursSpecification\":[{\"@type\":\"OpeningHoursSpecification\",\"dayOfWeek\":[\"Monday\",\"Wednesday\",\"Friday\"],\"opens\":\"14:00\",\"closes\":\"18:00\"},{\"@type\":\"OpeningHoursSpecification\",\"dayOfWeek\":[\"Tuesday\",\"Thursday\",\"Saturday\",\"Sunday\"],\"opens\":\"00:00\",\"closes\":\"00:00\"}],\"email\":\"office@bolting.eu\",\"vatID\":\"ATU59999728\",\"priceRange\":\"$$\",\"currenciesAccepted\":\"Euro\"},{\"@type\":\"PostalAddress\",\"@id\":\"https:\/\/bolting.eu\/en\/shop\/petzl-collinox-verbundanker\/#local-main-place-address\",\"streetAddress\":\"Fischnalerstra\u00dfe 4\",\"addressLocality\":\"Innsbruck\",\"postalCode\":\"6020\",\"addressRegion\":\"Tirol\",\"addressCountry\":\"AT\"},{\"@type\":\"ImageObject\",\"inLanguage\":\"en-US\",\"@id\":\"https:\/\/bolting.eu\/en\/shop\/petzl-collinox-verbundanker\/#local-main-organization-logo\",\"url\":\"https:\/\/bolting.eu\/wp-content\/uploads\/2019\/09\/bolting-logo.png\",\"contentUrl\":\"https:\/\/bolting.eu\/wp-content\/uploads\/2019\/09\/bolting-logo.png\",\"width\":400,\"height\":211,\"caption\":\"bolting.eu\"}]}<\/script>\n<meta property=\"og:availability\" content=\"instock\" \/>\n<meta property=\"product:availability\" content=\"instock\" \/>\n<meta property=\"product:retailer_item_id\" content=\"G100AA00\" \/>\n<meta property=\"product:condition\" content=\"new\" \/>\n<meta name=\"geo.placename\" content=\"Innsbruck\" \/>\n<meta name=\"geo.position\" content=\"47.264176340396226;11.380109057672346\" \/>\n<meta name=\"geo.region\" content=\"Austria\" \/>\n<!-- \/ Yoast SEO Premium plugin. -->","yoast_head_json":{"title":"Petzl Collinox Verbundanker - 10x70mm AISI 316L | bolting.eu","description":"PETZL COLLINOX Verbundanker - 10 x 70mm Klebehaken aus AISI 316L Edelstahl \u2705 kostenloser Versand* \u2705 14 Tage R\u00fcckgaberecht \u2705 Co2 neutraler Versand","robots":{"index":"index","follow":"follow","max-snippet":"max-snippet:-1","max-image-preview":"max-image-preview:large","max-video-preview":"max-video-preview:-1"},"canonical":"https:\/\/bolting.eu\/en\/shop\/petzl-collinox-verbundanker\/","og_locale":"en_US","og_type":"article","og_title":"Petzl Collinox Verbundanker","og_description":"PETZL COLLINOX Verbundanker - 10 x 70mm Klebehaken aus AISI 316L Edelstahl \u2705 kostenloser Versand* \u2705 14 Tage R\u00fcckgaberecht \u2705 Co2 neutraler Versand","og_url":"https:\/\/bolting.eu\/en\/shop\/petzl-collinox-verbundanker\/","og_site_name":"bolting.eu","article_publisher":"https:\/\/www.facebook.com\/bolting.eu","article_modified_time":"2026-01-20T13:40:06+00:00","og_image":[{"width":700,"height":700,"url":"https:\/\/bolting.eu\/wp-content\/uploads\/2021\/07\/Petzl-Collinox-Verbundanker-1.jpg","type":"image\/jpeg"}],"twitter_card":"summary_large_image","twitter_misc":{"Availability":"In stock"},"schema":{"@context":"https:\/\/schema.org","@graph":[{"@type":["WebPage","ItemPage"],"@id":"https:\/\/bolting.eu\/en\/shop\/petzl-collinox-verbundanker\/","url":"https:\/\/bolting.eu\/en\/shop\/petzl-collinox-verbundanker\/","name":"Petzl Collinox Verbundanker - 10x70mm AISI 316L | bolting.eu","isPartOf":{"@id":"https:\/\/bolting.eu\/en\/#website"},"primaryImageOfPage":{"@id":"https:\/\/bolting.eu\/en\/shop\/petzl-collinox-verbundanker\/#primaryimage"},"image":{"@id":"https:\/\/bolting.eu\/en\/shop\/petzl-collinox-verbundanker\/#primaryimage"},"thumbnailUrl":"https:\/\/bolting.eu\/wp-content\/uploads\/2021\/07\/Petzl-Collinox-Verbundanker-1.jpg","datePublished":"2021-07-05T07:01:13+00:00","dateModified":"2026-01-20T13:40:06+00:00","description":"PETZL COLLINOX Verbundanker - 10 x 70mm Klebehaken aus AISI 316L Edelstahl \u2705 kostenloser Versand* \u2705 14 Tage R\u00fcckgaberecht \u2705 Co2 neutraler Versand","breadcrumb":{"@id":"https:\/\/bolting.eu\/en\/shop\/petzl-collinox-verbundanker\/#breadcrumb"},"inLanguage":"en-US","potentialAction":[{"@type":"ReadAction","target":["https:\/\/bolting.eu\/en\/shop\/petzl-collinox-verbundanker\/"]}]},{"@type":"ImageObject","inLanguage":"en-US","@id":"https:\/\/bolting.eu\/en\/shop\/petzl-collinox-verbundanker\/#primaryimage","url":"https:\/\/bolting.eu\/wp-content\/uploads\/2021\/07\/Petzl-Collinox-Verbundanker-1.jpg","contentUrl":"https:\/\/bolting.eu\/wp-content\/uploads\/2021\/07\/Petzl-Collinox-Verbundanker-1.jpg","width":700,"height":700,"caption":"Das Bild zeigt den Petzl Collinox Verbundanker. Der graue Klebehaken liegt horizontal auf einem wei\u00dfem Quadrat, die Karabiner\u00f6se ist links."},{"@type":"BreadcrumbList","@id":"https:\/\/bolting.eu\/en\/shop\/petzl-collinox-verbundanker\/#breadcrumb","itemListElement":[{"@type":"ListItem","position":1,"name":"Shop","item":"https:\/\/bolting.eu\/en\/shop\/"},{"@type":"ListItem","position":2,"name":"bolting products","item":"https:\/\/bolting.eu\/en\/produkt-kategorie\/bolting-products\/"},{"@type":"ListItem","position":3,"name":"glue in bolts","item":"https:\/\/bolting.eu\/en\/produkt-kategorie\/glue-in-bolts\/"},{"@type":"ListItem","position":4,"name":"Petzl Collinox Verbundanker"}]},{"@type":"WebSite","@id":"https:\/\/bolting.eu\/en\/#website","url":"https:\/\/bolting.eu\/en\/","name":"bolting.eu","description":"we make climbs happen","publisher":{"@id":"https:\/\/bolting.eu\/en\/#organization"},"potentialAction":[{"@type":"SearchAction","target":{"@type":"EntryPoint","urlTemplate":"https:\/\/bolting.eu\/en\/?s={search_term_string}"},"query-input":{"@type":"PropertyValueSpecification","valueRequired":true,"valueName":"search_term_string"}}],"inLanguage":"en-US"},{"@type":["Organization","Place","SportingGoodsStore"],"@id":"https:\/\/bolting.eu\/en\/#organization","name":"bolting.eu","url":"https:\/\/bolting.eu\/en\/","logo":{"@id":"https:\/\/bolting.eu\/en\/shop\/petzl-collinox-verbundanker\/#local-main-organization-logo"},"image":{"@id":"https:\/\/bolting.eu\/en\/shop\/petzl-collinox-verbundanker\/#local-main-organization-logo"},"sameAs":["https:\/\/www.facebook.com\/bolting.eu","https:\/\/www.instagram.com\/bolting.eu\/"],"address":{"@id":"https:\/\/bolting.eu\/en\/shop\/petzl-collinox-verbundanker\/#local-main-place-address"},"geo":{"@type":"GeoCoordinates","latitude":"47.264176340396226","longitude":"11.380109057672346"},"telephone":["+43 699 19083372"],"openingHoursSpecification":[{"@type":"OpeningHoursSpecification","dayOfWeek":["Monday","Wednesday","Friday"],"opens":"14:00","closes":"18:00"},{"@type":"OpeningHoursSpecification","dayOfWeek":["Tuesday","Thursday","Saturday","Sunday"],"opens":"00:00","closes":"00:00"}],"email":"office@bolting.eu","vatID":"ATU59999728","priceRange":"$$","currenciesAccepted":"Euro"},{"@type":"PostalAddress","@id":"https:\/\/bolting.eu\/en\/shop\/petzl-collinox-verbundanker\/#local-main-place-address","streetAddress":"Fischnalerstra\u00dfe 4","addressLocality":"Innsbruck","postalCode":"6020","addressRegion":"Tirol","addressCountry":"AT"},{"@type":"ImageObject","inLanguage":"en-US","@id":"https:\/\/bolting.eu\/en\/shop\/petzl-collinox-verbundanker\/#local-main-organization-logo","url":"https:\/\/bolting.eu\/wp-content\/uploads\/2019\/09\/bolting-logo.png","contentUrl":"https:\/\/bolting.eu\/wp-content\/uploads\/2019\/09\/bolting-logo.png","width":400,"height":211,"caption":"bolting.eu"}]},"og_availability":"instock","product_availability":"instock","product_retailer_item_id":"G100AA00","product_condition":"new","geo.placename":"Innsbruck","geo.position":{"lat":"47.264176340396226","long":"11.380109057672346"},"geo.region":"Austria"},"_links":{"self":[{"href":"https:\/\/bolting.eu\/en\/wp-json\/wp\/v2\/product\/8930","targetHints":{"allow":["GET"]}}],"collection":[{"href":"https:\/\/bolting.eu\/en\/wp-json\/wp\/v2\/product"}],"about":[{"href":"https:\/\/bolting.eu\/en\/wp-json\/wp\/v2\/types\/product"}],"replies":[{"embeddable":true,"href":"https:\/\/bolting.eu\/en\/wp-json\/wp\/v2\/comments?post=8930"}],"wp:featuredmedia":[{"embeddable":true,"href":"https:\/\/bolting.eu\/en\/wp-json\/wp\/v2\/media\/8932"}],"wp:attachment":[{"href":"https:\/\/bolting.eu\/en\/wp-json\/wp\/v2\/media?parent=8930"}],"wp:term":[{"taxonomy":"product_brand","embeddable":true,"href":"https:\/\/bolting.eu\/en\/wp-json\/wp\/v2\/product_brand?post=8930"},{"taxonomy":"product_cat","embeddable":true,"href":"https:\/\/bolting.eu\/en\/wp-json\/wp\/v2\/product_cat?post=8930"},{"taxonomy":"product_tag","embeddable":true,"href":"https:\/\/bolting.eu\/en\/wp-json\/wp\/v2\/product_tag?post=8930"}],"curies":[{"name":"wp","href":"https:\/\/api.w.org\/{rel}","templated":true}]}}