{"id":8701,"date":"2021-05-28T15:07:17","date_gmt":"2021-05-28T13:07:17","guid":{"rendered":"https:\/\/bolting.eu\/?post_type=product&#038;p=8701"},"modified":"2025-09-16T10:13:50","modified_gmt":"2025-09-16T08:13:50","slug":"bandschlinge-240cm-beal-dyneema-10mm","status":"publish","type":"product","link":"https:\/\/bolting.eu\/en\/shop\/bandschlinge-240cm-beal-dyneema-10mm\/","title":{"rendered":"Bandschlinge 240cm Beal Dyneema 10mm"},"content":{"rendered":"<p>Unsere Bandschlinge 240cm ist ein hochwertiges Produkt von Beal. Es wird vor allem im Bereich des Rettungswesen, von Bergf\u00fchrern und bei H\u00f6henarbeiten verwendet. Denn diese Dyneema Rundschlinge besitzt alle erforderlichen Normen f\u00fcr Alpinsportarten und H\u00f6henarbeiten.<\/p>\n<p>Zudem ergeben sich aus der L\u00e4nge mit 240cm typische Anwendungen f\u00fcr diese o.a. Zielgruppe. Wie z.B. Gletscherbergungen, alpiner Standplatzbau und das Errichten von Anschlagpunkten.<\/p>\n<p>Die Bandschlinge 240cm wird von normalen Kletterern fast nur im alpinen Bereich verwendet. Hier findet sie regelm\u00e4\u00dfig beim Standplatzbau eine Verwendung. Beispielsweise wenn drei mobile Sicherungen zu einer Ausgleichsverankerung zusammengeh\u00e4ngt werden.<\/p>\n<p>Kurzum. Ein St\u00fcck dieser Schlinge sollte man in seiner alpinen <a href=\"https:\/\/bolting.eu\/kletterausruestung\/\">Kletterausr\u00fcstung<\/a> haben. Professionisten werden diese Schlinge \u00f6fters verwenden und sie lieben!<\/p>\n<h2>Eigenschaften Bandschlinge 240cm<\/h2>\n<ul>\n<li>Hersteller: <a href=\"https:\/\/bolting.eu\/produkt-kategorie\/beal\/\">Beal<\/a><\/li>\n<li>Material: Dyneema (Polyethylen)<\/li>\n<li>Breite: 10mm<\/li>\n<li>L\u00e4nge: 240cm (Umfang 480cm)<\/li>\n<li>Bruchlast: 2200daN (kg)<\/li>\n<li>Normen:\u00a0 EN 566, EN 354, EN 795B<\/li>\n<li>Farbe: grau<\/li>\n<li>Gewicht: nur 80 Gramm<\/li>\n<li>Lagerfrist: max. 5 Jahre<\/li>\n<li>Gebrauchsfrist: 3 Jahre<\/li>\n<\/ul>\n<h3>Einsatzbereiche Bandschlinge 240cm<\/h3>\n<p>Diese Bandschlinge hat seinen Einsatzbereich vor allem im Standplatzbau bzw. als Anschlagpunkt.<\/p>\n<p>Denn zum einen lassen sich bei dieser L\u00e4nge perfekt mehrere Fixpunkte miteinander verbinden. Und zum anderen passt eine 240cm lange Rundschlinge um sehr viele Objekte und ergeben erstklassige Anschlagpunkte.<\/p>\n<h3>Vertrauen ist gut &#8211; Kontrolle ist besser<\/h3>\n<p>Vergesst nicht eure Bandschlinge 240cm regelm\u00e4\u00dfig zu kontrollieren. D.h. sowohl eine optische wie auch haptische Kontrolle nach jeder Route.<\/p>\n<p>Denn Einrisse im Gewebe k\u00f6nnen die maximale Bruchlast enorm reduzieren. Deswegen ist eine \u00dcberpr\u00fcfung unumg\u00e4nglich.<\/p>\n<h2>Austausch nach 3 Jahren empfohlen<\/h2>\n<p>Eure Bandschlinge 240cm solltet ihr nach 3 Jahren Verwendung austauschen. So wird es im Artikel \u201e<a href=\"https:\/\/bolting.eu\/wp-content\/uploads\/2020\/05\/Gebrauchsdauer-von-Bandschlingen-DAV-Panorama-4-2015.pdf\" target=\"_blank\" rel=\"noopener noreferrer\">Gebrauchsdauer von Bandschlingen<\/a>\u201c im DAV Panorama 4 \/ 2015 empfohlen. Wer seine Schlingen ganz wenig n\u00fctzt, sollte diese nach sp\u00e4testens 5 Jahren austauschen.<\/p>\n<p>Diese Empfehlungen fu\u00dfen auf dem Materialverhalten von Dyneema. Vereinfacht dargestellt sorgt das Verknoten, Schmutz, Belastungen, Reibung an der Materialoberfl\u00e4che, UV Strahlung etc. f\u00fcr die Alterung des Polyethylens. Folglich nimmt die Festigkeit stetig ab. Je st\u00e4rker eine Schlinge genutzt und verschmutzt ist, desto fr\u00fcher fallen die Bruchwerte unter die Normgrenze.<\/p>\n","protected":false},"excerpt":{"rendered":"<ul>\n<li>Hersteller: <a href=\"https:\/\/bolting.eu\/produkt-kategorie\/beal\/\">Beal<\/a><\/li>\n<li>Material: Dyneema (Polyethylen)<\/li>\n<li>Breite: 10mm<\/li>\n<li>L\u00e4nge: 240cm (Umfang 480cm)<\/li>\n<li>Bruchlast: 2200daN (kg)<\/li>\n<li>Normen:\u00a0 EN 566, EN 354, EN 795B<\/li>\n<li>Farbe: grau<\/li>\n<li>Gewicht: nur 80 Gramm<\/li>\n<li>Lagerfrist: max. 5 Jahre<\/li>\n<li>Gebrauchsfrist: 3 Jahre<\/li>\n<\/ul>\n","protected":false},"featured_media":8702,"comment_status":"open","ping_status":"closed","template":"","meta":[],"product_brand":[],"product_cat":[29,259,4663],"product_tag":[],"class_list":{"0":"post-8701","1":"product","2":"type-product","3":"status-publish","4":"has-post-thumbnail","6":"product_cat-kletterausruestung","7":"product_cat-bandschlinge","8":"product_cat-beal","10":"first","11":"instock","12":"taxable","13":"shipping-taxable","14":"purchasable","15":"product-type-simple"},"yoast_head":"<!-- This site is optimized with the Yoast SEO Premium plugin v26.9 (Yoast SEO v26.9) - https:\/\/yoast.com\/product\/yoast-seo-premium-wordpress\/ -->\n<title>Bandschlinge 240cm Beal Dyneema 10mm online kaufen | bolting.eu<\/title>\n<meta name=\"description\" content=\"Hier findest Du die BANDSCHLINGE 240cm von Beal. Eine 10mm Dyneema Rundschlinge zum top Preis beim Kletterprofi aus \u00d6sterreich!\" \/>\n<meta name=\"robots\" content=\"index, follow, max-snippet:-1, max-image-preview:large, max-video-preview:-1\" \/>\n<link rel=\"canonical\" href=\"https:\/\/bolting.eu\/en\/shop\/bandschlinge-240cm-beal-dyneema-10mm\/\" \/>\n<meta property=\"og:locale\" content=\"en_US\" \/>\n<meta property=\"og:type\" content=\"article\" \/>\n<meta property=\"og:title\" content=\"Bandschlinge 240cm Beal Dyneema 10mm\" \/>\n<meta property=\"og:description\" content=\"Hier findest Du die BANDSCHLINGE 240cm von Beal. Eine 10mm Dyneema Rundschlinge zum top Preis beim Kletterprofi aus \u00d6sterreich!\" \/>\n<meta property=\"og:url\" content=\"https:\/\/bolting.eu\/en\/shop\/bandschlinge-240cm-beal-dyneema-10mm\/\" \/>\n<meta property=\"og:site_name\" content=\"bolting.eu\" \/>\n<meta property=\"article:publisher\" content=\"https:\/\/www.facebook.com\/bolting.eu\" \/>\n<meta property=\"article:modified_time\" content=\"2025-09-16T08:13:50+00:00\" \/>\n<meta property=\"og:image\" content=\"https:\/\/bolting.eu\/wp-content\/uploads\/2021\/05\/Bandschlinge-240cm-1.jpg\" \/>\n\t<meta property=\"og:image:width\" content=\"700\" \/>\n\t<meta property=\"og:image:height\" content=\"700\" \/>\n\t<meta property=\"og:image:type\" content=\"image\/jpeg\" \/>\n<meta name=\"twitter:card\" content=\"summary_large_image\" \/>\n<meta name=\"twitter:label1\" content=\"Price\" \/>\n\t<meta name=\"twitter:data1\" content=\"&euro;&nbsp;19,90\" \/>\n\t<meta name=\"twitter:label2\" content=\"Availability\" \/>\n\t<meta name=\"twitter:data2\" content=\"In stock\" \/>\n<script type=\"application\/ld+json\" class=\"yoast-schema-graph\">{\"@context\":\"https:\/\/schema.org\",\"@graph\":[{\"@type\":[\"WebPage\",\"ItemPage\"],\"@id\":\"https:\/\/bolting.eu\/en\/shop\/bandschlinge-240cm-beal-dyneema-10mm\/\",\"url\":\"https:\/\/bolting.eu\/en\/shop\/bandschlinge-240cm-beal-dyneema-10mm\/\",\"name\":\"Bandschlinge 240cm Beal Dyneema 10mm online kaufen | bolting.eu\",\"isPartOf\":{\"@id\":\"https:\/\/bolting.eu\/en\/#website\"},\"primaryImageOfPage\":{\"@id\":\"https:\/\/bolting.eu\/en\/shop\/bandschlinge-240cm-beal-dyneema-10mm\/#primaryimage\"},\"image\":{\"@id\":\"https:\/\/bolting.eu\/en\/shop\/bandschlinge-240cm-beal-dyneema-10mm\/#primaryimage\"},\"thumbnailUrl\":\"https:\/\/bolting.eu\/wp-content\/uploads\/2021\/05\/Bandschlinge-240cm-1.jpg\",\"datePublished\":\"2021-05-28T13:07:17+00:00\",\"dateModified\":\"2025-09-16T08:13:50+00:00\",\"description\":\"Hier findest Du die BANDSCHLINGE 240cm von Beal. Eine 10mm Dyneema Rundschlinge zum top Preis beim Kletterprofi aus \u00d6sterreich!\",\"breadcrumb\":{\"@id\":\"https:\/\/bolting.eu\/en\/shop\/bandschlinge-240cm-beal-dyneema-10mm\/#breadcrumb\"},\"inLanguage\":\"en-US\",\"potentialAction\":[{\"@type\":\"ReadAction\",\"target\":[\"https:\/\/bolting.eu\/en\/shop\/bandschlinge-240cm-beal-dyneema-10mm\/\"]}]},{\"@type\":\"ImageObject\",\"inLanguage\":\"en-US\",\"@id\":\"https:\/\/bolting.eu\/en\/shop\/bandschlinge-240cm-beal-dyneema-10mm\/#primaryimage\",\"url\":\"https:\/\/bolting.eu\/wp-content\/uploads\/2021\/05\/Bandschlinge-240cm-1.jpg\",\"contentUrl\":\"https:\/\/bolting.eu\/wp-content\/uploads\/2021\/05\/Bandschlinge-240cm-1.jpg\",\"width\":700,\"height\":700,\"caption\":\"Das Bild zeigt eine blaue Bandschlinge 240cm in einer Schlaufe auf einem wei\u00dfem Quadrat.\"},{\"@type\":\"BreadcrumbList\",\"@id\":\"https:\/\/bolting.eu\/en\/shop\/bandschlinge-240cm-beal-dyneema-10mm\/#breadcrumb\",\"itemListElement\":[{\"@type\":\"ListItem\",\"position\":1,\"name\":\"Shop\",\"item\":\"https:\/\/bolting.eu\/en\/shop\/\"},{\"@type\":\"ListItem\",\"position\":2,\"name\":\"climbing equipment\",\"item\":\"https:\/\/bolting.eu\/en\/produkt-kategorie\/climbing-equipment\/\"},{\"@type\":\"ListItem\",\"position\":3,\"name\":\"Bandschlinge\",\"item\":\"https:\/\/bolting.eu\/produkt-kategorie\/kletterausruestung\/bandschlinge\/\"},{\"@type\":\"ListItem\",\"position\":4,\"name\":\"Bandschlinge 240cm Beal Dyneema 10mm\"}]},{\"@type\":\"WebSite\",\"@id\":\"https:\/\/bolting.eu\/en\/#website\",\"url\":\"https:\/\/bolting.eu\/en\/\",\"name\":\"bolting.eu\",\"description\":\"we make climbs happen\",\"publisher\":{\"@id\":\"https:\/\/bolting.eu\/en\/#organization\"},\"potentialAction\":[{\"@type\":\"SearchAction\",\"target\":{\"@type\":\"EntryPoint\",\"urlTemplate\":\"https:\/\/bolting.eu\/en\/?s={search_term_string}\"},\"query-input\":{\"@type\":\"PropertyValueSpecification\",\"valueRequired\":true,\"valueName\":\"search_term_string\"}}],\"inLanguage\":\"en-US\"},{\"@type\":[\"Organization\",\"Place\",\"SportingGoodsStore\"],\"@id\":\"https:\/\/bolting.eu\/en\/#organization\",\"name\":\"bolting.eu\",\"url\":\"https:\/\/bolting.eu\/en\/\",\"logo\":{\"@id\":\"https:\/\/bolting.eu\/en\/shop\/bandschlinge-240cm-beal-dyneema-10mm\/#local-main-organization-logo\"},\"image\":{\"@id\":\"https:\/\/bolting.eu\/en\/shop\/bandschlinge-240cm-beal-dyneema-10mm\/#local-main-organization-logo\"},\"sameAs\":[\"https:\/\/www.facebook.com\/bolting.eu\",\"https:\/\/www.instagram.com\/bolting.eu\/\"],\"address\":{\"@id\":\"https:\/\/bolting.eu\/en\/shop\/bandschlinge-240cm-beal-dyneema-10mm\/#local-main-place-address\"},\"geo\":{\"@type\":\"GeoCoordinates\",\"latitude\":\"47.264176340396226\",\"longitude\":\"11.380109057672346\"},\"telephone\":[\"+43 699 19083372\"],\"openingHoursSpecification\":[{\"@type\":\"OpeningHoursSpecification\",\"dayOfWeek\":[\"Monday\",\"Wednesday\",\"Friday\"],\"opens\":\"14:00\",\"closes\":\"18:00\"},{\"@type\":\"OpeningHoursSpecification\",\"dayOfWeek\":[\"Tuesday\",\"Thursday\",\"Saturday\",\"Sunday\"],\"opens\":\"00:00\",\"closes\":\"00:00\"}],\"email\":\"office@bolting.eu\",\"vatID\":\"ATU59999728\",\"priceRange\":\"$$\",\"currenciesAccepted\":\"Euro\"},{\"@type\":\"PostalAddress\",\"@id\":\"https:\/\/bolting.eu\/en\/shop\/bandschlinge-240cm-beal-dyneema-10mm\/#local-main-place-address\",\"streetAddress\":\"Fischnalerstra\u00dfe 4\",\"addressLocality\":\"Innsbruck\",\"postalCode\":\"6020\",\"addressRegion\":\"Tirol\",\"addressCountry\":\"AT\"},{\"@type\":\"ImageObject\",\"inLanguage\":\"en-US\",\"@id\":\"https:\/\/bolting.eu\/en\/shop\/bandschlinge-240cm-beal-dyneema-10mm\/#local-main-organization-logo\",\"url\":\"https:\/\/bolting.eu\/wp-content\/uploads\/2019\/09\/bolting-logo.png\",\"contentUrl\":\"https:\/\/bolting.eu\/wp-content\/uploads\/2019\/09\/bolting-logo.png\",\"width\":400,\"height\":211,\"caption\":\"bolting.eu\"}]}<\/script>\n<meta property=\"product:price:amount\" content=\"19.90\" \/>\n<meta property=\"product:price:currency\" content=\"EUR\" \/>\n<meta property=\"og:availability\" content=\"instock\" \/>\n<meta property=\"product:availability\" content=\"instock\" \/>\n<meta property=\"product:retailer_item_id\" content=\"BSAD10.240\" \/>\n<meta property=\"product:condition\" content=\"new\" \/>\n<meta name=\"geo.placename\" content=\"Innsbruck\" \/>\n<meta name=\"geo.position\" content=\"47.264176340396226;11.380109057672346\" \/>\n<meta name=\"geo.region\" content=\"Austria\" \/>\n<!-- \/ Yoast SEO Premium plugin. -->","yoast_head_json":{"title":"Bandschlinge 240cm Beal Dyneema 10mm online kaufen | bolting.eu","description":"Hier findest Du die BANDSCHLINGE 240cm von Beal. Eine 10mm Dyneema Rundschlinge zum top Preis beim Kletterprofi aus \u00d6sterreich!","robots":{"index":"index","follow":"follow","max-snippet":"max-snippet:-1","max-image-preview":"max-image-preview:large","max-video-preview":"max-video-preview:-1"},"canonical":"https:\/\/bolting.eu\/en\/shop\/bandschlinge-240cm-beal-dyneema-10mm\/","og_locale":"en_US","og_type":"article","og_title":"Bandschlinge 240cm Beal Dyneema 10mm","og_description":"Hier findest Du die BANDSCHLINGE 240cm von Beal. Eine 10mm Dyneema Rundschlinge zum top Preis beim Kletterprofi aus \u00d6sterreich!","og_url":"https:\/\/bolting.eu\/en\/shop\/bandschlinge-240cm-beal-dyneema-10mm\/","og_site_name":"bolting.eu","article_publisher":"https:\/\/www.facebook.com\/bolting.eu","article_modified_time":"2025-09-16T08:13:50+00:00","og_image":[{"width":700,"height":700,"url":"https:\/\/bolting.eu\/wp-content\/uploads\/2021\/05\/Bandschlinge-240cm-1.jpg","type":"image\/jpeg"}],"twitter_card":"summary_large_image","twitter_misc":{"Price":"&euro;&nbsp;19,90","Availability":"In stock"},"schema":{"@context":"https:\/\/schema.org","@graph":[{"@type":["WebPage","ItemPage"],"@id":"https:\/\/bolting.eu\/en\/shop\/bandschlinge-240cm-beal-dyneema-10mm\/","url":"https:\/\/bolting.eu\/en\/shop\/bandschlinge-240cm-beal-dyneema-10mm\/","name":"Bandschlinge 240cm Beal Dyneema 10mm online kaufen | bolting.eu","isPartOf":{"@id":"https:\/\/bolting.eu\/en\/#website"},"primaryImageOfPage":{"@id":"https:\/\/bolting.eu\/en\/shop\/bandschlinge-240cm-beal-dyneema-10mm\/#primaryimage"},"image":{"@id":"https:\/\/bolting.eu\/en\/shop\/bandschlinge-240cm-beal-dyneema-10mm\/#primaryimage"},"thumbnailUrl":"https:\/\/bolting.eu\/wp-content\/uploads\/2021\/05\/Bandschlinge-240cm-1.jpg","datePublished":"2021-05-28T13:07:17+00:00","dateModified":"2025-09-16T08:13:50+00:00","description":"Hier findest Du die BANDSCHLINGE 240cm von Beal. Eine 10mm Dyneema Rundschlinge zum top Preis beim Kletterprofi aus \u00d6sterreich!","breadcrumb":{"@id":"https:\/\/bolting.eu\/en\/shop\/bandschlinge-240cm-beal-dyneema-10mm\/#breadcrumb"},"inLanguage":"en-US","potentialAction":[{"@type":"ReadAction","target":["https:\/\/bolting.eu\/en\/shop\/bandschlinge-240cm-beal-dyneema-10mm\/"]}]},{"@type":"ImageObject","inLanguage":"en-US","@id":"https:\/\/bolting.eu\/en\/shop\/bandschlinge-240cm-beal-dyneema-10mm\/#primaryimage","url":"https:\/\/bolting.eu\/wp-content\/uploads\/2021\/05\/Bandschlinge-240cm-1.jpg","contentUrl":"https:\/\/bolting.eu\/wp-content\/uploads\/2021\/05\/Bandschlinge-240cm-1.jpg","width":700,"height":700,"caption":"Das Bild zeigt eine blaue Bandschlinge 240cm in einer Schlaufe auf einem wei\u00dfem Quadrat."},{"@type":"BreadcrumbList","@id":"https:\/\/bolting.eu\/en\/shop\/bandschlinge-240cm-beal-dyneema-10mm\/#breadcrumb","itemListElement":[{"@type":"ListItem","position":1,"name":"Shop","item":"https:\/\/bolting.eu\/en\/shop\/"},{"@type":"ListItem","position":2,"name":"climbing equipment","item":"https:\/\/bolting.eu\/en\/produkt-kategorie\/climbing-equipment\/"},{"@type":"ListItem","position":3,"name":"Bandschlinge","item":"https:\/\/bolting.eu\/produkt-kategorie\/kletterausruestung\/bandschlinge\/"},{"@type":"ListItem","position":4,"name":"Bandschlinge 240cm Beal Dyneema 10mm"}]},{"@type":"WebSite","@id":"https:\/\/bolting.eu\/en\/#website","url":"https:\/\/bolting.eu\/en\/","name":"bolting.eu","description":"we make climbs happen","publisher":{"@id":"https:\/\/bolting.eu\/en\/#organization"},"potentialAction":[{"@type":"SearchAction","target":{"@type":"EntryPoint","urlTemplate":"https:\/\/bolting.eu\/en\/?s={search_term_string}"},"query-input":{"@type":"PropertyValueSpecification","valueRequired":true,"valueName":"search_term_string"}}],"inLanguage":"en-US"},{"@type":["Organization","Place","SportingGoodsStore"],"@id":"https:\/\/bolting.eu\/en\/#organization","name":"bolting.eu","url":"https:\/\/bolting.eu\/en\/","logo":{"@id":"https:\/\/bolting.eu\/en\/shop\/bandschlinge-240cm-beal-dyneema-10mm\/#local-main-organization-logo"},"image":{"@id":"https:\/\/bolting.eu\/en\/shop\/bandschlinge-240cm-beal-dyneema-10mm\/#local-main-organization-logo"},"sameAs":["https:\/\/www.facebook.com\/bolting.eu","https:\/\/www.instagram.com\/bolting.eu\/"],"address":{"@id":"https:\/\/bolting.eu\/en\/shop\/bandschlinge-240cm-beal-dyneema-10mm\/#local-main-place-address"},"geo":{"@type":"GeoCoordinates","latitude":"47.264176340396226","longitude":"11.380109057672346"},"telephone":["+43 699 19083372"],"openingHoursSpecification":[{"@type":"OpeningHoursSpecification","dayOfWeek":["Monday","Wednesday","Friday"],"opens":"14:00","closes":"18:00"},{"@type":"OpeningHoursSpecification","dayOfWeek":["Tuesday","Thursday","Saturday","Sunday"],"opens":"00:00","closes":"00:00"}],"email":"office@bolting.eu","vatID":"ATU59999728","priceRange":"$$","currenciesAccepted":"Euro"},{"@type":"PostalAddress","@id":"https:\/\/bolting.eu\/en\/shop\/bandschlinge-240cm-beal-dyneema-10mm\/#local-main-place-address","streetAddress":"Fischnalerstra\u00dfe 4","addressLocality":"Innsbruck","postalCode":"6020","addressRegion":"Tirol","addressCountry":"AT"},{"@type":"ImageObject","inLanguage":"en-US","@id":"https:\/\/bolting.eu\/en\/shop\/bandschlinge-240cm-beal-dyneema-10mm\/#local-main-organization-logo","url":"https:\/\/bolting.eu\/wp-content\/uploads\/2019\/09\/bolting-logo.png","contentUrl":"https:\/\/bolting.eu\/wp-content\/uploads\/2019\/09\/bolting-logo.png","width":400,"height":211,"caption":"bolting.eu"}]},"product_price_amount":"19.90","product_price_currency":"EUR","og_availability":"instock","product_availability":"instock","product_retailer_item_id":"BSAD10.240","product_condition":"new","geo.placename":"Innsbruck","geo.position":{"lat":"47.264176340396226","long":"11.380109057672346"},"geo.region":"Austria"},"_links":{"self":[{"href":"https:\/\/bolting.eu\/en\/wp-json\/wp\/v2\/product\/8701","targetHints":{"allow":["GET"]}}],"collection":[{"href":"https:\/\/bolting.eu\/en\/wp-json\/wp\/v2\/product"}],"about":[{"href":"https:\/\/bolting.eu\/en\/wp-json\/wp\/v2\/types\/product"}],"replies":[{"embeddable":true,"href":"https:\/\/bolting.eu\/en\/wp-json\/wp\/v2\/comments?post=8701"}],"wp:featuredmedia":[{"embeddable":true,"href":"https:\/\/bolting.eu\/en\/wp-json\/wp\/v2\/media\/8702"}],"wp:attachment":[{"href":"https:\/\/bolting.eu\/en\/wp-json\/wp\/v2\/media?parent=8701"}],"wp:term":[{"taxonomy":"product_brand","embeddable":true,"href":"https:\/\/bolting.eu\/en\/wp-json\/wp\/v2\/product_brand?post=8701"},{"taxonomy":"product_cat","embeddable":true,"href":"https:\/\/bolting.eu\/en\/wp-json\/wp\/v2\/product_cat?post=8701"},{"taxonomy":"product_tag","embeddable":true,"href":"https:\/\/bolting.eu\/en\/wp-json\/wp\/v2\/product_tag?post=8701"}],"curies":[{"name":"wp","href":"https:\/\/api.w.org\/{rel}","templated":true}]}}