{"id":8697,"date":"2021-05-28T14:33:31","date_gmt":"2021-05-28T12:33:31","guid":{"rendered":"https:\/\/bolting.eu\/?post_type=product&#038;p=8697"},"modified":"2026-05-04T11:17:07","modified_gmt":"2026-05-04T09:17:07","slug":"bandschlinge-120cm-beal-dyneema","status":"publish","type":"product","link":"https:\/\/bolting.eu\/en\/shop\/bandschlinge-120cm-beal-dyneema\/","title":{"rendered":"Bandschlinge 120cm &#8211; Beal Dyneema 10mm"},"content":{"rendered":"<p>Unsere Bandschlinge 120cm ist ein Qualit\u00e4tsprodukt der Firma Beal. Sie besteht aus 10mm dicken Dyneema Material in der Farbe violett. Somit l\u00e4sst sich diese Schlinge am Gurt bzw. K\u00f6rper sofort erkennen und zuordnen.<\/p>\n<p>Diese Bandschlinge ist ein elementarer Bestandteil jeder Kletterausr\u00fcstung. Dar\u00fcber hinaus wird sie auch standardm\u00e4\u00dfig bei vielen H\u00f6henarbeiten verwendet. Denn sie besitzt alle wichtigen Normen f\u00fcr diese Bereiche.<\/p>\n<p>Was die Bandschlinge 120cm so unersetzlich macht ist die Breite der Einsatzbereiche. Denn eine 120cm Schlinge wird bei so gut wie jeder vertikalen T\u00e4tigkeit ben\u00f6tigt.<\/p>\n<p>Erstens zum Einrichten von Ausgleichsverankerungen bzw. Reihenschaltungen am Stand. Zweitens zum Legen \u00fcber Felsk\u00f6pfe und F\u00e4deln von Sanduhren. Drittens als Abseilschlinge. Und viertens als Anschlagpunkt an B\u00e4umen, Stahltr\u00e4gern oder Geb\u00e4udeteilen.<\/p>\n<p>Kurzum. Diese Bandschlingen Dimension ist aus keiner <a href=\"https:\/\/bolting.eu\/kletterausruestung\/\">Kletterausr\u00fcstung<\/a> weg zu denken!<\/p>\n<h2>Eigenschaften Bandschlinge 120cm<\/h2>\n<ul>\n<li>Hersteller: <a href=\"https:\/\/bolting.eu\/produkt-kategorie\/beal\/\">Beal<\/a><\/li>\n<li>Material: Dyneema (Polyethylen)<\/li>\n<li>Breite: 10mm<\/li>\n<li>L\u00e4nge: 120cm (Umfang 240cm)<\/li>\n<li>Bruchlast: 2200daN (kg)<\/li>\n<li>Normen:\u00a0 EN 566, EN 354, EN 795B<\/li>\n<li>Farbe: violett<\/li>\n<li>Gewicht: nur 40 Gramm<\/li>\n<li>Lagerfrist: max. 5 Jahre<\/li>\n<li>Gebrauchsfrist: 3 Jahre<\/li>\n<\/ul>\n<h3>Enorme Breite an Einsatzbereichen<\/h3>\n<p>Die Bandschlinge 120cm aus 10mm Dyneema Material kann f\u00fcr extrem viele Anwendungen verwendet werden. Folglich ist dieses Produkt extrem beliebt und z\u00e4hlt wenig \u00fcberraschend zu unseren Bestsellern.<\/p>\n<p>Denn diese L\u00e4nge wird bei Rundschlingen in so gut wie allen Disziplinen ben\u00f6tigt. Im Folgenden z\u00e4hlen wir einige Anwendungsbeispiele auf.<\/p>\n<p>Da w\u00e4re erstens die Verwendung beim Alpinklettern. Hier wird sie beim Standplatzbau ebenso verwendet, wie beim Legen \u00fcber Felsk\u00f6pfe oder Abbinden von Sanduhren.<\/p>\n<p>Zweitens macht sie als Abseilschlinge eine tolle Figur. Mit einem einfachen Knoten wird sie bei ca. 60cm sowie bei ca. 80cm abgebunden. Danach wird sie mit einem Ankerstich am Gurt befestigt. Somit erh\u00e4lt man das perfekte Set up f\u00fcr das Abseilen mit Prusik.<\/p>\n<p>Drittens kann diese Bandschlinge f\u00fcr alle Arten von Anschlagpunkten verwendet werden. Wie z.B. um Baumst\u00e4mme oder um Stahltr\u00e4ger.<\/p>\n<h3>Bandschlinge 120cm &#8211; Vorteile von Dyneema<\/h3>\n<p>Das Dyneema Material hat einige w\u00fcnschenswerte Eigenschaften. Wie zum einen die hohe Schnittfestigkeit bei gleichzeitig geringem Gewicht. Zudem nimmt Dyneema kein Wasser auf. D.h. es bleibt immer sch\u00f6n leicht und kann nicht frieren.<\/p>\n<p>\u00dcberdies hat das Material eine sehr gute Knotbarkeit. Oder besser ausgedr\u00fcckt. Mastw\u00fcrfe oder Ankerstiche lassen sich spielend leicht mit dieser Schlinge legen.<\/p>\n<h3>Nachteil &#8211; geringer Schmelzpunkt<\/h3>\n<p>Einer der ganz wenigen Downsides bei Dyneema ist der geringe Schmelzpunkt. Folglich sollte die Bandschlinge 120cm aus Dyneema z.B. nicht als Prusik verwendet werden, wie beim Abseilen.<\/p>\n<p>Hier greift man besser auf eine Polyamid Reepschnur mit 6mm Durchmesser zur\u00fcck!<\/p>\n<h4><strong>Austausch nach 3 Jahren empfohlen<\/strong><\/h4>\n<p>Eure Bandschlinge 120cm solltet ihr nach 3 Jahren Verwendung austauschen. So wird es im Artikel \u201e<a href=\"https:\/\/bolting.eu\/wp-content\/uploads\/2020\/05\/Gebrauchsdauer-von-Bandschlingen-DAV-Panorama-4-2015.pdf\" target=\"_blank\" rel=\"noopener noreferrer\">Gebrauchsdauer von Bandschlingen<\/a>\u201c im DAV Panorama 4 \/ 2015 empfohlen. Wer seine Schlingen ganz wenig n\u00fctzt, sollte diese nach sp\u00e4testens 5 Jahren austauschen.<\/p>\n<p>Diese Empfehlungen fu\u00dfen auf dem Materialverhalten von Dyneema. Vereinfacht dargestellt sorgt das Verknoten, Schmutz, Belastungen, Reibung an der Materialoberfl\u00e4che, UV Strahlung etc. f\u00fcr die Alterung des Polyethylens. Folglich nimmt die Festigkeit stetig ab. Je st\u00e4rker eine Schlinge genutzt und verschmutzt ist, desto fr\u00fcher fallen die Bruchwerte unter die Normgrenze!<\/p>\n","protected":false},"excerpt":{"rendered":"<p>10mm Dyneema Bandschlinge von Beal mit 120cm L\u00e4nge (240cm Umfang).<\/p>\n<p>2.200kg Bruchlast und En 566 bzw. 795 Norm. Ideal f\u00fcr den Standplatzbau.<\/p>\n<p>Versandkostenfrei bis 2kg in <img decoding=\"async\" class=\"emoji\" role=\"img\" draggable=\"false\" src=\"https:\/\/s.w.org\/images\/core\/emoji\/14.0.0\/svg\/1f1e6-1f1f9.svg\" alt=\"\ud83c\udde6\ud83c\uddf9\" \/> ab \u20ac 100,- und <img decoding=\"async\" class=\"emoji\" role=\"img\" draggable=\"false\" src=\"https:\/\/s.w.org\/images\/core\/emoji\/14.0.0\/svg\/1f1e9-1f1ea.svg\" alt=\"\ud83c\udde9\ud83c\uddea\" \/> ab \u20ac 200,-!<\/p>\n","protected":false},"featured_media":20350,"comment_status":"open","ping_status":"closed","template":"","meta":[],"product_brand":[],"product_cat":[259,4663,29],"product_tag":[],"class_list":{"0":"post-8697","1":"product","2":"type-product","3":"status-publish","4":"has-post-thumbnail","6":"product_cat-bandschlinge","7":"product_cat-beal","8":"product_cat-kletterausruestung","10":"first","11":"outofstock","12":"taxable","13":"shipping-taxable","14":"purchasable","15":"product-type-simple"},"yoast_head":"<!-- This site is optimized with the Yoast SEO Premium plugin v26.9 (Yoast SEO v26.9) - https:\/\/yoast.com\/product\/yoast-seo-premium-wordpress\/ -->\n<title>Bandschlinge 120cm - Beal Dyneema 10mm online kaufen | bolting.eu<\/title>\n<meta name=\"description\" content=\"Hier findest Du die BANDSCHLINGE 120cm. Eine 10mm Beal Dyneema Rundschlinge f\u00fcr alle Bergsportarten zum top Preis beim Kletterprrofi!\" \/>\n<meta name=\"robots\" content=\"index, follow, max-snippet:-1, max-image-preview:large, max-video-preview:-1\" \/>\n<link rel=\"canonical\" href=\"https:\/\/bolting.eu\/en\/shop\/bandschlinge-120cm-beal-dyneema\/\" \/>\n<meta property=\"og:locale\" content=\"en_US\" \/>\n<meta property=\"og:type\" content=\"article\" \/>\n<meta property=\"og:title\" content=\"Bandschlinge 120cm - Beal Dyneema 10mm\" \/>\n<meta property=\"og:description\" content=\"Hier findest Du die BANDSCHLINGE 120cm. Eine 10mm Beal Dyneema Rundschlinge f\u00fcr alle Bergsportarten zum top Preis beim Kletterprrofi!\" \/>\n<meta property=\"og:url\" content=\"https:\/\/bolting.eu\/en\/shop\/bandschlinge-120cm-beal-dyneema\/\" \/>\n<meta property=\"og:site_name\" content=\"bolting.eu\" \/>\n<meta property=\"article:publisher\" content=\"https:\/\/www.facebook.com\/bolting.eu\" \/>\n<meta property=\"article:modified_time\" content=\"2026-05-04T09:17:07+00:00\" \/>\n<meta property=\"og:image\" content=\"https:\/\/bolting.eu\/wp-content\/uploads\/2021\/05\/Beal-120cm-BAndschlinge-Dyneema-10mm.jpg\" \/>\n\t<meta property=\"og:image:width\" content=\"700\" \/>\n\t<meta property=\"og:image:height\" content=\"700\" \/>\n\t<meta property=\"og:image:type\" content=\"image\/jpeg\" \/>\n<meta name=\"twitter:card\" content=\"summary_large_image\" \/>\n<meta name=\"twitter:label1\" content=\"Price\" \/>\n\t<meta name=\"twitter:data1\" content=\"&euro;&nbsp;13,49\" \/>\n\t<meta name=\"twitter:label2\" content=\"Availability\" \/>\n\t<meta name=\"twitter:data2\" content=\"Out of stock\" \/>\n<script type=\"application\/ld+json\" class=\"yoast-schema-graph\">{\"@context\":\"https:\/\/schema.org\",\"@graph\":[{\"@type\":[\"WebPage\",\"ItemPage\"],\"@id\":\"https:\/\/bolting.eu\/en\/shop\/bandschlinge-120cm-beal-dyneema\/\",\"url\":\"https:\/\/bolting.eu\/en\/shop\/bandschlinge-120cm-beal-dyneema\/\",\"name\":\"Bandschlinge 120cm - Beal Dyneema 10mm online kaufen | bolting.eu\",\"isPartOf\":{\"@id\":\"https:\/\/bolting.eu\/en\/#website\"},\"primaryImageOfPage\":{\"@id\":\"https:\/\/bolting.eu\/en\/shop\/bandschlinge-120cm-beal-dyneema\/#primaryimage\"},\"image\":{\"@id\":\"https:\/\/bolting.eu\/en\/shop\/bandschlinge-120cm-beal-dyneema\/#primaryimage\"},\"thumbnailUrl\":\"https:\/\/bolting.eu\/wp-content\/uploads\/2021\/05\/Beal-120cm-BAndschlinge-Dyneema-10mm.jpg\",\"datePublished\":\"2021-05-28T12:33:31+00:00\",\"dateModified\":\"2026-05-04T09:17:07+00:00\",\"description\":\"Hier findest Du die BANDSCHLINGE 120cm. Eine 10mm Beal Dyneema Rundschlinge f\u00fcr alle Bergsportarten zum top Preis beim Kletterprrofi!\",\"breadcrumb\":{\"@id\":\"https:\/\/bolting.eu\/en\/shop\/bandschlinge-120cm-beal-dyneema\/#breadcrumb\"},\"inLanguage\":\"en-US\",\"potentialAction\":[{\"@type\":\"ReadAction\",\"target\":[\"https:\/\/bolting.eu\/en\/shop\/bandschlinge-120cm-beal-dyneema\/\"]}]},{\"@type\":\"ImageObject\",\"inLanguage\":\"en-US\",\"@id\":\"https:\/\/bolting.eu\/en\/shop\/bandschlinge-120cm-beal-dyneema\/#primaryimage\",\"url\":\"https:\/\/bolting.eu\/wp-content\/uploads\/2021\/05\/Beal-120cm-BAndschlinge-Dyneema-10mm.jpg\",\"contentUrl\":\"https:\/\/bolting.eu\/wp-content\/uploads\/2021\/05\/Beal-120cm-BAndschlinge-Dyneema-10mm.jpg\",\"width\":700,\"height\":700,\"caption\":\"Grau wei\u00dfe Beal 120cm Dyneema Bandschlinge vor wei\u00dfem Hintergrund.\"},{\"@type\":\"BreadcrumbList\",\"@id\":\"https:\/\/bolting.eu\/en\/shop\/bandschlinge-120cm-beal-dyneema\/#breadcrumb\",\"itemListElement\":[{\"@type\":\"ListItem\",\"position\":1,\"name\":\"Shop\",\"item\":\"https:\/\/bolting.eu\/en\/shop\/\"},{\"@type\":\"ListItem\",\"position\":2,\"name\":\"climbing equipment\",\"item\":\"https:\/\/bolting.eu\/en\/produkt-kategorie\/climbing-equipment\/\"},{\"@type\":\"ListItem\",\"position\":3,\"name\":\"Bandschlinge\",\"item\":\"https:\/\/bolting.eu\/produkt-kategorie\/kletterausruestung\/bandschlinge\/\"},{\"@type\":\"ListItem\",\"position\":4,\"name\":\"Bandschlinge 120cm &#8211; Beal Dyneema 10mm\"}]},{\"@type\":\"WebSite\",\"@id\":\"https:\/\/bolting.eu\/en\/#website\",\"url\":\"https:\/\/bolting.eu\/en\/\",\"name\":\"bolting.eu\",\"description\":\"we make climbs happen\",\"publisher\":{\"@id\":\"https:\/\/bolting.eu\/en\/#organization\"},\"potentialAction\":[{\"@type\":\"SearchAction\",\"target\":{\"@type\":\"EntryPoint\",\"urlTemplate\":\"https:\/\/bolting.eu\/en\/?s={search_term_string}\"},\"query-input\":{\"@type\":\"PropertyValueSpecification\",\"valueRequired\":true,\"valueName\":\"search_term_string\"}}],\"inLanguage\":\"en-US\"},{\"@type\":[\"Organization\",\"Place\",\"SportingGoodsStore\"],\"@id\":\"https:\/\/bolting.eu\/en\/#organization\",\"name\":\"bolting.eu\",\"url\":\"https:\/\/bolting.eu\/en\/\",\"logo\":{\"@id\":\"https:\/\/bolting.eu\/en\/shop\/bandschlinge-120cm-beal-dyneema\/#local-main-organization-logo\"},\"image\":{\"@id\":\"https:\/\/bolting.eu\/en\/shop\/bandschlinge-120cm-beal-dyneema\/#local-main-organization-logo\"},\"sameAs\":[\"https:\/\/www.facebook.com\/bolting.eu\",\"https:\/\/www.instagram.com\/bolting.eu\/\"],\"address\":{\"@id\":\"https:\/\/bolting.eu\/en\/shop\/bandschlinge-120cm-beal-dyneema\/#local-main-place-address\"},\"geo\":{\"@type\":\"GeoCoordinates\",\"latitude\":\"47.264176340396226\",\"longitude\":\"11.380109057672346\"},\"telephone\":[\"+43 699 19083372\"],\"openingHoursSpecification\":[{\"@type\":\"OpeningHoursSpecification\",\"dayOfWeek\":[\"Monday\",\"Wednesday\",\"Friday\"],\"opens\":\"14:00\",\"closes\":\"18:00\"},{\"@type\":\"OpeningHoursSpecification\",\"dayOfWeek\":[\"Tuesday\",\"Thursday\",\"Saturday\",\"Sunday\"],\"opens\":\"00:00\",\"closes\":\"00:00\"}],\"email\":\"office@bolting.eu\",\"vatID\":\"ATU59999728\",\"priceRange\":\"$$\",\"currenciesAccepted\":\"Euro\"},{\"@type\":\"PostalAddress\",\"@id\":\"https:\/\/bolting.eu\/en\/shop\/bandschlinge-120cm-beal-dyneema\/#local-main-place-address\",\"streetAddress\":\"Fischnalerstra\u00dfe 4\",\"addressLocality\":\"Innsbruck\",\"postalCode\":\"6020\",\"addressRegion\":\"Tirol\",\"addressCountry\":\"AT\"},{\"@type\":\"ImageObject\",\"inLanguage\":\"en-US\",\"@id\":\"https:\/\/bolting.eu\/en\/shop\/bandschlinge-120cm-beal-dyneema\/#local-main-organization-logo\",\"url\":\"https:\/\/bolting.eu\/wp-content\/uploads\/2019\/09\/bolting-logo.png\",\"contentUrl\":\"https:\/\/bolting.eu\/wp-content\/uploads\/2019\/09\/bolting-logo.png\",\"width\":400,\"height\":211,\"caption\":\"bolting.eu\"}]}<\/script>\n<meta property=\"product:price:amount\" content=\"13.49\" \/>\n<meta property=\"product:price:currency\" content=\"EUR\" \/>\n<meta property=\"og:availability\" content=\"out of stock\" \/>\n<meta property=\"product:availability\" content=\"out of stock\" \/>\n<meta property=\"product:retailer_item_id\" content=\"BSAD10.120\" \/>\n<meta property=\"product:condition\" content=\"new\" \/>\n<meta name=\"geo.placename\" content=\"Innsbruck\" \/>\n<meta name=\"geo.position\" content=\"47.264176340396226;11.380109057672346\" \/>\n<meta name=\"geo.region\" content=\"Austria\" \/>\n<!-- \/ Yoast SEO Premium plugin. -->","yoast_head_json":{"title":"Bandschlinge 120cm - Beal Dyneema 10mm online kaufen | bolting.eu","description":"Hier findest Du die BANDSCHLINGE 120cm. Eine 10mm Beal Dyneema Rundschlinge f\u00fcr alle Bergsportarten zum top Preis beim Kletterprrofi!","robots":{"index":"index","follow":"follow","max-snippet":"max-snippet:-1","max-image-preview":"max-image-preview:large","max-video-preview":"max-video-preview:-1"},"canonical":"https:\/\/bolting.eu\/en\/shop\/bandschlinge-120cm-beal-dyneema\/","og_locale":"en_US","og_type":"article","og_title":"Bandschlinge 120cm - Beal Dyneema 10mm","og_description":"Hier findest Du die BANDSCHLINGE 120cm. Eine 10mm Beal Dyneema Rundschlinge f\u00fcr alle Bergsportarten zum top Preis beim Kletterprrofi!","og_url":"https:\/\/bolting.eu\/en\/shop\/bandschlinge-120cm-beal-dyneema\/","og_site_name":"bolting.eu","article_publisher":"https:\/\/www.facebook.com\/bolting.eu","article_modified_time":"2026-05-04T09:17:07+00:00","og_image":[{"width":700,"height":700,"url":"https:\/\/bolting.eu\/wp-content\/uploads\/2021\/05\/Beal-120cm-BAndschlinge-Dyneema-10mm.jpg","type":"image\/jpeg"}],"twitter_card":"summary_large_image","twitter_misc":{"Price":"&euro;&nbsp;13,49","Availability":"Out of stock"},"schema":{"@context":"https:\/\/schema.org","@graph":[{"@type":["WebPage","ItemPage"],"@id":"https:\/\/bolting.eu\/en\/shop\/bandschlinge-120cm-beal-dyneema\/","url":"https:\/\/bolting.eu\/en\/shop\/bandschlinge-120cm-beal-dyneema\/","name":"Bandschlinge 120cm - Beal Dyneema 10mm online kaufen | bolting.eu","isPartOf":{"@id":"https:\/\/bolting.eu\/en\/#website"},"primaryImageOfPage":{"@id":"https:\/\/bolting.eu\/en\/shop\/bandschlinge-120cm-beal-dyneema\/#primaryimage"},"image":{"@id":"https:\/\/bolting.eu\/en\/shop\/bandschlinge-120cm-beal-dyneema\/#primaryimage"},"thumbnailUrl":"https:\/\/bolting.eu\/wp-content\/uploads\/2021\/05\/Beal-120cm-BAndschlinge-Dyneema-10mm.jpg","datePublished":"2021-05-28T12:33:31+00:00","dateModified":"2026-05-04T09:17:07+00:00","description":"Hier findest Du die BANDSCHLINGE 120cm. Eine 10mm Beal Dyneema Rundschlinge f\u00fcr alle Bergsportarten zum top Preis beim Kletterprrofi!","breadcrumb":{"@id":"https:\/\/bolting.eu\/en\/shop\/bandschlinge-120cm-beal-dyneema\/#breadcrumb"},"inLanguage":"en-US","potentialAction":[{"@type":"ReadAction","target":["https:\/\/bolting.eu\/en\/shop\/bandschlinge-120cm-beal-dyneema\/"]}]},{"@type":"ImageObject","inLanguage":"en-US","@id":"https:\/\/bolting.eu\/en\/shop\/bandschlinge-120cm-beal-dyneema\/#primaryimage","url":"https:\/\/bolting.eu\/wp-content\/uploads\/2021\/05\/Beal-120cm-BAndschlinge-Dyneema-10mm.jpg","contentUrl":"https:\/\/bolting.eu\/wp-content\/uploads\/2021\/05\/Beal-120cm-BAndschlinge-Dyneema-10mm.jpg","width":700,"height":700,"caption":"Grau wei\u00dfe Beal 120cm Dyneema Bandschlinge vor wei\u00dfem Hintergrund."},{"@type":"BreadcrumbList","@id":"https:\/\/bolting.eu\/en\/shop\/bandschlinge-120cm-beal-dyneema\/#breadcrumb","itemListElement":[{"@type":"ListItem","position":1,"name":"Shop","item":"https:\/\/bolting.eu\/en\/shop\/"},{"@type":"ListItem","position":2,"name":"climbing equipment","item":"https:\/\/bolting.eu\/en\/produkt-kategorie\/climbing-equipment\/"},{"@type":"ListItem","position":3,"name":"Bandschlinge","item":"https:\/\/bolting.eu\/produkt-kategorie\/kletterausruestung\/bandschlinge\/"},{"@type":"ListItem","position":4,"name":"Bandschlinge 120cm &#8211; Beal Dyneema 10mm"}]},{"@type":"WebSite","@id":"https:\/\/bolting.eu\/en\/#website","url":"https:\/\/bolting.eu\/en\/","name":"bolting.eu","description":"we make climbs happen","publisher":{"@id":"https:\/\/bolting.eu\/en\/#organization"},"potentialAction":[{"@type":"SearchAction","target":{"@type":"EntryPoint","urlTemplate":"https:\/\/bolting.eu\/en\/?s={search_term_string}"},"query-input":{"@type":"PropertyValueSpecification","valueRequired":true,"valueName":"search_term_string"}}],"inLanguage":"en-US"},{"@type":["Organization","Place","SportingGoodsStore"],"@id":"https:\/\/bolting.eu\/en\/#organization","name":"bolting.eu","url":"https:\/\/bolting.eu\/en\/","logo":{"@id":"https:\/\/bolting.eu\/en\/shop\/bandschlinge-120cm-beal-dyneema\/#local-main-organization-logo"},"image":{"@id":"https:\/\/bolting.eu\/en\/shop\/bandschlinge-120cm-beal-dyneema\/#local-main-organization-logo"},"sameAs":["https:\/\/www.facebook.com\/bolting.eu","https:\/\/www.instagram.com\/bolting.eu\/"],"address":{"@id":"https:\/\/bolting.eu\/en\/shop\/bandschlinge-120cm-beal-dyneema\/#local-main-place-address"},"geo":{"@type":"GeoCoordinates","latitude":"47.264176340396226","longitude":"11.380109057672346"},"telephone":["+43 699 19083372"],"openingHoursSpecification":[{"@type":"OpeningHoursSpecification","dayOfWeek":["Monday","Wednesday","Friday"],"opens":"14:00","closes":"18:00"},{"@type":"OpeningHoursSpecification","dayOfWeek":["Tuesday","Thursday","Saturday","Sunday"],"opens":"00:00","closes":"00:00"}],"email":"office@bolting.eu","vatID":"ATU59999728","priceRange":"$$","currenciesAccepted":"Euro"},{"@type":"PostalAddress","@id":"https:\/\/bolting.eu\/en\/shop\/bandschlinge-120cm-beal-dyneema\/#local-main-place-address","streetAddress":"Fischnalerstra\u00dfe 4","addressLocality":"Innsbruck","postalCode":"6020","addressRegion":"Tirol","addressCountry":"AT"},{"@type":"ImageObject","inLanguage":"en-US","@id":"https:\/\/bolting.eu\/en\/shop\/bandschlinge-120cm-beal-dyneema\/#local-main-organization-logo","url":"https:\/\/bolting.eu\/wp-content\/uploads\/2019\/09\/bolting-logo.png","contentUrl":"https:\/\/bolting.eu\/wp-content\/uploads\/2019\/09\/bolting-logo.png","width":400,"height":211,"caption":"bolting.eu"}]},"product_price_amount":"13.49","product_price_currency":"EUR","og_availability":"out of stock","product_availability":"out of stock","product_retailer_item_id":"BSAD10.120","product_condition":"new","geo.placename":"Innsbruck","geo.position":{"lat":"47.264176340396226","long":"11.380109057672346"},"geo.region":"Austria"},"_links":{"self":[{"href":"https:\/\/bolting.eu\/en\/wp-json\/wp\/v2\/product\/8697","targetHints":{"allow":["GET"]}}],"collection":[{"href":"https:\/\/bolting.eu\/en\/wp-json\/wp\/v2\/product"}],"about":[{"href":"https:\/\/bolting.eu\/en\/wp-json\/wp\/v2\/types\/product"}],"replies":[{"embeddable":true,"href":"https:\/\/bolting.eu\/en\/wp-json\/wp\/v2\/comments?post=8697"}],"wp:featuredmedia":[{"embeddable":true,"href":"https:\/\/bolting.eu\/en\/wp-json\/wp\/v2\/media\/20350"}],"wp:attachment":[{"href":"https:\/\/bolting.eu\/en\/wp-json\/wp\/v2\/media?parent=8697"}],"wp:term":[{"taxonomy":"product_brand","embeddable":true,"href":"https:\/\/bolting.eu\/en\/wp-json\/wp\/v2\/product_brand?post=8697"},{"taxonomy":"product_cat","embeddable":true,"href":"https:\/\/bolting.eu\/en\/wp-json\/wp\/v2\/product_cat?post=8697"},{"taxonomy":"product_tag","embeddable":true,"href":"https:\/\/bolting.eu\/en\/wp-json\/wp\/v2\/product_tag?post=8697"}],"curies":[{"name":"wp","href":"https:\/\/api.w.org\/{rel}","templated":true}]}}