{"id":8694,"date":"2021-05-28T13:28:26","date_gmt":"2021-05-28T11:28:26","guid":{"rendered":"https:\/\/bolting.eu\/?post_type=product&#038;p=8694"},"modified":"2025-09-29T16:24:05","modified_gmt":"2025-09-29T14:24:05","slug":"bandschlinge-60cm","status":"publish","type":"product","link":"https:\/\/bolting.eu\/en\/shop\/bandschlinge-60cm\/","title":{"rendered":"Bandschlinge 60cm &#8211; Beal Dyneema 10mm"},"content":{"rendered":"<p>Unsere Bandschlinge 60cm ist ein Qualit\u00e4tsprodukt des Herstellers Beal. Die Rundschlinge besteht aus hochwertigem 10mm breitem Dyneema Material. Die Schlinge Besitzt die EN Norm 566 und ist somit f\u00fcr alle Bergsportarten zugelassen. Somit ist sie auch eine sehr gute <a href=\"https:\/\/bolting.eu\/produkt-kategorie\/kletterausruestung\/selbstsicherungsschlinge\/\">Selbstsicherungsschlinge<\/a>.<\/p>\n<p>Zudem hat sie auch die EN 354 und eignet sich somit auch als PSA bei H\u00f6henarbeiten gegen Absturz. Die EN 795 weist dieses Produkt \u00fcberdies als PSA Ausr\u00fcstung f\u00fcr Anschlageinrichtungen aus.<\/p>\n<p>Mit dieser Bandschlinge 60cm erwirbst Du einen hochwertigen Ausr\u00fcstungsgegenstand f\u00fcr deine <a href=\"https:\/\/bolting.eu\/kletterausruestung\/\">Kletterausr\u00fcstung<\/a> bzw. H\u00f6henarbeiter Ausr\u00fcstung.<\/p>\n<p>Das Dyneema Material garantiert dir dabei alle seine Vorteile. Erstens nimmt es kein Wasser auf. Das ist z.B. beim Eisklettern im Winter von enormen Vorteil. Zweitens ist Dyneema extrem leicht aber zugleich schnittfest. D.h. du kannst diese Schlinge auch gerne zum F\u00e4deln von Sanduhren verwenden. Und drittens ist Dyneema sehr gut knotbar. Beispielsweise f\u00fcr ein &#8220;weiches Auge&#8221;.<\/p>\n<p>Kurzum. Wer eine vielseitige Rundschlinge sucht hat sie bereits gefunden!<\/p>\n<h2>Eigenschaften Bandschlinge 60cm<\/h2>\n<ul>\n<li>Hersteller: <a href=\"https:\/\/bolting.eu\/produkt-kategorie\/beal\/\">Beal<\/a><\/li>\n<li>Material: Dyneema (Polyethylen)<\/li>\n<li>Breite: 10mm<\/li>\n<li>L\u00e4nge: 60cm (Umfang 120cm)<\/li>\n<li>Bruchlast: 2200daN (kg)<\/li>\n<li>Normen:\u00a0 EN 566, EN 354, EN 795B<\/li>\n<li>Farbe: grau<\/li>\n<li>Gewicht: nur 19,8 Gramm<\/li>\n<li>Lagerfrist: max. 5 Jahre<\/li>\n<li>Gebrauchsfrist: 3 Jahre<\/li>\n<\/ul>\n<h3>Bandschlinge 60cm &#8211; Einsatzbereiche<\/h3>\n<p>Eine Rundschlinge dieser L\u00e4nge hat einen breiten Einsatzbereich. Denn sie kann f\u00fcr alle m\u00f6glichen Zwecke benutzt werden. Klassische Anwendungen sind wie folgt.<\/p>\n<p>Erstens als Rastschlinge am Klettersteig. Zweitens zum Bau einer &#8220;<a href=\"https:\/\/bolting.eu\/verlaengerbare-expressschlinge\/\">verl\u00e4ngerbaren Expressschlinge<\/a>&#8220;. Drittens als Selbstsicherungsschlinge beim Umbinden am Kettenstand. Und viertens als Anschlagpunkt um einen Baum, einen Stahltr\u00e4ger oder eine Sanduhr gef\u00e4delt.<\/p>\n<figure id=\"attachment_8189\" aria-describedby=\"caption-attachment-8189\" style=\"width: 800px\" class=\"wp-caption alignnone\"><a href=\"https:\/\/bolting.eu\/wp-content\/uploads\/2021\/03\/Kletterhelme-bei-alpinen-Kletterrouten-2.jpg\"><img loading=\"lazy\" decoding=\"async\" class=\"wp-image-8189 size-full\" src=\"https:\/\/bolting.eu\/wp-content\/uploads\/2021\/03\/Kletterhelme-bei-alpinen-Kletterrouten-2.jpg\" alt=\"Das Bild zeigt einen Kletterer auf einem Granitgrat \u00fcber einem Gletscher. Er tr\u00e4gt einen orangen Kletterhelm und Jacke.\" width=\"800\" height=\"600\" srcset=\"https:\/\/bolting.eu\/wp-content\/uploads\/2021\/03\/Kletterhelme-bei-alpinen-Kletterrouten-2.jpg 800w, https:\/\/bolting.eu\/wp-content\/uploads\/2021\/03\/Kletterhelme-bei-alpinen-Kletterrouten-2-510x383.jpg 510w, https:\/\/bolting.eu\/wp-content\/uploads\/2021\/03\/Kletterhelme-bei-alpinen-Kletterrouten-2-533x400.jpg 533w, https:\/\/bolting.eu\/wp-content\/uploads\/2021\/03\/Kletterhelme-bei-alpinen-Kletterrouten-2-768x576.jpg 768w, https:\/\/bolting.eu\/wp-content\/uploads\/2021\/03\/Kletterhelme-bei-alpinen-Kletterrouten-2-600x450.jpg 600w\" sizes=\"auto, (max-width: 800px) 100vw, 800px\" \/><\/a><figcaption id=\"caption-attachment-8189\" class=\"wp-caption-text\">Die Bandschlinge 60cm ist vor allem im alpinen Gel\u00e4nde extrem handy f\u00fcr verl\u00e4ngerbare Expressen.<\/figcaption><\/figure>\n<h3>Hochwertiges Dyneema Material<\/h3>\n<p>Diese Bandschlinge 60cm von Beal besteht aus hochwertigem Dyneema. Dieses Material hat einige klasse Eigenschaften die man beim Klettern gut brauchen kann.<\/p>\n<p>Zum einen ist es super leicht aber dennoch extrem rei\u00df- und schnittfest. D.h. man kann es gut zum F\u00e4deln um Sanduhren verwenden. Und zum anderen nimmt Dyneema kein Wasser auf. Folglich &#8220;saufen&#8221; sich die Schlingen nicht an und werden auch nicht schwerer. Dar\u00fcber hinaus k\u00f6nnen sie im Winter nicht frieren und steif werden.<\/p>\n<h3>Bandschlinge 60cm &#8211; nicht als Prusik verwenden!<\/h3>\n<p>Aufgrund des geringen Schmelzpunktes gilt f\u00fcr diese Schlinge. Nicht als Prusik beim Abseilen verwenden.<\/p>\n<p>Denn es kann bereits bei relativ geringen Temperaturen zum Schmelzen der Fasern kommen. Wie eben beim Abseilen.<\/p>\n<p>Hier empfiehlt es sich ein klassische Reepschnur aus Polyamid dabei zu haben.<\/p>\n<h3>Gut knotbar!<\/h3>\n<p>Eine weitere positive Eigenschaft des Dyneema Materials ist die gute Knotbarkeit. Viele der wichtigen Knoten k\u00f6nnen somit gut gemacht werden. Wie z.B. ein Mastwurf beim Einh\u00e4ngen in einen Karabiner. Oder aber auch der Ankerstich zum Befestigen am Klettergurt.<\/p>\n<h4><strong>Austausch nach 3 Jahren empfohlen<\/strong><\/h4>\n<p>Eure Bandschlinge 60cm solltet ihr nach 3 Jahren Verwendung austauschen. So wird es im Artikel \u201e<a href=\"https:\/\/bolting.eu\/wp-content\/uploads\/2020\/05\/Gebrauchsdauer-von-Bandschlingen-DAV-Panorama-4-2015.pdf\" target=\"_blank\" rel=\"noopener noreferrer\">Gebrauchsdauer von Bandschlingen<\/a>\u201c im DAV Panorama 4 \/ 2015 empfohlen. Wer seine Schlingen ganz wenig n\u00fctzt, sollte diese nach sp\u00e4testens 5 Jahren austauschen.<\/p>\n<p>Diese Empfehlungen fu\u00dfen auf dem Materialverhalten von Dyneema. Vereinfacht dargestellt sorgt das Verknoten, Schmutz, Belastungen, Reibung an der Materialoberfl\u00e4che, UV Strahlung etc. f\u00fcr die Alterung des Polyethylens. Folglich nimmt die Festigkeit stetig ab. Je st\u00e4rker eine Schlinge genutzt und verschmutzt ist, desto fr\u00fcher fallen die Bruchwerte unter die Normgrenze!<\/p>\n","protected":false},"excerpt":{"rendered":"<ul>\n<li>Hersteller: Beal<\/li>\n<li>Material: Dyneema (Polyethylen)<\/li>\n<li>Breite: 10mm<\/li>\n<li>L\u00e4nge: 60cm (Umfang 120cm)<\/li>\n<li>Bruchlast: 2200daN (kg)<\/li>\n<li>Normen:\u00a0 EN 566, EN 354, EN 795B<\/li>\n<li>Farbe: grau<\/li>\n<li>Gewicht: nur 19,8 Gramm<\/li>\n<li>Lagerfrist: max. 5 Jahre<\/li>\n<li>Gebrauchsfrist: 3 Jahre<\/li>\n<\/ul>\n","protected":false},"featured_media":8695,"comment_status":"open","ping_status":"closed","template":"","meta":[],"product_brand":[],"product_cat":[259,4663,14739,29],"product_tag":[],"class_list":{"0":"post-8694","1":"product","2":"type-product","3":"status-publish","4":"has-post-thumbnail","6":"product_cat-bandschlinge","7":"product_cat-beal","8":"product_cat-selbstsicherungsschlinge","9":"product_cat-kletterausruestung","11":"first","12":"outofstock","13":"taxable","14":"shipping-taxable","15":"purchasable","16":"product-type-simple"},"yoast_head":"<!-- This site is optimized with the Yoast SEO Premium plugin v26.9 (Yoast SEO v26.9) - https:\/\/yoast.com\/product\/yoast-seo-premium-wordpress\/ -->\n<title>Bandschlinge 60cm - Beal Dyneema 10mm online kaufen | bolting.eu<\/title>\n<meta name=\"description\" content=\"Hier findest Du unsere BANDSCHINGE 60cm. Jetzt die Beal Dyneema 10mm Rundschlinge zum Top Preis online kaufen!\" \/>\n<meta name=\"robots\" content=\"index, follow, max-snippet:-1, max-image-preview:large, max-video-preview:-1\" \/>\n<link rel=\"canonical\" href=\"https:\/\/bolting.eu\/en\/shop\/bandschlinge-60cm\/\" \/>\n<meta property=\"og:locale\" content=\"en_US\" \/>\n<meta property=\"og:type\" content=\"article\" \/>\n<meta property=\"og:title\" content=\"Bandschlinge 60cm - Beal Dyneema 10mm\" \/>\n<meta property=\"og:description\" content=\"Hier findest Du unsere BANDSCHINGE 60cm. Jetzt die Beal Dyneema 10mm Rundschlinge zum Top Preis online kaufen!\" \/>\n<meta property=\"og:url\" content=\"https:\/\/bolting.eu\/en\/shop\/bandschlinge-60cm\/\" \/>\n<meta property=\"og:site_name\" content=\"bolting.eu\" \/>\n<meta property=\"article:publisher\" content=\"https:\/\/www.facebook.com\/bolting.eu\" \/>\n<meta property=\"article:modified_time\" content=\"2025-09-29T14:24:05+00:00\" \/>\n<meta property=\"og:image\" content=\"https:\/\/bolting.eu\/wp-content\/uploads\/2021\/05\/Bandschlinge-60cm-1.jpg\" \/>\n\t<meta property=\"og:image:width\" content=\"700\" \/>\n\t<meta property=\"og:image:height\" content=\"700\" \/>\n\t<meta property=\"og:image:type\" content=\"image\/jpeg\" \/>\n<meta name=\"twitter:card\" content=\"summary_large_image\" \/>\n<meta name=\"twitter:label1\" content=\"Price\" \/>\n\t<meta name=\"twitter:data1\" content=\"&euro;&nbsp;9,00\" \/>\n\t<meta name=\"twitter:label2\" content=\"Availability\" \/>\n\t<meta name=\"twitter:data2\" content=\"Out of stock\" \/>\n<script type=\"application\/ld+json\" class=\"yoast-schema-graph\">{\"@context\":\"https:\/\/schema.org\",\"@graph\":[{\"@type\":[\"WebPage\",\"ItemPage\"],\"@id\":\"https:\/\/bolting.eu\/en\/shop\/bandschlinge-60cm\/\",\"url\":\"https:\/\/bolting.eu\/en\/shop\/bandschlinge-60cm\/\",\"name\":\"Bandschlinge 60cm - Beal Dyneema 10mm online kaufen | bolting.eu\",\"isPartOf\":{\"@id\":\"https:\/\/bolting.eu\/en\/#website\"},\"primaryImageOfPage\":{\"@id\":\"https:\/\/bolting.eu\/en\/shop\/bandschlinge-60cm\/#primaryimage\"},\"image\":{\"@id\":\"https:\/\/bolting.eu\/en\/shop\/bandschlinge-60cm\/#primaryimage\"},\"thumbnailUrl\":\"https:\/\/bolting.eu\/wp-content\/uploads\/2021\/05\/Bandschlinge-60cm-1.jpg\",\"datePublished\":\"2021-05-28T11:28:26+00:00\",\"dateModified\":\"2025-09-29T14:24:05+00:00\",\"description\":\"Hier findest Du unsere BANDSCHINGE 60cm. Jetzt die Beal Dyneema 10mm Rundschlinge zum Top Preis online kaufen!\",\"breadcrumb\":{\"@id\":\"https:\/\/bolting.eu\/en\/shop\/bandschlinge-60cm\/#breadcrumb\"},\"inLanguage\":\"en-US\",\"potentialAction\":[{\"@type\":\"ReadAction\",\"target\":[\"https:\/\/bolting.eu\/en\/shop\/bandschlinge-60cm\/\"]}]},{\"@type\":\"ImageObject\",\"inLanguage\":\"en-US\",\"@id\":\"https:\/\/bolting.eu\/en\/shop\/bandschlinge-60cm\/#primaryimage\",\"url\":\"https:\/\/bolting.eu\/wp-content\/uploads\/2021\/05\/Bandschlinge-60cm-1.jpg\",\"contentUrl\":\"https:\/\/bolting.eu\/wp-content\/uploads\/2021\/05\/Bandschlinge-60cm-1.jpg\",\"width\":700,\"height\":700,\"caption\":\"Das Bild zeigt die Schleife einer grauen BAndschlinge 60cm von Beal.\"},{\"@type\":\"BreadcrumbList\",\"@id\":\"https:\/\/bolting.eu\/en\/shop\/bandschlinge-60cm\/#breadcrumb\",\"itemListElement\":[{\"@type\":\"ListItem\",\"position\":1,\"name\":\"Shop\",\"item\":\"https:\/\/bolting.eu\/en\/shop\/\"},{\"@type\":\"ListItem\",\"position\":2,\"name\":\"climbing equipment\",\"item\":\"https:\/\/bolting.eu\/en\/produkt-kategorie\/climbing-equipment\/\"},{\"@type\":\"ListItem\",\"position\":3,\"name\":\"Bandschlinge\",\"item\":\"https:\/\/bolting.eu\/produkt-kategorie\/kletterausruestung\/bandschlinge\/\"},{\"@type\":\"ListItem\",\"position\":4,\"name\":\"Bandschlinge 60cm &#8211; Beal Dyneema 10mm\"}]},{\"@type\":\"WebSite\",\"@id\":\"https:\/\/bolting.eu\/en\/#website\",\"url\":\"https:\/\/bolting.eu\/en\/\",\"name\":\"bolting.eu\",\"description\":\"we make climbs happen\",\"publisher\":{\"@id\":\"https:\/\/bolting.eu\/en\/#organization\"},\"potentialAction\":[{\"@type\":\"SearchAction\",\"target\":{\"@type\":\"EntryPoint\",\"urlTemplate\":\"https:\/\/bolting.eu\/en\/?s={search_term_string}\"},\"query-input\":{\"@type\":\"PropertyValueSpecification\",\"valueRequired\":true,\"valueName\":\"search_term_string\"}}],\"inLanguage\":\"en-US\"},{\"@type\":[\"Organization\",\"Place\",\"SportingGoodsStore\"],\"@id\":\"https:\/\/bolting.eu\/en\/#organization\",\"name\":\"bolting.eu\",\"url\":\"https:\/\/bolting.eu\/en\/\",\"logo\":{\"@id\":\"https:\/\/bolting.eu\/en\/shop\/bandschlinge-60cm\/#local-main-organization-logo\"},\"image\":{\"@id\":\"https:\/\/bolting.eu\/en\/shop\/bandschlinge-60cm\/#local-main-organization-logo\"},\"sameAs\":[\"https:\/\/www.facebook.com\/bolting.eu\",\"https:\/\/www.instagram.com\/bolting.eu\/\"],\"address\":{\"@id\":\"https:\/\/bolting.eu\/en\/shop\/bandschlinge-60cm\/#local-main-place-address\"},\"geo\":{\"@type\":\"GeoCoordinates\",\"latitude\":\"47.264176340396226\",\"longitude\":\"11.380109057672346\"},\"telephone\":[\"+43 699 19083372\"],\"openingHoursSpecification\":[{\"@type\":\"OpeningHoursSpecification\",\"dayOfWeek\":[\"Monday\",\"Wednesday\",\"Friday\"],\"opens\":\"14:00\",\"closes\":\"18:00\"},{\"@type\":\"OpeningHoursSpecification\",\"dayOfWeek\":[\"Tuesday\",\"Thursday\",\"Saturday\",\"Sunday\"],\"opens\":\"00:00\",\"closes\":\"00:00\"}],\"email\":\"office@bolting.eu\",\"vatID\":\"ATU59999728\",\"priceRange\":\"$$\",\"currenciesAccepted\":\"Euro\"},{\"@type\":\"PostalAddress\",\"@id\":\"https:\/\/bolting.eu\/en\/shop\/bandschlinge-60cm\/#local-main-place-address\",\"streetAddress\":\"Fischnalerstra\u00dfe 4\",\"addressLocality\":\"Innsbruck\",\"postalCode\":\"6020\",\"addressRegion\":\"Tirol\",\"addressCountry\":\"AT\"},{\"@type\":\"ImageObject\",\"inLanguage\":\"en-US\",\"@id\":\"https:\/\/bolting.eu\/en\/shop\/bandschlinge-60cm\/#local-main-organization-logo\",\"url\":\"https:\/\/bolting.eu\/wp-content\/uploads\/2019\/09\/bolting-logo.png\",\"contentUrl\":\"https:\/\/bolting.eu\/wp-content\/uploads\/2019\/09\/bolting-logo.png\",\"width\":400,\"height\":211,\"caption\":\"bolting.eu\"}]}<\/script>\n<meta property=\"product:price:amount\" content=\"9.00\" \/>\n<meta property=\"product:price:currency\" content=\"EUR\" \/>\n<meta property=\"og:availability\" content=\"out of stock\" \/>\n<meta property=\"product:availability\" content=\"out of stock\" \/>\n<meta property=\"product:retailer_item_id\" content=\"BSAD10.60\" \/>\n<meta property=\"product:condition\" content=\"new\" \/>\n<meta name=\"geo.placename\" content=\"Innsbruck\" \/>\n<meta name=\"geo.position\" content=\"47.264176340396226;11.380109057672346\" \/>\n<meta name=\"geo.region\" content=\"Austria\" \/>\n<!-- \/ Yoast SEO Premium plugin. -->","yoast_head_json":{"title":"Bandschlinge 60cm - Beal Dyneema 10mm online kaufen | bolting.eu","description":"Hier findest Du unsere BANDSCHINGE 60cm. Jetzt die Beal Dyneema 10mm Rundschlinge zum Top Preis online kaufen!","robots":{"index":"index","follow":"follow","max-snippet":"max-snippet:-1","max-image-preview":"max-image-preview:large","max-video-preview":"max-video-preview:-1"},"canonical":"https:\/\/bolting.eu\/en\/shop\/bandschlinge-60cm\/","og_locale":"en_US","og_type":"article","og_title":"Bandschlinge 60cm - Beal Dyneema 10mm","og_description":"Hier findest Du unsere BANDSCHINGE 60cm. Jetzt die Beal Dyneema 10mm Rundschlinge zum Top Preis online kaufen!","og_url":"https:\/\/bolting.eu\/en\/shop\/bandschlinge-60cm\/","og_site_name":"bolting.eu","article_publisher":"https:\/\/www.facebook.com\/bolting.eu","article_modified_time":"2025-09-29T14:24:05+00:00","og_image":[{"width":700,"height":700,"url":"https:\/\/bolting.eu\/wp-content\/uploads\/2021\/05\/Bandschlinge-60cm-1.jpg","type":"image\/jpeg"}],"twitter_card":"summary_large_image","twitter_misc":{"Price":"&euro;&nbsp;9,00","Availability":"Out of stock"},"schema":{"@context":"https:\/\/schema.org","@graph":[{"@type":["WebPage","ItemPage"],"@id":"https:\/\/bolting.eu\/en\/shop\/bandschlinge-60cm\/","url":"https:\/\/bolting.eu\/en\/shop\/bandschlinge-60cm\/","name":"Bandschlinge 60cm - Beal Dyneema 10mm online kaufen | bolting.eu","isPartOf":{"@id":"https:\/\/bolting.eu\/en\/#website"},"primaryImageOfPage":{"@id":"https:\/\/bolting.eu\/en\/shop\/bandschlinge-60cm\/#primaryimage"},"image":{"@id":"https:\/\/bolting.eu\/en\/shop\/bandschlinge-60cm\/#primaryimage"},"thumbnailUrl":"https:\/\/bolting.eu\/wp-content\/uploads\/2021\/05\/Bandschlinge-60cm-1.jpg","datePublished":"2021-05-28T11:28:26+00:00","dateModified":"2025-09-29T14:24:05+00:00","description":"Hier findest Du unsere BANDSCHINGE 60cm. Jetzt die Beal Dyneema 10mm Rundschlinge zum Top Preis online kaufen!","breadcrumb":{"@id":"https:\/\/bolting.eu\/en\/shop\/bandschlinge-60cm\/#breadcrumb"},"inLanguage":"en-US","potentialAction":[{"@type":"ReadAction","target":["https:\/\/bolting.eu\/en\/shop\/bandschlinge-60cm\/"]}]},{"@type":"ImageObject","inLanguage":"en-US","@id":"https:\/\/bolting.eu\/en\/shop\/bandschlinge-60cm\/#primaryimage","url":"https:\/\/bolting.eu\/wp-content\/uploads\/2021\/05\/Bandschlinge-60cm-1.jpg","contentUrl":"https:\/\/bolting.eu\/wp-content\/uploads\/2021\/05\/Bandschlinge-60cm-1.jpg","width":700,"height":700,"caption":"Das Bild zeigt die Schleife einer grauen BAndschlinge 60cm von Beal."},{"@type":"BreadcrumbList","@id":"https:\/\/bolting.eu\/en\/shop\/bandschlinge-60cm\/#breadcrumb","itemListElement":[{"@type":"ListItem","position":1,"name":"Shop","item":"https:\/\/bolting.eu\/en\/shop\/"},{"@type":"ListItem","position":2,"name":"climbing equipment","item":"https:\/\/bolting.eu\/en\/produkt-kategorie\/climbing-equipment\/"},{"@type":"ListItem","position":3,"name":"Bandschlinge","item":"https:\/\/bolting.eu\/produkt-kategorie\/kletterausruestung\/bandschlinge\/"},{"@type":"ListItem","position":4,"name":"Bandschlinge 60cm &#8211; Beal Dyneema 10mm"}]},{"@type":"WebSite","@id":"https:\/\/bolting.eu\/en\/#website","url":"https:\/\/bolting.eu\/en\/","name":"bolting.eu","description":"we make climbs happen","publisher":{"@id":"https:\/\/bolting.eu\/en\/#organization"},"potentialAction":[{"@type":"SearchAction","target":{"@type":"EntryPoint","urlTemplate":"https:\/\/bolting.eu\/en\/?s={search_term_string}"},"query-input":{"@type":"PropertyValueSpecification","valueRequired":true,"valueName":"search_term_string"}}],"inLanguage":"en-US"},{"@type":["Organization","Place","SportingGoodsStore"],"@id":"https:\/\/bolting.eu\/en\/#organization","name":"bolting.eu","url":"https:\/\/bolting.eu\/en\/","logo":{"@id":"https:\/\/bolting.eu\/en\/shop\/bandschlinge-60cm\/#local-main-organization-logo"},"image":{"@id":"https:\/\/bolting.eu\/en\/shop\/bandschlinge-60cm\/#local-main-organization-logo"},"sameAs":["https:\/\/www.facebook.com\/bolting.eu","https:\/\/www.instagram.com\/bolting.eu\/"],"address":{"@id":"https:\/\/bolting.eu\/en\/shop\/bandschlinge-60cm\/#local-main-place-address"},"geo":{"@type":"GeoCoordinates","latitude":"47.264176340396226","longitude":"11.380109057672346"},"telephone":["+43 699 19083372"],"openingHoursSpecification":[{"@type":"OpeningHoursSpecification","dayOfWeek":["Monday","Wednesday","Friday"],"opens":"14:00","closes":"18:00"},{"@type":"OpeningHoursSpecification","dayOfWeek":["Tuesday","Thursday","Saturday","Sunday"],"opens":"00:00","closes":"00:00"}],"email":"office@bolting.eu","vatID":"ATU59999728","priceRange":"$$","currenciesAccepted":"Euro"},{"@type":"PostalAddress","@id":"https:\/\/bolting.eu\/en\/shop\/bandschlinge-60cm\/#local-main-place-address","streetAddress":"Fischnalerstra\u00dfe 4","addressLocality":"Innsbruck","postalCode":"6020","addressRegion":"Tirol","addressCountry":"AT"},{"@type":"ImageObject","inLanguage":"en-US","@id":"https:\/\/bolting.eu\/en\/shop\/bandschlinge-60cm\/#local-main-organization-logo","url":"https:\/\/bolting.eu\/wp-content\/uploads\/2019\/09\/bolting-logo.png","contentUrl":"https:\/\/bolting.eu\/wp-content\/uploads\/2019\/09\/bolting-logo.png","width":400,"height":211,"caption":"bolting.eu"}]},"product_price_amount":"9.00","product_price_currency":"EUR","og_availability":"out of stock","product_availability":"out of stock","product_retailer_item_id":"BSAD10.60","product_condition":"new","geo.placename":"Innsbruck","geo.position":{"lat":"47.264176340396226","long":"11.380109057672346"},"geo.region":"Austria"},"_links":{"self":[{"href":"https:\/\/bolting.eu\/en\/wp-json\/wp\/v2\/product\/8694","targetHints":{"allow":["GET"]}}],"collection":[{"href":"https:\/\/bolting.eu\/en\/wp-json\/wp\/v2\/product"}],"about":[{"href":"https:\/\/bolting.eu\/en\/wp-json\/wp\/v2\/types\/product"}],"replies":[{"embeddable":true,"href":"https:\/\/bolting.eu\/en\/wp-json\/wp\/v2\/comments?post=8694"}],"wp:featuredmedia":[{"embeddable":true,"href":"https:\/\/bolting.eu\/en\/wp-json\/wp\/v2\/media\/8695"}],"wp:attachment":[{"href":"https:\/\/bolting.eu\/en\/wp-json\/wp\/v2\/media?parent=8694"}],"wp:term":[{"taxonomy":"product_brand","embeddable":true,"href":"https:\/\/bolting.eu\/en\/wp-json\/wp\/v2\/product_brand?post=8694"},{"taxonomy":"product_cat","embeddable":true,"href":"https:\/\/bolting.eu\/en\/wp-json\/wp\/v2\/product_cat?post=8694"},{"taxonomy":"product_tag","embeddable":true,"href":"https:\/\/bolting.eu\/en\/wp-json\/wp\/v2\/product_tag?post=8694"}],"curies":[{"name":"wp","href":"https:\/\/api.w.org\/{rel}","templated":true}]}}