{"id":8670,"date":"2021-05-27T22:35:27","date_gmt":"2021-05-27T20:35:27","guid":{"rendered":"https:\/\/bolting.eu\/?post_type=product&#038;p=8670"},"modified":"2025-06-13T13:29:04","modified_gmt":"2025-06-13T11:29:04","slug":"camp-ultimate-reality-piton","status":"publish","type":"product","link":"https:\/\/bolting.eu\/en\/shop\/camp-ultimate-reality-piton\/","title":{"rendered":"CAMP Ultimate Reality Piton"},"content":{"rendered":"<p>Der Ultimate Reality Piton von Camp ist ein Felshaken zum Techno Klettern. Er wird im Kletterer Chargon auch als &#8220;Rurp&#8221; bezeichnet. Verwendet wird er f\u00fcr feinste Risse, sogenannte &#8220;seams&#8221;. Folglich findet man ihn fast nur in <a href=\"https:\/\/bolting.eu\/big-wall-ausruestung\/\">Big Wall Ausr\u00fcstungen<\/a> oder Racks von Erschlie\u00dfern.<\/p>\n<p>Denn diese Mini-Messerhaken dient ausschlie\u00dflich zum Halten des eigenen K\u00f6rpergewichts. Er wird hierf\u00fcr nur wenige Millimeter bis max. 1cm eingeschlagen.<\/p>\n<p>Die Karabiner\u00f6se fehlt bei diesem Felshaken Typ. Daf\u00fcr ist eine kleine Drahtschlinge montiert in welche man einen <a href=\"https:\/\/bolting.eu\/produkt-kategorie\/kletterausruestung\/karabiner-kletterkarabiner\/\">Karabiner<\/a> einh\u00e4ngen kann.<\/p>\n<p>Fazit. Ein klassischer Techno-Klettern Felshaken f\u00fcr feinste Risse!<\/p>\n<h2>Eigenschaften Ultimate Reality Piton<\/h2>\n<ul>\n<li>Hersteller: <a href=\"https:\/\/bolting.eu\/produkt-kategorie\/camp-cassin\/\">Camp<\/a><\/li>\n<li>Material: Nickel-Chrom-Molybd\u00e4n Stahl<\/li>\n<li>Gewicht: 18 Gramm<\/li>\n<li>Dicke: 0,5 bis 1.5mm<\/li>\n<li>f\u00fcr feinste Risse, sogenannte &#8220;seams&#8221;<\/li>\n<li>h\u00e4lt nur das K\u00f6rpergewicht<\/li>\n<li>f\u00fcr Techno Klettereien<\/li>\n<li>inkl. Drahtseil Schlaufe<\/li>\n<\/ul>\n<h3>&#8220;Rurp&#8221; f\u00fcr Techno Roten<\/h3>\n<p>Der Ultimate Reality Piton ist ein Mini Felshaken. Er ist f\u00fcr schmalste Risse von 0,5 bis 1,5mm Breite, sogenannte Seams.<\/p>\n<p>Folglich h\u00e4lt dieser Haken auch keine St\u00fcrze aus. Er ist rein f\u00fcr die Fortbewegung beim Techno Klettern gedacht. Deshalb haben viele &#8220;Big Wall Ratten&#8221; auch gleich mehrere diese Mini Haken im Rack mit dabei.<\/p>\n<h3>Camp Ultimate Reality Piton &#8211; Drahtschlaufe statt \u00d6se<\/h3>\n<p>Dieser Rurp ist so klein, dass er keine normale Karabiner\u00f6se mehr hat. Stattdessen h\u00e4ngt eine kleine Drahtseilschlaufe an dem kleinen Stahl-Bl\u00e4ttchen.<\/p>\n<p>Techno Kletterer befestigen darin in der Regel einen Karabiner mit Bandschlinge. Diese wird r\u00fcckgeh\u00e4ngt sodass der Haken niemals verloren gehen kann wenn man beim Einschlagen st\u00fcrzt.<\/p>\n<h4><strong>Link Tipp<\/strong><\/h4>\n<p>Hier geht es zum <a href=\"https:\/\/www.camp.it\" target=\"_blank\" rel=\"noopener\">Hersteller<\/a>.<\/p>\n","protected":false},"excerpt":{"rendered":"<p>Super d\u00fcnner Felshaken f\u00fcr\u00b4s Techno Klettern an extrem seichten Rissen, sogenannten &#8220;seams&#8221;.<\/p>\n<p>H\u00e4lt nur das K\u00f6pergewicht und ist nur etwas f\u00fcr Techno Freaks.<\/p>\n<p>Versandkostenfrei bis 2kg in <img decoding=\"async\" class=\"emoji\" role=\"img\" draggable=\"false\" src=\"https:\/\/s.w.org\/images\/core\/emoji\/14.0.0\/svg\/1f1e6-1f1f9.svg\" alt=\"\ud83c\udde6\ud83c\uddf9\" \/> ab \u20ac 100,- und <img decoding=\"async\" class=\"emoji\" role=\"img\" draggable=\"false\" src=\"https:\/\/s.w.org\/images\/core\/emoji\/14.0.0\/svg\/1f1e9-1f1ea.svg\" alt=\"\ud83c\udde9\ud83c\uddea\" \/> ab \u20ac 200,-!<\/p>\n","protected":false},"featured_media":8672,"comment_status":"open","ping_status":"closed","template":"","meta":[],"product_brand":[],"product_cat":[4653,1210,37],"product_tag":[],"class_list":{"0":"post-8670","1":"product","2":"type-product","3":"status-publish","4":"has-post-thumbnail","6":"product_cat-camp-cassin","7":"product_cat-einbohrartikel","8":"product_cat-felshaken-normalhaken","10":"first","11":"instock","12":"sale","13":"taxable","14":"shipping-taxable","15":"purchasable","16":"product-type-simple"},"yoast_head":"<!-- This site is optimized with the Yoast SEO Premium plugin v26.9 (Yoast SEO v26.9) - https:\/\/yoast.com\/product\/yoast-seo-premium-wordpress\/ -->\n<title>CAMP Ultimate Reality Piton &quot;Rurp&quot; g\u00fcnstig online kaufen | bolting.eu<\/title>\n<meta name=\"description\" content=\"CAMP ULTIMATE REALITY PITON Rurp beim Kletter Hardwareprofi kaufen \u2705 Trusted Shop \u2705 kostenloser Versand* \u2705 14 Tage R\u00fcckgaberecht \u2705 Co2 neutraler Versand\" \/>\n<meta name=\"robots\" content=\"index, follow, max-snippet:-1, max-image-preview:large, max-video-preview:-1\" \/>\n<link rel=\"canonical\" href=\"https:\/\/bolting.eu\/en\/shop\/camp-ultimate-reality-piton\/\" \/>\n<meta property=\"og:locale\" content=\"en_US\" \/>\n<meta property=\"og:type\" content=\"article\" \/>\n<meta property=\"og:title\" content=\"CAMP Ultimate Reality Piton\" \/>\n<meta property=\"og:description\" content=\"CAMP ULTIMATE REALITY PITON Rurp beim Kletter Hardwareprofi kaufen \u2705 Trusted Shop \u2705 kostenloser Versand* \u2705 14 Tage R\u00fcckgaberecht \u2705 Co2 neutraler Versand\" \/>\n<meta property=\"og:url\" content=\"https:\/\/bolting.eu\/en\/shop\/camp-ultimate-reality-piton\/\" \/>\n<meta property=\"og:site_name\" content=\"bolting.eu\" \/>\n<meta property=\"article:publisher\" content=\"https:\/\/www.facebook.com\/bolting.eu\" \/>\n<meta property=\"article:modified_time\" content=\"2025-06-13T11:29:04+00:00\" \/>\n<meta property=\"og:image\" content=\"https:\/\/bolting.eu\/wp-content\/uploads\/2021\/05\/Camp-Ultimate-Reality-Piton-Rurp-1.jpg\" \/>\n\t<meta property=\"og:image:width\" content=\"700\" \/>\n\t<meta property=\"og:image:height\" content=\"700\" \/>\n\t<meta property=\"og:image:type\" content=\"image\/jpeg\" \/>\n<meta name=\"twitter:card\" content=\"summary_large_image\" \/>\n<meta name=\"twitter:label1\" content=\"Price\" \/>\n\t<meta name=\"twitter:data1\" content=\"&euro;&nbsp;13,30\" \/>\n\t<meta name=\"twitter:label2\" content=\"Availability\" \/>\n\t<meta name=\"twitter:data2\" content=\"In stock\" \/>\n<script type=\"application\/ld+json\" class=\"yoast-schema-graph\">{\"@context\":\"https:\/\/schema.org\",\"@graph\":[{\"@type\":[\"WebPage\",\"ItemPage\"],\"@id\":\"https:\/\/bolting.eu\/en\/shop\/camp-ultimate-reality-piton\/\",\"url\":\"https:\/\/bolting.eu\/en\/shop\/camp-ultimate-reality-piton\/\",\"name\":\"CAMP Ultimate Reality Piton \\\"Rurp\\\" g\u00fcnstig online kaufen | bolting.eu\",\"isPartOf\":{\"@id\":\"https:\/\/bolting.eu\/en\/#website\"},\"primaryImageOfPage\":{\"@id\":\"https:\/\/bolting.eu\/en\/shop\/camp-ultimate-reality-piton\/#primaryimage\"},\"image\":{\"@id\":\"https:\/\/bolting.eu\/en\/shop\/camp-ultimate-reality-piton\/#primaryimage\"},\"thumbnailUrl\":\"https:\/\/bolting.eu\/wp-content\/uploads\/2021\/05\/Camp-Ultimate-Reality-Piton-Rurp-1.jpg\",\"datePublished\":\"2021-05-27T20:35:27+00:00\",\"dateModified\":\"2025-06-13T11:29:04+00:00\",\"description\":\"CAMP ULTIMATE REALITY PITON Rurp beim Kletter Hardwareprofi kaufen \u2705 Trusted Shop \u2705 kostenloser Versand* \u2705 14 Tage R\u00fcckgaberecht \u2705 Co2 neutraler Versand\",\"breadcrumb\":{\"@id\":\"https:\/\/bolting.eu\/en\/shop\/camp-ultimate-reality-piton\/#breadcrumb\"},\"inLanguage\":\"en-US\",\"potentialAction\":[{\"@type\":\"ReadAction\",\"target\":[\"https:\/\/bolting.eu\/en\/shop\/camp-ultimate-reality-piton\/\"]}]},{\"@type\":\"ImageObject\",\"inLanguage\":\"en-US\",\"@id\":\"https:\/\/bolting.eu\/en\/shop\/camp-ultimate-reality-piton\/#primaryimage\",\"url\":\"https:\/\/bolting.eu\/wp-content\/uploads\/2021\/05\/Camp-Ultimate-Reality-Piton-Rurp-1.jpg\",\"contentUrl\":\"https:\/\/bolting.eu\/wp-content\/uploads\/2021\/05\/Camp-Ultimate-Reality-Piton-Rurp-1.jpg\",\"width\":700,\"height\":700,\"caption\":\"Das Bild zeigt den schwarzen Cassin Ultimate Reality Piton mit silberner Drahtschlaufe auf einem wei\u00dfem Quadrat.\"},{\"@type\":\"BreadcrumbList\",\"@id\":\"https:\/\/bolting.eu\/en\/shop\/camp-ultimate-reality-piton\/#breadcrumb\",\"itemListElement\":[{\"@type\":\"ListItem\",\"position\":1,\"name\":\"Shop\",\"item\":\"https:\/\/bolting.eu\/en\/shop\/\"},{\"@type\":\"ListItem\",\"position\":2,\"name\":\"bolting products\",\"item\":\"https:\/\/bolting.eu\/en\/produkt-kategorie\/bolting-products\/\"},{\"@type\":\"ListItem\",\"position\":3,\"name\":\"piton - Normal hook\",\"item\":\"https:\/\/bolting.eu\/en\/produkt-kategorie\/piton-normal-hook\/\"},{\"@type\":\"ListItem\",\"position\":4,\"name\":\"CAMP Ultimate Reality Piton\"}]},{\"@type\":\"WebSite\",\"@id\":\"https:\/\/bolting.eu\/en\/#website\",\"url\":\"https:\/\/bolting.eu\/en\/\",\"name\":\"bolting.eu\",\"description\":\"we make climbs happen\",\"publisher\":{\"@id\":\"https:\/\/bolting.eu\/en\/#organization\"},\"potentialAction\":[{\"@type\":\"SearchAction\",\"target\":{\"@type\":\"EntryPoint\",\"urlTemplate\":\"https:\/\/bolting.eu\/en\/?s={search_term_string}\"},\"query-input\":{\"@type\":\"PropertyValueSpecification\",\"valueRequired\":true,\"valueName\":\"search_term_string\"}}],\"inLanguage\":\"en-US\"},{\"@type\":[\"Organization\",\"Place\",\"SportingGoodsStore\"],\"@id\":\"https:\/\/bolting.eu\/en\/#organization\",\"name\":\"bolting.eu\",\"url\":\"https:\/\/bolting.eu\/en\/\",\"logo\":{\"@id\":\"https:\/\/bolting.eu\/en\/shop\/camp-ultimate-reality-piton\/#local-main-organization-logo\"},\"image\":{\"@id\":\"https:\/\/bolting.eu\/en\/shop\/camp-ultimate-reality-piton\/#local-main-organization-logo\"},\"sameAs\":[\"https:\/\/www.facebook.com\/bolting.eu\",\"https:\/\/www.instagram.com\/bolting.eu\/\"],\"address\":{\"@id\":\"https:\/\/bolting.eu\/en\/shop\/camp-ultimate-reality-piton\/#local-main-place-address\"},\"geo\":{\"@type\":\"GeoCoordinates\",\"latitude\":\"47.264176340396226\",\"longitude\":\"11.380109057672346\"},\"telephone\":[\"+43 699 19083372\"],\"openingHoursSpecification\":[{\"@type\":\"OpeningHoursSpecification\",\"dayOfWeek\":[\"Monday\",\"Wednesday\",\"Friday\"],\"opens\":\"14:00\",\"closes\":\"18:00\"},{\"@type\":\"OpeningHoursSpecification\",\"dayOfWeek\":[\"Tuesday\",\"Thursday\",\"Saturday\",\"Sunday\"],\"opens\":\"00:00\",\"closes\":\"00:00\"}],\"email\":\"office@bolting.eu\",\"vatID\":\"ATU59999728\",\"priceRange\":\"$$\",\"currenciesAccepted\":\"Euro\"},{\"@type\":\"PostalAddress\",\"@id\":\"https:\/\/bolting.eu\/en\/shop\/camp-ultimate-reality-piton\/#local-main-place-address\",\"streetAddress\":\"Fischnalerstra\u00dfe 4\",\"addressLocality\":\"Innsbruck\",\"postalCode\":\"6020\",\"addressRegion\":\"Tirol\",\"addressCountry\":\"AT\"},{\"@type\":\"ImageObject\",\"inLanguage\":\"en-US\",\"@id\":\"https:\/\/bolting.eu\/en\/shop\/camp-ultimate-reality-piton\/#local-main-organization-logo\",\"url\":\"https:\/\/bolting.eu\/wp-content\/uploads\/2019\/09\/bolting-logo.png\",\"contentUrl\":\"https:\/\/bolting.eu\/wp-content\/uploads\/2019\/09\/bolting-logo.png\",\"width\":400,\"height\":211,\"caption\":\"bolting.eu\"}]}<\/script>\n<meta property=\"product:price:amount\" content=\"13.30\" \/>\n<meta property=\"product:price:currency\" content=\"EUR\" \/>\n<meta property=\"og:availability\" content=\"instock\" \/>\n<meta property=\"product:availability\" content=\"instock\" \/>\n<meta property=\"product:retailer_item_id\" content=\"3038\" \/>\n<meta property=\"product:condition\" content=\"new\" \/>\n<meta name=\"geo.placename\" content=\"Innsbruck\" \/>\n<meta name=\"geo.position\" content=\"47.264176340396226;11.380109057672346\" \/>\n<meta name=\"geo.region\" content=\"Austria\" \/>\n<!-- \/ Yoast SEO Premium plugin. -->","yoast_head_json":{"title":"CAMP Ultimate Reality Piton \"Rurp\" g\u00fcnstig online kaufen | bolting.eu","description":"CAMP ULTIMATE REALITY PITON Rurp beim Kletter Hardwareprofi kaufen \u2705 Trusted Shop \u2705 kostenloser Versand* \u2705 14 Tage R\u00fcckgaberecht \u2705 Co2 neutraler Versand","robots":{"index":"index","follow":"follow","max-snippet":"max-snippet:-1","max-image-preview":"max-image-preview:large","max-video-preview":"max-video-preview:-1"},"canonical":"https:\/\/bolting.eu\/en\/shop\/camp-ultimate-reality-piton\/","og_locale":"en_US","og_type":"article","og_title":"CAMP Ultimate Reality Piton","og_description":"CAMP ULTIMATE REALITY PITON Rurp beim Kletter Hardwareprofi kaufen \u2705 Trusted Shop \u2705 kostenloser Versand* \u2705 14 Tage R\u00fcckgaberecht \u2705 Co2 neutraler Versand","og_url":"https:\/\/bolting.eu\/en\/shop\/camp-ultimate-reality-piton\/","og_site_name":"bolting.eu","article_publisher":"https:\/\/www.facebook.com\/bolting.eu","article_modified_time":"2025-06-13T11:29:04+00:00","og_image":[{"width":700,"height":700,"url":"https:\/\/bolting.eu\/wp-content\/uploads\/2021\/05\/Camp-Ultimate-Reality-Piton-Rurp-1.jpg","type":"image\/jpeg"}],"twitter_card":"summary_large_image","twitter_misc":{"Price":"&euro;&nbsp;13,30","Availability":"In stock"},"schema":{"@context":"https:\/\/schema.org","@graph":[{"@type":["WebPage","ItemPage"],"@id":"https:\/\/bolting.eu\/en\/shop\/camp-ultimate-reality-piton\/","url":"https:\/\/bolting.eu\/en\/shop\/camp-ultimate-reality-piton\/","name":"CAMP Ultimate Reality Piton \"Rurp\" g\u00fcnstig online kaufen | bolting.eu","isPartOf":{"@id":"https:\/\/bolting.eu\/en\/#website"},"primaryImageOfPage":{"@id":"https:\/\/bolting.eu\/en\/shop\/camp-ultimate-reality-piton\/#primaryimage"},"image":{"@id":"https:\/\/bolting.eu\/en\/shop\/camp-ultimate-reality-piton\/#primaryimage"},"thumbnailUrl":"https:\/\/bolting.eu\/wp-content\/uploads\/2021\/05\/Camp-Ultimate-Reality-Piton-Rurp-1.jpg","datePublished":"2021-05-27T20:35:27+00:00","dateModified":"2025-06-13T11:29:04+00:00","description":"CAMP ULTIMATE REALITY PITON Rurp beim Kletter Hardwareprofi kaufen \u2705 Trusted Shop \u2705 kostenloser Versand* \u2705 14 Tage R\u00fcckgaberecht \u2705 Co2 neutraler Versand","breadcrumb":{"@id":"https:\/\/bolting.eu\/en\/shop\/camp-ultimate-reality-piton\/#breadcrumb"},"inLanguage":"en-US","potentialAction":[{"@type":"ReadAction","target":["https:\/\/bolting.eu\/en\/shop\/camp-ultimate-reality-piton\/"]}]},{"@type":"ImageObject","inLanguage":"en-US","@id":"https:\/\/bolting.eu\/en\/shop\/camp-ultimate-reality-piton\/#primaryimage","url":"https:\/\/bolting.eu\/wp-content\/uploads\/2021\/05\/Camp-Ultimate-Reality-Piton-Rurp-1.jpg","contentUrl":"https:\/\/bolting.eu\/wp-content\/uploads\/2021\/05\/Camp-Ultimate-Reality-Piton-Rurp-1.jpg","width":700,"height":700,"caption":"Das Bild zeigt den schwarzen Cassin Ultimate Reality Piton mit silberner Drahtschlaufe auf einem wei\u00dfem Quadrat."},{"@type":"BreadcrumbList","@id":"https:\/\/bolting.eu\/en\/shop\/camp-ultimate-reality-piton\/#breadcrumb","itemListElement":[{"@type":"ListItem","position":1,"name":"Shop","item":"https:\/\/bolting.eu\/en\/shop\/"},{"@type":"ListItem","position":2,"name":"bolting products","item":"https:\/\/bolting.eu\/en\/produkt-kategorie\/bolting-products\/"},{"@type":"ListItem","position":3,"name":"piton - Normal hook","item":"https:\/\/bolting.eu\/en\/produkt-kategorie\/piton-normal-hook\/"},{"@type":"ListItem","position":4,"name":"CAMP Ultimate Reality Piton"}]},{"@type":"WebSite","@id":"https:\/\/bolting.eu\/en\/#website","url":"https:\/\/bolting.eu\/en\/","name":"bolting.eu","description":"we make climbs happen","publisher":{"@id":"https:\/\/bolting.eu\/en\/#organization"},"potentialAction":[{"@type":"SearchAction","target":{"@type":"EntryPoint","urlTemplate":"https:\/\/bolting.eu\/en\/?s={search_term_string}"},"query-input":{"@type":"PropertyValueSpecification","valueRequired":true,"valueName":"search_term_string"}}],"inLanguage":"en-US"},{"@type":["Organization","Place","SportingGoodsStore"],"@id":"https:\/\/bolting.eu\/en\/#organization","name":"bolting.eu","url":"https:\/\/bolting.eu\/en\/","logo":{"@id":"https:\/\/bolting.eu\/en\/shop\/camp-ultimate-reality-piton\/#local-main-organization-logo"},"image":{"@id":"https:\/\/bolting.eu\/en\/shop\/camp-ultimate-reality-piton\/#local-main-organization-logo"},"sameAs":["https:\/\/www.facebook.com\/bolting.eu","https:\/\/www.instagram.com\/bolting.eu\/"],"address":{"@id":"https:\/\/bolting.eu\/en\/shop\/camp-ultimate-reality-piton\/#local-main-place-address"},"geo":{"@type":"GeoCoordinates","latitude":"47.264176340396226","longitude":"11.380109057672346"},"telephone":["+43 699 19083372"],"openingHoursSpecification":[{"@type":"OpeningHoursSpecification","dayOfWeek":["Monday","Wednesday","Friday"],"opens":"14:00","closes":"18:00"},{"@type":"OpeningHoursSpecification","dayOfWeek":["Tuesday","Thursday","Saturday","Sunday"],"opens":"00:00","closes":"00:00"}],"email":"office@bolting.eu","vatID":"ATU59999728","priceRange":"$$","currenciesAccepted":"Euro"},{"@type":"PostalAddress","@id":"https:\/\/bolting.eu\/en\/shop\/camp-ultimate-reality-piton\/#local-main-place-address","streetAddress":"Fischnalerstra\u00dfe 4","addressLocality":"Innsbruck","postalCode":"6020","addressRegion":"Tirol","addressCountry":"AT"},{"@type":"ImageObject","inLanguage":"en-US","@id":"https:\/\/bolting.eu\/en\/shop\/camp-ultimate-reality-piton\/#local-main-organization-logo","url":"https:\/\/bolting.eu\/wp-content\/uploads\/2019\/09\/bolting-logo.png","contentUrl":"https:\/\/bolting.eu\/wp-content\/uploads\/2019\/09\/bolting-logo.png","width":400,"height":211,"caption":"bolting.eu"}]},"product_price_amount":"13.30","product_price_currency":"EUR","og_availability":"instock","product_availability":"instock","product_retailer_item_id":"3038","product_condition":"new","geo.placename":"Innsbruck","geo.position":{"lat":"47.264176340396226","long":"11.380109057672346"},"geo.region":"Austria"},"_links":{"self":[{"href":"https:\/\/bolting.eu\/en\/wp-json\/wp\/v2\/product\/8670","targetHints":{"allow":["GET"]}}],"collection":[{"href":"https:\/\/bolting.eu\/en\/wp-json\/wp\/v2\/product"}],"about":[{"href":"https:\/\/bolting.eu\/en\/wp-json\/wp\/v2\/types\/product"}],"replies":[{"embeddable":true,"href":"https:\/\/bolting.eu\/en\/wp-json\/wp\/v2\/comments?post=8670"}],"wp:featuredmedia":[{"embeddable":true,"href":"https:\/\/bolting.eu\/en\/wp-json\/wp\/v2\/media\/8672"}],"wp:attachment":[{"href":"https:\/\/bolting.eu\/en\/wp-json\/wp\/v2\/media?parent=8670"}],"wp:term":[{"taxonomy":"product_brand","embeddable":true,"href":"https:\/\/bolting.eu\/en\/wp-json\/wp\/v2\/product_brand?post=8670"},{"taxonomy":"product_cat","embeddable":true,"href":"https:\/\/bolting.eu\/en\/wp-json\/wp\/v2\/product_cat?post=8670"},{"taxonomy":"product_tag","embeddable":true,"href":"https:\/\/bolting.eu\/en\/wp-json\/wp\/v2\/product_tag?post=8670"}],"curies":[{"name":"wp","href":"https:\/\/api.w.org\/{rel}","templated":true}]}}