{"id":8594,"date":"2021-05-24T10:47:04","date_gmt":"2021-05-24T08:47:04","guid":{"rendered":"https:\/\/bolting.eu\/?post_type=product&#038;p=8594"},"modified":"2026-03-25T18:06:54","modified_gmt":"2026-03-25T17:06:54","slug":"kong-aro-bull-schwerlastschlinge","status":"publish","type":"product","link":"https:\/\/bolting.eu\/en\/shop\/kong-aro-bull-schwerlastschlinge\/","title":{"rendered":"Kong Aro Bull Schwerlastschlinge"},"content":{"rendered":"<p>Die Kong Aro Bull Schwerlastschlinge ist eine ganz besondere <a href=\"https:\/\/bolting.eu\/produkt-kategorie\/kletterausruestung\/bandschlinge\/\">Bandschlinge<\/a>. Denn sie hat einen doppelten Mantel in unterschiedlichen Farben. Jeder Schaden am 1. Mantel wird somit sofort sichtbar. Deswegen wird sie besonders gerne bei H\u00f6henarbeiten und als Baum Klettern Bandschlinge verwendet.<\/p>\n<p>Diese Schwerlast Bandschlinge gibt es bei uns in drei L\u00e4ngen.<\/p>\n<p>Erstens in 80cm. Zweitens in 120cm und drittens in 180cm. Somit ist gew\u00e4hrleistet, dass ihr f\u00fcr jeden Anschlagpunkt die ideale L\u00e4nge kaufen k\u00f6nnt.<\/p>\n<p>Mit den 3.500kg Bruchlast ist diese Schlinge extrem stark. Das liegt am robusten, 25mm breiten Polyamid Material und dem doppelten Mantel.<\/p>\n<h2>Eigenschaften Kong Aro Bull Schwerlastschlinge<\/h2>\n<ul>\n<li>Hersteller: <a href=\"https:\/\/bolting.eu\/produkt-kategorie\/kong\/\">Kong<\/a><\/li>\n<li>Material: Polyamid<\/li>\n<li>L\u00e4ngen: 80cm, 120cm, 180cm<\/li>\n<li>Breite 25mm<\/li>\n<li>Bruchlast: 3.500kg<\/li>\n<li>Normen: EN 354, EN 795<\/li>\n<li>doppelter Mantel<\/li>\n<li>innere Schlinge mit Signalfarbe<\/li>\n<li>jeder Schaden an doppelten Mantel wird sofort sichtbar<\/li>\n<\/ul>\n<h3>Ideale Baum Klettern Bandschlinge<\/h3>\n<p>Diese Schlinge verkaufen wir sehr oft an Baumpfleger. Denn das System mit dem doppelten Mantel ist perfekt f\u00fcr Arboristen.<\/p>\n<p>Die Schlinge selbst ist dabei NICHT als direkte Sicherung des Baumkletterers gedacht. Denn direkte St\u00fcrze in eine statische Schlinge k\u00f6nnen t\u00f6tlich sein!<\/p>\n<p>Die Schwerlastschlinge dient nat\u00fcrlich als Anschlagpunkt f\u00fcr die Seile an denen Baumkletteren auf- und absteigen bzw. sich redundant sichern.<\/p>\n<p>Die drei L\u00e4ngen bieten dabei viele Optionen f\u00fcr \u00c4ste und St\u00e4mme jedes Durchmessers.<\/p>\n<h3>Kong Aro Bull Schwerlastschlinge f\u00fcr H\u00f6henarbeiter<\/h3>\n<p>Ebenso beliebt ist dieses Produkt bei H\u00f6henarbeitern. Auch hier dient die Bandschlinge als Anschlagpunkt auf z.B. Stahltr\u00e4gern sowie B\u00e4umen und Bauwerksteilen.<\/p>\n<p>Durch die EN 795 bzw. EN 354 Norm erf\u00fcllt dieses Produkt alle geforderten Normen. Der doppelte Mantel ist auch hier wieder ein ganz wichtiges Sicherheitsmerkmal zur \u00dcberpr\u00fcfung der Tauglichkeit. Denn optisch wird jeder Schaden sofort sichtbar. Zudem muss auch vor jeder Verwendung die haptische Kontrolle erfolgen.<\/p>\n<h4><strong>Link Tipp Kong Aro Bull Schwerlastschlinge<\/strong><\/h4>\n<p>Hier geht es zum <a href=\"https:\/\/www.kong.it\" target=\"_blank\" rel=\"noopener\">Hersteller<\/a>.<\/p>\n<p>&nbsp;<\/p>\n","protected":false},"excerpt":{"rendered":"<ul>\n<li>Hersteller: Kong<\/li>\n<li>Material: Polyamid<\/li>\n<li>L\u00e4ngen: 80cm, 120cm, 180cm<\/li>\n<li>Breite 25mm<\/li>\n<li>Bruchlast: 3.500kg<\/li>\n<li>Normen: EN 354, EN 795<\/li>\n<li>doppelter Mantel<\/li>\n<li>innere Schlinge mit Signalfarbe<\/li>\n<li>jeder Schaden an doppelten Mantel wird sofort sichtbar<\/li>\n<\/ul>\n","protected":false},"featured_media":8599,"comment_status":"open","ping_status":"closed","template":"","meta":[],"product_brand":[],"product_cat":[29,259,14513,14692],"product_tag":[],"class_list":{"0":"post-8594","1":"product","2":"type-product","3":"status-publish","4":"has-post-thumbnail","6":"product_cat-kletterausruestung","7":"product_cat-bandschlinge","8":"product_cat-industriekletter-ausruestung","9":"product_cat-seilschlingen","11":"first","12":"instock","13":"taxable","14":"shipping-taxable","15":"purchasable","16":"product-type-variable"},"yoast_head":"<!-- This site is optimized with the Yoast SEO Premium plugin v26.9 (Yoast SEO v26.9) - https:\/\/yoast.com\/product\/yoast-seo-premium-wordpress\/ -->\n<title>Kong Aro Bull Schwerlastschlinge Baum Klettern Bandschlinge | bolting.eu<\/title>\n<meta name=\"description\" content=\"Hier findest Du die KONG ARO BULL Schwerlastschlinge bzw. BAUM KLETTERN BANDSCHLINGE mit doppeltem Mantel und 3,5 Tonnen Bruchlast!\" \/>\n<meta name=\"robots\" content=\"index, follow, max-snippet:-1, max-image-preview:large, max-video-preview:-1\" \/>\n<link rel=\"canonical\" href=\"https:\/\/bolting.eu\/en\/shop\/kong-aro-bull-schwerlastschlinge\/\" \/>\n<meta property=\"og:locale\" content=\"en_US\" \/>\n<meta property=\"og:type\" content=\"article\" \/>\n<meta property=\"og:title\" content=\"Kong Aro Bull Schwerlastschlinge\" \/>\n<meta property=\"og:description\" content=\"Hier findest Du die KONG ARO BULL Schwerlastschlinge bzw. BAUM KLETTERN BANDSCHLINGE mit doppeltem Mantel und 3,5 Tonnen Bruchlast!\" \/>\n<meta property=\"og:url\" content=\"https:\/\/bolting.eu\/en\/shop\/kong-aro-bull-schwerlastschlinge\/\" \/>\n<meta property=\"og:site_name\" content=\"bolting.eu\" \/>\n<meta property=\"article:publisher\" content=\"https:\/\/www.facebook.com\/bolting.eu\" \/>\n<meta property=\"article:modified_time\" content=\"2026-03-25T17:06:54+00:00\" \/>\n<meta property=\"og:image\" content=\"https:\/\/bolting.eu\/wp-content\/uploads\/2021\/05\/Kong-Aro-Bull-Schwerlastschlinge-Baum-Klettern-Schlinge-1.jpg\" \/>\n\t<meta property=\"og:image:width\" content=\"700\" \/>\n\t<meta property=\"og:image:height\" content=\"700\" \/>\n\t<meta property=\"og:image:type\" content=\"image\/jpeg\" \/>\n<meta name=\"twitter:card\" content=\"summary_large_image\" \/>\n<meta name=\"twitter:label1\" content=\"Availability\" \/>\n\t<meta name=\"twitter:data1\" content=\"In stock\" \/>\n<script type=\"application\/ld+json\" class=\"yoast-schema-graph\">{\"@context\":\"https:\/\/schema.org\",\"@graph\":[{\"@type\":[\"WebPage\",\"ItemPage\"],\"@id\":\"https:\/\/bolting.eu\/en\/shop\/kong-aro-bull-schwerlastschlinge\/\",\"url\":\"https:\/\/bolting.eu\/en\/shop\/kong-aro-bull-schwerlastschlinge\/\",\"name\":\"Kong Aro Bull Schwerlastschlinge Baum Klettern Bandschlinge | bolting.eu\",\"isPartOf\":{\"@id\":\"https:\/\/bolting.eu\/en\/#website\"},\"primaryImageOfPage\":{\"@id\":\"https:\/\/bolting.eu\/en\/shop\/kong-aro-bull-schwerlastschlinge\/#primaryimage\"},\"image\":{\"@id\":\"https:\/\/bolting.eu\/en\/shop\/kong-aro-bull-schwerlastschlinge\/#primaryimage\"},\"thumbnailUrl\":\"https:\/\/bolting.eu\/wp-content\/uploads\/2021\/05\/Kong-Aro-Bull-Schwerlastschlinge-Baum-Klettern-Schlinge-1.jpg\",\"datePublished\":\"2021-05-24T08:47:04+00:00\",\"dateModified\":\"2026-03-25T17:06:54+00:00\",\"description\":\"Hier findest Du die KONG ARO BULL Schwerlastschlinge bzw. BAUM KLETTERN BANDSCHLINGE mit doppeltem Mantel und 3,5 Tonnen Bruchlast!\",\"breadcrumb\":{\"@id\":\"https:\/\/bolting.eu\/en\/shop\/kong-aro-bull-schwerlastschlinge\/#breadcrumb\"},\"inLanguage\":\"en-US\",\"potentialAction\":[{\"@type\":\"ReadAction\",\"target\":[\"https:\/\/bolting.eu\/en\/shop\/kong-aro-bull-schwerlastschlinge\/\"]}]},{\"@type\":\"ImageObject\",\"inLanguage\":\"en-US\",\"@id\":\"https:\/\/bolting.eu\/en\/shop\/kong-aro-bull-schwerlastschlinge\/#primaryimage\",\"url\":\"https:\/\/bolting.eu\/wp-content\/uploads\/2021\/05\/Kong-Aro-Bull-Schwerlastschlinge-Baum-Klettern-Schlinge-1.jpg\",\"contentUrl\":\"https:\/\/bolting.eu\/wp-content\/uploads\/2021\/05\/Kong-Aro-Bull-Schwerlastschlinge-Baum-Klettern-Schlinge-1.jpg\",\"width\":700,\"height\":700,\"caption\":\"Das Bild zeigt drei Kong Aro Bull Schwerlastschlinge - Baum Klettern Bandschlinge Modelle in den Farben gelb, schwarz und rot.\"},{\"@type\":\"BreadcrumbList\",\"@id\":\"https:\/\/bolting.eu\/en\/shop\/kong-aro-bull-schwerlastschlinge\/#breadcrumb\",\"itemListElement\":[{\"@type\":\"ListItem\",\"position\":1,\"name\":\"Shop\",\"item\":\"https:\/\/bolting.eu\/en\/shop\/\"},{\"@type\":\"ListItem\",\"position\":2,\"name\":\"Industrial climbing gear\",\"item\":\"https:\/\/bolting.eu\/en\/produkt-kategorie\/industrial-climbing-gear\/\"},{\"@type\":\"ListItem\",\"position\":3,\"name\":\"Seilschlingen\",\"item\":\"https:\/\/bolting.eu\/produkt-kategorie\/industriekletter-ausruestung\/seilschlingen\/\"},{\"@type\":\"ListItem\",\"position\":4,\"name\":\"Kong Aro Bull Schwerlastschlinge\"}]},{\"@type\":\"WebSite\",\"@id\":\"https:\/\/bolting.eu\/en\/#website\",\"url\":\"https:\/\/bolting.eu\/en\/\",\"name\":\"bolting.eu\",\"description\":\"we make climbs happen\",\"publisher\":{\"@id\":\"https:\/\/bolting.eu\/en\/#organization\"},\"potentialAction\":[{\"@type\":\"SearchAction\",\"target\":{\"@type\":\"EntryPoint\",\"urlTemplate\":\"https:\/\/bolting.eu\/en\/?s={search_term_string}\"},\"query-input\":{\"@type\":\"PropertyValueSpecification\",\"valueRequired\":true,\"valueName\":\"search_term_string\"}}],\"inLanguage\":\"en-US\"},{\"@type\":[\"Organization\",\"Place\",\"SportingGoodsStore\"],\"@id\":\"https:\/\/bolting.eu\/en\/#organization\",\"name\":\"bolting.eu\",\"url\":\"https:\/\/bolting.eu\/en\/\",\"logo\":{\"@id\":\"https:\/\/bolting.eu\/en\/shop\/kong-aro-bull-schwerlastschlinge\/#local-main-organization-logo\"},\"image\":{\"@id\":\"https:\/\/bolting.eu\/en\/shop\/kong-aro-bull-schwerlastschlinge\/#local-main-organization-logo\"},\"sameAs\":[\"https:\/\/www.facebook.com\/bolting.eu\",\"https:\/\/www.instagram.com\/bolting.eu\/\"],\"address\":{\"@id\":\"https:\/\/bolting.eu\/en\/shop\/kong-aro-bull-schwerlastschlinge\/#local-main-place-address\"},\"geo\":{\"@type\":\"GeoCoordinates\",\"latitude\":\"47.264176340396226\",\"longitude\":\"11.380109057672346\"},\"telephone\":[\"+43 699 19083372\"],\"openingHoursSpecification\":[{\"@type\":\"OpeningHoursSpecification\",\"dayOfWeek\":[\"Monday\",\"Wednesday\",\"Friday\"],\"opens\":\"14:00\",\"closes\":\"18:00\"},{\"@type\":\"OpeningHoursSpecification\",\"dayOfWeek\":[\"Tuesday\",\"Thursday\",\"Saturday\",\"Sunday\"],\"opens\":\"00:00\",\"closes\":\"00:00\"}],\"email\":\"office@bolting.eu\",\"vatID\":\"ATU59999728\",\"priceRange\":\"$$\",\"currenciesAccepted\":\"Euro\"},{\"@type\":\"PostalAddress\",\"@id\":\"https:\/\/bolting.eu\/en\/shop\/kong-aro-bull-schwerlastschlinge\/#local-main-place-address\",\"streetAddress\":\"Fischnalerstra\u00dfe 4\",\"addressLocality\":\"Innsbruck\",\"postalCode\":\"6020\",\"addressRegion\":\"Tirol\",\"addressCountry\":\"AT\"},{\"@type\":\"ImageObject\",\"inLanguage\":\"en-US\",\"@id\":\"https:\/\/bolting.eu\/en\/shop\/kong-aro-bull-schwerlastschlinge\/#local-main-organization-logo\",\"url\":\"https:\/\/bolting.eu\/wp-content\/uploads\/2019\/09\/bolting-logo.png\",\"contentUrl\":\"https:\/\/bolting.eu\/wp-content\/uploads\/2019\/09\/bolting-logo.png\",\"width\":400,\"height\":211,\"caption\":\"bolting.eu\"}]}<\/script>\n<meta property=\"og:availability\" content=\"instock\" \/>\n<meta property=\"product:availability\" content=\"instock\" \/>\n<meta property=\"product:condition\" content=\"new\" \/>\n<meta name=\"geo.placename\" content=\"Innsbruck\" \/>\n<meta name=\"geo.position\" content=\"47.264176340396226;11.380109057672346\" \/>\n<meta name=\"geo.region\" content=\"Austria\" \/>\n<!-- \/ Yoast SEO Premium plugin. -->","yoast_head_json":{"title":"Kong Aro Bull Schwerlastschlinge Baum Klettern Bandschlinge | bolting.eu","description":"Hier findest Du die KONG ARO BULL Schwerlastschlinge bzw. BAUM KLETTERN BANDSCHLINGE mit doppeltem Mantel und 3,5 Tonnen Bruchlast!","robots":{"index":"index","follow":"follow","max-snippet":"max-snippet:-1","max-image-preview":"max-image-preview:large","max-video-preview":"max-video-preview:-1"},"canonical":"https:\/\/bolting.eu\/en\/shop\/kong-aro-bull-schwerlastschlinge\/","og_locale":"en_US","og_type":"article","og_title":"Kong Aro Bull Schwerlastschlinge","og_description":"Hier findest Du die KONG ARO BULL Schwerlastschlinge bzw. BAUM KLETTERN BANDSCHLINGE mit doppeltem Mantel und 3,5 Tonnen Bruchlast!","og_url":"https:\/\/bolting.eu\/en\/shop\/kong-aro-bull-schwerlastschlinge\/","og_site_name":"bolting.eu","article_publisher":"https:\/\/www.facebook.com\/bolting.eu","article_modified_time":"2026-03-25T17:06:54+00:00","og_image":[{"width":700,"height":700,"url":"https:\/\/bolting.eu\/wp-content\/uploads\/2021\/05\/Kong-Aro-Bull-Schwerlastschlinge-Baum-Klettern-Schlinge-1.jpg","type":"image\/jpeg"}],"twitter_card":"summary_large_image","twitter_misc":{"Availability":"In stock"},"schema":{"@context":"https:\/\/schema.org","@graph":[{"@type":["WebPage","ItemPage"],"@id":"https:\/\/bolting.eu\/en\/shop\/kong-aro-bull-schwerlastschlinge\/","url":"https:\/\/bolting.eu\/en\/shop\/kong-aro-bull-schwerlastschlinge\/","name":"Kong Aro Bull Schwerlastschlinge Baum Klettern Bandschlinge | bolting.eu","isPartOf":{"@id":"https:\/\/bolting.eu\/en\/#website"},"primaryImageOfPage":{"@id":"https:\/\/bolting.eu\/en\/shop\/kong-aro-bull-schwerlastschlinge\/#primaryimage"},"image":{"@id":"https:\/\/bolting.eu\/en\/shop\/kong-aro-bull-schwerlastschlinge\/#primaryimage"},"thumbnailUrl":"https:\/\/bolting.eu\/wp-content\/uploads\/2021\/05\/Kong-Aro-Bull-Schwerlastschlinge-Baum-Klettern-Schlinge-1.jpg","datePublished":"2021-05-24T08:47:04+00:00","dateModified":"2026-03-25T17:06:54+00:00","description":"Hier findest Du die KONG ARO BULL Schwerlastschlinge bzw. BAUM KLETTERN BANDSCHLINGE mit doppeltem Mantel und 3,5 Tonnen Bruchlast!","breadcrumb":{"@id":"https:\/\/bolting.eu\/en\/shop\/kong-aro-bull-schwerlastschlinge\/#breadcrumb"},"inLanguage":"en-US","potentialAction":[{"@type":"ReadAction","target":["https:\/\/bolting.eu\/en\/shop\/kong-aro-bull-schwerlastschlinge\/"]}]},{"@type":"ImageObject","inLanguage":"en-US","@id":"https:\/\/bolting.eu\/en\/shop\/kong-aro-bull-schwerlastschlinge\/#primaryimage","url":"https:\/\/bolting.eu\/wp-content\/uploads\/2021\/05\/Kong-Aro-Bull-Schwerlastschlinge-Baum-Klettern-Schlinge-1.jpg","contentUrl":"https:\/\/bolting.eu\/wp-content\/uploads\/2021\/05\/Kong-Aro-Bull-Schwerlastschlinge-Baum-Klettern-Schlinge-1.jpg","width":700,"height":700,"caption":"Das Bild zeigt drei Kong Aro Bull Schwerlastschlinge - Baum Klettern Bandschlinge Modelle in den Farben gelb, schwarz und rot."},{"@type":"BreadcrumbList","@id":"https:\/\/bolting.eu\/en\/shop\/kong-aro-bull-schwerlastschlinge\/#breadcrumb","itemListElement":[{"@type":"ListItem","position":1,"name":"Shop","item":"https:\/\/bolting.eu\/en\/shop\/"},{"@type":"ListItem","position":2,"name":"Industrial climbing gear","item":"https:\/\/bolting.eu\/en\/produkt-kategorie\/industrial-climbing-gear\/"},{"@type":"ListItem","position":3,"name":"Seilschlingen","item":"https:\/\/bolting.eu\/produkt-kategorie\/industriekletter-ausruestung\/seilschlingen\/"},{"@type":"ListItem","position":4,"name":"Kong Aro Bull Schwerlastschlinge"}]},{"@type":"WebSite","@id":"https:\/\/bolting.eu\/en\/#website","url":"https:\/\/bolting.eu\/en\/","name":"bolting.eu","description":"we make climbs happen","publisher":{"@id":"https:\/\/bolting.eu\/en\/#organization"},"potentialAction":[{"@type":"SearchAction","target":{"@type":"EntryPoint","urlTemplate":"https:\/\/bolting.eu\/en\/?s={search_term_string}"},"query-input":{"@type":"PropertyValueSpecification","valueRequired":true,"valueName":"search_term_string"}}],"inLanguage":"en-US"},{"@type":["Organization","Place","SportingGoodsStore"],"@id":"https:\/\/bolting.eu\/en\/#organization","name":"bolting.eu","url":"https:\/\/bolting.eu\/en\/","logo":{"@id":"https:\/\/bolting.eu\/en\/shop\/kong-aro-bull-schwerlastschlinge\/#local-main-organization-logo"},"image":{"@id":"https:\/\/bolting.eu\/en\/shop\/kong-aro-bull-schwerlastschlinge\/#local-main-organization-logo"},"sameAs":["https:\/\/www.facebook.com\/bolting.eu","https:\/\/www.instagram.com\/bolting.eu\/"],"address":{"@id":"https:\/\/bolting.eu\/en\/shop\/kong-aro-bull-schwerlastschlinge\/#local-main-place-address"},"geo":{"@type":"GeoCoordinates","latitude":"47.264176340396226","longitude":"11.380109057672346"},"telephone":["+43 699 19083372"],"openingHoursSpecification":[{"@type":"OpeningHoursSpecification","dayOfWeek":["Monday","Wednesday","Friday"],"opens":"14:00","closes":"18:00"},{"@type":"OpeningHoursSpecification","dayOfWeek":["Tuesday","Thursday","Saturday","Sunday"],"opens":"00:00","closes":"00:00"}],"email":"office@bolting.eu","vatID":"ATU59999728","priceRange":"$$","currenciesAccepted":"Euro"},{"@type":"PostalAddress","@id":"https:\/\/bolting.eu\/en\/shop\/kong-aro-bull-schwerlastschlinge\/#local-main-place-address","streetAddress":"Fischnalerstra\u00dfe 4","addressLocality":"Innsbruck","postalCode":"6020","addressRegion":"Tirol","addressCountry":"AT"},{"@type":"ImageObject","inLanguage":"en-US","@id":"https:\/\/bolting.eu\/en\/shop\/kong-aro-bull-schwerlastschlinge\/#local-main-organization-logo","url":"https:\/\/bolting.eu\/wp-content\/uploads\/2019\/09\/bolting-logo.png","contentUrl":"https:\/\/bolting.eu\/wp-content\/uploads\/2019\/09\/bolting-logo.png","width":400,"height":211,"caption":"bolting.eu"}]},"og_availability":"instock","product_availability":"instock","product_condition":"new","geo.placename":"Innsbruck","geo.position":{"lat":"47.264176340396226","long":"11.380109057672346"},"geo.region":"Austria"},"_links":{"self":[{"href":"https:\/\/bolting.eu\/en\/wp-json\/wp\/v2\/product\/8594","targetHints":{"allow":["GET"]}}],"collection":[{"href":"https:\/\/bolting.eu\/en\/wp-json\/wp\/v2\/product"}],"about":[{"href":"https:\/\/bolting.eu\/en\/wp-json\/wp\/v2\/types\/product"}],"replies":[{"embeddable":true,"href":"https:\/\/bolting.eu\/en\/wp-json\/wp\/v2\/comments?post=8594"}],"wp:featuredmedia":[{"embeddable":true,"href":"https:\/\/bolting.eu\/en\/wp-json\/wp\/v2\/media\/8599"}],"wp:attachment":[{"href":"https:\/\/bolting.eu\/en\/wp-json\/wp\/v2\/media?parent=8594"}],"wp:term":[{"taxonomy":"product_brand","embeddable":true,"href":"https:\/\/bolting.eu\/en\/wp-json\/wp\/v2\/product_brand?post=8594"},{"taxonomy":"product_cat","embeddable":true,"href":"https:\/\/bolting.eu\/en\/wp-json\/wp\/v2\/product_cat?post=8594"},{"taxonomy":"product_tag","embeddable":true,"href":"https:\/\/bolting.eu\/en\/wp-json\/wp\/v2\/product_tag?post=8594"}],"curies":[{"name":"wp","href":"https:\/\/api.w.org\/{rel}","templated":true}]}}