{"id":8564,"date":"2021-05-22T11:02:39","date_gmt":"2021-05-22T09:02:39","guid":{"rendered":"https:\/\/bolting.eu\/?post_type=product&#038;p=8564"},"modified":"2026-01-26T16:55:07","modified_gmt":"2026-01-26T15:55:07","slug":"kong-anchor-kit","status":"publish","type":"product","link":"https:\/\/bolting.eu\/en\/shop\/kong-anchor-kit\/","title":{"rendered":"Kong Anchor Kit"},"content":{"rendered":"<p>Beim Kong Anchor Kit handelt es sich um ein EN 959 zertifiziertes Anschlagpunkt Set. Dieses besteht aus einem <a href=\"https:\/\/bolting.eu\/produkt-kategorie\/einbohrartikel\/bohrhaken\/\">Bohrhaken<\/a> und dazugeh\u00f6riger Bohrhakenlasche.<\/p>\n<p>Dieses Produkt ist in zwei Dimensionen erh\u00e4ltlich. Zum einen mit klassischem 10mm Bohrhaken (70mm L\u00e4nge). Und zum anderen mit st\u00e4rkerem 12mm Bohrhaken (90mm L\u00e4nge).<\/p>\n<p>Wir haben den Kit f\u00fcr zwei Zielgruppen in unserem Sortiment. Erstens f\u00fcr Profi H\u00f6henarbeiter, welche ausschlie\u00dflich die entsprechend genormten Ausr\u00fcstung verwenden. Und zweitens qualit\u00e4tsbewusste Erschlie\u00dfer bzw. Klettergartenhalter die unbedingt die <a href=\"https:\/\/bolting.eu\/en-959-uiaa-123-bohrhaken-norm\/\">EN 959<\/a> Zertifizierung brauchen.<\/p>\n<p>Folglich besteht der Kong Anchor Kit aus AISI 316L Edelstahl mit der UIAA Korrosionsklasse 2. D.h. bestens geeignet f\u00fcr den Outdoor Bereich im Alpenraum.<\/p>\n<p>Kurzum. Wer ein En 959 zertifizierte Bohrhaken &#8211; Laschen Kombi ben\u00f6tigt, ist hier genau richtig.<\/p>\n<h2>Eigenschaften Kong Anchor Kit<\/h2>\n<ul>\n<li>Hersteller: <a href=\"https:\/\/bolting.eu\/produkt-kategorie\/kong\/\">Kong<\/a><\/li>\n<li>Material: AISI 316L Edelstahl<\/li>\n<li>10 x 70mm Bohrhaken + Lasche<\/li>\n<li>12 x 90mm Bohrhaken + Lasche<\/li>\n<li>Gewicht: 92 Gramm bzw. 132 Gramm<\/li>\n<li>Normen: EN 795 \/ B, EN 959<\/li>\n<li>ideal f\u00fcr H\u00f6henarbeiten mit zertifizierten Materialien<\/li>\n<li>ideal f\u00fcr Klettergartenhalter<\/li>\n<\/ul>\n<h3>EN 959 zertifiziert<\/h3>\n<p>Der Kong Anchor Kit ist wie bereits erw\u00e4hnt ideal f\u00fcr zwei Zielgruppen.<\/p>\n<p>Erstens f\u00fcr H\u00f6henarbeiter die streng nach Standards wie IRATA arbeiten und nur zertifiziertes Material verwenden. Hier ist dieser Kit eine ideale L\u00f6sung f\u00fcr alle Fixpunkte im Fels.<\/p>\n<p>Zweitens ist der Kit auch perfekt f\u00fcr alle Klettergartenhalter die ihr rechtliches Risiko mindern wollen. Denn in \u00d6sterreich darf die Verwendung von sowohl Edelstahl als auch die EN 959 als Standard bezeichnet werden.<\/p>\n<h3>Kong Anchor Kit &#8211; Achtung beim Warten<\/h3>\n<p>Wer an dieser Kombination eine Wartung durchf\u00fchrt, muss Obacht geben.<\/p>\n<p>Wie z.B. beim Nachbesetzen von abgefallenen Muttern und \/ oder Beilagscheiben. Ebenso Acht zu geben ist wenn auch die Lasche fehlt. Denn in allen F\u00e4llen m\u00fcsst ihr dann mit A4 Stahl Komponenten nachbesetzen!<\/p>\n<p>Nur wenn man die selbe Stahlqualit\u00e4t verwendet, vermeidet man die galvanische Korrision!<\/p>\n<h4><strong>Link Tipp<\/strong><\/h4>\n<p>Hier geht es zum <a href=\"https:\/\/www.kong.it\" target=\"_blank\" rel=\"noopener\">Hersteller<\/a><\/p>\n","protected":false},"excerpt":{"rendered":"<ul>\n<li>Hersteller: Kong<\/li>\n<li>Material: AISI 316L Edelstahl<\/li>\n<li>10 x 70mm Bohrhaken + Lasche<\/li>\n<li>12 x 90mm Bohrhaken + Lasche<\/li>\n<li>Gewicht: 92 Gramm bzw. 132 Gramm<\/li>\n<li>Normen: EN 795 \/ B, EN 959<\/li>\n<li>ideal f\u00fcr H\u00f6henarbeiten mit zertifizierten Materialien<\/li>\n<li>ideal f\u00fcr Klettergartenhalter<\/li>\n<\/ul>\n","protected":false},"featured_media":8566,"comment_status":"open","ping_status":"closed","template":"","meta":[],"product_brand":[],"product_cat":[14843,14841,14791,14793,14842,14823],"product_tag":[],"class_list":{"0":"post-8564","1":"product","2":"type-product","3":"status-publish","4":"has-post-thumbnail","6":"product_cat-lifting-gear","7":"product_cat-expansion-bolt","8":"product_cat-bolt-hanger","9":"product_cat-bolting-products","10":"product_cat-industrial-climbing-gear","11":"product_cat-kong-en","13":"first","14":"instock","15":"taxable","16":"shipping-taxable","17":"purchasable","18":"product-type-variable"},"yoast_head":"<!-- This site is optimized with the Yoast SEO Premium plugin v26.9 (Yoast SEO v26.9) - https:\/\/yoast.com\/product\/yoast-seo-premium-wordpress\/ -->\n<title>Kong Anchor Kit - Bohrhaken + Lasche AISI 316L | bolting.eu<\/title>\n<meta name=\"description\" content=\"Hier findest Du den KONG ANCHOR KIT. Eine Kombi aus 10 x 70mm Bohrhaken bzw. 12 x 90mm Bohrhaken mit passender Lasche ais Edelstahl!\" \/>\n<meta name=\"robots\" content=\"index, follow, max-snippet:-1, max-image-preview:large, max-video-preview:-1\" \/>\n<link rel=\"canonical\" href=\"https:\/\/bolting.eu\/en\/shop\/kong-anchor-kit\/\" \/>\n<meta property=\"og:locale\" content=\"en_US\" \/>\n<meta property=\"og:type\" content=\"article\" \/>\n<meta property=\"og:title\" content=\"Kong Anchor Kit\" \/>\n<meta property=\"og:description\" content=\"Hier findest Du den KONG ANCHOR KIT. Eine Kombi aus 10 x 70mm Bohrhaken bzw. 12 x 90mm Bohrhaken mit passender Lasche ais Edelstahl!\" \/>\n<meta property=\"og:url\" content=\"https:\/\/bolting.eu\/en\/shop\/kong-anchor-kit\/\" \/>\n<meta property=\"og:site_name\" content=\"bolting.eu\" \/>\n<meta property=\"article:publisher\" content=\"https:\/\/www.facebook.com\/bolting.eu\" \/>\n<meta property=\"article:modified_time\" content=\"2026-01-26T15:55:07+00:00\" \/>\n<meta property=\"og:image\" content=\"https:\/\/bolting.eu\/wp-content\/uploads\/2021\/05\/Kong-Anchor-Kit-12mm.jpg\" \/>\n\t<meta property=\"og:image:width\" content=\"700\" \/>\n\t<meta property=\"og:image:height\" content=\"700\" \/>\n\t<meta property=\"og:image:type\" content=\"image\/jpeg\" \/>\n<meta name=\"twitter:card\" content=\"summary_large_image\" \/>\n<meta name=\"twitter:label1\" content=\"Availability\" \/>\n\t<meta name=\"twitter:data1\" content=\"In stock\" \/>\n<script type=\"application\/ld+json\" class=\"yoast-schema-graph\">{\"@context\":\"https:\/\/schema.org\",\"@graph\":[{\"@type\":[\"WebPage\",\"ItemPage\"],\"@id\":\"https:\/\/bolting.eu\/en\/shop\/kong-anchor-kit\/\",\"url\":\"https:\/\/bolting.eu\/en\/shop\/kong-anchor-kit\/\",\"name\":\"Kong Anchor Kit - Bohrhaken + Lasche AISI 316L | bolting.eu\",\"isPartOf\":{\"@id\":\"https:\/\/bolting.eu\/en\/#website\"},\"primaryImageOfPage\":{\"@id\":\"https:\/\/bolting.eu\/en\/shop\/kong-anchor-kit\/#primaryimage\"},\"image\":{\"@id\":\"https:\/\/bolting.eu\/en\/shop\/kong-anchor-kit\/#primaryimage\"},\"thumbnailUrl\":\"https:\/\/bolting.eu\/wp-content\/uploads\/2021\/05\/Kong-Anchor-Kit-12mm.jpg\",\"datePublished\":\"2021-05-22T09:02:39+00:00\",\"dateModified\":\"2026-01-26T15:55:07+00:00\",\"description\":\"Hier findest Du den KONG ANCHOR KIT. Eine Kombi aus 10 x 70mm Bohrhaken bzw. 12 x 90mm Bohrhaken mit passender Lasche ais Edelstahl!\",\"breadcrumb\":{\"@id\":\"https:\/\/bolting.eu\/en\/shop\/kong-anchor-kit\/#breadcrumb\"},\"inLanguage\":\"en-US\",\"potentialAction\":[{\"@type\":\"ReadAction\",\"target\":[\"https:\/\/bolting.eu\/en\/shop\/kong-anchor-kit\/\"]}]},{\"@type\":\"ImageObject\",\"inLanguage\":\"en-US\",\"@id\":\"https:\/\/bolting.eu\/en\/shop\/kong-anchor-kit\/#primaryimage\",\"url\":\"https:\/\/bolting.eu\/wp-content\/uploads\/2021\/05\/Kong-Anchor-Kit-12mm.jpg\",\"contentUrl\":\"https:\/\/bolting.eu\/wp-content\/uploads\/2021\/05\/Kong-Anchor-Kit-12mm.jpg\",\"width\":700,\"height\":700,\"caption\":\"Das Bild zeigt den silbernen Kong Anchor Kit, einen Bohrhaken mit montierter Bohrhakenlasche.\"},{\"@type\":\"BreadcrumbList\",\"@id\":\"https:\/\/bolting.eu\/en\/shop\/kong-anchor-kit\/#breadcrumb\",\"itemListElement\":[{\"@type\":\"ListItem\",\"position\":1,\"name\":\"Shop\",\"item\":\"https:\/\/bolting.eu\/en\/shop\/\"},{\"@type\":\"ListItem\",\"position\":2,\"name\":\"bolting products\",\"item\":\"https:\/\/bolting.eu\/en\/produkt-kategorie\/bolting-products\/\"},{\"@type\":\"ListItem\",\"position\":3,\"name\":\"expansion bolt\",\"item\":\"https:\/\/bolting.eu\/en\/produkt-kategorie\/expansion-bolt\/\"},{\"@type\":\"ListItem\",\"position\":4,\"name\":\"Kong Anchor Kit\"}]},{\"@type\":\"WebSite\",\"@id\":\"https:\/\/bolting.eu\/en\/#website\",\"url\":\"https:\/\/bolting.eu\/en\/\",\"name\":\"bolting.eu\",\"description\":\"we make climbs happen\",\"publisher\":{\"@id\":\"https:\/\/bolting.eu\/en\/#organization\"},\"potentialAction\":[{\"@type\":\"SearchAction\",\"target\":{\"@type\":\"EntryPoint\",\"urlTemplate\":\"https:\/\/bolting.eu\/en\/?s={search_term_string}\"},\"query-input\":{\"@type\":\"PropertyValueSpecification\",\"valueRequired\":true,\"valueName\":\"search_term_string\"}}],\"inLanguage\":\"en-US\"},{\"@type\":[\"Organization\",\"Place\",\"SportingGoodsStore\"],\"@id\":\"https:\/\/bolting.eu\/en\/#organization\",\"name\":\"bolting.eu\",\"url\":\"https:\/\/bolting.eu\/en\/\",\"logo\":{\"@id\":\"https:\/\/bolting.eu\/en\/shop\/kong-anchor-kit\/#local-main-organization-logo\"},\"image\":{\"@id\":\"https:\/\/bolting.eu\/en\/shop\/kong-anchor-kit\/#local-main-organization-logo\"},\"sameAs\":[\"https:\/\/www.facebook.com\/bolting.eu\",\"https:\/\/www.instagram.com\/bolting.eu\/\"],\"address\":{\"@id\":\"https:\/\/bolting.eu\/en\/shop\/kong-anchor-kit\/#local-main-place-address\"},\"geo\":{\"@type\":\"GeoCoordinates\",\"latitude\":\"47.264176340396226\",\"longitude\":\"11.380109057672346\"},\"telephone\":[\"+43 699 19083372\"],\"openingHoursSpecification\":[{\"@type\":\"OpeningHoursSpecification\",\"dayOfWeek\":[\"Monday\",\"Wednesday\",\"Friday\"],\"opens\":\"14:00\",\"closes\":\"18:00\"},{\"@type\":\"OpeningHoursSpecification\",\"dayOfWeek\":[\"Tuesday\",\"Thursday\",\"Saturday\",\"Sunday\"],\"opens\":\"00:00\",\"closes\":\"00:00\"}],\"email\":\"office@bolting.eu\",\"vatID\":\"ATU59999728\",\"priceRange\":\"$$\",\"currenciesAccepted\":\"Euro\"},{\"@type\":\"PostalAddress\",\"@id\":\"https:\/\/bolting.eu\/en\/shop\/kong-anchor-kit\/#local-main-place-address\",\"streetAddress\":\"Fischnalerstra\u00dfe 4\",\"addressLocality\":\"Innsbruck\",\"postalCode\":\"6020\",\"addressRegion\":\"Tirol\",\"addressCountry\":\"AT\"},{\"@type\":\"ImageObject\",\"inLanguage\":\"en-US\",\"@id\":\"https:\/\/bolting.eu\/en\/shop\/kong-anchor-kit\/#local-main-organization-logo\",\"url\":\"https:\/\/bolting.eu\/wp-content\/uploads\/2019\/09\/bolting-logo.png\",\"contentUrl\":\"https:\/\/bolting.eu\/wp-content\/uploads\/2019\/09\/bolting-logo.png\",\"width\":400,\"height\":211,\"caption\":\"bolting.eu\"}]}<\/script>\n<meta property=\"og:availability\" content=\"instock\" \/>\n<meta property=\"product:availability\" content=\"instock\" \/>\n<meta property=\"product:condition\" content=\"new\" \/>\n<meta name=\"geo.placename\" content=\"Innsbruck\" \/>\n<meta name=\"geo.position\" content=\"47.264176340396226;11.380109057672346\" \/>\n<meta name=\"geo.region\" content=\"Austria\" \/>\n<!-- \/ Yoast SEO Premium plugin. -->","yoast_head_json":{"title":"Kong Anchor Kit - Bohrhaken + Lasche AISI 316L | bolting.eu","description":"Hier findest Du den KONG ANCHOR KIT. Eine Kombi aus 10 x 70mm Bohrhaken bzw. 12 x 90mm Bohrhaken mit passender Lasche ais Edelstahl!","robots":{"index":"index","follow":"follow","max-snippet":"max-snippet:-1","max-image-preview":"max-image-preview:large","max-video-preview":"max-video-preview:-1"},"canonical":"https:\/\/bolting.eu\/en\/shop\/kong-anchor-kit\/","og_locale":"en_US","og_type":"article","og_title":"Kong Anchor Kit","og_description":"Hier findest Du den KONG ANCHOR KIT. Eine Kombi aus 10 x 70mm Bohrhaken bzw. 12 x 90mm Bohrhaken mit passender Lasche ais Edelstahl!","og_url":"https:\/\/bolting.eu\/en\/shop\/kong-anchor-kit\/","og_site_name":"bolting.eu","article_publisher":"https:\/\/www.facebook.com\/bolting.eu","article_modified_time":"2026-01-26T15:55:07+00:00","og_image":[{"width":700,"height":700,"url":"https:\/\/bolting.eu\/wp-content\/uploads\/2021\/05\/Kong-Anchor-Kit-12mm.jpg","type":"image\/jpeg"}],"twitter_card":"summary_large_image","twitter_misc":{"Availability":"In stock"},"schema":{"@context":"https:\/\/schema.org","@graph":[{"@type":["WebPage","ItemPage"],"@id":"https:\/\/bolting.eu\/en\/shop\/kong-anchor-kit\/","url":"https:\/\/bolting.eu\/en\/shop\/kong-anchor-kit\/","name":"Kong Anchor Kit - Bohrhaken + Lasche AISI 316L | bolting.eu","isPartOf":{"@id":"https:\/\/bolting.eu\/en\/#website"},"primaryImageOfPage":{"@id":"https:\/\/bolting.eu\/en\/shop\/kong-anchor-kit\/#primaryimage"},"image":{"@id":"https:\/\/bolting.eu\/en\/shop\/kong-anchor-kit\/#primaryimage"},"thumbnailUrl":"https:\/\/bolting.eu\/wp-content\/uploads\/2021\/05\/Kong-Anchor-Kit-12mm.jpg","datePublished":"2021-05-22T09:02:39+00:00","dateModified":"2026-01-26T15:55:07+00:00","description":"Hier findest Du den KONG ANCHOR KIT. Eine Kombi aus 10 x 70mm Bohrhaken bzw. 12 x 90mm Bohrhaken mit passender Lasche ais Edelstahl!","breadcrumb":{"@id":"https:\/\/bolting.eu\/en\/shop\/kong-anchor-kit\/#breadcrumb"},"inLanguage":"en-US","potentialAction":[{"@type":"ReadAction","target":["https:\/\/bolting.eu\/en\/shop\/kong-anchor-kit\/"]}]},{"@type":"ImageObject","inLanguage":"en-US","@id":"https:\/\/bolting.eu\/en\/shop\/kong-anchor-kit\/#primaryimage","url":"https:\/\/bolting.eu\/wp-content\/uploads\/2021\/05\/Kong-Anchor-Kit-12mm.jpg","contentUrl":"https:\/\/bolting.eu\/wp-content\/uploads\/2021\/05\/Kong-Anchor-Kit-12mm.jpg","width":700,"height":700,"caption":"Das Bild zeigt den silbernen Kong Anchor Kit, einen Bohrhaken mit montierter Bohrhakenlasche."},{"@type":"BreadcrumbList","@id":"https:\/\/bolting.eu\/en\/shop\/kong-anchor-kit\/#breadcrumb","itemListElement":[{"@type":"ListItem","position":1,"name":"Shop","item":"https:\/\/bolting.eu\/en\/shop\/"},{"@type":"ListItem","position":2,"name":"bolting products","item":"https:\/\/bolting.eu\/en\/produkt-kategorie\/bolting-products\/"},{"@type":"ListItem","position":3,"name":"expansion bolt","item":"https:\/\/bolting.eu\/en\/produkt-kategorie\/expansion-bolt\/"},{"@type":"ListItem","position":4,"name":"Kong Anchor Kit"}]},{"@type":"WebSite","@id":"https:\/\/bolting.eu\/en\/#website","url":"https:\/\/bolting.eu\/en\/","name":"bolting.eu","description":"we make climbs happen","publisher":{"@id":"https:\/\/bolting.eu\/en\/#organization"},"potentialAction":[{"@type":"SearchAction","target":{"@type":"EntryPoint","urlTemplate":"https:\/\/bolting.eu\/en\/?s={search_term_string}"},"query-input":{"@type":"PropertyValueSpecification","valueRequired":true,"valueName":"search_term_string"}}],"inLanguage":"en-US"},{"@type":["Organization","Place","SportingGoodsStore"],"@id":"https:\/\/bolting.eu\/en\/#organization","name":"bolting.eu","url":"https:\/\/bolting.eu\/en\/","logo":{"@id":"https:\/\/bolting.eu\/en\/shop\/kong-anchor-kit\/#local-main-organization-logo"},"image":{"@id":"https:\/\/bolting.eu\/en\/shop\/kong-anchor-kit\/#local-main-organization-logo"},"sameAs":["https:\/\/www.facebook.com\/bolting.eu","https:\/\/www.instagram.com\/bolting.eu\/"],"address":{"@id":"https:\/\/bolting.eu\/en\/shop\/kong-anchor-kit\/#local-main-place-address"},"geo":{"@type":"GeoCoordinates","latitude":"47.264176340396226","longitude":"11.380109057672346"},"telephone":["+43 699 19083372"],"openingHoursSpecification":[{"@type":"OpeningHoursSpecification","dayOfWeek":["Monday","Wednesday","Friday"],"opens":"14:00","closes":"18:00"},{"@type":"OpeningHoursSpecification","dayOfWeek":["Tuesday","Thursday","Saturday","Sunday"],"opens":"00:00","closes":"00:00"}],"email":"office@bolting.eu","vatID":"ATU59999728","priceRange":"$$","currenciesAccepted":"Euro"},{"@type":"PostalAddress","@id":"https:\/\/bolting.eu\/en\/shop\/kong-anchor-kit\/#local-main-place-address","streetAddress":"Fischnalerstra\u00dfe 4","addressLocality":"Innsbruck","postalCode":"6020","addressRegion":"Tirol","addressCountry":"AT"},{"@type":"ImageObject","inLanguage":"en-US","@id":"https:\/\/bolting.eu\/en\/shop\/kong-anchor-kit\/#local-main-organization-logo","url":"https:\/\/bolting.eu\/wp-content\/uploads\/2019\/09\/bolting-logo.png","contentUrl":"https:\/\/bolting.eu\/wp-content\/uploads\/2019\/09\/bolting-logo.png","width":400,"height":211,"caption":"bolting.eu"}]},"og_availability":"instock","product_availability":"instock","product_condition":"new","geo.placename":"Innsbruck","geo.position":{"lat":"47.264176340396226","long":"11.380109057672346"},"geo.region":"Austria"},"_links":{"self":[{"href":"https:\/\/bolting.eu\/en\/wp-json\/wp\/v2\/product\/8564","targetHints":{"allow":["GET"]}}],"collection":[{"href":"https:\/\/bolting.eu\/en\/wp-json\/wp\/v2\/product"}],"about":[{"href":"https:\/\/bolting.eu\/en\/wp-json\/wp\/v2\/types\/product"}],"replies":[{"embeddable":true,"href":"https:\/\/bolting.eu\/en\/wp-json\/wp\/v2\/comments?post=8564"}],"wp:featuredmedia":[{"embeddable":true,"href":"https:\/\/bolting.eu\/en\/wp-json\/wp\/v2\/media\/8566"}],"wp:attachment":[{"href":"https:\/\/bolting.eu\/en\/wp-json\/wp\/v2\/media?parent=8564"}],"wp:term":[{"taxonomy":"product_brand","embeddable":true,"href":"https:\/\/bolting.eu\/en\/wp-json\/wp\/v2\/product_brand?post=8564"},{"taxonomy":"product_cat","embeddable":true,"href":"https:\/\/bolting.eu\/en\/wp-json\/wp\/v2\/product_cat?post=8564"},{"taxonomy":"product_tag","embeddable":true,"href":"https:\/\/bolting.eu\/en\/wp-json\/wp\/v2\/product_tag?post=8564"}],"curies":[{"name":"wp","href":"https:\/\/api.w.org\/{rel}","templated":true}]}}